{"id":11508,"date":"2024-09-05T01:40:23","date_gmt":"2024-09-04T22:40:23","guid":{"rendered":"https:\/\/emtancons.com\/projects-under-construction\/"},"modified":"2026-03-01T21:57:52","modified_gmt":"2026-03-01T18:57:52","slug":"projects-under-construction","status":"publish","type":"page","link":"https:\/\/emtancons.com\/pl\/projects-under-construction\/","title":{"rendered":"Projekty w trakcie realizacji"},"content":{"rendered":"\t\t<div data-elementor-type=\"wp-page\" data-elementor-id=\"11508\" class=\"elementor elementor-11508 elementor-2147\" data-elementor-post-type=\"page\">\n\t\t\t\t\t\t<section class=\"elementor-section elementor-top-section elementor-element elementor-element-f5d25a6 elementor-section-boxed elementor-section-height-default elementor-section-height-default\" data-id=\"f5d25a6\" data-element_type=\"section\" data-e-type=\"section\" data-settings=\"{&quot;background_background&quot;:&quot;classic&quot;}\">\n\t\t\t\t\t\t\t<div class=\"elementor-background-overlay\"><\/div>\n\t\t\t\t\t\t\t<div class=\"elementor-container elementor-column-gap-default\">\n\t\t\t\t\t<div class=\"elementor-column elementor-col-100 elementor-top-column elementor-element elementor-element-134bd66\" data-id=\"134bd66\" data-element_type=\"column\" data-e-type=\"column\">\n\t\t\t<div class=\"elementor-widget-wrap elementor-element-populated\">\n\t\t\t\t\t\t\t<\/div>\n\t\t<\/div>\n\t\t\t\t\t<\/div>\n\t\t<\/section>\n\t\t\t\t<section class=\"elementor-section elementor-inner-section elementor-element elementor-element-19e243b elementor-section-boxed elementor-section-height-default elementor-section-height-default\" data-id=\"19e243b\" data-element_type=\"section\" data-e-type=\"section\">\n\t\t\t\t\t\t<div class=\"elementor-container elementor-column-gap-no\">\n\t\t\t\t\t<div class=\"elementor-column elementor-col-50 elementor-inner-column elementor-element elementor-element-21cd8bd9 elementor-invisible\" data-id=\"21cd8bd9\" data-element_type=\"column\" data-e-type=\"column\" data-settings=\"{&quot;animation&quot;:&quot;fadeInUp&quot;}\">\n\t\t\t<div class=\"elementor-widget-wrap elementor-element-populated\">\n\t\t\t\t\t\t<div class=\"elementor-element elementor-element-3d0cbd15 elementor-widget elementor-widget-elementskit-image-box\" data-id=\"3d0cbd15\" data-element_type=\"widget\" data-e-type=\"widget\" data-widget_type=\"elementskit-image-box.default\">\n\t\t\t\t<div class=\"elementor-widget-container\">\n\t\t\t\t\t<div class=\"ekit-wid-con\" >\n            <div class=\"elementskit-info-image-box ekit-image-box text-center floating-style\" >\n\n                \n                <div class=\"elementskit-box-header image-box-img-center\">\n\n                    <img fetchpriority=\"high\" decoding=\"async\" width=\"1000\" height=\"563\" src=\"https:\/\/emtancons.com\/wp-content\/uploads\/2024\/09\/image-98.jpg\" class=\"attachment-full size-full wp-image-2151\" alt=\"\" srcset=\"https:\/\/emtancons.com\/wp-content\/uploads\/2024\/09\/image-98.jpg 1000w, https:\/\/emtancons.com\/wp-content\/uploads\/2024\/09\/image-98-300x169.jpg 300w, https:\/\/emtancons.com\/wp-content\/uploads\/2024\/09\/image-98-768x432.jpg 768w, https:\/\/emtancons.com\/wp-content\/uploads\/2024\/09\/image-98-350x197.jpg 350w, https:\/\/emtancons.com\/wp-content\/uploads\/2024\/09\/image-98-370x208.jpg 370w, https:\/\/emtancons.com\/wp-content\/uploads\/2024\/09\/image-98-255x144.jpg 255w, https:\/\/emtancons.com\/wp-content\/uploads\/2024\/09\/image-98-285x160.jpg 285w, https:\/\/emtancons.com\/wp-content\/uploads\/2024\/09\/image-98-600x338.jpg 600w, https:\/\/emtancons.com\/wp-content\/uploads\/2024\/09\/image-98-560x315.jpg 560w\" sizes=\"(max-width: 1000px) 100vw, 1000px\" \/>\n                <\/div>\n                \n                <div class=\"elementskit-box-body ekit-image-box-body\">\n                    <div class=\"elementskit-box-content ekit-image-box-body-inner\">\n                                                <h3 class=\"elementskit-info-box-title\">\n\n                        EMTAN SPECTRA\n                        \n                    <\/h3>\n                                                            <div class=\"elementskit-box-style-content\">\n                        <span style=\"color: orange\"><b>LAPTA, G\u0130RNE<\/b><\/span><br>\n\nKliknij, aby uzyska\u0107 szczeg\u00f3\u0142owe informacje.                    <\/div>\n                                    <\/div>\n\n                                <div class=\"elementskit-box-footer\">\n                    <div class=\"box-footer\">\n                        <div class=\"btn-wraper\">\n                                                            <a href=\"https:\/\/emtancons.com\/pl\/emtan-spectra\" class=\"elementskit-btn whitespace--normal\">\n                                    \n                                    \n                                    SPRAWD\u0179 TERAZ                                <\/a>\n                                                        <\/div>\n                    <\/div>\n                <\/div>\n                            <\/div>\n            <\/div>\n    <\/div>\t\t\t\t<\/div>\n\t\t\t\t<\/div>\n\t\t\t\t\t<\/div>\n\t\t<\/div>\n\t\t\t\t<div class=\"elementor-column elementor-col-50 elementor-inner-column elementor-element elementor-element-1f9d7c1 elementor-invisible\" data-id=\"1f9d7c1\" data-element_type=\"column\" data-e-type=\"column\" data-settings=\"{&quot;animation&quot;:&quot;fadeInUp&quot;}\">\n\t\t\t<div class=\"elementor-widget-wrap elementor-element-populated\">\n\t\t\t\t\t\t<div class=\"elementor-element elementor-element-5c505619 elementor-widget elementor-widget-elementskit-image-box\" data-id=\"5c505619\" data-element_type=\"widget\" data-e-type=\"widget\" data-widget_type=\"elementskit-image-box.default\">\n\t\t\t\t<div class=\"elementor-widget-container\">\n\t\t\t\t\t<div class=\"ekit-wid-con\" >\n            <div class=\"elementskit-info-image-box ekit-image-box text-center floating-style\" >\n\n                \n                <div class=\"elementskit-box-header image-box-img-center\">\n\n                    <img decoding=\"async\" width=\"1000\" height=\"563\" src=\"https:\/\/emtancons.com\/wp-content\/uploads\/2024\/09\/image-99.jpg\" class=\"attachment-full size-full wp-image-2150\" alt=\"\" srcset=\"https:\/\/emtancons.com\/wp-content\/uploads\/2024\/09\/image-99.jpg 1000w, https:\/\/emtancons.com\/wp-content\/uploads\/2024\/09\/image-99-300x169.jpg 300w, https:\/\/emtancons.com\/wp-content\/uploads\/2024\/09\/image-99-768x432.jpg 768w, https:\/\/emtancons.com\/wp-content\/uploads\/2024\/09\/image-99-350x197.jpg 350w, https:\/\/emtancons.com\/wp-content\/uploads\/2024\/09\/image-99-370x208.jpg 370w, https:\/\/emtancons.com\/wp-content\/uploads\/2024\/09\/image-99-255x144.jpg 255w, https:\/\/emtancons.com\/wp-content\/uploads\/2024\/09\/image-99-285x160.jpg 285w, https:\/\/emtancons.com\/wp-content\/uploads\/2024\/09\/image-99-600x338.jpg 600w, https:\/\/emtancons.com\/wp-content\/uploads\/2024\/09\/image-99-560x315.jpg 560w\" sizes=\"(max-width: 1000px) 100vw, 1000px\" \/>\n                <\/div>\n                \n                <div class=\"elementskit-box-body ekit-image-box-body\">\n                    <div class=\"elementskit-box-content ekit-image-box-body-inner\">\n                                                <h3 class=\"elementskit-info-box-title\">\n\n                        EMTAN REFLECTION\n                        \n                    <\/h3>\n                                                            <div class=\"elementskit-box-style-content\">\n                        <span style=\"color: orange\"><b>TATL\u0130SU, FAMAGUSTA<\/b><\/span><br>\n\nKliknij, aby uzyska\u0107 szczeg\u00f3\u0142owe informacje.                    <\/div>\n                                    <\/div>\n\n                                <div class=\"elementskit-box-footer\">\n                    <div class=\"box-footer\">\n                        <div class=\"btn-wraper\">\n                                                            <a href=\"https:\/\/emtancons.com\/pl\/emtan-reflection\" class=\"elementskit-btn whitespace--normal\">\n                                    \n                                    \n                                    SPRAWD\u0179 TERAZ                                <\/a>\n                                                        <\/div>\n                    <\/div>\n                <\/div>\n                            <\/div>\n            <\/div>\n    <\/div>\t\t\t\t<\/div>\n\t\t\t\t<\/div>\n\t\t\t\t\t<\/div>\n\t\t<\/div>\n\t\t\t\t\t<\/div>\n\t\t<\/section>\n\t\t\t\t<\/div>\n\t\t","protected":false},"excerpt":{"rendered":"<p>EMTAN SPECTRA LAPTA, G\u0130RNE Kliknij, aby uzyska\u0107 szczeg\u00f3\u0142owe informacje. SPRAWD\u0179 TERAZ EMTAN REFLECTION TATL\u0130SU, FAMAGUSTA Kliknij, aby uzyska\u0107 szczeg\u00f3\u0142owe informacje. SPRAWD\u0179 TERAZ<\/p>\n","protected":false},"author":1,"featured_media":0,"parent":0,"menu_order":0,"comment_status":"closed","ping_status":"closed","template":"elementor_header_footer","meta":{"footnotes":""},"class_list":["post-11508","page","type-page","status-publish","hentry"],"yoast_head":"<!-- This site is optimized with the Yoast SEO plugin v27.1.1 - https:\/\/yoast.com\/product\/yoast-seo-wordpress\/ -->\n<title>Projekty w trakcie realizacji - Emtan \u0130n\u015faat<\/title>\n<meta name=\"robots\" content=\"index, follow, max-snippet:-1, max-image-preview:large, max-video-preview:-1\" \/>\n<link rel=\"canonical\" href=\"https:\/\/emtancons.com\/yapimda-olan-projeler\/\" \/>\n<meta property=\"og:locale\" content=\"pl_PL\" \/>\n<meta property=\"og:type\" content=\"article\" \/>\n<meta property=\"og:title\" content=\"Projekty w trakcie realizacji - Emtan \u0130n\u015faat\" \/>\n<meta property=\"og:description\" content=\"EMTAN SPECTRA LAPTA, G\u0130RNE Kliknij, aby uzyska\u0107 szczeg\u00f3\u0142owe informacje. SPRAWD\u0179 TERAZ EMTAN REFLECTION TATL\u0130SU, FAMAGUSTA Kliknij, aby uzyska\u0107 szczeg\u00f3\u0142owe informacje. SPRAWD\u0179 TERAZ\" \/>\n<meta property=\"og:url\" content=\"https:\/\/emtancons.com\/yapimda-olan-projeler\/\" \/>\n<meta property=\"og:site_name\" content=\"Emtan \u0130n\u015faat\" \/>\n<meta property=\"article:modified_time\" content=\"2026-03-01T18:57:52+00:00\" \/>\n<meta property=\"og:image\" content=\"https:\/\/emtancons.com\/wp-content\/uploads\/2024\/09\/image-98.jpg\" \/>\n\t<meta property=\"og:image:width\" content=\"1000\" \/>\n\t<meta property=\"og:image:height\" content=\"563\" \/>\n\t<meta property=\"og:image:type\" content=\"image\/jpeg\" \/>\n<meta name=\"twitter:card\" content=\"summary_large_image\" \/>\n<meta name=\"twitter:label1\" content=\"Szacowany czas czytania\" \/>\n\t<meta name=\"twitter:data1\" content=\"1 minuta\" \/>\n<script type=\"application\/ld+json\" class=\"yoast-schema-graph\">{\"@context\":\"https:\/\/schema.org\",\"@graph\":[{\"@type\":\"WebPage\",\"@id\":\"https:\/\/emtancons.com\/yapimda-olan-projeler\/\",\"url\":\"https:\/\/emtancons.com\/yapimda-olan-projeler\/\",\"name\":\"Projekty w trakcie realizacji - Emtan \u0130n\u015faat\",\"isPartOf\":{\"@id\":\"https:\/\/emtancons.com\/#website\"},\"primaryImageOfPage\":{\"@id\":\"https:\/\/emtancons.com\/yapimda-olan-projeler\/#primaryimage\"},\"image\":{\"@id\":\"https:\/\/emtancons.com\/yapimda-olan-projeler\/#primaryimage\"},\"thumbnailUrl\":\"https:\/\/emtancons.com\/wp-content\/uploads\/2024\/09\/image-98.jpg\",\"datePublished\":\"2024-09-04T22:40:23+00:00\",\"dateModified\":\"2026-03-01T18:57:52+00:00\",\"breadcrumb\":{\"@id\":\"https:\/\/emtancons.com\/yapimda-olan-projeler\/#breadcrumb\"},\"inLanguage\":\"pl-PL\",\"potentialAction\":[{\"@type\":\"ReadAction\",\"target\":[\"https:\/\/emtancons.com\/yapimda-olan-projeler\/\"]}]},{\"@type\":\"ImageObject\",\"inLanguage\":\"pl-PL\",\"@id\":\"https:\/\/emtancons.com\/yapimda-olan-projeler\/#primaryimage\",\"url\":\"https:\/\/emtancons.com\/wp-content\/uploads\/2024\/09\/image-98.jpg\",\"contentUrl\":\"https:\/\/emtancons.com\/wp-content\/uploads\/2024\/09\/image-98.jpg\"},{\"@type\":\"BreadcrumbList\",\"@id\":\"https:\/\/emtancons.com\/yapimda-olan-projeler\/#breadcrumb\",\"itemListElement\":[{\"@type\":\"ListItem\",\"position\":1,\"name\":\"Anasayfa\",\"item\":\"https:\/\/emtancons.com\/\"},{\"@type\":\"ListItem\",\"position\":2,\"name\":\"Projekty w trakcie realizacji\"}]},{\"@type\":\"WebSite\",\"@id\":\"https:\/\/emtancons.com\/#website\",\"url\":\"https:\/\/emtancons.com\/\",\"name\":\"Emtan \u0130n\u015faat\",\"description\":\"\",\"potentialAction\":[{\"@type\":\"SearchAction\",\"target\":{\"@type\":\"EntryPoint\",\"urlTemplate\":\"https:\/\/emtancons.com\/?s={search_term_string}\"},\"query-input\":{\"@type\":\"PropertyValueSpecification\",\"valueRequired\":true,\"valueName\":\"search_term_string\"}}],\"inLanguage\":\"pl-PL\"}]}<\/script>\n<!-- \/ Yoast SEO plugin. -->","yoast_head_json":{"title":"Projekty w trakcie realizacji - Emtan \u0130n\u015faat","robots":{"index":"index","follow":"follow","max-snippet":"max-snippet:-1","max-image-preview":"max-image-preview:large","max-video-preview":"max-video-preview:-1"},"canonical":"https:\/\/emtancons.com\/yapimda-olan-projeler\/","og_locale":"pl_PL","og_type":"article","og_title":"Projekty w trakcie realizacji - Emtan \u0130n\u015faat","og_description":"EMTAN SPECTRA LAPTA, G\u0130RNE Kliknij, aby uzyska\u0107 szczeg\u00f3\u0142owe informacje. SPRAWD\u0179 TERAZ EMTAN REFLECTION TATL\u0130SU, FAMAGUSTA Kliknij, aby uzyska\u0107 szczeg\u00f3\u0142owe informacje. SPRAWD\u0179 TERAZ","og_url":"https:\/\/emtancons.com\/yapimda-olan-projeler\/","og_site_name":"Emtan \u0130n\u015faat","article_modified_time":"2026-03-01T18:57:52+00:00","og_image":[{"width":1000,"height":563,"url":"https:\/\/emtancons.com\/wp-content\/uploads\/2024\/09\/image-98.jpg","type":"image\/jpeg"}],"twitter_card":"summary_large_image","twitter_misc":{"Szacowany czas czytania":"1 minuta"},"schema":{"@context":"https:\/\/schema.org","@graph":[{"@type":"WebPage","@id":"https:\/\/emtancons.com\/yapimda-olan-projeler\/","url":"https:\/\/emtancons.com\/yapimda-olan-projeler\/","name":"Projekty w trakcie realizacji - Emtan \u0130n\u015faat","isPartOf":{"@id":"https:\/\/emtancons.com\/#website"},"primaryImageOfPage":{"@id":"https:\/\/emtancons.com\/yapimda-olan-projeler\/#primaryimage"},"image":{"@id":"https:\/\/emtancons.com\/yapimda-olan-projeler\/#primaryimage"},"thumbnailUrl":"https:\/\/emtancons.com\/wp-content\/uploads\/2024\/09\/image-98.jpg","datePublished":"2024-09-04T22:40:23+00:00","dateModified":"2026-03-01T18:57:52+00:00","breadcrumb":{"@id":"https:\/\/emtancons.com\/yapimda-olan-projeler\/#breadcrumb"},"inLanguage":"pl-PL","potentialAction":[{"@type":"ReadAction","target":["https:\/\/emtancons.com\/yapimda-olan-projeler\/"]}]},{"@type":"ImageObject","inLanguage":"pl-PL","@id":"https:\/\/emtancons.com\/yapimda-olan-projeler\/#primaryimage","url":"https:\/\/emtancons.com\/wp-content\/uploads\/2024\/09\/image-98.jpg","contentUrl":"https:\/\/emtancons.com\/wp-content\/uploads\/2024\/09\/image-98.jpg"},{"@type":"BreadcrumbList","@id":"https:\/\/emtancons.com\/yapimda-olan-projeler\/#breadcrumb","itemListElement":[{"@type":"ListItem","position":1,"name":"Anasayfa","item":"https:\/\/emtancons.com\/"},{"@type":"ListItem","position":2,"name":"Projekty w trakcie realizacji"}]},{"@type":"WebSite","@id":"https:\/\/emtancons.com\/#website","url":"https:\/\/emtancons.com\/","name":"Emtan \u0130n\u015faat","description":"","potentialAction":[{"@type":"SearchAction","target":{"@type":"EntryPoint","urlTemplate":"https:\/\/emtancons.com\/?s={search_term_string}"},"query-input":{"@type":"PropertyValueSpecification","valueRequired":true,"valueName":"search_term_string"}}],"inLanguage":"pl-PL"}]}},"_links":{"self":[{"href":"https:\/\/emtancons.com\/pl\/wp-json\/wp\/v2\/pages\/11508","targetHints":{"allow":["GET"]}}],"collection":[{"href":"https:\/\/emtancons.com\/pl\/wp-json\/wp\/v2\/pages"}],"about":[{"href":"https:\/\/emtancons.com\/pl\/wp-json\/wp\/v2\/types\/page"}],"author":[{"embeddable":true,"href":"https:\/\/emtancons.com\/pl\/wp-json\/wp\/v2\/users\/1"}],"replies":[{"embeddable":true,"href":"https:\/\/emtancons.com\/pl\/wp-json\/wp\/v2\/comments?post=11508"}],"version-history":[{"count":4,"href":"https:\/\/emtancons.com\/pl\/wp-json\/wp\/v2\/pages\/11508\/revisions"}],"predecessor-version":[{"id":11514,"href":"https:\/\/emtancons.com\/pl\/wp-json\/wp\/v2\/pages\/11508\/revisions\/11514"}],"wp:attachment":[{"href":"https:\/\/emtancons.com\/pl\/wp-json\/wp\/v2\/media?parent=11508"}],"curies":[{"name":"wp","href":"https:\/\/api.w.org\/{rel}","templated":true}]}}