{"id":11503,"date":"2024-09-05T01:43:39","date_gmt":"2024-09-04T22:43:39","guid":{"rendered":"https:\/\/emtancons.com\/projects-on-sale\/"},"modified":"2026-03-01T21:54:12","modified_gmt":"2026-03-01T18:54:12","slug":"projects-on-sale","status":"publish","type":"page","link":"https:\/\/emtancons.com\/pl\/projects-on-sale\/","title":{"rendered":"Projekty w sprzeda\u017cy"},"content":{"rendered":"\t\t<div data-elementor-type=\"wp-page\" data-elementor-id=\"11503\" class=\"elementor elementor-11503 elementor-2155\" data-elementor-post-type=\"page\">\n\t\t\t\t\t\t<section class=\"elementor-section elementor-top-section elementor-element elementor-element-4b5a261 elementor-section-boxed elementor-section-height-default elementor-section-height-default\" data-id=\"4b5a261\" data-element_type=\"section\" data-e-type=\"section\" data-settings=\"{&quot;background_background&quot;:&quot;classic&quot;}\">\n\t\t\t\t\t\t\t<div class=\"elementor-background-overlay\"><\/div>\n\t\t\t\t\t\t\t<div class=\"elementor-container elementor-column-gap-default\">\n\t\t\t\t\t<div class=\"elementor-column elementor-col-100 elementor-top-column elementor-element elementor-element-03d8ec9\" data-id=\"03d8ec9\" data-element_type=\"column\" data-e-type=\"column\">\n\t\t\t<div class=\"elementor-widget-wrap elementor-element-populated\">\n\t\t\t\t\t\t\t<\/div>\n\t\t<\/div>\n\t\t\t\t\t<\/div>\n\t\t<\/section>\n\t\t\t\t<section class=\"elementor-section elementor-top-section elementor-element elementor-element-2c86345 elementor-section-boxed elementor-section-height-default elementor-section-height-default\" data-id=\"2c86345\" data-element_type=\"section\" data-e-type=\"section\">\n\t\t\t\t\t\t<div class=\"elementor-container elementor-column-gap-default\">\n\t\t\t\t\t<div class=\"elementor-column elementor-col-100 elementor-top-column elementor-element elementor-element-3e59a02\" data-id=\"3e59a02\" data-element_type=\"column\" data-e-type=\"column\">\n\t\t\t<div class=\"elementor-widget-wrap elementor-element-populated\">\n\t\t\t\t\t\t<section class=\"elementor-section elementor-inner-section elementor-element elementor-element-be5400b elementor-section-boxed elementor-section-height-default elementor-section-height-default\" data-id=\"be5400b\" data-element_type=\"section\" data-e-type=\"section\">\n\t\t\t\t\t\t<div class=\"elementor-container elementor-column-gap-no\">\n\t\t\t\t\t<div class=\"elementor-column elementor-col-50 elementor-inner-column elementor-element elementor-element-b91e753 elementor-invisible\" data-id=\"b91e753\" data-element_type=\"column\" data-e-type=\"column\" data-settings=\"{&quot;animation&quot;:&quot;fadeInUp&quot;}\">\n\t\t\t<div class=\"elementor-widget-wrap elementor-element-populated\">\n\t\t\t\t\t\t<div class=\"elementor-element elementor-element-1a2cd83 elementor-widget elementor-widget-elementskit-image-box\" data-id=\"1a2cd83\" data-element_type=\"widget\" data-e-type=\"widget\" data-widget_type=\"elementskit-image-box.default\">\n\t\t\t\t<div class=\"elementor-widget-container\">\n\t\t\t\t\t<div class=\"ekit-wid-con\" >\n            <div class=\"elementskit-info-image-box ekit-image-box text-center floating-style\" >\n\n                \n                <div class=\"elementskit-box-header image-box-img-center\">\n\n                    <img fetchpriority=\"high\" decoding=\"async\" width=\"1000\" height=\"563\" src=\"https:\/\/emtancons.com\/wp-content\/uploads\/2024\/09\/image-98.jpg\" class=\"attachment-full size-full wp-image-2151\" alt=\"\" srcset=\"https:\/\/emtancons.com\/wp-content\/uploads\/2024\/09\/image-98.jpg 1000w, https:\/\/emtancons.com\/wp-content\/uploads\/2024\/09\/image-98-300x169.jpg 300w, https:\/\/emtancons.com\/wp-content\/uploads\/2024\/09\/image-98-768x432.jpg 768w, https:\/\/emtancons.com\/wp-content\/uploads\/2024\/09\/image-98-350x197.jpg 350w, https:\/\/emtancons.com\/wp-content\/uploads\/2024\/09\/image-98-370x208.jpg 370w, https:\/\/emtancons.com\/wp-content\/uploads\/2024\/09\/image-98-255x144.jpg 255w, https:\/\/emtancons.com\/wp-content\/uploads\/2024\/09\/image-98-285x160.jpg 285w, https:\/\/emtancons.com\/wp-content\/uploads\/2024\/09\/image-98-600x338.jpg 600w, https:\/\/emtancons.com\/wp-content\/uploads\/2024\/09\/image-98-560x315.jpg 560w\" sizes=\"(max-width: 1000px) 100vw, 1000px\" \/>\n                <\/div>\n                \n                <div class=\"elementskit-box-body ekit-image-box-body\">\n                    <div class=\"elementskit-box-content ekit-image-box-body-inner\">\n                                                <h3 class=\"elementskit-info-box-title\">\n\n                        EMTAN SPECTRA\n                        \n                    <\/h3>\n                                                            <div class=\"elementskit-box-style-content\">\n                        <span style=\"color: orange\"><b>LAPTA, G\u0130RNE<\/b><\/span><br>\n\nKliknij, aby uzyska\u0107 szczeg\u00f3\u0142owe informacje.                    <\/div>\n                                    <\/div>\n\n                                <div class=\"elementskit-box-footer\">\n                    <div class=\"box-footer\">\n                        <div class=\"btn-wraper\">\n                                                            <a href=\"https:\/\/emtancons.com\/pl\/emtan-spectra\" class=\"elementskit-btn whitespace--normal\">\n                                    \n                                    \n                                    SPRAWD\u0179 TERAZ                                <\/a>\n                                                        <\/div>\n                    <\/div>\n                <\/div>\n                            <\/div>\n            <\/div>\n    <\/div>\t\t\t\t<\/div>\n\t\t\t\t<\/div>\n\t\t\t\t\t<\/div>\n\t\t<\/div>\n\t\t\t\t<div class=\"elementor-column elementor-col-50 elementor-inner-column elementor-element elementor-element-9af0127 elementor-invisible\" data-id=\"9af0127\" data-element_type=\"column\" data-e-type=\"column\" data-settings=\"{&quot;animation&quot;:&quot;fadeInUp&quot;}\">\n\t\t\t<div class=\"elementor-widget-wrap elementor-element-populated\">\n\t\t\t\t\t\t<div class=\"elementor-element elementor-element-fcca48f elementor-widget elementor-widget-elementskit-image-box\" data-id=\"fcca48f\" data-element_type=\"widget\" data-e-type=\"widget\" data-widget_type=\"elementskit-image-box.default\">\n\t\t\t\t<div class=\"elementor-widget-container\">\n\t\t\t\t\t<div class=\"ekit-wid-con\" >\n            <div class=\"elementskit-info-image-box ekit-image-box text-center floating-style\" >\n\n                \n                <div class=\"elementskit-box-header image-box-img-center\">\n\n                    <img decoding=\"async\" width=\"1000\" height=\"563\" src=\"https:\/\/emtancons.com\/wp-content\/uploads\/2024\/09\/image-99.jpg\" class=\"attachment-full size-full wp-image-2150\" alt=\"\" srcset=\"https:\/\/emtancons.com\/wp-content\/uploads\/2024\/09\/image-99.jpg 1000w, https:\/\/emtancons.com\/wp-content\/uploads\/2024\/09\/image-99-300x169.jpg 300w, https:\/\/emtancons.com\/wp-content\/uploads\/2024\/09\/image-99-768x432.jpg 768w, https:\/\/emtancons.com\/wp-content\/uploads\/2024\/09\/image-99-350x197.jpg 350w, https:\/\/emtancons.com\/wp-content\/uploads\/2024\/09\/image-99-370x208.jpg 370w, https:\/\/emtancons.com\/wp-content\/uploads\/2024\/09\/image-99-255x144.jpg 255w, https:\/\/emtancons.com\/wp-content\/uploads\/2024\/09\/image-99-285x160.jpg 285w, https:\/\/emtancons.com\/wp-content\/uploads\/2024\/09\/image-99-600x338.jpg 600w, https:\/\/emtancons.com\/wp-content\/uploads\/2024\/09\/image-99-560x315.jpg 560w\" sizes=\"(max-width: 1000px) 100vw, 1000px\" \/>\n                <\/div>\n                \n                <div class=\"elementskit-box-body ekit-image-box-body\">\n                    <div class=\"elementskit-box-content ekit-image-box-body-inner\">\n                                                <h3 class=\"elementskit-info-box-title\">\n\n                        EMTAN REFLECTION\n                        \n                    <\/h3>\n                                                            <div class=\"elementskit-box-style-content\">\n                        <span style=\"color: orange\"><b>TATL\u0130SU, FAMAGUSTA<\/b><\/span><br>\n\nKliknij, aby uzyska\u0107 szczeg\u00f3\u0142owe informacje.                    <\/div>\n                                    <\/div>\n\n                                <div class=\"elementskit-box-footer\">\n                    <div class=\"box-footer\">\n                        <div class=\"btn-wraper\">\n                                                            <a href=\"https:\/\/emtancons.com\/pl\/emtan-reflection\" class=\"elementskit-btn whitespace--normal\">\n                                    \n                                    \n                                    SPRAWD\u0179 TERAZ                                <\/a>\n                                                        <\/div>\n                    <\/div>\n                <\/div>\n                            <\/div>\n            <\/div>\n    <\/div>\t\t\t\t<\/div>\n\t\t\t\t<\/div>\n\t\t\t\t\t<\/div>\n\t\t<\/div>\n\t\t\t\t\t<\/div>\n\t\t<\/section>\n\t\t\t\t<section class=\"elementor-section elementor-inner-section elementor-element elementor-element-e2dd1c3 elementor-section-boxed elementor-section-height-default elementor-section-height-default\" data-id=\"e2dd1c3\" data-element_type=\"section\" data-e-type=\"section\">\n\t\t\t\t\t\t<div class=\"elementor-container elementor-column-gap-no\">\n\t\t\t\t\t<div class=\"elementor-column elementor-col-50 elementor-inner-column elementor-element elementor-element-375b83a elementor-invisible\" data-id=\"375b83a\" data-element_type=\"column\" data-e-type=\"column\" data-settings=\"{&quot;animation&quot;:&quot;fadeInUp&quot;}\">\n\t\t\t<div class=\"elementor-widget-wrap elementor-element-populated\">\n\t\t\t\t\t\t<div class=\"elementor-element elementor-element-441c972 elementor-widget elementor-widget-elementskit-image-box\" data-id=\"441c972\" data-element_type=\"widget\" data-e-type=\"widget\" data-widget_type=\"elementskit-image-box.default\">\n\t\t\t\t<div class=\"elementor-widget-container\">\n\t\t\t\t\t<div class=\"ekit-wid-con\" >\n            <div class=\"elementskit-info-image-box ekit-image-box text-center floating-style\" >\n\n                \n                <div class=\"elementskit-box-header image-box-img-center\">\n\n                    <img decoding=\"async\" width=\"1400\" height=\"787\" src=\"https:\/\/emtancons.com\/wp-content\/uploads\/2024\/09\/image-97.jpg\" class=\"attachment-full size-full wp-image-2113\" alt=\"\" srcset=\"https:\/\/emtancons.com\/wp-content\/uploads\/2024\/09\/image-97.jpg 1400w, https:\/\/emtancons.com\/wp-content\/uploads\/2024\/09\/image-97-300x169.jpg 300w, https:\/\/emtancons.com\/wp-content\/uploads\/2024\/09\/image-97-1024x576.jpg 1024w, https:\/\/emtancons.com\/wp-content\/uploads\/2024\/09\/image-97-768x432.jpg 768w, https:\/\/emtancons.com\/wp-content\/uploads\/2024\/09\/image-97-350x197.jpg 350w, https:\/\/emtancons.com\/wp-content\/uploads\/2024\/09\/image-97-370x208.jpg 370w, https:\/\/emtancons.com\/wp-content\/uploads\/2024\/09\/image-97-255x143.jpg 255w, https:\/\/emtancons.com\/wp-content\/uploads\/2024\/09\/image-97-285x160.jpg 285w, https:\/\/emtancons.com\/wp-content\/uploads\/2024\/09\/image-97-600x337.jpg 600w, https:\/\/emtancons.com\/wp-content\/uploads\/2024\/09\/image-97-560x315.jpg 560w\" sizes=\"(max-width: 1400px) 100vw, 1400px\" \/>\n                <\/div>\n                \n                <div class=\"elementskit-box-body ekit-image-box-body\">\n                    <div class=\"elementskit-box-content ekit-image-box-body-inner\">\n                                                <h3 class=\"elementskit-info-box-title\">\n\n                        EMTAN OLIVE HILL\n                        \n                    <\/h3>\n                                                            <div class=\"elementskit-box-style-content\">\n                        <span style=\"color: orange\"><b>ALSANCAK, G\u0130RNE<\/b><\/span><br>\n\nKliknij, aby uzyska\u0107 szczeg\u00f3\u0142owe informacje.                    <\/div>\n                                    <\/div>\n\n                                <div class=\"elementskit-box-footer\">\n                    <div class=\"box-footer\">\n                        <div class=\"btn-wraper\">\n                                                            <a href=\"https:\/\/emtancons.com\/pl\/emtan-olive-hill\/\" class=\"elementskit-btn whitespace--normal\">\n                                    \n                                    \n                                    SPRAWD\u0179 TERAZ                                <\/a>\n                                                        <\/div>\n                    <\/div>\n                <\/div>\n                            <\/div>\n            <\/div>\n    <\/div>\t\t\t\t<\/div>\n\t\t\t\t<\/div>\n\t\t\t\t\t<\/div>\n\t\t<\/div>\n\t\t\t\t<div class=\"elementor-column elementor-col-50 elementor-inner-column elementor-element elementor-element-f2c21b0 elementor-invisible\" data-id=\"f2c21b0\" data-element_type=\"column\" data-e-type=\"column\" data-settings=\"{&quot;animation&quot;:&quot;fadeInUp&quot;}\">\n\t\t\t<div class=\"elementor-widget-wrap\">\n\t\t\t\t\t\t\t<\/div>\n\t\t<\/div>\n\t\t\t\t\t<\/div>\n\t\t<\/section>\n\t\t\t\t\t<\/div>\n\t\t<\/div>\n\t\t\t\t\t<\/div>\n\t\t<\/section>\n\t\t\t\t<\/div>\n\t\t","protected":false},"excerpt":{"rendered":"<p>EMTAN SPECTRA LAPTA, G\u0130RNE Kliknij, aby uzyska\u0107 szczeg\u00f3\u0142owe informacje. SPRAWD\u0179 TERAZ EMTAN REFLECTION TATL\u0130SU, FAMAGUSTA Kliknij, aby uzyska\u0107 szczeg\u00f3\u0142owe informacje. SPRAWD\u0179 TERAZ EMTAN OLIVE HILL ALSANCAK, G\u0130RNE Kliknij, aby uzyska\u0107 szczeg\u00f3\u0142owe informacje. SPRAWD\u0179 TERAZ<\/p>\n","protected":false},"author":1,"featured_media":0,"parent":0,"menu_order":0,"comment_status":"closed","ping_status":"closed","template":"elementor_header_footer","meta":{"footnotes":""},"class_list":["post-11503","page","type-page","status-publish","hentry"],"yoast_head":"<!-- This site is optimized with the Yoast SEO plugin v27.1.1 - https:\/\/yoast.com\/product\/yoast-seo-wordpress\/ -->\n<title>Projekty w sprzeda\u017cy - Emtan \u0130n\u015faat<\/title>\n<meta name=\"robots\" content=\"index, follow, max-snippet:-1, max-image-preview:large, max-video-preview:-1\" \/>\n<link rel=\"canonical\" href=\"https:\/\/emtancons.com\/satista-olan-projeler\/\" \/>\n<meta property=\"og:locale\" content=\"pl_PL\" \/>\n<meta property=\"og:type\" content=\"article\" \/>\n<meta property=\"og:title\" content=\"Projekty w sprzeda\u017cy - Emtan \u0130n\u015faat\" \/>\n<meta property=\"og:description\" content=\"EMTAN SPECTRA LAPTA, G\u0130RNE Kliknij, aby uzyska\u0107 szczeg\u00f3\u0142owe informacje. SPRAWD\u0179 TERAZ EMTAN REFLECTION TATL\u0130SU, FAMAGUSTA Kliknij, aby uzyska\u0107 szczeg\u00f3\u0142owe informacje. SPRAWD\u0179 TERAZ EMTAN OLIVE HILL ALSANCAK, G\u0130RNE Kliknij, aby uzyska\u0107 szczeg\u00f3\u0142owe informacje. SPRAWD\u0179 TERAZ\" \/>\n<meta property=\"og:url\" content=\"https:\/\/emtancons.com\/satista-olan-projeler\/\" \/>\n<meta property=\"og:site_name\" content=\"Emtan \u0130n\u015faat\" \/>\n<meta property=\"article:modified_time\" content=\"2026-03-01T18:54:12+00:00\" \/>\n<meta property=\"og:image\" content=\"https:\/\/emtancons.com\/wp-content\/uploads\/2024\/09\/image-98.jpg\" \/>\n\t<meta property=\"og:image:width\" content=\"1000\" \/>\n\t<meta property=\"og:image:height\" content=\"563\" \/>\n\t<meta property=\"og:image:type\" content=\"image\/jpeg\" \/>\n<meta name=\"twitter:card\" content=\"summary_large_image\" \/>\n<meta name=\"twitter:label1\" content=\"Szacowany czas czytania\" \/>\n\t<meta name=\"twitter:data1\" content=\"1 minuta\" \/>\n<script type=\"application\/ld+json\" class=\"yoast-schema-graph\">{\"@context\":\"https:\/\/schema.org\",\"@graph\":[{\"@type\":\"WebPage\",\"@id\":\"https:\/\/emtancons.com\/satista-olan-projeler\/\",\"url\":\"https:\/\/emtancons.com\/satista-olan-projeler\/\",\"name\":\"Projekty w sprzeda\u017cy - Emtan \u0130n\u015faat\",\"isPartOf\":{\"@id\":\"https:\/\/emtancons.com\/#website\"},\"primaryImageOfPage\":{\"@id\":\"https:\/\/emtancons.com\/satista-olan-projeler\/#primaryimage\"},\"image\":{\"@id\":\"https:\/\/emtancons.com\/satista-olan-projeler\/#primaryimage\"},\"thumbnailUrl\":\"https:\/\/emtancons.com\/wp-content\/uploads\/2024\/09\/image-98.jpg\",\"datePublished\":\"2024-09-04T22:43:39+00:00\",\"dateModified\":\"2026-03-01T18:54:12+00:00\",\"breadcrumb\":{\"@id\":\"https:\/\/emtancons.com\/satista-olan-projeler\/#breadcrumb\"},\"inLanguage\":\"pl-PL\",\"potentialAction\":[{\"@type\":\"ReadAction\",\"target\":[\"https:\/\/emtancons.com\/satista-olan-projeler\/\"]}]},{\"@type\":\"ImageObject\",\"inLanguage\":\"pl-PL\",\"@id\":\"https:\/\/emtancons.com\/satista-olan-projeler\/#primaryimage\",\"url\":\"https:\/\/emtancons.com\/wp-content\/uploads\/2024\/09\/image-98.jpg\",\"contentUrl\":\"https:\/\/emtancons.com\/wp-content\/uploads\/2024\/09\/image-98.jpg\"},{\"@type\":\"BreadcrumbList\",\"@id\":\"https:\/\/emtancons.com\/satista-olan-projeler\/#breadcrumb\",\"itemListElement\":[{\"@type\":\"ListItem\",\"position\":1,\"name\":\"Anasayfa\",\"item\":\"https:\/\/emtancons.com\/\"},{\"@type\":\"ListItem\",\"position\":2,\"name\":\"Projekty w sprzeda\u017cy\"}]},{\"@type\":\"WebSite\",\"@id\":\"https:\/\/emtancons.com\/#website\",\"url\":\"https:\/\/emtancons.com\/\",\"name\":\"Emtan \u0130n\u015faat\",\"description\":\"\",\"potentialAction\":[{\"@type\":\"SearchAction\",\"target\":{\"@type\":\"EntryPoint\",\"urlTemplate\":\"https:\/\/emtancons.com\/?s={search_term_string}\"},\"query-input\":{\"@type\":\"PropertyValueSpecification\",\"valueRequired\":true,\"valueName\":\"search_term_string\"}}],\"inLanguage\":\"pl-PL\"}]}<\/script>\n<!-- \/ Yoast SEO plugin. -->","yoast_head_json":{"title":"Projekty w sprzeda\u017cy - Emtan \u0130n\u015faat","robots":{"index":"index","follow":"follow","max-snippet":"max-snippet:-1","max-image-preview":"max-image-preview:large","max-video-preview":"max-video-preview:-1"},"canonical":"https:\/\/emtancons.com\/satista-olan-projeler\/","og_locale":"pl_PL","og_type":"article","og_title":"Projekty w sprzeda\u017cy - Emtan \u0130n\u015faat","og_description":"EMTAN SPECTRA LAPTA, G\u0130RNE Kliknij, aby uzyska\u0107 szczeg\u00f3\u0142owe informacje. SPRAWD\u0179 TERAZ EMTAN REFLECTION TATL\u0130SU, FAMAGUSTA Kliknij, aby uzyska\u0107 szczeg\u00f3\u0142owe informacje. SPRAWD\u0179 TERAZ EMTAN OLIVE HILL ALSANCAK, G\u0130RNE Kliknij, aby uzyska\u0107 szczeg\u00f3\u0142owe informacje. SPRAWD\u0179 TERAZ","og_url":"https:\/\/emtancons.com\/satista-olan-projeler\/","og_site_name":"Emtan \u0130n\u015faat","article_modified_time":"2026-03-01T18:54:12+00:00","og_image":[{"width":1000,"height":563,"url":"https:\/\/emtancons.com\/wp-content\/uploads\/2024\/09\/image-98.jpg","type":"image\/jpeg"}],"twitter_card":"summary_large_image","twitter_misc":{"Szacowany czas czytania":"1 minuta"},"schema":{"@context":"https:\/\/schema.org","@graph":[{"@type":"WebPage","@id":"https:\/\/emtancons.com\/satista-olan-projeler\/","url":"https:\/\/emtancons.com\/satista-olan-projeler\/","name":"Projekty w sprzeda\u017cy - Emtan \u0130n\u015faat","isPartOf":{"@id":"https:\/\/emtancons.com\/#website"},"primaryImageOfPage":{"@id":"https:\/\/emtancons.com\/satista-olan-projeler\/#primaryimage"},"image":{"@id":"https:\/\/emtancons.com\/satista-olan-projeler\/#primaryimage"},"thumbnailUrl":"https:\/\/emtancons.com\/wp-content\/uploads\/2024\/09\/image-98.jpg","datePublished":"2024-09-04T22:43:39+00:00","dateModified":"2026-03-01T18:54:12+00:00","breadcrumb":{"@id":"https:\/\/emtancons.com\/satista-olan-projeler\/#breadcrumb"},"inLanguage":"pl-PL","potentialAction":[{"@type":"ReadAction","target":["https:\/\/emtancons.com\/satista-olan-projeler\/"]}]},{"@type":"ImageObject","inLanguage":"pl-PL","@id":"https:\/\/emtancons.com\/satista-olan-projeler\/#primaryimage","url":"https:\/\/emtancons.com\/wp-content\/uploads\/2024\/09\/image-98.jpg","contentUrl":"https:\/\/emtancons.com\/wp-content\/uploads\/2024\/09\/image-98.jpg"},{"@type":"BreadcrumbList","@id":"https:\/\/emtancons.com\/satista-olan-projeler\/#breadcrumb","itemListElement":[{"@type":"ListItem","position":1,"name":"Anasayfa","item":"https:\/\/emtancons.com\/"},{"@type":"ListItem","position":2,"name":"Projekty w sprzeda\u017cy"}]},{"@type":"WebSite","@id":"https:\/\/emtancons.com\/#website","url":"https:\/\/emtancons.com\/","name":"Emtan \u0130n\u015faat","description":"","potentialAction":[{"@type":"SearchAction","target":{"@type":"EntryPoint","urlTemplate":"https:\/\/emtancons.com\/?s={search_term_string}"},"query-input":{"@type":"PropertyValueSpecification","valueRequired":true,"valueName":"search_term_string"}}],"inLanguage":"pl-PL"}]}},"_links":{"self":[{"href":"https:\/\/emtancons.com\/pl\/wp-json\/wp\/v2\/pages\/11503","targetHints":{"allow":["GET"]}}],"collection":[{"href":"https:\/\/emtancons.com\/pl\/wp-json\/wp\/v2\/pages"}],"about":[{"href":"https:\/\/emtancons.com\/pl\/wp-json\/wp\/v2\/types\/page"}],"author":[{"embeddable":true,"href":"https:\/\/emtancons.com\/pl\/wp-json\/wp\/v2\/users\/1"}],"replies":[{"embeddable":true,"href":"https:\/\/emtancons.com\/pl\/wp-json\/wp\/v2\/comments?post=11503"}],"version-history":[{"count":4,"href":"https:\/\/emtancons.com\/pl\/wp-json\/wp\/v2\/pages\/11503\/revisions"}],"predecessor-version":[{"id":11507,"href":"https:\/\/emtancons.com\/pl\/wp-json\/wp\/v2\/pages\/11503\/revisions\/11507"}],"wp:attachment":[{"href":"https:\/\/emtancons.com\/pl\/wp-json\/wp\/v2\/media?parent=11503"}],"curies":[{"name":"wp","href":"https:\/\/api.w.org\/{rel}","templated":true}]}}