{"id":11460,"date":"2025-04-11T10:38:32","date_gmt":"2025-04-11T07:38:32","guid":{"rendered":"https:\/\/emtancons.com\/payment-methods\/"},"modified":"2026-03-01T02:32:44","modified_gmt":"2026-02-28T23:32:44","slug":"payment-methods","status":"publish","type":"page","link":"https:\/\/emtancons.com\/pl\/payment-methods\/","title":{"rendered":"Metody p\u0142atno\u015bci"},"content":{"rendered":"\t\t<div data-elementor-type=\"wp-page\" data-elementor-id=\"11460\" class=\"elementor elementor-11460 elementor-3862\" data-elementor-post-type=\"page\">\n\t\t\t\t\t\t<section class=\"elementor-section elementor-top-section elementor-element elementor-element-c25b529 elementor-section-boxed elementor-section-height-default elementor-section-height-default\" data-id=\"c25b529\" data-element_type=\"section\" data-e-type=\"section\" data-settings=\"{&quot;background_background&quot;:&quot;classic&quot;}\">\n\t\t\t\t\t\t\t<div class=\"elementor-background-overlay\"><\/div>\n\t\t\t\t\t\t\t<div class=\"elementor-container elementor-column-gap-default\">\n\t\t\t\t\t<div class=\"elementor-column elementor-col-100 elementor-top-column elementor-element elementor-element-b0b5a2b\" data-id=\"b0b5a2b\" data-element_type=\"column\" data-e-type=\"column\">\n\t\t\t<div class=\"elementor-widget-wrap elementor-element-populated\">\n\t\t\t\t\t\t\t<\/div>\n\t\t<\/div>\n\t\t\t\t\t<\/div>\n\t\t<\/section>\n\t\t\t\t<section class=\"elementor-section elementor-top-section elementor-element elementor-element-c1d7222 elementor-section-boxed elementor-section-height-default elementor-section-height-default\" data-id=\"c1d7222\" data-element_type=\"section\" data-e-type=\"section\">\n\t\t\t\t\t\t<div class=\"elementor-container elementor-column-gap-default\">\n\t\t\t\t\t<div class=\"elementor-column elementor-col-100 elementor-top-column elementor-element elementor-element-cd0448d\" data-id=\"cd0448d\" data-element_type=\"column\" data-e-type=\"column\">\n\t\t\t<div class=\"elementor-widget-wrap elementor-element-populated\">\n\t\t\t\t\t\t<div class=\"elementor-element elementor-element-8e98f89 elementor-widget elementor-widget-text-editor\" data-id=\"8e98f89\" data-element_type=\"widget\" data-e-type=\"widget\" data-widget_type=\"text-editor.default\">\n\t\t\t\t<div class=\"elementor-widget-container\">\n\t\t\t\t\t\t\t\t\t<p>Opr\u00f3cz naszych lokalnych i mi\u0119dzynarodowych kont zlokalizowanych na Cyprze P\u00f3\u0142nocnym oferujemy r\u00f3\u017cne metody p\u0142atno\u015bci, kt\u00f3re zapewniaj\u0105 naszym klientom szeroki wyb\u00f3r opcji i korzy\u015bci.<\/p>\t\t\t\t\t\t\t\t<\/div>\n\t\t\t\t<\/div>\n\t\t\t\t<div class=\"elementor-element elementor-element-8d3289e elementor-position-left elementor-vertical-align-middle elementor-widget elementor-widget-image-box\" data-id=\"8d3289e\" data-element_type=\"widget\" data-e-type=\"widget\" data-widget_type=\"image-box.default\">\n\t\t\t\t<div class=\"elementor-widget-container\">\n\t\t\t\t\t<div class=\"elementor-image-box-wrapper\"><figure class=\"elementor-image-box-img\"><img decoding=\"async\" width=\"90\" height=\"90\" src=\"https:\/\/emtancons.com\/wp-content\/uploads\/2025\/04\/payment-method1.png\" class=\"attachment-full size-full wp-image-11462\" alt=\"payment\" \/><\/figure><div class=\"elementor-image-box-content\"><p class=\"elementor-image-box-description\">D\u0142ugoterminowy, nieoprocentowany i elastyczny plan sp\u0142at w ramach firmy<\/p><\/div><\/div>\t\t\t\t<\/div>\n\t\t\t\t<\/div>\n\t\t\t\t<div class=\"elementor-element elementor-element-6a0fa0c elementor-position-left elementor-vertical-align-middle elementor-widget elementor-widget-image-box\" data-id=\"6a0fa0c\" data-element_type=\"widget\" data-e-type=\"widget\" data-widget_type=\"image-box.default\">\n\t\t\t\t<div class=\"elementor-widget-container\">\n\t\t\t\t\t<div class=\"elementor-image-box-wrapper\"><figure class=\"elementor-image-box-img\"><img decoding=\"async\" width=\"90\" height=\"90\" src=\"https:\/\/emtancons.com\/wp-content\/uploads\/2025\/04\/payment-method2.png\" class=\"attachment-full size-full wp-image-11463\" alt=\"payment\" \/><\/figure><div class=\"elementor-image-box-content\"><p class=\"elementor-image-box-description\">If requested, we offer the convenience of fixing payment options in US Dollars and Euros, other than our standard payment option of British Pounds Sterling.<\/p><\/div><\/div>\t\t\t\t<\/div>\n\t\t\t\t<\/div>\n\t\t\t\t<div class=\"elementor-element elementor-element-a028a33 elementor-position-left elementor-vertical-align-middle elementor-widget elementor-widget-image-box\" data-id=\"a028a33\" data-element_type=\"widget\" data-e-type=\"widget\" data-widget_type=\"image-box.default\">\n\t\t\t\t<div class=\"elementor-widget-container\">\n\t\t\t\t\t<div class=\"elementor-image-box-wrapper\"><figure class=\"elementor-image-box-img\"><img decoding=\"async\" width=\"90\" height=\"90\" src=\"https:\/\/emtancons.com\/wp-content\/uploads\/2025\/04\/payment-method3.png\" class=\"attachment-full size-full wp-image-11464\" alt=\"payment\" \/><\/figure><div class=\"elementor-image-box-content\"><p class=\"elementor-image-box-description\">Kryptowaluta<\/p><\/div><\/div>\t\t\t\t<\/div>\n\t\t\t\t<\/div>\n\t\t\t\t<div class=\"elementor-element elementor-element-659b6dd elementor-position-left elementor-vertical-align-middle elementor-widget elementor-widget-image-box\" data-id=\"659b6dd\" data-element_type=\"widget\" data-e-type=\"widget\" data-widget_type=\"image-box.default\">\n\t\t\t\t<div class=\"elementor-widget-container\">\n\t\t\t\t\t<div class=\"elementor-image-box-wrapper\"><figure class=\"elementor-image-box-img\"><img loading=\"lazy\" decoding=\"async\" width=\"90\" height=\"90\" src=\"https:\/\/emtancons.com\/wp-content\/uploads\/2025\/04\/payment-method4.png\" class=\"attachment-full size-full wp-image-11461\" alt=\"payment\" \/><\/figure><div class=\"elementor-image-box-content\"><p class=\"elementor-image-box-description\">Oficjalne europejskie konto bankowe<\/p><\/div><\/div>\t\t\t\t<\/div>\n\t\t\t\t<\/div>\n\t\t\t\t<div class=\"elementor-element elementor-element-2efa3c3 elementor-position-left elementor-vertical-align-middle elementor-widget elementor-widget-image-box\" data-id=\"2efa3c3\" data-element_type=\"widget\" data-e-type=\"widget\" data-widget_type=\"image-box.default\">\n\t\t\t\t<div class=\"elementor-widget-container\">\n\t\t\t\t\t<div class=\"elementor-image-box-wrapper\"><figure class=\"elementor-image-box-img\"><img loading=\"lazy\" decoding=\"async\" width=\"90\" height=\"90\" src=\"https:\/\/emtancons.com\/wp-content\/uploads\/2025\/04\/payment-method5.png\" class=\"attachment-full size-full wp-image-11465\" alt=\"payment\" \/><\/figure><div class=\"elementor-image-box-content\"><p class=\"elementor-image-box-description\">Oficjalne konto bankowe w Wielkiej Brytanii<\/p><\/div><\/div>\t\t\t\t<\/div>\n\t\t\t\t<\/div>\n\t\t\t\t\t<\/div>\n\t\t<\/div>\n\t\t\t\t\t<\/div>\n\t\t<\/section>\n\t\t\t\t<\/div>\n\t\t","protected":false},"excerpt":{"rendered":"<p>Opr\u00f3cz naszych lokalnych i mi\u0119dzynarodowych kont zlokalizowanych na Cyprze P\u00f3\u0142nocnym oferujemy r\u00f3\u017cne metody p\u0142atno\u015bci, kt\u00f3re zapewniaj\u0105 naszym klientom szeroki wyb\u00f3r opcji i korzy\u015bci. D\u0142ugoterminowy, nieoprocentowany i elastyczny plan sp\u0142at w ramach firmy If requested, we offer the convenience of fixing payment options in US Dollars and Euros, other than our standard payment option of British [&hellip;]<\/p>\n","protected":false},"author":1,"featured_media":0,"parent":0,"menu_order":0,"comment_status":"closed","ping_status":"closed","template":"elementor_header_footer","meta":{"footnotes":""},"class_list":["post-11460","page","type-page","status-publish","hentry"],"yoast_head":"<!-- This site is optimized with the Yoast SEO plugin v27.1.1 - https:\/\/yoast.com\/product\/yoast-seo-wordpress\/ -->\n<title>Metody p\u0142atno\u015bci - Emtan \u0130n\u015faat<\/title>\n<meta name=\"robots\" content=\"index, follow, max-snippet:-1, max-image-preview:large, max-video-preview:-1\" \/>\n<link rel=\"canonical\" href=\"https:\/\/emtancons.com\/odeme-yontemleri\/\" \/>\n<meta property=\"og:locale\" content=\"pl_PL\" \/>\n<meta property=\"og:type\" content=\"article\" \/>\n<meta property=\"og:title\" content=\"Metody p\u0142atno\u015bci - Emtan \u0130n\u015faat\" \/>\n<meta property=\"og:description\" content=\"Opr\u00f3cz naszych lokalnych i mi\u0119dzynarodowych kont zlokalizowanych na Cyprze P\u00f3\u0142nocnym oferujemy r\u00f3\u017cne metody p\u0142atno\u015bci, kt\u00f3re zapewniaj\u0105 naszym klientom szeroki wyb\u00f3r opcji i korzy\u015bci. D\u0142ugoterminowy, nieoprocentowany i elastyczny plan sp\u0142at w ramach firmy If requested, we offer the convenience of fixing payment options in US Dollars and Euros, other than our standard payment option of British [&hellip;]\" \/>\n<meta property=\"og:url\" content=\"https:\/\/emtancons.com\/odeme-yontemleri\/\" \/>\n<meta property=\"og:site_name\" content=\"Emtan \u0130n\u015faat\" \/>\n<meta property=\"article:modified_time\" content=\"2026-02-28T23:32:44+00:00\" \/>\n<meta property=\"og:image\" content=\"https:\/\/emtancons.com\/wp-content\/uploads\/2025\/04\/payment-method1.png\" \/>\n\t<meta property=\"og:image:width\" content=\"90\" \/>\n\t<meta property=\"og:image:height\" content=\"90\" \/>\n\t<meta property=\"og:image:type\" content=\"image\/png\" \/>\n<meta name=\"twitter:card\" content=\"summary_large_image\" \/>\n<meta name=\"twitter:label1\" content=\"Szacowany czas czytania\" \/>\n\t<meta name=\"twitter:data1\" content=\"2 minuty\" \/>\n<script type=\"application\/ld+json\" class=\"yoast-schema-graph\">{\"@context\":\"https:\/\/schema.org\",\"@graph\":[{\"@type\":\"WebPage\",\"@id\":\"https:\/\/emtancons.com\/odeme-yontemleri\/\",\"url\":\"https:\/\/emtancons.com\/odeme-yontemleri\/\",\"name\":\"Metody p\u0142atno\u015bci - Emtan \u0130n\u015faat\",\"isPartOf\":{\"@id\":\"https:\/\/emtancons.com\/#website\"},\"primaryImageOfPage\":{\"@id\":\"https:\/\/emtancons.com\/odeme-yontemleri\/#primaryimage\"},\"image\":{\"@id\":\"https:\/\/emtancons.com\/odeme-yontemleri\/#primaryimage\"},\"thumbnailUrl\":\"https:\/\/emtancons.com\/wp-content\/uploads\/2025\/04\/payment-method1.png\",\"datePublished\":\"2025-04-11T07:38:32+00:00\",\"dateModified\":\"2026-02-28T23:32:44+00:00\",\"breadcrumb\":{\"@id\":\"https:\/\/emtancons.com\/odeme-yontemleri\/#breadcrumb\"},\"inLanguage\":\"pl-PL\",\"potentialAction\":[{\"@type\":\"ReadAction\",\"target\":[\"https:\/\/emtancons.com\/odeme-yontemleri\/\"]}]},{\"@type\":\"ImageObject\",\"inLanguage\":\"pl-PL\",\"@id\":\"https:\/\/emtancons.com\/odeme-yontemleri\/#primaryimage\",\"url\":\"https:\/\/emtancons.com\/wp-content\/uploads\/2025\/04\/payment-method1.png\",\"contentUrl\":\"https:\/\/emtancons.com\/wp-content\/uploads\/2025\/04\/payment-method1.png\"},{\"@type\":\"BreadcrumbList\",\"@id\":\"https:\/\/emtancons.com\/odeme-yontemleri\/#breadcrumb\",\"itemListElement\":[{\"@type\":\"ListItem\",\"position\":1,\"name\":\"Anasayfa\",\"item\":\"https:\/\/emtancons.com\/\"},{\"@type\":\"ListItem\",\"position\":2,\"name\":\"Metody p\u0142atno\u015bci\"}]},{\"@type\":\"WebSite\",\"@id\":\"https:\/\/emtancons.com\/#website\",\"url\":\"https:\/\/emtancons.com\/\",\"name\":\"Emtan \u0130n\u015faat\",\"description\":\"\",\"potentialAction\":[{\"@type\":\"SearchAction\",\"target\":{\"@type\":\"EntryPoint\",\"urlTemplate\":\"https:\/\/emtancons.com\/?s={search_term_string}\"},\"query-input\":{\"@type\":\"PropertyValueSpecification\",\"valueRequired\":true,\"valueName\":\"search_term_string\"}}],\"inLanguage\":\"pl-PL\"}]}<\/script>\n<!-- \/ Yoast SEO plugin. -->","yoast_head_json":{"title":"Metody p\u0142atno\u015bci - Emtan \u0130n\u015faat","robots":{"index":"index","follow":"follow","max-snippet":"max-snippet:-1","max-image-preview":"max-image-preview:large","max-video-preview":"max-video-preview:-1"},"canonical":"https:\/\/emtancons.com\/odeme-yontemleri\/","og_locale":"pl_PL","og_type":"article","og_title":"Metody p\u0142atno\u015bci - Emtan \u0130n\u015faat","og_description":"Opr\u00f3cz naszych lokalnych i mi\u0119dzynarodowych kont zlokalizowanych na Cyprze P\u00f3\u0142nocnym oferujemy r\u00f3\u017cne metody p\u0142atno\u015bci, kt\u00f3re zapewniaj\u0105 naszym klientom szeroki wyb\u00f3r opcji i korzy\u015bci. D\u0142ugoterminowy, nieoprocentowany i elastyczny plan sp\u0142at w ramach firmy If requested, we offer the convenience of fixing payment options in US Dollars and Euros, other than our standard payment option of British [&hellip;]","og_url":"https:\/\/emtancons.com\/odeme-yontemleri\/","og_site_name":"Emtan \u0130n\u015faat","article_modified_time":"2026-02-28T23:32:44+00:00","og_image":[{"width":90,"height":90,"url":"https:\/\/emtancons.com\/wp-content\/uploads\/2025\/04\/payment-method1.png","type":"image\/png"}],"twitter_card":"summary_large_image","twitter_misc":{"Szacowany czas czytania":"2 minuty"},"schema":{"@context":"https:\/\/schema.org","@graph":[{"@type":"WebPage","@id":"https:\/\/emtancons.com\/odeme-yontemleri\/","url":"https:\/\/emtancons.com\/odeme-yontemleri\/","name":"Metody p\u0142atno\u015bci - Emtan \u0130n\u015faat","isPartOf":{"@id":"https:\/\/emtancons.com\/#website"},"primaryImageOfPage":{"@id":"https:\/\/emtancons.com\/odeme-yontemleri\/#primaryimage"},"image":{"@id":"https:\/\/emtancons.com\/odeme-yontemleri\/#primaryimage"},"thumbnailUrl":"https:\/\/emtancons.com\/wp-content\/uploads\/2025\/04\/payment-method1.png","datePublished":"2025-04-11T07:38:32+00:00","dateModified":"2026-02-28T23:32:44+00:00","breadcrumb":{"@id":"https:\/\/emtancons.com\/odeme-yontemleri\/#breadcrumb"},"inLanguage":"pl-PL","potentialAction":[{"@type":"ReadAction","target":["https:\/\/emtancons.com\/odeme-yontemleri\/"]}]},{"@type":"ImageObject","inLanguage":"pl-PL","@id":"https:\/\/emtancons.com\/odeme-yontemleri\/#primaryimage","url":"https:\/\/emtancons.com\/wp-content\/uploads\/2025\/04\/payment-method1.png","contentUrl":"https:\/\/emtancons.com\/wp-content\/uploads\/2025\/04\/payment-method1.png"},{"@type":"BreadcrumbList","@id":"https:\/\/emtancons.com\/odeme-yontemleri\/#breadcrumb","itemListElement":[{"@type":"ListItem","position":1,"name":"Anasayfa","item":"https:\/\/emtancons.com\/"},{"@type":"ListItem","position":2,"name":"Metody p\u0142atno\u015bci"}]},{"@type":"WebSite","@id":"https:\/\/emtancons.com\/#website","url":"https:\/\/emtancons.com\/","name":"Emtan \u0130n\u015faat","description":"","potentialAction":[{"@type":"SearchAction","target":{"@type":"EntryPoint","urlTemplate":"https:\/\/emtancons.com\/?s={search_term_string}"},"query-input":{"@type":"PropertyValueSpecification","valueRequired":true,"valueName":"search_term_string"}}],"inLanguage":"pl-PL"}]}},"_links":{"self":[{"href":"https:\/\/emtancons.com\/pl\/wp-json\/wp\/v2\/pages\/11460","targetHints":{"allow":["GET"]}}],"collection":[{"href":"https:\/\/emtancons.com\/pl\/wp-json\/wp\/v2\/pages"}],"about":[{"href":"https:\/\/emtancons.com\/pl\/wp-json\/wp\/v2\/types\/page"}],"author":[{"embeddable":true,"href":"https:\/\/emtancons.com\/pl\/wp-json\/wp\/v2\/users\/1"}],"replies":[{"embeddable":true,"href":"https:\/\/emtancons.com\/pl\/wp-json\/wp\/v2\/comments?post=11460"}],"version-history":[{"count":4,"href":"https:\/\/emtancons.com\/pl\/wp-json\/wp\/v2\/pages\/11460\/revisions"}],"predecessor-version":[{"id":11469,"href":"https:\/\/emtancons.com\/pl\/wp-json\/wp\/v2\/pages\/11460\/revisions\/11469"}],"wp:attachment":[{"href":"https:\/\/emtancons.com\/pl\/wp-json\/wp\/v2\/media?parent=11460"}],"curies":[{"name":"wp","href":"https:\/\/api.w.org\/{rel}","templated":true}]}}