{"id":11284,"date":"2024-09-05T23:29:44","date_gmt":"2024-09-05T20:29:44","guid":{"rendered":"https:\/\/emtancons.com\/gau-millenium-mall\/"},"modified":"2026-02-27T17:01:49","modified_gmt":"2026-02-27T14:01:49","slug":"gau-millenium-mall","status":"publish","type":"page","link":"https:\/\/emtancons.com\/pl\/gau-millenium-mall\/","title":{"rendered":"Gau Millenium Mall"},"content":{"rendered":"\t\t<div data-elementor-type=\"wp-page\" data-elementor-id=\"11284\" class=\"elementor elementor-11284 elementor-2338\" data-elementor-post-type=\"page\">\n\t\t\t\t\t\t<section class=\"elementor-section elementor-top-section elementor-element elementor-element-1b5a68a1 elementor-section-content-middle elementor-section-boxed elementor-section-height-default elementor-section-height-default\" data-id=\"1b5a68a1\" data-element_type=\"section\" data-e-type=\"section\" data-settings=\"{&quot;background_background&quot;:&quot;classic&quot;}\">\n\t\t\t\t\t\t\t<div class=\"elementor-background-overlay\"><\/div>\n\t\t\t\t\t\t\t<div class=\"elementor-container elementor-column-gap-default\">\n\t\t\t\t\t<div class=\"elementor-column elementor-col-50 elementor-top-column elementor-element elementor-element-520a0351\" data-id=\"520a0351\" data-element_type=\"column\" data-e-type=\"column\">\n\t\t\t<div class=\"elementor-widget-wrap elementor-element-populated\">\n\t\t\t\t\t\t<div class=\"elementor-element elementor-element-62ea7b7d elementor-widget elementor-widget-heading\" data-id=\"62ea7b7d\" data-element_type=\"widget\" data-e-type=\"widget\" data-widget_type=\"heading.default\">\n\t\t\t\t<div class=\"elementor-widget-container\">\n\t\t\t\t\t<h2 class=\"elementor-heading-title elementor-size-default\">Detalles del proyecto<\/h2>\t\t\t\t<\/div>\n\t\t\t\t<\/div>\n\t\t\t\t<div class=\"elementor-element elementor-element-218bbdaf elementor-invisible elementor-widget elementor-widget-heading\" data-id=\"218bbdaf\" data-element_type=\"widget\" data-e-type=\"widget\" data-settings=\"{&quot;_animation&quot;:&quot;fadeInUp&quot;}\" data-widget_type=\"heading.default\">\n\t\t\t\t<div class=\"elementor-widget-container\">\n\t\t\t\t\t<h2 class=\"elementor-heading-title elementor-size-default\">GAU Millenium Mall\n<\/h2>\t\t\t\t<\/div>\n\t\t\t\t<\/div>\n\t\t\t\t<div class=\"elementor-element elementor-element-600f61c8 elementor-icon-list--layout-inline elementor-list-item-link-full_width elementor-widget elementor-widget-icon-list\" data-id=\"600f61c8\" data-element_type=\"widget\" data-e-type=\"widget\" data-widget_type=\"icon-list.default\">\n\t\t\t\t<div class=\"elementor-widget-container\">\n\t\t\t\t\t\t\t<ul class=\"elementor-icon-list-items elementor-inline-items\">\n\t\t\t\t\t\t\t<li class=\"elementor-icon-list-item elementor-inline-item\">\n\t\t\t\t\t\t\t\t\t\t\t<a href=\"#\">\n\n\t\t\t\t\t\t\t\t\t\t\t\t<span class=\"elementor-icon-list-icon\">\n\t\t\t\t\t\t\t<i aria-hidden=\"true\" class=\"fas fa-arrow-right\"><\/i>\t\t\t\t\t\t<\/span>\n\t\t\t\t\t\t\t\t\t\t<span class=\"elementor-icon-list-text\">KYRENIA CENTER, KYRENIA<\/span>\n\t\t\t\t\t\t\t\t\t\t\t<\/a>\n\t\t\t\t\t\t\t\t\t<\/li>\n\t\t\t\t\t\t<\/ul>\n\t\t\t\t\t\t<\/div>\n\t\t\t\t<\/div>\n\t\t\t\t\t<\/div>\n\t\t<\/div>\n\t\t\t\t<div class=\"elementor-column elementor-col-50 elementor-top-column elementor-element elementor-element-7d4d5ffb\" data-id=\"7d4d5ffb\" data-element_type=\"column\" data-e-type=\"column\">\n\t\t\t<div class=\"elementor-widget-wrap\">\n\t\t\t\t\t\t\t<\/div>\n\t\t<\/div>\n\t\t\t\t\t<\/div>\n\t\t<\/section>\n\t\t\t\t<section class=\"elementor-section elementor-top-section elementor-element elementor-element-2476367f elementor-section-boxed elementor-section-height-default elementor-section-height-default\" data-id=\"2476367f\" data-element_type=\"section\" data-e-type=\"section\">\n\t\t\t\t\t\t\t<div class=\"elementor-background-overlay\"><\/div>\n\t\t\t\t\t\t\t<div class=\"elementor-container elementor-column-gap-default\">\n\t\t\t\t\t<div class=\"elementor-column elementor-col-50 elementor-top-column elementor-element elementor-element-3f36732b elementor-invisible\" data-id=\"3f36732b\" data-element_type=\"column\" data-e-type=\"column\" data-settings=\"{&quot;background_background&quot;:&quot;classic&quot;,&quot;animation&quot;:&quot;slideInUp&quot;}\">\n\t\t\t<div class=\"elementor-widget-wrap elementor-element-populated\">\n\t\t\t\t\t\t<div class=\"elementor-element elementor-element-366c847c elementor-widget elementor-widget-text-editor\" data-id=\"366c847c\" data-element_type=\"widget\" data-e-type=\"widget\" data-widget_type=\"text-editor.default\">\n\t\t\t\t<div class=\"elementor-widget-container\">\n\t\t\t\t\t\t\t\t\t<h5>Dise\u00f1o y arquitectura del edificio<\/h5><p>El dise\u00f1o del centro comercial GAU Millennium Mall adopta un enfoque arquitect\u00f3nico moderno e innovador. El edificio tiene un exterior est\u00e9ticamente llamativo, con una estructura en capas que refleja las diferentes funciones del interior. Este exterior, creado mediante la combinaci\u00f3n de diferentes materiales, crea una apariencia llamativa al tiempo que enfatiza la durabilidad y la sostenibilidad.<\/p><p>En el exterior del centro comercial se utilizan elementos indispensables de la arquitectura moderna, como el vidrio, el metal y las piedras naturales. Las superficies de vidrio permiten la entrada de luz natural al m\u00e1ximo nivel, lo que ahorra energ\u00eda y proporciona una experiencia interior espaciosa y luminosa. Al mismo tiempo, estas grandes superficies acristaladas reflejan el movimiento y la vivacidad del interior del edificio hacia el exterior, estableciendo as\u00ed una fuerte conexi\u00f3n con el entorno del edificio.<\/p><p>Las formas geom\u00e9tricas utilizadas en el dise\u00f1o del edificio son especialmente llamativas en la fachada del mismo. Las l\u00edneas din\u00e1micas confieren al edificio un aspecto moderno y contempor\u00e1neo. Adem\u00e1s, estas formas geom\u00e9tricas separan las diferentes secciones del edificio entre s\u00ed, creando una estructura funcionalmente significativa. Las entradas al centro comercial est\u00e1n dise\u00f1adas de forma amplia y acogedora, lo que permite a los visitantes acceder c\u00f3modamente al edificio.<\/p><h5>Dise\u00f1o interior<\/h5><p>El interior del Millennium Mall ha sido dise\u00f1ado con un enfoque funcional y est\u00e9tico. El dise\u00f1o interior del centro comercial ha sido pensado para garantizar la comodidad de los visitantes y una experiencia de compra agradable. Los amplios pasillos, los techos altos y la atm\u00f3sfera espaciosa facilitan el uso del espacio. Adem\u00e1s, los materiales naturales y la paleta de colores neutros utilizados en el interior crean una atm\u00f3sfera relajante.<\/p><p>En el dise\u00f1o interior del centro comercial se ha prestado especial atenci\u00f3n al aprovechamiento m\u00e1ximo de la luz natural. Las grandes aberturas acristaladas del techo y del atrio permiten que entre mucha luz en el interior, lo que ofrece un ambiente espacioso a los compradores. Al mismo tiempo, estas zonas establecen una conexi\u00f3n visual entre las diferentes plantas del centro comercial, lo que permite que el espacio se perciba como m\u00e1s grande y abierto.<\/p>\t\t\t\t\t\t\t\t<\/div>\n\t\t\t\t<\/div>\n\t\t\t\t\t<\/div>\n\t\t<\/div>\n\t\t\t\t<div class=\"elementor-column elementor-col-50 elementor-top-column elementor-element elementor-element-5794234d\" data-id=\"5794234d\" data-element_type=\"column\" data-e-type=\"column\">\n\t\t\t<div class=\"elementor-widget-wrap\">\n\t\t\t\t\t\t\t<\/div>\n\t\t<\/div>\n\t\t\t\t\t<\/div>\n\t\t<\/section>\n\t\t\t\t<section class=\"elementor-section elementor-top-section elementor-element elementor-element-4f865db4 elementor-section-full_width elementor-section-height-default elementor-section-height-default\" data-id=\"4f865db4\" data-element_type=\"section\" data-e-type=\"section\">\n\t\t\t\t\t\t<div class=\"elementor-container elementor-column-gap-default\">\n\t\t\t\t\t<div class=\"elementor-column elementor-col-100 elementor-top-column elementor-element elementor-element-33ad9366\" data-id=\"33ad9366\" data-element_type=\"column\" data-e-type=\"column\">\n\t\t\t<div class=\"elementor-widget-wrap elementor-element-populated\">\n\t\t\t\t\t\t<div class=\"elementor-element elementor-element-7fe327ef gallery-spacing-custom elementor-widget elementor-widget-image-gallery\" data-id=\"7fe327ef\" data-element_type=\"widget\" data-e-type=\"widget\" data-widget_type=\"image-gallery.default\">\n\t\t\t\t<div class=\"elementor-widget-container\">\n\t\t\t\t\t\t\t<div class=\"elementor-image-gallery\">\n\t\t\t<div id='gallery-1' class='gallery galleryid-11284 gallery-columns-3 gallery-size-full'><figure class='gallery-item'>\n\t\t\t<div class='gallery-icon landscape'>\n\t\t\t\t<a data-elementor-open-lightbox=\"yes\" data-elementor-lightbox-slideshow=\"7fe327ef\" data-elementor-lightbox-title=\"resim_2024-09-05_232555809\" data-e-action-hash=\"#elementor-action%3Aaction%3Dlightbox%26settings%3DeyJpZCI6MTEyODcsInVybCI6Imh0dHBzOlwvXC9lbXRhbmNvbnMuY29tXC93cC1jb250ZW50XC91cGxvYWRzXC8yMDI0XC8wOVwvcmVzaW1fMjAyNC0wOS0wNV8yMzI1NTU4MDkucG5nIiwic2xpZGVzaG93IjoiN2ZlMzI3ZWYifQ%3D%3D\" href='https:\/\/emtancons.com\/wp-content\/uploads\/2024\/09\/resim_2024-09-05_232555809.png'><img fetchpriority=\"high\" decoding=\"async\" width=\"1000\" height=\"667\" src=\"https:\/\/emtancons.com\/wp-content\/uploads\/2024\/09\/resim_2024-09-05_232555809.png\" class=\"attachment-full size-full\" alt=\"\" srcset=\"https:\/\/emtancons.com\/wp-content\/uploads\/2024\/09\/resim_2024-09-05_232555809.png 1000w, https:\/\/emtancons.com\/wp-content\/uploads\/2024\/09\/resim_2024-09-05_232555809-300x200.png 300w, https:\/\/emtancons.com\/wp-content\/uploads\/2024\/09\/resim_2024-09-05_232555809-768x512.png 768w, https:\/\/emtancons.com\/wp-content\/uploads\/2024\/09\/resim_2024-09-05_232555809-350x233.png 350w, https:\/\/emtancons.com\/wp-content\/uploads\/2024\/09\/resim_2024-09-05_232555809-370x247.png 370w, https:\/\/emtancons.com\/wp-content\/uploads\/2024\/09\/resim_2024-09-05_232555809-255x170.png 255w, https:\/\/emtancons.com\/wp-content\/uploads\/2024\/09\/resim_2024-09-05_232555809-285x190.png 285w, https:\/\/emtancons.com\/wp-content\/uploads\/2024\/09\/resim_2024-09-05_232555809-600x400.png 600w, https:\/\/emtancons.com\/wp-content\/uploads\/2024\/09\/resim_2024-09-05_232555809-560x374.png 560w\" sizes=\"(max-width: 1000px) 100vw, 1000px\" \/><\/a>\n\t\t\t<\/div><\/figure><figure class='gallery-item'>\n\t\t\t<div class='gallery-icon landscape'>\n\t\t\t\t<a data-elementor-open-lightbox=\"yes\" data-elementor-lightbox-slideshow=\"7fe327ef\" data-elementor-lightbox-title=\"resim_2024-09-05_232544861\" data-e-action-hash=\"#elementor-action%3Aaction%3Dlightbox%26settings%3DeyJpZCI6MTEyODUsInVybCI6Imh0dHBzOlwvXC9lbXRhbmNvbnMuY29tXC93cC1jb250ZW50XC91cGxvYWRzXC8yMDI0XC8wOVwvcmVzaW1fMjAyNC0wOS0wNV8yMzI1NDQ4NjEucG5nIiwic2xpZGVzaG93IjoiN2ZlMzI3ZWYifQ%3D%3D\" href='https:\/\/emtancons.com\/wp-content\/uploads\/2024\/09\/resim_2024-09-05_232544861.png'><img decoding=\"async\" width=\"1000\" height=\"632\" src=\"https:\/\/emtancons.com\/wp-content\/uploads\/2024\/09\/resim_2024-09-05_232544861.png\" class=\"attachment-full size-full\" alt=\"\" srcset=\"https:\/\/emtancons.com\/wp-content\/uploads\/2024\/09\/resim_2024-09-05_232544861.png 1000w, https:\/\/emtancons.com\/wp-content\/uploads\/2024\/09\/resim_2024-09-05_232544861-300x190.png 300w, https:\/\/emtancons.com\/wp-content\/uploads\/2024\/09\/resim_2024-09-05_232544861-768x485.png 768w, https:\/\/emtancons.com\/wp-content\/uploads\/2024\/09\/resim_2024-09-05_232544861-350x221.png 350w, https:\/\/emtancons.com\/wp-content\/uploads\/2024\/09\/resim_2024-09-05_232544861-370x234.png 370w, https:\/\/emtancons.com\/wp-content\/uploads\/2024\/09\/resim_2024-09-05_232544861-255x161.png 255w, https:\/\/emtancons.com\/wp-content\/uploads\/2024\/09\/resim_2024-09-05_232544861-285x180.png 285w, https:\/\/emtancons.com\/wp-content\/uploads\/2024\/09\/resim_2024-09-05_232544861-600x379.png 600w, https:\/\/emtancons.com\/wp-content\/uploads\/2024\/09\/resim_2024-09-05_232544861-560x354.png 560w\" sizes=\"(max-width: 1000px) 100vw, 1000px\" \/><\/a>\n\t\t\t<\/div><\/figure>\n\t\t<\/div>\n\t\t<\/div>\n\t\t\t\t\t\t<\/div>\n\t\t\t\t<\/div>\n\t\t\t\t\t<\/div>\n\t\t<\/div>\n\t\t\t\t\t<\/div>\n\t\t<\/section>\n\t\t\t\t<\/div>\n\t\t","protected":false},"excerpt":{"rendered":"<p>Detalles del proyecto GAU Millenium Mall KYRENIA CENTER, KYRENIA Dise\u00f1o y arquitectura del edificio El dise\u00f1o del centro comercial GAU Millennium Mall adopta un enfoque arquitect\u00f3nico moderno e innovador. El edificio tiene un exterior est\u00e9ticamente llamativo, con una estructura en capas que refleja las diferentes funciones del interior. Este exterior, creado mediante la combinaci\u00f3n de [&hellip;]<\/p>\n","protected":false},"author":1,"featured_media":0,"parent":0,"menu_order":0,"comment_status":"closed","ping_status":"closed","template":"elementor_header_footer","meta":{"footnotes":""},"class_list":["post-11284","page","type-page","status-publish","hentry"],"yoast_head":"<!-- This site is optimized with the Yoast SEO plugin v27.1.1 - https:\/\/yoast.com\/product\/yoast-seo-wordpress\/ -->\n<title>Gau Millenium Mall - Emtan \u0130n\u015faat<\/title>\n<meta name=\"robots\" content=\"index, follow, max-snippet:-1, max-image-preview:large, max-video-preview:-1\" \/>\n<link rel=\"canonical\" href=\"https:\/\/emtancons.com\/gau-millenium-mall\/\" \/>\n<meta property=\"og:locale\" content=\"pl_PL\" \/>\n<meta property=\"og:type\" content=\"article\" \/>\n<meta property=\"og:title\" content=\"Gau Millenium Mall - Emtan \u0130n\u015faat\" \/>\n<meta property=\"og:description\" content=\"Detalles del proyecto GAU Millenium Mall KYRENIA CENTER, KYRENIA Dise\u00f1o y arquitectura del edificio El dise\u00f1o del centro comercial GAU Millennium Mall adopta un enfoque arquitect\u00f3nico moderno e innovador. El edificio tiene un exterior est\u00e9ticamente llamativo, con una estructura en capas que refleja las diferentes funciones del interior. Este exterior, creado mediante la combinaci\u00f3n de [&hellip;]\" \/>\n<meta property=\"og:url\" content=\"https:\/\/emtancons.com\/gau-millenium-mall\/\" \/>\n<meta property=\"og:site_name\" content=\"Emtan \u0130n\u015faat\" \/>\n<meta property=\"article:modified_time\" content=\"2026-02-27T14:01:49+00:00\" \/>\n<meta property=\"og:image\" content=\"https:\/\/emtancons.com\/wp-content\/uploads\/2024\/09\/resim_2024-09-05_232555809.png\" \/>\n<meta name=\"twitter:card\" content=\"summary_large_image\" \/>\n<meta name=\"twitter:label1\" content=\"Szacowany czas czytania\" \/>\n\t<meta name=\"twitter:data1\" content=\"3 minuty\" \/>\n<script type=\"application\/ld+json\" class=\"yoast-schema-graph\">{\"@context\":\"https:\/\/schema.org\",\"@graph\":[{\"@type\":\"WebPage\",\"@id\":\"https:\/\/emtancons.com\/gau-millenium-mall\/\",\"url\":\"https:\/\/emtancons.com\/gau-millenium-mall\/\",\"name\":\"Gau Millenium Mall - Emtan \u0130n\u015faat\",\"isPartOf\":{\"@id\":\"https:\/\/emtancons.com\/#website\"},\"primaryImageOfPage\":{\"@id\":\"https:\/\/emtancons.com\/gau-millenium-mall\/#primaryimage\"},\"image\":{\"@id\":\"https:\/\/emtancons.com\/gau-millenium-mall\/#primaryimage\"},\"thumbnailUrl\":\"https:\/\/emtancons.com\/wp-content\/uploads\/2024\/09\/resim_2024-09-05_232555809.png\",\"datePublished\":\"2024-09-05T20:29:44+00:00\",\"dateModified\":\"2026-02-27T14:01:49+00:00\",\"breadcrumb\":{\"@id\":\"https:\/\/emtancons.com\/gau-millenium-mall\/#breadcrumb\"},\"inLanguage\":\"pl-PL\",\"potentialAction\":[{\"@type\":\"ReadAction\",\"target\":[\"https:\/\/emtancons.com\/gau-millenium-mall\/\"]}]},{\"@type\":\"ImageObject\",\"inLanguage\":\"pl-PL\",\"@id\":\"https:\/\/emtancons.com\/gau-millenium-mall\/#primaryimage\",\"url\":\"https:\/\/emtancons.com\/wp-content\/uploads\/2024\/09\/resim_2024-09-05_232555809.png\",\"contentUrl\":\"https:\/\/emtancons.com\/wp-content\/uploads\/2024\/09\/resim_2024-09-05_232555809.png\"},{\"@type\":\"BreadcrumbList\",\"@id\":\"https:\/\/emtancons.com\/gau-millenium-mall\/#breadcrumb\",\"itemListElement\":[{\"@type\":\"ListItem\",\"position\":1,\"name\":\"Anasayfa\",\"item\":\"https:\/\/emtancons.com\/\"},{\"@type\":\"ListItem\",\"position\":2,\"name\":\"Gau Millenium Mall\"}]},{\"@type\":\"WebSite\",\"@id\":\"https:\/\/emtancons.com\/#website\",\"url\":\"https:\/\/emtancons.com\/\",\"name\":\"Emtan \u0130n\u015faat\",\"description\":\"\",\"potentialAction\":[{\"@type\":\"SearchAction\",\"target\":{\"@type\":\"EntryPoint\",\"urlTemplate\":\"https:\/\/emtancons.com\/?s={search_term_string}\"},\"query-input\":{\"@type\":\"PropertyValueSpecification\",\"valueRequired\":true,\"valueName\":\"search_term_string\"}}],\"inLanguage\":\"pl-PL\"}]}<\/script>\n<!-- \/ Yoast SEO plugin. -->","yoast_head_json":{"title":"Gau Millenium Mall - Emtan \u0130n\u015faat","robots":{"index":"index","follow":"follow","max-snippet":"max-snippet:-1","max-image-preview":"max-image-preview:large","max-video-preview":"max-video-preview:-1"},"canonical":"https:\/\/emtancons.com\/gau-millenium-mall\/","og_locale":"pl_PL","og_type":"article","og_title":"Gau Millenium Mall - Emtan \u0130n\u015faat","og_description":"Detalles del proyecto GAU Millenium Mall KYRENIA CENTER, KYRENIA Dise\u00f1o y arquitectura del edificio El dise\u00f1o del centro comercial GAU Millennium Mall adopta un enfoque arquitect\u00f3nico moderno e innovador. El edificio tiene un exterior est\u00e9ticamente llamativo, con una estructura en capas que refleja las diferentes funciones del interior. Este exterior, creado mediante la combinaci\u00f3n de [&hellip;]","og_url":"https:\/\/emtancons.com\/gau-millenium-mall\/","og_site_name":"Emtan \u0130n\u015faat","article_modified_time":"2026-02-27T14:01:49+00:00","og_image":[{"url":"https:\/\/emtancons.com\/wp-content\/uploads\/2024\/09\/resim_2024-09-05_232555809.png","type":"","width":"","height":""}],"twitter_card":"summary_large_image","twitter_misc":{"Szacowany czas czytania":"3 minuty"},"schema":{"@context":"https:\/\/schema.org","@graph":[{"@type":"WebPage","@id":"https:\/\/emtancons.com\/gau-millenium-mall\/","url":"https:\/\/emtancons.com\/gau-millenium-mall\/","name":"Gau Millenium Mall - Emtan \u0130n\u015faat","isPartOf":{"@id":"https:\/\/emtancons.com\/#website"},"primaryImageOfPage":{"@id":"https:\/\/emtancons.com\/gau-millenium-mall\/#primaryimage"},"image":{"@id":"https:\/\/emtancons.com\/gau-millenium-mall\/#primaryimage"},"thumbnailUrl":"https:\/\/emtancons.com\/wp-content\/uploads\/2024\/09\/resim_2024-09-05_232555809.png","datePublished":"2024-09-05T20:29:44+00:00","dateModified":"2026-02-27T14:01:49+00:00","breadcrumb":{"@id":"https:\/\/emtancons.com\/gau-millenium-mall\/#breadcrumb"},"inLanguage":"pl-PL","potentialAction":[{"@type":"ReadAction","target":["https:\/\/emtancons.com\/gau-millenium-mall\/"]}]},{"@type":"ImageObject","inLanguage":"pl-PL","@id":"https:\/\/emtancons.com\/gau-millenium-mall\/#primaryimage","url":"https:\/\/emtancons.com\/wp-content\/uploads\/2024\/09\/resim_2024-09-05_232555809.png","contentUrl":"https:\/\/emtancons.com\/wp-content\/uploads\/2024\/09\/resim_2024-09-05_232555809.png"},{"@type":"BreadcrumbList","@id":"https:\/\/emtancons.com\/gau-millenium-mall\/#breadcrumb","itemListElement":[{"@type":"ListItem","position":1,"name":"Anasayfa","item":"https:\/\/emtancons.com\/"},{"@type":"ListItem","position":2,"name":"Gau Millenium Mall"}]},{"@type":"WebSite","@id":"https:\/\/emtancons.com\/#website","url":"https:\/\/emtancons.com\/","name":"Emtan \u0130n\u015faat","description":"","potentialAction":[{"@type":"SearchAction","target":{"@type":"EntryPoint","urlTemplate":"https:\/\/emtancons.com\/?s={search_term_string}"},"query-input":{"@type":"PropertyValueSpecification","valueRequired":true,"valueName":"search_term_string"}}],"inLanguage":"pl-PL"}]}},"_links":{"self":[{"href":"https:\/\/emtancons.com\/pl\/wp-json\/wp\/v2\/pages\/11284","targetHints":{"allow":["GET"]}}],"collection":[{"href":"https:\/\/emtancons.com\/pl\/wp-json\/wp\/v2\/pages"}],"about":[{"href":"https:\/\/emtancons.com\/pl\/wp-json\/wp\/v2\/types\/page"}],"author":[{"embeddable":true,"href":"https:\/\/emtancons.com\/pl\/wp-json\/wp\/v2\/users\/1"}],"replies":[{"embeddable":true,"href":"https:\/\/emtancons.com\/pl\/wp-json\/wp\/v2\/comments?post=11284"}],"version-history":[{"count":3,"href":"https:\/\/emtancons.com\/pl\/wp-json\/wp\/v2\/pages\/11284\/revisions"}],"predecessor-version":[{"id":11290,"href":"https:\/\/emtancons.com\/pl\/wp-json\/wp\/v2\/pages\/11284\/revisions\/11290"}],"wp:attachment":[{"href":"https:\/\/emtancons.com\/pl\/wp-json\/wp\/v2\/media?parent=11284"}],"curies":[{"name":"wp","href":"https:\/\/api.w.org\/{rel}","templated":true}]}}