{"id":11278,"date":"2024-09-05T23:33:07","date_gmt":"2024-09-05T20:33:07","guid":{"rendered":"https:\/\/emtancons.com\/gau-karmi-campus\/"},"modified":"2026-02-27T16:58:35","modified_gmt":"2026-02-27T13:58:35","slug":"gau-karmi-campus","status":"publish","type":"page","link":"https:\/\/emtancons.com\/pl\/gau-karmi-campus\/","title":{"rendered":"Gau Karmi Campus"},"content":{"rendered":"\t\t<div data-elementor-type=\"wp-page\" data-elementor-id=\"11278\" class=\"elementor elementor-11278 elementor-2337\" data-elementor-post-type=\"page\">\n\t\t\t\t\t\t<section class=\"elementor-section elementor-top-section elementor-element elementor-element-46b022c1 elementor-section-content-middle elementor-section-boxed elementor-section-height-default elementor-section-height-default\" data-id=\"46b022c1\" data-element_type=\"section\" data-e-type=\"section\" data-settings=\"{&quot;background_background&quot;:&quot;classic&quot;}\">\n\t\t\t\t\t\t\t<div class=\"elementor-background-overlay\"><\/div>\n\t\t\t\t\t\t\t<div class=\"elementor-container elementor-column-gap-default\">\n\t\t\t\t\t<div class=\"elementor-column elementor-col-50 elementor-top-column elementor-element elementor-element-53faff9d\" data-id=\"53faff9d\" data-element_type=\"column\" data-e-type=\"column\">\n\t\t\t<div class=\"elementor-widget-wrap elementor-element-populated\">\n\t\t\t\t\t\t<div class=\"elementor-element elementor-element-1e583b37 elementor-widget elementor-widget-heading\" data-id=\"1e583b37\" data-element_type=\"widget\" data-e-type=\"widget\" data-widget_type=\"heading.default\">\n\t\t\t\t<div class=\"elementor-widget-container\">\n\t\t\t\t\t<h2 class=\"elementor-heading-title elementor-size-default\">Detalles del proyecto<\/h2>\t\t\t\t<\/div>\n\t\t\t\t<\/div>\n\t\t\t\t<div class=\"elementor-element elementor-element-49e2a93b elementor-invisible elementor-widget elementor-widget-heading\" data-id=\"49e2a93b\" data-element_type=\"widget\" data-e-type=\"widget\" data-settings=\"{&quot;_animation&quot;:&quot;fadeInUp&quot;}\" data-widget_type=\"heading.default\">\n\t\t\t\t<div class=\"elementor-widget-container\">\n\t\t\t\t\t<h2 class=\"elementor-heading-title elementor-size-default\">GAU Karmi Campus\n<\/h2>\t\t\t\t<\/div>\n\t\t\t\t<\/div>\n\t\t\t\t<div class=\"elementor-element elementor-element-20f4b140 elementor-icon-list--layout-inline elementor-list-item-link-full_width elementor-widget elementor-widget-icon-list\" data-id=\"20f4b140\" data-element_type=\"widget\" data-e-type=\"widget\" data-widget_type=\"icon-list.default\">\n\t\t\t\t<div class=\"elementor-widget-container\">\n\t\t\t\t\t\t\t<ul class=\"elementor-icon-list-items elementor-inline-items\">\n\t\t\t\t\t\t\t<li class=\"elementor-icon-list-item elementor-inline-item\">\n\t\t\t\t\t\t\t\t\t\t\t<a href=\"#\">\n\n\t\t\t\t\t\t\t\t\t\t\t\t<span class=\"elementor-icon-list-icon\">\n\t\t\t\t\t\t\t<i aria-hidden=\"true\" class=\"fas fa-arrow-right\"><\/i>\t\t\t\t\t\t<\/span>\n\t\t\t\t\t\t\t\t\t\t<span class=\"elementor-icon-list-text\">KYRENIA CENTER, KYRENIA<\/span>\n\t\t\t\t\t\t\t\t\t\t\t<\/a>\n\t\t\t\t\t\t\t\t\t<\/li>\n\t\t\t\t\t\t<\/ul>\n\t\t\t\t\t\t<\/div>\n\t\t\t\t<\/div>\n\t\t\t\t\t<\/div>\n\t\t<\/div>\n\t\t\t\t<div class=\"elementor-column elementor-col-50 elementor-top-column elementor-element elementor-element-36289578\" data-id=\"36289578\" data-element_type=\"column\" data-e-type=\"column\">\n\t\t\t<div class=\"elementor-widget-wrap\">\n\t\t\t\t\t\t\t<\/div>\n\t\t<\/div>\n\t\t\t\t\t<\/div>\n\t\t<\/section>\n\t\t\t\t<section class=\"elementor-section elementor-top-section elementor-element elementor-element-d5bb125 elementor-section-boxed elementor-section-height-default elementor-section-height-default\" data-id=\"d5bb125\" data-element_type=\"section\" data-e-type=\"section\">\n\t\t\t\t\t\t\t<div class=\"elementor-background-overlay\"><\/div>\n\t\t\t\t\t\t\t<div class=\"elementor-container elementor-column-gap-default\">\n\t\t\t\t\t<div class=\"elementor-column elementor-col-50 elementor-top-column elementor-element elementor-element-30eb56e5 elementor-invisible\" data-id=\"30eb56e5\" data-element_type=\"column\" data-e-type=\"column\" data-settings=\"{&quot;background_background&quot;:&quot;classic&quot;,&quot;animation&quot;:&quot;slideInUp&quot;}\">\n\t\t\t<div class=\"elementor-widget-wrap elementor-element-populated\">\n\t\t\t\t\t\t<div class=\"elementor-element elementor-element-6a64bc7f elementor-widget elementor-widget-text-editor\" data-id=\"6a64bc7f\" data-element_type=\"widget\" data-e-type=\"widget\" data-widget_type=\"text-editor.default\">\n\t\t\t\t<div class=\"elementor-widget-container\">\n\t\t\t\t\t\t\t\t\t<h5>Arquitectura general y armon\u00eda con el entorno<\/h5><p>El dise\u00f1o de los edificios del campus Karmi presenta un enfoque moderno y minimalista sin perjudicar la belleza natural del entorno. Las piedras naturales utilizadas en la arquitectura proporcionan un aspecto armonioso con la naturaleza en todo el campus. Los edificios est\u00e1n dise\u00f1ados con amplios balcones, revestimientos de piedra y grandes superficies acristaladas inspiradas en la arquitectura tradicional chipriota. Gracias a estas superficies acristaladas, los edificios reciben luz natural y se consigue un ahorro energ\u00e9tico. Esto garantiza que el campus sea sostenible en t\u00e9rminos de eficiencia energ\u00e9tica.<\/p><h5>Dise\u00f1o funcional<\/h5><p>El dise\u00f1o de los edificios del campus Karmi de la GAU est\u00e1 pensado para satisfacer las necesidades acad\u00e9micas y sociales de los estudiantes. Las aulas son amplias, modernas y cuentan con infraestructura tecnol\u00f3gica. Hay zonas donde los estudiantes pueden realizar trabajos en grupo, estudiar individualmente y zonas comunes. Cada edificio est\u00e1 construido para cumplir un prop\u00f3sito espec\u00edfico; se han asignado edificios especiales para diferentes unidades, como bibliotecas, laboratorios, salas de inform\u00e1tica, salas de conferencias y clubes de estudiantes.<\/p><h5>Paisaje natural y espacios abiertos<\/h5><p>En la distribuci\u00f3n de los edificios del campus Karmi se ha prestado especial atenci\u00f3n a la conservaci\u00f3n de las zonas verdes y a la presencia de grandes parques. Los edificios est\u00e1n rodeados de amplios jardines y senderos. Estos espacios abiertos, donde los estudiantes pueden relajarse, hacer deporte o socializar durante los descansos, constituyen una parte importante de la vida del campus.<\/p>\t\t\t\t\t\t\t\t<\/div>\n\t\t\t\t<\/div>\n\t\t\t\t\t<\/div>\n\t\t<\/div>\n\t\t\t\t<div class=\"elementor-column elementor-col-50 elementor-top-column elementor-element elementor-element-2e01de64\" data-id=\"2e01de64\" data-element_type=\"column\" data-e-type=\"column\">\n\t\t\t<div class=\"elementor-widget-wrap\">\n\t\t\t\t\t\t\t<\/div>\n\t\t<\/div>\n\t\t\t\t\t<\/div>\n\t\t<\/section>\n\t\t\t\t<section class=\"elementor-section elementor-top-section elementor-element elementor-element-51661062 elementor-section-full_width elementor-section-height-default elementor-section-height-default\" data-id=\"51661062\" data-element_type=\"section\" data-e-type=\"section\">\n\t\t\t\t\t\t<div class=\"elementor-container elementor-column-gap-default\">\n\t\t\t\t\t<div class=\"elementor-column elementor-col-100 elementor-top-column elementor-element elementor-element-16a8c763\" data-id=\"16a8c763\" data-element_type=\"column\" data-e-type=\"column\">\n\t\t\t<div class=\"elementor-widget-wrap elementor-element-populated\">\n\t\t\t\t\t\t<div class=\"elementor-element elementor-element-42f67e4e gallery-spacing-custom elementor-widget elementor-widget-image-gallery\" data-id=\"42f67e4e\" data-element_type=\"widget\" data-e-type=\"widget\" data-widget_type=\"image-gallery.default\">\n\t\t\t\t<div class=\"elementor-widget-container\">\n\t\t\t\t\t\t\t<div class=\"elementor-image-gallery\">\n\t\t\t<div id='gallery-1' class='gallery galleryid-11278 gallery-columns-3 gallery-size-full'><figure class='gallery-item'>\n\t\t\t<div class='gallery-icon landscape'>\n\t\t\t\t<a data-elementor-open-lightbox=\"yes\" data-elementor-lightbox-slideshow=\"42f67e4e\" data-elementor-lightbox-title=\"resim_2024-09-05_232914481\" data-e-action-hash=\"#elementor-action%3Aaction%3Dlightbox%26settings%3DeyJpZCI6MTEyNzksInVybCI6Imh0dHBzOlwvXC9lbXRhbmNvbnMuY29tXC93cC1jb250ZW50XC91cGxvYWRzXC8yMDI0XC8wOVwvcmVzaW1fMjAyNC0wOS0wNV8yMzI5MTQ0ODEucG5nIiwic2xpZGVzaG93IjoiNDJmNjdlNGUifQ%3D%3D\" href='https:\/\/emtancons.com\/wp-content\/uploads\/2024\/09\/resim_2024-09-05_232914481.png'><img fetchpriority=\"high\" decoding=\"async\" width=\"1000\" height=\"667\" src=\"https:\/\/emtancons.com\/wp-content\/uploads\/2024\/09\/resim_2024-09-05_232914481.png\" class=\"attachment-full size-full\" alt=\"\" srcset=\"https:\/\/emtancons.com\/wp-content\/uploads\/2024\/09\/resim_2024-09-05_232914481.png 1000w, https:\/\/emtancons.com\/wp-content\/uploads\/2024\/09\/resim_2024-09-05_232914481-300x200.png 300w, https:\/\/emtancons.com\/wp-content\/uploads\/2024\/09\/resim_2024-09-05_232914481-768x512.png 768w, https:\/\/emtancons.com\/wp-content\/uploads\/2024\/09\/resim_2024-09-05_232914481-350x233.png 350w, https:\/\/emtancons.com\/wp-content\/uploads\/2024\/09\/resim_2024-09-05_232914481-370x247.png 370w, https:\/\/emtancons.com\/wp-content\/uploads\/2024\/09\/resim_2024-09-05_232914481-255x170.png 255w, https:\/\/emtancons.com\/wp-content\/uploads\/2024\/09\/resim_2024-09-05_232914481-285x190.png 285w, https:\/\/emtancons.com\/wp-content\/uploads\/2024\/09\/resim_2024-09-05_232914481-600x400.png 600w, https:\/\/emtancons.com\/wp-content\/uploads\/2024\/09\/resim_2024-09-05_232914481-560x374.png 560w\" sizes=\"(max-width: 1000px) 100vw, 1000px\" \/><\/a>\n\t\t\t<\/div><\/figure><figure class='gallery-item'>\n\t\t\t<div class='gallery-icon landscape'>\n\t\t\t\t<a data-elementor-open-lightbox=\"yes\" data-elementor-lightbox-slideshow=\"42f67e4e\" data-elementor-lightbox-title=\"Emtan All Completed Projects_.00_18_09_18.Still124\" data-e-action-hash=\"#elementor-action%3Aaction%3Dlightbox%26settings%3DeyJpZCI6OTYzMCwidXJsIjoiaHR0cHM6XC9cL2VtdGFuY29ucy5jb21cL3dwLWNvbnRlbnRcL3VwbG9hZHNcLzIwMjVcLzExXC9FbXRhbi1BbGwtQ29tcGxldGVkLVByb2plY3RzXy4wMF8xOF8wOV8xOC5TdGlsbDEyNC53ZWJwIiwic2xpZGVzaG93IjoiNDJmNjdlNGUifQ%3D%3D\" href='https:\/\/emtancons.com\/wp-content\/uploads\/2025\/11\/Emtan-All-Completed-Projects_.00_18_09_18.Still124.webp'><img decoding=\"async\" width=\"1200\" height=\"675\" src=\"https:\/\/emtancons.com\/wp-content\/uploads\/2025\/11\/Emtan-All-Completed-Projects_.00_18_09_18.Still124.webp\" class=\"attachment-full size-full\" alt=\"\" srcset=\"https:\/\/emtancons.com\/wp-content\/uploads\/2025\/11\/Emtan-All-Completed-Projects_.00_18_09_18.Still124.webp 1200w, https:\/\/emtancons.com\/wp-content\/uploads\/2025\/11\/Emtan-All-Completed-Projects_.00_18_09_18.Still124-300x169.webp 300w, https:\/\/emtancons.com\/wp-content\/uploads\/2025\/11\/Emtan-All-Completed-Projects_.00_18_09_18.Still124-1024x576.webp 1024w, https:\/\/emtancons.com\/wp-content\/uploads\/2025\/11\/Emtan-All-Completed-Projects_.00_18_09_18.Still124-768x432.webp 768w\" sizes=\"(max-width: 1200px) 100vw, 1200px\" \/><\/a>\n\t\t\t<\/div><\/figure><figure class='gallery-item'>\n\t\t\t<div class='gallery-icon landscape'>\n\t\t\t\t<a data-elementor-open-lightbox=\"yes\" data-elementor-lightbox-slideshow=\"42f67e4e\" data-elementor-lightbox-title=\"Emtan All Completed Projects_.00_18_19_04.Still125\" data-e-action-hash=\"#elementor-action%3Aaction%3Dlightbox%26settings%3DeyJpZCI6OTYyNSwidXJsIjoiaHR0cHM6XC9cL2VtdGFuY29ucy5jb21cL3dwLWNvbnRlbnRcL3VwbG9hZHNcLzIwMjVcLzExXC9FbXRhbi1BbGwtQ29tcGxldGVkLVByb2plY3RzXy4wMF8xOF8xOV8wNC5TdGlsbDEyNS53ZWJwIiwic2xpZGVzaG93IjoiNDJmNjdlNGUifQ%3D%3D\" href='https:\/\/emtancons.com\/wp-content\/uploads\/2025\/11\/Emtan-All-Completed-Projects_.00_18_19_04.Still125.webp'><img decoding=\"async\" width=\"1200\" height=\"675\" src=\"https:\/\/emtancons.com\/wp-content\/uploads\/2025\/11\/Emtan-All-Completed-Projects_.00_18_19_04.Still125.webp\" class=\"attachment-full size-full\" alt=\"\" srcset=\"https:\/\/emtancons.com\/wp-content\/uploads\/2025\/11\/Emtan-All-Completed-Projects_.00_18_19_04.Still125.webp 1200w, https:\/\/emtancons.com\/wp-content\/uploads\/2025\/11\/Emtan-All-Completed-Projects_.00_18_19_04.Still125-300x169.webp 300w, https:\/\/emtancons.com\/wp-content\/uploads\/2025\/11\/Emtan-All-Completed-Projects_.00_18_19_04.Still125-1024x576.webp 1024w, https:\/\/emtancons.com\/wp-content\/uploads\/2025\/11\/Emtan-All-Completed-Projects_.00_18_19_04.Still125-768x432.webp 768w\" sizes=\"(max-width: 1200px) 100vw, 1200px\" \/><\/a>\n\t\t\t<\/div><\/figure><figure class='gallery-item'>\n\t\t\t<div class='gallery-icon landscape'>\n\t\t\t\t<a data-elementor-open-lightbox=\"yes\" data-elementor-lightbox-slideshow=\"42f67e4e\" data-elementor-lightbox-title=\"Emtan All Completed Projects_.00_18_22_21.Still126\" data-e-action-hash=\"#elementor-action%3Aaction%3Dlightbox%26settings%3DeyJpZCI6OTYyMCwidXJsIjoiaHR0cHM6XC9cL2VtdGFuY29ucy5jb21cL3dwLWNvbnRlbnRcL3VwbG9hZHNcLzIwMjVcLzExXC9FbXRhbi1BbGwtQ29tcGxldGVkLVByb2plY3RzXy4wMF8xOF8yMl8yMS5TdGlsbDEyNi53ZWJwIiwic2xpZGVzaG93IjoiNDJmNjdlNGUifQ%3D%3D\" href='https:\/\/emtancons.com\/wp-content\/uploads\/2025\/11\/Emtan-All-Completed-Projects_.00_18_22_21.Still126.webp'><img loading=\"lazy\" decoding=\"async\" width=\"1200\" height=\"675\" src=\"https:\/\/emtancons.com\/wp-content\/uploads\/2025\/11\/Emtan-All-Completed-Projects_.00_18_22_21.Still126.webp\" class=\"attachment-full size-full\" alt=\"\" srcset=\"https:\/\/emtancons.com\/wp-content\/uploads\/2025\/11\/Emtan-All-Completed-Projects_.00_18_22_21.Still126.webp 1200w, https:\/\/emtancons.com\/wp-content\/uploads\/2025\/11\/Emtan-All-Completed-Projects_.00_18_22_21.Still126-300x169.webp 300w, https:\/\/emtancons.com\/wp-content\/uploads\/2025\/11\/Emtan-All-Completed-Projects_.00_18_22_21.Still126-1024x576.webp 1024w, https:\/\/emtancons.com\/wp-content\/uploads\/2025\/11\/Emtan-All-Completed-Projects_.00_18_22_21.Still126-768x432.webp 768w\" sizes=\"(max-width: 1200px) 100vw, 1200px\" \/><\/a>\n\t\t\t<\/div><\/figure><figure class='gallery-item'>\n\t\t\t<div class='gallery-icon landscape'>\n\t\t\t\t<a data-elementor-open-lightbox=\"yes\" data-elementor-lightbox-slideshow=\"42f67e4e\" data-elementor-lightbox-title=\"Emtan All Completed Projects_.00_18_47_06.Still128\" data-e-action-hash=\"#elementor-action%3Aaction%3Dlightbox%26settings%3DeyJpZCI6OTYxNSwidXJsIjoiaHR0cHM6XC9cL2VtdGFuY29ucy5jb21cL3dwLWNvbnRlbnRcL3VwbG9hZHNcLzIwMjVcLzExXC9FbXRhbi1BbGwtQ29tcGxldGVkLVByb2plY3RzXy4wMF8xOF80N18wNi5TdGlsbDEyOC53ZWJwIiwic2xpZGVzaG93IjoiNDJmNjdlNGUifQ%3D%3D\" href='https:\/\/emtancons.com\/wp-content\/uploads\/2025\/11\/Emtan-All-Completed-Projects_.00_18_47_06.Still128.webp'><img loading=\"lazy\" decoding=\"async\" width=\"1200\" height=\"675\" src=\"https:\/\/emtancons.com\/wp-content\/uploads\/2025\/11\/Emtan-All-Completed-Projects_.00_18_47_06.Still128.webp\" class=\"attachment-full size-full\" alt=\"\" srcset=\"https:\/\/emtancons.com\/wp-content\/uploads\/2025\/11\/Emtan-All-Completed-Projects_.00_18_47_06.Still128.webp 1200w, https:\/\/emtancons.com\/wp-content\/uploads\/2025\/11\/Emtan-All-Completed-Projects_.00_18_47_06.Still128-300x169.webp 300w, https:\/\/emtancons.com\/wp-content\/uploads\/2025\/11\/Emtan-All-Completed-Projects_.00_18_47_06.Still128-1024x576.webp 1024w, https:\/\/emtancons.com\/wp-content\/uploads\/2025\/11\/Emtan-All-Completed-Projects_.00_18_47_06.Still128-768x432.webp 768w\" sizes=\"(max-width: 1200px) 100vw, 1200px\" \/><\/a>\n\t\t\t<\/div><\/figure>\n\t\t<\/div>\n\t\t<\/div>\n\t\t\t\t\t\t<\/div>\n\t\t\t\t<\/div>\n\t\t\t\t\t<\/div>\n\t\t<\/div>\n\t\t\t\t\t<\/div>\n\t\t<\/section>\n\t\t\t\t<\/div>\n\t\t","protected":false},"excerpt":{"rendered":"<p>Detalles del proyecto GAU Karmi Campus KYRENIA CENTER, KYRENIA Arquitectura general y armon\u00eda con el entorno El dise\u00f1o de los edificios del campus Karmi presenta un enfoque moderno y minimalista sin perjudicar la belleza natural del entorno. Las piedras naturales utilizadas en la arquitectura proporcionan un aspecto armonioso con la naturaleza en todo el campus. [&hellip;]<\/p>\n","protected":false},"author":1,"featured_media":0,"parent":0,"menu_order":0,"comment_status":"closed","ping_status":"closed","template":"elementor_header_footer","meta":{"footnotes":""},"class_list":["post-11278","page","type-page","status-publish","hentry"],"yoast_head":"<!-- This site is optimized with the Yoast SEO plugin v27.1.1 - https:\/\/yoast.com\/product\/yoast-seo-wordpress\/ -->\n<title>Gau Karmi Campus - Emtan \u0130n\u015faat<\/title>\n<meta name=\"robots\" content=\"index, follow, max-snippet:-1, max-image-preview:large, max-video-preview:-1\" \/>\n<link rel=\"canonical\" href=\"https:\/\/emtancons.com\/en\/gau-karmi-campus\/\" \/>\n<meta property=\"og:locale\" content=\"pl_PL\" \/>\n<meta property=\"og:type\" content=\"article\" \/>\n<meta property=\"og:title\" content=\"Gau Karmi Campus - Emtan \u0130n\u015faat\" \/>\n<meta property=\"og:description\" content=\"Detalles del proyecto GAU Karmi Campus KYRENIA CENTER, KYRENIA Arquitectura general y armon\u00eda con el entorno El dise\u00f1o de los edificios del campus Karmi presenta un enfoque moderno y minimalista sin perjudicar la belleza natural del entorno. Las piedras naturales utilizadas en la arquitectura proporcionan un aspecto armonioso con la naturaleza en todo el campus. [&hellip;]\" \/>\n<meta property=\"og:url\" content=\"https:\/\/emtancons.com\/en\/gau-karmi-campus\/\" \/>\n<meta property=\"og:site_name\" content=\"Emtan \u0130n\u015faat\" \/>\n<meta property=\"article:modified_time\" content=\"2026-02-27T13:58:35+00:00\" \/>\n<meta property=\"og:image\" content=\"https:\/\/emtancons.com\/wp-content\/uploads\/2024\/09\/resim_2024-09-05_232914481.png\" \/>\n<meta name=\"twitter:card\" content=\"summary_large_image\" \/>\n<meta name=\"twitter:label1\" content=\"Szacowany czas czytania\" \/>\n\t<meta name=\"twitter:data1\" content=\"2 minuty\" \/>\n<script type=\"application\/ld+json\" class=\"yoast-schema-graph\">{\"@context\":\"https:\/\/schema.org\",\"@graph\":[{\"@type\":\"WebPage\",\"@id\":\"https:\/\/emtancons.com\/en\/gau-karmi-campus\/\",\"url\":\"https:\/\/emtancons.com\/en\/gau-karmi-campus\/\",\"name\":\"Gau Karmi Campus - Emtan \u0130n\u015faat\",\"isPartOf\":{\"@id\":\"https:\/\/emtancons.com\/#website\"},\"primaryImageOfPage\":{\"@id\":\"https:\/\/emtancons.com\/en\/gau-karmi-campus\/#primaryimage\"},\"image\":{\"@id\":\"https:\/\/emtancons.com\/en\/gau-karmi-campus\/#primaryimage\"},\"thumbnailUrl\":\"https:\/\/emtancons.com\/wp-content\/uploads\/2024\/09\/resim_2024-09-05_232914481.png\",\"datePublished\":\"2024-09-05T20:33:07+00:00\",\"dateModified\":\"2026-02-27T13:58:35+00:00\",\"breadcrumb\":{\"@id\":\"https:\/\/emtancons.com\/en\/gau-karmi-campus\/#breadcrumb\"},\"inLanguage\":\"pl-PL\",\"potentialAction\":[{\"@type\":\"ReadAction\",\"target\":[\"https:\/\/emtancons.com\/en\/gau-karmi-campus\/\"]}]},{\"@type\":\"ImageObject\",\"inLanguage\":\"pl-PL\",\"@id\":\"https:\/\/emtancons.com\/en\/gau-karmi-campus\/#primaryimage\",\"url\":\"https:\/\/emtancons.com\/wp-content\/uploads\/2024\/09\/resim_2024-09-05_232914481.png\",\"contentUrl\":\"https:\/\/emtancons.com\/wp-content\/uploads\/2024\/09\/resim_2024-09-05_232914481.png\"},{\"@type\":\"BreadcrumbList\",\"@id\":\"https:\/\/emtancons.com\/en\/gau-karmi-campus\/#breadcrumb\",\"itemListElement\":[{\"@type\":\"ListItem\",\"position\":1,\"name\":\"Anasayfa\",\"item\":\"https:\/\/emtancons.com\/\"},{\"@type\":\"ListItem\",\"position\":2,\"name\":\"Gau Karmi Campus\"}]},{\"@type\":\"WebSite\",\"@id\":\"https:\/\/emtancons.com\/#website\",\"url\":\"https:\/\/emtancons.com\/\",\"name\":\"Emtan \u0130n\u015faat\",\"description\":\"\",\"potentialAction\":[{\"@type\":\"SearchAction\",\"target\":{\"@type\":\"EntryPoint\",\"urlTemplate\":\"https:\/\/emtancons.com\/?s={search_term_string}\"},\"query-input\":{\"@type\":\"PropertyValueSpecification\",\"valueRequired\":true,\"valueName\":\"search_term_string\"}}],\"inLanguage\":\"pl-PL\"}]}<\/script>\n<!-- \/ Yoast SEO plugin. -->","yoast_head_json":{"title":"Gau Karmi Campus - Emtan \u0130n\u015faat","robots":{"index":"index","follow":"follow","max-snippet":"max-snippet:-1","max-image-preview":"max-image-preview:large","max-video-preview":"max-video-preview:-1"},"canonical":"https:\/\/emtancons.com\/en\/gau-karmi-campus\/","og_locale":"pl_PL","og_type":"article","og_title":"Gau Karmi Campus - Emtan \u0130n\u015faat","og_description":"Detalles del proyecto GAU Karmi Campus KYRENIA CENTER, KYRENIA Arquitectura general y armon\u00eda con el entorno El dise\u00f1o de los edificios del campus Karmi presenta un enfoque moderno y minimalista sin perjudicar la belleza natural del entorno. Las piedras naturales utilizadas en la arquitectura proporcionan un aspecto armonioso con la naturaleza en todo el campus. [&hellip;]","og_url":"https:\/\/emtancons.com\/en\/gau-karmi-campus\/","og_site_name":"Emtan \u0130n\u015faat","article_modified_time":"2026-02-27T13:58:35+00:00","og_image":[{"url":"https:\/\/emtancons.com\/wp-content\/uploads\/2024\/09\/resim_2024-09-05_232914481.png","type":"","width":"","height":""}],"twitter_card":"summary_large_image","twitter_misc":{"Szacowany czas czytania":"2 minuty"},"schema":{"@context":"https:\/\/schema.org","@graph":[{"@type":"WebPage","@id":"https:\/\/emtancons.com\/en\/gau-karmi-campus\/","url":"https:\/\/emtancons.com\/en\/gau-karmi-campus\/","name":"Gau Karmi Campus - Emtan \u0130n\u015faat","isPartOf":{"@id":"https:\/\/emtancons.com\/#website"},"primaryImageOfPage":{"@id":"https:\/\/emtancons.com\/en\/gau-karmi-campus\/#primaryimage"},"image":{"@id":"https:\/\/emtancons.com\/en\/gau-karmi-campus\/#primaryimage"},"thumbnailUrl":"https:\/\/emtancons.com\/wp-content\/uploads\/2024\/09\/resim_2024-09-05_232914481.png","datePublished":"2024-09-05T20:33:07+00:00","dateModified":"2026-02-27T13:58:35+00:00","breadcrumb":{"@id":"https:\/\/emtancons.com\/en\/gau-karmi-campus\/#breadcrumb"},"inLanguage":"pl-PL","potentialAction":[{"@type":"ReadAction","target":["https:\/\/emtancons.com\/en\/gau-karmi-campus\/"]}]},{"@type":"ImageObject","inLanguage":"pl-PL","@id":"https:\/\/emtancons.com\/en\/gau-karmi-campus\/#primaryimage","url":"https:\/\/emtancons.com\/wp-content\/uploads\/2024\/09\/resim_2024-09-05_232914481.png","contentUrl":"https:\/\/emtancons.com\/wp-content\/uploads\/2024\/09\/resim_2024-09-05_232914481.png"},{"@type":"BreadcrumbList","@id":"https:\/\/emtancons.com\/en\/gau-karmi-campus\/#breadcrumb","itemListElement":[{"@type":"ListItem","position":1,"name":"Anasayfa","item":"https:\/\/emtancons.com\/"},{"@type":"ListItem","position":2,"name":"Gau Karmi Campus"}]},{"@type":"WebSite","@id":"https:\/\/emtancons.com\/#website","url":"https:\/\/emtancons.com\/","name":"Emtan \u0130n\u015faat","description":"","potentialAction":[{"@type":"SearchAction","target":{"@type":"EntryPoint","urlTemplate":"https:\/\/emtancons.com\/?s={search_term_string}"},"query-input":{"@type":"PropertyValueSpecification","valueRequired":true,"valueName":"search_term_string"}}],"inLanguage":"pl-PL"}]}},"_links":{"self":[{"href":"https:\/\/emtancons.com\/pl\/wp-json\/wp\/v2\/pages\/11278","targetHints":{"allow":["GET"]}}],"collection":[{"href":"https:\/\/emtancons.com\/pl\/wp-json\/wp\/v2\/pages"}],"about":[{"href":"https:\/\/emtancons.com\/pl\/wp-json\/wp\/v2\/types\/page"}],"author":[{"embeddable":true,"href":"https:\/\/emtancons.com\/pl\/wp-json\/wp\/v2\/users\/1"}],"replies":[{"embeddable":true,"href":"https:\/\/emtancons.com\/pl\/wp-json\/wp\/v2\/comments?post=11278"}],"version-history":[{"count":3,"href":"https:\/\/emtancons.com\/pl\/wp-json\/wp\/v2\/pages\/11278\/revisions"}],"predecessor-version":[{"id":11283,"href":"https:\/\/emtancons.com\/pl\/wp-json\/wp\/v2\/pages\/11278\/revisions\/11283"}],"wp:attachment":[{"href":"https:\/\/emtancons.com\/pl\/wp-json\/wp\/v2\/media?parent=11278"}],"curies":[{"name":"wp","href":"https:\/\/api.w.org\/{rel}","templated":true}]}}