{"id":11273,"date":"2024-09-05T23:24:02","date_gmt":"2024-09-05T20:24:02","guid":{"rendered":"https:\/\/emtancons.com\/gau-gordon-bennett-dormitory\/"},"modified":"2026-02-27T16:57:21","modified_gmt":"2026-02-27T13:57:21","slug":"gau-gordon-bennett-dormitory","status":"publish","type":"page","link":"https:\/\/emtancons.com\/pl\/gau-gordon-bennett-dormitory\/","title":{"rendered":"Gau Gordon Bennett Dormitory"},"content":{"rendered":"\t\t<div data-elementor-type=\"wp-page\" data-elementor-id=\"11273\" class=\"elementor elementor-11273 elementor-2336\" data-elementor-post-type=\"page\">\n\t\t\t\t\t\t<section class=\"elementor-section elementor-top-section elementor-element elementor-element-32e53e1b elementor-section-content-middle elementor-section-boxed elementor-section-height-default elementor-section-height-default\" data-id=\"32e53e1b\" data-element_type=\"section\" data-e-type=\"section\" data-settings=\"{&quot;background_background&quot;:&quot;classic&quot;}\">\n\t\t\t\t\t\t\t<div class=\"elementor-background-overlay\"><\/div>\n\t\t\t\t\t\t\t<div class=\"elementor-container elementor-column-gap-default\">\n\t\t\t\t\t<div class=\"elementor-column elementor-col-50 elementor-top-column elementor-element elementor-element-db41c64\" data-id=\"db41c64\" data-element_type=\"column\" data-e-type=\"column\">\n\t\t\t<div class=\"elementor-widget-wrap elementor-element-populated\">\n\t\t\t\t\t\t<div class=\"elementor-element elementor-element-4016c41b elementor-widget elementor-widget-heading\" data-id=\"4016c41b\" data-element_type=\"widget\" data-e-type=\"widget\" data-widget_type=\"heading.default\">\n\t\t\t\t<div class=\"elementor-widget-container\">\n\t\t\t\t\t<h2 class=\"elementor-heading-title elementor-size-default\">Detalles del proyecto<\/h2>\t\t\t\t<\/div>\n\t\t\t\t<\/div>\n\t\t\t\t<div class=\"elementor-element elementor-element-1d6fb838 elementor-invisible elementor-widget elementor-widget-heading\" data-id=\"1d6fb838\" data-element_type=\"widget\" data-e-type=\"widget\" data-settings=\"{&quot;_animation&quot;:&quot;fadeInUp&quot;}\" data-widget_type=\"heading.default\">\n\t\t\t\t<div class=\"elementor-widget-container\">\n\t\t\t\t\t<h2 class=\"elementor-heading-title elementor-size-default\">GAU Gordon Bennett Dormitory\n<\/h2>\t\t\t\t<\/div>\n\t\t\t\t<\/div>\n\t\t\t\t<div class=\"elementor-element elementor-element-685bd2e elementor-icon-list--layout-inline elementor-list-item-link-full_width elementor-widget elementor-widget-icon-list\" data-id=\"685bd2e\" data-element_type=\"widget\" data-e-type=\"widget\" data-widget_type=\"icon-list.default\">\n\t\t\t\t<div class=\"elementor-widget-container\">\n\t\t\t\t\t\t\t<ul class=\"elementor-icon-list-items elementor-inline-items\">\n\t\t\t\t\t\t\t<li class=\"elementor-icon-list-item elementor-inline-item\">\n\t\t\t\t\t\t\t\t\t\t\t<a href=\"#\">\n\n\t\t\t\t\t\t\t\t\t\t\t\t<span class=\"elementor-icon-list-icon\">\n\t\t\t\t\t\t\t<i aria-hidden=\"true\" class=\"fas fa-arrow-right\"><\/i>\t\t\t\t\t\t<\/span>\n\t\t\t\t\t\t\t\t\t\t<span class=\"elementor-icon-list-text\">KYRENIA CENTER, KYRENIA<\/span>\n\t\t\t\t\t\t\t\t\t\t\t<\/a>\n\t\t\t\t\t\t\t\t\t<\/li>\n\t\t\t\t\t\t<\/ul>\n\t\t\t\t\t\t<\/div>\n\t\t\t\t<\/div>\n\t\t\t\t\t<\/div>\n\t\t<\/div>\n\t\t\t\t<div class=\"elementor-column elementor-col-50 elementor-top-column elementor-element elementor-element-79072f24\" data-id=\"79072f24\" data-element_type=\"column\" data-e-type=\"column\">\n\t\t\t<div class=\"elementor-widget-wrap\">\n\t\t\t\t\t\t\t<\/div>\n\t\t<\/div>\n\t\t\t\t\t<\/div>\n\t\t<\/section>\n\t\t\t\t<section class=\"elementor-section elementor-top-section elementor-element elementor-element-7b12ea4e elementor-section-boxed elementor-section-height-default elementor-section-height-default\" data-id=\"7b12ea4e\" data-element_type=\"section\" data-e-type=\"section\">\n\t\t\t\t\t\t\t<div class=\"elementor-background-overlay\"><\/div>\n\t\t\t\t\t\t\t<div class=\"elementor-container elementor-column-gap-default\">\n\t\t\t\t\t<div class=\"elementor-column elementor-col-50 elementor-top-column elementor-element elementor-element-2aef3d6b elementor-invisible\" data-id=\"2aef3d6b\" data-element_type=\"column\" data-e-type=\"column\" data-settings=\"{&quot;background_background&quot;:&quot;classic&quot;,&quot;animation&quot;:&quot;slideInUp&quot;}\">\n\t\t\t<div class=\"elementor-widget-wrap elementor-element-populated\">\n\t\t\t\t\t\t<div class=\"elementor-element elementor-element-8647c1a elementor-widget elementor-widget-text-editor\" data-id=\"8647c1a\" data-element_type=\"widget\" data-e-type=\"widget\" data-widget_type=\"text-editor.default\">\n\t\t\t\t<div class=\"elementor-widget-container\">\n\t\t\t\t\t\t\t\t\t<p>La residencia Gordon Bennett de la GAU es una residencia moderna y funcional situada en el campus de la <b>Universidad Americana de Girne<\/b> (GAU). Este edificio se construy\u00f3 para facilitar la vida acad\u00e9mica de los estudiantes y tiene como objetivo proporcionar un espacio de vida seguro, c\u00f3modo y social. El dise\u00f1o de la residencia Gordon Bennett se pens\u00f3 para proporcionar a los estudiantes tanto un entorno de estudio individual como \u00e1reas de interacci\u00f3n social.<\/p><h5>Dise\u00f1o arquitect\u00f3nico y caracter\u00edsticas estructurales<\/h5><p>El edificio es un impresionante ejemplo de arquitectura moderna y se construy\u00f3 para adaptarse a la textura natural del entorno. El edificio se dise\u00f1\u00f3 con materiales de alta eficiencia energ\u00e9tica y ofrece un espacio de vida sostenible al aprovechar al m\u00e1ximo las oportunidades de iluminaci\u00f3n y ventilaci\u00f3n naturales. Las grandes ventanas de cristal y los balcones utilizados en el dise\u00f1o de la fachada hacen que los espacios interiores del edificio sean m\u00e1s luminosos y espaciosos.<\/p><p>Otro elemento llamativo en t\u00e9rminos de arquitectura es la divisi\u00f3n funcional del interior en secciones. Se crearon diferentes \u00e1reas para satisfacer las necesidades de descanso, trabajo y socializaci\u00f3n de los estudiantes. El dise\u00f1o interior del edificio se realiz\u00f3 con un enfoque minimalista y se adopt\u00f3 una est\u00e9tica sencilla y moderna. Adem\u00e1s, el mobiliario ergon\u00f3mico y la disposici\u00f3n pensada para los estudiantes maximizan la comodidad de los usuarios.<\/p><h5>Distribuci\u00f3n de las habitaciones e interiores<\/h5><p>Hay varios tipos de habitaciones en la residencia Gordon Bennett, dise\u00f1adas para satisfacer diferentes necesidades de alojamiento. Con una amplia oferta que va desde habitaciones individuales hasta habitaciones para varias personas, la residencia ofrece opciones seg\u00fan el presupuesto y las preferencias de los estudiantes. Cada habitaci\u00f3n est\u00e1 equipada para satisfacer las necesidades individuales de los estudiantes. Las habitaciones cuentan con zonas de trabajo personales, armarios, camas c\u00f3modas y acceso a Internet de alta velocidad.<\/p><p>En el interior de la residencia hay salas de estudio tranquilas que permiten a los estudiantes trabajar individualmente, zonas comunes y salas polivalentes donde se pueden celebrar actividades sociales. Adem\u00e1s, las zonas recreativas y las cafeter\u00edas, dise\u00f1adas teniendo en cuenta las necesidades de descanso y relajaci\u00f3n de los estudiantes, tambi\u00e9n son una parte importante del edificio.<\/p><h5>Zonas comunes<\/h5><p>El edificio cuenta con amplias zonas comunes donde los estudiantes pueden socializar. Hay zonas para diferentes necesidades, como comedores, bibliotecas y gimnasios. Adem\u00e1s, la lavander\u00eda y las cocinas del edificio est\u00e1n dise\u00f1adas para facilitar la vida cotidiana de los estudiantes. Con el fin de fomentar la interacci\u00f3n social, hay amplios y espaciosos salones, salas de conferencias y de reuniones donde los grupos de estudiantes pueden organizar eventos.<\/p>\t\t\t\t\t\t\t\t<\/div>\n\t\t\t\t<\/div>\n\t\t\t\t\t<\/div>\n\t\t<\/div>\n\t\t\t\t<div class=\"elementor-column elementor-col-50 elementor-top-column elementor-element elementor-element-31f35073\" data-id=\"31f35073\" data-element_type=\"column\" data-e-type=\"column\">\n\t\t\t<div class=\"elementor-widget-wrap\">\n\t\t\t\t\t\t\t<\/div>\n\t\t<\/div>\n\t\t\t\t\t<\/div>\n\t\t<\/section>\n\t\t\t\t<section class=\"elementor-section elementor-top-section elementor-element elementor-element-17bf1809 elementor-section-full_width elementor-section-height-default elementor-section-height-default\" data-id=\"17bf1809\" data-element_type=\"section\" data-e-type=\"section\">\n\t\t\t\t\t\t<div class=\"elementor-container elementor-column-gap-default\">\n\t\t\t\t\t<div class=\"elementor-column elementor-col-100 elementor-top-column elementor-element elementor-element-6c8ba90c\" data-id=\"6c8ba90c\" data-element_type=\"column\" data-e-type=\"column\">\n\t\t\t<div class=\"elementor-widget-wrap elementor-element-populated\">\n\t\t\t\t\t\t<div class=\"elementor-element elementor-element-6e5eb0bc gallery-spacing-custom elementor-widget elementor-widget-image-gallery\" data-id=\"6e5eb0bc\" data-element_type=\"widget\" data-e-type=\"widget\" data-widget_type=\"image-gallery.default\">\n\t\t\t\t<div class=\"elementor-widget-container\">\n\t\t\t\t\t\t\t<div class=\"elementor-image-gallery\">\n\t\t\t<div id='gallery-1' class='gallery galleryid-11273 gallery-columns-3 gallery-size-full'><figure class='gallery-item'>\n\t\t\t<div class='gallery-icon landscape'>\n\t\t\t\t<a data-elementor-open-lightbox=\"yes\" data-elementor-lightbox-slideshow=\"6e5eb0bc\" data-elementor-lightbox-title=\"resim_2024-09-05_231809342\" data-e-action-hash=\"#elementor-action%3Aaction%3Dlightbox%26settings%3DeyJpZCI6MTEyNzQsInVybCI6Imh0dHBzOlwvXC9lbXRhbmNvbnMuY29tXC93cC1jb250ZW50XC91cGxvYWRzXC8yMDI0XC8wOVwvcmVzaW1fMjAyNC0wOS0wNV8yMzE4MDkzNDIucG5nIiwic2xpZGVzaG93IjoiNmU1ZWIwYmMifQ%3D%3D\" href='https:\/\/emtancons.com\/wp-content\/uploads\/2024\/09\/resim_2024-09-05_231809342.png'><img fetchpriority=\"high\" decoding=\"async\" width=\"1000\" height=\"667\" src=\"https:\/\/emtancons.com\/wp-content\/uploads\/2024\/09\/resim_2024-09-05_231809342.png\" class=\"attachment-full size-full\" alt=\"\" srcset=\"https:\/\/emtancons.com\/wp-content\/uploads\/2024\/09\/resim_2024-09-05_231809342.png 1000w, https:\/\/emtancons.com\/wp-content\/uploads\/2024\/09\/resim_2024-09-05_231809342-300x200.png 300w, https:\/\/emtancons.com\/wp-content\/uploads\/2024\/09\/resim_2024-09-05_231809342-768x512.png 768w, https:\/\/emtancons.com\/wp-content\/uploads\/2024\/09\/resim_2024-09-05_231809342-350x233.png 350w, https:\/\/emtancons.com\/wp-content\/uploads\/2024\/09\/resim_2024-09-05_231809342-370x247.png 370w, https:\/\/emtancons.com\/wp-content\/uploads\/2024\/09\/resim_2024-09-05_231809342-255x170.png 255w, https:\/\/emtancons.com\/wp-content\/uploads\/2024\/09\/resim_2024-09-05_231809342-285x190.png 285w, https:\/\/emtancons.com\/wp-content\/uploads\/2024\/09\/resim_2024-09-05_231809342-600x400.png 600w, https:\/\/emtancons.com\/wp-content\/uploads\/2024\/09\/resim_2024-09-05_231809342-560x374.png 560w\" sizes=\"(max-width: 1000px) 100vw, 1000px\" \/><\/a>\n\t\t\t<\/div><\/figure><figure class='gallery-item'>\n\t\t\t<div class='gallery-icon landscape'>\n\t\t\t\t<a data-elementor-open-lightbox=\"yes\" data-elementor-lightbox-slideshow=\"6e5eb0bc\" data-elementor-lightbox-title=\"Emtan All Completed Projects_.00_17_34_14.Still118\" data-e-action-hash=\"#elementor-action%3Aaction%3Dlightbox%26settings%3DeyJpZCI6OTUxMywidXJsIjoiaHR0cHM6XC9cL2VtdGFuY29ucy5jb21cL3dwLWNvbnRlbnRcL3VwbG9hZHNcLzIwMjVcLzExXC9FbXRhbi1BbGwtQ29tcGxldGVkLVByb2plY3RzXy4wMF8xN18zNF8xNC5TdGlsbDExOC53ZWJwIiwic2xpZGVzaG93IjoiNmU1ZWIwYmMifQ%3D%3D\" href='https:\/\/emtancons.com\/wp-content\/uploads\/2025\/11\/Emtan-All-Completed-Projects_.00_17_34_14.Still118.webp'><img decoding=\"async\" width=\"1200\" height=\"675\" src=\"https:\/\/emtancons.com\/wp-content\/uploads\/2025\/11\/Emtan-All-Completed-Projects_.00_17_34_14.Still118.webp\" class=\"attachment-full size-full\" alt=\"\" srcset=\"https:\/\/emtancons.com\/wp-content\/uploads\/2025\/11\/Emtan-All-Completed-Projects_.00_17_34_14.Still118.webp 1200w, https:\/\/emtancons.com\/wp-content\/uploads\/2025\/11\/Emtan-All-Completed-Projects_.00_17_34_14.Still118-300x169.webp 300w, https:\/\/emtancons.com\/wp-content\/uploads\/2025\/11\/Emtan-All-Completed-Projects_.00_17_34_14.Still118-1024x576.webp 1024w, https:\/\/emtancons.com\/wp-content\/uploads\/2025\/11\/Emtan-All-Completed-Projects_.00_17_34_14.Still118-768x432.webp 768w\" sizes=\"(max-width: 1200px) 100vw, 1200px\" \/><\/a>\n\t\t\t<\/div><\/figure><figure class='gallery-item'>\n\t\t\t<div class='gallery-icon landscape'>\n\t\t\t\t<a data-elementor-open-lightbox=\"yes\" data-elementor-lightbox-slideshow=\"6e5eb0bc\" data-elementor-lightbox-title=\"Emtan All Completed Projects_.00_17_40_19.Still119\" data-e-action-hash=\"#elementor-action%3Aaction%3Dlightbox%26settings%3DeyJpZCI6OTUwOCwidXJsIjoiaHR0cHM6XC9cL2VtdGFuY29ucy5jb21cL3dwLWNvbnRlbnRcL3VwbG9hZHNcLzIwMjVcLzExXC9FbXRhbi1BbGwtQ29tcGxldGVkLVByb2plY3RzXy4wMF8xN180MF8xOS5TdGlsbDExOS53ZWJwIiwic2xpZGVzaG93IjoiNmU1ZWIwYmMifQ%3D%3D\" href='https:\/\/emtancons.com\/wp-content\/uploads\/2025\/11\/Emtan-All-Completed-Projects_.00_17_40_19.Still119.webp'><img decoding=\"async\" width=\"1200\" height=\"675\" src=\"https:\/\/emtancons.com\/wp-content\/uploads\/2025\/11\/Emtan-All-Completed-Projects_.00_17_40_19.Still119.webp\" class=\"attachment-full size-full\" alt=\"\" srcset=\"https:\/\/emtancons.com\/wp-content\/uploads\/2025\/11\/Emtan-All-Completed-Projects_.00_17_40_19.Still119.webp 1200w, https:\/\/emtancons.com\/wp-content\/uploads\/2025\/11\/Emtan-All-Completed-Projects_.00_17_40_19.Still119-300x169.webp 300w, https:\/\/emtancons.com\/wp-content\/uploads\/2025\/11\/Emtan-All-Completed-Projects_.00_17_40_19.Still119-1024x576.webp 1024w, https:\/\/emtancons.com\/wp-content\/uploads\/2025\/11\/Emtan-All-Completed-Projects_.00_17_40_19.Still119-768x432.webp 768w\" sizes=\"(max-width: 1200px) 100vw, 1200px\" \/><\/a>\n\t\t\t<\/div><\/figure><figure class='gallery-item'>\n\t\t\t<div class='gallery-icon landscape'>\n\t\t\t\t<a data-elementor-open-lightbox=\"yes\" data-elementor-lightbox-slideshow=\"6e5eb0bc\" data-elementor-lightbox-title=\"Emtan All Completed Projects_.00_17_41_22.Still120\" data-e-action-hash=\"#elementor-action%3Aaction%3Dlightbox%26settings%3DeyJpZCI6OTUwMywidXJsIjoiaHR0cHM6XC9cL2VtdGFuY29ucy5jb21cL3dwLWNvbnRlbnRcL3VwbG9hZHNcLzIwMjVcLzExXC9FbXRhbi1BbGwtQ29tcGxldGVkLVByb2plY3RzXy4wMF8xN180MV8yMi5TdGlsbDEyMC53ZWJwIiwic2xpZGVzaG93IjoiNmU1ZWIwYmMifQ%3D%3D\" href='https:\/\/emtancons.com\/wp-content\/uploads\/2025\/11\/Emtan-All-Completed-Projects_.00_17_41_22.Still120.webp'><img loading=\"lazy\" decoding=\"async\" width=\"1200\" height=\"675\" src=\"https:\/\/emtancons.com\/wp-content\/uploads\/2025\/11\/Emtan-All-Completed-Projects_.00_17_41_22.Still120.webp\" class=\"attachment-full size-full\" alt=\"\" srcset=\"https:\/\/emtancons.com\/wp-content\/uploads\/2025\/11\/Emtan-All-Completed-Projects_.00_17_41_22.Still120.webp 1200w, https:\/\/emtancons.com\/wp-content\/uploads\/2025\/11\/Emtan-All-Completed-Projects_.00_17_41_22.Still120-300x169.webp 300w, https:\/\/emtancons.com\/wp-content\/uploads\/2025\/11\/Emtan-All-Completed-Projects_.00_17_41_22.Still120-1024x576.webp 1024w, https:\/\/emtancons.com\/wp-content\/uploads\/2025\/11\/Emtan-All-Completed-Projects_.00_17_41_22.Still120-768x432.webp 768w\" sizes=\"(max-width: 1200px) 100vw, 1200px\" \/><\/a>\n\t\t\t<\/div><\/figure><figure class='gallery-item'>\n\t\t\t<div class='gallery-icon landscape'>\n\t\t\t\t<a data-elementor-open-lightbox=\"yes\" data-elementor-lightbox-slideshow=\"6e5eb0bc\" data-elementor-lightbox-title=\"Emtan All Completed Projects_.00_18_00_00.Still122\" data-e-action-hash=\"#elementor-action%3Aaction%3Dlightbox%26settings%3DeyJpZCI6OTQ5OCwidXJsIjoiaHR0cHM6XC9cL2VtdGFuY29ucy5jb21cL3dwLWNvbnRlbnRcL3VwbG9hZHNcLzIwMjVcLzExXC9FbXRhbi1BbGwtQ29tcGxldGVkLVByb2plY3RzXy4wMF8xOF8wMF8wMC5TdGlsbDEyMi53ZWJwIiwic2xpZGVzaG93IjoiNmU1ZWIwYmMifQ%3D%3D\" href='https:\/\/emtancons.com\/wp-content\/uploads\/2025\/11\/Emtan-All-Completed-Projects_.00_18_00_00.Still122.webp'><img loading=\"lazy\" decoding=\"async\" width=\"1200\" height=\"675\" src=\"https:\/\/emtancons.com\/wp-content\/uploads\/2025\/11\/Emtan-All-Completed-Projects_.00_18_00_00.Still122.webp\" class=\"attachment-full size-full\" alt=\"\" srcset=\"https:\/\/emtancons.com\/wp-content\/uploads\/2025\/11\/Emtan-All-Completed-Projects_.00_18_00_00.Still122.webp 1200w, https:\/\/emtancons.com\/wp-content\/uploads\/2025\/11\/Emtan-All-Completed-Projects_.00_18_00_00.Still122-300x169.webp 300w, https:\/\/emtancons.com\/wp-content\/uploads\/2025\/11\/Emtan-All-Completed-Projects_.00_18_00_00.Still122-1024x576.webp 1024w, https:\/\/emtancons.com\/wp-content\/uploads\/2025\/11\/Emtan-All-Completed-Projects_.00_18_00_00.Still122-768x432.webp 768w\" sizes=\"(max-width: 1200px) 100vw, 1200px\" \/><\/a>\n\t\t\t<\/div><\/figure>\n\t\t<\/div>\n\t\t<\/div>\n\t\t\t\t\t\t<\/div>\n\t\t\t\t<\/div>\n\t\t\t\t\t<\/div>\n\t\t<\/div>\n\t\t\t\t\t<\/div>\n\t\t<\/section>\n\t\t\t\t<\/div>\n\t\t","protected":false},"excerpt":{"rendered":"<p>Detalles del proyecto GAU Gordon Bennett Dormitory KYRENIA CENTER, KYRENIA La residencia Gordon Bennett de la GAU es una residencia moderna y funcional situada en el campus de la Universidad Americana de Girne (GAU). Este edificio se construy\u00f3 para facilitar la vida acad\u00e9mica de los estudiantes y tiene como objetivo proporcionar un espacio de vida [&hellip;]<\/p>\n","protected":false},"author":1,"featured_media":0,"parent":0,"menu_order":0,"comment_status":"closed","ping_status":"closed","template":"elementor_header_footer","meta":{"footnotes":""},"class_list":["post-11273","page","type-page","status-publish","hentry"],"yoast_head":"<!-- This site is optimized with the Yoast SEO plugin v27.1.1 - https:\/\/yoast.com\/product\/yoast-seo-wordpress\/ -->\n<title>Gau Gordon Bennett Dormitory - Emtan \u0130n\u015faat<\/title>\n<meta name=\"robots\" content=\"index, follow, max-snippet:-1, max-image-preview:large, max-video-preview:-1\" \/>\n<link rel=\"canonical\" href=\"https:\/\/emtancons.com\/gau-gordon-bennett-dormitory\/\" \/>\n<meta property=\"og:locale\" content=\"pl_PL\" \/>\n<meta property=\"og:type\" content=\"article\" \/>\n<meta property=\"og:title\" content=\"Gau Gordon Bennett Dormitory - Emtan \u0130n\u015faat\" \/>\n<meta property=\"og:description\" content=\"Detalles del proyecto GAU Gordon Bennett Dormitory KYRENIA CENTER, KYRENIA La residencia Gordon Bennett de la GAU es una residencia moderna y funcional situada en el campus de la Universidad Americana de Girne (GAU). Este edificio se construy\u00f3 para facilitar la vida acad\u00e9mica de los estudiantes y tiene como objetivo proporcionar un espacio de vida [&hellip;]\" \/>\n<meta property=\"og:url\" content=\"https:\/\/emtancons.com\/gau-gordon-bennett-dormitory\/\" \/>\n<meta property=\"og:site_name\" content=\"Emtan \u0130n\u015faat\" \/>\n<meta property=\"article:modified_time\" content=\"2026-02-27T13:57:21+00:00\" \/>\n<meta property=\"og:image\" content=\"https:\/\/emtancons.com\/wp-content\/uploads\/2024\/09\/resim_2024-09-05_231809342.png\" \/>\n<meta name=\"twitter:card\" content=\"summary_large_image\" \/>\n<meta name=\"twitter:label1\" content=\"Szacowany czas czytania\" \/>\n\t<meta name=\"twitter:data1\" content=\"3 minuty\" \/>\n<script type=\"application\/ld+json\" class=\"yoast-schema-graph\">{\"@context\":\"https:\/\/schema.org\",\"@graph\":[{\"@type\":\"WebPage\",\"@id\":\"https:\/\/emtancons.com\/gau-gordon-bennett-dormitory\/\",\"url\":\"https:\/\/emtancons.com\/gau-gordon-bennett-dormitory\/\",\"name\":\"Gau Gordon Bennett Dormitory - Emtan \u0130n\u015faat\",\"isPartOf\":{\"@id\":\"https:\/\/emtancons.com\/#website\"},\"primaryImageOfPage\":{\"@id\":\"https:\/\/emtancons.com\/gau-gordon-bennett-dormitory\/#primaryimage\"},\"image\":{\"@id\":\"https:\/\/emtancons.com\/gau-gordon-bennett-dormitory\/#primaryimage\"},\"thumbnailUrl\":\"https:\/\/emtancons.com\/wp-content\/uploads\/2024\/09\/resim_2024-09-05_231809342.png\",\"datePublished\":\"2024-09-05T20:24:02+00:00\",\"dateModified\":\"2026-02-27T13:57:21+00:00\",\"breadcrumb\":{\"@id\":\"https:\/\/emtancons.com\/gau-gordon-bennett-dormitory\/#breadcrumb\"},\"inLanguage\":\"pl-PL\",\"potentialAction\":[{\"@type\":\"ReadAction\",\"target\":[\"https:\/\/emtancons.com\/gau-gordon-bennett-dormitory\/\"]}]},{\"@type\":\"ImageObject\",\"inLanguage\":\"pl-PL\",\"@id\":\"https:\/\/emtancons.com\/gau-gordon-bennett-dormitory\/#primaryimage\",\"url\":\"https:\/\/emtancons.com\/wp-content\/uploads\/2024\/09\/resim_2024-09-05_231809342.png\",\"contentUrl\":\"https:\/\/emtancons.com\/wp-content\/uploads\/2024\/09\/resim_2024-09-05_231809342.png\"},{\"@type\":\"BreadcrumbList\",\"@id\":\"https:\/\/emtancons.com\/gau-gordon-bennett-dormitory\/#breadcrumb\",\"itemListElement\":[{\"@type\":\"ListItem\",\"position\":1,\"name\":\"Anasayfa\",\"item\":\"https:\/\/emtancons.com\/\"},{\"@type\":\"ListItem\",\"position\":2,\"name\":\"Gau Gordon Bennett Dormitory\"}]},{\"@type\":\"WebSite\",\"@id\":\"https:\/\/emtancons.com\/#website\",\"url\":\"https:\/\/emtancons.com\/\",\"name\":\"Emtan \u0130n\u015faat\",\"description\":\"\",\"potentialAction\":[{\"@type\":\"SearchAction\",\"target\":{\"@type\":\"EntryPoint\",\"urlTemplate\":\"https:\/\/emtancons.com\/?s={search_term_string}\"},\"query-input\":{\"@type\":\"PropertyValueSpecification\",\"valueRequired\":true,\"valueName\":\"search_term_string\"}}],\"inLanguage\":\"pl-PL\"}]}<\/script>\n<!-- \/ Yoast SEO plugin. -->","yoast_head_json":{"title":"Gau Gordon Bennett Dormitory - Emtan \u0130n\u015faat","robots":{"index":"index","follow":"follow","max-snippet":"max-snippet:-1","max-image-preview":"max-image-preview:large","max-video-preview":"max-video-preview:-1"},"canonical":"https:\/\/emtancons.com\/gau-gordon-bennett-dormitory\/","og_locale":"pl_PL","og_type":"article","og_title":"Gau Gordon Bennett Dormitory - Emtan \u0130n\u015faat","og_description":"Detalles del proyecto GAU Gordon Bennett Dormitory KYRENIA CENTER, KYRENIA La residencia Gordon Bennett de la GAU es una residencia moderna y funcional situada en el campus de la Universidad Americana de Girne (GAU). Este edificio se construy\u00f3 para facilitar la vida acad\u00e9mica de los estudiantes y tiene como objetivo proporcionar un espacio de vida [&hellip;]","og_url":"https:\/\/emtancons.com\/gau-gordon-bennett-dormitory\/","og_site_name":"Emtan \u0130n\u015faat","article_modified_time":"2026-02-27T13:57:21+00:00","og_image":[{"url":"https:\/\/emtancons.com\/wp-content\/uploads\/2024\/09\/resim_2024-09-05_231809342.png","type":"","width":"","height":""}],"twitter_card":"summary_large_image","twitter_misc":{"Szacowany czas czytania":"3 minuty"},"schema":{"@context":"https:\/\/schema.org","@graph":[{"@type":"WebPage","@id":"https:\/\/emtancons.com\/gau-gordon-bennett-dormitory\/","url":"https:\/\/emtancons.com\/gau-gordon-bennett-dormitory\/","name":"Gau Gordon Bennett Dormitory - Emtan \u0130n\u015faat","isPartOf":{"@id":"https:\/\/emtancons.com\/#website"},"primaryImageOfPage":{"@id":"https:\/\/emtancons.com\/gau-gordon-bennett-dormitory\/#primaryimage"},"image":{"@id":"https:\/\/emtancons.com\/gau-gordon-bennett-dormitory\/#primaryimage"},"thumbnailUrl":"https:\/\/emtancons.com\/wp-content\/uploads\/2024\/09\/resim_2024-09-05_231809342.png","datePublished":"2024-09-05T20:24:02+00:00","dateModified":"2026-02-27T13:57:21+00:00","breadcrumb":{"@id":"https:\/\/emtancons.com\/gau-gordon-bennett-dormitory\/#breadcrumb"},"inLanguage":"pl-PL","potentialAction":[{"@type":"ReadAction","target":["https:\/\/emtancons.com\/gau-gordon-bennett-dormitory\/"]}]},{"@type":"ImageObject","inLanguage":"pl-PL","@id":"https:\/\/emtancons.com\/gau-gordon-bennett-dormitory\/#primaryimage","url":"https:\/\/emtancons.com\/wp-content\/uploads\/2024\/09\/resim_2024-09-05_231809342.png","contentUrl":"https:\/\/emtancons.com\/wp-content\/uploads\/2024\/09\/resim_2024-09-05_231809342.png"},{"@type":"BreadcrumbList","@id":"https:\/\/emtancons.com\/gau-gordon-bennett-dormitory\/#breadcrumb","itemListElement":[{"@type":"ListItem","position":1,"name":"Anasayfa","item":"https:\/\/emtancons.com\/"},{"@type":"ListItem","position":2,"name":"Gau Gordon Bennett Dormitory"}]},{"@type":"WebSite","@id":"https:\/\/emtancons.com\/#website","url":"https:\/\/emtancons.com\/","name":"Emtan \u0130n\u015faat","description":"","potentialAction":[{"@type":"SearchAction","target":{"@type":"EntryPoint","urlTemplate":"https:\/\/emtancons.com\/?s={search_term_string}"},"query-input":{"@type":"PropertyValueSpecification","valueRequired":true,"valueName":"search_term_string"}}],"inLanguage":"pl-PL"}]}},"_links":{"self":[{"href":"https:\/\/emtancons.com\/pl\/wp-json\/wp\/v2\/pages\/11273","targetHints":{"allow":["GET"]}}],"collection":[{"href":"https:\/\/emtancons.com\/pl\/wp-json\/wp\/v2\/pages"}],"about":[{"href":"https:\/\/emtancons.com\/pl\/wp-json\/wp\/v2\/types\/page"}],"author":[{"embeddable":true,"href":"https:\/\/emtancons.com\/pl\/wp-json\/wp\/v2\/users\/1"}],"replies":[{"embeddable":true,"href":"https:\/\/emtancons.com\/pl\/wp-json\/wp\/v2\/comments?post=11273"}],"version-history":[{"count":3,"href":"https:\/\/emtancons.com\/pl\/wp-json\/wp\/v2\/pages\/11273\/revisions"}],"predecessor-version":[{"id":11277,"href":"https:\/\/emtancons.com\/pl\/wp-json\/wp\/v2\/pages\/11273\/revisions\/11277"}],"wp:attachment":[{"href":"https:\/\/emtancons.com\/pl\/wp-json\/wp\/v2\/media?parent=11273"}],"curies":[{"name":"wp","href":"https:\/\/api.w.org\/{rel}","templated":true}]}}