{"id":11267,"date":"2024-09-05T23:17:40","date_gmt":"2024-09-05T20:17:40","guid":{"rendered":"https:\/\/emtancons.com\/gau-college\/"},"modified":"2026-02-27T16:55:44","modified_gmt":"2026-02-27T13:55:44","slug":"gau-college","status":"publish","type":"page","link":"https:\/\/emtancons.com\/pl\/gau-college\/","title":{"rendered":"Gau College"},"content":{"rendered":"\t\t<div data-elementor-type=\"wp-page\" data-elementor-id=\"11267\" class=\"elementor elementor-11267 elementor-2339\" data-elementor-post-type=\"page\">\n\t\t\t\t\t\t<section class=\"elementor-section elementor-top-section elementor-element elementor-element-4b801a1f elementor-section-content-middle elementor-section-boxed elementor-section-height-default elementor-section-height-default\" data-id=\"4b801a1f\" data-element_type=\"section\" data-e-type=\"section\" data-settings=\"{&quot;background_background&quot;:&quot;classic&quot;}\">\n\t\t\t\t\t\t\t<div class=\"elementor-background-overlay\"><\/div>\n\t\t\t\t\t\t\t<div class=\"elementor-container elementor-column-gap-default\">\n\t\t\t\t\t<div class=\"elementor-column elementor-col-50 elementor-top-column elementor-element elementor-element-546584c4\" data-id=\"546584c4\" data-element_type=\"column\" data-e-type=\"column\">\n\t\t\t<div class=\"elementor-widget-wrap elementor-element-populated\">\n\t\t\t\t\t\t<div class=\"elementor-element elementor-element-5c489b5f elementor-widget elementor-widget-heading\" data-id=\"5c489b5f\" data-element_type=\"widget\" data-e-type=\"widget\" data-widget_type=\"heading.default\">\n\t\t\t\t<div class=\"elementor-widget-container\">\n\t\t\t\t\t<h2 class=\"elementor-heading-title elementor-size-default\">Detalles del proyecto<\/h2>\t\t\t\t<\/div>\n\t\t\t\t<\/div>\n\t\t\t\t<div class=\"elementor-element elementor-element-282ce2eb elementor-invisible elementor-widget elementor-widget-heading\" data-id=\"282ce2eb\" data-element_type=\"widget\" data-e-type=\"widget\" data-settings=\"{&quot;_animation&quot;:&quot;fadeInUp&quot;}\" data-widget_type=\"heading.default\">\n\t\t\t\t<div class=\"elementor-widget-container\">\n\t\t\t\t\t<h2 class=\"elementor-heading-title elementor-size-default\">GAU College\n<\/h2>\t\t\t\t<\/div>\n\t\t\t\t<\/div>\n\t\t\t\t<div class=\"elementor-element elementor-element-6a5ffa63 elementor-icon-list--layout-inline elementor-list-item-link-full_width elementor-widget elementor-widget-icon-list\" data-id=\"6a5ffa63\" data-element_type=\"widget\" data-e-type=\"widget\" data-widget_type=\"icon-list.default\">\n\t\t\t\t<div class=\"elementor-widget-container\">\n\t\t\t\t\t\t\t<ul class=\"elementor-icon-list-items elementor-inline-items\">\n\t\t\t\t\t\t\t<li class=\"elementor-icon-list-item elementor-inline-item\">\n\t\t\t\t\t\t\t\t\t\t\t<a href=\"#\">\n\n\t\t\t\t\t\t\t\t\t\t\t\t<span class=\"elementor-icon-list-icon\">\n\t\t\t\t\t\t\t<i aria-hidden=\"true\" class=\"fas fa-arrow-right\"><\/i>\t\t\t\t\t\t<\/span>\n\t\t\t\t\t\t\t\t\t\t<span class=\"elementor-icon-list-text\">KYRENIA CENTER, KYRENIA<\/span>\n\t\t\t\t\t\t\t\t\t\t\t<\/a>\n\t\t\t\t\t\t\t\t\t<\/li>\n\t\t\t\t\t\t<\/ul>\n\t\t\t\t\t\t<\/div>\n\t\t\t\t<\/div>\n\t\t\t\t\t<\/div>\n\t\t<\/div>\n\t\t\t\t<div class=\"elementor-column elementor-col-50 elementor-top-column elementor-element elementor-element-416fd816\" data-id=\"416fd816\" data-element_type=\"column\" data-e-type=\"column\">\n\t\t\t<div class=\"elementor-widget-wrap\">\n\t\t\t\t\t\t\t<\/div>\n\t\t<\/div>\n\t\t\t\t\t<\/div>\n\t\t<\/section>\n\t\t\t\t<section class=\"elementor-section elementor-top-section elementor-element elementor-element-5e64c4f7 elementor-section-boxed elementor-section-height-default elementor-section-height-default\" data-id=\"5e64c4f7\" data-element_type=\"section\" data-e-type=\"section\">\n\t\t\t\t\t\t\t<div class=\"elementor-background-overlay\"><\/div>\n\t\t\t\t\t\t\t<div class=\"elementor-container elementor-column-gap-default\">\n\t\t\t\t\t<div class=\"elementor-column elementor-col-50 elementor-top-column elementor-element elementor-element-649acb68 elementor-invisible\" data-id=\"649acb68\" data-element_type=\"column\" data-e-type=\"column\" data-settings=\"{&quot;background_background&quot;:&quot;classic&quot;,&quot;animation&quot;:&quot;slideInUp&quot;}\">\n\t\t\t<div class=\"elementor-widget-wrap elementor-element-populated\">\n\t\t\t\t\t\t<div class=\"elementor-element elementor-element-150ba290 elementor-widget elementor-widget-text-editor\" data-id=\"150ba290\" data-element_type=\"widget\" data-e-type=\"widget\" data-widget_type=\"text-editor.default\">\n\t\t\t\t<div class=\"elementor-widget-container\">\n\t\t\t\t\t\t\t\t\t<h5><strong>Dise\u00f1o arquitect\u00f3nico y concepto<\/strong><\/h5><p>El dise\u00f1o del edificio de la Universidad GAU se ha configurado de acuerdo con las l\u00edneas arquitect\u00f3nicas contempor\u00e1neas y las necesidades educativas modernas. El enfoque minimalista utilizado en el dise\u00f1o del edificio se basa en la idea de crear un entorno en el que tanto los estudiantes como los miembros del cuerpo docente puedan relajarse y concentrarse. Se proporciona una atm\u00f3sfera espaciosa con amplios pasillos y techos altos en los espacios interiores.<\/p><p>En el dise\u00f1o de la fachada, se ha dado preferencia a los materiales blancos y la piedra natural, en armon\u00eda con la textura natural de Kyrenia. El exterior del edificio tambi\u00e9n incluye elementos arquitect\u00f3nicos locales, mezclando el patrimonio hist\u00f3rico y cultural con los edificios educativos modernos.<\/p><h5><strong>Disposici\u00f3n interior<\/strong><\/h5><p>Los espacios interiores de la Universidad GAU se han planificado siguiendo un enfoque de dise\u00f1o centrado en el estudiante. Las aulas est\u00e1n dise\u00f1adas para favorecer los m\u00e9todos de aprendizaje interactivos y se pretende aprovechar al m\u00e1ximo la luz natural. De este modo, se pretende que los estudiantes se concentren mejor durante la clase y reciban una educaci\u00f3n m\u00e1s eficaz.<\/p><p>En el dise\u00f1o interior se utilizan materiales de madera y vidrio de forma equilibrada. Mientras que la madera aporta calidez natural, los detalles de vidrio a\u00f1aden un toque moderno al edificio. Al mismo tiempo, el uso del vidrio permite que la luz natural entre en los espacios interiores del edificio.<\/p><h5><strong>Infraestructura tecnol\u00f3gica y sostenibilidad<\/strong><\/h5><p>El edificio est\u00e1 equipado con tecnolog\u00eda avanzada que puede satisfacer las necesidades educativas actuales. Con sistemas de pizarras inteligentes, conexi\u00f3n a Internet de alta velocidad y modernos sistemas de sonido e iluminaci\u00f3n, las aulas, las salas de conferencias y los laboratorios est\u00e1n dise\u00f1ados para mejorar la experiencia educativa de los estudiantes.<\/p><p>Adem\u00e1s, se ha logrado la eficiencia energ\u00e9tica mediante la adopci\u00f3n de un enfoque arquitect\u00f3nico sostenible. El edificio est\u00e1 equipado con sistemas de iluminaci\u00f3n de bajo consumo, soluciones de ventilaci\u00f3n natural y paneles de energ\u00eda solar. Estos sistemas tienen como objetivo adoptar un enfoque respetuoso con el medio ambiente y reducir los costes operativos a largo plazo.<\/p>\t\t\t\t\t\t\t\t<\/div>\n\t\t\t\t<\/div>\n\t\t\t\t\t<\/div>\n\t\t<\/div>\n\t\t\t\t<div class=\"elementor-column elementor-col-50 elementor-top-column elementor-element elementor-element-1fb42850\" data-id=\"1fb42850\" data-element_type=\"column\" data-e-type=\"column\">\n\t\t\t<div class=\"elementor-widget-wrap\">\n\t\t\t\t\t\t\t<\/div>\n\t\t<\/div>\n\t\t\t\t\t<\/div>\n\t\t<\/section>\n\t\t\t\t<section class=\"elementor-section elementor-top-section elementor-element elementor-element-55fff06b elementor-section-full_width elementor-section-height-default elementor-section-height-default\" data-id=\"55fff06b\" data-element_type=\"section\" data-e-type=\"section\">\n\t\t\t\t\t\t<div class=\"elementor-container elementor-column-gap-default\">\n\t\t\t\t\t<div class=\"elementor-column elementor-col-100 elementor-top-column elementor-element elementor-element-2a0a5f00\" data-id=\"2a0a5f00\" data-element_type=\"column\" data-e-type=\"column\">\n\t\t\t<div class=\"elementor-widget-wrap elementor-element-populated\">\n\t\t\t\t\t\t<div class=\"elementor-element elementor-element-68163dc1 gallery-spacing-custom elementor-widget elementor-widget-image-gallery\" data-id=\"68163dc1\" data-element_type=\"widget\" data-e-type=\"widget\" data-widget_type=\"image-gallery.default\">\n\t\t\t\t<div class=\"elementor-widget-container\">\n\t\t\t\t\t\t\t<div class=\"elementor-image-gallery\">\n\t\t\t<div id='gallery-1' class='gallery galleryid-11267 gallery-columns-3 gallery-size-full'><figure class='gallery-item'>\n\t\t\t<div class='gallery-icon landscape'>\n\t\t\t\t<a data-elementor-open-lightbox=\"yes\" data-elementor-lightbox-slideshow=\"68163dc1\" data-elementor-lightbox-title=\"resim_2024-09-05_231134696\" data-e-action-hash=\"#elementor-action%3Aaction%3Dlightbox%26settings%3DeyJpZCI6MTEyNjgsInVybCI6Imh0dHBzOlwvXC9lbXRhbmNvbnMuY29tXC93cC1jb250ZW50XC91cGxvYWRzXC8yMDI0XC8wOVwvcmVzaW1fMjAyNC0wOS0wNV8yMzExMzQ2OTYucG5nIiwic2xpZGVzaG93IjoiNjgxNjNkYzEifQ%3D%3D\" href='https:\/\/emtancons.com\/wp-content\/uploads\/2024\/09\/resim_2024-09-05_231134696.png'><img fetchpriority=\"high\" decoding=\"async\" width=\"1000\" height=\"667\" src=\"https:\/\/emtancons.com\/wp-content\/uploads\/2024\/09\/resim_2024-09-05_231134696.png\" class=\"attachment-full size-full\" alt=\"\" srcset=\"https:\/\/emtancons.com\/wp-content\/uploads\/2024\/09\/resim_2024-09-05_231134696.png 1000w, https:\/\/emtancons.com\/wp-content\/uploads\/2024\/09\/resim_2024-09-05_231134696-300x200.png 300w, https:\/\/emtancons.com\/wp-content\/uploads\/2024\/09\/resim_2024-09-05_231134696-768x512.png 768w, https:\/\/emtancons.com\/wp-content\/uploads\/2024\/09\/resim_2024-09-05_231134696-350x233.png 350w, https:\/\/emtancons.com\/wp-content\/uploads\/2024\/09\/resim_2024-09-05_231134696-370x247.png 370w, https:\/\/emtancons.com\/wp-content\/uploads\/2024\/09\/resim_2024-09-05_231134696-255x170.png 255w, https:\/\/emtancons.com\/wp-content\/uploads\/2024\/09\/resim_2024-09-05_231134696-285x190.png 285w, https:\/\/emtancons.com\/wp-content\/uploads\/2024\/09\/resim_2024-09-05_231134696-600x400.png 600w, https:\/\/emtancons.com\/wp-content\/uploads\/2024\/09\/resim_2024-09-05_231134696-560x374.png 560w\" sizes=\"(max-width: 1000px) 100vw, 1000px\" \/><\/a>\n\t\t\t<\/div><\/figure><figure class='gallery-item'>\n\t\t\t<div class='gallery-icon landscape'>\n\t\t\t\t<a data-elementor-open-lightbox=\"yes\" data-elementor-lightbox-slideshow=\"68163dc1\" data-elementor-lightbox-title=\"resim_2024-09-05_231128620\" data-e-action-hash=\"#elementor-action%3Aaction%3Dlightbox%26settings%3DeyJpZCI6MTEyNjksInVybCI6Imh0dHBzOlwvXC9lbXRhbmNvbnMuY29tXC93cC1jb250ZW50XC91cGxvYWRzXC8yMDI0XC8wOVwvcmVzaW1fMjAyNC0wOS0wNV8yMzExMjg2MjAucG5nIiwic2xpZGVzaG93IjoiNjgxNjNkYzEifQ%3D%3D\" href='https:\/\/emtancons.com\/wp-content\/uploads\/2024\/09\/resim_2024-09-05_231128620.png'><img decoding=\"async\" width=\"1000\" height=\"667\" src=\"https:\/\/emtancons.com\/wp-content\/uploads\/2024\/09\/resim_2024-09-05_231128620.png\" class=\"attachment-full size-full\" alt=\"\" srcset=\"https:\/\/emtancons.com\/wp-content\/uploads\/2024\/09\/resim_2024-09-05_231128620.png 1000w, https:\/\/emtancons.com\/wp-content\/uploads\/2024\/09\/resim_2024-09-05_231128620-300x200.png 300w, https:\/\/emtancons.com\/wp-content\/uploads\/2024\/09\/resim_2024-09-05_231128620-768x512.png 768w, https:\/\/emtancons.com\/wp-content\/uploads\/2024\/09\/resim_2024-09-05_231128620-350x233.png 350w, https:\/\/emtancons.com\/wp-content\/uploads\/2024\/09\/resim_2024-09-05_231128620-370x247.png 370w, https:\/\/emtancons.com\/wp-content\/uploads\/2024\/09\/resim_2024-09-05_231128620-255x170.png 255w, https:\/\/emtancons.com\/wp-content\/uploads\/2024\/09\/resim_2024-09-05_231128620-285x190.png 285w, https:\/\/emtancons.com\/wp-content\/uploads\/2024\/09\/resim_2024-09-05_231128620-600x400.png 600w, https:\/\/emtancons.com\/wp-content\/uploads\/2024\/09\/resim_2024-09-05_231128620-560x374.png 560w\" sizes=\"(max-width: 1000px) 100vw, 1000px\" \/><\/a>\n\t\t\t<\/div><\/figure><figure class='gallery-item'>\n\t\t\t<div class='gallery-icon landscape'>\n\t\t\t\t<a data-elementor-open-lightbox=\"yes\" data-elementor-lightbox-slideshow=\"68163dc1\" data-elementor-lightbox-title=\"Emtan All Completed Projects_.00_16_15_03.Still107\" data-e-action-hash=\"#elementor-action%3Aaction%3Dlightbox%26settings%3DeyJpZCI6OTU5MSwidXJsIjoiaHR0cHM6XC9cL2VtdGFuY29ucy5jb21cL3dwLWNvbnRlbnRcL3VwbG9hZHNcLzIwMjVcLzExXC9FbXRhbi1BbGwtQ29tcGxldGVkLVByb2plY3RzXy4wMF8xNl8xNV8wMy5TdGlsbDEwNy53ZWJwIiwic2xpZGVzaG93IjoiNjgxNjNkYzEifQ%3D%3D\" href='https:\/\/emtancons.com\/wp-content\/uploads\/2025\/11\/Emtan-All-Completed-Projects_.00_16_15_03.Still107.webp'><img decoding=\"async\" width=\"1200\" height=\"675\" src=\"https:\/\/emtancons.com\/wp-content\/uploads\/2025\/11\/Emtan-All-Completed-Projects_.00_16_15_03.Still107.webp\" class=\"attachment-full size-full\" alt=\"\" srcset=\"https:\/\/emtancons.com\/wp-content\/uploads\/2025\/11\/Emtan-All-Completed-Projects_.00_16_15_03.Still107.webp 1200w, https:\/\/emtancons.com\/wp-content\/uploads\/2025\/11\/Emtan-All-Completed-Projects_.00_16_15_03.Still107-300x169.webp 300w, https:\/\/emtancons.com\/wp-content\/uploads\/2025\/11\/Emtan-All-Completed-Projects_.00_16_15_03.Still107-1024x576.webp 1024w, https:\/\/emtancons.com\/wp-content\/uploads\/2025\/11\/Emtan-All-Completed-Projects_.00_16_15_03.Still107-768x432.webp 768w\" sizes=\"(max-width: 1200px) 100vw, 1200px\" \/><\/a>\n\t\t\t<\/div><\/figure><figure class='gallery-item'>\n\t\t\t<div class='gallery-icon landscape'>\n\t\t\t\t<a data-elementor-open-lightbox=\"yes\" data-elementor-lightbox-slideshow=\"68163dc1\" data-elementor-lightbox-title=\"Emtan All Completed Projects_.00_16_25_03.Still108\" data-e-action-hash=\"#elementor-action%3Aaction%3Dlightbox%26settings%3DeyJpZCI6OTU4NiwidXJsIjoiaHR0cHM6XC9cL2VtdGFuY29ucy5jb21cL3dwLWNvbnRlbnRcL3VwbG9hZHNcLzIwMjVcLzExXC9FbXRhbi1BbGwtQ29tcGxldGVkLVByb2plY3RzXy4wMF8xNl8yNV8wMy5TdGlsbDEwOC53ZWJwIiwic2xpZGVzaG93IjoiNjgxNjNkYzEifQ%3D%3D\" href='https:\/\/emtancons.com\/wp-content\/uploads\/2025\/11\/Emtan-All-Completed-Projects_.00_16_25_03.Still108.webp'><img loading=\"lazy\" decoding=\"async\" width=\"1200\" height=\"675\" src=\"https:\/\/emtancons.com\/wp-content\/uploads\/2025\/11\/Emtan-All-Completed-Projects_.00_16_25_03.Still108.webp\" class=\"attachment-full size-full\" alt=\"\" srcset=\"https:\/\/emtancons.com\/wp-content\/uploads\/2025\/11\/Emtan-All-Completed-Projects_.00_16_25_03.Still108.webp 1200w, https:\/\/emtancons.com\/wp-content\/uploads\/2025\/11\/Emtan-All-Completed-Projects_.00_16_25_03.Still108-300x169.webp 300w, https:\/\/emtancons.com\/wp-content\/uploads\/2025\/11\/Emtan-All-Completed-Projects_.00_16_25_03.Still108-1024x576.webp 1024w, https:\/\/emtancons.com\/wp-content\/uploads\/2025\/11\/Emtan-All-Completed-Projects_.00_16_25_03.Still108-768x432.webp 768w\" sizes=\"(max-width: 1200px) 100vw, 1200px\" \/><\/a>\n\t\t\t<\/div><\/figure><figure class='gallery-item'>\n\t\t\t<div class='gallery-icon landscape'>\n\t\t\t\t<a data-elementor-open-lightbox=\"yes\" data-elementor-lightbox-slideshow=\"68163dc1\" data-elementor-lightbox-title=\"Emtan All Completed Projects_.00_16_47_00.Still111\" data-e-action-hash=\"#elementor-action%3Aaction%3Dlightbox%26settings%3DeyJpZCI6OTU4MSwidXJsIjoiaHR0cHM6XC9cL2VtdGFuY29ucy5jb21cL3dwLWNvbnRlbnRcL3VwbG9hZHNcLzIwMjVcLzExXC9FbXRhbi1BbGwtQ29tcGxldGVkLVByb2plY3RzXy4wMF8xNl80N18wMC5TdGlsbDExMS53ZWJwIiwic2xpZGVzaG93IjoiNjgxNjNkYzEifQ%3D%3D\" href='https:\/\/emtancons.com\/wp-content\/uploads\/2025\/11\/Emtan-All-Completed-Projects_.00_16_47_00.Still111.webp'><img loading=\"lazy\" decoding=\"async\" width=\"1200\" height=\"675\" src=\"https:\/\/emtancons.com\/wp-content\/uploads\/2025\/11\/Emtan-All-Completed-Projects_.00_16_47_00.Still111.webp\" class=\"attachment-full size-full\" alt=\"\" srcset=\"https:\/\/emtancons.com\/wp-content\/uploads\/2025\/11\/Emtan-All-Completed-Projects_.00_16_47_00.Still111.webp 1200w, https:\/\/emtancons.com\/wp-content\/uploads\/2025\/11\/Emtan-All-Completed-Projects_.00_16_47_00.Still111-300x169.webp 300w, https:\/\/emtancons.com\/wp-content\/uploads\/2025\/11\/Emtan-All-Completed-Projects_.00_16_47_00.Still111-1024x576.webp 1024w, https:\/\/emtancons.com\/wp-content\/uploads\/2025\/11\/Emtan-All-Completed-Projects_.00_16_47_00.Still111-768x432.webp 768w\" sizes=\"(max-width: 1200px) 100vw, 1200px\" \/><\/a>\n\t\t\t<\/div><\/figure><figure class='gallery-item'>\n\t\t\t<div class='gallery-icon landscape'>\n\t\t\t\t<a data-elementor-open-lightbox=\"yes\" data-elementor-lightbox-slideshow=\"68163dc1\" data-elementor-lightbox-title=\"Emtan All Completed Projects_.00_17_03_06.Still112\" data-e-action-hash=\"#elementor-action%3Aaction%3Dlightbox%26settings%3DeyJpZCI6OTU3NiwidXJsIjoiaHR0cHM6XC9cL2VtdGFuY29ucy5jb21cL3dwLWNvbnRlbnRcL3VwbG9hZHNcLzIwMjVcLzExXC9FbXRhbi1BbGwtQ29tcGxldGVkLVByb2plY3RzXy4wMF8xN18wM18wNi5TdGlsbDExMi53ZWJwIiwic2xpZGVzaG93IjoiNjgxNjNkYzEifQ%3D%3D\" href='https:\/\/emtancons.com\/wp-content\/uploads\/2025\/11\/Emtan-All-Completed-Projects_.00_17_03_06.Still112.webp'><img loading=\"lazy\" decoding=\"async\" width=\"1200\" height=\"675\" src=\"https:\/\/emtancons.com\/wp-content\/uploads\/2025\/11\/Emtan-All-Completed-Projects_.00_17_03_06.Still112.webp\" class=\"attachment-full size-full\" alt=\"\" srcset=\"https:\/\/emtancons.com\/wp-content\/uploads\/2025\/11\/Emtan-All-Completed-Projects_.00_17_03_06.Still112.webp 1200w, https:\/\/emtancons.com\/wp-content\/uploads\/2025\/11\/Emtan-All-Completed-Projects_.00_17_03_06.Still112-300x169.webp 300w, https:\/\/emtancons.com\/wp-content\/uploads\/2025\/11\/Emtan-All-Completed-Projects_.00_17_03_06.Still112-1024x576.webp 1024w, https:\/\/emtancons.com\/wp-content\/uploads\/2025\/11\/Emtan-All-Completed-Projects_.00_17_03_06.Still112-768x432.webp 768w\" sizes=\"(max-width: 1200px) 100vw, 1200px\" \/><\/a>\n\t\t\t<\/div><\/figure>\n\t\t<\/div>\n\t\t<\/div>\n\t\t\t\t\t\t<\/div>\n\t\t\t\t<\/div>\n\t\t\t\t\t<\/div>\n\t\t<\/div>\n\t\t\t\t\t<\/div>\n\t\t<\/section>\n\t\t\t\t<\/div>\n\t\t","protected":false},"excerpt":{"rendered":"<p>Detalles del proyecto GAU College KYRENIA CENTER, KYRENIA Dise\u00f1o arquitect\u00f3nico y concepto El dise\u00f1o del edificio de la Universidad GAU se ha configurado de acuerdo con las l\u00edneas arquitect\u00f3nicas contempor\u00e1neas y las necesidades educativas modernas. El enfoque minimalista utilizado en el dise\u00f1o del edificio se basa en la idea de crear un entorno en el [&hellip;]<\/p>\n","protected":false},"author":1,"featured_media":0,"parent":0,"menu_order":0,"comment_status":"closed","ping_status":"closed","template":"elementor_header_footer","meta":{"footnotes":""},"class_list":["post-11267","page","type-page","status-publish","hentry"],"yoast_head":"<!-- This site is optimized with the Yoast SEO plugin v27.1.1 - https:\/\/yoast.com\/product\/yoast-seo-wordpress\/ -->\n<title>Gau College - Emtan \u0130n\u015faat<\/title>\n<meta name=\"robots\" content=\"index, follow, max-snippet:-1, max-image-preview:large, max-video-preview:-1\" \/>\n<link rel=\"canonical\" href=\"https:\/\/emtancons.com\/gau-college\/\" \/>\n<meta property=\"og:locale\" content=\"pl_PL\" \/>\n<meta property=\"og:type\" content=\"article\" \/>\n<meta property=\"og:title\" content=\"Gau College - Emtan \u0130n\u015faat\" \/>\n<meta property=\"og:description\" content=\"Detalles del proyecto GAU College KYRENIA CENTER, KYRENIA Dise\u00f1o arquitect\u00f3nico y concepto El dise\u00f1o del edificio de la Universidad GAU se ha configurado de acuerdo con las l\u00edneas arquitect\u00f3nicas contempor\u00e1neas y las necesidades educativas modernas. El enfoque minimalista utilizado en el dise\u00f1o del edificio se basa en la idea de crear un entorno en el [&hellip;]\" \/>\n<meta property=\"og:url\" content=\"https:\/\/emtancons.com\/gau-college\/\" \/>\n<meta property=\"og:site_name\" content=\"Emtan \u0130n\u015faat\" \/>\n<meta property=\"article:modified_time\" content=\"2026-02-27T13:55:44+00:00\" \/>\n<meta property=\"og:image\" content=\"https:\/\/emtancons.com\/wp-content\/uploads\/2024\/09\/resim_2024-09-05_231134696.png\" \/>\n<meta name=\"twitter:card\" content=\"summary_large_image\" \/>\n<meta name=\"twitter:label1\" content=\"Szacowany czas czytania\" \/>\n\t<meta name=\"twitter:data1\" content=\"3 minuty\" \/>\n<script type=\"application\/ld+json\" class=\"yoast-schema-graph\">{\"@context\":\"https:\/\/schema.org\",\"@graph\":[{\"@type\":\"WebPage\",\"@id\":\"https:\/\/emtancons.com\/gau-college\/\",\"url\":\"https:\/\/emtancons.com\/gau-college\/\",\"name\":\"Gau College - Emtan \u0130n\u015faat\",\"isPartOf\":{\"@id\":\"https:\/\/emtancons.com\/#website\"},\"primaryImageOfPage\":{\"@id\":\"https:\/\/emtancons.com\/gau-college\/#primaryimage\"},\"image\":{\"@id\":\"https:\/\/emtancons.com\/gau-college\/#primaryimage\"},\"thumbnailUrl\":\"https:\/\/emtancons.com\/wp-content\/uploads\/2024\/09\/resim_2024-09-05_231134696.png\",\"datePublished\":\"2024-09-05T20:17:40+00:00\",\"dateModified\":\"2026-02-27T13:55:44+00:00\",\"breadcrumb\":{\"@id\":\"https:\/\/emtancons.com\/gau-college\/#breadcrumb\"},\"inLanguage\":\"pl-PL\",\"potentialAction\":[{\"@type\":\"ReadAction\",\"target\":[\"https:\/\/emtancons.com\/gau-college\/\"]}]},{\"@type\":\"ImageObject\",\"inLanguage\":\"pl-PL\",\"@id\":\"https:\/\/emtancons.com\/gau-college\/#primaryimage\",\"url\":\"https:\/\/emtancons.com\/wp-content\/uploads\/2024\/09\/resim_2024-09-05_231134696.png\",\"contentUrl\":\"https:\/\/emtancons.com\/wp-content\/uploads\/2024\/09\/resim_2024-09-05_231134696.png\"},{\"@type\":\"BreadcrumbList\",\"@id\":\"https:\/\/emtancons.com\/gau-college\/#breadcrumb\",\"itemListElement\":[{\"@type\":\"ListItem\",\"position\":1,\"name\":\"Anasayfa\",\"item\":\"https:\/\/emtancons.com\/\"},{\"@type\":\"ListItem\",\"position\":2,\"name\":\"Gau College\"}]},{\"@type\":\"WebSite\",\"@id\":\"https:\/\/emtancons.com\/#website\",\"url\":\"https:\/\/emtancons.com\/\",\"name\":\"Emtan \u0130n\u015faat\",\"description\":\"\",\"potentialAction\":[{\"@type\":\"SearchAction\",\"target\":{\"@type\":\"EntryPoint\",\"urlTemplate\":\"https:\/\/emtancons.com\/?s={search_term_string}\"},\"query-input\":{\"@type\":\"PropertyValueSpecification\",\"valueRequired\":true,\"valueName\":\"search_term_string\"}}],\"inLanguage\":\"pl-PL\"}]}<\/script>\n<!-- \/ Yoast SEO plugin. -->","yoast_head_json":{"title":"Gau College - Emtan \u0130n\u015faat","robots":{"index":"index","follow":"follow","max-snippet":"max-snippet:-1","max-image-preview":"max-image-preview:large","max-video-preview":"max-video-preview:-1"},"canonical":"https:\/\/emtancons.com\/gau-college\/","og_locale":"pl_PL","og_type":"article","og_title":"Gau College - Emtan \u0130n\u015faat","og_description":"Detalles del proyecto GAU College KYRENIA CENTER, KYRENIA Dise\u00f1o arquitect\u00f3nico y concepto El dise\u00f1o del edificio de la Universidad GAU se ha configurado de acuerdo con las l\u00edneas arquitect\u00f3nicas contempor\u00e1neas y las necesidades educativas modernas. El enfoque minimalista utilizado en el dise\u00f1o del edificio se basa en la idea de crear un entorno en el [&hellip;]","og_url":"https:\/\/emtancons.com\/gau-college\/","og_site_name":"Emtan \u0130n\u015faat","article_modified_time":"2026-02-27T13:55:44+00:00","og_image":[{"url":"https:\/\/emtancons.com\/wp-content\/uploads\/2024\/09\/resim_2024-09-05_231134696.png","type":"","width":"","height":""}],"twitter_card":"summary_large_image","twitter_misc":{"Szacowany czas czytania":"3 minuty"},"schema":{"@context":"https:\/\/schema.org","@graph":[{"@type":"WebPage","@id":"https:\/\/emtancons.com\/gau-college\/","url":"https:\/\/emtancons.com\/gau-college\/","name":"Gau College - Emtan \u0130n\u015faat","isPartOf":{"@id":"https:\/\/emtancons.com\/#website"},"primaryImageOfPage":{"@id":"https:\/\/emtancons.com\/gau-college\/#primaryimage"},"image":{"@id":"https:\/\/emtancons.com\/gau-college\/#primaryimage"},"thumbnailUrl":"https:\/\/emtancons.com\/wp-content\/uploads\/2024\/09\/resim_2024-09-05_231134696.png","datePublished":"2024-09-05T20:17:40+00:00","dateModified":"2026-02-27T13:55:44+00:00","breadcrumb":{"@id":"https:\/\/emtancons.com\/gau-college\/#breadcrumb"},"inLanguage":"pl-PL","potentialAction":[{"@type":"ReadAction","target":["https:\/\/emtancons.com\/gau-college\/"]}]},{"@type":"ImageObject","inLanguage":"pl-PL","@id":"https:\/\/emtancons.com\/gau-college\/#primaryimage","url":"https:\/\/emtancons.com\/wp-content\/uploads\/2024\/09\/resim_2024-09-05_231134696.png","contentUrl":"https:\/\/emtancons.com\/wp-content\/uploads\/2024\/09\/resim_2024-09-05_231134696.png"},{"@type":"BreadcrumbList","@id":"https:\/\/emtancons.com\/gau-college\/#breadcrumb","itemListElement":[{"@type":"ListItem","position":1,"name":"Anasayfa","item":"https:\/\/emtancons.com\/"},{"@type":"ListItem","position":2,"name":"Gau College"}]},{"@type":"WebSite","@id":"https:\/\/emtancons.com\/#website","url":"https:\/\/emtancons.com\/","name":"Emtan \u0130n\u015faat","description":"","potentialAction":[{"@type":"SearchAction","target":{"@type":"EntryPoint","urlTemplate":"https:\/\/emtancons.com\/?s={search_term_string}"},"query-input":{"@type":"PropertyValueSpecification","valueRequired":true,"valueName":"search_term_string"}}],"inLanguage":"pl-PL"}]}},"_links":{"self":[{"href":"https:\/\/emtancons.com\/pl\/wp-json\/wp\/v2\/pages\/11267","targetHints":{"allow":["GET"]}}],"collection":[{"href":"https:\/\/emtancons.com\/pl\/wp-json\/wp\/v2\/pages"}],"about":[{"href":"https:\/\/emtancons.com\/pl\/wp-json\/wp\/v2\/types\/page"}],"author":[{"embeddable":true,"href":"https:\/\/emtancons.com\/pl\/wp-json\/wp\/v2\/users\/1"}],"replies":[{"embeddable":true,"href":"https:\/\/emtancons.com\/pl\/wp-json\/wp\/v2\/comments?post=11267"}],"version-history":[{"count":3,"href":"https:\/\/emtancons.com\/pl\/wp-json\/wp\/v2\/pages\/11267\/revisions"}],"predecessor-version":[{"id":11272,"href":"https:\/\/emtancons.com\/pl\/wp-json\/wp\/v2\/pages\/11267\/revisions\/11272"}],"wp:attachment":[{"href":"https:\/\/emtancons.com\/pl\/wp-json\/wp\/v2\/media?parent=11267"}],"curies":[{"name":"wp","href":"https:\/\/api.w.org\/{rel}","templated":true}]}}