{"id":11252,"date":"2024-09-05T21:45:16","date_gmt":"2024-09-05T18:45:16","guid":{"rendered":"https:\/\/emtancons.com\/emtan-trio\/"},"modified":"2026-02-27T16:45:35","modified_gmt":"2026-02-27T13:45:35","slug":"emtan-trio","status":"publish","type":"page","link":"https:\/\/emtancons.com\/pl\/emtan-trio\/","title":{"rendered":"Emtan Trio"},"content":{"rendered":"\t\t<div data-elementor-type=\"wp-page\" data-elementor-id=\"11252\" class=\"elementor elementor-11252 elementor-2301\" data-elementor-post-type=\"page\">\n\t\t\t\t\t\t<section class=\"elementor-section elementor-top-section elementor-element elementor-element-1ffb18e4 elementor-section-content-middle elementor-section-boxed elementor-section-height-default elementor-section-height-default\" data-id=\"1ffb18e4\" data-element_type=\"section\" data-e-type=\"section\" data-settings=\"{&quot;background_background&quot;:&quot;classic&quot;}\">\n\t\t\t\t\t\t\t<div class=\"elementor-background-overlay\"><\/div>\n\t\t\t\t\t\t\t<div class=\"elementor-container elementor-column-gap-default\">\n\t\t\t\t\t<div class=\"elementor-column elementor-col-50 elementor-top-column elementor-element elementor-element-26ce2e89\" data-id=\"26ce2e89\" data-element_type=\"column\" data-e-type=\"column\">\n\t\t\t<div class=\"elementor-widget-wrap elementor-element-populated\">\n\t\t\t\t\t\t<div class=\"elementor-element elementor-element-2079376e elementor-widget elementor-widget-heading\" data-id=\"2079376e\" data-element_type=\"widget\" data-e-type=\"widget\" data-widget_type=\"heading.default\">\n\t\t\t\t<div class=\"elementor-widget-container\">\n\t\t\t\t\t<h2 class=\"elementor-heading-title elementor-size-default\">Detalles del proyecto<\/h2>\t\t\t\t<\/div>\n\t\t\t\t<\/div>\n\t\t\t\t<div class=\"elementor-element elementor-element-1d0836da elementor-invisible elementor-widget elementor-widget-heading\" data-id=\"1d0836da\" data-element_type=\"widget\" data-e-type=\"widget\" data-settings=\"{&quot;_animation&quot;:&quot;fadeInUp&quot;}\" data-widget_type=\"heading.default\">\n\t\t\t\t<div class=\"elementor-widget-container\">\n\t\t\t\t\t<h2 class=\"elementor-heading-title elementor-size-default\">Emtan trio\n<\/h2>\t\t\t\t<\/div>\n\t\t\t\t<\/div>\n\t\t\t\t<div class=\"elementor-element elementor-element-17b23d04 elementor-icon-list--layout-inline elementor-list-item-link-full_width elementor-widget elementor-widget-icon-list\" data-id=\"17b23d04\" data-element_type=\"widget\" data-e-type=\"widget\" data-widget_type=\"icon-list.default\">\n\t\t\t\t<div class=\"elementor-widget-container\">\n\t\t\t\t\t\t\t<ul class=\"elementor-icon-list-items elementor-inline-items\">\n\t\t\t\t\t\t\t<li class=\"elementor-icon-list-item elementor-inline-item\">\n\t\t\t\t\t\t\t\t\t\t\t<a href=\"#\">\n\n\t\t\t\t\t\t\t\t\t\t\t\t<span class=\"elementor-icon-list-icon\">\n\t\t\t\t\t\t\t<i aria-hidden=\"true\" class=\"fas fa-arrow-right\"><\/i>\t\t\t\t\t\t<\/span>\n\t\t\t\t\t\t\t\t\t\t<span class=\"elementor-icon-list-text\">KYRENIA CENTER, KYRENIA<\/span>\n\t\t\t\t\t\t\t\t\t\t\t<\/a>\n\t\t\t\t\t\t\t\t\t<\/li>\n\t\t\t\t\t\t<\/ul>\n\t\t\t\t\t\t<\/div>\n\t\t\t\t<\/div>\n\t\t\t\t\t<\/div>\n\t\t<\/div>\n\t\t\t\t<div class=\"elementor-column elementor-col-50 elementor-top-column elementor-element elementor-element-2fc0e46f\" data-id=\"2fc0e46f\" data-element_type=\"column\" data-e-type=\"column\">\n\t\t\t<div class=\"elementor-widget-wrap\">\n\t\t\t\t\t\t\t<\/div>\n\t\t<\/div>\n\t\t\t\t\t<\/div>\n\t\t<\/section>\n\t\t\t\t<section class=\"elementor-section elementor-top-section elementor-element elementor-element-4dd47b48 elementor-section-boxed elementor-section-height-default elementor-section-height-default\" data-id=\"4dd47b48\" data-element_type=\"section\" data-e-type=\"section\">\n\t\t\t\t\t\t\t<div class=\"elementor-background-overlay\"><\/div>\n\t\t\t\t\t\t\t<div class=\"elementor-container elementor-column-gap-default\">\n\t\t\t\t\t<div class=\"elementor-column elementor-col-50 elementor-top-column elementor-element elementor-element-5b63ca10 elementor-invisible\" data-id=\"5b63ca10\" data-element_type=\"column\" data-e-type=\"column\" data-settings=\"{&quot;background_background&quot;:&quot;classic&quot;,&quot;animation&quot;:&quot;slideInUp&quot;}\">\n\t\t\t<div class=\"elementor-widget-wrap elementor-element-populated\">\n\t\t\t\t\t\t<div class=\"elementor-element elementor-element-3f9a0079 elementor-widget elementor-widget-text-editor\" data-id=\"3f9a0079\" data-element_type=\"widget\" data-e-type=\"widget\" data-widget_type=\"text-editor.default\">\n\t\t\t\t<div class=\"elementor-widget-container\">\n\t\t\t\t\t\t\t\t\t<p>El proyecto, situado en el centro de Kyrenia, cuenta con 3 bloques independientes de apartamentos, cada uno de ellos con 5 plantas. El proyecto, que consta de 21 apartamentos de 2+1, 8 apartamentos de 3+1 y 2 \u00e1ticos de 3+1 de gran tama\u00f1o, con un total de 31 residencias de lujo, se llev\u00f3 a cabo en diciembre de 2019 con la garant\u00eda de Emtan, como resultado de nuestro trabajo profesional con un concepto arquitect\u00f3nico moderno.<\/p>\t\t\t\t\t\t\t\t<\/div>\n\t\t\t\t<\/div>\n\t\t\t\t<div class=\"elementor-element elementor-element-3b56bd5a elementor-widget-divider--view-line_text elementor-widget-divider--element-align-left elementor-widget elementor-widget-divider\" data-id=\"3b56bd5a\" data-element_type=\"widget\" data-e-type=\"widget\" data-widget_type=\"divider.default\">\n\t\t\t\t<div class=\"elementor-widget-container\">\n\t\t\t\t\t\t\t<div class=\"elementor-divider\">\n\t\t\t<span class=\"elementor-divider-separator\">\n\t\t\t\t\t\t\t<span class=\"elementor-divider__text elementor-divider__element\">\n\t\t\t\tEspecificaciones t\u00e9cnicas del proyecto\t\t\t\t<\/span>\n\t\t\t\t\t\t<\/span>\n\t\t<\/div>\n\t\t\t\t\t\t<\/div>\n\t\t\t\t<\/div>\n\t\t\t\t<section class=\"elementor-section elementor-inner-section elementor-element elementor-element-044ba9f elementor-section-boxed elementor-section-height-default elementor-section-height-default\" data-id=\"044ba9f\" data-element_type=\"section\" data-e-type=\"section\">\n\t\t\t\t\t\t<div class=\"elementor-container elementor-column-gap-no\">\n\t\t\t\t\t<div class=\"elementor-column elementor-col-50 elementor-inner-column elementor-element elementor-element-65d294e\" data-id=\"65d294e\" data-element_type=\"column\" data-e-type=\"column\">\n\t\t\t<div class=\"elementor-widget-wrap elementor-element-populated\">\n\t\t\t\t\t\t<div class=\"elementor-element elementor-element-179e9ce elementor-icon-list--layout-traditional elementor-list-item-link-full_width elementor-widget elementor-widget-icon-list\" data-id=\"179e9ce\" data-element_type=\"widget\" data-e-type=\"widget\" data-widget_type=\"icon-list.default\">\n\t\t\t\t<div class=\"elementor-widget-container\">\n\t\t\t\t\t\t\t<ul class=\"elementor-icon-list-items\">\n\t\t\t\t\t\t\t<li class=\"elementor-icon-list-item\">\n\t\t\t\t\t\t\t\t\t\t\t<span class=\"elementor-icon-list-icon\">\n\t\t\t\t\t\t\t<i aria-hidden=\"true\" class=\"icofont icofont-verification-check\"><\/i>\t\t\t\t\t\t<\/span>\n\t\t\t\t\t\t\t\t\t\t<span class=\"elementor-icon-list-text\">Sistema de aire acondicionado con inversor m\u00faltiple<\/span>\n\t\t\t\t\t\t\t\t\t<\/li>\n\t\t\t\t\t\t\t\t<li class=\"elementor-icon-list-item\">\n\t\t\t\t\t\t\t\t\t\t\t<span class=\"elementor-icon-list-icon\">\n\t\t\t\t\t\t\t<i aria-hidden=\"true\" class=\"icofont icofont-verification-check\"><\/i>\t\t\t\t\t\t<\/span>\n\t\t\t\t\t\t\t\t\t\t<span class=\"elementor-icon-list-text\">Sistema generador autom\u00e1tico central<\/span>\n\t\t\t\t\t\t\t\t\t<\/li>\n\t\t\t\t\t\t\t\t<li class=\"elementor-icon-list-item\">\n\t\t\t\t\t\t\t\t\t\t\t<span class=\"elementor-icon-list-icon\">\n\t\t\t\t\t\t\t<i aria-hidden=\"true\" class=\"icofont icofont-verification-check\"><\/i>\t\t\t\t\t\t<\/span>\n\t\t\t\t\t\t\t\t\t\t<span class=\"elementor-icon-list-text\">Seguridad 24\/7<\/span>\n\t\t\t\t\t\t\t\t\t<\/li>\n\t\t\t\t\t\t\t\t<li class=\"elementor-icon-list-item\">\n\t\t\t\t\t\t\t\t\t\t\t<span class=\"elementor-icon-list-icon\">\n\t\t\t\t\t\t\t<i aria-hidden=\"true\" class=\"icofont icofont-verification-check\"><\/i>\t\t\t\t\t\t<\/span>\n\t\t\t\t\t\t\t\t\t\t<span class=\"elementor-icon-list-text\">Sistema de intercomunicaci\u00f3n con v\u00eddeo y color<\/span>\n\t\t\t\t\t\t\t\t\t<\/li>\n\t\t\t\t\t\t\t\t<li class=\"elementor-icon-list-item\">\n\t\t\t\t\t\t\t\t\t\t\t<span class=\"elementor-icon-list-icon\">\n\t\t\t\t\t\t\t<i aria-hidden=\"true\" class=\"icofont icofont-verification-check\"><\/i>\t\t\t\t\t\t<\/span>\n\t\t\t\t\t\t\t\t\t\t<span class=\"elementor-icon-list-text\">Sistema com\u00fan de alarma contra incendios<\/span>\n\t\t\t\t\t\t\t\t\t<\/li>\n\t\t\t\t\t\t<\/ul>\n\t\t\t\t\t\t<\/div>\n\t\t\t\t<\/div>\n\t\t\t\t\t<\/div>\n\t\t<\/div>\n\t\t\t\t<div class=\"elementor-column elementor-col-50 elementor-inner-column elementor-element elementor-element-0a4074f\" data-id=\"0a4074f\" data-element_type=\"column\" data-e-type=\"column\">\n\t\t\t<div class=\"elementor-widget-wrap elementor-element-populated\">\n\t\t\t\t\t\t<div class=\"elementor-element elementor-element-69ff80e elementor-icon-list--layout-traditional elementor-list-item-link-full_width elementor-widget elementor-widget-icon-list\" data-id=\"69ff80e\" data-element_type=\"widget\" data-e-type=\"widget\" data-widget_type=\"icon-list.default\">\n\t\t\t\t<div class=\"elementor-widget-container\">\n\t\t\t\t\t\t\t<ul class=\"elementor-icon-list-items\">\n\t\t\t\t\t\t\t<li class=\"elementor-icon-list-item\">\n\t\t\t\t\t\t\t\t\t\t\t<span class=\"elementor-icon-list-icon\">\n\t\t\t\t\t\t\t<i aria-hidden=\"true\" class=\"icofont icofont-verification-check\"><\/i>\t\t\t\t\t\t<\/span>\n\t\t\t\t\t\t\t\t\t\t<span class=\"elementor-icon-list-text\">C\u00e1maras de seguridad CCTV<\/span>\n\t\t\t\t\t\t\t\t\t<\/li>\n\t\t\t\t\t\t\t\t<li class=\"elementor-icon-list-item\">\n\t\t\t\t\t\t\t\t\t\t\t<span class=\"elementor-icon-list-icon\">\n\t\t\t\t\t\t\t<i aria-hidden=\"true\" class=\"icofont icofont-verification-check\"><\/i>\t\t\t\t\t\t<\/span>\n\t\t\t\t\t\t\t\t\t\t<span class=\"elementor-icon-list-text\">Sistema de barrera de entrada\/salida controlada<\/span>\n\t\t\t\t\t\t\t\t\t<\/li>\n\t\t\t\t\t\t\t\t<li class=\"elementor-icon-list-item\">\n\t\t\t\t\t\t\t\t\t\t\t<span class=\"elementor-icon-list-icon\">\n\t\t\t\t\t\t\t<i aria-hidden=\"true\" class=\"icofont icofont-verification-check\"><\/i>\t\t\t\t\t\t<\/span>\n\t\t\t\t\t\t\t\t\t\t<span class=\"elementor-icon-list-text\">Sistema central de televisi\u00f3n\/sat\u00e9lite<\/span>\n\t\t\t\t\t\t\t\t\t<\/li>\n\t\t\t\t\t\t\t\t<li class=\"elementor-icon-list-item\">\n\t\t\t\t\t\t\t\t\t\t\t<span class=\"elementor-icon-list-icon\">\n\t\t\t\t\t\t\t<i aria-hidden=\"true\" class=\"icofont icofont-verification-check\"><\/i>\t\t\t\t\t\t<\/span>\n\t\t\t\t\t\t\t\t\t\t<span class=\"elementor-icon-list-text\">Infraestructura central de Internet\/datos<\/span>\n\t\t\t\t\t\t\t\t\t<\/li>\n\t\t\t\t\t\t\t\t<li class=\"elementor-icon-list-item\">\n\t\t\t\t\t\t\t\t\t\t\t<span class=\"elementor-icon-list-icon\">\n\t\t\t\t\t\t\t<i aria-hidden=\"true\" class=\"icofont icofont-verification-check\"><\/i>\t\t\t\t\t\t<\/span>\n\t\t\t\t\t\t\t\t\t\t<span class=\"elementor-icon-list-text\">Ascensor<\/span>\n\t\t\t\t\t\t\t\t\t<\/li>\n\t\t\t\t\t\t\t\t<li class=\"elementor-icon-list-item\">\n\t\t\t\t\t\t\t\t\t\t\t<span class=\"elementor-icon-list-icon\">\n\t\t\t\t\t\t\t<i aria-hidden=\"true\" class=\"icofont icofont-verification-check\"><\/i>\t\t\t\t\t\t<\/span>\n\t\t\t\t\t\t\t\t\t\t<span class=\"elementor-icon-list-text\">Dep\u00f3sito central empotrado de hormig\u00f3n armado para agua<\/span>\n\t\t\t\t\t\t\t\t\t<\/li>\n\t\t\t\t\t\t<\/ul>\n\t\t\t\t\t\t<\/div>\n\t\t\t\t<\/div>\n\t\t\t\t\t<\/div>\n\t\t<\/div>\n\t\t\t\t\t<\/div>\n\t\t<\/section>\n\t\t\t\t\t<\/div>\n\t\t<\/div>\n\t\t\t\t<div class=\"elementor-column elementor-col-50 elementor-top-column elementor-element elementor-element-375d5994\" data-id=\"375d5994\" data-element_type=\"column\" data-e-type=\"column\">\n\t\t\t<div class=\"elementor-widget-wrap\">\n\t\t\t\t\t\t\t<\/div>\n\t\t<\/div>\n\t\t\t\t\t<\/div>\n\t\t<\/section>\n\t\t\t\t<section class=\"elementor-section elementor-top-section elementor-element elementor-element-164d5c5d elementor-section-full_width elementor-section-height-default elementor-section-height-default\" data-id=\"164d5c5d\" data-element_type=\"section\" data-e-type=\"section\">\n\t\t\t\t\t\t<div class=\"elementor-container elementor-column-gap-default\">\n\t\t\t\t\t<div class=\"elementor-column elementor-col-100 elementor-top-column elementor-element elementor-element-63002b25\" data-id=\"63002b25\" data-element_type=\"column\" data-e-type=\"column\">\n\t\t\t<div class=\"elementor-widget-wrap elementor-element-populated\">\n\t\t\t\t\t\t<div class=\"elementor-element elementor-element-27f45934 gallery-spacing-custom elementor-widget elementor-widget-image-gallery\" data-id=\"27f45934\" data-element_type=\"widget\" data-e-type=\"widget\" data-widget_type=\"image-gallery.default\">\n\t\t\t\t<div class=\"elementor-widget-container\">\n\t\t\t\t\t\t\t<div class=\"elementor-image-gallery\">\n\t\t\t<div id='gallery-1' class='gallery galleryid-11252 gallery-columns-3 gallery-size-full'><figure class='gallery-item'>\n\t\t\t<div class='gallery-icon landscape'>\n\t\t\t\t<a data-elementor-open-lightbox=\"yes\" data-elementor-lightbox-slideshow=\"27f45934\" data-elementor-lightbox-title=\"image - 2024-09-05T213831.379\" data-e-action-hash=\"#elementor-action%3Aaction%3Dlightbox%26settings%3DeyJpZCI6MTEyNTcsInVybCI6Imh0dHBzOlwvXC9lbXRhbmNvbnMuY29tXC93cC1jb250ZW50XC91cGxvYWRzXC8yMDI0XC8wOVwvaW1hZ2UtMjAyNC0wOS0wNVQyMTM4MzEuMzc5LTEuanBnIiwic2xpZGVzaG93IjoiMjdmNDU5MzQifQ%3D%3D\" href='https:\/\/emtancons.com\/wp-content\/uploads\/2024\/09\/image-2024-09-05T213831.379-1.jpg'><img fetchpriority=\"high\" decoding=\"async\" width=\"2360\" height=\"1180\" src=\"https:\/\/emtancons.com\/wp-content\/uploads\/2024\/09\/image-2024-09-05T213831.379-1.jpg\" class=\"attachment-full size-full\" alt=\"\" srcset=\"https:\/\/emtancons.com\/wp-content\/uploads\/2024\/09\/image-2024-09-05T213831.379-1.jpg 2360w, https:\/\/emtancons.com\/wp-content\/uploads\/2024\/09\/image-2024-09-05T213831.379-1-300x150.jpg 300w, https:\/\/emtancons.com\/wp-content\/uploads\/2024\/09\/image-2024-09-05T213831.379-1-1024x512.jpg 1024w, https:\/\/emtancons.com\/wp-content\/uploads\/2024\/09\/image-2024-09-05T213831.379-1-768x384.jpg 768w, https:\/\/emtancons.com\/wp-content\/uploads\/2024\/09\/image-2024-09-05T213831.379-1-350x175.jpg 350w, https:\/\/emtancons.com\/wp-content\/uploads\/2024\/09\/image-2024-09-05T213831.379-1-370x185.jpg 370w, https:\/\/emtancons.com\/wp-content\/uploads\/2024\/09\/image-2024-09-05T213831.379-1-255x128.jpg 255w, https:\/\/emtancons.com\/wp-content\/uploads\/2024\/09\/image-2024-09-05T213831.379-1-285x143.jpg 285w, https:\/\/emtancons.com\/wp-content\/uploads\/2024\/09\/image-2024-09-05T213831.379-1-1536x768.jpg 1536w, https:\/\/emtancons.com\/wp-content\/uploads\/2024\/09\/image-2024-09-05T213831.379-1-2048x1024.jpg 2048w, https:\/\/emtancons.com\/wp-content\/uploads\/2024\/09\/image-2024-09-05T213831.379-1-600x300.jpg 600w, https:\/\/emtancons.com\/wp-content\/uploads\/2024\/09\/image-2024-09-05T213831.379-1-560x280.jpg 560w\" sizes=\"(max-width: 2360px) 100vw, 2360px\" \/><\/a>\n\t\t\t<\/div><\/figure><figure class='gallery-item'>\n\t\t\t<div class='gallery-icon landscape'>\n\t\t\t\t<a data-elementor-open-lightbox=\"yes\" data-elementor-lightbox-slideshow=\"27f45934\" data-elementor-lightbox-title=\"image - 2024-09-05T213822.401\" data-e-action-hash=\"#elementor-action%3Aaction%3Dlightbox%26settings%3DeyJpZCI6MTEyNTMsInVybCI6Imh0dHBzOlwvXC9lbXRhbmNvbnMuY29tXC93cC1jb250ZW50XC91cGxvYWRzXC8yMDI0XC8wOVwvaW1hZ2UtMjAyNC0wOS0wNVQyMTM4MjIuNDAxLTEuanBnIiwic2xpZGVzaG93IjoiMjdmNDU5MzQifQ%3D%3D\" href='https:\/\/emtancons.com\/wp-content\/uploads\/2024\/09\/image-2024-09-05T213822.401-1.jpg'><img decoding=\"async\" width=\"2360\" height=\"1180\" src=\"https:\/\/emtancons.com\/wp-content\/uploads\/2024\/09\/image-2024-09-05T213822.401-1.jpg\" class=\"attachment-full size-full\" alt=\"\" srcset=\"https:\/\/emtancons.com\/wp-content\/uploads\/2024\/09\/image-2024-09-05T213822.401-1.jpg 2360w, https:\/\/emtancons.com\/wp-content\/uploads\/2024\/09\/image-2024-09-05T213822.401-1-300x150.jpg 300w, https:\/\/emtancons.com\/wp-content\/uploads\/2024\/09\/image-2024-09-05T213822.401-1-1024x512.jpg 1024w, https:\/\/emtancons.com\/wp-content\/uploads\/2024\/09\/image-2024-09-05T213822.401-1-768x384.jpg 768w, https:\/\/emtancons.com\/wp-content\/uploads\/2024\/09\/image-2024-09-05T213822.401-1-350x175.jpg 350w, https:\/\/emtancons.com\/wp-content\/uploads\/2024\/09\/image-2024-09-05T213822.401-1-370x185.jpg 370w, https:\/\/emtancons.com\/wp-content\/uploads\/2024\/09\/image-2024-09-05T213822.401-1-255x128.jpg 255w, https:\/\/emtancons.com\/wp-content\/uploads\/2024\/09\/image-2024-09-05T213822.401-1-285x143.jpg 285w, https:\/\/emtancons.com\/wp-content\/uploads\/2024\/09\/image-2024-09-05T213822.401-1-1536x768.jpg 1536w, https:\/\/emtancons.com\/wp-content\/uploads\/2024\/09\/image-2024-09-05T213822.401-1-2048x1024.jpg 2048w, https:\/\/emtancons.com\/wp-content\/uploads\/2024\/09\/image-2024-09-05T213822.401-1-600x300.jpg 600w, https:\/\/emtancons.com\/wp-content\/uploads\/2024\/09\/image-2024-09-05T213822.401-1-560x280.jpg 560w\" sizes=\"(max-width: 2360px) 100vw, 2360px\" \/><\/a>\n\t\t\t<\/div><\/figure><figure class='gallery-item'>\n\t\t\t<div class='gallery-icon landscape'>\n\t\t\t\t<a data-elementor-open-lightbox=\"yes\" data-elementor-lightbox-slideshow=\"27f45934\" data-elementor-lightbox-title=\"image - 2024-09-05T213816.815\" data-e-action-hash=\"#elementor-action%3Aaction%3Dlightbox%26settings%3DeyJpZCI6MTEyNTgsInVybCI6Imh0dHBzOlwvXC9lbXRhbmNvbnMuY29tXC93cC1jb250ZW50XC91cGxvYWRzXC8yMDI0XC8wOVwvaW1hZ2UtMjAyNC0wOS0wNVQyMTM4MTYuODE1LTEuanBnIiwic2xpZGVzaG93IjoiMjdmNDU5MzQifQ%3D%3D\" href='https:\/\/emtancons.com\/wp-content\/uploads\/2024\/09\/image-2024-09-05T213816.815-1.jpg'><img decoding=\"async\" width=\"2360\" height=\"1180\" src=\"https:\/\/emtancons.com\/wp-content\/uploads\/2024\/09\/image-2024-09-05T213816.815-1.jpg\" class=\"attachment-full size-full\" alt=\"\" srcset=\"https:\/\/emtancons.com\/wp-content\/uploads\/2024\/09\/image-2024-09-05T213816.815-1.jpg 2360w, https:\/\/emtancons.com\/wp-content\/uploads\/2024\/09\/image-2024-09-05T213816.815-1-300x150.jpg 300w, https:\/\/emtancons.com\/wp-content\/uploads\/2024\/09\/image-2024-09-05T213816.815-1-1024x512.jpg 1024w, https:\/\/emtancons.com\/wp-content\/uploads\/2024\/09\/image-2024-09-05T213816.815-1-768x384.jpg 768w, https:\/\/emtancons.com\/wp-content\/uploads\/2024\/09\/image-2024-09-05T213816.815-1-350x175.jpg 350w, https:\/\/emtancons.com\/wp-content\/uploads\/2024\/09\/image-2024-09-05T213816.815-1-370x185.jpg 370w, https:\/\/emtancons.com\/wp-content\/uploads\/2024\/09\/image-2024-09-05T213816.815-1-255x128.jpg 255w, https:\/\/emtancons.com\/wp-content\/uploads\/2024\/09\/image-2024-09-05T213816.815-1-285x143.jpg 285w, https:\/\/emtancons.com\/wp-content\/uploads\/2024\/09\/image-2024-09-05T213816.815-1-1536x768.jpg 1536w, https:\/\/emtancons.com\/wp-content\/uploads\/2024\/09\/image-2024-09-05T213816.815-1-2048x1024.jpg 2048w, https:\/\/emtancons.com\/wp-content\/uploads\/2024\/09\/image-2024-09-05T213816.815-1-600x300.jpg 600w, https:\/\/emtancons.com\/wp-content\/uploads\/2024\/09\/image-2024-09-05T213816.815-1-560x280.jpg 560w\" sizes=\"(max-width: 2360px) 100vw, 2360px\" \/><\/a>\n\t\t\t<\/div><\/figure>\n\t\t<\/div>\n\t\t<\/div>\n\t\t\t\t\t\t<\/div>\n\t\t\t\t<\/div>\n\t\t\t\t\t<\/div>\n\t\t<\/div>\n\t\t\t\t\t<\/div>\n\t\t<\/section>\n\t\t\t\t<\/div>\n\t\t","protected":false},"excerpt":{"rendered":"<p>Detalles del proyecto Emtan trio KYRENIA CENTER, KYRENIA El proyecto, situado en el centro de Kyrenia, cuenta con 3 bloques independientes de apartamentos, cada uno de ellos con 5 plantas. El proyecto, que consta de 21 apartamentos de 2+1, 8 apartamentos de 3+1 y 2 \u00e1ticos de 3+1 de gran tama\u00f1o, con un total de [&hellip;]<\/p>\n","protected":false},"author":1,"featured_media":0,"parent":0,"menu_order":0,"comment_status":"closed","ping_status":"closed","template":"elementor_header_footer","meta":{"footnotes":""},"class_list":["post-11252","page","type-page","status-publish","hentry"],"yoast_head":"<!-- This site is optimized with the Yoast SEO plugin v27.1.1 - https:\/\/yoast.com\/product\/yoast-seo-wordpress\/ -->\n<title>Emtan Trio - Emtan \u0130n\u015faat<\/title>\n<meta name=\"robots\" content=\"index, follow, max-snippet:-1, max-image-preview:large, max-video-preview:-1\" \/>\n<link rel=\"canonical\" href=\"https:\/\/emtancons.com\/emtan-trio\/\" \/>\n<meta property=\"og:locale\" content=\"pl_PL\" \/>\n<meta property=\"og:type\" content=\"article\" \/>\n<meta property=\"og:title\" content=\"Emtan Trio - Emtan \u0130n\u015faat\" \/>\n<meta property=\"og:description\" content=\"Detalles del proyecto Emtan trio KYRENIA CENTER, KYRENIA El proyecto, situado en el centro de Kyrenia, cuenta con 3 bloques independientes de apartamentos, cada uno de ellos con 5 plantas. El proyecto, que consta de 21 apartamentos de 2+1, 8 apartamentos de 3+1 y 2 \u00e1ticos de 3+1 de gran tama\u00f1o, con un total de [&hellip;]\" \/>\n<meta property=\"og:url\" content=\"https:\/\/emtancons.com\/emtan-trio\/\" \/>\n<meta property=\"og:site_name\" content=\"Emtan \u0130n\u015faat\" \/>\n<meta property=\"article:modified_time\" content=\"2026-02-27T13:45:35+00:00\" \/>\n<meta property=\"og:image\" content=\"https:\/\/emtancons.com\/wp-content\/uploads\/2024\/09\/image-2024-09-05T213831.379-1.jpg\" \/>\n<meta name=\"twitter:card\" content=\"summary_large_image\" \/>\n<meta name=\"twitter:label1\" content=\"Szacowany czas czytania\" \/>\n\t<meta name=\"twitter:data1\" content=\"2 minuty\" \/>\n<script type=\"application\/ld+json\" class=\"yoast-schema-graph\">{\"@context\":\"https:\/\/schema.org\",\"@graph\":[{\"@type\":\"WebPage\",\"@id\":\"https:\/\/emtancons.com\/emtan-trio\/\",\"url\":\"https:\/\/emtancons.com\/emtan-trio\/\",\"name\":\"Emtan Trio - Emtan \u0130n\u015faat\",\"isPartOf\":{\"@id\":\"https:\/\/emtancons.com\/#website\"},\"primaryImageOfPage\":{\"@id\":\"https:\/\/emtancons.com\/emtan-trio\/#primaryimage\"},\"image\":{\"@id\":\"https:\/\/emtancons.com\/emtan-trio\/#primaryimage\"},\"thumbnailUrl\":\"https:\/\/emtancons.com\/wp-content\/uploads\/2024\/09\/image-2024-09-05T213831.379-1.jpg\",\"datePublished\":\"2024-09-05T18:45:16+00:00\",\"dateModified\":\"2026-02-27T13:45:35+00:00\",\"breadcrumb\":{\"@id\":\"https:\/\/emtancons.com\/emtan-trio\/#breadcrumb\"},\"inLanguage\":\"pl-PL\",\"potentialAction\":[{\"@type\":\"ReadAction\",\"target\":[\"https:\/\/emtancons.com\/emtan-trio\/\"]}]},{\"@type\":\"ImageObject\",\"inLanguage\":\"pl-PL\",\"@id\":\"https:\/\/emtancons.com\/emtan-trio\/#primaryimage\",\"url\":\"https:\/\/emtancons.com\/wp-content\/uploads\/2024\/09\/image-2024-09-05T213831.379-1.jpg\",\"contentUrl\":\"https:\/\/emtancons.com\/wp-content\/uploads\/2024\/09\/image-2024-09-05T213831.379-1.jpg\"},{\"@type\":\"BreadcrumbList\",\"@id\":\"https:\/\/emtancons.com\/emtan-trio\/#breadcrumb\",\"itemListElement\":[{\"@type\":\"ListItem\",\"position\":1,\"name\":\"Anasayfa\",\"item\":\"https:\/\/emtancons.com\/\"},{\"@type\":\"ListItem\",\"position\":2,\"name\":\"Emtan Trio\"}]},{\"@type\":\"WebSite\",\"@id\":\"https:\/\/emtancons.com\/#website\",\"url\":\"https:\/\/emtancons.com\/\",\"name\":\"Emtan \u0130n\u015faat\",\"description\":\"\",\"potentialAction\":[{\"@type\":\"SearchAction\",\"target\":{\"@type\":\"EntryPoint\",\"urlTemplate\":\"https:\/\/emtancons.com\/?s={search_term_string}\"},\"query-input\":{\"@type\":\"PropertyValueSpecification\",\"valueRequired\":true,\"valueName\":\"search_term_string\"}}],\"inLanguage\":\"pl-PL\"}]}<\/script>\n<!-- \/ Yoast SEO plugin. -->","yoast_head_json":{"title":"Emtan Trio - Emtan \u0130n\u015faat","robots":{"index":"index","follow":"follow","max-snippet":"max-snippet:-1","max-image-preview":"max-image-preview:large","max-video-preview":"max-video-preview:-1"},"canonical":"https:\/\/emtancons.com\/emtan-trio\/","og_locale":"pl_PL","og_type":"article","og_title":"Emtan Trio - Emtan \u0130n\u015faat","og_description":"Detalles del proyecto Emtan trio KYRENIA CENTER, KYRENIA El proyecto, situado en el centro de Kyrenia, cuenta con 3 bloques independientes de apartamentos, cada uno de ellos con 5 plantas. El proyecto, que consta de 21 apartamentos de 2+1, 8 apartamentos de 3+1 y 2 \u00e1ticos de 3+1 de gran tama\u00f1o, con un total de [&hellip;]","og_url":"https:\/\/emtancons.com\/emtan-trio\/","og_site_name":"Emtan \u0130n\u015faat","article_modified_time":"2026-02-27T13:45:35+00:00","og_image":[{"url":"https:\/\/emtancons.com\/wp-content\/uploads\/2024\/09\/image-2024-09-05T213831.379-1.jpg","type":"","width":"","height":""}],"twitter_card":"summary_large_image","twitter_misc":{"Szacowany czas czytania":"2 minuty"},"schema":{"@context":"https:\/\/schema.org","@graph":[{"@type":"WebPage","@id":"https:\/\/emtancons.com\/emtan-trio\/","url":"https:\/\/emtancons.com\/emtan-trio\/","name":"Emtan Trio - Emtan \u0130n\u015faat","isPartOf":{"@id":"https:\/\/emtancons.com\/#website"},"primaryImageOfPage":{"@id":"https:\/\/emtancons.com\/emtan-trio\/#primaryimage"},"image":{"@id":"https:\/\/emtancons.com\/emtan-trio\/#primaryimage"},"thumbnailUrl":"https:\/\/emtancons.com\/wp-content\/uploads\/2024\/09\/image-2024-09-05T213831.379-1.jpg","datePublished":"2024-09-05T18:45:16+00:00","dateModified":"2026-02-27T13:45:35+00:00","breadcrumb":{"@id":"https:\/\/emtancons.com\/emtan-trio\/#breadcrumb"},"inLanguage":"pl-PL","potentialAction":[{"@type":"ReadAction","target":["https:\/\/emtancons.com\/emtan-trio\/"]}]},{"@type":"ImageObject","inLanguage":"pl-PL","@id":"https:\/\/emtancons.com\/emtan-trio\/#primaryimage","url":"https:\/\/emtancons.com\/wp-content\/uploads\/2024\/09\/image-2024-09-05T213831.379-1.jpg","contentUrl":"https:\/\/emtancons.com\/wp-content\/uploads\/2024\/09\/image-2024-09-05T213831.379-1.jpg"},{"@type":"BreadcrumbList","@id":"https:\/\/emtancons.com\/emtan-trio\/#breadcrumb","itemListElement":[{"@type":"ListItem","position":1,"name":"Anasayfa","item":"https:\/\/emtancons.com\/"},{"@type":"ListItem","position":2,"name":"Emtan Trio"}]},{"@type":"WebSite","@id":"https:\/\/emtancons.com\/#website","url":"https:\/\/emtancons.com\/","name":"Emtan \u0130n\u015faat","description":"","potentialAction":[{"@type":"SearchAction","target":{"@type":"EntryPoint","urlTemplate":"https:\/\/emtancons.com\/?s={search_term_string}"},"query-input":{"@type":"PropertyValueSpecification","valueRequired":true,"valueName":"search_term_string"}}],"inLanguage":"pl-PL"}]}},"_links":{"self":[{"href":"https:\/\/emtancons.com\/pl\/wp-json\/wp\/v2\/pages\/11252","targetHints":{"allow":["GET"]}}],"collection":[{"href":"https:\/\/emtancons.com\/pl\/wp-json\/wp\/v2\/pages"}],"about":[{"href":"https:\/\/emtancons.com\/pl\/wp-json\/wp\/v2\/types\/page"}],"author":[{"embeddable":true,"href":"https:\/\/emtancons.com\/pl\/wp-json\/wp\/v2\/users\/1"}],"replies":[{"embeddable":true,"href":"https:\/\/emtancons.com\/pl\/wp-json\/wp\/v2\/comments?post=11252"}],"version-history":[{"count":3,"href":"https:\/\/emtancons.com\/pl\/wp-json\/wp\/v2\/pages\/11252\/revisions"}],"predecessor-version":[{"id":11261,"href":"https:\/\/emtancons.com\/pl\/wp-json\/wp\/v2\/pages\/11252\/revisions\/11261"}],"wp:attachment":[{"href":"https:\/\/emtancons.com\/pl\/wp-json\/wp\/v2\/media?parent=11252"}],"curies":[{"name":"wp","href":"https:\/\/api.w.org\/{rel}","templated":true}]}}