{"id":11193,"date":"2024-09-05T21:37:57","date_gmt":"2024-09-05T18:37:57","guid":{"rendered":"https:\/\/emtancons.com\/emtan-point\/"},"modified":"2026-02-27T15:50:48","modified_gmt":"2026-02-27T12:50:48","slug":"emtan-point","status":"publish","type":"page","link":"https:\/\/emtancons.com\/pl\/emtan-point\/","title":{"rendered":"Emtan Point"},"content":{"rendered":"\t\t<div data-elementor-type=\"wp-page\" data-elementor-id=\"11193\" class=\"elementor elementor-11193 elementor-2300\" data-elementor-post-type=\"page\">\n\t\t\t\t\t\t<section class=\"elementor-section elementor-top-section elementor-element elementor-element-37fd563b elementor-section-content-middle elementor-section-boxed elementor-section-height-default elementor-section-height-default\" data-id=\"37fd563b\" data-element_type=\"section\" data-e-type=\"section\" data-settings=\"{&quot;background_background&quot;:&quot;classic&quot;}\">\n\t\t\t\t\t\t\t<div class=\"elementor-background-overlay\"><\/div>\n\t\t\t\t\t\t\t<div class=\"elementor-container elementor-column-gap-default\">\n\t\t\t\t\t<div class=\"elementor-column elementor-col-50 elementor-top-column elementor-element elementor-element-163de6f\" data-id=\"163de6f\" data-element_type=\"column\" data-e-type=\"column\">\n\t\t\t<div class=\"elementor-widget-wrap elementor-element-populated\">\n\t\t\t\t\t\t<div class=\"elementor-element elementor-element-7613b2f7 elementor-widget elementor-widget-heading\" data-id=\"7613b2f7\" data-element_type=\"widget\" data-e-type=\"widget\" data-widget_type=\"heading.default\">\n\t\t\t\t<div class=\"elementor-widget-container\">\n\t\t\t\t\t<h2 class=\"elementor-heading-title elementor-size-default\">Detalles del proyecto<\/h2>\t\t\t\t<\/div>\n\t\t\t\t<\/div>\n\t\t\t\t<div class=\"elementor-element elementor-element-2e6016d elementor-invisible elementor-widget elementor-widget-heading\" data-id=\"2e6016d\" data-element_type=\"widget\" data-e-type=\"widget\" data-settings=\"{&quot;_animation&quot;:&quot;fadeInUp&quot;}\" data-widget_type=\"heading.default\">\n\t\t\t\t<div class=\"elementor-widget-container\">\n\t\t\t\t\t<h2 class=\"elementor-heading-title elementor-size-default\">Emtan Point\n<\/h2>\t\t\t\t<\/div>\n\t\t\t\t<\/div>\n\t\t\t\t<div class=\"elementor-element elementor-element-7233c1d0 elementor-icon-list--layout-inline elementor-list-item-link-full_width elementor-widget elementor-widget-icon-list\" data-id=\"7233c1d0\" data-element_type=\"widget\" data-e-type=\"widget\" data-widget_type=\"icon-list.default\">\n\t\t\t\t<div class=\"elementor-widget-container\">\n\t\t\t\t\t\t\t<ul class=\"elementor-icon-list-items elementor-inline-items\">\n\t\t\t\t\t\t\t<li class=\"elementor-icon-list-item elementor-inline-item\">\n\t\t\t\t\t\t\t\t\t\t\t<a href=\"#\">\n\n\t\t\t\t\t\t\t\t\t\t\t\t<span class=\"elementor-icon-list-icon\">\n\t\t\t\t\t\t\t<i aria-hidden=\"true\" class=\"fas fa-arrow-right\"><\/i>\t\t\t\t\t\t<\/span>\n\t\t\t\t\t\t\t\t\t\t<span class=\"elementor-icon-list-text\">KYRENIA CENTER, KYRENIA<\/span>\n\t\t\t\t\t\t\t\t\t\t\t<\/a>\n\t\t\t\t\t\t\t\t\t<\/li>\n\t\t\t\t\t\t<\/ul>\n\t\t\t\t\t\t<\/div>\n\t\t\t\t<\/div>\n\t\t\t\t\t<\/div>\n\t\t<\/div>\n\t\t\t\t<div class=\"elementor-column elementor-col-50 elementor-top-column elementor-element elementor-element-4f3205d9\" data-id=\"4f3205d9\" data-element_type=\"column\" data-e-type=\"column\">\n\t\t\t<div class=\"elementor-widget-wrap\">\n\t\t\t\t\t\t\t<\/div>\n\t\t<\/div>\n\t\t\t\t\t<\/div>\n\t\t<\/section>\n\t\t\t\t<section class=\"elementor-section elementor-top-section elementor-element elementor-element-6f0b8986 elementor-section-boxed elementor-section-height-default elementor-section-height-default\" data-id=\"6f0b8986\" data-element_type=\"section\" data-e-type=\"section\">\n\t\t\t\t\t\t\t<div class=\"elementor-background-overlay\"><\/div>\n\t\t\t\t\t\t\t<div class=\"elementor-container elementor-column-gap-default\">\n\t\t\t\t\t<div class=\"elementor-column elementor-col-50 elementor-top-column elementor-element elementor-element-64dfaa7b elementor-invisible\" data-id=\"64dfaa7b\" data-element_type=\"column\" data-e-type=\"column\" data-settings=\"{&quot;background_background&quot;:&quot;classic&quot;,&quot;animation&quot;:&quot;slideInUp&quot;}\">\n\t\t\t<div class=\"elementor-widget-wrap elementor-element-populated\">\n\t\t\t\t\t\t<div class=\"elementor-element elementor-element-1a494eb8 elementor-widget elementor-widget-text-editor\" data-id=\"1a494eb8\" data-element_type=\"widget\" data-e-type=\"widget\" data-widget_type=\"text-editor.default\">\n\t\t\t\t<div class=\"elementor-widget-container\">\n\t\t\t\t\t\t\t\t\t<p>Situado en pleno centro de la zona conocida como el barrio turco de Kyrenia, el proyecto se encuentra a solo 100 metros de la calle Semih Sancar y a muy poca distancia a pie de muchos puntos clave. Nuestro bloque de apartamentos, que consta de un total de 6 plantas, cuenta con 2 grandes locales comerciales en la planta baja, 6 apartamentos 1+1, 6 apartamentos 2+1 y 3 apartamentos 3+1, lo que suma un total de 2 locales comerciales y 15 residencias.<br \/>La fecha de entrega llave en mano del proyecto ser\u00e1 agosto de 2021. Como resultado de nuestro trabajo profesional con un concepto arquitect\u00f3nico moderno, se est\u00e1 llevando a cabo en el centro de Kyrenia con la garant\u00eda de Emtan.<\/p>\t\t\t\t\t\t\t\t<\/div>\n\t\t\t\t<\/div>\n\t\t\t\t<div class=\"elementor-element elementor-element-1caabb12 elementor-widget-divider--view-line_text elementor-widget-divider--element-align-left elementor-widget elementor-widget-divider\" data-id=\"1caabb12\" data-element_type=\"widget\" data-e-type=\"widget\" data-widget_type=\"divider.default\">\n\t\t\t\t<div class=\"elementor-widget-container\">\n\t\t\t\t\t\t\t<div class=\"elementor-divider\">\n\t\t\t<span class=\"elementor-divider-separator\">\n\t\t\t\t\t\t\t<span class=\"elementor-divider__text elementor-divider__element\">\n\t\t\t\tEspecificaciones t\u00e9cnicas del proyecto\t\t\t\t<\/span>\n\t\t\t\t\t\t<\/span>\n\t\t<\/div>\n\t\t\t\t\t\t<\/div>\n\t\t\t\t<\/div>\n\t\t\t\t<section class=\"elementor-section elementor-inner-section elementor-element elementor-element-221ae54 elementor-section-boxed elementor-section-height-default elementor-section-height-default\" data-id=\"221ae54\" data-element_type=\"section\" data-e-type=\"section\">\n\t\t\t\t\t\t<div class=\"elementor-container elementor-column-gap-no\">\n\t\t\t\t\t<div class=\"elementor-column elementor-col-50 elementor-inner-column elementor-element elementor-element-25dde4c5\" data-id=\"25dde4c5\" data-element_type=\"column\" data-e-type=\"column\">\n\t\t\t<div class=\"elementor-widget-wrap elementor-element-populated\">\n\t\t\t\t\t\t<div class=\"elementor-element elementor-element-24525ae5 elementor-icon-list--layout-traditional elementor-list-item-link-full_width elementor-widget elementor-widget-icon-list\" data-id=\"24525ae5\" data-element_type=\"widget\" data-e-type=\"widget\" data-widget_type=\"icon-list.default\">\n\t\t\t\t<div class=\"elementor-widget-container\">\n\t\t\t\t\t\t\t<ul class=\"elementor-icon-list-items\">\n\t\t\t\t\t\t\t<li class=\"elementor-icon-list-item\">\n\t\t\t\t\t\t\t\t\t\t\t<span class=\"elementor-icon-list-icon\">\n\t\t\t\t\t\t\t<i aria-hidden=\"true\" class=\"icofont icofont-verification-check\"><\/i>\t\t\t\t\t\t<\/span>\n\t\t\t\t\t\t\t\t\t\t<span class=\"elementor-icon-list-text\">Sistema com\u00fan de alarma contra incendios<\/span>\n\t\t\t\t\t\t\t\t\t<\/li>\n\t\t\t\t\t\t\t\t<li class=\"elementor-icon-list-item\">\n\t\t\t\t\t\t\t\t\t\t\t<span class=\"elementor-icon-list-icon\">\n\t\t\t\t\t\t\t<i aria-hidden=\"true\" class=\"icofont icofont-verification-check\"><\/i>\t\t\t\t\t\t<\/span>\n\t\t\t\t\t\t\t\t\t\t<span class=\"elementor-icon-list-text\">Sistema central de televisi\u00f3n\/sat\u00e9lite<\/span>\n\t\t\t\t\t\t\t\t\t<\/li>\n\t\t\t\t\t\t\t\t<li class=\"elementor-icon-list-item\">\n\t\t\t\t\t\t\t\t\t\t\t<span class=\"elementor-icon-list-icon\">\n\t\t\t\t\t\t\t<i aria-hidden=\"true\" class=\"icofont icofont-verification-check\"><\/i>\t\t\t\t\t\t<\/span>\n\t\t\t\t\t\t\t\t\t\t<span class=\"elementor-icon-list-text\">Sistema central de Internet\/datos<\/span>\n\t\t\t\t\t\t\t\t\t<\/li>\n\t\t\t\t\t\t\t\t<li class=\"elementor-icon-list-item\">\n\t\t\t\t\t\t\t\t\t\t\t<span class=\"elementor-icon-list-icon\">\n\t\t\t\t\t\t\t<i aria-hidden=\"true\" class=\"icofont icofont-verification-check\"><\/i>\t\t\t\t\t\t<\/span>\n\t\t\t\t\t\t\t\t\t\t<span class=\"elementor-icon-list-text\">Ascensor<\/span>\n\t\t\t\t\t\t\t\t\t<\/li>\n\t\t\t\t\t\t\t\t<li class=\"elementor-icon-list-item\">\n\t\t\t\t\t\t\t\t\t\t\t<span class=\"elementor-icon-list-icon\">\n\t\t\t\t\t\t\t<i aria-hidden=\"true\" class=\"icofont icofont-verification-check\"><\/i>\t\t\t\t\t\t<\/span>\n\t\t\t\t\t\t\t\t\t\t<span class=\"elementor-icon-list-text\">Dep\u00f3sito central de agua oculto de hormig\u00f3n armado<\/span>\n\t\t\t\t\t\t\t\t\t<\/li>\n\t\t\t\t\t\t<\/ul>\n\t\t\t\t\t\t<\/div>\n\t\t\t\t<\/div>\n\t\t\t\t\t<\/div>\n\t\t<\/div>\n\t\t\t\t<div class=\"elementor-column elementor-col-50 elementor-inner-column elementor-element elementor-element-714fdb2e\" data-id=\"714fdb2e\" data-element_type=\"column\" data-e-type=\"column\">\n\t\t\t<div class=\"elementor-widget-wrap elementor-element-populated\">\n\t\t\t\t\t\t<div class=\"elementor-element elementor-element-4a274128 elementor-icon-list--layout-traditional elementor-list-item-link-full_width elementor-widget elementor-widget-icon-list\" data-id=\"4a274128\" data-element_type=\"widget\" data-e-type=\"widget\" data-widget_type=\"icon-list.default\">\n\t\t\t\t<div class=\"elementor-widget-container\">\n\t\t\t\t\t\t\t<ul class=\"elementor-icon-list-items\">\n\t\t\t\t\t\t\t<li class=\"elementor-icon-list-item\">\n\t\t\t\t\t\t\t\t\t\t\t<span class=\"elementor-icon-list-icon\">\n\t\t\t\t\t\t\t<i aria-hidden=\"true\" class=\"icofont icofont-verification-check\"><\/i>\t\t\t\t\t\t<\/span>\n\t\t\t\t\t\t\t\t\t\t<span class=\"elementor-icon-list-text\">Sistema generador central autom\u00e1tico<\/span>\n\t\t\t\t\t\t\t\t\t<\/li>\n\t\t\t\t\t\t\t\t<li class=\"elementor-icon-list-item\">\n\t\t\t\t\t\t\t\t\t\t\t<span class=\"elementor-icon-list-icon\">\n\t\t\t\t\t\t\t<i aria-hidden=\"true\" class=\"icofont icofont-verification-check\"><\/i>\t\t\t\t\t\t<\/span>\n\t\t\t\t\t\t\t\t\t\t<span class=\"elementor-icon-list-text\">Sistema de aire acondicionado con inversor m\u00faltiple<\/span>\n\t\t\t\t\t\t\t\t\t<\/li>\n\t\t\t\t\t\t\t\t<li class=\"elementor-icon-list-item\">\n\t\t\t\t\t\t\t\t\t\t\t<span class=\"elementor-icon-list-icon\">\n\t\t\t\t\t\t\t<i aria-hidden=\"true\" class=\"icofont icofont-verification-check\"><\/i>\t\t\t\t\t\t<\/span>\n\t\t\t\t\t\t\t\t\t\t<span class=\"elementor-icon-list-text\">C\u00e1maras de seguridad CCTV<\/span>\n\t\t\t\t\t\t\t\t\t<\/li>\n\t\t\t\t\t\t\t\t<li class=\"elementor-icon-list-item\">\n\t\t\t\t\t\t\t\t\t\t\t<span class=\"elementor-icon-list-icon\">\n\t\t\t\t\t\t\t<i aria-hidden=\"true\" class=\"icofont icofont-verification-check\"><\/i>\t\t\t\t\t\t<\/span>\n\t\t\t\t\t\t\t\t\t\t<span class=\"elementor-icon-list-text\">Sistema de intercomunicaci\u00f3n IP con v\u00eddeo y color<\/span>\n\t\t\t\t\t\t\t\t\t<\/li>\n\t\t\t\t\t\t<\/ul>\n\t\t\t\t\t\t<\/div>\n\t\t\t\t<\/div>\n\t\t\t\t\t<\/div>\n\t\t<\/div>\n\t\t\t\t\t<\/div>\n\t\t<\/section>\n\t\t\t\t\t<\/div>\n\t\t<\/div>\n\t\t\t\t<div class=\"elementor-column elementor-col-50 elementor-top-column elementor-element elementor-element-72478325\" data-id=\"72478325\" data-element_type=\"column\" data-e-type=\"column\">\n\t\t\t<div class=\"elementor-widget-wrap\">\n\t\t\t\t\t\t\t<\/div>\n\t\t<\/div>\n\t\t\t\t\t<\/div>\n\t\t<\/section>\n\t\t\t\t<section class=\"elementor-section elementor-top-section elementor-element elementor-element-78d47e22 elementor-section-full_width elementor-section-height-default elementor-section-height-default\" data-id=\"78d47e22\" data-element_type=\"section\" data-e-type=\"section\">\n\t\t\t\t\t\t<div class=\"elementor-container elementor-column-gap-default\">\n\t\t\t\t\t<div class=\"elementor-column elementor-col-100 elementor-top-column elementor-element elementor-element-7ad3e28e\" data-id=\"7ad3e28e\" data-element_type=\"column\" data-e-type=\"column\">\n\t\t\t<div class=\"elementor-widget-wrap elementor-element-populated\">\n\t\t\t\t\t\t<div class=\"elementor-element elementor-element-27fe4bd1 gallery-spacing-custom elementor-widget elementor-widget-image-gallery\" data-id=\"27fe4bd1\" data-element_type=\"widget\" data-e-type=\"widget\" data-widget_type=\"image-gallery.default\">\n\t\t\t\t<div class=\"elementor-widget-container\">\n\t\t\t\t\t\t\t<div class=\"elementor-image-gallery\">\n\t\t\t<div id='gallery-1' class='gallery galleryid-11193 gallery-columns-3 gallery-size-full'><figure class='gallery-item'>\n\t\t\t<div class='gallery-icon landscape'>\n\t\t\t\t<a data-elementor-open-lightbox=\"yes\" data-elementor-lightbox-slideshow=\"27fe4bd1\" data-elementor-lightbox-title=\"Yeni Proje - 2024-09-05T213350.694\" data-e-action-hash=\"#elementor-action%3Aaction%3Dlightbox%26settings%3DeyJpZCI6MTExOTYsInVybCI6Imh0dHBzOlwvXC9lbXRhbmNvbnMuY29tXC93cC1jb250ZW50XC91cGxvYWRzXC8yMDI0XC8wOVwvWWVuaS1Qcm9qZS0yMDI0LTA5LTA1VDIxMzM1MC42OTQuanBnIiwic2xpZGVzaG93IjoiMjdmZTRiZDEifQ%3D%3D\" href='https:\/\/emtancons.com\/wp-content\/uploads\/2024\/09\/Yeni-Proje-2024-09-05T213350.694.jpg'><img fetchpriority=\"high\" decoding=\"async\" width=\"1400\" height=\"787\" src=\"https:\/\/emtancons.com\/wp-content\/uploads\/2024\/09\/Yeni-Proje-2024-09-05T213350.694.jpg\" class=\"attachment-full size-full\" alt=\"\" srcset=\"https:\/\/emtancons.com\/wp-content\/uploads\/2024\/09\/Yeni-Proje-2024-09-05T213350.694.jpg 1400w, https:\/\/emtancons.com\/wp-content\/uploads\/2024\/09\/Yeni-Proje-2024-09-05T213350.694-300x169.jpg 300w, https:\/\/emtancons.com\/wp-content\/uploads\/2024\/09\/Yeni-Proje-2024-09-05T213350.694-1024x576.jpg 1024w, https:\/\/emtancons.com\/wp-content\/uploads\/2024\/09\/Yeni-Proje-2024-09-05T213350.694-768x432.jpg 768w, https:\/\/emtancons.com\/wp-content\/uploads\/2024\/09\/Yeni-Proje-2024-09-05T213350.694-350x197.jpg 350w, https:\/\/emtancons.com\/wp-content\/uploads\/2024\/09\/Yeni-Proje-2024-09-05T213350.694-370x208.jpg 370w, https:\/\/emtancons.com\/wp-content\/uploads\/2024\/09\/Yeni-Proje-2024-09-05T213350.694-255x143.jpg 255w, https:\/\/emtancons.com\/wp-content\/uploads\/2024\/09\/Yeni-Proje-2024-09-05T213350.694-285x160.jpg 285w, https:\/\/emtancons.com\/wp-content\/uploads\/2024\/09\/Yeni-Proje-2024-09-05T213350.694-600x337.jpg 600w, https:\/\/emtancons.com\/wp-content\/uploads\/2024\/09\/Yeni-Proje-2024-09-05T213350.694-560x315.jpg 560w\" sizes=\"(max-width: 1400px) 100vw, 1400px\" \/><\/a>\n\t\t\t<\/div><\/figure><figure class='gallery-item'>\n\t\t\t<div class='gallery-icon landscape'>\n\t\t\t\t<a data-elementor-open-lightbox=\"yes\" data-elementor-lightbox-slideshow=\"27fe4bd1\" data-elementor-lightbox-title=\"Yeni Proje - 2024-09-05T213345.813\" data-e-action-hash=\"#elementor-action%3Aaction%3Dlightbox%26settings%3DeyJpZCI6MTExOTQsInVybCI6Imh0dHBzOlwvXC9lbXRhbmNvbnMuY29tXC93cC1jb250ZW50XC91cGxvYWRzXC8yMDI0XC8wOVwvWWVuaS1Qcm9qZS0yMDI0LTA5LTA1VDIxMzM0NS44MTMuanBnIiwic2xpZGVzaG93IjoiMjdmZTRiZDEifQ%3D%3D\" href='https:\/\/emtancons.com\/wp-content\/uploads\/2024\/09\/Yeni-Proje-2024-09-05T213345.813.jpg'><img decoding=\"async\" width=\"1400\" height=\"787\" src=\"https:\/\/emtancons.com\/wp-content\/uploads\/2024\/09\/Yeni-Proje-2024-09-05T213345.813.jpg\" class=\"attachment-full size-full\" alt=\"\" srcset=\"https:\/\/emtancons.com\/wp-content\/uploads\/2024\/09\/Yeni-Proje-2024-09-05T213345.813.jpg 1400w, https:\/\/emtancons.com\/wp-content\/uploads\/2024\/09\/Yeni-Proje-2024-09-05T213345.813-300x169.jpg 300w, https:\/\/emtancons.com\/wp-content\/uploads\/2024\/09\/Yeni-Proje-2024-09-05T213345.813-1024x576.jpg 1024w, https:\/\/emtancons.com\/wp-content\/uploads\/2024\/09\/Yeni-Proje-2024-09-05T213345.813-768x432.jpg 768w, https:\/\/emtancons.com\/wp-content\/uploads\/2024\/09\/Yeni-Proje-2024-09-05T213345.813-350x197.jpg 350w, https:\/\/emtancons.com\/wp-content\/uploads\/2024\/09\/Yeni-Proje-2024-09-05T213345.813-370x208.jpg 370w, https:\/\/emtancons.com\/wp-content\/uploads\/2024\/09\/Yeni-Proje-2024-09-05T213345.813-255x143.jpg 255w, https:\/\/emtancons.com\/wp-content\/uploads\/2024\/09\/Yeni-Proje-2024-09-05T213345.813-285x160.jpg 285w, https:\/\/emtancons.com\/wp-content\/uploads\/2024\/09\/Yeni-Proje-2024-09-05T213345.813-600x337.jpg 600w, https:\/\/emtancons.com\/wp-content\/uploads\/2024\/09\/Yeni-Proje-2024-09-05T213345.813-560x315.jpg 560w\" sizes=\"(max-width: 1400px) 100vw, 1400px\" \/><\/a>\n\t\t\t<\/div><\/figure><figure class='gallery-item'>\n\t\t\t<div class='gallery-icon landscape'>\n\t\t\t\t<a data-elementor-open-lightbox=\"yes\" data-elementor-lightbox-slideshow=\"27fe4bd1\" data-elementor-lightbox-title=\"Yeni Proje - 2024-09-05T213341.303\" data-e-action-hash=\"#elementor-action%3Aaction%3Dlightbox%26settings%3DeyJpZCI6MTExOTcsInVybCI6Imh0dHBzOlwvXC9lbXRhbmNvbnMuY29tXC93cC1jb250ZW50XC91cGxvYWRzXC8yMDI0XC8wOVwvWWVuaS1Qcm9qZS0yMDI0LTA5LTA1VDIxMzM0MS4zMDMuanBnIiwic2xpZGVzaG93IjoiMjdmZTRiZDEifQ%3D%3D\" href='https:\/\/emtancons.com\/wp-content\/uploads\/2024\/09\/Yeni-Proje-2024-09-05T213341.303.jpg'><img decoding=\"async\" width=\"1400\" height=\"787\" src=\"https:\/\/emtancons.com\/wp-content\/uploads\/2024\/09\/Yeni-Proje-2024-09-05T213341.303.jpg\" class=\"attachment-full size-full\" alt=\"\" srcset=\"https:\/\/emtancons.com\/wp-content\/uploads\/2024\/09\/Yeni-Proje-2024-09-05T213341.303.jpg 1400w, https:\/\/emtancons.com\/wp-content\/uploads\/2024\/09\/Yeni-Proje-2024-09-05T213341.303-300x169.jpg 300w, https:\/\/emtancons.com\/wp-content\/uploads\/2024\/09\/Yeni-Proje-2024-09-05T213341.303-1024x576.jpg 1024w, https:\/\/emtancons.com\/wp-content\/uploads\/2024\/09\/Yeni-Proje-2024-09-05T213341.303-768x432.jpg 768w, https:\/\/emtancons.com\/wp-content\/uploads\/2024\/09\/Yeni-Proje-2024-09-05T213341.303-350x197.jpg 350w, https:\/\/emtancons.com\/wp-content\/uploads\/2024\/09\/Yeni-Proje-2024-09-05T213341.303-370x208.jpg 370w, https:\/\/emtancons.com\/wp-content\/uploads\/2024\/09\/Yeni-Proje-2024-09-05T213341.303-255x143.jpg 255w, https:\/\/emtancons.com\/wp-content\/uploads\/2024\/09\/Yeni-Proje-2024-09-05T213341.303-285x160.jpg 285w, https:\/\/emtancons.com\/wp-content\/uploads\/2024\/09\/Yeni-Proje-2024-09-05T213341.303-600x337.jpg 600w, https:\/\/emtancons.com\/wp-content\/uploads\/2024\/09\/Yeni-Proje-2024-09-05T213341.303-560x315.jpg 560w\" sizes=\"(max-width: 1400px) 100vw, 1400px\" \/><\/a>\n\t\t\t<\/div><\/figure>\n\t\t<\/div>\n\t\t<\/div>\n\t\t\t\t\t\t<\/div>\n\t\t\t\t<\/div>\n\t\t\t\t\t<\/div>\n\t\t<\/div>\n\t\t\t\t\t<\/div>\n\t\t<\/section>\n\t\t\t\t<\/div>\n\t\t","protected":false},"excerpt":{"rendered":"<p>Detalles del proyecto Emtan Point KYRENIA CENTER, KYRENIA Situado en pleno centro de la zona conocida como el barrio turco de Kyrenia, el proyecto se encuentra a solo 100 metros de la calle Semih Sancar y a muy poca distancia a pie de muchos puntos clave. Nuestro bloque de apartamentos, que consta de un total [&hellip;]<\/p>\n","protected":false},"author":1,"featured_media":0,"parent":0,"menu_order":0,"comment_status":"closed","ping_status":"closed","template":"elementor_header_footer","meta":{"footnotes":""},"class_list":["post-11193","page","type-page","status-publish","hentry"],"yoast_head":"<!-- This site is optimized with the Yoast SEO plugin v27.1.1 - https:\/\/yoast.com\/product\/yoast-seo-wordpress\/ -->\n<title>Emtan Point - Emtan \u0130n\u015faat<\/title>\n<meta name=\"robots\" content=\"index, follow, max-snippet:-1, max-image-preview:large, max-video-preview:-1\" \/>\n<link rel=\"canonical\" href=\"https:\/\/emtancons.com\/emtan-point\/\" \/>\n<meta property=\"og:locale\" content=\"pl_PL\" \/>\n<meta property=\"og:type\" content=\"article\" \/>\n<meta property=\"og:title\" content=\"Emtan Point - Emtan \u0130n\u015faat\" \/>\n<meta property=\"og:description\" content=\"Detalles del proyecto Emtan Point KYRENIA CENTER, KYRENIA Situado en pleno centro de la zona conocida como el barrio turco de Kyrenia, el proyecto se encuentra a solo 100 metros de la calle Semih Sancar y a muy poca distancia a pie de muchos puntos clave. Nuestro bloque de apartamentos, que consta de un total [&hellip;]\" \/>\n<meta property=\"og:url\" content=\"https:\/\/emtancons.com\/emtan-point\/\" \/>\n<meta property=\"og:site_name\" content=\"Emtan \u0130n\u015faat\" \/>\n<meta property=\"article:modified_time\" content=\"2026-02-27T12:50:48+00:00\" \/>\n<meta property=\"og:image\" content=\"https:\/\/emtancons.com\/wp-content\/uploads\/2024\/09\/Yeni-Proje-2024-09-05T213350.694.jpg\" \/>\n<meta name=\"twitter:card\" content=\"summary_large_image\" \/>\n<meta name=\"twitter:label1\" content=\"Szacowany czas czytania\" \/>\n\t<meta name=\"twitter:data1\" content=\"2 minuty\" \/>\n<script type=\"application\/ld+json\" class=\"yoast-schema-graph\">{\"@context\":\"https:\/\/schema.org\",\"@graph\":[{\"@type\":\"WebPage\",\"@id\":\"https:\/\/emtancons.com\/emtan-point\/\",\"url\":\"https:\/\/emtancons.com\/emtan-point\/\",\"name\":\"Emtan Point - Emtan \u0130n\u015faat\",\"isPartOf\":{\"@id\":\"https:\/\/emtancons.com\/#website\"},\"primaryImageOfPage\":{\"@id\":\"https:\/\/emtancons.com\/emtan-point\/#primaryimage\"},\"image\":{\"@id\":\"https:\/\/emtancons.com\/emtan-point\/#primaryimage\"},\"thumbnailUrl\":\"https:\/\/emtancons.com\/wp-content\/uploads\/2024\/09\/Yeni-Proje-2024-09-05T213350.694.jpg\",\"datePublished\":\"2024-09-05T18:37:57+00:00\",\"dateModified\":\"2026-02-27T12:50:48+00:00\",\"breadcrumb\":{\"@id\":\"https:\/\/emtancons.com\/emtan-point\/#breadcrumb\"},\"inLanguage\":\"pl-PL\",\"potentialAction\":[{\"@type\":\"ReadAction\",\"target\":[\"https:\/\/emtancons.com\/emtan-point\/\"]}]},{\"@type\":\"ImageObject\",\"inLanguage\":\"pl-PL\",\"@id\":\"https:\/\/emtancons.com\/emtan-point\/#primaryimage\",\"url\":\"https:\/\/emtancons.com\/wp-content\/uploads\/2024\/09\/Yeni-Proje-2024-09-05T213350.694.jpg\",\"contentUrl\":\"https:\/\/emtancons.com\/wp-content\/uploads\/2024\/09\/Yeni-Proje-2024-09-05T213350.694.jpg\"},{\"@type\":\"BreadcrumbList\",\"@id\":\"https:\/\/emtancons.com\/emtan-point\/#breadcrumb\",\"itemListElement\":[{\"@type\":\"ListItem\",\"position\":1,\"name\":\"Anasayfa\",\"item\":\"https:\/\/emtancons.com\/\"},{\"@type\":\"ListItem\",\"position\":2,\"name\":\"Emtan Point\"}]},{\"@type\":\"WebSite\",\"@id\":\"https:\/\/emtancons.com\/#website\",\"url\":\"https:\/\/emtancons.com\/\",\"name\":\"Emtan \u0130n\u015faat\",\"description\":\"\",\"potentialAction\":[{\"@type\":\"SearchAction\",\"target\":{\"@type\":\"EntryPoint\",\"urlTemplate\":\"https:\/\/emtancons.com\/?s={search_term_string}\"},\"query-input\":{\"@type\":\"PropertyValueSpecification\",\"valueRequired\":true,\"valueName\":\"search_term_string\"}}],\"inLanguage\":\"pl-PL\"}]}<\/script>\n<!-- \/ Yoast SEO plugin. -->","yoast_head_json":{"title":"Emtan Point - Emtan \u0130n\u015faat","robots":{"index":"index","follow":"follow","max-snippet":"max-snippet:-1","max-image-preview":"max-image-preview:large","max-video-preview":"max-video-preview:-1"},"canonical":"https:\/\/emtancons.com\/emtan-point\/","og_locale":"pl_PL","og_type":"article","og_title":"Emtan Point - Emtan \u0130n\u015faat","og_description":"Detalles del proyecto Emtan Point KYRENIA CENTER, KYRENIA Situado en pleno centro de la zona conocida como el barrio turco de Kyrenia, el proyecto se encuentra a solo 100 metros de la calle Semih Sancar y a muy poca distancia a pie de muchos puntos clave. Nuestro bloque de apartamentos, que consta de un total [&hellip;]","og_url":"https:\/\/emtancons.com\/emtan-point\/","og_site_name":"Emtan \u0130n\u015faat","article_modified_time":"2026-02-27T12:50:48+00:00","og_image":[{"url":"https:\/\/emtancons.com\/wp-content\/uploads\/2024\/09\/Yeni-Proje-2024-09-05T213350.694.jpg","type":"","width":"","height":""}],"twitter_card":"summary_large_image","twitter_misc":{"Szacowany czas czytania":"2 minuty"},"schema":{"@context":"https:\/\/schema.org","@graph":[{"@type":"WebPage","@id":"https:\/\/emtancons.com\/emtan-point\/","url":"https:\/\/emtancons.com\/emtan-point\/","name":"Emtan Point - Emtan \u0130n\u015faat","isPartOf":{"@id":"https:\/\/emtancons.com\/#website"},"primaryImageOfPage":{"@id":"https:\/\/emtancons.com\/emtan-point\/#primaryimage"},"image":{"@id":"https:\/\/emtancons.com\/emtan-point\/#primaryimage"},"thumbnailUrl":"https:\/\/emtancons.com\/wp-content\/uploads\/2024\/09\/Yeni-Proje-2024-09-05T213350.694.jpg","datePublished":"2024-09-05T18:37:57+00:00","dateModified":"2026-02-27T12:50:48+00:00","breadcrumb":{"@id":"https:\/\/emtancons.com\/emtan-point\/#breadcrumb"},"inLanguage":"pl-PL","potentialAction":[{"@type":"ReadAction","target":["https:\/\/emtancons.com\/emtan-point\/"]}]},{"@type":"ImageObject","inLanguage":"pl-PL","@id":"https:\/\/emtancons.com\/emtan-point\/#primaryimage","url":"https:\/\/emtancons.com\/wp-content\/uploads\/2024\/09\/Yeni-Proje-2024-09-05T213350.694.jpg","contentUrl":"https:\/\/emtancons.com\/wp-content\/uploads\/2024\/09\/Yeni-Proje-2024-09-05T213350.694.jpg"},{"@type":"BreadcrumbList","@id":"https:\/\/emtancons.com\/emtan-point\/#breadcrumb","itemListElement":[{"@type":"ListItem","position":1,"name":"Anasayfa","item":"https:\/\/emtancons.com\/"},{"@type":"ListItem","position":2,"name":"Emtan Point"}]},{"@type":"WebSite","@id":"https:\/\/emtancons.com\/#website","url":"https:\/\/emtancons.com\/","name":"Emtan \u0130n\u015faat","description":"","potentialAction":[{"@type":"SearchAction","target":{"@type":"EntryPoint","urlTemplate":"https:\/\/emtancons.com\/?s={search_term_string}"},"query-input":{"@type":"PropertyValueSpecification","valueRequired":true,"valueName":"search_term_string"}}],"inLanguage":"pl-PL"}]}},"_links":{"self":[{"href":"https:\/\/emtancons.com\/pl\/wp-json\/wp\/v2\/pages\/11193","targetHints":{"allow":["GET"]}}],"collection":[{"href":"https:\/\/emtancons.com\/pl\/wp-json\/wp\/v2\/pages"}],"about":[{"href":"https:\/\/emtancons.com\/pl\/wp-json\/wp\/v2\/types\/page"}],"author":[{"embeddable":true,"href":"https:\/\/emtancons.com\/pl\/wp-json\/wp\/v2\/users\/1"}],"replies":[{"embeddable":true,"href":"https:\/\/emtancons.com\/pl\/wp-json\/wp\/v2\/comments?post=11193"}],"version-history":[{"count":3,"href":"https:\/\/emtancons.com\/pl\/wp-json\/wp\/v2\/pages\/11193\/revisions"}],"predecessor-version":[{"id":11200,"href":"https:\/\/emtancons.com\/pl\/wp-json\/wp\/v2\/pages\/11193\/revisions\/11200"}],"wp:attachment":[{"href":"https:\/\/emtancons.com\/pl\/wp-json\/wp\/v2\/media?parent=11193"}],"curies":[{"name":"wp","href":"https:\/\/api.w.org\/{rel}","templated":true}]}}