{"id":11136,"date":"2024-09-05T22:27:58","date_gmt":"2024-09-05T19:27:58","guid":{"rendered":"https:\/\/emtancons.com\/emtan-7\/"},"modified":"2026-02-27T14:57:45","modified_gmt":"2026-02-27T11:57:45","slug":"emtan-7","status":"publish","type":"page","link":"https:\/\/emtancons.com\/pl\/emtan-7\/","title":{"rendered":"Emtan 7"},"content":{"rendered":"\t\t<div data-elementor-type=\"wp-page\" data-elementor-id=\"11136\" class=\"elementor elementor-11136 elementor-2305\" data-elementor-post-type=\"page\">\n\t\t\t\t\t\t<section class=\"elementor-section elementor-top-section elementor-element elementor-element-3c97145f elementor-section-content-middle elementor-section-boxed elementor-section-height-default elementor-section-height-default\" data-id=\"3c97145f\" data-element_type=\"section\" data-e-type=\"section\" data-settings=\"{&quot;background_background&quot;:&quot;classic&quot;}\">\n\t\t\t\t\t\t\t<div class=\"elementor-background-overlay\"><\/div>\n\t\t\t\t\t\t\t<div class=\"elementor-container elementor-column-gap-default\">\n\t\t\t\t\t<div class=\"elementor-column elementor-col-50 elementor-top-column elementor-element elementor-element-b0c17ee\" data-id=\"b0c17ee\" data-element_type=\"column\" data-e-type=\"column\">\n\t\t\t<div class=\"elementor-widget-wrap elementor-element-populated\">\n\t\t\t\t\t\t<div class=\"elementor-element elementor-element-399b3279 elementor-widget elementor-widget-heading\" data-id=\"399b3279\" data-element_type=\"widget\" data-e-type=\"widget\" data-widget_type=\"heading.default\">\n\t\t\t\t<div class=\"elementor-widget-container\">\n\t\t\t\t\t<h2 class=\"elementor-heading-title elementor-size-default\">Detalles del proyecto<\/h2>\t\t\t\t<\/div>\n\t\t\t\t<\/div>\n\t\t\t\t<div class=\"elementor-element elementor-element-7f4eae25 elementor-invisible elementor-widget elementor-widget-heading\" data-id=\"7f4eae25\" data-element_type=\"widget\" data-e-type=\"widget\" data-settings=\"{&quot;_animation&quot;:&quot;fadeInUp&quot;}\" data-widget_type=\"heading.default\">\n\t\t\t\t<div class=\"elementor-widget-container\">\n\t\t\t\t\t<h2 class=\"elementor-heading-title elementor-size-default\">Emtan 7\n<\/h2>\t\t\t\t<\/div>\n\t\t\t\t<\/div>\n\t\t\t\t<div class=\"elementor-element elementor-element-5cc55855 elementor-icon-list--layout-inline elementor-list-item-link-full_width elementor-widget elementor-widget-icon-list\" data-id=\"5cc55855\" data-element_type=\"widget\" data-e-type=\"widget\" data-widget_type=\"icon-list.default\">\n\t\t\t\t<div class=\"elementor-widget-container\">\n\t\t\t\t\t\t\t<ul class=\"elementor-icon-list-items elementor-inline-items\">\n\t\t\t\t\t\t\t<li class=\"elementor-icon-list-item elementor-inline-item\">\n\t\t\t\t\t\t\t\t\t\t\t<a href=\"#\">\n\n\t\t\t\t\t\t\t\t\t\t\t\t<span class=\"elementor-icon-list-icon\">\n\t\t\t\t\t\t\t<i aria-hidden=\"true\" class=\"fas fa-arrow-right\"><\/i>\t\t\t\t\t\t<\/span>\n\t\t\t\t\t\t\t\t\t\t<span class=\"elementor-icon-list-text\">G\u0130RNE CENTER, G\u0130RNE<\/span>\n\t\t\t\t\t\t\t\t\t\t\t<\/a>\n\t\t\t\t\t\t\t\t\t<\/li>\n\t\t\t\t\t\t<\/ul>\n\t\t\t\t\t\t<\/div>\n\t\t\t\t<\/div>\n\t\t\t\t\t<\/div>\n\t\t<\/div>\n\t\t\t\t<div class=\"elementor-column elementor-col-50 elementor-top-column elementor-element elementor-element-1dcc0f75\" data-id=\"1dcc0f75\" data-element_type=\"column\" data-e-type=\"column\">\n\t\t\t<div class=\"elementor-widget-wrap\">\n\t\t\t\t\t\t\t<\/div>\n\t\t<\/div>\n\t\t\t\t\t<\/div>\n\t\t<\/section>\n\t\t\t\t<section class=\"elementor-section elementor-top-section elementor-element elementor-element-22a69404 elementor-section-boxed elementor-section-height-default elementor-section-height-default\" data-id=\"22a69404\" data-element_type=\"section\" data-e-type=\"section\">\n\t\t\t\t\t\t\t<div class=\"elementor-background-overlay\"><\/div>\n\t\t\t\t\t\t\t<div class=\"elementor-container elementor-column-gap-default\">\n\t\t\t\t\t<div class=\"elementor-column elementor-col-50 elementor-top-column elementor-element elementor-element-5f28fbc9 elementor-invisible\" data-id=\"5f28fbc9\" data-element_type=\"column\" data-e-type=\"column\" data-settings=\"{&quot;background_background&quot;:&quot;classic&quot;,&quot;animation&quot;:&quot;slideInUp&quot;}\">\n\t\t\t<div class=\"elementor-widget-wrap elementor-element-populated\">\n\t\t\t\t\t\t<div class=\"elementor-element elementor-element-6858ed47 elementor-widget elementor-widget-text-editor\" data-id=\"6858ed47\" data-element_type=\"widget\" data-e-type=\"widget\" data-widget_type=\"text-editor.default\">\n\t\t\t\t<div class=\"elementor-widget-container\">\n\t\t\t\t\t\t\t\t\t<p>Emtan 7 Apartment es un proyecto boutique ubicado en la regi\u00f3n de Kyrenia. Este complejo consta de un total de 6 apartamentos y ofrece a sus residentes un espacio confortable para vivir. Su proximidad al centro de Kyrenia permite acceder f\u00e1cilmente tanto a la vida urbana como a las bellezas naturales. Los apartamentos, construidos con un enfoque arquitect\u00f3nico moderno, llaman la atenci\u00f3n por sus amplios interiores y su dise\u00f1o funcional.<br \/>Cada apartamento est\u00e1 dise\u00f1ado pensando en la comodidad y construido con materiales de alta calidad. El proyecto ofrece una estructura adecuada para la vida familiar, al tiempo que brinda la oportunidad de vivir una vida tranquila en un entorno tranquilo y seguro. Adem\u00e1s, Emtan 7 tambi\u00e9n est\u00e1 cerca de centros comerciales, escuelas y otras instalaciones sociales de la regi\u00f3n.<br \/>La informaci\u00f3n detallada incluye la calidad de los materiales utilizados en la estructura del edificio, el tama\u00f1o de los apartamentos y caracter\u00edsticas como balcones y aparcamientos. Dado que el proyecto se encuentra en una de las zonas de r\u00e1pido desarrollo de Kyrenia, es una opci\u00f3n atractiva tanto para residir como para invertir.<\/p>\t\t\t\t\t\t\t\t<\/div>\n\t\t\t\t<\/div>\n\t\t\t\t\t<\/div>\n\t\t<\/div>\n\t\t\t\t<div class=\"elementor-column elementor-col-50 elementor-top-column elementor-element elementor-element-1ecc2f84\" data-id=\"1ecc2f84\" data-element_type=\"column\" data-e-type=\"column\">\n\t\t\t<div class=\"elementor-widget-wrap\">\n\t\t\t\t\t\t\t<\/div>\n\t\t<\/div>\n\t\t\t\t\t<\/div>\n\t\t<\/section>\n\t\t\t\t<section class=\"elementor-section elementor-top-section elementor-element elementor-element-4dd8b785 elementor-section-full_width elementor-section-height-default elementor-section-height-default\" data-id=\"4dd8b785\" data-element_type=\"section\" data-e-type=\"section\">\n\t\t\t\t\t\t<div class=\"elementor-container elementor-column-gap-default\">\n\t\t\t\t\t<div class=\"elementor-column elementor-col-100 elementor-top-column elementor-element elementor-element-50a91e9a\" data-id=\"50a91e9a\" data-element_type=\"column\" data-e-type=\"column\">\n\t\t\t<div class=\"elementor-widget-wrap elementor-element-populated\">\n\t\t\t\t\t\t<div class=\"elementor-element elementor-element-5edf0487 gallery-spacing-custom elementor-widget elementor-widget-image-gallery\" data-id=\"5edf0487\" data-element_type=\"widget\" data-e-type=\"widget\" data-widget_type=\"image-gallery.default\">\n\t\t\t\t<div class=\"elementor-widget-container\">\n\t\t\t\t\t\t\t<div class=\"elementor-image-gallery\">\n\t\t\t<div id='gallery-1' class='gallery galleryid-11136 gallery-columns-3 gallery-size-full'><figure class='gallery-item'>\n\t\t\t<div class='gallery-icon landscape'>\n\t\t\t\t<a data-elementor-open-lightbox=\"yes\" data-elementor-lightbox-slideshow=\"5edf0487\" data-elementor-lightbox-title=\"image - 2024-09-05T222414.414\" data-e-action-hash=\"#elementor-action%3Aaction%3Dlightbox%26settings%3DeyJpZCI6MTExMzgsInVybCI6Imh0dHBzOlwvXC9lbXRhbmNvbnMuY29tXC93cC1jb250ZW50XC91cGxvYWRzXC8yMDI0XC8wOVwvaW1hZ2UtMjAyNC0wOS0wNVQyMjI0MTQuNDE0LTEuanBnIiwic2xpZGVzaG93IjoiNWVkZjA0ODcifQ%3D%3D\" href='https:\/\/emtancons.com\/wp-content\/uploads\/2024\/09\/image-2024-09-05T222414.414-1.jpg'><img fetchpriority=\"high\" decoding=\"async\" width=\"1400\" height=\"787\" src=\"https:\/\/emtancons.com\/wp-content\/uploads\/2024\/09\/image-2024-09-05T222414.414-1.jpg\" class=\"attachment-full size-full\" alt=\"\" srcset=\"https:\/\/emtancons.com\/wp-content\/uploads\/2024\/09\/image-2024-09-05T222414.414-1.jpg 1400w, https:\/\/emtancons.com\/wp-content\/uploads\/2024\/09\/image-2024-09-05T222414.414-1-300x169.jpg 300w, https:\/\/emtancons.com\/wp-content\/uploads\/2024\/09\/image-2024-09-05T222414.414-1-1024x576.jpg 1024w, https:\/\/emtancons.com\/wp-content\/uploads\/2024\/09\/image-2024-09-05T222414.414-1-768x432.jpg 768w, https:\/\/emtancons.com\/wp-content\/uploads\/2024\/09\/image-2024-09-05T222414.414-1-350x197.jpg 350w, https:\/\/emtancons.com\/wp-content\/uploads\/2024\/09\/image-2024-09-05T222414.414-1-370x208.jpg 370w, https:\/\/emtancons.com\/wp-content\/uploads\/2024\/09\/image-2024-09-05T222414.414-1-255x143.jpg 255w, https:\/\/emtancons.com\/wp-content\/uploads\/2024\/09\/image-2024-09-05T222414.414-1-285x160.jpg 285w, https:\/\/emtancons.com\/wp-content\/uploads\/2024\/09\/image-2024-09-05T222414.414-1-600x337.jpg 600w, https:\/\/emtancons.com\/wp-content\/uploads\/2024\/09\/image-2024-09-05T222414.414-1-560x315.jpg 560w\" sizes=\"(max-width: 1400px) 100vw, 1400px\" \/><\/a>\n\t\t\t<\/div><\/figure>\n\t\t<\/div>\n\t\t<\/div>\n\t\t\t\t\t\t<\/div>\n\t\t\t\t<\/div>\n\t\t\t\t\t<\/div>\n\t\t<\/div>\n\t\t\t\t\t<\/div>\n\t\t<\/section>\n\t\t\t\t<\/div>\n\t\t","protected":false},"excerpt":{"rendered":"<p>Detalles del proyecto Emtan 7 G\u0130RNE CENTER, G\u0130RNE Emtan 7 Apartment es un proyecto boutique ubicado en la regi\u00f3n de Kyrenia. Este complejo consta de un total de 6 apartamentos y ofrece a sus residentes un espacio confortable para vivir. Su proximidad al centro de Kyrenia permite acceder f\u00e1cilmente tanto a la vida urbana como [&hellip;]<\/p>\n","protected":false},"author":1,"featured_media":0,"parent":0,"menu_order":0,"comment_status":"closed","ping_status":"closed","template":"elementor_header_footer","meta":{"footnotes":""},"class_list":["post-11136","page","type-page","status-publish","hentry"],"yoast_head":"<!-- This site is optimized with the Yoast SEO plugin v27.1.1 - https:\/\/yoast.com\/product\/yoast-seo-wordpress\/ -->\n<title>Emtan 7 - Emtan \u0130n\u015faat<\/title>\n<meta name=\"robots\" content=\"index, follow, max-snippet:-1, max-image-preview:large, max-video-preview:-1\" \/>\n<link rel=\"canonical\" href=\"https:\/\/emtancons.com\/emtan-7\/\" \/>\n<meta property=\"og:locale\" content=\"pl_PL\" \/>\n<meta property=\"og:type\" content=\"article\" \/>\n<meta property=\"og:title\" content=\"Emtan 7 - Emtan \u0130n\u015faat\" \/>\n<meta property=\"og:description\" content=\"Detalles del proyecto Emtan 7 G\u0130RNE CENTER, G\u0130RNE Emtan 7 Apartment es un proyecto boutique ubicado en la regi\u00f3n de Kyrenia. Este complejo consta de un total de 6 apartamentos y ofrece a sus residentes un espacio confortable para vivir. Su proximidad al centro de Kyrenia permite acceder f\u00e1cilmente tanto a la vida urbana como [&hellip;]\" \/>\n<meta property=\"og:url\" content=\"https:\/\/emtancons.com\/emtan-7\/\" \/>\n<meta property=\"og:site_name\" content=\"Emtan \u0130n\u015faat\" \/>\n<meta property=\"article:modified_time\" content=\"2026-02-27T11:57:45+00:00\" \/>\n<meta property=\"og:image\" content=\"https:\/\/emtancons.com\/wp-content\/uploads\/2024\/09\/image-2024-09-05T222414.414-1.jpg\" \/>\n<meta name=\"twitter:card\" content=\"summary_large_image\" \/>\n<meta name=\"twitter:label1\" content=\"Szacowany czas czytania\" \/>\n\t<meta name=\"twitter:data1\" content=\"2 minuty\" \/>\n<script type=\"application\/ld+json\" class=\"yoast-schema-graph\">{\"@context\":\"https:\/\/schema.org\",\"@graph\":[{\"@type\":\"WebPage\",\"@id\":\"https:\/\/emtancons.com\/emtan-7\/\",\"url\":\"https:\/\/emtancons.com\/emtan-7\/\",\"name\":\"Emtan 7 - Emtan \u0130n\u015faat\",\"isPartOf\":{\"@id\":\"https:\/\/emtancons.com\/#website\"},\"primaryImageOfPage\":{\"@id\":\"https:\/\/emtancons.com\/emtan-7\/#primaryimage\"},\"image\":{\"@id\":\"https:\/\/emtancons.com\/emtan-7\/#primaryimage\"},\"thumbnailUrl\":\"https:\/\/emtancons.com\/wp-content\/uploads\/2024\/09\/image-2024-09-05T222414.414-1.jpg\",\"datePublished\":\"2024-09-05T19:27:58+00:00\",\"dateModified\":\"2026-02-27T11:57:45+00:00\",\"breadcrumb\":{\"@id\":\"https:\/\/emtancons.com\/emtan-7\/#breadcrumb\"},\"inLanguage\":\"pl-PL\",\"potentialAction\":[{\"@type\":\"ReadAction\",\"target\":[\"https:\/\/emtancons.com\/emtan-7\/\"]}]},{\"@type\":\"ImageObject\",\"inLanguage\":\"pl-PL\",\"@id\":\"https:\/\/emtancons.com\/emtan-7\/#primaryimage\",\"url\":\"https:\/\/emtancons.com\/wp-content\/uploads\/2024\/09\/image-2024-09-05T222414.414-1.jpg\",\"contentUrl\":\"https:\/\/emtancons.com\/wp-content\/uploads\/2024\/09\/image-2024-09-05T222414.414-1.jpg\"},{\"@type\":\"BreadcrumbList\",\"@id\":\"https:\/\/emtancons.com\/emtan-7\/#breadcrumb\",\"itemListElement\":[{\"@type\":\"ListItem\",\"position\":1,\"name\":\"Anasayfa\",\"item\":\"https:\/\/emtancons.com\/\"},{\"@type\":\"ListItem\",\"position\":2,\"name\":\"Emtan 7\"}]},{\"@type\":\"WebSite\",\"@id\":\"https:\/\/emtancons.com\/#website\",\"url\":\"https:\/\/emtancons.com\/\",\"name\":\"Emtan \u0130n\u015faat\",\"description\":\"\",\"potentialAction\":[{\"@type\":\"SearchAction\",\"target\":{\"@type\":\"EntryPoint\",\"urlTemplate\":\"https:\/\/emtancons.com\/?s={search_term_string}\"},\"query-input\":{\"@type\":\"PropertyValueSpecification\",\"valueRequired\":true,\"valueName\":\"search_term_string\"}}],\"inLanguage\":\"pl-PL\"}]}<\/script>\n<!-- \/ Yoast SEO plugin. -->","yoast_head_json":{"title":"Emtan 7 - Emtan \u0130n\u015faat","robots":{"index":"index","follow":"follow","max-snippet":"max-snippet:-1","max-image-preview":"max-image-preview:large","max-video-preview":"max-video-preview:-1"},"canonical":"https:\/\/emtancons.com\/emtan-7\/","og_locale":"pl_PL","og_type":"article","og_title":"Emtan 7 - Emtan \u0130n\u015faat","og_description":"Detalles del proyecto Emtan 7 G\u0130RNE CENTER, G\u0130RNE Emtan 7 Apartment es un proyecto boutique ubicado en la regi\u00f3n de Kyrenia. Este complejo consta de un total de 6 apartamentos y ofrece a sus residentes un espacio confortable para vivir. Su proximidad al centro de Kyrenia permite acceder f\u00e1cilmente tanto a la vida urbana como [&hellip;]","og_url":"https:\/\/emtancons.com\/emtan-7\/","og_site_name":"Emtan \u0130n\u015faat","article_modified_time":"2026-02-27T11:57:45+00:00","og_image":[{"url":"https:\/\/emtancons.com\/wp-content\/uploads\/2024\/09\/image-2024-09-05T222414.414-1.jpg","type":"","width":"","height":""}],"twitter_card":"summary_large_image","twitter_misc":{"Szacowany czas czytania":"2 minuty"},"schema":{"@context":"https:\/\/schema.org","@graph":[{"@type":"WebPage","@id":"https:\/\/emtancons.com\/emtan-7\/","url":"https:\/\/emtancons.com\/emtan-7\/","name":"Emtan 7 - Emtan \u0130n\u015faat","isPartOf":{"@id":"https:\/\/emtancons.com\/#website"},"primaryImageOfPage":{"@id":"https:\/\/emtancons.com\/emtan-7\/#primaryimage"},"image":{"@id":"https:\/\/emtancons.com\/emtan-7\/#primaryimage"},"thumbnailUrl":"https:\/\/emtancons.com\/wp-content\/uploads\/2024\/09\/image-2024-09-05T222414.414-1.jpg","datePublished":"2024-09-05T19:27:58+00:00","dateModified":"2026-02-27T11:57:45+00:00","breadcrumb":{"@id":"https:\/\/emtancons.com\/emtan-7\/#breadcrumb"},"inLanguage":"pl-PL","potentialAction":[{"@type":"ReadAction","target":["https:\/\/emtancons.com\/emtan-7\/"]}]},{"@type":"ImageObject","inLanguage":"pl-PL","@id":"https:\/\/emtancons.com\/emtan-7\/#primaryimage","url":"https:\/\/emtancons.com\/wp-content\/uploads\/2024\/09\/image-2024-09-05T222414.414-1.jpg","contentUrl":"https:\/\/emtancons.com\/wp-content\/uploads\/2024\/09\/image-2024-09-05T222414.414-1.jpg"},{"@type":"BreadcrumbList","@id":"https:\/\/emtancons.com\/emtan-7\/#breadcrumb","itemListElement":[{"@type":"ListItem","position":1,"name":"Anasayfa","item":"https:\/\/emtancons.com\/"},{"@type":"ListItem","position":2,"name":"Emtan 7"}]},{"@type":"WebSite","@id":"https:\/\/emtancons.com\/#website","url":"https:\/\/emtancons.com\/","name":"Emtan \u0130n\u015faat","description":"","potentialAction":[{"@type":"SearchAction","target":{"@type":"EntryPoint","urlTemplate":"https:\/\/emtancons.com\/?s={search_term_string}"},"query-input":{"@type":"PropertyValueSpecification","valueRequired":true,"valueName":"search_term_string"}}],"inLanguage":"pl-PL"}]}},"_links":{"self":[{"href":"https:\/\/emtancons.com\/pl\/wp-json\/wp\/v2\/pages\/11136","targetHints":{"allow":["GET"]}}],"collection":[{"href":"https:\/\/emtancons.com\/pl\/wp-json\/wp\/v2\/pages"}],"about":[{"href":"https:\/\/emtancons.com\/pl\/wp-json\/wp\/v2\/types\/page"}],"author":[{"embeddable":true,"href":"https:\/\/emtancons.com\/pl\/wp-json\/wp\/v2\/users\/1"}],"replies":[{"embeddable":true,"href":"https:\/\/emtancons.com\/pl\/wp-json\/wp\/v2\/comments?post=11136"}],"version-history":[{"count":3,"href":"https:\/\/emtancons.com\/pl\/wp-json\/wp\/v2\/pages\/11136\/revisions"}],"predecessor-version":[{"id":11142,"href":"https:\/\/emtancons.com\/pl\/wp-json\/wp\/v2\/pages\/11136\/revisions\/11142"}],"wp:attachment":[{"href":"https:\/\/emtancons.com\/pl\/wp-json\/wp\/v2\/media?parent=11136"}],"curies":[{"name":"wp","href":"https:\/\/api.w.org\/{rel}","templated":true}]}}