{"id":11070,"date":"2024-09-05T22:45:16","date_gmt":"2024-09-05T19:45:16","guid":{"rendered":"https:\/\/emtancons.com\/emtan-11\/"},"modified":"2026-02-27T14:41:01","modified_gmt":"2026-02-27T11:41:01","slug":"emtan-11","status":"publish","type":"page","link":"https:\/\/emtancons.com\/pl\/emtan-11\/","title":{"rendered":"Emtan 11"},"content":{"rendered":"\t\t<div data-elementor-type=\"wp-page\" data-elementor-id=\"11070\" class=\"elementor elementor-11070 elementor-2307\" data-elementor-post-type=\"page\">\n\t\t\t\t\t\t<section class=\"elementor-section elementor-top-section elementor-element elementor-element-36f29f5d elementor-section-content-middle elementor-section-boxed elementor-section-height-default elementor-section-height-default\" data-id=\"36f29f5d\" data-element_type=\"section\" data-e-type=\"section\" data-settings=\"{&quot;background_background&quot;:&quot;classic&quot;}\">\n\t\t\t\t\t\t\t<div class=\"elementor-background-overlay\"><\/div>\n\t\t\t\t\t\t\t<div class=\"elementor-container elementor-column-gap-default\">\n\t\t\t\t\t<div class=\"elementor-column elementor-col-50 elementor-top-column elementor-element elementor-element-591ac23\" data-id=\"591ac23\" data-element_type=\"column\" data-e-type=\"column\">\n\t\t\t<div class=\"elementor-widget-wrap elementor-element-populated\">\n\t\t\t\t\t\t<div class=\"elementor-element elementor-element-7558e6c3 elementor-widget elementor-widget-heading\" data-id=\"7558e6c3\" data-element_type=\"widget\" data-e-type=\"widget\" data-widget_type=\"heading.default\">\n\t\t\t\t<div class=\"elementor-widget-container\">\n\t\t\t\t\t<h2 class=\"elementor-heading-title elementor-size-default\">Project Details\n<\/h2>\t\t\t\t<\/div>\n\t\t\t\t<\/div>\n\t\t\t\t<div class=\"elementor-element elementor-element-2d72618 elementor-invisible elementor-widget elementor-widget-heading\" data-id=\"2d72618\" data-element_type=\"widget\" data-e-type=\"widget\" data-settings=\"{&quot;_animation&quot;:&quot;fadeInUp&quot;}\" data-widget_type=\"heading.default\">\n\t\t\t\t<div class=\"elementor-widget-container\">\n\t\t\t\t\t<h2 class=\"elementor-heading-title elementor-size-default\">Emtan 11\n<\/h2>\t\t\t\t<\/div>\n\t\t\t\t<\/div>\n\t\t\t\t<div class=\"elementor-element elementor-element-7f5fac07 elementor-icon-list--layout-inline elementor-list-item-link-full_width elementor-widget elementor-widget-icon-list\" data-id=\"7f5fac07\" data-element_type=\"widget\" data-e-type=\"widget\" data-widget_type=\"icon-list.default\">\n\t\t\t\t<div class=\"elementor-widget-container\">\n\t\t\t\t\t\t\t<ul class=\"elementor-icon-list-items elementor-inline-items\">\n\t\t\t\t\t\t\t<li class=\"elementor-icon-list-item elementor-inline-item\">\n\t\t\t\t\t\t\t\t\t\t\t<a href=\"#\">\n\n\t\t\t\t\t\t\t\t\t\t\t\t<span class=\"elementor-icon-list-icon\">\n\t\t\t\t\t\t\t<i aria-hidden=\"true\" class=\"fas fa-arrow-right\"><\/i>\t\t\t\t\t\t<\/span>\n\t\t\t\t\t\t\t\t\t\t<span class=\"elementor-icon-list-text\">ZEYT\u0130NL\u0130K, G\u0130RNE<\/span>\n\t\t\t\t\t\t\t\t\t\t\t<\/a>\n\t\t\t\t\t\t\t\t\t<\/li>\n\t\t\t\t\t\t<\/ul>\n\t\t\t\t\t\t<\/div>\n\t\t\t\t<\/div>\n\t\t\t\t\t<\/div>\n\t\t<\/div>\n\t\t\t\t<div class=\"elementor-column elementor-col-50 elementor-top-column elementor-element elementor-element-46542351\" data-id=\"46542351\" data-element_type=\"column\" data-e-type=\"column\">\n\t\t\t<div class=\"elementor-widget-wrap\">\n\t\t\t\t\t\t\t<\/div>\n\t\t<\/div>\n\t\t\t\t\t<\/div>\n\t\t<\/section>\n\t\t\t\t<section class=\"elementor-section elementor-top-section elementor-element elementor-element-6afd73b4 elementor-section-boxed elementor-section-height-default elementor-section-height-default\" data-id=\"6afd73b4\" data-element_type=\"section\" data-e-type=\"section\">\n\t\t\t\t\t\t\t<div class=\"elementor-background-overlay\"><\/div>\n\t\t\t\t\t\t\t<div class=\"elementor-container elementor-column-gap-default\">\n\t\t\t\t\t<div class=\"elementor-column elementor-col-50 elementor-top-column elementor-element elementor-element-3341fe4 elementor-invisible\" data-id=\"3341fe4\" data-element_type=\"column\" data-e-type=\"column\" data-settings=\"{&quot;background_background&quot;:&quot;classic&quot;,&quot;animation&quot;:&quot;slideInUp&quot;}\">\n\t\t\t<div class=\"elementor-widget-wrap elementor-element-populated\">\n\t\t\t\t\t\t<div class=\"elementor-element elementor-element-3a9c69d4 elementor-widget elementor-widget-text-editor\" data-id=\"3a9c69d4\" data-element_type=\"widget\" data-e-type=\"widget\" data-widget_type=\"text-editor.default\">\n\t\t\t\t<div class=\"elementor-widget-container\">\n\t\t\t\t\t\t\t\t\t<p>Located in the Zeytinlik area of Kyrenia, this special project offers a unique living space consisting of 20 apartments. Zeytinlik, where the historical texture of the city blends with modern life, offers both a peaceful environment and the advantages of being close to the city center. In addition to being an ideal choice for those looking for a quiet and natural life, our project provides a life experience intertwined with nature with the olive trees around it.<\/p><p>\u00a0<\/p><p>Each carefully designed apartment draws attention with its large and spacious living spaces. The apartments in the project are built with a modern architectural approach and equipped with high quality materials. All apartments are designed with ideal orientations to maximize the benefit from sunlight and are complemented by large balconies and terraces illuminated by natural light.<\/p><p>\u00a0<\/p><p>Our project includes many social facilities and services that aim to provide a comfortable and safe life for its residents. Security entrance system, parking areas and landscaping provide both a safe and aesthetic environment. In addition, the green areas, walking paths and recreation areas within the complex provide a relaxing living environment for families and individuals.<\/p><p>\u00a0<\/p><p>Thanks to the integrated structure of Zeytinlik with nature, this project is a very attractive option for both those looking for a peaceful life and those looking for investment opportunities. With easy access to both the surrounding social facilities and the city center, this project stands out as one of the most prestigious living spaces in the region.<\/p>\t\t\t\t\t\t\t\t<\/div>\n\t\t\t\t<\/div>\n\t\t\t\t\t<\/div>\n\t\t<\/div>\n\t\t\t\t<div class=\"elementor-column elementor-col-50 elementor-top-column elementor-element elementor-element-203c1988\" data-id=\"203c1988\" data-element_type=\"column\" data-e-type=\"column\">\n\t\t\t<div class=\"elementor-widget-wrap\">\n\t\t\t\t\t\t\t<\/div>\n\t\t<\/div>\n\t\t\t\t\t<\/div>\n\t\t<\/section>\n\t\t\t\t<section class=\"elementor-section elementor-top-section elementor-element elementor-element-3407fd4e elementor-section-full_width elementor-section-height-default elementor-section-height-default\" data-id=\"3407fd4e\" data-element_type=\"section\" data-e-type=\"section\">\n\t\t\t\t\t\t<div class=\"elementor-container elementor-column-gap-default\">\n\t\t\t\t\t<div class=\"elementor-column elementor-col-100 elementor-top-column elementor-element elementor-element-fc37787\" data-id=\"fc37787\" data-element_type=\"column\" data-e-type=\"column\">\n\t\t\t<div class=\"elementor-widget-wrap elementor-element-populated\">\n\t\t\t\t\t\t<div class=\"elementor-element elementor-element-630181aa gallery-spacing-custom elementor-widget elementor-widget-image-gallery\" data-id=\"630181aa\" data-element_type=\"widget\" data-e-type=\"widget\" data-widget_type=\"image-gallery.default\">\n\t\t\t\t<div class=\"elementor-widget-container\">\n\t\t\t\t\t\t\t<div class=\"elementor-image-gallery\">\n\t\t\t<div id='gallery-1' class='gallery galleryid-11070 gallery-columns-3 gallery-size-full'><figure class='gallery-item'>\n\t\t\t<div class='gallery-icon landscape'>\n\t\t\t\t<a data-elementor-open-lightbox=\"yes\" data-elementor-lightbox-slideshow=\"630181aa\" data-elementor-lightbox-title=\"Yeni Proje - 2024-09-05T223931.997\" data-e-action-hash=\"#elementor-action%3Aaction%3Dlightbox%26settings%3DeyJpZCI6MjQ3OSwidXJsIjoiaHR0cHM6XC9cL2VtdGFuY29ucy5jb21cL3dwLWNvbnRlbnRcL3VwbG9hZHNcLzIwMjRcLzA5XC9ZZW5pLVByb2plLTIwMjQtMDktMDVUMjIzOTMxLjk5Ny5qcGciLCJzbGlkZXNob3ciOiI2MzAxODFhYSJ9\" href='https:\/\/emtancons.com\/wp-content\/uploads\/2024\/09\/Yeni-Proje-2024-09-05T223931.997.jpg'><img fetchpriority=\"high\" decoding=\"async\" width=\"1000\" height=\"667\" src=\"https:\/\/emtancons.com\/wp-content\/uploads\/2024\/09\/Yeni-Proje-2024-09-05T223931.997.jpg\" class=\"attachment-full size-full\" alt=\"\" srcset=\"https:\/\/emtancons.com\/wp-content\/uploads\/2024\/09\/Yeni-Proje-2024-09-05T223931.997.jpg 1000w, https:\/\/emtancons.com\/wp-content\/uploads\/2024\/09\/Yeni-Proje-2024-09-05T223931.997-300x200.jpg 300w, https:\/\/emtancons.com\/wp-content\/uploads\/2024\/09\/Yeni-Proje-2024-09-05T223931.997-768x512.jpg 768w, https:\/\/emtancons.com\/wp-content\/uploads\/2024\/09\/Yeni-Proje-2024-09-05T223931.997-350x233.jpg 350w, https:\/\/emtancons.com\/wp-content\/uploads\/2024\/09\/Yeni-Proje-2024-09-05T223931.997-370x247.jpg 370w, https:\/\/emtancons.com\/wp-content\/uploads\/2024\/09\/Yeni-Proje-2024-09-05T223931.997-255x170.jpg 255w, https:\/\/emtancons.com\/wp-content\/uploads\/2024\/09\/Yeni-Proje-2024-09-05T223931.997-285x190.jpg 285w, https:\/\/emtancons.com\/wp-content\/uploads\/2024\/09\/Yeni-Proje-2024-09-05T223931.997-600x400.jpg 600w, https:\/\/emtancons.com\/wp-content\/uploads\/2024\/09\/Yeni-Proje-2024-09-05T223931.997-560x374.jpg 560w\" sizes=\"(max-width: 1000px) 100vw, 1000px\" \/><\/a>\n\t\t\t<\/div><\/figure><figure class='gallery-item'>\n\t\t\t<div class='gallery-icon landscape'>\n\t\t\t\t<a data-elementor-open-lightbox=\"yes\" data-elementor-lightbox-slideshow=\"630181aa\" data-elementor-lightbox-title=\"Yeni Proje - 2024-09-05T224042.533\" data-e-action-hash=\"#elementor-action%3Aaction%3Dlightbox%26settings%3DeyJpZCI6MjQ3OCwidXJsIjoiaHR0cHM6XC9cL2VtdGFuY29ucy5jb21cL3dwLWNvbnRlbnRcL3VwbG9hZHNcLzIwMjRcLzA5XC9ZZW5pLVByb2plLTIwMjQtMDktMDVUMjI0MDQyLjUzMy5qcGciLCJzbGlkZXNob3ciOiI2MzAxODFhYSJ9\" href='https:\/\/emtancons.com\/wp-content\/uploads\/2024\/09\/Yeni-Proje-2024-09-05T224042.533.jpg'><img decoding=\"async\" width=\"1000\" height=\"667\" src=\"https:\/\/emtancons.com\/wp-content\/uploads\/2024\/09\/Yeni-Proje-2024-09-05T224042.533.jpg\" class=\"attachment-full size-full\" alt=\"\" srcset=\"https:\/\/emtancons.com\/wp-content\/uploads\/2024\/09\/Yeni-Proje-2024-09-05T224042.533.jpg 1000w, https:\/\/emtancons.com\/wp-content\/uploads\/2024\/09\/Yeni-Proje-2024-09-05T224042.533-300x200.jpg 300w, https:\/\/emtancons.com\/wp-content\/uploads\/2024\/09\/Yeni-Proje-2024-09-05T224042.533-768x512.jpg 768w, https:\/\/emtancons.com\/wp-content\/uploads\/2024\/09\/Yeni-Proje-2024-09-05T224042.533-350x233.jpg 350w, https:\/\/emtancons.com\/wp-content\/uploads\/2024\/09\/Yeni-Proje-2024-09-05T224042.533-370x247.jpg 370w, https:\/\/emtancons.com\/wp-content\/uploads\/2024\/09\/Yeni-Proje-2024-09-05T224042.533-255x170.jpg 255w, https:\/\/emtancons.com\/wp-content\/uploads\/2024\/09\/Yeni-Proje-2024-09-05T224042.533-285x190.jpg 285w, https:\/\/emtancons.com\/wp-content\/uploads\/2024\/09\/Yeni-Proje-2024-09-05T224042.533-600x400.jpg 600w, https:\/\/emtancons.com\/wp-content\/uploads\/2024\/09\/Yeni-Proje-2024-09-05T224042.533-560x374.jpg 560w\" sizes=\"(max-width: 1000px) 100vw, 1000px\" \/><\/a>\n\t\t\t<\/div><\/figure>\n\t\t<\/div>\n\t\t<\/div>\n\t\t\t\t\t\t<\/div>\n\t\t\t\t<\/div>\n\t\t\t\t\t<\/div>\n\t\t<\/div>\n\t\t\t\t\t<\/div>\n\t\t<\/section>\n\t\t\t\t<\/div>\n\t\t","protected":false},"excerpt":{"rendered":"<p>Project Details Emtan 11 ZEYT\u0130NL\u0130K, G\u0130RNE Located in the Zeytinlik area of Kyrenia, this special project offers a unique living space consisting of 20 apartments. Zeytinlik, where the historical texture of the city blends with modern life, offers both a peaceful environment and the advantages of being close to the city center. In addition to [&hellip;]<\/p>\n","protected":false},"author":1,"featured_media":0,"parent":0,"menu_order":0,"comment_status":"closed","ping_status":"closed","template":"elementor_header_footer","meta":{"footnotes":""},"class_list":["post-11070","page","type-page","status-publish","hentry"],"yoast_head":"<!-- This site is optimized with the Yoast SEO plugin v27.1.1 - https:\/\/yoast.com\/product\/yoast-seo-wordpress\/ -->\n<title>Emtan 11 - Emtan \u0130n\u015faat<\/title>\n<meta name=\"robots\" content=\"index, follow, max-snippet:-1, max-image-preview:large, max-video-preview:-1\" \/>\n<link rel=\"canonical\" href=\"https:\/\/emtancons.com\/pl\/emtan-11\/\" \/>\n<meta property=\"og:locale\" content=\"pl_PL\" \/>\n<meta property=\"og:type\" content=\"article\" \/>\n<meta property=\"og:title\" content=\"Emtan 11 - Emtan \u0130n\u015faat\" \/>\n<meta property=\"og:description\" content=\"Project Details Emtan 11 ZEYT\u0130NL\u0130K, G\u0130RNE Located in the Zeytinlik area of Kyrenia, this special project offers a unique living space consisting of 20 apartments. Zeytinlik, where the historical texture of the city blends with modern life, offers both a peaceful environment and the advantages of being close to the city center. In addition to [&hellip;]\" \/>\n<meta property=\"og:url\" content=\"https:\/\/emtancons.com\/pl\/emtan-11\/\" \/>\n<meta property=\"og:site_name\" content=\"Emtan \u0130n\u015faat\" \/>\n<meta property=\"article:modified_time\" content=\"2026-02-27T11:41:01+00:00\" \/>\n<meta property=\"og:image\" content=\"https:\/\/emtancons.com\/wp-content\/uploads\/2024\/09\/Yeni-Proje-2024-09-05T223931.997.jpg\" \/>\n<meta name=\"twitter:card\" content=\"summary_large_image\" \/>\n<meta name=\"twitter:label1\" content=\"Szacowany czas czytania\" \/>\n\t<meta name=\"twitter:data1\" content=\"2 minuty\" \/>\n<script type=\"application\/ld+json\" class=\"yoast-schema-graph\">{\"@context\":\"https:\/\/schema.org\",\"@graph\":[{\"@type\":\"WebPage\",\"@id\":\"https:\/\/emtancons.com\/pl\/emtan-11\/\",\"url\":\"https:\/\/emtancons.com\/pl\/emtan-11\/\",\"name\":\"Emtan 11 - Emtan \u0130n\u015faat\",\"isPartOf\":{\"@id\":\"https:\/\/emtancons.com\/#website\"},\"primaryImageOfPage\":{\"@id\":\"https:\/\/emtancons.com\/pl\/emtan-11\/#primaryimage\"},\"image\":{\"@id\":\"https:\/\/emtancons.com\/pl\/emtan-11\/#primaryimage\"},\"thumbnailUrl\":\"https:\/\/emtancons.com\/wp-content\/uploads\/2024\/09\/Yeni-Proje-2024-09-05T223931.997.jpg\",\"datePublished\":\"2024-09-05T19:45:16+00:00\",\"dateModified\":\"2026-02-27T11:41:01+00:00\",\"breadcrumb\":{\"@id\":\"https:\/\/emtancons.com\/pl\/emtan-11\/#breadcrumb\"},\"inLanguage\":\"pl-PL\",\"potentialAction\":[{\"@type\":\"ReadAction\",\"target\":[\"https:\/\/emtancons.com\/pl\/emtan-11\/\"]}]},{\"@type\":\"ImageObject\",\"inLanguage\":\"pl-PL\",\"@id\":\"https:\/\/emtancons.com\/pl\/emtan-11\/#primaryimage\",\"url\":\"https:\/\/emtancons.com\/wp-content\/uploads\/2024\/09\/Yeni-Proje-2024-09-05T223931.997.jpg\",\"contentUrl\":\"https:\/\/emtancons.com\/wp-content\/uploads\/2024\/09\/Yeni-Proje-2024-09-05T223931.997.jpg\"},{\"@type\":\"BreadcrumbList\",\"@id\":\"https:\/\/emtancons.com\/pl\/emtan-11\/#breadcrumb\",\"itemListElement\":[{\"@type\":\"ListItem\",\"position\":1,\"name\":\"Anasayfa\",\"item\":\"https:\/\/emtancons.com\/\"},{\"@type\":\"ListItem\",\"position\":2,\"name\":\"Emtan 11\"}]},{\"@type\":\"WebSite\",\"@id\":\"https:\/\/emtancons.com\/#website\",\"url\":\"https:\/\/emtancons.com\/\",\"name\":\"Emtan \u0130n\u015faat\",\"description\":\"\",\"potentialAction\":[{\"@type\":\"SearchAction\",\"target\":{\"@type\":\"EntryPoint\",\"urlTemplate\":\"https:\/\/emtancons.com\/?s={search_term_string}\"},\"query-input\":{\"@type\":\"PropertyValueSpecification\",\"valueRequired\":true,\"valueName\":\"search_term_string\"}}],\"inLanguage\":\"pl-PL\"}]}<\/script>\n<!-- \/ Yoast SEO plugin. -->","yoast_head_json":{"title":"Emtan 11 - Emtan \u0130n\u015faat","robots":{"index":"index","follow":"follow","max-snippet":"max-snippet:-1","max-image-preview":"max-image-preview:large","max-video-preview":"max-video-preview:-1"},"canonical":"https:\/\/emtancons.com\/pl\/emtan-11\/","og_locale":"pl_PL","og_type":"article","og_title":"Emtan 11 - Emtan \u0130n\u015faat","og_description":"Project Details Emtan 11 ZEYT\u0130NL\u0130K, G\u0130RNE Located in the Zeytinlik area of Kyrenia, this special project offers a unique living space consisting of 20 apartments. Zeytinlik, where the historical texture of the city blends with modern life, offers both a peaceful environment and the advantages of being close to the city center. In addition to [&hellip;]","og_url":"https:\/\/emtancons.com\/pl\/emtan-11\/","og_site_name":"Emtan \u0130n\u015faat","article_modified_time":"2026-02-27T11:41:01+00:00","og_image":[{"url":"https:\/\/emtancons.com\/wp-content\/uploads\/2024\/09\/Yeni-Proje-2024-09-05T223931.997.jpg","type":"","width":"","height":""}],"twitter_card":"summary_large_image","twitter_misc":{"Szacowany czas czytania":"2 minuty"},"schema":{"@context":"https:\/\/schema.org","@graph":[{"@type":"WebPage","@id":"https:\/\/emtancons.com\/pl\/emtan-11\/","url":"https:\/\/emtancons.com\/pl\/emtan-11\/","name":"Emtan 11 - Emtan \u0130n\u015faat","isPartOf":{"@id":"https:\/\/emtancons.com\/#website"},"primaryImageOfPage":{"@id":"https:\/\/emtancons.com\/pl\/emtan-11\/#primaryimage"},"image":{"@id":"https:\/\/emtancons.com\/pl\/emtan-11\/#primaryimage"},"thumbnailUrl":"https:\/\/emtancons.com\/wp-content\/uploads\/2024\/09\/Yeni-Proje-2024-09-05T223931.997.jpg","datePublished":"2024-09-05T19:45:16+00:00","dateModified":"2026-02-27T11:41:01+00:00","breadcrumb":{"@id":"https:\/\/emtancons.com\/pl\/emtan-11\/#breadcrumb"},"inLanguage":"pl-PL","potentialAction":[{"@type":"ReadAction","target":["https:\/\/emtancons.com\/pl\/emtan-11\/"]}]},{"@type":"ImageObject","inLanguage":"pl-PL","@id":"https:\/\/emtancons.com\/pl\/emtan-11\/#primaryimage","url":"https:\/\/emtancons.com\/wp-content\/uploads\/2024\/09\/Yeni-Proje-2024-09-05T223931.997.jpg","contentUrl":"https:\/\/emtancons.com\/wp-content\/uploads\/2024\/09\/Yeni-Proje-2024-09-05T223931.997.jpg"},{"@type":"BreadcrumbList","@id":"https:\/\/emtancons.com\/pl\/emtan-11\/#breadcrumb","itemListElement":[{"@type":"ListItem","position":1,"name":"Anasayfa","item":"https:\/\/emtancons.com\/"},{"@type":"ListItem","position":2,"name":"Emtan 11"}]},{"@type":"WebSite","@id":"https:\/\/emtancons.com\/#website","url":"https:\/\/emtancons.com\/","name":"Emtan \u0130n\u015faat","description":"","potentialAction":[{"@type":"SearchAction","target":{"@type":"EntryPoint","urlTemplate":"https:\/\/emtancons.com\/?s={search_term_string}"},"query-input":{"@type":"PropertyValueSpecification","valueRequired":true,"valueName":"search_term_string"}}],"inLanguage":"pl-PL"}]}},"_links":{"self":[{"href":"https:\/\/emtancons.com\/pl\/wp-json\/wp\/v2\/pages\/11070","targetHints":{"allow":["GET"]}}],"collection":[{"href":"https:\/\/emtancons.com\/pl\/wp-json\/wp\/v2\/pages"}],"about":[{"href":"https:\/\/emtancons.com\/pl\/wp-json\/wp\/v2\/types\/page"}],"author":[{"embeddable":true,"href":"https:\/\/emtancons.com\/pl\/wp-json\/wp\/v2\/users\/1"}],"replies":[{"embeddable":true,"href":"https:\/\/emtancons.com\/pl\/wp-json\/wp\/v2\/comments?post=11070"}],"version-history":[{"count":6,"href":"https:\/\/emtancons.com\/pl\/wp-json\/wp\/v2\/pages\/11070\/revisions"}],"predecessor-version":[{"id":11098,"href":"https:\/\/emtancons.com\/pl\/wp-json\/wp\/v2\/pages\/11070\/revisions\/11098"}],"wp:attachment":[{"href":"https:\/\/emtancons.com\/pl\/wp-json\/wp\/v2\/media?parent=11070"}],"curies":[{"name":"wp","href":"https:\/\/api.w.org\/{rel}","templated":true}]}}