{"id":11044,"date":"2024-09-05T22:52:47","date_gmt":"2024-09-05T19:52:47","guid":{"rendered":"https:\/\/emtancons.com\/emtan-1-housing-estate\/"},"modified":"2026-02-27T14:27:34","modified_gmt":"2026-02-27T11:27:34","slug":"emtan-1-housing-estate","status":"publish","type":"page","link":"https:\/\/emtancons.com\/pl\/emtan-1-housing-estate\/","title":{"rendered":"Emtan 1 Urbanizaci\u00f3n"},"content":{"rendered":"\t\t<div data-elementor-type=\"wp-page\" data-elementor-id=\"11044\" class=\"elementor elementor-11044 elementor-2310\" data-elementor-post-type=\"page\">\n\t\t\t\t\t\t<section class=\"elementor-section elementor-top-section elementor-element elementor-element-ed99c52 elementor-section-content-middle elementor-section-boxed elementor-section-height-default elementor-section-height-default\" data-id=\"ed99c52\" data-element_type=\"section\" data-e-type=\"section\" data-settings=\"{&quot;background_background&quot;:&quot;classic&quot;}\">\n\t\t\t\t\t\t\t<div class=\"elementor-background-overlay\"><\/div>\n\t\t\t\t\t\t\t<div class=\"elementor-container elementor-column-gap-default\">\n\t\t\t\t\t<div class=\"elementor-column elementor-col-50 elementor-top-column elementor-element elementor-element-6b380086\" data-id=\"6b380086\" data-element_type=\"column\" data-e-type=\"column\">\n\t\t\t<div class=\"elementor-widget-wrap elementor-element-populated\">\n\t\t\t\t\t\t<div class=\"elementor-element elementor-element-2a54d934 elementor-widget elementor-widget-heading\" data-id=\"2a54d934\" data-element_type=\"widget\" data-e-type=\"widget\" data-widget_type=\"heading.default\">\n\t\t\t\t<div class=\"elementor-widget-container\">\n\t\t\t\t\t<h2 class=\"elementor-heading-title elementor-size-default\">Detalles del proyecto<\/h2>\t\t\t\t<\/div>\n\t\t\t\t<\/div>\n\t\t\t\t<div class=\"elementor-element elementor-element-3aff520b elementor-invisible elementor-widget elementor-widget-heading\" data-id=\"3aff520b\" data-element_type=\"widget\" data-e-type=\"widget\" data-settings=\"{&quot;_animation&quot;:&quot;fadeInUp&quot;}\" data-widget_type=\"heading.default\">\n\t\t\t\t<div class=\"elementor-widget-container\">\n\t\t\t\t\t<h2 class=\"elementor-heading-title elementor-size-default\">Emtan 1 Urbanizaci\u00f3n<\/h2>\t\t\t\t<\/div>\n\t\t\t\t<\/div>\n\t\t\t\t<div class=\"elementor-element elementor-element-1fa34d59 elementor-icon-list--layout-inline elementor-list-item-link-full_width elementor-widget elementor-widget-icon-list\" data-id=\"1fa34d59\" data-element_type=\"widget\" data-e-type=\"widget\" data-widget_type=\"icon-list.default\">\n\t\t\t\t<div class=\"elementor-widget-container\">\n\t\t\t\t\t\t\t<ul class=\"elementor-icon-list-items elementor-inline-items\">\n\t\t\t\t\t\t\t<li class=\"elementor-icon-list-item elementor-inline-item\">\n\t\t\t\t\t\t\t\t\t\t\t<a href=\"#\">\n\n\t\t\t\t\t\t\t\t\t\t\t\t<span class=\"elementor-icon-list-icon\">\n\t\t\t\t\t\t\t<i aria-hidden=\"true\" class=\"fas fa-arrow-right\"><\/i>\t\t\t\t\t\t<\/span>\n\t\t\t\t\t\t\t\t\t\t<span class=\"elementor-icon-list-text\">\u00c7atalkoy, Kyrenia<\/span>\n\t\t\t\t\t\t\t\t\t\t\t<\/a>\n\t\t\t\t\t\t\t\t\t<\/li>\n\t\t\t\t\t\t<\/ul>\n\t\t\t\t\t\t<\/div>\n\t\t\t\t<\/div>\n\t\t\t\t\t<\/div>\n\t\t<\/div>\n\t\t\t\t<div class=\"elementor-column elementor-col-50 elementor-top-column elementor-element elementor-element-86942eb\" data-id=\"86942eb\" data-element_type=\"column\" data-e-type=\"column\">\n\t\t\t<div class=\"elementor-widget-wrap\">\n\t\t\t\t\t\t\t<\/div>\n\t\t<\/div>\n\t\t\t\t\t<\/div>\n\t\t<\/section>\n\t\t\t\t<section class=\"elementor-section elementor-top-section elementor-element elementor-element-599df68c elementor-section-boxed elementor-section-height-default elementor-section-height-default\" data-id=\"599df68c\" data-element_type=\"section\" data-e-type=\"section\">\n\t\t\t\t\t\t\t<div class=\"elementor-background-overlay\"><\/div>\n\t\t\t\t\t\t\t<div class=\"elementor-container elementor-column-gap-default\">\n\t\t\t\t\t<div class=\"elementor-column elementor-col-50 elementor-top-column elementor-element elementor-element-4936feec elementor-invisible\" data-id=\"4936feec\" data-element_type=\"column\" data-e-type=\"column\" data-settings=\"{&quot;background_background&quot;:&quot;classic&quot;,&quot;animation&quot;:&quot;slideInUp&quot;}\">\n\t\t\t<div class=\"elementor-widget-wrap elementor-element-populated\">\n\t\t\t\t\t\t<div class=\"elementor-element elementor-element-b947833 elementor-widget elementor-widget-text-editor\" data-id=\"b947833\" data-element_type=\"widget\" data-e-type=\"widget\" data-widget_type=\"text-editor.default\">\n\t\t\t\t<div class=\"elementor-widget-container\">\n\t\t\t\t\t\t\t\t\t<p>Emtan 1 Sitsi es una zona residencial situada en la zona de Chatalkoy, en el norte de Chipre, famosa por su belleza natural. Este proyecto especial consta de un total de 23 villas de lujo y llama la atenci\u00f3n por su arquitectura moderna y sus amplios espacios habitables. Estas villas han sido dise\u00f1adas pensando en cada detalle y tienen como objetivo proporcionar una vida c\u00f3moda y acogedora a las familias.<br \/>Este proyecto es una excelente opci\u00f3n para aquellos que desean vivir en contacto con la naturaleza. Cada una de las villas cuenta con amplios jardines, grandes terrazas y espacios abiertos que prometen a los residentes una vida de privacidad y tranquilidad. Al mismo tiempo, estas villas, que cuentan con las instalaciones necesarias para satisfacer todas las necesidades de la vida moderna, est\u00e1n dise\u00f1adas est\u00e9ticamente para armonizar con la estructura natural de la zona.<br \/>Los residentes de Emtan 1 viven en un entorno en el que pueden disfrutar de la paz y la tranquilidad de la naturaleza, al tiempo que disfrutan de la ventaja de estar cerca de los servicios urbanos. \u00c7atalk\u00f6y es una regi\u00f3n conocida por su proximidad al mar, su vegetaci\u00f3n y su ambiente tranquilo, y est\u00e1 considerada como una de las zonas residenciales m\u00e1s populares de la regi\u00f3n.<br \/>El proyecto tambi\u00e9n se ha construido utilizando servicios de infraestructura modernos y materiales de calidad, y tiene como objetivo proporcionar una vida c\u00f3moda y segura durante muchos a\u00f1os. Las villas se caracterizan por sus amplios espacios, ba\u00f1os privados, cocinas modernas y grandes ventanales, que hacen que los interiores sean elegantes y funcionales.<br \/>Emtan 1 Set ofrece a sus residentes no solo un lugar donde alojarse, sino tambi\u00e9n un estilo de vida seguro, moderno e integrado en la naturaleza.<\/p>\t\t\t\t\t\t\t\t<\/div>\n\t\t\t\t<\/div>\n\t\t\t\t\t<\/div>\n\t\t<\/div>\n\t\t\t\t<div class=\"elementor-column elementor-col-50 elementor-top-column elementor-element elementor-element-297925d\" data-id=\"297925d\" data-element_type=\"column\" data-e-type=\"column\">\n\t\t\t<div class=\"elementor-widget-wrap\">\n\t\t\t\t\t\t\t<\/div>\n\t\t<\/div>\n\t\t\t\t\t<\/div>\n\t\t<\/section>\n\t\t\t\t<section class=\"elementor-section elementor-top-section elementor-element elementor-element-68a7faa4 elementor-section-full_width elementor-section-height-default elementor-section-height-default\" data-id=\"68a7faa4\" data-element_type=\"section\" data-e-type=\"section\">\n\t\t\t\t\t\t<div class=\"elementor-container elementor-column-gap-default\">\n\t\t\t\t\t<div class=\"elementor-column elementor-col-100 elementor-top-column elementor-element elementor-element-16652e5b\" data-id=\"16652e5b\" data-element_type=\"column\" data-e-type=\"column\">\n\t\t\t<div class=\"elementor-widget-wrap elementor-element-populated\">\n\t\t\t\t\t\t<div class=\"elementor-element elementor-element-58e03347 gallery-spacing-custom elementor-widget elementor-widget-image-gallery\" data-id=\"58e03347\" data-element_type=\"widget\" data-e-type=\"widget\" data-widget_type=\"image-gallery.default\">\n\t\t\t\t<div class=\"elementor-widget-container\">\n\t\t\t\t\t\t\t<div class=\"elementor-image-gallery\">\n\t\t\t<div id='gallery-1' class='gallery galleryid-11044 gallery-columns-3 gallery-size-full'><figure class='gallery-item'>\n\t\t\t<div class='gallery-icon landscape'>\n\t\t\t\t<a data-elementor-open-lightbox=\"yes\" data-elementor-lightbox-slideshow=\"58e03347\" data-elementor-lightbox-title=\"resim_2024-09-05_224927365\" data-e-action-hash=\"#elementor-action%3Aaction%3Dlightbox%26settings%3DeyJpZCI6MTEwNDcsInVybCI6Imh0dHBzOlwvXC9lbXRhbmNvbnMuY29tXC93cC1jb250ZW50XC91cGxvYWRzXC8yMDI0XC8wOVwvcmVzaW1fMjAyNC0wOS0wNV8yMjQ5MjczNjUucG5nIiwic2xpZGVzaG93IjoiNThlMDMzNDcifQ%3D%3D\" href='https:\/\/emtancons.com\/wp-content\/uploads\/2024\/09\/resim_2024-09-05_224927365.png'><img fetchpriority=\"high\" decoding=\"async\" width=\"1000\" height=\"667\" src=\"https:\/\/emtancons.com\/wp-content\/uploads\/2024\/09\/resim_2024-09-05_224927365.png\" class=\"attachment-full size-full\" alt=\"\" srcset=\"https:\/\/emtancons.com\/wp-content\/uploads\/2024\/09\/resim_2024-09-05_224927365.png 1000w, https:\/\/emtancons.com\/wp-content\/uploads\/2024\/09\/resim_2024-09-05_224927365-300x200.png 300w, https:\/\/emtancons.com\/wp-content\/uploads\/2024\/09\/resim_2024-09-05_224927365-768x512.png 768w, https:\/\/emtancons.com\/wp-content\/uploads\/2024\/09\/resim_2024-09-05_224927365-350x233.png 350w, https:\/\/emtancons.com\/wp-content\/uploads\/2024\/09\/resim_2024-09-05_224927365-370x247.png 370w, https:\/\/emtancons.com\/wp-content\/uploads\/2024\/09\/resim_2024-09-05_224927365-255x170.png 255w, https:\/\/emtancons.com\/wp-content\/uploads\/2024\/09\/resim_2024-09-05_224927365-285x190.png 285w, https:\/\/emtancons.com\/wp-content\/uploads\/2024\/09\/resim_2024-09-05_224927365-600x400.png 600w, https:\/\/emtancons.com\/wp-content\/uploads\/2024\/09\/resim_2024-09-05_224927365-560x374.png 560w\" sizes=\"(max-width: 1000px) 100vw, 1000px\" \/><\/a>\n\t\t\t<\/div><\/figure><figure class='gallery-item'>\n\t\t\t<div class='gallery-icon landscape'>\n\t\t\t\t<a data-elementor-open-lightbox=\"yes\" data-elementor-lightbox-slideshow=\"58e03347\" data-elementor-lightbox-title=\"resim_2024-09-05_224922263\" data-e-action-hash=\"#elementor-action%3Aaction%3Dlightbox%26settings%3DeyJpZCI6MTEwNDYsInVybCI6Imh0dHBzOlwvXC9lbXRhbmNvbnMuY29tXC93cC1jb250ZW50XC91cGxvYWRzXC8yMDI0XC8wOVwvcmVzaW1fMjAyNC0wOS0wNV8yMjQ5MjIyNjMucG5nIiwic2xpZGVzaG93IjoiNThlMDMzNDcifQ%3D%3D\" href='https:\/\/emtancons.com\/wp-content\/uploads\/2024\/09\/resim_2024-09-05_224922263.png'><img decoding=\"async\" width=\"1000\" height=\"667\" src=\"https:\/\/emtancons.com\/wp-content\/uploads\/2024\/09\/resim_2024-09-05_224922263.png\" class=\"attachment-full size-full\" alt=\"\" srcset=\"https:\/\/emtancons.com\/wp-content\/uploads\/2024\/09\/resim_2024-09-05_224922263.png 1000w, https:\/\/emtancons.com\/wp-content\/uploads\/2024\/09\/resim_2024-09-05_224922263-300x200.png 300w, https:\/\/emtancons.com\/wp-content\/uploads\/2024\/09\/resim_2024-09-05_224922263-768x512.png 768w, https:\/\/emtancons.com\/wp-content\/uploads\/2024\/09\/resim_2024-09-05_224922263-350x233.png 350w, https:\/\/emtancons.com\/wp-content\/uploads\/2024\/09\/resim_2024-09-05_224922263-370x247.png 370w, https:\/\/emtancons.com\/wp-content\/uploads\/2024\/09\/resim_2024-09-05_224922263-255x170.png 255w, https:\/\/emtancons.com\/wp-content\/uploads\/2024\/09\/resim_2024-09-05_224922263-285x190.png 285w, https:\/\/emtancons.com\/wp-content\/uploads\/2024\/09\/resim_2024-09-05_224922263-600x400.png 600w, https:\/\/emtancons.com\/wp-content\/uploads\/2024\/09\/resim_2024-09-05_224922263-560x374.png 560w\" sizes=\"(max-width: 1000px) 100vw, 1000px\" \/><\/a>\n\t\t\t<\/div><\/figure><figure class='gallery-item'>\n\t\t\t<div class='gallery-icon landscape'>\n\t\t\t\t<a data-elementor-open-lightbox=\"yes\" data-elementor-lightbox-slideshow=\"58e03347\" data-elementor-lightbox-title=\"resim_2024-09-05_224916743\" data-e-action-hash=\"#elementor-action%3Aaction%3Dlightbox%26settings%3DeyJpZCI6MTEwNDUsInVybCI6Imh0dHBzOlwvXC9lbXRhbmNvbnMuY29tXC93cC1jb250ZW50XC91cGxvYWRzXC8yMDI0XC8wOVwvcmVzaW1fMjAyNC0wOS0wNV8yMjQ5MTY3NDMucG5nIiwic2xpZGVzaG93IjoiNThlMDMzNDcifQ%3D%3D\" href='https:\/\/emtancons.com\/wp-content\/uploads\/2024\/09\/resim_2024-09-05_224916743.png'><img decoding=\"async\" width=\"1000\" height=\"667\" src=\"https:\/\/emtancons.com\/wp-content\/uploads\/2024\/09\/resim_2024-09-05_224916743.png\" class=\"attachment-full size-full\" alt=\"\" srcset=\"https:\/\/emtancons.com\/wp-content\/uploads\/2024\/09\/resim_2024-09-05_224916743.png 1000w, https:\/\/emtancons.com\/wp-content\/uploads\/2024\/09\/resim_2024-09-05_224916743-300x200.png 300w, https:\/\/emtancons.com\/wp-content\/uploads\/2024\/09\/resim_2024-09-05_224916743-768x512.png 768w, https:\/\/emtancons.com\/wp-content\/uploads\/2024\/09\/resim_2024-09-05_224916743-350x233.png 350w, https:\/\/emtancons.com\/wp-content\/uploads\/2024\/09\/resim_2024-09-05_224916743-370x247.png 370w, https:\/\/emtancons.com\/wp-content\/uploads\/2024\/09\/resim_2024-09-05_224916743-255x170.png 255w, https:\/\/emtancons.com\/wp-content\/uploads\/2024\/09\/resim_2024-09-05_224916743-285x190.png 285w, https:\/\/emtancons.com\/wp-content\/uploads\/2024\/09\/resim_2024-09-05_224916743-600x400.png 600w, https:\/\/emtancons.com\/wp-content\/uploads\/2024\/09\/resim_2024-09-05_224916743-560x374.png 560w\" sizes=\"(max-width: 1000px) 100vw, 1000px\" \/><\/a>\n\t\t\t<\/div><\/figure><figure class='gallery-item'>\n\t\t\t<div class='gallery-icon landscape'>\n\t\t\t\t<a data-elementor-open-lightbox=\"yes\" data-elementor-lightbox-slideshow=\"58e03347\" data-elementor-lightbox-title=\"Emtan All Completed Projects_.00_12_48_15.Still083\" data-e-action-hash=\"#elementor-action%3Aaction%3Dlightbox%26settings%3DeyJpZCI6OTQyOSwidXJsIjoiaHR0cHM6XC9cL2VtdGFuY29ucy5jb21cL3dwLWNvbnRlbnRcL3VwbG9hZHNcLzIwMjVcLzEwXC9FbXRhbi1BbGwtQ29tcGxldGVkLVByb2plY3RzXy4wMF8xMl80OF8xNS5TdGlsbDA4My53ZWJwIiwic2xpZGVzaG93IjoiNThlMDMzNDcifQ%3D%3D\" href='https:\/\/emtancons.com\/wp-content\/uploads\/2025\/10\/Emtan-All-Completed-Projects_.00_12_48_15.Still083.webp'><img loading=\"lazy\" decoding=\"async\" width=\"1200\" height=\"675\" src=\"https:\/\/emtancons.com\/wp-content\/uploads\/2025\/10\/Emtan-All-Completed-Projects_.00_12_48_15.Still083.webp\" class=\"attachment-full size-full\" alt=\"\" srcset=\"https:\/\/emtancons.com\/wp-content\/uploads\/2025\/10\/Emtan-All-Completed-Projects_.00_12_48_15.Still083.webp 1200w, https:\/\/emtancons.com\/wp-content\/uploads\/2025\/10\/Emtan-All-Completed-Projects_.00_12_48_15.Still083-300x169.webp 300w, https:\/\/emtancons.com\/wp-content\/uploads\/2025\/10\/Emtan-All-Completed-Projects_.00_12_48_15.Still083-1024x576.webp 1024w, https:\/\/emtancons.com\/wp-content\/uploads\/2025\/10\/Emtan-All-Completed-Projects_.00_12_48_15.Still083-768x432.webp 768w\" sizes=\"(max-width: 1200px) 100vw, 1200px\" \/><\/a>\n\t\t\t<\/div><\/figure><figure class='gallery-item'>\n\t\t\t<div class='gallery-icon landscape'>\n\t\t\t\t<a data-elementor-open-lightbox=\"yes\" data-elementor-lightbox-slideshow=\"58e03347\" data-elementor-lightbox-title=\"Emtan All Completed Projects_.00_13_23_21.Still085\" data-e-action-hash=\"#elementor-action%3Aaction%3Dlightbox%26settings%3DeyJpZCI6OTQyNCwidXJsIjoiaHR0cHM6XC9cL2VtdGFuY29ucy5jb21cL3dwLWNvbnRlbnRcL3VwbG9hZHNcLzIwMjVcLzEwXC9FbXRhbi1BbGwtQ29tcGxldGVkLVByb2plY3RzXy4wMF8xM18yM18yMS5TdGlsbDA4NS53ZWJwIiwic2xpZGVzaG93IjoiNThlMDMzNDcifQ%3D%3D\" href='https:\/\/emtancons.com\/wp-content\/uploads\/2025\/10\/Emtan-All-Completed-Projects_.00_13_23_21.Still085.webp'><img loading=\"lazy\" decoding=\"async\" width=\"1200\" height=\"675\" src=\"https:\/\/emtancons.com\/wp-content\/uploads\/2025\/10\/Emtan-All-Completed-Projects_.00_13_23_21.Still085.webp\" class=\"attachment-full size-full\" alt=\"\" srcset=\"https:\/\/emtancons.com\/wp-content\/uploads\/2025\/10\/Emtan-All-Completed-Projects_.00_13_23_21.Still085.webp 1200w, https:\/\/emtancons.com\/wp-content\/uploads\/2025\/10\/Emtan-All-Completed-Projects_.00_13_23_21.Still085-300x169.webp 300w, https:\/\/emtancons.com\/wp-content\/uploads\/2025\/10\/Emtan-All-Completed-Projects_.00_13_23_21.Still085-1024x576.webp 1024w, https:\/\/emtancons.com\/wp-content\/uploads\/2025\/10\/Emtan-All-Completed-Projects_.00_13_23_21.Still085-768x432.webp 768w\" sizes=\"(max-width: 1200px) 100vw, 1200px\" \/><\/a>\n\t\t\t<\/div><\/figure><figure class='gallery-item'>\n\t\t\t<div class='gallery-icon landscape'>\n\t\t\t\t<a data-elementor-open-lightbox=\"yes\" data-elementor-lightbox-slideshow=\"58e03347\" data-elementor-lightbox-title=\"Emtan All Completed Projects_.00_13_47_17.Still089\" data-e-action-hash=\"#elementor-action%3Aaction%3Dlightbox%26settings%3DeyJpZCI6OTQxOSwidXJsIjoiaHR0cHM6XC9cL2VtdGFuY29ucy5jb21cL3dwLWNvbnRlbnRcL3VwbG9hZHNcLzIwMjVcLzEwXC9FbXRhbi1BbGwtQ29tcGxldGVkLVByb2plY3RzXy4wMF8xM180N18xNy5TdGlsbDA4OS53ZWJwIiwic2xpZGVzaG93IjoiNThlMDMzNDcifQ%3D%3D\" href='https:\/\/emtancons.com\/wp-content\/uploads\/2025\/10\/Emtan-All-Completed-Projects_.00_13_47_17.Still089.webp'><img loading=\"lazy\" decoding=\"async\" width=\"1200\" height=\"675\" src=\"https:\/\/emtancons.com\/wp-content\/uploads\/2025\/10\/Emtan-All-Completed-Projects_.00_13_47_17.Still089.webp\" class=\"attachment-full size-full\" alt=\"\" srcset=\"https:\/\/emtancons.com\/wp-content\/uploads\/2025\/10\/Emtan-All-Completed-Projects_.00_13_47_17.Still089.webp 1200w, https:\/\/emtancons.com\/wp-content\/uploads\/2025\/10\/Emtan-All-Completed-Projects_.00_13_47_17.Still089-300x169.webp 300w, https:\/\/emtancons.com\/wp-content\/uploads\/2025\/10\/Emtan-All-Completed-Projects_.00_13_47_17.Still089-1024x576.webp 1024w, https:\/\/emtancons.com\/wp-content\/uploads\/2025\/10\/Emtan-All-Completed-Projects_.00_13_47_17.Still089-768x432.webp 768w\" sizes=\"(max-width: 1200px) 100vw, 1200px\" \/><\/a>\n\t\t\t<\/div><\/figure><figure class='gallery-item'>\n\t\t\t<div class='gallery-icon landscape'>\n\t\t\t\t<a data-elementor-open-lightbox=\"yes\" data-elementor-lightbox-slideshow=\"58e03347\" data-elementor-lightbox-title=\"Emtan All Completed Projects_.00_13_56_23.Still091\" data-e-action-hash=\"#elementor-action%3Aaction%3Dlightbox%26settings%3DeyJpZCI6OTQxNCwidXJsIjoiaHR0cHM6XC9cL2VtdGFuY29ucy5jb21cL3dwLWNvbnRlbnRcL3VwbG9hZHNcLzIwMjVcLzEwXC9FbXRhbi1BbGwtQ29tcGxldGVkLVByb2plY3RzXy4wMF8xM181Nl8yMy5TdGlsbDA5MS53ZWJwIiwic2xpZGVzaG93IjoiNThlMDMzNDcifQ%3D%3D\" href='https:\/\/emtancons.com\/wp-content\/uploads\/2025\/10\/Emtan-All-Completed-Projects_.00_13_56_23.Still091.webp'><img loading=\"lazy\" decoding=\"async\" width=\"1200\" height=\"675\" src=\"https:\/\/emtancons.com\/wp-content\/uploads\/2025\/10\/Emtan-All-Completed-Projects_.00_13_56_23.Still091.webp\" class=\"attachment-full size-full\" alt=\"\" srcset=\"https:\/\/emtancons.com\/wp-content\/uploads\/2025\/10\/Emtan-All-Completed-Projects_.00_13_56_23.Still091.webp 1200w, https:\/\/emtancons.com\/wp-content\/uploads\/2025\/10\/Emtan-All-Completed-Projects_.00_13_56_23.Still091-300x169.webp 300w, https:\/\/emtancons.com\/wp-content\/uploads\/2025\/10\/Emtan-All-Completed-Projects_.00_13_56_23.Still091-1024x576.webp 1024w, https:\/\/emtancons.com\/wp-content\/uploads\/2025\/10\/Emtan-All-Completed-Projects_.00_13_56_23.Still091-768x432.webp 768w\" sizes=\"(max-width: 1200px) 100vw, 1200px\" \/><\/a>\n\t\t\t<\/div><\/figure>\n\t\t<\/div>\n\t\t<\/div>\n\t\t\t\t\t\t<\/div>\n\t\t\t\t<\/div>\n\t\t\t\t\t<\/div>\n\t\t<\/div>\n\t\t\t\t\t<\/div>\n\t\t<\/section>\n\t\t\t\t<\/div>\n\t\t","protected":false},"excerpt":{"rendered":"<p>Detalles del proyecto Emtan 1 Urbanizaci\u00f3n \u00c7atalkoy, Kyrenia Emtan 1 Sitsi es una zona residencial situada en la zona de Chatalkoy, en el norte de Chipre, famosa por su belleza natural. Este proyecto especial consta de un total de 23 villas de lujo y llama la atenci\u00f3n por su arquitectura moderna y sus amplios espacios [&hellip;]<\/p>\n","protected":false},"author":1,"featured_media":0,"parent":0,"menu_order":0,"comment_status":"closed","ping_status":"closed","template":"elementor_header_footer","meta":{"footnotes":""},"class_list":["post-11044","page","type-page","status-publish","hentry"],"yoast_head":"<!-- This site is optimized with the Yoast SEO plugin v27.1.1 - https:\/\/yoast.com\/product\/yoast-seo-wordpress\/ -->\n<title>Emtan 1 Urbanizaci\u00f3n - Emtan \u0130n\u015faat<\/title>\n<meta name=\"robots\" content=\"index, follow, max-snippet:-1, max-image-preview:large, max-video-preview:-1\" \/>\n<link rel=\"canonical\" href=\"https:\/\/emtancons.com\/emtan-1-housing-estate\/\" \/>\n<meta property=\"og:locale\" content=\"pl_PL\" \/>\n<meta property=\"og:type\" content=\"article\" \/>\n<meta property=\"og:title\" content=\"Emtan 1 Urbanizaci\u00f3n - Emtan \u0130n\u015faat\" \/>\n<meta property=\"og:description\" content=\"Detalles del proyecto Emtan 1 Urbanizaci\u00f3n \u00c7atalkoy, Kyrenia Emtan 1 Sitsi es una zona residencial situada en la zona de Chatalkoy, en el norte de Chipre, famosa por su belleza natural. Este proyecto especial consta de un total de 23 villas de lujo y llama la atenci\u00f3n por su arquitectura moderna y sus amplios espacios [&hellip;]\" \/>\n<meta property=\"og:url\" content=\"https:\/\/emtancons.com\/emtan-1-housing-estate\/\" \/>\n<meta property=\"og:site_name\" content=\"Emtan \u0130n\u015faat\" \/>\n<meta property=\"article:modified_time\" content=\"2026-02-27T11:27:34+00:00\" \/>\n<meta property=\"og:image\" content=\"https:\/\/emtancons.com\/wp-content\/uploads\/2024\/09\/resim_2024-09-05_224927365.png\" \/>\n<meta name=\"twitter:card\" content=\"summary_large_image\" \/>\n<meta name=\"twitter:label1\" content=\"Szacowany czas czytania\" \/>\n\t<meta name=\"twitter:data1\" content=\"3 minuty\" \/>\n<script type=\"application\/ld+json\" class=\"yoast-schema-graph\">{\"@context\":\"https:\/\/schema.org\",\"@graph\":[{\"@type\":\"WebPage\",\"@id\":\"https:\/\/emtancons.com\/emtan-1-housing-estate\/\",\"url\":\"https:\/\/emtancons.com\/emtan-1-housing-estate\/\",\"name\":\"Emtan 1 Urbanizaci\u00f3n - Emtan \u0130n\u015faat\",\"isPartOf\":{\"@id\":\"https:\/\/emtancons.com\/#website\"},\"primaryImageOfPage\":{\"@id\":\"https:\/\/emtancons.com\/emtan-1-housing-estate\/#primaryimage\"},\"image\":{\"@id\":\"https:\/\/emtancons.com\/emtan-1-housing-estate\/#primaryimage\"},\"thumbnailUrl\":\"https:\/\/emtancons.com\/wp-content\/uploads\/2024\/09\/resim_2024-09-05_224927365.png\",\"datePublished\":\"2024-09-05T19:52:47+00:00\",\"dateModified\":\"2026-02-27T11:27:34+00:00\",\"breadcrumb\":{\"@id\":\"https:\/\/emtancons.com\/emtan-1-housing-estate\/#breadcrumb\"},\"inLanguage\":\"pl-PL\",\"potentialAction\":[{\"@type\":\"ReadAction\",\"target\":[\"https:\/\/emtancons.com\/emtan-1-housing-estate\/\"]}]},{\"@type\":\"ImageObject\",\"inLanguage\":\"pl-PL\",\"@id\":\"https:\/\/emtancons.com\/emtan-1-housing-estate\/#primaryimage\",\"url\":\"https:\/\/emtancons.com\/wp-content\/uploads\/2024\/09\/resim_2024-09-05_224927365.png\",\"contentUrl\":\"https:\/\/emtancons.com\/wp-content\/uploads\/2024\/09\/resim_2024-09-05_224927365.png\"},{\"@type\":\"BreadcrumbList\",\"@id\":\"https:\/\/emtancons.com\/emtan-1-housing-estate\/#breadcrumb\",\"itemListElement\":[{\"@type\":\"ListItem\",\"position\":1,\"name\":\"Anasayfa\",\"item\":\"https:\/\/emtancons.com\/\"},{\"@type\":\"ListItem\",\"position\":2,\"name\":\"Emtan 1 Urbanizaci\u00f3n\"}]},{\"@type\":\"WebSite\",\"@id\":\"https:\/\/emtancons.com\/#website\",\"url\":\"https:\/\/emtancons.com\/\",\"name\":\"Emtan \u0130n\u015faat\",\"description\":\"\",\"potentialAction\":[{\"@type\":\"SearchAction\",\"target\":{\"@type\":\"EntryPoint\",\"urlTemplate\":\"https:\/\/emtancons.com\/?s={search_term_string}\"},\"query-input\":{\"@type\":\"PropertyValueSpecification\",\"valueRequired\":true,\"valueName\":\"search_term_string\"}}],\"inLanguage\":\"pl-PL\"}]}<\/script>\n<!-- \/ Yoast SEO plugin. -->","yoast_head_json":{"title":"Emtan 1 Urbanizaci\u00f3n - Emtan \u0130n\u015faat","robots":{"index":"index","follow":"follow","max-snippet":"max-snippet:-1","max-image-preview":"max-image-preview:large","max-video-preview":"max-video-preview:-1"},"canonical":"https:\/\/emtancons.com\/emtan-1-housing-estate\/","og_locale":"pl_PL","og_type":"article","og_title":"Emtan 1 Urbanizaci\u00f3n - Emtan \u0130n\u015faat","og_description":"Detalles del proyecto Emtan 1 Urbanizaci\u00f3n \u00c7atalkoy, Kyrenia Emtan 1 Sitsi es una zona residencial situada en la zona de Chatalkoy, en el norte de Chipre, famosa por su belleza natural. Este proyecto especial consta de un total de 23 villas de lujo y llama la atenci\u00f3n por su arquitectura moderna y sus amplios espacios [&hellip;]","og_url":"https:\/\/emtancons.com\/emtan-1-housing-estate\/","og_site_name":"Emtan \u0130n\u015faat","article_modified_time":"2026-02-27T11:27:34+00:00","og_image":[{"url":"https:\/\/emtancons.com\/wp-content\/uploads\/2024\/09\/resim_2024-09-05_224927365.png","type":"","width":"","height":""}],"twitter_card":"summary_large_image","twitter_misc":{"Szacowany czas czytania":"3 minuty"},"schema":{"@context":"https:\/\/schema.org","@graph":[{"@type":"WebPage","@id":"https:\/\/emtancons.com\/emtan-1-housing-estate\/","url":"https:\/\/emtancons.com\/emtan-1-housing-estate\/","name":"Emtan 1 Urbanizaci\u00f3n - Emtan \u0130n\u015faat","isPartOf":{"@id":"https:\/\/emtancons.com\/#website"},"primaryImageOfPage":{"@id":"https:\/\/emtancons.com\/emtan-1-housing-estate\/#primaryimage"},"image":{"@id":"https:\/\/emtancons.com\/emtan-1-housing-estate\/#primaryimage"},"thumbnailUrl":"https:\/\/emtancons.com\/wp-content\/uploads\/2024\/09\/resim_2024-09-05_224927365.png","datePublished":"2024-09-05T19:52:47+00:00","dateModified":"2026-02-27T11:27:34+00:00","breadcrumb":{"@id":"https:\/\/emtancons.com\/emtan-1-housing-estate\/#breadcrumb"},"inLanguage":"pl-PL","potentialAction":[{"@type":"ReadAction","target":["https:\/\/emtancons.com\/emtan-1-housing-estate\/"]}]},{"@type":"ImageObject","inLanguage":"pl-PL","@id":"https:\/\/emtancons.com\/emtan-1-housing-estate\/#primaryimage","url":"https:\/\/emtancons.com\/wp-content\/uploads\/2024\/09\/resim_2024-09-05_224927365.png","contentUrl":"https:\/\/emtancons.com\/wp-content\/uploads\/2024\/09\/resim_2024-09-05_224927365.png"},{"@type":"BreadcrumbList","@id":"https:\/\/emtancons.com\/emtan-1-housing-estate\/#breadcrumb","itemListElement":[{"@type":"ListItem","position":1,"name":"Anasayfa","item":"https:\/\/emtancons.com\/"},{"@type":"ListItem","position":2,"name":"Emtan 1 Urbanizaci\u00f3n"}]},{"@type":"WebSite","@id":"https:\/\/emtancons.com\/#website","url":"https:\/\/emtancons.com\/","name":"Emtan \u0130n\u015faat","description":"","potentialAction":[{"@type":"SearchAction","target":{"@type":"EntryPoint","urlTemplate":"https:\/\/emtancons.com\/?s={search_term_string}"},"query-input":{"@type":"PropertyValueSpecification","valueRequired":true,"valueName":"search_term_string"}}],"inLanguage":"pl-PL"}]}},"_links":{"self":[{"href":"https:\/\/emtancons.com\/pl\/wp-json\/wp\/v2\/pages\/11044","targetHints":{"allow":["GET"]}}],"collection":[{"href":"https:\/\/emtancons.com\/pl\/wp-json\/wp\/v2\/pages"}],"about":[{"href":"https:\/\/emtancons.com\/pl\/wp-json\/wp\/v2\/types\/page"}],"author":[{"embeddable":true,"href":"https:\/\/emtancons.com\/pl\/wp-json\/wp\/v2\/users\/1"}],"replies":[{"embeddable":true,"href":"https:\/\/emtancons.com\/pl\/wp-json\/wp\/v2\/comments?post=11044"}],"version-history":[{"count":4,"href":"https:\/\/emtancons.com\/pl\/wp-json\/wp\/v2\/pages\/11044\/revisions"}],"predecessor-version":[{"id":11051,"href":"https:\/\/emtancons.com\/pl\/wp-json\/wp\/v2\/pages\/11044\/revisions\/11051"}],"wp:attachment":[{"href":"https:\/\/emtancons.com\/pl\/wp-json\/wp\/v2\/media?parent=11044"}],"curies":[{"name":"wp","href":"https:\/\/api.w.org\/{rel}","templated":true}]}}