{"id":11024,"date":"2025-06-25T09:18:11","date_gmt":"2025-06-25T06:18:11","guid":{"rendered":"https:\/\/emtancons.com\/cookie-policy\/"},"modified":"2026-02-27T11:12:59","modified_gmt":"2026-02-27T08:12:59","slug":"cookie-policy","status":"publish","type":"page","link":"https:\/\/emtancons.com\/pl\/cookie-policy\/","title":{"rendered":"Polityka dotycz\u0105ca plik\u00f3w cookie"},"content":{"rendered":"\t\t<div data-elementor-type=\"wp-page\" data-elementor-id=\"11024\" class=\"elementor elementor-11024 elementor-7144\" data-elementor-post-type=\"page\">\n\t\t\t\t\t\t<section class=\"elementor-section elementor-top-section elementor-element elementor-element-e77b602 elementor-section-boxed elementor-section-height-default elementor-section-height-default\" data-id=\"e77b602\" data-element_type=\"section\" data-e-type=\"section\">\n\t\t\t\t\t\t<div class=\"elementor-container elementor-column-gap-default\">\n\t\t\t\t\t<div class=\"elementor-column elementor-col-100 elementor-top-column elementor-element elementor-element-80a0c09\" data-id=\"80a0c09\" data-element_type=\"column\" data-e-type=\"column\">\n\t\t\t<div class=\"elementor-widget-wrap\">\n\t\t\t\t\t\t\t<\/div>\n\t\t<\/div>\n\t\t\t\t\t<\/div>\n\t\t<\/section>\n\t\t\t\t<section class=\"elementor-section elementor-top-section elementor-element elementor-element-71b4147 elementor-section-boxed elementor-section-height-default elementor-section-height-default\" data-id=\"71b4147\" data-element_type=\"section\" data-e-type=\"section\" data-settings=\"{&quot;background_background&quot;:&quot;classic&quot;}\">\n\t\t\t\t\t\t\t<div class=\"elementor-background-overlay\"><\/div>\n\t\t\t\t\t\t\t<div class=\"elementor-container elementor-column-gap-default\">\n\t\t\t\t\t<div class=\"elementor-column elementor-col-100 elementor-top-column elementor-element elementor-element-f0a87a9\" data-id=\"f0a87a9\" data-element_type=\"column\" data-e-type=\"column\">\n\t\t\t<div class=\"elementor-widget-wrap elementor-element-populated\">\n\t\t\t\t\t\t\t<\/div>\n\t\t<\/div>\n\t\t\t\t\t<\/div>\n\t\t<\/section>\n\t\t\t\t<section class=\"elementor-section elementor-top-section elementor-element elementor-element-0955824 elementor-section-boxed elementor-section-height-default elementor-section-height-default\" data-id=\"0955824\" data-element_type=\"section\" data-e-type=\"section\">\n\t\t\t\t\t\t<div class=\"elementor-container elementor-column-gap-default\">\n\t\t\t\t\t<div class=\"elementor-column elementor-col-100 elementor-top-column elementor-element elementor-element-79f3169\" data-id=\"79f3169\" data-element_type=\"column\" data-e-type=\"column\">\n\t\t\t<div class=\"elementor-widget-wrap elementor-element-populated\">\n\t\t\t\t\t\t<div class=\"elementor-element elementor-element-006e84e elementor-widget elementor-widget-text-editor\" data-id=\"006e84e\" data-element_type=\"widget\" data-e-type=\"widget\" data-widget_type=\"text-editor.default\">\n\t\t\t\t<div class=\"elementor-widget-container\">\n\t\t\t\t\t\t\t\t\t<p>Niniejsza Polityka plik\u00f3w cookie wyja\u015bnia, w jaki spos\u00f3b firma <b>Emtan Construction Ltd.<\/b> (\u201eEmtan\u201d, \u201emy\u201d, \u201enasze\u201d lub \u201enas\u201d) wykorzystuje pliki cookie i podobne technologie na naszej stronie internetowej <a href=\"https:\/\/www.emtancons.com\/\">www.emtancons.com<\/a> (\u201eStrona\u201d), dlaczego je stosujemy i w jaki spos\u00f3b mo\u017cna kontrolowa\u0107 ich wykorzystanie.<\/p><h3>1. Czym s\u0105 pliki cookie?<\/h3><p>Pliki cookie to ma\u0142e pliki tekstowe umieszczane na urz\u0105dzeniu u\u017cytkownika (komputerze, tablecie lub telefonie kom\u00f3rkowym) podczas odwiedzania strony internetowej. Pomagaj\u0105 one stronie internetowej zapami\u0119ta\u0107 preferencje u\u017cytkownika, poprawiaj\u0105 komfort u\u017cytkowania i gromadz\u0105 statystyki dotycz\u0105ce u\u017cytkowania.<\/p><h3>2. Jakie rodzaje plik\u00f3w cookie stosujemy<\/h3><p>Na naszej stronie internetowej mo\u017cemy stosowa\u0107 nast\u0119puj\u0105ce rodzaje plik\u00f3w cookie:<\/p><ul><li><b>Pliki cookie niezb\u0119dne:<\/b> S\u0105 one niezb\u0119dne do podstawowego funkcjonowania strony internetowej, np. do przesy\u0142ania formularzy lub zarz\u0105dzania sesjami.<\/li><li><b>Pliki cookie zwi\u0105zane z funkcjonalno\u015bci\u0105:<\/b> zapami\u0119tuj\u0105 preferencje u\u017cytkownika (takie jak wyb\u00f3r j\u0119zyka) i poprawiaj\u0105 spersonalizowane wra\u017cenia u\u017cytkownika.<\/li><li><b>Pliki cookie zwi\u0105zane z wydajno\u015bci\u0105 i analiz\u0105:<\/b> pomagaj\u0105 nam zrozumie\u0107, w jaki spos\u00f3b u\u017cytkownicy korzystaj\u0105 ze strony internetowej, i poprawi\u0107 jej wydajno\u015b\u0107. Obejmuj\u0105 one takie wska\u017aniki, jak liczba wy\u015bwietle\u0144 stron i czas trwania wizyt.<\/li><li><b>Pliki cookie stron trzecich:<\/b> mo\u017cemy u\u017cywa\u0107 plik\u00f3w cookie dostarczanych przez us\u0142ugi stron trzecich, takie jak Google Analytics, do anonimowych statystyk dotycz\u0105cych u\u017cytkowania.<\/li><\/ul><h3>3. Jak zarz\u0105dza\u0107 plikami cookie<\/h3><p>Mo\u017cesz zarz\u0105dza\u0107 plikami cookie lub je wy\u0142\u0105czy\u0107 w ustawieniach przegl\u0105darki. Chocia\u017c wi\u0119kszo\u015b\u0107 przegl\u0105darek jest domy\u015blnie ustawiona na akceptowanie plik\u00f3w cookie, mo\u017cesz zmieni\u0107 to ustawienie w dowolnym momencie.<\/p><p>Pami\u0119taj, \u017ce wy\u0142\u0105czenie niekt\u00f3rych plik\u00f3w cookie mo\u017ce wp\u0142yn\u0105\u0107 na funkcjonalno\u015b\u0107 niekt\u00f3rych cz\u0119\u015bci strony internetowej.<\/p><p><strong>Zarz\u0105dzaj plikami cookie w przegl\u0105darce:<\/strong><\/p><ul><li>Google Chrome: https:\/\/support.google.com\/chrome\/answer\/95647<\/li><li>Mozilla Firefox: <a href=\"https:\/\/support.mozilla.org\/en-US\/kb\/delete-cookies-remove-info-websites-stored\">https:\/\/support.mozilla.org\/en-US\/kb\/delete-cookies-remove-info-websites-stored<\/a><\/li><li>Safari: <a href=\"https:\/\/support.apple.com\/en-us\/HT201265\">https:\/\/support.apple.com\/en-us\/HT201265<\/a><\/li><li>Microsoft Edge: <a href=\"https:\/\/support.microsoft.com\/en-us\/help\/17442\">https:\/\/support.microsoft.com\/en-us\/help\/17442<\/a><\/li><\/ul><h3>4. Zgoda na u\u017cywanie plik\u00f3w cookie<\/h3><p>Korzystaj\u0105c z naszej strony internetowej i akceptuj\u0105c baner dotycz\u0105cy plik\u00f3w cookie, wyra\u017casz zgod\u0119 na u\u017cywanie plik\u00f3w cookie zgodnie z niniejsz\u0105 polityk\u0105. Mo\u017cesz wycofa\u0107 swoj\u0105 zgod\u0119 w dowolnym momencie, dostosowuj\u0105c ustawienia przegl\u0105darki.<\/p><h3>5. Zmiany w niniejszej polityce dotycz\u0105cej plik\u00f3w cookie<\/h3><p>Od czasu do czasu mo\u017cemy aktualizowa\u0107 niniejsz\u0105 polityk\u0119 dotycz\u0105c\u0105 plik\u00f3w cookie. Wszelkie zmiany b\u0119d\u0105 publikowane na tej stronie wraz ze zmienion\u0105 dat\u0105 \u201eOstatniej aktualizacji\u201d. Zach\u0119camy do regularnego przegl\u0105dania tej strony, aby by\u0107 na bie\u017c\u0105co.<\/p><h3>\ud83d\udce9 Skontaktuj si\u0119 z nami<\/h3><p>Je\u015bli masz jakiekolwiek pytania dotycz\u0105ce niniejszej polityki plik\u00f3w cookie, skontaktuj si\u0119 z nami:<\/p><ul><li><b>E-mail:<\/b> emtan@emtancons.com<\/li><li><b>Telefon:<\/b> +90 548 852 94 27<\/li><\/ul>\t\t\t\t\t\t\t\t<\/div>\n\t\t\t\t<\/div>\n\t\t\t\t\t<\/div>\n\t\t<\/div>\n\t\t\t\t\t<\/div>\n\t\t<\/section>\n\t\t\t\t<section class=\"elementor-section elementor-top-section elementor-element elementor-element-a240bba elementor-section-boxed elementor-section-height-default elementor-section-height-default\" data-id=\"a240bba\" data-element_type=\"section\" data-e-type=\"section\">\n\t\t\t\t\t\t<div class=\"elementor-container elementor-column-gap-default\">\n\t\t\t\t\t<div class=\"elementor-column elementor-col-100 elementor-top-column elementor-element elementor-element-5603730\" data-id=\"5603730\" data-element_type=\"column\" data-e-type=\"column\">\n\t\t\t<div class=\"elementor-widget-wrap elementor-element-populated\">\n\t\t\t\t\t\t<div class=\"elementor-element elementor-element-ffcedc1 elementor-widget elementor-widget-spacer\" data-id=\"ffcedc1\" data-element_type=\"widget\" data-e-type=\"widget\" data-widget_type=\"spacer.default\">\n\t\t\t\t<div class=\"elementor-widget-container\">\n\t\t\t\t\t\t\t<div class=\"elementor-spacer\">\n\t\t\t<div class=\"elementor-spacer-inner\"><\/div>\n\t\t<\/div>\n\t\t\t\t\t\t<\/div>\n\t\t\t\t<\/div>\n\t\t\t\t\t<\/div>\n\t\t<\/div>\n\t\t\t\t\t<\/div>\n\t\t<\/section>\n\t\t\t\t<\/div>\n\t\t","protected":false},"excerpt":{"rendered":"<p>Niniejsza Polityka plik\u00f3w cookie wyja\u015bnia, w jaki spos\u00f3b firma Emtan Construction Ltd. (\u201eEmtan\u201d, \u201emy\u201d, \u201enasze\u201d lub \u201enas\u201d) wykorzystuje pliki cookie i podobne technologie na naszej stronie internetowej www.emtancons.com (\u201eStrona\u201d), dlaczego je stosujemy i w jaki spos\u00f3b mo\u017cna kontrolowa\u0107 ich wykorzystanie. 1. Czym s\u0105 pliki cookie? Pliki cookie to ma\u0142e pliki tekstowe umieszczane na urz\u0105dzeniu u\u017cytkownika [&hellip;]<\/p>\n","protected":false},"author":1,"featured_media":0,"parent":0,"menu_order":0,"comment_status":"closed","ping_status":"closed","template":"elementor_header_footer","meta":{"footnotes":""},"class_list":["post-11024","page","type-page","status-publish","hentry"],"yoast_head":"<!-- This site is optimized with the Yoast SEO plugin v27.4 - https:\/\/yoast.com\/product\/yoast-seo-wordpress\/ -->\n<title>Polityka dotycz\u0105ca plik\u00f3w cookie - Emtan \u0130n\u015faat<\/title>\n<meta name=\"robots\" content=\"index, follow, max-snippet:-1, max-image-preview:large, max-video-preview:-1\" \/>\n<link rel=\"canonical\" href=\"https:\/\/emtancons.com\/cerez-politikasi\/\" \/>\n<meta property=\"og:locale\" content=\"pl_PL\" \/>\n<meta property=\"og:type\" content=\"article\" \/>\n<meta property=\"og:title\" content=\"Polityka dotycz\u0105ca plik\u00f3w cookie - Emtan \u0130n\u015faat\" \/>\n<meta property=\"og:description\" content=\"Niniejsza Polityka plik\u00f3w cookie wyja\u015bnia, w jaki spos\u00f3b firma Emtan Construction Ltd. (\u201eEmtan\u201d, \u201emy\u201d, \u201enasze\u201d lub \u201enas\u201d) wykorzystuje pliki cookie i podobne technologie na naszej stronie internetowej www.emtancons.com (\u201eStrona\u201d), dlaczego je stosujemy i w jaki spos\u00f3b mo\u017cna kontrolowa\u0107 ich wykorzystanie. 1. Czym s\u0105 pliki cookie? Pliki cookie to ma\u0142e pliki tekstowe umieszczane na urz\u0105dzeniu u\u017cytkownika [&hellip;]\" \/>\n<meta property=\"og:url\" content=\"https:\/\/emtancons.com\/cerez-politikasi\/\" \/>\n<meta property=\"og:site_name\" content=\"Emtan \u0130n\u015faat\" \/>\n<meta property=\"article:modified_time\" content=\"2026-02-27T08:12:59+00:00\" \/>\n<meta name=\"twitter:card\" content=\"summary_large_image\" \/>\n<meta name=\"twitter:label1\" content=\"Szacowany czas czytania\" \/>\n\t<meta name=\"twitter:data1\" content=\"3 minuty\" \/>\n<script type=\"application\/ld+json\" class=\"yoast-schema-graph\">{\"@context\":\"https:\\\/\\\/schema.org\",\"@graph\":[{\"@type\":\"WebPage\",\"@id\":\"https:\\\/\\\/emtancons.com\\\/cerez-politikasi\\\/\",\"url\":\"https:\\\/\\\/emtancons.com\\\/cerez-politikasi\\\/\",\"name\":\"Polityka dotycz\u0105ca plik\u00f3w cookie - Emtan \u0130n\u015faat\",\"isPartOf\":{\"@id\":\"https:\\\/\\\/emtancons.com\\\/#website\"},\"datePublished\":\"2025-06-25T06:18:11+00:00\",\"dateModified\":\"2026-02-27T08:12:59+00:00\",\"breadcrumb\":{\"@id\":\"https:\\\/\\\/emtancons.com\\\/cerez-politikasi\\\/#breadcrumb\"},\"inLanguage\":\"pl-PL\",\"potentialAction\":[{\"@type\":\"ReadAction\",\"target\":[\"https:\\\/\\\/emtancons.com\\\/cerez-politikasi\\\/\"]}]},{\"@type\":\"BreadcrumbList\",\"@id\":\"https:\\\/\\\/emtancons.com\\\/cerez-politikasi\\\/#breadcrumb\",\"itemListElement\":[{\"@type\":\"ListItem\",\"position\":1,\"name\":\"Anasayfa\",\"item\":\"https:\\\/\\\/emtancons.com\\\/\"},{\"@type\":\"ListItem\",\"position\":2,\"name\":\"Polityka dotycz\u0105ca plik\u00f3w cookie\"}]},{\"@type\":\"WebSite\",\"@id\":\"https:\\\/\\\/emtancons.com\\\/#website\",\"url\":\"https:\\\/\\\/emtancons.com\\\/\",\"name\":\"Emtan \u0130n\u015faat\",\"description\":\"\",\"potentialAction\":[{\"@type\":\"SearchAction\",\"target\":{\"@type\":\"EntryPoint\",\"urlTemplate\":\"https:\\\/\\\/emtancons.com\\\/?s={search_term_string}\"},\"query-input\":{\"@type\":\"PropertyValueSpecification\",\"valueRequired\":true,\"valueName\":\"search_term_string\"}}],\"inLanguage\":\"pl-PL\"}]}<\/script>\n<!-- \/ Yoast SEO plugin. -->","yoast_head_json":{"title":"Polityka dotycz\u0105ca plik\u00f3w cookie - Emtan \u0130n\u015faat","robots":{"index":"index","follow":"follow","max-snippet":"max-snippet:-1","max-image-preview":"max-image-preview:large","max-video-preview":"max-video-preview:-1"},"canonical":"https:\/\/emtancons.com\/cerez-politikasi\/","og_locale":"pl_PL","og_type":"article","og_title":"Polityka dotycz\u0105ca plik\u00f3w cookie - Emtan \u0130n\u015faat","og_description":"Niniejsza Polityka plik\u00f3w cookie wyja\u015bnia, w jaki spos\u00f3b firma Emtan Construction Ltd. (\u201eEmtan\u201d, \u201emy\u201d, \u201enasze\u201d lub \u201enas\u201d) wykorzystuje pliki cookie i podobne technologie na naszej stronie internetowej www.emtancons.com (\u201eStrona\u201d), dlaczego je stosujemy i w jaki spos\u00f3b mo\u017cna kontrolowa\u0107 ich wykorzystanie. 1. Czym s\u0105 pliki cookie? Pliki cookie to ma\u0142e pliki tekstowe umieszczane na urz\u0105dzeniu u\u017cytkownika [&hellip;]","og_url":"https:\/\/emtancons.com\/cerez-politikasi\/","og_site_name":"Emtan \u0130n\u015faat","article_modified_time":"2026-02-27T08:12:59+00:00","twitter_card":"summary_large_image","twitter_misc":{"Szacowany czas czytania":"3 minuty"},"schema":{"@context":"https:\/\/schema.org","@graph":[{"@type":"WebPage","@id":"https:\/\/emtancons.com\/cerez-politikasi\/","url":"https:\/\/emtancons.com\/cerez-politikasi\/","name":"Polityka dotycz\u0105ca plik\u00f3w cookie - Emtan \u0130n\u015faat","isPartOf":{"@id":"https:\/\/emtancons.com\/#website"},"datePublished":"2025-06-25T06:18:11+00:00","dateModified":"2026-02-27T08:12:59+00:00","breadcrumb":{"@id":"https:\/\/emtancons.com\/cerez-politikasi\/#breadcrumb"},"inLanguage":"pl-PL","potentialAction":[{"@type":"ReadAction","target":["https:\/\/emtancons.com\/cerez-politikasi\/"]}]},{"@type":"BreadcrumbList","@id":"https:\/\/emtancons.com\/cerez-politikasi\/#breadcrumb","itemListElement":[{"@type":"ListItem","position":1,"name":"Anasayfa","item":"https:\/\/emtancons.com\/"},{"@type":"ListItem","position":2,"name":"Polityka dotycz\u0105ca plik\u00f3w cookie"}]},{"@type":"WebSite","@id":"https:\/\/emtancons.com\/#website","url":"https:\/\/emtancons.com\/","name":"Emtan \u0130n\u015faat","description":"","potentialAction":[{"@type":"SearchAction","target":{"@type":"EntryPoint","urlTemplate":"https:\/\/emtancons.com\/?s={search_term_string}"},"query-input":{"@type":"PropertyValueSpecification","valueRequired":true,"valueName":"search_term_string"}}],"inLanguage":"pl-PL"}]}},"_links":{"self":[{"href":"https:\/\/emtancons.com\/pl\/wp-json\/wp\/v2\/pages\/11024","targetHints":{"allow":["GET"]}}],"collection":[{"href":"https:\/\/emtancons.com\/pl\/wp-json\/wp\/v2\/pages"}],"about":[{"href":"https:\/\/emtancons.com\/pl\/wp-json\/wp\/v2\/types\/page"}],"author":[{"embeddable":true,"href":"https:\/\/emtancons.com\/pl\/wp-json\/wp\/v2\/users\/1"}],"replies":[{"embeddable":true,"href":"https:\/\/emtancons.com\/pl\/wp-json\/wp\/v2\/comments?post=11024"}],"version-history":[{"count":4,"href":"https:\/\/emtancons.com\/pl\/wp-json\/wp\/v2\/pages\/11024\/revisions"}],"predecessor-version":[{"id":11028,"href":"https:\/\/emtancons.com\/pl\/wp-json\/wp\/v2\/pages\/11024\/revisions\/11028"}],"wp:attachment":[{"href":"https:\/\/emtancons.com\/pl\/wp-json\/wp\/v2\/media?parent=11024"}],"curies":[{"name":"wp","href":"https:\/\/api.w.org\/{rel}","templated":true}]}}