{"id":5113,"date":"2024-09-05T01:43:39","date_gmt":"2024-09-04T22:43:39","guid":{"rendered":"https:\/\/emtancons.com\/satista-olan-projeler\/"},"modified":"2025-06-04T01:24:49","modified_gmt":"2025-06-03T22:24:49","slug":"projects-on-sale","status":"publish","type":"page","link":"https:\/\/emtancons.com\/en\/projects-on-sale\/","title":{"rendered":"Projects on Sale"},"content":{"rendered":"\t\t<div data-elementor-type=\"wp-page\" data-elementor-id=\"5113\" class=\"elementor elementor-5113 elementor-2155\" data-elementor-post-type=\"page\">\n\t\t\t\t\t\t<section class=\"elementor-section elementor-top-section elementor-element elementor-element-4b5a261 elementor-section-boxed elementor-section-height-default elementor-section-height-default\" data-id=\"4b5a261\" data-element_type=\"section\" data-e-type=\"section\" data-settings=\"{&quot;background_background&quot;:&quot;classic&quot;}\">\n\t\t\t\t\t\t\t<div class=\"elementor-background-overlay\"><\/div>\n\t\t\t\t\t\t\t<div class=\"elementor-container elementor-column-gap-default\">\n\t\t\t\t\t<div class=\"elementor-column elementor-col-100 elementor-top-column elementor-element elementor-element-03d8ec9\" data-id=\"03d8ec9\" data-element_type=\"column\" data-e-type=\"column\">\n\t\t\t<div class=\"elementor-widget-wrap elementor-element-populated\">\n\t\t\t\t\t\t\t<\/div>\n\t\t<\/div>\n\t\t\t\t\t<\/div>\n\t\t<\/section>\n\t\t\t\t<section class=\"elementor-section elementor-top-section elementor-element elementor-element-2c86345 elementor-section-boxed elementor-section-height-default elementor-section-height-default\" data-id=\"2c86345\" data-element_type=\"section\" data-e-type=\"section\">\n\t\t\t\t\t\t<div class=\"elementor-container elementor-column-gap-default\">\n\t\t\t\t\t<div class=\"elementor-column elementor-col-100 elementor-top-column elementor-element elementor-element-3e59a02\" data-id=\"3e59a02\" data-element_type=\"column\" data-e-type=\"column\">\n\t\t\t<div class=\"elementor-widget-wrap elementor-element-populated\">\n\t\t\t\t\t\t<section class=\"elementor-section elementor-inner-section elementor-element elementor-element-be5400b elementor-section-boxed elementor-section-height-default elementor-section-height-default\" data-id=\"be5400b\" data-element_type=\"section\" data-e-type=\"section\">\n\t\t\t\t\t\t<div class=\"elementor-container elementor-column-gap-no\">\n\t\t\t\t\t<div class=\"elementor-column elementor-col-50 elementor-inner-column elementor-element elementor-element-b91e753 elementor-invisible\" data-id=\"b91e753\" data-element_type=\"column\" data-e-type=\"column\" data-settings=\"{&quot;animation&quot;:&quot;fadeInUp&quot;}\">\n\t\t\t<div class=\"elementor-widget-wrap elementor-element-populated\">\n\t\t\t\t\t\t<div class=\"elementor-element elementor-element-1a2cd83 elementor-widget elementor-widget-elementskit-image-box\" data-id=\"1a2cd83\" data-element_type=\"widget\" data-e-type=\"widget\" data-widget_type=\"elementskit-image-box.default\">\n\t\t\t\t<div class=\"elementor-widget-container\">\n\t\t\t\t\t<div class=\"ekit-wid-con\" >\n            <div class=\"elementskit-info-image-box ekit-image-box text-center floating-style\" >\n\n                \n                <div class=\"elementskit-box-header image-box-img-center\">\n\n                    <img fetchpriority=\"high\" decoding=\"async\" width=\"1000\" height=\"563\" src=\"https:\/\/emtancons.com\/wp-content\/uploads\/2024\/09\/image-98.jpg\" class=\"attachment-full size-full wp-image-2151\" alt=\"\" srcset=\"https:\/\/emtancons.com\/wp-content\/uploads\/2024\/09\/image-98.jpg 1000w, https:\/\/emtancons.com\/wp-content\/uploads\/2024\/09\/image-98-300x169.jpg 300w, https:\/\/emtancons.com\/wp-content\/uploads\/2024\/09\/image-98-768x432.jpg 768w, https:\/\/emtancons.com\/wp-content\/uploads\/2024\/09\/image-98-350x197.jpg 350w, https:\/\/emtancons.com\/wp-content\/uploads\/2024\/09\/image-98-370x208.jpg 370w, https:\/\/emtancons.com\/wp-content\/uploads\/2024\/09\/image-98-255x144.jpg 255w, https:\/\/emtancons.com\/wp-content\/uploads\/2024\/09\/image-98-285x160.jpg 285w, https:\/\/emtancons.com\/wp-content\/uploads\/2024\/09\/image-98-600x338.jpg 600w, https:\/\/emtancons.com\/wp-content\/uploads\/2024\/09\/image-98-560x315.jpg 560w\" sizes=\"(max-width: 1000px) 100vw, 1000px\" \/>\n                <\/div>\n                \n                <div class=\"elementskit-box-body ekit-image-box-body\">\n                    <div class=\"elementskit-box-content ekit-image-box-body-inner\">\n                                                <h3 class=\"elementskit-info-box-title\">\n\n                        EMTAN SPECTRA\n                        \n                    <\/h3>\n                                                            <div class=\"elementskit-box-style-content\">\n                        <span style=\"color: orange\"><b>LAPTA, G\u0130RNE<\/b><\/span><br>\n\nClick to Get Detailed Information.                    <\/div>\n                                    <\/div>\n\n                                <div class=\"elementskit-box-footer\">\n                    <div class=\"box-footer\">\n                        <div class=\"btn-wraper\">\n                                                            <a href=\"https:\/\/emtancons.com\/en\/emtan-spectra\" class=\"elementskit-btn whitespace--normal\">\n                                    \n                                    \n                                    CHECK NOW                                <\/a>\n                                                        <\/div>\n                    <\/div>\n                <\/div>\n                            <\/div>\n            <\/div>\n    <\/div>\t\t\t\t<\/div>\n\t\t\t\t<\/div>\n\t\t\t\t\t<\/div>\n\t\t<\/div>\n\t\t\t\t<div class=\"elementor-column elementor-col-50 elementor-inner-column elementor-element elementor-element-9af0127 elementor-invisible\" data-id=\"9af0127\" data-element_type=\"column\" data-e-type=\"column\" data-settings=\"{&quot;animation&quot;:&quot;fadeInUp&quot;}\">\n\t\t\t<div class=\"elementor-widget-wrap elementor-element-populated\">\n\t\t\t\t\t\t<div class=\"elementor-element elementor-element-fcca48f elementor-widget elementor-widget-elementskit-image-box\" data-id=\"fcca48f\" data-element_type=\"widget\" data-e-type=\"widget\" data-widget_type=\"elementskit-image-box.default\">\n\t\t\t\t<div class=\"elementor-widget-container\">\n\t\t\t\t\t<div class=\"ekit-wid-con\" >\n            <div class=\"elementskit-info-image-box ekit-image-box text-center floating-style\" >\n\n                \n                <div class=\"elementskit-box-header image-box-img-center\">\n\n                    <img decoding=\"async\" width=\"1000\" height=\"563\" src=\"https:\/\/emtancons.com\/wp-content\/uploads\/2024\/09\/image-99.jpg\" class=\"attachment-full size-full wp-image-2150\" alt=\"\" srcset=\"https:\/\/emtancons.com\/wp-content\/uploads\/2024\/09\/image-99.jpg 1000w, https:\/\/emtancons.com\/wp-content\/uploads\/2024\/09\/image-99-300x169.jpg 300w, https:\/\/emtancons.com\/wp-content\/uploads\/2024\/09\/image-99-768x432.jpg 768w, https:\/\/emtancons.com\/wp-content\/uploads\/2024\/09\/image-99-350x197.jpg 350w, https:\/\/emtancons.com\/wp-content\/uploads\/2024\/09\/image-99-370x208.jpg 370w, https:\/\/emtancons.com\/wp-content\/uploads\/2024\/09\/image-99-255x144.jpg 255w, https:\/\/emtancons.com\/wp-content\/uploads\/2024\/09\/image-99-285x160.jpg 285w, https:\/\/emtancons.com\/wp-content\/uploads\/2024\/09\/image-99-600x338.jpg 600w, https:\/\/emtancons.com\/wp-content\/uploads\/2024\/09\/image-99-560x315.jpg 560w\" sizes=\"(max-width: 1000px) 100vw, 1000px\" \/>\n                <\/div>\n                \n                <div class=\"elementskit-box-body ekit-image-box-body\">\n                    <div class=\"elementskit-box-content ekit-image-box-body-inner\">\n                                                <h3 class=\"elementskit-info-box-title\">\n\n                        EMTAN REFLECTION\n                        \n                    <\/h3>\n                                                            <div class=\"elementskit-box-style-content\">\n                        <span style=\"color: orange\"><b>TATL\u0130SU, FAMAGUSTA<\/b><\/span><br>\n\nClick to Get Detailed Information.                    <\/div>\n                                    <\/div>\n\n                                <div class=\"elementskit-box-footer\">\n                    <div class=\"box-footer\">\n                        <div class=\"btn-wraper\">\n                                                            <a href=\"https:\/\/emtancons.com\/en\/emtan-reflection\" class=\"elementskit-btn whitespace--normal\">\n                                    \n                                    \n                                    CHECK NOW                                <\/a>\n                                                        <\/div>\n                    <\/div>\n                <\/div>\n                            <\/div>\n            <\/div>\n    <\/div>\t\t\t\t<\/div>\n\t\t\t\t<\/div>\n\t\t\t\t\t<\/div>\n\t\t<\/div>\n\t\t\t\t\t<\/div>\n\t\t<\/section>\n\t\t\t\t<section class=\"elementor-section elementor-inner-section elementor-element elementor-element-e2dd1c3 elementor-section-boxed elementor-section-height-default elementor-section-height-default\" data-id=\"e2dd1c3\" data-element_type=\"section\" data-e-type=\"section\">\n\t\t\t\t\t\t<div class=\"elementor-container elementor-column-gap-no\">\n\t\t\t\t\t<div class=\"elementor-column elementor-col-50 elementor-inner-column elementor-element elementor-element-375b83a elementor-invisible\" data-id=\"375b83a\" data-element_type=\"column\" data-e-type=\"column\" data-settings=\"{&quot;animation&quot;:&quot;fadeInUp&quot;}\">\n\t\t\t<div class=\"elementor-widget-wrap elementor-element-populated\">\n\t\t\t\t\t\t<div class=\"elementor-element elementor-element-441c972 elementor-widget elementor-widget-elementskit-image-box\" data-id=\"441c972\" data-element_type=\"widget\" data-e-type=\"widget\" data-widget_type=\"elementskit-image-box.default\">\n\t\t\t\t<div class=\"elementor-widget-container\">\n\t\t\t\t\t<div class=\"ekit-wid-con\" >\n            <div class=\"elementskit-info-image-box ekit-image-box text-center floating-style\" >\n\n                \n                <div class=\"elementskit-box-header image-box-img-center\">\n\n                    <img decoding=\"async\" width=\"1400\" height=\"787\" src=\"https:\/\/emtancons.com\/wp-content\/uploads\/2024\/09\/image-97.jpg\" class=\"attachment-full size-full wp-image-2113\" alt=\"\" srcset=\"https:\/\/emtancons.com\/wp-content\/uploads\/2024\/09\/image-97.jpg 1400w, https:\/\/emtancons.com\/wp-content\/uploads\/2024\/09\/image-97-300x169.jpg 300w, https:\/\/emtancons.com\/wp-content\/uploads\/2024\/09\/image-97-1024x576.jpg 1024w, https:\/\/emtancons.com\/wp-content\/uploads\/2024\/09\/image-97-768x432.jpg 768w, https:\/\/emtancons.com\/wp-content\/uploads\/2024\/09\/image-97-350x197.jpg 350w, https:\/\/emtancons.com\/wp-content\/uploads\/2024\/09\/image-97-370x208.jpg 370w, https:\/\/emtancons.com\/wp-content\/uploads\/2024\/09\/image-97-255x143.jpg 255w, https:\/\/emtancons.com\/wp-content\/uploads\/2024\/09\/image-97-285x160.jpg 285w, https:\/\/emtancons.com\/wp-content\/uploads\/2024\/09\/image-97-600x337.jpg 600w, https:\/\/emtancons.com\/wp-content\/uploads\/2024\/09\/image-97-560x315.jpg 560w\" sizes=\"(max-width: 1400px) 100vw, 1400px\" \/>\n                <\/div>\n                \n                <div class=\"elementskit-box-body ekit-image-box-body\">\n                    <div class=\"elementskit-box-content ekit-image-box-body-inner\">\n                                                <h3 class=\"elementskit-info-box-title\">\n\n                        EMTAN OLIVE HILL\n                        \n                    <\/h3>\n                                                            <div class=\"elementskit-box-style-content\">\n                        <span style=\"color: orange\"><b>ALSANCAK, G\u0130RNE<\/b><\/span><br>\n\nClick to Get Detailed Information.                    <\/div>\n                                    <\/div>\n\n                                <div class=\"elementskit-box-footer\">\n                    <div class=\"box-footer\">\n                        <div class=\"btn-wraper\">\n                                                            <a href=\"https:\/\/emtancons.com\/en\/emtan-olive-hill\/\" class=\"elementskit-btn whitespace--normal\">\n                                    \n                                    \n                                    CHECK NOW                                <\/a>\n                                                        <\/div>\n                    <\/div>\n                <\/div>\n                            <\/div>\n            <\/div>\n    <\/div>\t\t\t\t<\/div>\n\t\t\t\t<\/div>\n\t\t\t\t\t<\/div>\n\t\t<\/div>\n\t\t\t\t<div class=\"elementor-column elementor-col-50 elementor-inner-column elementor-element elementor-element-f2c21b0 elementor-invisible\" data-id=\"f2c21b0\" data-element_type=\"column\" data-e-type=\"column\" data-settings=\"{&quot;animation&quot;:&quot;fadeInUp&quot;}\">\n\t\t\t<div class=\"elementor-widget-wrap\">\n\t\t\t\t\t\t\t<\/div>\n\t\t<\/div>\n\t\t\t\t\t<\/div>\n\t\t<\/section>\n\t\t\t\t\t<\/div>\n\t\t<\/div>\n\t\t\t\t\t<\/div>\n\t\t<\/section>\n\t\t\t\t<\/div>\n\t\t","protected":false},"excerpt":{"rendered":"<p>EMTAN SPECTRA LAPTA, G\u0130RNE Click to Get Detailed Information. CHECK NOW EMTAN REFLECTION TATL\u0130SU, FAMAGUSTA Click to Get Detailed Information. CHECK NOW EMTAN OLIVE HILL ALSANCAK, G\u0130RNE Click to Get Detailed Information. CHECK NOW<\/p>\n","protected":false},"author":1,"featured_media":0,"parent":0,"menu_order":0,"comment_status":"closed","ping_status":"closed","template":"elementor_header_footer","meta":{"footnotes":""},"class_list":["post-5113","page","type-page","status-publish","hentry"],"yoast_head":"<!-- This site is optimized with the Yoast SEO plugin v27.1.1 - https:\/\/yoast.com\/product\/yoast-seo-wordpress\/ -->\n<title>Projects on Sale - Emtan Construction<\/title>\n<meta name=\"robots\" content=\"index, follow, max-snippet:-1, max-image-preview:large, max-video-preview:-1\" \/>\n<link rel=\"canonical\" href=\"https:\/\/emtancons.com\/en\/projects-on-sale\/\" \/>\n<meta property=\"og:locale\" content=\"en_US\" \/>\n<meta property=\"og:type\" content=\"article\" \/>\n<meta property=\"og:title\" content=\"Projects on Sale - Emtan Construction\" \/>\n<meta property=\"og:description\" content=\"EMTAN SPECTRA LAPTA, G\u0130RNE Click to Get Detailed Information. CHECK NOW EMTAN REFLECTION TATL\u0130SU, FAMAGUSTA Click to Get Detailed Information. CHECK NOW EMTAN OLIVE HILL ALSANCAK, G\u0130RNE Click to Get Detailed Information. CHECK NOW\" \/>\n<meta property=\"og:url\" content=\"https:\/\/emtancons.com\/en\/projects-on-sale\/\" \/>\n<meta property=\"og:site_name\" content=\"Emtan Construction\" \/>\n<meta property=\"article:modified_time\" content=\"2025-06-03T22:24:49+00:00\" \/>\n<meta property=\"og:image\" content=\"https:\/\/emtancons.com\/wp-content\/uploads\/2024\/09\/image-98.jpg\" \/>\n<meta name=\"twitter:card\" content=\"summary_large_image\" \/>\n<script type=\"application\/ld+json\" class=\"yoast-schema-graph\">{\"@context\":\"https:\/\/schema.org\",\"@graph\":[{\"@type\":\"WebPage\",\"@id\":\"https:\/\/emtancons.com\/en\/projects-on-sale\/\",\"url\":\"https:\/\/emtancons.com\/en\/projects-on-sale\/\",\"name\":\"Projects on Sale - Emtan Construction\",\"isPartOf\":{\"@id\":\"https:\/\/emtancons.com\/#website\"},\"primaryImageOfPage\":{\"@id\":\"https:\/\/emtancons.com\/en\/projects-on-sale\/#primaryimage\"},\"image\":{\"@id\":\"https:\/\/emtancons.com\/en\/projects-on-sale\/#primaryimage\"},\"thumbnailUrl\":\"https:\/\/emtancons.com\/wp-content\/uploads\/2024\/09\/image-98.jpg\",\"datePublished\":\"2024-09-04T22:43:39+00:00\",\"dateModified\":\"2025-06-03T22:24:49+00:00\",\"breadcrumb\":{\"@id\":\"https:\/\/emtancons.com\/en\/projects-on-sale\/#breadcrumb\"},\"inLanguage\":\"en-US\",\"potentialAction\":[{\"@type\":\"ReadAction\",\"target\":[\"https:\/\/emtancons.com\/en\/projects-on-sale\/\"]}]},{\"@type\":\"ImageObject\",\"inLanguage\":\"en-US\",\"@id\":\"https:\/\/emtancons.com\/en\/projects-on-sale\/#primaryimage\",\"url\":\"https:\/\/emtancons.com\/wp-content\/uploads\/2024\/09\/image-98.jpg\",\"contentUrl\":\"https:\/\/emtancons.com\/wp-content\/uploads\/2024\/09\/image-98.jpg\"},{\"@type\":\"BreadcrumbList\",\"@id\":\"https:\/\/emtancons.com\/en\/projects-on-sale\/#breadcrumb\",\"itemListElement\":[{\"@type\":\"ListItem\",\"position\":1,\"name\":\"Anasayfa\",\"item\":\"https:\/\/emtancons.com\/\"},{\"@type\":\"ListItem\",\"position\":2,\"name\":\"Projects on Sale\"}]},{\"@type\":\"WebSite\",\"@id\":\"https:\/\/emtancons.com\/#website\",\"url\":\"https:\/\/emtancons.com\/\",\"name\":\"Emtan Construction\",\"description\":\"\",\"potentialAction\":[{\"@type\":\"SearchAction\",\"target\":{\"@type\":\"EntryPoint\",\"urlTemplate\":\"https:\/\/emtancons.com\/?s={search_term_string}\"},\"query-input\":{\"@type\":\"PropertyValueSpecification\",\"valueRequired\":true,\"valueName\":\"search_term_string\"}}],\"inLanguage\":\"en-US\"}]}<\/script>\n<!-- \/ Yoast SEO plugin. -->","yoast_head_json":{"title":"Projects on Sale - Emtan Construction","robots":{"index":"index","follow":"follow","max-snippet":"max-snippet:-1","max-image-preview":"max-image-preview:large","max-video-preview":"max-video-preview:-1"},"canonical":"https:\/\/emtancons.com\/en\/projects-on-sale\/","og_locale":"en_US","og_type":"article","og_title":"Projects on Sale - Emtan Construction","og_description":"EMTAN SPECTRA LAPTA, G\u0130RNE Click to Get Detailed Information. CHECK NOW EMTAN REFLECTION TATL\u0130SU, FAMAGUSTA Click to Get Detailed Information. CHECK NOW EMTAN OLIVE HILL ALSANCAK, G\u0130RNE Click to Get Detailed Information. CHECK NOW","og_url":"https:\/\/emtancons.com\/en\/projects-on-sale\/","og_site_name":"Emtan Construction","article_modified_time":"2025-06-03T22:24:49+00:00","og_image":[{"url":"https:\/\/emtancons.com\/wp-content\/uploads\/2024\/09\/image-98.jpg","type":"","width":"","height":""}],"twitter_card":"summary_large_image","schema":{"@context":"https:\/\/schema.org","@graph":[{"@type":"WebPage","@id":"https:\/\/emtancons.com\/en\/projects-on-sale\/","url":"https:\/\/emtancons.com\/en\/projects-on-sale\/","name":"Projects on Sale - Emtan Construction","isPartOf":{"@id":"https:\/\/emtancons.com\/#website"},"primaryImageOfPage":{"@id":"https:\/\/emtancons.com\/en\/projects-on-sale\/#primaryimage"},"image":{"@id":"https:\/\/emtancons.com\/en\/projects-on-sale\/#primaryimage"},"thumbnailUrl":"https:\/\/emtancons.com\/wp-content\/uploads\/2024\/09\/image-98.jpg","datePublished":"2024-09-04T22:43:39+00:00","dateModified":"2025-06-03T22:24:49+00:00","breadcrumb":{"@id":"https:\/\/emtancons.com\/en\/projects-on-sale\/#breadcrumb"},"inLanguage":"en-US","potentialAction":[{"@type":"ReadAction","target":["https:\/\/emtancons.com\/en\/projects-on-sale\/"]}]},{"@type":"ImageObject","inLanguage":"en-US","@id":"https:\/\/emtancons.com\/en\/projects-on-sale\/#primaryimage","url":"https:\/\/emtancons.com\/wp-content\/uploads\/2024\/09\/image-98.jpg","contentUrl":"https:\/\/emtancons.com\/wp-content\/uploads\/2024\/09\/image-98.jpg"},{"@type":"BreadcrumbList","@id":"https:\/\/emtancons.com\/en\/projects-on-sale\/#breadcrumb","itemListElement":[{"@type":"ListItem","position":1,"name":"Anasayfa","item":"https:\/\/emtancons.com\/"},{"@type":"ListItem","position":2,"name":"Projects on Sale"}]},{"@type":"WebSite","@id":"https:\/\/emtancons.com\/#website","url":"https:\/\/emtancons.com\/","name":"Emtan Construction","description":"","potentialAction":[{"@type":"SearchAction","target":{"@type":"EntryPoint","urlTemplate":"https:\/\/emtancons.com\/?s={search_term_string}"},"query-input":{"@type":"PropertyValueSpecification","valueRequired":true,"valueName":"search_term_string"}}],"inLanguage":"en-US"}]}},"_links":{"self":[{"href":"https:\/\/emtancons.com\/en\/wp-json\/wp\/v2\/pages\/5113","targetHints":{"allow":["GET"]}}],"collection":[{"href":"https:\/\/emtancons.com\/en\/wp-json\/wp\/v2\/pages"}],"about":[{"href":"https:\/\/emtancons.com\/en\/wp-json\/wp\/v2\/types\/page"}],"author":[{"embeddable":true,"href":"https:\/\/emtancons.com\/en\/wp-json\/wp\/v2\/users\/1"}],"replies":[{"embeddable":true,"href":"https:\/\/emtancons.com\/en\/wp-json\/wp\/v2\/comments?post=5113"}],"version-history":[{"count":6,"href":"https:\/\/emtancons.com\/en\/wp-json\/wp\/v2\/pages\/5113\/revisions"}],"predecessor-version":[{"id":6257,"href":"https:\/\/emtancons.com\/en\/wp-json\/wp\/v2\/pages\/5113\/revisions\/6257"}],"wp:attachment":[{"href":"https:\/\/emtancons.com\/en\/wp-json\/wp\/v2\/media?parent=5113"}],"curies":[{"name":"wp","href":"https:\/\/api.w.org\/{rel}","templated":true}]}}