{"id":5080,"date":"2024-09-05T23:04:23","date_gmt":"2024-09-05T20:04:23","guid":{"rendered":"https:\/\/emtancons.com\/emtan-5-greenview-housing-estate\/"},"modified":"2025-06-03T22:50:46","modified_gmt":"2025-06-03T19:50:46","slug":"emtan-5-greenview-housing-estate","status":"publish","type":"page","link":"https:\/\/emtancons.com\/en\/emtan-5-greenview-housing-estate\/","title":{"rendered":"Emtan 5 Greenview Housing Estate"},"content":{"rendered":"\t\t<div data-elementor-type=\"wp-page\" data-elementor-id=\"5080\" class=\"elementor elementor-5080 elementor-2313\" data-elementor-post-type=\"page\">\n\t\t\t\t\t\t<section class=\"elementor-section elementor-top-section elementor-element elementor-element-22458995 elementor-section-content-middle elementor-section-boxed elementor-section-height-default elementor-section-height-default\" data-id=\"22458995\" data-element_type=\"section\" data-e-type=\"section\" data-settings=\"{&quot;background_background&quot;:&quot;classic&quot;}\">\n\t\t\t\t\t\t\t<div class=\"elementor-background-overlay\"><\/div>\n\t\t\t\t\t\t\t<div class=\"elementor-container elementor-column-gap-default\">\n\t\t\t\t\t<div class=\"elementor-column elementor-col-50 elementor-top-column elementor-element elementor-element-59707c5a\" data-id=\"59707c5a\" data-element_type=\"column\" data-e-type=\"column\">\n\t\t\t<div class=\"elementor-widget-wrap elementor-element-populated\">\n\t\t\t\t\t\t<div class=\"elementor-element elementor-element-4ad6789c elementor-widget elementor-widget-heading\" data-id=\"4ad6789c\" data-element_type=\"widget\" data-e-type=\"widget\" data-widget_type=\"heading.default\">\n\t\t\t\t<div class=\"elementor-widget-container\">\n\t\t\t\t\t<h2 class=\"elementor-heading-title elementor-size-default\">Project Details<\/h2>\t\t\t\t<\/div>\n\t\t\t\t<\/div>\n\t\t\t\t<div class=\"elementor-element elementor-element-52fd28a elementor-invisible elementor-widget elementor-widget-heading\" data-id=\"52fd28a\" data-element_type=\"widget\" data-e-type=\"widget\" data-settings=\"{&quot;_animation&quot;:&quot;fadeInUp&quot;}\" data-widget_type=\"heading.default\">\n\t\t\t\t<div class=\"elementor-widget-container\">\n\t\t\t\t\t<h2 class=\"elementor-heading-title elementor-size-default\">Emtan 5 Greenview Housing Estate\n<\/h2>\t\t\t\t<\/div>\n\t\t\t\t<\/div>\n\t\t\t\t<div class=\"elementor-element elementor-element-3f07842c elementor-icon-list--layout-inline elementor-list-item-link-full_width elementor-widget elementor-widget-icon-list\" data-id=\"3f07842c\" data-element_type=\"widget\" data-e-type=\"widget\" data-widget_type=\"icon-list.default\">\n\t\t\t\t<div class=\"elementor-widget-container\">\n\t\t\t\t\t\t\t<ul class=\"elementor-icon-list-items elementor-inline-items\">\n\t\t\t\t\t\t\t<li class=\"elementor-icon-list-item elementor-inline-item\">\n\t\t\t\t\t\t\t\t\t\t\t<a href=\"#\">\n\n\t\t\t\t\t\t\t\t\t\t\t\t<span class=\"elementor-icon-list-icon\">\n\t\t\t\t\t\t\t<i aria-hidden=\"true\" class=\"fas fa-arrow-right\"><\/i>\t\t\t\t\t\t<\/span>\n\t\t\t\t\t\t\t\t\t\t<span class=\"elementor-icon-list-text\">\u00c7ATALK\u00d6Y, G\u0130RNE<\/span>\n\t\t\t\t\t\t\t\t\t\t\t<\/a>\n\t\t\t\t\t\t\t\t\t<\/li>\n\t\t\t\t\t\t<\/ul>\n\t\t\t\t\t\t<\/div>\n\t\t\t\t<\/div>\n\t\t\t\t\t<\/div>\n\t\t<\/div>\n\t\t\t\t<div class=\"elementor-column elementor-col-50 elementor-top-column elementor-element elementor-element-598b866c\" data-id=\"598b866c\" data-element_type=\"column\" data-e-type=\"column\">\n\t\t\t<div class=\"elementor-widget-wrap\">\n\t\t\t\t\t\t\t<\/div>\n\t\t<\/div>\n\t\t\t\t\t<\/div>\n\t\t<\/section>\n\t\t\t\t<section class=\"elementor-section elementor-top-section elementor-element elementor-element-4d8e181a elementor-section-boxed elementor-section-height-default elementor-section-height-default\" data-id=\"4d8e181a\" data-element_type=\"section\" data-e-type=\"section\">\n\t\t\t\t\t\t\t<div class=\"elementor-background-overlay\"><\/div>\n\t\t\t\t\t\t\t<div class=\"elementor-container elementor-column-gap-default\">\n\t\t\t\t\t<div class=\"elementor-column elementor-col-50 elementor-top-column elementor-element elementor-element-3f28b849 elementor-invisible\" data-id=\"3f28b849\" data-element_type=\"column\" data-e-type=\"column\" data-settings=\"{&quot;background_background&quot;:&quot;classic&quot;,&quot;animation&quot;:&quot;slideInUp&quot;}\">\n\t\t\t<div class=\"elementor-widget-wrap elementor-element-populated\">\n\t\t\t\t\t\t<div class=\"elementor-element elementor-element-42fd02c8 elementor-widget elementor-widget-text-editor\" data-id=\"42fd02c8\" data-element_type=\"widget\" data-e-type=\"widget\" data-widget_type=\"text-editor.default\">\n\t\t\t\t<div class=\"elementor-widget-container\">\n\t\t\t\t\t\t\t\t\t<p>Greenview Residential Complex in \u00c7atalk\u00f6y is located in a quiet area famous for its natural beauty. Consisting of a total of 11 luxury villas, this exclusive complex stands out with its modern architecture and quality construction. Each villa aims to offer a perfect life with its spacious living areas, comfortable interior design and aesthetic details.<\/p><p>\u00a0<\/p><p>Greenview offers the opportunity to be in touch with nature, while at the same time being close to the central points of \u00c7atalk\u00f6y and all the services needed. The villas within the complex offer residents a peaceful and secure living space with large gardens, private parking areas and high security features. In addition, each villa is designed to receive direct sunlight and has large windows to maximize natural lighting.<\/p><p>\u00a0<\/p><p>Greenview Housing Estate is designed especially for families and nature lovers and meets all the requirements of modern life. The project has been built in accordance with contemporary living standards and is equipped with both quality construction materials and meticulous workmanship. Each of the villas also stands out with its energy-efficient structure, offering an environmentally friendly life.<\/p><p>\u00a0<\/p><p>The living spaces in this project are enriched with details such as open-plan kitchens, spacious living rooms, en-suite bathrooms and modernly equipped rooms. At the same time, large terrace and balcony areas create an environment where you can enjoy the outdoors. In this project, which integrates with the unique nature of \u00c7atalk\u00f6y, residents will experience both a comfortable and aesthetic living experience.<\/p>\t\t\t\t\t\t\t\t<\/div>\n\t\t\t\t<\/div>\n\t\t\t\t\t<\/div>\n\t\t<\/div>\n\t\t\t\t<div class=\"elementor-column elementor-col-50 elementor-top-column elementor-element elementor-element-4975ef47\" data-id=\"4975ef47\" data-element_type=\"column\" data-e-type=\"column\">\n\t\t\t<div class=\"elementor-widget-wrap\">\n\t\t\t\t\t\t\t<\/div>\n\t\t<\/div>\n\t\t\t\t\t<\/div>\n\t\t<\/section>\n\t\t\t\t<section class=\"elementor-section elementor-top-section elementor-element elementor-element-2fe986dc elementor-section-full_width elementor-section-height-default elementor-section-height-default\" data-id=\"2fe986dc\" data-element_type=\"section\" data-e-type=\"section\">\n\t\t\t\t\t\t<div class=\"elementor-container elementor-column-gap-default\">\n\t\t\t\t\t<div class=\"elementor-column elementor-col-100 elementor-top-column elementor-element elementor-element-408f0ff8\" data-id=\"408f0ff8\" data-element_type=\"column\" data-e-type=\"column\">\n\t\t\t<div class=\"elementor-widget-wrap elementor-element-populated\">\n\t\t\t\t\t\t<div class=\"elementor-element elementor-element-2401d2c2 gallery-spacing-custom elementor-widget elementor-widget-image-gallery\" data-id=\"2401d2c2\" data-element_type=\"widget\" data-e-type=\"widget\" data-widget_type=\"image-gallery.default\">\n\t\t\t\t<div class=\"elementor-widget-container\">\n\t\t\t\t\t\t\t<div class=\"elementor-image-gallery\">\n\t\t\t<div id='gallery-1' class='gallery galleryid-5080 gallery-columns-3 gallery-size-full'><figure class='gallery-item'>\n\t\t\t<div class='gallery-icon landscape'>\n\t\t\t\t<a data-elementor-open-lightbox=\"yes\" data-elementor-lightbox-slideshow=\"2401d2c2\" data-elementor-lightbox-title=\"resim_2024-09-05_230034471\" data-e-action-hash=\"#elementor-action%3Aaction%3Dlightbox%26settings%3DeyJpZCI6NDUwOCwidXJsIjoiaHR0cHM6XC9cL2VtdGFuY29ucy5jb21cL3dwLWNvbnRlbnRcL3VwbG9hZHNcLzIwMjRcLzA5XC9yZXNpbV8yMDI0LTA5LTA1XzIzMDAzNDQ3MS5wbmciLCJzbGlkZXNob3ciOiIyNDAxZDJjMiJ9\" href='https:\/\/emtancons.com\/wp-content\/uploads\/2024\/09\/resim_2024-09-05_230034471.png'><img fetchpriority=\"high\" decoding=\"async\" width=\"1000\" height=\"666\" src=\"https:\/\/emtancons.com\/wp-content\/uploads\/2024\/09\/resim_2024-09-05_230034471.png\" class=\"attachment-full size-full\" alt=\"\" srcset=\"https:\/\/emtancons.com\/wp-content\/uploads\/2024\/09\/resim_2024-09-05_230034471.png 1000w, https:\/\/emtancons.com\/wp-content\/uploads\/2024\/09\/resim_2024-09-05_230034471-300x200.png 300w, https:\/\/emtancons.com\/wp-content\/uploads\/2024\/09\/resim_2024-09-05_230034471-768x511.png 768w, https:\/\/emtancons.com\/wp-content\/uploads\/2024\/09\/resim_2024-09-05_230034471-350x233.png 350w, https:\/\/emtancons.com\/wp-content\/uploads\/2024\/09\/resim_2024-09-05_230034471-370x246.png 370w, https:\/\/emtancons.com\/wp-content\/uploads\/2024\/09\/resim_2024-09-05_230034471-255x170.png 255w, https:\/\/emtancons.com\/wp-content\/uploads\/2024\/09\/resim_2024-09-05_230034471-285x190.png 285w, https:\/\/emtancons.com\/wp-content\/uploads\/2024\/09\/resim_2024-09-05_230034471-600x400.png 600w, https:\/\/emtancons.com\/wp-content\/uploads\/2024\/09\/resim_2024-09-05_230034471-560x373.png 560w\" sizes=\"(max-width: 1000px) 100vw, 1000px\" \/><\/a>\n\t\t\t<\/div><\/figure><figure class='gallery-item'>\n\t\t\t<div class='gallery-icon landscape'>\n\t\t\t\t<a data-elementor-open-lightbox=\"yes\" data-elementor-lightbox-slideshow=\"2401d2c2\" data-elementor-lightbox-title=\"resim_2024-09-05_230029898\" data-e-action-hash=\"#elementor-action%3Aaction%3Dlightbox%26settings%3DeyJpZCI6NDUwNywidXJsIjoiaHR0cHM6XC9cL2VtdGFuY29ucy5jb21cL3dwLWNvbnRlbnRcL3VwbG9hZHNcLzIwMjRcLzA5XC9yZXNpbV8yMDI0LTA5LTA1XzIzMDAyOTg5OC5wbmciLCJzbGlkZXNob3ciOiIyNDAxZDJjMiJ9\" href='https:\/\/emtancons.com\/wp-content\/uploads\/2024\/09\/resim_2024-09-05_230029898.png'><img decoding=\"async\" width=\"1000\" height=\"668\" src=\"https:\/\/emtancons.com\/wp-content\/uploads\/2024\/09\/resim_2024-09-05_230029898.png\" class=\"attachment-full size-full\" alt=\"\" srcset=\"https:\/\/emtancons.com\/wp-content\/uploads\/2024\/09\/resim_2024-09-05_230029898.png 1000w, https:\/\/emtancons.com\/wp-content\/uploads\/2024\/09\/resim_2024-09-05_230029898-300x200.png 300w, https:\/\/emtancons.com\/wp-content\/uploads\/2024\/09\/resim_2024-09-05_230029898-768x513.png 768w, https:\/\/emtancons.com\/wp-content\/uploads\/2024\/09\/resim_2024-09-05_230029898-350x234.png 350w, https:\/\/emtancons.com\/wp-content\/uploads\/2024\/09\/resim_2024-09-05_230029898-370x247.png 370w, https:\/\/emtancons.com\/wp-content\/uploads\/2024\/09\/resim_2024-09-05_230029898-255x170.png 255w, https:\/\/emtancons.com\/wp-content\/uploads\/2024\/09\/resim_2024-09-05_230029898-285x190.png 285w, https:\/\/emtancons.com\/wp-content\/uploads\/2024\/09\/resim_2024-09-05_230029898-600x401.png 600w, https:\/\/emtancons.com\/wp-content\/uploads\/2024\/09\/resim_2024-09-05_230029898-560x374.png 560w\" sizes=\"(max-width: 1000px) 100vw, 1000px\" \/><\/a>\n\t\t\t<\/div><\/figure><figure class='gallery-item'>\n\t\t\t<div class='gallery-icon landscape'>\n\t\t\t\t<a data-elementor-open-lightbox=\"yes\" data-elementor-lightbox-slideshow=\"2401d2c2\" data-elementor-lightbox-title=\"resim_2024-09-05_230021356\" data-e-action-hash=\"#elementor-action%3Aaction%3Dlightbox%26settings%3DeyJpZCI6NDUwNiwidXJsIjoiaHR0cHM6XC9cL2VtdGFuY29ucy5jb21cL3dwLWNvbnRlbnRcL3VwbG9hZHNcLzIwMjRcLzA5XC9yZXNpbV8yMDI0LTA5LTA1XzIzMDAyMTM1Ni5wbmciLCJzbGlkZXNob3ciOiIyNDAxZDJjMiJ9\" href='https:\/\/emtancons.com\/wp-content\/uploads\/2024\/09\/resim_2024-09-05_230021356.png'><img decoding=\"async\" width=\"1000\" height=\"666\" src=\"https:\/\/emtancons.com\/wp-content\/uploads\/2024\/09\/resim_2024-09-05_230021356.png\" class=\"attachment-full size-full\" alt=\"\" srcset=\"https:\/\/emtancons.com\/wp-content\/uploads\/2024\/09\/resim_2024-09-05_230021356.png 1000w, https:\/\/emtancons.com\/wp-content\/uploads\/2024\/09\/resim_2024-09-05_230021356-300x200.png 300w, https:\/\/emtancons.com\/wp-content\/uploads\/2024\/09\/resim_2024-09-05_230021356-768x511.png 768w, https:\/\/emtancons.com\/wp-content\/uploads\/2024\/09\/resim_2024-09-05_230021356-350x233.png 350w, https:\/\/emtancons.com\/wp-content\/uploads\/2024\/09\/resim_2024-09-05_230021356-370x246.png 370w, https:\/\/emtancons.com\/wp-content\/uploads\/2024\/09\/resim_2024-09-05_230021356-255x170.png 255w, https:\/\/emtancons.com\/wp-content\/uploads\/2024\/09\/resim_2024-09-05_230021356-285x190.png 285w, https:\/\/emtancons.com\/wp-content\/uploads\/2024\/09\/resim_2024-09-05_230021356-600x400.png 600w, https:\/\/emtancons.com\/wp-content\/uploads\/2024\/09\/resim_2024-09-05_230021356-560x373.png 560w\" sizes=\"(max-width: 1000px) 100vw, 1000px\" \/><\/a>\n\t\t\t<\/div><\/figure>\n\t\t<\/div>\n\t\t<\/div>\n\t\t\t\t\t\t<\/div>\n\t\t\t\t<\/div>\n\t\t\t\t\t<\/div>\n\t\t<\/div>\n\t\t\t\t\t<\/div>\n\t\t<\/section>\n\t\t\t\t<\/div>\n\t\t","protected":false},"excerpt":{"rendered":"<p>Project Details Emtan 5 Greenview Housing Estate \u00c7ATALK\u00d6Y, G\u0130RNE Greenview Residential Complex in \u00c7atalk\u00f6y is located in a quiet area famous for its natural beauty. Consisting of a total of 11 luxury villas, this exclusive complex stands out with its modern architecture and quality construction. Each villa aims to offer a perfect life with its [&hellip;]<\/p>\n","protected":false},"author":1,"featured_media":0,"parent":0,"menu_order":0,"comment_status":"closed","ping_status":"closed","template":"elementor_header_footer","meta":{"footnotes":""},"class_list":["post-5080","page","type-page","status-publish","hentry"],"yoast_head":"<!-- This site is optimized with the Yoast SEO plugin v27.1.1 - https:\/\/yoast.com\/product\/yoast-seo-wordpress\/ -->\n<title>Emtan 5 Greenview Housing Estate - Emtan Construction<\/title>\n<meta name=\"robots\" content=\"index, follow, max-snippet:-1, max-image-preview:large, max-video-preview:-1\" \/>\n<link rel=\"canonical\" href=\"https:\/\/emtancons.com\/en\/emtan-5-greenview-housing-estate\/\" \/>\n<meta property=\"og:locale\" content=\"en_US\" \/>\n<meta property=\"og:type\" content=\"article\" \/>\n<meta property=\"og:title\" content=\"Emtan 5 Greenview Housing Estate - Emtan Construction\" \/>\n<meta property=\"og:description\" content=\"Project Details Emtan 5 Greenview Housing Estate \u00c7ATALK\u00d6Y, G\u0130RNE Greenview Residential Complex in \u00c7atalk\u00f6y is located in a quiet area famous for its natural beauty. Consisting of a total of 11 luxury villas, this exclusive complex stands out with its modern architecture and quality construction. Each villa aims to offer a perfect life with its [&hellip;]\" \/>\n<meta property=\"og:url\" content=\"https:\/\/emtancons.com\/en\/emtan-5-greenview-housing-estate\/\" \/>\n<meta property=\"og:site_name\" content=\"Emtan Construction\" \/>\n<meta property=\"article:modified_time\" content=\"2025-06-03T19:50:46+00:00\" \/>\n<meta property=\"og:image\" content=\"https:\/\/emtancons.com\/wp-content\/uploads\/2024\/09\/resim_2024-09-05_230034471.png\" \/>\n<meta name=\"twitter:card\" content=\"summary_large_image\" \/>\n<meta name=\"twitter:label1\" content=\"Est. reading time\" \/>\n\t<meta name=\"twitter:data1\" content=\"1 minute\" \/>\n<script type=\"application\/ld+json\" class=\"yoast-schema-graph\">{\"@context\":\"https:\/\/schema.org\",\"@graph\":[{\"@type\":\"WebPage\",\"@id\":\"https:\/\/emtancons.com\/en\/emtan-5-greenview-housing-estate\/\",\"url\":\"https:\/\/emtancons.com\/en\/emtan-5-greenview-housing-estate\/\",\"name\":\"Emtan 5 Greenview Housing Estate - Emtan Construction\",\"isPartOf\":{\"@id\":\"https:\/\/emtancons.com\/#website\"},\"primaryImageOfPage\":{\"@id\":\"https:\/\/emtancons.com\/en\/emtan-5-greenview-housing-estate\/#primaryimage\"},\"image\":{\"@id\":\"https:\/\/emtancons.com\/en\/emtan-5-greenview-housing-estate\/#primaryimage\"},\"thumbnailUrl\":\"https:\/\/emtancons.com\/wp-content\/uploads\/2024\/09\/resim_2024-09-05_230034471.png\",\"datePublished\":\"2024-09-05T20:04:23+00:00\",\"dateModified\":\"2025-06-03T19:50:46+00:00\",\"breadcrumb\":{\"@id\":\"https:\/\/emtancons.com\/en\/emtan-5-greenview-housing-estate\/#breadcrumb\"},\"inLanguage\":\"en-US\",\"potentialAction\":[{\"@type\":\"ReadAction\",\"target\":[\"https:\/\/emtancons.com\/en\/emtan-5-greenview-housing-estate\/\"]}]},{\"@type\":\"ImageObject\",\"inLanguage\":\"en-US\",\"@id\":\"https:\/\/emtancons.com\/en\/emtan-5-greenview-housing-estate\/#primaryimage\",\"url\":\"https:\/\/emtancons.com\/wp-content\/uploads\/2024\/09\/resim_2024-09-05_230034471.png\",\"contentUrl\":\"https:\/\/emtancons.com\/wp-content\/uploads\/2024\/09\/resim_2024-09-05_230034471.png\"},{\"@type\":\"BreadcrumbList\",\"@id\":\"https:\/\/emtancons.com\/en\/emtan-5-greenview-housing-estate\/#breadcrumb\",\"itemListElement\":[{\"@type\":\"ListItem\",\"position\":1,\"name\":\"Anasayfa\",\"item\":\"https:\/\/emtancons.com\/\"},{\"@type\":\"ListItem\",\"position\":2,\"name\":\"Emtan 5 Greenview Housing Estate\"}]},{\"@type\":\"WebSite\",\"@id\":\"https:\/\/emtancons.com\/#website\",\"url\":\"https:\/\/emtancons.com\/\",\"name\":\"Emtan Construction\",\"description\":\"\",\"potentialAction\":[{\"@type\":\"SearchAction\",\"target\":{\"@type\":\"EntryPoint\",\"urlTemplate\":\"https:\/\/emtancons.com\/?s={search_term_string}\"},\"query-input\":{\"@type\":\"PropertyValueSpecification\",\"valueRequired\":true,\"valueName\":\"search_term_string\"}}],\"inLanguage\":\"en-US\"}]}<\/script>\n<!-- \/ Yoast SEO plugin. -->","yoast_head_json":{"title":"Emtan 5 Greenview Housing Estate - Emtan Construction","robots":{"index":"index","follow":"follow","max-snippet":"max-snippet:-1","max-image-preview":"max-image-preview:large","max-video-preview":"max-video-preview:-1"},"canonical":"https:\/\/emtancons.com\/en\/emtan-5-greenview-housing-estate\/","og_locale":"en_US","og_type":"article","og_title":"Emtan 5 Greenview Housing Estate - Emtan Construction","og_description":"Project Details Emtan 5 Greenview Housing Estate \u00c7ATALK\u00d6Y, G\u0130RNE Greenview Residential Complex in \u00c7atalk\u00f6y is located in a quiet area famous for its natural beauty. Consisting of a total of 11 luxury villas, this exclusive complex stands out with its modern architecture and quality construction. Each villa aims to offer a perfect life with its [&hellip;]","og_url":"https:\/\/emtancons.com\/en\/emtan-5-greenview-housing-estate\/","og_site_name":"Emtan Construction","article_modified_time":"2025-06-03T19:50:46+00:00","og_image":[{"url":"https:\/\/emtancons.com\/wp-content\/uploads\/2024\/09\/resim_2024-09-05_230034471.png","type":"","width":"","height":""}],"twitter_card":"summary_large_image","twitter_misc":{"Est. reading time":"1 minute"},"schema":{"@context":"https:\/\/schema.org","@graph":[{"@type":"WebPage","@id":"https:\/\/emtancons.com\/en\/emtan-5-greenview-housing-estate\/","url":"https:\/\/emtancons.com\/en\/emtan-5-greenview-housing-estate\/","name":"Emtan 5 Greenview Housing Estate - Emtan Construction","isPartOf":{"@id":"https:\/\/emtancons.com\/#website"},"primaryImageOfPage":{"@id":"https:\/\/emtancons.com\/en\/emtan-5-greenview-housing-estate\/#primaryimage"},"image":{"@id":"https:\/\/emtancons.com\/en\/emtan-5-greenview-housing-estate\/#primaryimage"},"thumbnailUrl":"https:\/\/emtancons.com\/wp-content\/uploads\/2024\/09\/resim_2024-09-05_230034471.png","datePublished":"2024-09-05T20:04:23+00:00","dateModified":"2025-06-03T19:50:46+00:00","breadcrumb":{"@id":"https:\/\/emtancons.com\/en\/emtan-5-greenview-housing-estate\/#breadcrumb"},"inLanguage":"en-US","potentialAction":[{"@type":"ReadAction","target":["https:\/\/emtancons.com\/en\/emtan-5-greenview-housing-estate\/"]}]},{"@type":"ImageObject","inLanguage":"en-US","@id":"https:\/\/emtancons.com\/en\/emtan-5-greenview-housing-estate\/#primaryimage","url":"https:\/\/emtancons.com\/wp-content\/uploads\/2024\/09\/resim_2024-09-05_230034471.png","contentUrl":"https:\/\/emtancons.com\/wp-content\/uploads\/2024\/09\/resim_2024-09-05_230034471.png"},{"@type":"BreadcrumbList","@id":"https:\/\/emtancons.com\/en\/emtan-5-greenview-housing-estate\/#breadcrumb","itemListElement":[{"@type":"ListItem","position":1,"name":"Anasayfa","item":"https:\/\/emtancons.com\/"},{"@type":"ListItem","position":2,"name":"Emtan 5 Greenview Housing Estate"}]},{"@type":"WebSite","@id":"https:\/\/emtancons.com\/#website","url":"https:\/\/emtancons.com\/","name":"Emtan Construction","description":"","potentialAction":[{"@type":"SearchAction","target":{"@type":"EntryPoint","urlTemplate":"https:\/\/emtancons.com\/?s={search_term_string}"},"query-input":{"@type":"PropertyValueSpecification","valueRequired":true,"valueName":"search_term_string"}}],"inLanguage":"en-US"}]}},"_links":{"self":[{"href":"https:\/\/emtancons.com\/en\/wp-json\/wp\/v2\/pages\/5080","targetHints":{"allow":["GET"]}}],"collection":[{"href":"https:\/\/emtancons.com\/en\/wp-json\/wp\/v2\/pages"}],"about":[{"href":"https:\/\/emtancons.com\/en\/wp-json\/wp\/v2\/types\/page"}],"author":[{"embeddable":true,"href":"https:\/\/emtancons.com\/en\/wp-json\/wp\/v2\/users\/1"}],"replies":[{"embeddable":true,"href":"https:\/\/emtancons.com\/en\/wp-json\/wp\/v2\/comments?post=5080"}],"version-history":[{"count":5,"href":"https:\/\/emtancons.com\/en\/wp-json\/wp\/v2\/pages\/5080\/revisions"}],"predecessor-version":[{"id":5783,"href":"https:\/\/emtancons.com\/en\/wp-json\/wp\/v2\/pages\/5080\/revisions\/5783"}],"wp:attachment":[{"href":"https:\/\/emtancons.com\/en\/wp-json\/wp\/v2\/media?parent=5080"}],"curies":[{"name":"wp","href":"https:\/\/api.w.org\/{rel}","templated":true}]}}