{"id":5075,"date":"2024-09-05T22:46:48","date_gmt":"2024-09-05T19:46:48","guid":{"rendered":"https:\/\/emtancons.com\/emtan-10\/"},"modified":"2026-02-27T14:39:31","modified_gmt":"2026-02-27T11:39:31","slug":"emtan-10","status":"publish","type":"page","link":"https:\/\/emtancons.com\/en\/emtan-10\/","title":{"rendered":"Emtan 10"},"content":{"rendered":"\t\t<div data-elementor-type=\"wp-page\" data-elementor-id=\"5075\" class=\"elementor elementor-5075 elementor-2308\" data-elementor-post-type=\"page\">\n\t\t\t\t\t\t<section class=\"elementor-section elementor-top-section elementor-element elementor-element-49cbea32 elementor-section-content-middle elementor-section-boxed elementor-section-height-default elementor-section-height-default\" data-id=\"49cbea32\" data-element_type=\"section\" data-e-type=\"section\" data-settings=\"{&quot;background_background&quot;:&quot;classic&quot;}\">\n\t\t\t\t\t\t\t<div class=\"elementor-background-overlay\"><\/div>\n\t\t\t\t\t\t\t<div class=\"elementor-container elementor-column-gap-default\">\n\t\t\t\t\t<div class=\"elementor-column elementor-col-50 elementor-top-column elementor-element elementor-element-1c6772c7\" data-id=\"1c6772c7\" data-element_type=\"column\" data-e-type=\"column\">\n\t\t\t<div class=\"elementor-widget-wrap elementor-element-populated\">\n\t\t\t\t\t\t<div class=\"elementor-element elementor-element-30ed481 elementor-widget elementor-widget-heading\" data-id=\"30ed481\" data-element_type=\"widget\" data-e-type=\"widget\" data-widget_type=\"heading.default\">\n\t\t\t\t<div class=\"elementor-widget-container\">\n\t\t\t\t\t<h2 class=\"elementor-heading-title elementor-size-default\">Project Details\n<\/h2>\t\t\t\t<\/div>\n\t\t\t\t<\/div>\n\t\t\t\t<div class=\"elementor-element elementor-element-771d56be elementor-invisible elementor-widget elementor-widget-heading\" data-id=\"771d56be\" data-element_type=\"widget\" data-e-type=\"widget\" data-settings=\"{&quot;_animation&quot;:&quot;fadeInUp&quot;}\" data-widget_type=\"heading.default\">\n\t\t\t\t<div class=\"elementor-widget-container\">\n\t\t\t\t\t<h2 class=\"elementor-heading-title elementor-size-default\">Emtan 10\n<\/h2>\t\t\t\t<\/div>\n\t\t\t\t<\/div>\n\t\t\t\t<div class=\"elementor-element elementor-element-2f81a8ac elementor-icon-list--layout-inline elementor-list-item-link-full_width elementor-widget elementor-widget-icon-list\" data-id=\"2f81a8ac\" data-element_type=\"widget\" data-e-type=\"widget\" data-widget_type=\"icon-list.default\">\n\t\t\t\t<div class=\"elementor-widget-container\">\n\t\t\t\t\t\t\t<ul class=\"elementor-icon-list-items elementor-inline-items\">\n\t\t\t\t\t\t\t<li class=\"elementor-icon-list-item elementor-inline-item\">\n\t\t\t\t\t\t\t\t\t\t\t<a href=\"#\">\n\n\t\t\t\t\t\t\t\t\t\t\t\t<span class=\"elementor-icon-list-icon\">\n\t\t\t\t\t\t\t<i aria-hidden=\"true\" class=\"fas fa-arrow-right\"><\/i>\t\t\t\t\t\t<\/span>\n\t\t\t\t\t\t\t\t\t\t<span class=\"elementor-icon-list-text\">G\u0130RNE CENTER, G\u0130RNE<\/span>\n\t\t\t\t\t\t\t\t\t\t\t<\/a>\n\t\t\t\t\t\t\t\t\t<\/li>\n\t\t\t\t\t\t<\/ul>\n\t\t\t\t\t\t<\/div>\n\t\t\t\t<\/div>\n\t\t\t\t\t<\/div>\n\t\t<\/div>\n\t\t\t\t<div class=\"elementor-column elementor-col-50 elementor-top-column elementor-element elementor-element-2b718a5c\" data-id=\"2b718a5c\" data-element_type=\"column\" data-e-type=\"column\">\n\t\t\t<div class=\"elementor-widget-wrap\">\n\t\t\t\t\t\t\t<\/div>\n\t\t<\/div>\n\t\t\t\t\t<\/div>\n\t\t<\/section>\n\t\t\t\t<section class=\"elementor-section elementor-top-section elementor-element elementor-element-6c7790ea elementor-section-boxed elementor-section-height-default elementor-section-height-default\" data-id=\"6c7790ea\" data-element_type=\"section\" data-e-type=\"section\">\n\t\t\t\t\t\t\t<div class=\"elementor-background-overlay\"><\/div>\n\t\t\t\t\t\t\t<div class=\"elementor-container elementor-column-gap-default\">\n\t\t\t\t\t<div class=\"elementor-column elementor-col-50 elementor-top-column elementor-element elementor-element-197e30d0 elementor-invisible\" data-id=\"197e30d0\" data-element_type=\"column\" data-e-type=\"column\" data-settings=\"{&quot;background_background&quot;:&quot;classic&quot;,&quot;animation&quot;:&quot;slideInUp&quot;}\">\n\t\t\t<div class=\"elementor-widget-wrap elementor-element-populated\">\n\t\t\t\t\t\t<div class=\"elementor-element elementor-element-622aa342 elementor-widget elementor-widget-text-editor\" data-id=\"622aa342\" data-element_type=\"widget\" data-e-type=\"widget\" data-widget_type=\"text-editor.default\">\n\t\t\t\t<div class=\"elementor-widget-container\">\n\t\t\t\t\t\t\t\t\t<p>Located on Mete Adan\u0131r Street, this exclusive project is situated in the very center of Kyrenia and consists of 4 modern apartments and 2 commercial shops. Thanks to its location in the heart of the city, this project provides quick access to the needs of daily life, while at the same time offering a quiet and comfortable living space.<\/p><p>\u00a0<\/p><p>The apartments are characterized by their spacious interiors and functional design, with large windows flooding the rooms with natural light and designed to meet the requirements of modern living. Each apartment is equipped with high quality materials and offers a combination of aesthetics and comfort. Offering an ideal living space for families, young couples or individuals living alone, these apartments offer easy access to all social and cultural activities of Kyrenia with the advantages of its central location.<\/p><p>\u00a0<\/p><p>The 2 shops within the project have a very convenient location for commercial activities. Their location on Mete Adan\u0131r Street, one of the busiest streets in Kyrenia, provides high visibility for businesses with heavy pedestrian and vehicle traffic. These shops offer an attractive opportunity for investors and entrepreneurs, while providing a remarkable commercial use with large showcase areas.<\/p><p>\u00a0<\/p><p>Our project offers a unique option for both investors and those looking for a central living space in Kyrenia, allowing them to make the most of all the city has to offer.<\/p>\t\t\t\t\t\t\t\t<\/div>\n\t\t\t\t<\/div>\n\t\t\t\t\t<\/div>\n\t\t<\/div>\n\t\t\t\t<div class=\"elementor-column elementor-col-50 elementor-top-column elementor-element elementor-element-38ca5376\" data-id=\"38ca5376\" data-element_type=\"column\" data-e-type=\"column\">\n\t\t\t<div class=\"elementor-widget-wrap\">\n\t\t\t\t\t\t\t<\/div>\n\t\t<\/div>\n\t\t\t\t\t<\/div>\n\t\t<\/section>\n\t\t\t\t<section class=\"elementor-section elementor-top-section elementor-element elementor-element-2d55971f elementor-section-full_width elementor-section-height-default elementor-section-height-default\" data-id=\"2d55971f\" data-element_type=\"section\" data-e-type=\"section\">\n\t\t\t\t\t\t<div class=\"elementor-container elementor-column-gap-default\">\n\t\t\t\t\t<div class=\"elementor-column elementor-col-100 elementor-top-column elementor-element elementor-element-5a9dabaf\" data-id=\"5a9dabaf\" data-element_type=\"column\" data-e-type=\"column\">\n\t\t\t<div class=\"elementor-widget-wrap elementor-element-populated\">\n\t\t\t\t\t\t<div class=\"elementor-element elementor-element-20693749 gallery-spacing-custom elementor-widget elementor-widget-image-gallery\" data-id=\"20693749\" data-element_type=\"widget\" data-e-type=\"widget\" data-widget_type=\"image-gallery.default\">\n\t\t\t\t<div class=\"elementor-widget-container\">\n\t\t\t\t\t\t\t<div class=\"elementor-image-gallery\">\n\t\t\t<div id='gallery-1' class='gallery galleryid-5075 gallery-columns-3 gallery-size-full'><figure class='gallery-item'>\n\t\t\t<div class='gallery-icon landscape'>\n\t\t\t\t<a data-elementor-open-lightbox=\"yes\" data-elementor-lightbox-slideshow=\"20693749\" data-elementor-lightbox-title=\"resim_2024-09-05_224328143\" data-e-action-hash=\"#elementor-action%3Aaction%3Dlightbox%26settings%3DeyJpZCI6NDQ5MywidXJsIjoiaHR0cHM6XC9cL2VtdGFuY29ucy5jb21cL3dwLWNvbnRlbnRcL3VwbG9hZHNcLzIwMjRcLzA5XC9yZXNpbV8yMDI0LTA5LTA1XzIyNDMyODE0My5wbmciLCJzbGlkZXNob3ciOiIyMDY5Mzc0OSJ9\" href='https:\/\/emtancons.com\/wp-content\/uploads\/2024\/09\/resim_2024-09-05_224328143.png'><img fetchpriority=\"high\" decoding=\"async\" width=\"1000\" height=\"688\" src=\"https:\/\/emtancons.com\/wp-content\/uploads\/2024\/09\/resim_2024-09-05_224328143.png\" class=\"attachment-full size-full\" alt=\"\" srcset=\"https:\/\/emtancons.com\/wp-content\/uploads\/2024\/09\/resim_2024-09-05_224328143.png 1000w, https:\/\/emtancons.com\/wp-content\/uploads\/2024\/09\/resim_2024-09-05_224328143-300x206.png 300w, https:\/\/emtancons.com\/wp-content\/uploads\/2024\/09\/resim_2024-09-05_224328143-768x528.png 768w, https:\/\/emtancons.com\/wp-content\/uploads\/2024\/09\/resim_2024-09-05_224328143-350x241.png 350w, https:\/\/emtancons.com\/wp-content\/uploads\/2024\/09\/resim_2024-09-05_224328143-370x255.png 370w, https:\/\/emtancons.com\/wp-content\/uploads\/2024\/09\/resim_2024-09-05_224328143-255x175.png 255w, https:\/\/emtancons.com\/wp-content\/uploads\/2024\/09\/resim_2024-09-05_224328143-285x196.png 285w, https:\/\/emtancons.com\/wp-content\/uploads\/2024\/09\/resim_2024-09-05_224328143-600x413.png 600w, https:\/\/emtancons.com\/wp-content\/uploads\/2024\/09\/resim_2024-09-05_224328143-560x385.png 560w\" sizes=\"(max-width: 1000px) 100vw, 1000px\" \/><\/a>\n\t\t\t<\/div><\/figure><figure class='gallery-item'>\n\t\t\t<div class='gallery-icon landscape'>\n\t\t\t\t<a data-elementor-open-lightbox=\"yes\" data-elementor-lightbox-slideshow=\"20693749\" data-elementor-lightbox-title=\"resim_2024-09-05_224247284\" data-e-action-hash=\"#elementor-action%3Aaction%3Dlightbox%26settings%3DeyJpZCI6NDQ5MiwidXJsIjoiaHR0cHM6XC9cL2VtdGFuY29ucy5jb21cL3dwLWNvbnRlbnRcL3VwbG9hZHNcLzIwMjRcLzA5XC9yZXNpbV8yMDI0LTA5LTA1XzIyNDI0NzI4NC5wbmciLCJzbGlkZXNob3ciOiIyMDY5Mzc0OSJ9\" href='https:\/\/emtancons.com\/wp-content\/uploads\/2024\/09\/resim_2024-09-05_224247284.png'><img decoding=\"async\" width=\"1000\" height=\"667\" src=\"https:\/\/emtancons.com\/wp-content\/uploads\/2024\/09\/resim_2024-09-05_224247284.png\" class=\"attachment-full size-full\" alt=\"\" srcset=\"https:\/\/emtancons.com\/wp-content\/uploads\/2024\/09\/resim_2024-09-05_224247284.png 1000w, https:\/\/emtancons.com\/wp-content\/uploads\/2024\/09\/resim_2024-09-05_224247284-300x200.png 300w, https:\/\/emtancons.com\/wp-content\/uploads\/2024\/09\/resim_2024-09-05_224247284-768x512.png 768w, https:\/\/emtancons.com\/wp-content\/uploads\/2024\/09\/resim_2024-09-05_224247284-350x233.png 350w, https:\/\/emtancons.com\/wp-content\/uploads\/2024\/09\/resim_2024-09-05_224247284-370x247.png 370w, https:\/\/emtancons.com\/wp-content\/uploads\/2024\/09\/resim_2024-09-05_224247284-255x170.png 255w, https:\/\/emtancons.com\/wp-content\/uploads\/2024\/09\/resim_2024-09-05_224247284-285x190.png 285w, https:\/\/emtancons.com\/wp-content\/uploads\/2024\/09\/resim_2024-09-05_224247284-600x400.png 600w, https:\/\/emtancons.com\/wp-content\/uploads\/2024\/09\/resim_2024-09-05_224247284-560x374.png 560w\" sizes=\"(max-width: 1000px) 100vw, 1000px\" \/><\/a>\n\t\t\t<\/div><\/figure><figure class='gallery-item'>\n\t\t\t<div class='gallery-icon landscape'>\n\t\t\t\t<a data-elementor-open-lightbox=\"yes\" data-elementor-lightbox-slideshow=\"20693749\" data-elementor-lightbox-title=\"Emtan All Completed Projects_.00_14_37_18.Still094\" data-e-action-hash=\"#elementor-action%3Aaction%3Dlightbox%26settings%3DeyJpZCI6OTQ3MCwidXJsIjoiaHR0cHM6XC9cL2VtdGFuY29ucy5jb21cL3dwLWNvbnRlbnRcL3VwbG9hZHNcLzIwMjVcLzExXC9FbXRhbi1BbGwtQ29tcGxldGVkLVByb2plY3RzXy4wMF8xNF8zN18xOC5TdGlsbDA5NC53ZWJwIiwic2xpZGVzaG93IjoiMjA2OTM3NDkifQ%3D%3D\" href='https:\/\/emtancons.com\/wp-content\/uploads\/2025\/11\/Emtan-All-Completed-Projects_.00_14_37_18.Still094.webp'><img decoding=\"async\" width=\"1200\" height=\"675\" src=\"https:\/\/emtancons.com\/wp-content\/uploads\/2025\/11\/Emtan-All-Completed-Projects_.00_14_37_18.Still094.webp\" class=\"attachment-full size-full\" alt=\"\" srcset=\"https:\/\/emtancons.com\/wp-content\/uploads\/2025\/11\/Emtan-All-Completed-Projects_.00_14_37_18.Still094.webp 1200w, https:\/\/emtancons.com\/wp-content\/uploads\/2025\/11\/Emtan-All-Completed-Projects_.00_14_37_18.Still094-300x169.webp 300w, https:\/\/emtancons.com\/wp-content\/uploads\/2025\/11\/Emtan-All-Completed-Projects_.00_14_37_18.Still094-1024x576.webp 1024w, https:\/\/emtancons.com\/wp-content\/uploads\/2025\/11\/Emtan-All-Completed-Projects_.00_14_37_18.Still094-768x432.webp 768w\" sizes=\"(max-width: 1200px) 100vw, 1200px\" \/><\/a>\n\t\t\t<\/div><\/figure><figure class='gallery-item'>\n\t\t\t<div class='gallery-icon landscape'>\n\t\t\t\t<a data-elementor-open-lightbox=\"yes\" data-elementor-lightbox-slideshow=\"20693749\" data-elementor-lightbox-title=\"Emtan All Completed Projects_.00_14_52_15.Still095\" data-e-action-hash=\"#elementor-action%3Aaction%3Dlightbox%26settings%3DeyJpZCI6OTQ2NSwidXJsIjoiaHR0cHM6XC9cL2VtdGFuY29ucy5jb21cL3dwLWNvbnRlbnRcL3VwbG9hZHNcLzIwMjVcLzExXC9FbXRhbi1BbGwtQ29tcGxldGVkLVByb2plY3RzXy4wMF8xNF81Ml8xNS5TdGlsbDA5NS53ZWJwIiwic2xpZGVzaG93IjoiMjA2OTM3NDkifQ%3D%3D\" href='https:\/\/emtancons.com\/wp-content\/uploads\/2025\/11\/Emtan-All-Completed-Projects_.00_14_52_15.Still095.webp'><img loading=\"lazy\" decoding=\"async\" width=\"1200\" height=\"675\" src=\"https:\/\/emtancons.com\/wp-content\/uploads\/2025\/11\/Emtan-All-Completed-Projects_.00_14_52_15.Still095.webp\" class=\"attachment-full size-full\" alt=\"\" srcset=\"https:\/\/emtancons.com\/wp-content\/uploads\/2025\/11\/Emtan-All-Completed-Projects_.00_14_52_15.Still095.webp 1200w, https:\/\/emtancons.com\/wp-content\/uploads\/2025\/11\/Emtan-All-Completed-Projects_.00_14_52_15.Still095-300x169.webp 300w, https:\/\/emtancons.com\/wp-content\/uploads\/2025\/11\/Emtan-All-Completed-Projects_.00_14_52_15.Still095-1024x576.webp 1024w, https:\/\/emtancons.com\/wp-content\/uploads\/2025\/11\/Emtan-All-Completed-Projects_.00_14_52_15.Still095-768x432.webp 768w\" sizes=\"(max-width: 1200px) 100vw, 1200px\" \/><\/a>\n\t\t\t<\/div><\/figure><figure class='gallery-item'>\n\t\t\t<div class='gallery-icon landscape'>\n\t\t\t\t<a data-elementor-open-lightbox=\"yes\" data-elementor-lightbox-slideshow=\"20693749\" data-elementor-lightbox-title=\"Emtan All Completed Projects_.00_15_10_24.Still097\" data-e-action-hash=\"#elementor-action%3Aaction%3Dlightbox%26settings%3DeyJpZCI6OTQ2MCwidXJsIjoiaHR0cHM6XC9cL2VtdGFuY29ucy5jb21cL3dwLWNvbnRlbnRcL3VwbG9hZHNcLzIwMjVcLzExXC9FbXRhbi1BbGwtQ29tcGxldGVkLVByb2plY3RzXy4wMF8xNV8xMF8yNC5TdGlsbDA5Ny53ZWJwIiwic2xpZGVzaG93IjoiMjA2OTM3NDkifQ%3D%3D\" href='https:\/\/emtancons.com\/wp-content\/uploads\/2025\/11\/Emtan-All-Completed-Projects_.00_15_10_24.Still097.webp'><img loading=\"lazy\" decoding=\"async\" width=\"1200\" height=\"675\" src=\"https:\/\/emtancons.com\/wp-content\/uploads\/2025\/11\/Emtan-All-Completed-Projects_.00_15_10_24.Still097.webp\" class=\"attachment-full size-full\" alt=\"\" srcset=\"https:\/\/emtancons.com\/wp-content\/uploads\/2025\/11\/Emtan-All-Completed-Projects_.00_15_10_24.Still097.webp 1200w, https:\/\/emtancons.com\/wp-content\/uploads\/2025\/11\/Emtan-All-Completed-Projects_.00_15_10_24.Still097-300x169.webp 300w, https:\/\/emtancons.com\/wp-content\/uploads\/2025\/11\/Emtan-All-Completed-Projects_.00_15_10_24.Still097-1024x576.webp 1024w, https:\/\/emtancons.com\/wp-content\/uploads\/2025\/11\/Emtan-All-Completed-Projects_.00_15_10_24.Still097-768x432.webp 768w\" sizes=\"(max-width: 1200px) 100vw, 1200px\" \/><\/a>\n\t\t\t<\/div><\/figure><figure class='gallery-item'>\n\t\t\t<div class='gallery-icon landscape'>\n\t\t\t\t<a data-elementor-open-lightbox=\"yes\" data-elementor-lightbox-slideshow=\"20693749\" data-elementor-lightbox-title=\"Emtan All Completed Projects_.00_15_24_03.Still099\" data-e-action-hash=\"#elementor-action%3Aaction%3Dlightbox%26settings%3DeyJpZCI6OTQ1NSwidXJsIjoiaHR0cHM6XC9cL2VtdGFuY29ucy5jb21cL3dwLWNvbnRlbnRcL3VwbG9hZHNcLzIwMjVcLzExXC9FbXRhbi1BbGwtQ29tcGxldGVkLVByb2plY3RzXy4wMF8xNV8yNF8wMy5TdGlsbDA5OS53ZWJwIiwic2xpZGVzaG93IjoiMjA2OTM3NDkifQ%3D%3D\" href='https:\/\/emtancons.com\/wp-content\/uploads\/2025\/11\/Emtan-All-Completed-Projects_.00_15_24_03.Still099.webp'><img loading=\"lazy\" decoding=\"async\" width=\"1200\" height=\"675\" src=\"https:\/\/emtancons.com\/wp-content\/uploads\/2025\/11\/Emtan-All-Completed-Projects_.00_15_24_03.Still099.webp\" class=\"attachment-full size-full\" alt=\"\" srcset=\"https:\/\/emtancons.com\/wp-content\/uploads\/2025\/11\/Emtan-All-Completed-Projects_.00_15_24_03.Still099.webp 1200w, https:\/\/emtancons.com\/wp-content\/uploads\/2025\/11\/Emtan-All-Completed-Projects_.00_15_24_03.Still099-300x169.webp 300w, https:\/\/emtancons.com\/wp-content\/uploads\/2025\/11\/Emtan-All-Completed-Projects_.00_15_24_03.Still099-1024x576.webp 1024w, https:\/\/emtancons.com\/wp-content\/uploads\/2025\/11\/Emtan-All-Completed-Projects_.00_15_24_03.Still099-768x432.webp 768w\" sizes=\"(max-width: 1200px) 100vw, 1200px\" \/><\/a>\n\t\t\t<\/div><\/figure><figure class='gallery-item'>\n\t\t\t<div class='gallery-icon landscape'>\n\t\t\t\t<a data-elementor-open-lightbox=\"yes\" data-elementor-lightbox-slideshow=\"20693749\" data-elementor-lightbox-title=\"Emtan All Completed Projects_.00_15_35_19.Still100\" data-e-action-hash=\"#elementor-action%3Aaction%3Dlightbox%26settings%3DeyJpZCI6OTQ1MCwidXJsIjoiaHR0cHM6XC9cL2VtdGFuY29ucy5jb21cL3dwLWNvbnRlbnRcL3VwbG9hZHNcLzIwMjVcLzExXC9FbXRhbi1BbGwtQ29tcGxldGVkLVByb2plY3RzXy4wMF8xNV8zNV8xOS5TdGlsbDEwMC53ZWJwIiwic2xpZGVzaG93IjoiMjA2OTM3NDkifQ%3D%3D\" href='https:\/\/emtancons.com\/wp-content\/uploads\/2025\/11\/Emtan-All-Completed-Projects_.00_15_35_19.Still100.webp'><img loading=\"lazy\" decoding=\"async\" width=\"1200\" height=\"675\" src=\"https:\/\/emtancons.com\/wp-content\/uploads\/2025\/11\/Emtan-All-Completed-Projects_.00_15_35_19.Still100.webp\" class=\"attachment-full size-full\" alt=\"\" srcset=\"https:\/\/emtancons.com\/wp-content\/uploads\/2025\/11\/Emtan-All-Completed-Projects_.00_15_35_19.Still100.webp 1200w, https:\/\/emtancons.com\/wp-content\/uploads\/2025\/11\/Emtan-All-Completed-Projects_.00_15_35_19.Still100-300x169.webp 300w, https:\/\/emtancons.com\/wp-content\/uploads\/2025\/11\/Emtan-All-Completed-Projects_.00_15_35_19.Still100-1024x576.webp 1024w, https:\/\/emtancons.com\/wp-content\/uploads\/2025\/11\/Emtan-All-Completed-Projects_.00_15_35_19.Still100-768x432.webp 768w\" sizes=\"(max-width: 1200px) 100vw, 1200px\" \/><\/a>\n\t\t\t<\/div><\/figure>\n\t\t<\/div>\n\t\t<\/div>\n\t\t\t\t\t\t<\/div>\n\t\t\t\t<\/div>\n\t\t\t\t\t<\/div>\n\t\t<\/div>\n\t\t\t\t\t<\/div>\n\t\t<\/section>\n\t\t\t\t<\/div>\n\t\t","protected":false},"excerpt":{"rendered":"<p>Project Details Emtan 10 G\u0130RNE CENTER, G\u0130RNE Located on Mete Adan\u0131r Street, this exclusive project is situated in the very center of Kyrenia and consists of 4 modern apartments and 2 commercial shops. Thanks to its location in the heart of the city, this project provides quick access to the needs of daily life, while [&hellip;]<\/p>\n","protected":false},"author":1,"featured_media":0,"parent":0,"menu_order":0,"comment_status":"closed","ping_status":"closed","template":"elementor_header_footer","meta":{"footnotes":""},"class_list":["post-5075","page","type-page","status-publish","hentry"],"yoast_head":"<!-- This site is optimized with the Yoast SEO plugin v27.1.1 - https:\/\/yoast.com\/product\/yoast-seo-wordpress\/ -->\n<title>Emtan 10 - Emtan Construction<\/title>\n<meta name=\"robots\" content=\"index, follow, max-snippet:-1, max-image-preview:large, max-video-preview:-1\" \/>\n<link rel=\"canonical\" href=\"https:\/\/emtancons.com\/emtan-10\/\" \/>\n<meta property=\"og:locale\" content=\"en_US\" \/>\n<meta property=\"og:type\" content=\"article\" \/>\n<meta property=\"og:title\" content=\"Emtan 10 - Emtan Construction\" \/>\n<meta property=\"og:description\" content=\"Project Details Emtan 10 G\u0130RNE CENTER, G\u0130RNE Located on Mete Adan\u0131r Street, this exclusive project is situated in the very center of Kyrenia and consists of 4 modern apartments and 2 commercial shops. Thanks to its location in the heart of the city, this project provides quick access to the needs of daily life, while [&hellip;]\" \/>\n<meta property=\"og:url\" content=\"https:\/\/emtancons.com\/emtan-10\/\" \/>\n<meta property=\"og:site_name\" content=\"Emtan Construction\" \/>\n<meta property=\"article:modified_time\" content=\"2026-02-27T11:39:31+00:00\" \/>\n<meta property=\"og:image\" content=\"https:\/\/emtancons.com\/wp-content\/uploads\/2024\/09\/resim_2024-09-05_224328143.png\" \/>\n<meta name=\"twitter:card\" content=\"summary_large_image\" \/>\n<meta name=\"twitter:label1\" content=\"Est. reading time\" \/>\n\t<meta name=\"twitter:data1\" content=\"3 minutes\" \/>\n<script type=\"application\/ld+json\" class=\"yoast-schema-graph\">{\"@context\":\"https:\/\/schema.org\",\"@graph\":[{\"@type\":\"WebPage\",\"@id\":\"https:\/\/emtancons.com\/emtan-10\/\",\"url\":\"https:\/\/emtancons.com\/emtan-10\/\",\"name\":\"Emtan 10 - Emtan Construction\",\"isPartOf\":{\"@id\":\"https:\/\/emtancons.com\/#website\"},\"primaryImageOfPage\":{\"@id\":\"https:\/\/emtancons.com\/emtan-10\/#primaryimage\"},\"image\":{\"@id\":\"https:\/\/emtancons.com\/emtan-10\/#primaryimage\"},\"thumbnailUrl\":\"https:\/\/emtancons.com\/wp-content\/uploads\/2024\/09\/resim_2024-09-05_224328143.png\",\"datePublished\":\"2024-09-05T19:46:48+00:00\",\"dateModified\":\"2026-02-27T11:39:31+00:00\",\"breadcrumb\":{\"@id\":\"https:\/\/emtancons.com\/emtan-10\/#breadcrumb\"},\"inLanguage\":\"en-US\",\"potentialAction\":[{\"@type\":\"ReadAction\",\"target\":[\"https:\/\/emtancons.com\/emtan-10\/\"]}]},{\"@type\":\"ImageObject\",\"inLanguage\":\"en-US\",\"@id\":\"https:\/\/emtancons.com\/emtan-10\/#primaryimage\",\"url\":\"https:\/\/emtancons.com\/wp-content\/uploads\/2024\/09\/resim_2024-09-05_224328143.png\",\"contentUrl\":\"https:\/\/emtancons.com\/wp-content\/uploads\/2024\/09\/resim_2024-09-05_224328143.png\"},{\"@type\":\"BreadcrumbList\",\"@id\":\"https:\/\/emtancons.com\/emtan-10\/#breadcrumb\",\"itemListElement\":[{\"@type\":\"ListItem\",\"position\":1,\"name\":\"Anasayfa\",\"item\":\"https:\/\/emtancons.com\/\"},{\"@type\":\"ListItem\",\"position\":2,\"name\":\"Emtan 10\"}]},{\"@type\":\"WebSite\",\"@id\":\"https:\/\/emtancons.com\/#website\",\"url\":\"https:\/\/emtancons.com\/\",\"name\":\"Emtan Construction\",\"description\":\"\",\"potentialAction\":[{\"@type\":\"SearchAction\",\"target\":{\"@type\":\"EntryPoint\",\"urlTemplate\":\"https:\/\/emtancons.com\/?s={search_term_string}\"},\"query-input\":{\"@type\":\"PropertyValueSpecification\",\"valueRequired\":true,\"valueName\":\"search_term_string\"}}],\"inLanguage\":\"en-US\"}]}<\/script>\n<!-- \/ Yoast SEO plugin. -->","yoast_head_json":{"title":"Emtan 10 - Emtan Construction","robots":{"index":"index","follow":"follow","max-snippet":"max-snippet:-1","max-image-preview":"max-image-preview:large","max-video-preview":"max-video-preview:-1"},"canonical":"https:\/\/emtancons.com\/emtan-10\/","og_locale":"en_US","og_type":"article","og_title":"Emtan 10 - Emtan Construction","og_description":"Project Details Emtan 10 G\u0130RNE CENTER, G\u0130RNE Located on Mete Adan\u0131r Street, this exclusive project is situated in the very center of Kyrenia and consists of 4 modern apartments and 2 commercial shops. Thanks to its location in the heart of the city, this project provides quick access to the needs of daily life, while [&hellip;]","og_url":"https:\/\/emtancons.com\/emtan-10\/","og_site_name":"Emtan Construction","article_modified_time":"2026-02-27T11:39:31+00:00","og_image":[{"url":"https:\/\/emtancons.com\/wp-content\/uploads\/2024\/09\/resim_2024-09-05_224328143.png","type":"","width":"","height":""}],"twitter_card":"summary_large_image","twitter_misc":{"Est. reading time":"3 minutes"},"schema":{"@context":"https:\/\/schema.org","@graph":[{"@type":"WebPage","@id":"https:\/\/emtancons.com\/emtan-10\/","url":"https:\/\/emtancons.com\/emtan-10\/","name":"Emtan 10 - Emtan Construction","isPartOf":{"@id":"https:\/\/emtancons.com\/#website"},"primaryImageOfPage":{"@id":"https:\/\/emtancons.com\/emtan-10\/#primaryimage"},"image":{"@id":"https:\/\/emtancons.com\/emtan-10\/#primaryimage"},"thumbnailUrl":"https:\/\/emtancons.com\/wp-content\/uploads\/2024\/09\/resim_2024-09-05_224328143.png","datePublished":"2024-09-05T19:46:48+00:00","dateModified":"2026-02-27T11:39:31+00:00","breadcrumb":{"@id":"https:\/\/emtancons.com\/emtan-10\/#breadcrumb"},"inLanguage":"en-US","potentialAction":[{"@type":"ReadAction","target":["https:\/\/emtancons.com\/emtan-10\/"]}]},{"@type":"ImageObject","inLanguage":"en-US","@id":"https:\/\/emtancons.com\/emtan-10\/#primaryimage","url":"https:\/\/emtancons.com\/wp-content\/uploads\/2024\/09\/resim_2024-09-05_224328143.png","contentUrl":"https:\/\/emtancons.com\/wp-content\/uploads\/2024\/09\/resim_2024-09-05_224328143.png"},{"@type":"BreadcrumbList","@id":"https:\/\/emtancons.com\/emtan-10\/#breadcrumb","itemListElement":[{"@type":"ListItem","position":1,"name":"Anasayfa","item":"https:\/\/emtancons.com\/"},{"@type":"ListItem","position":2,"name":"Emtan 10"}]},{"@type":"WebSite","@id":"https:\/\/emtancons.com\/#website","url":"https:\/\/emtancons.com\/","name":"Emtan Construction","description":"","potentialAction":[{"@type":"SearchAction","target":{"@type":"EntryPoint","urlTemplate":"https:\/\/emtancons.com\/?s={search_term_string}"},"query-input":{"@type":"PropertyValueSpecification","valueRequired":true,"valueName":"search_term_string"}}],"inLanguage":"en-US"}]}},"_links":{"self":[{"href":"https:\/\/emtancons.com\/en\/wp-json\/wp\/v2\/pages\/5075","targetHints":{"allow":["GET"]}}],"collection":[{"href":"https:\/\/emtancons.com\/en\/wp-json\/wp\/v2\/pages"}],"about":[{"href":"https:\/\/emtancons.com\/en\/wp-json\/wp\/v2\/types\/page"}],"author":[{"embeddable":true,"href":"https:\/\/emtancons.com\/en\/wp-json\/wp\/v2\/users\/1"}],"replies":[{"embeddable":true,"href":"https:\/\/emtancons.com\/en\/wp-json\/wp\/v2\/comments?post=5075"}],"version-history":[{"count":16,"href":"https:\/\/emtancons.com\/en\/wp-json\/wp\/v2\/pages\/5075\/revisions"}],"predecessor-version":[{"id":11092,"href":"https:\/\/emtancons.com\/en\/wp-json\/wp\/v2\/pages\/5075\/revisions\/11092"}],"wp:attachment":[{"href":"https:\/\/emtancons.com\/en\/wp-json\/wp\/v2\/media?parent=5075"}],"curies":[{"name":"wp","href":"https:\/\/api.w.org\/{rel}","templated":true}]}}