{"id":7475,"date":"2025-04-11T10:38:32","date_gmt":"2025-04-11T07:38:32","guid":{"rendered":"https:\/\/emtancons.com\/odeme-yontemleri\/"},"modified":"2025-08-13T16:23:09","modified_gmt":"2025-08-13T13:23:09","slug":"zahlungsarten","status":"publish","type":"page","link":"https:\/\/emtancons.com\/de\/zahlungsarten\/","title":{"rendered":"Zahlungsarten"},"content":{"rendered":"\t\t<div data-elementor-type=\"wp-page\" data-elementor-id=\"7475\" class=\"elementor elementor-7475 elementor-3862\" data-elementor-post-type=\"page\">\n\t\t\t\t\t\t<section class=\"elementor-section elementor-top-section elementor-element elementor-element-c25b529 elementor-section-boxed elementor-section-height-default elementor-section-height-default\" data-id=\"c25b529\" data-element_type=\"section\" data-e-type=\"section\" data-settings=\"{&quot;background_background&quot;:&quot;classic&quot;}\">\n\t\t\t\t\t\t\t<div class=\"elementor-background-overlay\"><\/div>\n\t\t\t\t\t\t\t<div class=\"elementor-container elementor-column-gap-default\">\n\t\t\t\t\t<div class=\"elementor-column elementor-col-100 elementor-top-column elementor-element elementor-element-b0b5a2b\" data-id=\"b0b5a2b\" data-element_type=\"column\" data-e-type=\"column\">\n\t\t\t<div class=\"elementor-widget-wrap elementor-element-populated\">\n\t\t\t\t\t\t\t<\/div>\n\t\t<\/div>\n\t\t\t\t\t<\/div>\n\t\t<\/section>\n\t\t\t\t<section class=\"elementor-section elementor-top-section elementor-element elementor-element-c1d7222 elementor-section-boxed elementor-section-height-default elementor-section-height-default\" data-id=\"c1d7222\" data-element_type=\"section\" data-e-type=\"section\">\n\t\t\t\t\t\t<div class=\"elementor-container elementor-column-gap-default\">\n\t\t\t\t\t<div class=\"elementor-column elementor-col-100 elementor-top-column elementor-element elementor-element-cd0448d\" data-id=\"cd0448d\" data-element_type=\"column\" data-e-type=\"column\">\n\t\t\t<div class=\"elementor-widget-wrap elementor-element-populated\">\n\t\t\t\t\t\t<div class=\"elementor-element elementor-element-8e98f89 elementor-widget elementor-widget-text-editor\" data-id=\"8e98f89\" data-element_type=\"widget\" data-e-type=\"widget\" data-widget_type=\"text-editor.default\">\n\t\t\t\t<div class=\"elementor-widget-container\">\n\t\t\t\t\t\t\t\t\t<p>Zus\u00e4tzlich zu unseren lokalen und internationalen Konten in Nordzypern bieten wir verschiedene Zahlungsmethoden an, die unseren Kunden verschiedene M\u00f6glichkeiten und Vorteile bieten.<\/p>\t\t\t\t\t\t\t\t<\/div>\n\t\t\t\t<\/div>\n\t\t\t\t<div class=\"elementor-element elementor-element-8d3289e elementor-position-left elementor-vertical-align-middle elementor-widget elementor-widget-image-box\" data-id=\"8d3289e\" data-element_type=\"widget\" data-e-type=\"widget\" data-widget_type=\"image-box.default\">\n\t\t\t\t<div class=\"elementor-widget-container\">\n\t\t\t\t\t<div class=\"elementor-image-box-wrapper\"><figure class=\"elementor-image-box-img\"><img decoding=\"async\" width=\"90\" height=\"90\" src=\"https:\/\/emtancons.com\/wp-content\/uploads\/2025\/04\/payment-method1.png\" class=\"attachment-full size-full wp-image-3867\" alt=\"payment\" \/><\/figure><div class=\"elementor-image-box-content\"><p class=\"elementor-image-box-description\">Langfristiger zinsloser und flexibler Zahlungsplan innerhalb des Unternehmens<\/p><\/div><\/div>\t\t\t\t<\/div>\n\t\t\t\t<\/div>\n\t\t\t\t<div class=\"elementor-element elementor-element-6a0fa0c elementor-position-left elementor-vertical-align-middle elementor-widget elementor-widget-image-box\" data-id=\"6a0fa0c\" data-element_type=\"widget\" data-e-type=\"widget\" data-widget_type=\"image-box.default\">\n\t\t\t\t<div class=\"elementor-widget-container\">\n\t\t\t\t\t<div class=\"elementor-image-box-wrapper\"><figure class=\"elementor-image-box-img\"><img decoding=\"async\" width=\"90\" height=\"90\" src=\"https:\/\/emtancons.com\/wp-content\/uploads\/2025\/04\/payment-method2.png\" class=\"attachment-full size-full wp-image-3868\" alt=\"payment\" \/><\/figure><div class=\"elementor-image-box-content\"><p class=\"elementor-image-box-description\">Auf Wunsch bieten wir die M\u00f6glichkeit, neben unserer Standard-Zahlungsoption Britische Pfund Sterling auch US-Dollar und Euro als Zahlungsmittel zu w\u00e4hlen.<\/p><\/div><\/div>\t\t\t\t<\/div>\n\t\t\t\t<\/div>\n\t\t\t\t<div class=\"elementor-element elementor-element-a028a33 elementor-position-left elementor-vertical-align-middle elementor-widget elementor-widget-image-box\" data-id=\"a028a33\" data-element_type=\"widget\" data-e-type=\"widget\" data-widget_type=\"image-box.default\">\n\t\t\t\t<div class=\"elementor-widget-container\">\n\t\t\t\t\t<div class=\"elementor-image-box-wrapper\"><figure class=\"elementor-image-box-img\"><img decoding=\"async\" width=\"90\" height=\"90\" src=\"https:\/\/emtancons.com\/wp-content\/uploads\/2025\/04\/payment-method3.png\" class=\"attachment-full size-full wp-image-3869\" alt=\"payment\" \/><\/figure><div class=\"elementor-image-box-content\"><p class=\"elementor-image-box-description\">Kryptow\u00e4hrung<\/p><\/div><\/div>\t\t\t\t<\/div>\n\t\t\t\t<\/div>\n\t\t\t\t<div class=\"elementor-element elementor-element-659b6dd elementor-position-left elementor-vertical-align-middle elementor-widget elementor-widget-image-box\" data-id=\"659b6dd\" data-element_type=\"widget\" data-e-type=\"widget\" data-widget_type=\"image-box.default\">\n\t\t\t\t<div class=\"elementor-widget-container\">\n\t\t\t\t\t<div class=\"elementor-image-box-wrapper\"><figure class=\"elementor-image-box-img\"><img loading=\"lazy\" decoding=\"async\" width=\"90\" height=\"90\" src=\"https:\/\/emtancons.com\/wp-content\/uploads\/2025\/04\/payment-method4.png\" class=\"attachment-full size-full wp-image-3870\" alt=\"payment\" \/><\/figure><div class=\"elementor-image-box-content\"><p class=\"elementor-image-box-description\">Offizielles europ\u00e4isches Bankkonto<\/p><\/div><\/div>\t\t\t\t<\/div>\n\t\t\t\t<\/div>\n\t\t\t\t<div class=\"elementor-element elementor-element-2efa3c3 elementor-position-left elementor-vertical-align-middle elementor-widget elementor-widget-image-box\" data-id=\"2efa3c3\" data-element_type=\"widget\" data-e-type=\"widget\" data-widget_type=\"image-box.default\">\n\t\t\t\t<div class=\"elementor-widget-container\">\n\t\t\t\t\t<div class=\"elementor-image-box-wrapper\"><figure class=\"elementor-image-box-img\"><img loading=\"lazy\" decoding=\"async\" width=\"90\" height=\"90\" src=\"https:\/\/emtancons.com\/wp-content\/uploads\/2025\/04\/payment-method5.png\" class=\"attachment-full size-full wp-image-3871\" alt=\"payment\" \/><\/figure><div class=\"elementor-image-box-content\"><p class=\"elementor-image-box-description\">Offizielles Bankkonto im Vereinigten K\u00f6nigreich<\/p><\/div><\/div>\t\t\t\t<\/div>\n\t\t\t\t<\/div>\n\t\t\t\t\t<\/div>\n\t\t<\/div>\n\t\t\t\t\t<\/div>\n\t\t<\/section>\n\t\t\t\t<\/div>\n\t\t","protected":false},"excerpt":{"rendered":"<p>Zus\u00e4tzlich zu unseren lokalen und internationalen Konten in Nordzypern bieten wir verschiedene Zahlungsmethoden an, die unseren Kunden verschiedene M\u00f6glichkeiten und Vorteile bieten. Langfristiger zinsloser und flexibler Zahlungsplan innerhalb des Unternehmens Auf Wunsch bieten wir die M\u00f6glichkeit, neben unserer Standard-Zahlungsoption Britische Pfund Sterling auch US-Dollar und Euro als Zahlungsmittel zu w\u00e4hlen. Kryptow\u00e4hrung Offizielles europ\u00e4isches Bankkonto Offizielles [&hellip;]<\/p>\n","protected":false},"author":1,"featured_media":0,"parent":0,"menu_order":0,"comment_status":"closed","ping_status":"closed","template":"elementor_header_footer","meta":{"footnotes":""},"class_list":["post-7475","page","type-page","status-publish","hentry"],"yoast_head":"<!-- This site is optimized with the Yoast SEO plugin v27.1.1 - https:\/\/yoast.com\/product\/yoast-seo-wordpress\/ -->\n<title>Zahlungsarten - Emtan Construction<\/title>\n<meta name=\"robots\" content=\"index, follow, max-snippet:-1, max-image-preview:large, max-video-preview:-1\" \/>\n<link rel=\"canonical\" href=\"https:\/\/emtancons.com\/de\/zahlungsarten\/\" \/>\n<meta property=\"og:locale\" content=\"de_DE\" \/>\n<meta property=\"og:type\" content=\"article\" \/>\n<meta property=\"og:title\" content=\"Zahlungsarten - Emtan Construction\" \/>\n<meta property=\"og:description\" content=\"Zus\u00e4tzlich zu unseren lokalen und internationalen Konten in Nordzypern bieten wir verschiedene Zahlungsmethoden an, die unseren Kunden verschiedene M\u00f6glichkeiten und Vorteile bieten. Langfristiger zinsloser und flexibler Zahlungsplan innerhalb des Unternehmens Auf Wunsch bieten wir die M\u00f6glichkeit, neben unserer Standard-Zahlungsoption Britische Pfund Sterling auch US-Dollar und Euro als Zahlungsmittel zu w\u00e4hlen. Kryptow\u00e4hrung Offizielles europ\u00e4isches Bankkonto Offizielles [&hellip;]\" \/>\n<meta property=\"og:url\" content=\"https:\/\/emtancons.com\/de\/zahlungsarten\/\" \/>\n<meta property=\"og:site_name\" content=\"Emtan Construction\" \/>\n<meta property=\"article:modified_time\" content=\"2025-08-13T13:23:09+00:00\" \/>\n<meta property=\"og:image\" content=\"https:\/\/emtancons.com\/wp-content\/uploads\/2025\/04\/payment-method1.png\" \/>\n<meta name=\"twitter:card\" content=\"summary_large_image\" \/>\n<meta name=\"twitter:label1\" content=\"Gesch\u00e4tzte Lesezeit\" \/>\n\t<meta name=\"twitter:data1\" content=\"2\u00a0Minuten\" \/>\n<script type=\"application\/ld+json\" class=\"yoast-schema-graph\">{\"@context\":\"https:\/\/schema.org\",\"@graph\":[{\"@type\":\"WebPage\",\"@id\":\"https:\/\/emtancons.com\/de\/zahlungsarten\/\",\"url\":\"https:\/\/emtancons.com\/de\/zahlungsarten\/\",\"name\":\"Zahlungsarten - Emtan Construction\",\"isPartOf\":{\"@id\":\"https:\/\/emtancons.com\/#website\"},\"primaryImageOfPage\":{\"@id\":\"https:\/\/emtancons.com\/de\/zahlungsarten\/#primaryimage\"},\"image\":{\"@id\":\"https:\/\/emtancons.com\/de\/zahlungsarten\/#primaryimage\"},\"thumbnailUrl\":\"https:\/\/emtancons.com\/wp-content\/uploads\/2025\/04\/payment-method1.png\",\"datePublished\":\"2025-04-11T07:38:32+00:00\",\"dateModified\":\"2025-08-13T13:23:09+00:00\",\"breadcrumb\":{\"@id\":\"https:\/\/emtancons.com\/de\/zahlungsarten\/#breadcrumb\"},\"inLanguage\":\"de\",\"potentialAction\":[{\"@type\":\"ReadAction\",\"target\":[\"https:\/\/emtancons.com\/de\/zahlungsarten\/\"]}]},{\"@type\":\"ImageObject\",\"inLanguage\":\"de\",\"@id\":\"https:\/\/emtancons.com\/de\/zahlungsarten\/#primaryimage\",\"url\":\"https:\/\/emtancons.com\/wp-content\/uploads\/2025\/04\/payment-method1.png\",\"contentUrl\":\"https:\/\/emtancons.com\/wp-content\/uploads\/2025\/04\/payment-method1.png\"},{\"@type\":\"BreadcrumbList\",\"@id\":\"https:\/\/emtancons.com\/de\/zahlungsarten\/#breadcrumb\",\"itemListElement\":[{\"@type\":\"ListItem\",\"position\":1,\"name\":\"Anasayfa\",\"item\":\"https:\/\/emtancons.com\/\"},{\"@type\":\"ListItem\",\"position\":2,\"name\":\"Zahlungsarten\"}]},{\"@type\":\"WebSite\",\"@id\":\"https:\/\/emtancons.com\/#website\",\"url\":\"https:\/\/emtancons.com\/\",\"name\":\"Emtan Construction\",\"description\":\"\",\"potentialAction\":[{\"@type\":\"SearchAction\",\"target\":{\"@type\":\"EntryPoint\",\"urlTemplate\":\"https:\/\/emtancons.com\/?s={search_term_string}\"},\"query-input\":{\"@type\":\"PropertyValueSpecification\",\"valueRequired\":true,\"valueName\":\"search_term_string\"}}],\"inLanguage\":\"de\"}]}<\/script>\n<!-- \/ Yoast SEO plugin. -->","yoast_head_json":{"title":"Zahlungsarten - Emtan Construction","robots":{"index":"index","follow":"follow","max-snippet":"max-snippet:-1","max-image-preview":"max-image-preview:large","max-video-preview":"max-video-preview:-1"},"canonical":"https:\/\/emtancons.com\/de\/zahlungsarten\/","og_locale":"de_DE","og_type":"article","og_title":"Zahlungsarten - Emtan Construction","og_description":"Zus\u00e4tzlich zu unseren lokalen und internationalen Konten in Nordzypern bieten wir verschiedene Zahlungsmethoden an, die unseren Kunden verschiedene M\u00f6glichkeiten und Vorteile bieten. Langfristiger zinsloser und flexibler Zahlungsplan innerhalb des Unternehmens Auf Wunsch bieten wir die M\u00f6glichkeit, neben unserer Standard-Zahlungsoption Britische Pfund Sterling auch US-Dollar und Euro als Zahlungsmittel zu w\u00e4hlen. Kryptow\u00e4hrung Offizielles europ\u00e4isches Bankkonto Offizielles [&hellip;]","og_url":"https:\/\/emtancons.com\/de\/zahlungsarten\/","og_site_name":"Emtan Construction","article_modified_time":"2025-08-13T13:23:09+00:00","og_image":[{"url":"https:\/\/emtancons.com\/wp-content\/uploads\/2025\/04\/payment-method1.png","type":"","width":"","height":""}],"twitter_card":"summary_large_image","twitter_misc":{"Gesch\u00e4tzte Lesezeit":"2\u00a0Minuten"},"schema":{"@context":"https:\/\/schema.org","@graph":[{"@type":"WebPage","@id":"https:\/\/emtancons.com\/de\/zahlungsarten\/","url":"https:\/\/emtancons.com\/de\/zahlungsarten\/","name":"Zahlungsarten - Emtan Construction","isPartOf":{"@id":"https:\/\/emtancons.com\/#website"},"primaryImageOfPage":{"@id":"https:\/\/emtancons.com\/de\/zahlungsarten\/#primaryimage"},"image":{"@id":"https:\/\/emtancons.com\/de\/zahlungsarten\/#primaryimage"},"thumbnailUrl":"https:\/\/emtancons.com\/wp-content\/uploads\/2025\/04\/payment-method1.png","datePublished":"2025-04-11T07:38:32+00:00","dateModified":"2025-08-13T13:23:09+00:00","breadcrumb":{"@id":"https:\/\/emtancons.com\/de\/zahlungsarten\/#breadcrumb"},"inLanguage":"de","potentialAction":[{"@type":"ReadAction","target":["https:\/\/emtancons.com\/de\/zahlungsarten\/"]}]},{"@type":"ImageObject","inLanguage":"de","@id":"https:\/\/emtancons.com\/de\/zahlungsarten\/#primaryimage","url":"https:\/\/emtancons.com\/wp-content\/uploads\/2025\/04\/payment-method1.png","contentUrl":"https:\/\/emtancons.com\/wp-content\/uploads\/2025\/04\/payment-method1.png"},{"@type":"BreadcrumbList","@id":"https:\/\/emtancons.com\/de\/zahlungsarten\/#breadcrumb","itemListElement":[{"@type":"ListItem","position":1,"name":"Anasayfa","item":"https:\/\/emtancons.com\/"},{"@type":"ListItem","position":2,"name":"Zahlungsarten"}]},{"@type":"WebSite","@id":"https:\/\/emtancons.com\/#website","url":"https:\/\/emtancons.com\/","name":"Emtan Construction","description":"","potentialAction":[{"@type":"SearchAction","target":{"@type":"EntryPoint","urlTemplate":"https:\/\/emtancons.com\/?s={search_term_string}"},"query-input":{"@type":"PropertyValueSpecification","valueRequired":true,"valueName":"search_term_string"}}],"inLanguage":"de"}]}},"_links":{"self":[{"href":"https:\/\/emtancons.com\/de\/wp-json\/wp\/v2\/pages\/7475","targetHints":{"allow":["GET"]}}],"collection":[{"href":"https:\/\/emtancons.com\/de\/wp-json\/wp\/v2\/pages"}],"about":[{"href":"https:\/\/emtancons.com\/de\/wp-json\/wp\/v2\/types\/page"}],"author":[{"embeddable":true,"href":"https:\/\/emtancons.com\/de\/wp-json\/wp\/v2\/users\/1"}],"replies":[{"embeddable":true,"href":"https:\/\/emtancons.com\/de\/wp-json\/wp\/v2\/comments?post=7475"}],"version-history":[{"count":5,"href":"https:\/\/emtancons.com\/de\/wp-json\/wp\/v2\/pages\/7475\/revisions"}],"predecessor-version":[{"id":8346,"href":"https:\/\/emtancons.com\/de\/wp-json\/wp\/v2\/pages\/7475\/revisions\/8346"}],"wp:attachment":[{"href":"https:\/\/emtancons.com\/de\/wp-json\/wp\/v2\/media?parent=7475"}],"curies":[{"name":"wp","href":"https:\/\/api.w.org\/{rel}","templated":true}]}}