{"id":7455,"date":"2024-09-05T23:29:44","date_gmt":"2024-09-05T20:29:44","guid":{"rendered":"https:\/\/emtancons.com\/gau-millenium-mall\/"},"modified":"2025-09-26T16:58:57","modified_gmt":"2025-09-26T13:58:57","slug":"gau-millenium-mall","status":"publish","type":"page","link":"https:\/\/emtancons.com\/de\/gau-millenium-mall\/","title":{"rendered":"Gau Millenium Mall"},"content":{"rendered":"\t\t<div data-elementor-type=\"wp-page\" data-elementor-id=\"7455\" class=\"elementor elementor-7455 elementor-2338\" data-elementor-post-type=\"page\">\n\t\t\t\t\t\t<section class=\"elementor-section elementor-top-section elementor-element elementor-element-1b5a68a1 elementor-section-content-middle elementor-section-boxed elementor-section-height-default elementor-section-height-default\" data-id=\"1b5a68a1\" data-element_type=\"section\" data-e-type=\"section\" data-settings=\"{&quot;background_background&quot;:&quot;classic&quot;}\">\n\t\t\t\t\t\t\t<div class=\"elementor-background-overlay\"><\/div>\n\t\t\t\t\t\t\t<div class=\"elementor-container elementor-column-gap-default\">\n\t\t\t\t\t<div class=\"elementor-column elementor-col-50 elementor-top-column elementor-element elementor-element-520a0351\" data-id=\"520a0351\" data-element_type=\"column\" data-e-type=\"column\">\n\t\t\t<div class=\"elementor-widget-wrap elementor-element-populated\">\n\t\t\t\t\t\t<div class=\"elementor-element elementor-element-62ea7b7d elementor-widget elementor-widget-heading\" data-id=\"62ea7b7d\" data-element_type=\"widget\" data-e-type=\"widget\" data-widget_type=\"heading.default\">\n\t\t\t\t<div class=\"elementor-widget-container\">\n\t\t\t\t\t<p class=\"elementor-heading-title elementor-size-default\">Details zum Projekt<\/p>\t\t\t\t<\/div>\n\t\t\t\t<\/div>\n\t\t\t\t<div class=\"elementor-element elementor-element-218bbdaf elementor-invisible elementor-widget elementor-widget-heading\" data-id=\"218bbdaf\" data-element_type=\"widget\" data-e-type=\"widget\" data-settings=\"{&quot;_animation&quot;:&quot;fadeInUp&quot;}\" data-widget_type=\"heading.default\">\n\t\t\t\t<div class=\"elementor-widget-container\">\n\t\t\t\t\t<h1 class=\"elementor-heading-title elementor-size-default\">GAU Millenium Mall\n<\/h1>\t\t\t\t<\/div>\n\t\t\t\t<\/div>\n\t\t\t\t<div class=\"elementor-element elementor-element-600f61c8 elementor-icon-list--layout-inline elementor-list-item-link-full_width elementor-widget elementor-widget-icon-list\" data-id=\"600f61c8\" data-element_type=\"widget\" data-e-type=\"widget\" data-widget_type=\"icon-list.default\">\n\t\t\t\t<div class=\"elementor-widget-container\">\n\t\t\t\t\t\t\t<ul class=\"elementor-icon-list-items elementor-inline-items\">\n\t\t\t\t\t\t\t<li class=\"elementor-icon-list-item elementor-inline-item\">\n\t\t\t\t\t\t\t\t\t\t\t<a href=\"#\">\n\n\t\t\t\t\t\t\t\t\t\t\t\t<span class=\"elementor-icon-list-icon\">\n\t\t\t\t\t\t\t<i aria-hidden=\"true\" class=\"fas fa-arrow-right\"><\/i>\t\t\t\t\t\t<\/span>\n\t\t\t\t\t\t\t\t\t\t<span class=\"elementor-icon-list-text\">G\u0130RNE MERKEZ, G\u0130RNE<\/span>\n\t\t\t\t\t\t\t\t\t\t\t<\/a>\n\t\t\t\t\t\t\t\t\t<\/li>\n\t\t\t\t\t\t<\/ul>\n\t\t\t\t\t\t<\/div>\n\t\t\t\t<\/div>\n\t\t\t\t\t<\/div>\n\t\t<\/div>\n\t\t\t\t<div class=\"elementor-column elementor-col-50 elementor-top-column elementor-element elementor-element-7d4d5ffb\" data-id=\"7d4d5ffb\" data-element_type=\"column\" data-e-type=\"column\">\n\t\t\t<div class=\"elementor-widget-wrap\">\n\t\t\t\t\t\t\t<\/div>\n\t\t<\/div>\n\t\t\t\t\t<\/div>\n\t\t<\/section>\n\t\t\t\t<section class=\"elementor-section elementor-top-section elementor-element elementor-element-2476367f elementor-section-boxed elementor-section-height-default elementor-section-height-default\" data-id=\"2476367f\" data-element_type=\"section\" data-e-type=\"section\">\n\t\t\t\t\t\t\t<div class=\"elementor-background-overlay\"><\/div>\n\t\t\t\t\t\t\t<div class=\"elementor-container elementor-column-gap-default\">\n\t\t\t\t\t<div class=\"elementor-column elementor-col-50 elementor-top-column elementor-element elementor-element-3f36732b elementor-invisible\" data-id=\"3f36732b\" data-element_type=\"column\" data-e-type=\"column\" data-settings=\"{&quot;background_background&quot;:&quot;classic&quot;,&quot;animation&quot;:&quot;slideInUp&quot;}\">\n\t\t\t<div class=\"elementor-widget-wrap elementor-element-populated\">\n\t\t\t\t\t\t<div class=\"elementor-element elementor-element-366c847c elementor-widget elementor-widget-text-editor\" data-id=\"366c847c\" data-element_type=\"widget\" data-e-type=\"widget\" data-widget_type=\"text-editor.default\">\n\t\t\t\t<div class=\"elementor-widget-container\">\n\t\t\t\t\t\t\t\t\t<p>Geb\u00e4udedesign und Architektur<\/p><p>Das Design der GAU Millennium Mall verfolgt einen modernen und innovativen architektonischen Ansatz. Das Geb\u00e4ude besticht durch eine \u00e4sthetisch ansprechende Fassade mit einer mehrschichtigen Struktur, die die vielf\u00e4ltigen Funktionen im Inneren widerspiegelt. Die Kombination verschiedener Materialien sorgt f\u00fcr ein markantes Erscheinungsbild und unterstreicht gleichzeitig Langlebigkeit und Nachhaltigkeit.<\/p><p>Die Fassade der Mall vereint wesentliche Elemente moderner Architektur wie Glas, Metall und Naturstein. Glasfl\u00e4chen maximieren den Tageslichteinfall, sparen Energie und sorgen f\u00fcr ein gro\u00dfz\u00fcgiges und helles Raumerlebnis. Die gro\u00dfz\u00fcgigen Glasfl\u00e4chen spiegeln die Dynamik und Lebendigkeit des Geb\u00e4udes wider und schaffen eine starke Verbindung zur Umgebung.<\/p><p>Die geometrischen Formen der Geb\u00e4udefassade fallen besonders ins Auge. Dynamische Linien verleihen dem Geb\u00e4ude ein modernes und zeitgen\u00f6ssisches Aussehen. Diese geometrischen Formen schaffen zudem eine funktional sinnvolle Struktur, indem sie die verschiedenen Geb\u00e4udebereiche voneinander trennen. Die Eing\u00e4nge der Mall sind gro\u00dfz\u00fcgig und einladend gestaltet und sorgen f\u00fcr einen komfortablen Zugang.<\/p><p>Innenarchitektur<\/p><p>Die Innenarchitektur der Millennium Mall wurde funktional und \u00e4sthetisch gestaltet. Sie soll den Besuchern Komfort und ein angenehmes Einkaufserlebnis bieten. Breite Korridore, hohe Decken und eine gro\u00dfz\u00fcgige Atmosph\u00e4re erleichtern die Nutzung des Raumes. Die nat\u00fcrlichen Materialien und die neutrale Farbpalette im gesamten Innenraum schaffen zudem eine beruhigende Atmosph\u00e4re.<\/p><p>Die Innenarchitektur der Mall wurde sorgf\u00e4ltig auf maximales Tageslicht ausgelegt. Gro\u00dfe Glasdecken\u00f6ffnungen und Atriumbereiche lassen viel Licht in den Innenraum und schaffen so eine gro\u00dfz\u00fcgige und offene Umgebung f\u00fcr die Kunden. Diese Bereiche schaffen zudem eine visuelle Verbindung zwischen den verschiedenen Etagen der Mall und vermitteln ein Gef\u00fchl von Gro\u00dfz\u00fcgigkeit und Offenheit.<\/p>\t\t\t\t\t\t\t\t<\/div>\n\t\t\t\t<\/div>\n\t\t\t\t\t<\/div>\n\t\t<\/div>\n\t\t\t\t<div class=\"elementor-column elementor-col-50 elementor-top-column elementor-element elementor-element-5794234d\" data-id=\"5794234d\" data-element_type=\"column\" data-e-type=\"column\">\n\t\t\t<div class=\"elementor-widget-wrap\">\n\t\t\t\t\t\t\t<\/div>\n\t\t<\/div>\n\t\t\t\t\t<\/div>\n\t\t<\/section>\n\t\t\t\t<section class=\"elementor-section elementor-top-section elementor-element elementor-element-4f865db4 elementor-section-full_width elementor-section-height-default elementor-section-height-default\" data-id=\"4f865db4\" data-element_type=\"section\" data-e-type=\"section\">\n\t\t\t\t\t\t<div class=\"elementor-container elementor-column-gap-default\">\n\t\t\t\t\t<div class=\"elementor-column elementor-col-100 elementor-top-column elementor-element elementor-element-33ad9366\" data-id=\"33ad9366\" data-element_type=\"column\" data-e-type=\"column\">\n\t\t\t<div class=\"elementor-widget-wrap elementor-element-populated\">\n\t\t\t\t\t\t<div class=\"elementor-element elementor-element-7fe327ef gallery-spacing-custom elementor-widget elementor-widget-image-gallery\" data-id=\"7fe327ef\" data-element_type=\"widget\" data-e-type=\"widget\" data-widget_type=\"image-gallery.default\">\n\t\t\t\t<div class=\"elementor-widget-container\">\n\t\t\t\t\t\t\t<div class=\"elementor-image-gallery\">\n\t\t\t<div id='gallery-1' class='gallery galleryid-7455 gallery-columns-3 gallery-size-full'><figure class='gallery-item'>\n\t\t\t<div class='gallery-icon landscape'>\n\t\t\t\t<a data-elementor-open-lightbox=\"yes\" data-elementor-lightbox-slideshow=\"7fe327ef\" data-elementor-lightbox-title=\"resim_2024-09-05_232555809\" data-e-action-hash=\"#elementor-action%3Aaction%3Dlightbox%26settings%3DeyJpZCI6NzU3NCwidXJsIjoiaHR0cHM6XC9cL2VtdGFuY29ucy5jb21cL3dwLWNvbnRlbnRcL3VwbG9hZHNcLzIwMjRcLzA5XC9yZXNpbV8yMDI0LTA5LTA1XzIzMjU1NTgwOS5wbmciLCJzbGlkZXNob3ciOiI3ZmUzMjdlZiJ9\" href='https:\/\/emtancons.com\/wp-content\/uploads\/2024\/09\/resim_2024-09-05_232555809.png'><img fetchpriority=\"high\" decoding=\"async\" width=\"1000\" height=\"667\" src=\"https:\/\/emtancons.com\/wp-content\/uploads\/2024\/09\/resim_2024-09-05_232555809.png\" class=\"attachment-full size-full\" alt=\"\" srcset=\"https:\/\/emtancons.com\/wp-content\/uploads\/2024\/09\/resim_2024-09-05_232555809.png 1000w, https:\/\/emtancons.com\/wp-content\/uploads\/2024\/09\/resim_2024-09-05_232555809-300x200.png 300w, https:\/\/emtancons.com\/wp-content\/uploads\/2024\/09\/resim_2024-09-05_232555809-768x512.png 768w, https:\/\/emtancons.com\/wp-content\/uploads\/2024\/09\/resim_2024-09-05_232555809-350x233.png 350w, https:\/\/emtancons.com\/wp-content\/uploads\/2024\/09\/resim_2024-09-05_232555809-370x247.png 370w, https:\/\/emtancons.com\/wp-content\/uploads\/2024\/09\/resim_2024-09-05_232555809-255x170.png 255w, https:\/\/emtancons.com\/wp-content\/uploads\/2024\/09\/resim_2024-09-05_232555809-285x190.png 285w, https:\/\/emtancons.com\/wp-content\/uploads\/2024\/09\/resim_2024-09-05_232555809-600x400.png 600w, https:\/\/emtancons.com\/wp-content\/uploads\/2024\/09\/resim_2024-09-05_232555809-560x374.png 560w\" sizes=\"(max-width: 1000px) 100vw, 1000px\" \/><\/a>\n\t\t\t<\/div><\/figure><figure class='gallery-item'>\n\t\t\t<div class='gallery-icon landscape'>\n\t\t\t\t<a data-elementor-open-lightbox=\"yes\" data-elementor-lightbox-slideshow=\"7fe327ef\" data-elementor-lightbox-title=\"resim_2024-09-05_232544861\" data-e-action-hash=\"#elementor-action%3Aaction%3Dlightbox%26settings%3DeyJpZCI6NzQ1NiwidXJsIjoiaHR0cHM6XC9cL2VtdGFuY29ucy5jb21cL3dwLWNvbnRlbnRcL3VwbG9hZHNcLzIwMjRcLzA5XC9yZXNpbV8yMDI0LTA5LTA1XzIzMjU0NDg2MS5wbmciLCJzbGlkZXNob3ciOiI3ZmUzMjdlZiJ9\" href='https:\/\/emtancons.com\/wp-content\/uploads\/2024\/09\/resim_2024-09-05_232544861.png'><img decoding=\"async\" width=\"1000\" height=\"632\" src=\"https:\/\/emtancons.com\/wp-content\/uploads\/2024\/09\/resim_2024-09-05_232544861.png\" class=\"attachment-full size-full\" alt=\"\" srcset=\"https:\/\/emtancons.com\/wp-content\/uploads\/2024\/09\/resim_2024-09-05_232544861.png 1000w, https:\/\/emtancons.com\/wp-content\/uploads\/2024\/09\/resim_2024-09-05_232544861-300x190.png 300w, https:\/\/emtancons.com\/wp-content\/uploads\/2024\/09\/resim_2024-09-05_232544861-768x485.png 768w, https:\/\/emtancons.com\/wp-content\/uploads\/2024\/09\/resim_2024-09-05_232544861-350x221.png 350w, https:\/\/emtancons.com\/wp-content\/uploads\/2024\/09\/resim_2024-09-05_232544861-370x234.png 370w, https:\/\/emtancons.com\/wp-content\/uploads\/2024\/09\/resim_2024-09-05_232544861-255x161.png 255w, https:\/\/emtancons.com\/wp-content\/uploads\/2024\/09\/resim_2024-09-05_232544861-285x180.png 285w, https:\/\/emtancons.com\/wp-content\/uploads\/2024\/09\/resim_2024-09-05_232544861-600x379.png 600w, https:\/\/emtancons.com\/wp-content\/uploads\/2024\/09\/resim_2024-09-05_232544861-560x354.png 560w\" sizes=\"(max-width: 1000px) 100vw, 1000px\" \/><\/a>\n\t\t\t<\/div><\/figure>\n\t\t<\/div>\n\t\t<\/div>\n\t\t\t\t\t\t<\/div>\n\t\t\t\t<\/div>\n\t\t\t\t\t<\/div>\n\t\t<\/div>\n\t\t\t\t\t<\/div>\n\t\t<\/section>\n\t\t\t\t<\/div>\n\t\t","protected":false},"excerpt":{"rendered":"<p>Details zum Projekt GAU Millenium Mall G\u0130RNE MERKEZ, G\u0130RNE Geb\u00e4udedesign und Architektur Das Design der GAU Millennium Mall verfolgt einen modernen und innovativen architektonischen Ansatz. Das Geb\u00e4ude besticht durch eine \u00e4sthetisch ansprechende Fassade mit einer mehrschichtigen Struktur, die die vielf\u00e4ltigen Funktionen im Inneren widerspiegelt. Die Kombination verschiedener Materialien sorgt f\u00fcr ein markantes Erscheinungsbild und unterstreicht [&hellip;]<\/p>\n","protected":false},"author":1,"featured_media":0,"parent":0,"menu_order":0,"comment_status":"closed","ping_status":"closed","template":"elementor_header_footer","meta":{"footnotes":""},"class_list":["post-7455","page","type-page","status-publish","hentry"],"yoast_head":"<!-- This site is optimized with the Yoast SEO plugin v27.1.1 - https:\/\/yoast.com\/product\/yoast-seo-wordpress\/ -->\n<title>Gau Millenium Mall - Emtan Construction<\/title>\n<meta name=\"robots\" content=\"index, follow, max-snippet:-1, max-image-preview:large, max-video-preview:-1\" \/>\n<link rel=\"canonical\" href=\"https:\/\/emtancons.com\/de\/gau-millenium-mall\/\" \/>\n<meta property=\"og:locale\" content=\"de_DE\" \/>\n<meta property=\"og:type\" content=\"article\" \/>\n<meta property=\"og:title\" content=\"Gau Millenium Mall - Emtan Construction\" \/>\n<meta property=\"og:description\" content=\"Details zum Projekt GAU Millenium Mall G\u0130RNE MERKEZ, G\u0130RNE Geb\u00e4udedesign und Architektur Das Design der GAU Millennium Mall verfolgt einen modernen und innovativen architektonischen Ansatz. Das Geb\u00e4ude besticht durch eine \u00e4sthetisch ansprechende Fassade mit einer mehrschichtigen Struktur, die die vielf\u00e4ltigen Funktionen im Inneren widerspiegelt. Die Kombination verschiedener Materialien sorgt f\u00fcr ein markantes Erscheinungsbild und unterstreicht [&hellip;]\" \/>\n<meta property=\"og:url\" content=\"https:\/\/emtancons.com\/de\/gau-millenium-mall\/\" \/>\n<meta property=\"og:site_name\" content=\"Emtan Construction\" \/>\n<meta property=\"article:modified_time\" content=\"2025-09-26T13:58:57+00:00\" \/>\n<meta property=\"og:image\" content=\"https:\/\/emtancons.com\/wp-content\/uploads\/2024\/09\/resim_2024-09-05_232555809.png\" \/>\n<meta name=\"twitter:card\" content=\"summary_large_image\" \/>\n<meta name=\"twitter:label1\" content=\"Gesch\u00e4tzte Lesezeit\" \/>\n\t<meta name=\"twitter:data1\" content=\"2\u00a0Minuten\" \/>\n<script type=\"application\/ld+json\" class=\"yoast-schema-graph\">{\"@context\":\"https:\/\/schema.org\",\"@graph\":[{\"@type\":\"WebPage\",\"@id\":\"https:\/\/emtancons.com\/de\/gau-millenium-mall\/\",\"url\":\"https:\/\/emtancons.com\/de\/gau-millenium-mall\/\",\"name\":\"Gau Millenium Mall - Emtan Construction\",\"isPartOf\":{\"@id\":\"https:\/\/emtancons.com\/#website\"},\"primaryImageOfPage\":{\"@id\":\"https:\/\/emtancons.com\/de\/gau-millenium-mall\/#primaryimage\"},\"image\":{\"@id\":\"https:\/\/emtancons.com\/de\/gau-millenium-mall\/#primaryimage\"},\"thumbnailUrl\":\"https:\/\/emtancons.com\/wp-content\/uploads\/2024\/09\/resim_2024-09-05_232555809.png\",\"datePublished\":\"2024-09-05T20:29:44+00:00\",\"dateModified\":\"2025-09-26T13:58:57+00:00\",\"breadcrumb\":{\"@id\":\"https:\/\/emtancons.com\/de\/gau-millenium-mall\/#breadcrumb\"},\"inLanguage\":\"de\",\"potentialAction\":[{\"@type\":\"ReadAction\",\"target\":[\"https:\/\/emtancons.com\/de\/gau-millenium-mall\/\"]}]},{\"@type\":\"ImageObject\",\"inLanguage\":\"de\",\"@id\":\"https:\/\/emtancons.com\/de\/gau-millenium-mall\/#primaryimage\",\"url\":\"https:\/\/emtancons.com\/wp-content\/uploads\/2024\/09\/resim_2024-09-05_232555809.png\",\"contentUrl\":\"https:\/\/emtancons.com\/wp-content\/uploads\/2024\/09\/resim_2024-09-05_232555809.png\"},{\"@type\":\"BreadcrumbList\",\"@id\":\"https:\/\/emtancons.com\/de\/gau-millenium-mall\/#breadcrumb\",\"itemListElement\":[{\"@type\":\"ListItem\",\"position\":1,\"name\":\"Anasayfa\",\"item\":\"https:\/\/emtancons.com\/\"},{\"@type\":\"ListItem\",\"position\":2,\"name\":\"Gau Millenium Mall\"}]},{\"@type\":\"WebSite\",\"@id\":\"https:\/\/emtancons.com\/#website\",\"url\":\"https:\/\/emtancons.com\/\",\"name\":\"Emtan Construction\",\"description\":\"\",\"potentialAction\":[{\"@type\":\"SearchAction\",\"target\":{\"@type\":\"EntryPoint\",\"urlTemplate\":\"https:\/\/emtancons.com\/?s={search_term_string}\"},\"query-input\":{\"@type\":\"PropertyValueSpecification\",\"valueRequired\":true,\"valueName\":\"search_term_string\"}}],\"inLanguage\":\"de\"}]}<\/script>\n<!-- \/ Yoast SEO plugin. -->","yoast_head_json":{"title":"Gau Millenium Mall - Emtan Construction","robots":{"index":"index","follow":"follow","max-snippet":"max-snippet:-1","max-image-preview":"max-image-preview:large","max-video-preview":"max-video-preview:-1"},"canonical":"https:\/\/emtancons.com\/de\/gau-millenium-mall\/","og_locale":"de_DE","og_type":"article","og_title":"Gau Millenium Mall - Emtan Construction","og_description":"Details zum Projekt GAU Millenium Mall G\u0130RNE MERKEZ, G\u0130RNE Geb\u00e4udedesign und Architektur Das Design der GAU Millennium Mall verfolgt einen modernen und innovativen architektonischen Ansatz. Das Geb\u00e4ude besticht durch eine \u00e4sthetisch ansprechende Fassade mit einer mehrschichtigen Struktur, die die vielf\u00e4ltigen Funktionen im Inneren widerspiegelt. Die Kombination verschiedener Materialien sorgt f\u00fcr ein markantes Erscheinungsbild und unterstreicht [&hellip;]","og_url":"https:\/\/emtancons.com\/de\/gau-millenium-mall\/","og_site_name":"Emtan Construction","article_modified_time":"2025-09-26T13:58:57+00:00","og_image":[{"url":"https:\/\/emtancons.com\/wp-content\/uploads\/2024\/09\/resim_2024-09-05_232555809.png","type":"","width":"","height":""}],"twitter_card":"summary_large_image","twitter_misc":{"Gesch\u00e4tzte Lesezeit":"2\u00a0Minuten"},"schema":{"@context":"https:\/\/schema.org","@graph":[{"@type":"WebPage","@id":"https:\/\/emtancons.com\/de\/gau-millenium-mall\/","url":"https:\/\/emtancons.com\/de\/gau-millenium-mall\/","name":"Gau Millenium Mall - Emtan Construction","isPartOf":{"@id":"https:\/\/emtancons.com\/#website"},"primaryImageOfPage":{"@id":"https:\/\/emtancons.com\/de\/gau-millenium-mall\/#primaryimage"},"image":{"@id":"https:\/\/emtancons.com\/de\/gau-millenium-mall\/#primaryimage"},"thumbnailUrl":"https:\/\/emtancons.com\/wp-content\/uploads\/2024\/09\/resim_2024-09-05_232555809.png","datePublished":"2024-09-05T20:29:44+00:00","dateModified":"2025-09-26T13:58:57+00:00","breadcrumb":{"@id":"https:\/\/emtancons.com\/de\/gau-millenium-mall\/#breadcrumb"},"inLanguage":"de","potentialAction":[{"@type":"ReadAction","target":["https:\/\/emtancons.com\/de\/gau-millenium-mall\/"]}]},{"@type":"ImageObject","inLanguage":"de","@id":"https:\/\/emtancons.com\/de\/gau-millenium-mall\/#primaryimage","url":"https:\/\/emtancons.com\/wp-content\/uploads\/2024\/09\/resim_2024-09-05_232555809.png","contentUrl":"https:\/\/emtancons.com\/wp-content\/uploads\/2024\/09\/resim_2024-09-05_232555809.png"},{"@type":"BreadcrumbList","@id":"https:\/\/emtancons.com\/de\/gau-millenium-mall\/#breadcrumb","itemListElement":[{"@type":"ListItem","position":1,"name":"Anasayfa","item":"https:\/\/emtancons.com\/"},{"@type":"ListItem","position":2,"name":"Gau Millenium Mall"}]},{"@type":"WebSite","@id":"https:\/\/emtancons.com\/#website","url":"https:\/\/emtancons.com\/","name":"Emtan Construction","description":"","potentialAction":[{"@type":"SearchAction","target":{"@type":"EntryPoint","urlTemplate":"https:\/\/emtancons.com\/?s={search_term_string}"},"query-input":{"@type":"PropertyValueSpecification","valueRequired":true,"valueName":"search_term_string"}}],"inLanguage":"de"}]}},"_links":{"self":[{"href":"https:\/\/emtancons.com\/de\/wp-json\/wp\/v2\/pages\/7455","targetHints":{"allow":["GET"]}}],"collection":[{"href":"https:\/\/emtancons.com\/de\/wp-json\/wp\/v2\/pages"}],"about":[{"href":"https:\/\/emtancons.com\/de\/wp-json\/wp\/v2\/types\/page"}],"author":[{"embeddable":true,"href":"https:\/\/emtancons.com\/de\/wp-json\/wp\/v2\/users\/1"}],"replies":[{"embeddable":true,"href":"https:\/\/emtancons.com\/de\/wp-json\/wp\/v2\/comments?post=7455"}],"version-history":[{"count":10,"href":"https:\/\/emtancons.com\/de\/wp-json\/wp\/v2\/pages\/7455\/revisions"}],"predecessor-version":[{"id":8978,"href":"https:\/\/emtancons.com\/de\/wp-json\/wp\/v2\/pages\/7455\/revisions\/8978"}],"wp:attachment":[{"href":"https:\/\/emtancons.com\/de\/wp-json\/wp\/v2\/media?parent=7455"}],"curies":[{"name":"wp","href":"https:\/\/api.w.org\/{rel}","templated":true}]}}