{"id":7451,"date":"2024-09-05T23:24:02","date_gmt":"2024-09-05T20:24:02","guid":{"rendered":"https:\/\/emtancons.com\/gau-gordon-bennett-dormitory\/"},"modified":"2025-11-05T14:36:11","modified_gmt":"2025-11-05T11:36:11","slug":"gau-gordon-bennett-dormitory","status":"publish","type":"page","link":"https:\/\/emtancons.com\/de\/gau-gordon-bennett-dormitory\/","title":{"rendered":"Gau Gordon Bennett Dormitory"},"content":{"rendered":"\t\t<div data-elementor-type=\"wp-page\" data-elementor-id=\"7451\" class=\"elementor elementor-7451 elementor-2336\" data-elementor-post-type=\"page\">\n\t\t\t\t\t\t<section class=\"elementor-section elementor-top-section elementor-element elementor-element-32e53e1b elementor-section-content-middle elementor-section-boxed elementor-section-height-default elementor-section-height-default\" data-id=\"32e53e1b\" data-element_type=\"section\" data-e-type=\"section\" data-settings=\"{&quot;background_background&quot;:&quot;classic&quot;}\">\n\t\t\t\t\t\t\t<div class=\"elementor-background-overlay\"><\/div>\n\t\t\t\t\t\t\t<div class=\"elementor-container elementor-column-gap-default\">\n\t\t\t\t\t<div class=\"elementor-column elementor-col-50 elementor-top-column elementor-element elementor-element-db41c64\" data-id=\"db41c64\" data-element_type=\"column\" data-e-type=\"column\">\n\t\t\t<div class=\"elementor-widget-wrap elementor-element-populated\">\n\t\t\t\t\t\t<div class=\"elementor-element elementor-element-4016c41b elementor-widget elementor-widget-heading\" data-id=\"4016c41b\" data-element_type=\"widget\" data-e-type=\"widget\" data-widget_type=\"heading.default\">\n\t\t\t\t<div class=\"elementor-widget-container\">\n\t\t\t\t\t<p class=\"elementor-heading-title elementor-size-default\">Details zum Projekt<\/p>\t\t\t\t<\/div>\n\t\t\t\t<\/div>\n\t\t\t\t<div class=\"elementor-element elementor-element-1d6fb838 elementor-invisible elementor-widget elementor-widget-heading\" data-id=\"1d6fb838\" data-element_type=\"widget\" data-e-type=\"widget\" data-settings=\"{&quot;_animation&quot;:&quot;fadeInUp&quot;}\" data-widget_type=\"heading.default\">\n\t\t\t\t<div class=\"elementor-widget-container\">\n\t\t\t\t\t<h1 class=\"elementor-heading-title elementor-size-default\">GAU Gordon Bennett Dormitory\n<\/h1>\t\t\t\t<\/div>\n\t\t\t\t<\/div>\n\t\t\t\t<div class=\"elementor-element elementor-element-685bd2e elementor-icon-list--layout-inline elementor-list-item-link-full_width elementor-widget elementor-widget-icon-list\" data-id=\"685bd2e\" data-element_type=\"widget\" data-e-type=\"widget\" data-widget_type=\"icon-list.default\">\n\t\t\t\t<div class=\"elementor-widget-container\">\n\t\t\t\t\t\t\t<ul class=\"elementor-icon-list-items elementor-inline-items\">\n\t\t\t\t\t\t\t<li class=\"elementor-icon-list-item elementor-inline-item\">\n\t\t\t\t\t\t\t\t\t\t\t<a href=\"#\">\n\n\t\t\t\t\t\t\t\t\t\t\t\t<span class=\"elementor-icon-list-icon\">\n\t\t\t\t\t\t\t<i aria-hidden=\"true\" class=\"fas fa-arrow-right\"><\/i>\t\t\t\t\t\t<\/span>\n\t\t\t\t\t\t\t\t\t\t<span class=\"elementor-icon-list-text\">G\u0130RNE CENTER, G\u0130RNE<\/span>\n\t\t\t\t\t\t\t\t\t\t\t<\/a>\n\t\t\t\t\t\t\t\t\t<\/li>\n\t\t\t\t\t\t<\/ul>\n\t\t\t\t\t\t<\/div>\n\t\t\t\t<\/div>\n\t\t\t\t\t<\/div>\n\t\t<\/div>\n\t\t\t\t<div class=\"elementor-column elementor-col-50 elementor-top-column elementor-element elementor-element-79072f24\" data-id=\"79072f24\" data-element_type=\"column\" data-e-type=\"column\">\n\t\t\t<div class=\"elementor-widget-wrap\">\n\t\t\t\t\t\t\t<\/div>\n\t\t<\/div>\n\t\t\t\t\t<\/div>\n\t\t<\/section>\n\t\t\t\t<section class=\"elementor-section elementor-top-section elementor-element elementor-element-7b12ea4e elementor-section-boxed elementor-section-height-default elementor-section-height-default\" data-id=\"7b12ea4e\" data-element_type=\"section\" data-e-type=\"section\">\n\t\t\t\t\t\t\t<div class=\"elementor-background-overlay\"><\/div>\n\t\t\t\t\t\t\t<div class=\"elementor-container elementor-column-gap-default\">\n\t\t\t\t\t<div class=\"elementor-column elementor-col-50 elementor-top-column elementor-element elementor-element-2aef3d6b elementor-invisible\" data-id=\"2aef3d6b\" data-element_type=\"column\" data-e-type=\"column\" data-settings=\"{&quot;background_background&quot;:&quot;classic&quot;,&quot;animation&quot;:&quot;slideInUp&quot;}\">\n\t\t\t<div class=\"elementor-widget-wrap elementor-element-populated\">\n\t\t\t\t\t\t<div class=\"elementor-element elementor-element-8647c1a elementor-widget elementor-widget-text-editor\" data-id=\"8647c1a\" data-element_type=\"widget\" data-e-type=\"widget\" data-widget_type=\"text-editor.default\">\n\t\t\t\t<div class=\"elementor-widget-container\">\n\t\t\t\t\t\t\t\t\t<p>Das GAU Gordon Bennett Dormitory ist ein modernes und funktionales Studentenwohnheim auf dem Campus der Girne American University (GAU). Das Geb\u00e4ude wurde konzipiert, um das akademische Leben der Studierenden zu erleichtern und einen sicheren, komfortablen und geselligen Wohnraum zu bieten. Das Gordon Bennett Dormitory wurde so konzipiert, dass es den Studierenden sowohl individuelle Lern- als auch soziale Interaktionsm\u00f6glichkeiten bietet.<\/p><p>Architektur und Strukturmerkmale<\/p><p>Das Geb\u00e4ude ist ein beeindruckendes Beispiel moderner Architektur und f\u00fcgt sich harmonisch in die umgebende Naturlandschaft ein. Es wurde mit hochenergieeffizienten Materialien gebaut und bietet durch maximale nat\u00fcrliche Beleuchtung und Bel\u00fcftung nachhaltigen Wohnraum. Die gro\u00dfen Glasfenster und Balkone in der Fassadengestaltung machen die Wohnr\u00e4ume heller und ger\u00e4umiger.<\/p><p>Ein weiteres markantes architektonisches Merkmal ist die funktionale Aufteilung des Innenraums. Verschiedene Bereiche wurden geschaffen, um den Bed\u00fcrfnissen der Studierenden nach Ruhe, Lernen und Sozialkontakten gerecht zu werden. Die Innenarchitektur des Geb\u00e4udes ist minimalistisch und zeichnet sich durch eine schlichte und moderne \u00c4sthetik aus. Ergonomische M\u00f6bel und eine studentenfreundliche Raumaufteilung sorgen f\u00fcr maximalen Nutzerkomfort.<\/p><p>Zimmeraufteilung und Innenausstattung<\/p><p>Das Gordon Bennett Wohnheim bietet verschiedene Zimmertypen f\u00fcr unterschiedliche Wohnbed\u00fcrfnisse. Die Auswahl an Unterk\u00fcnften, vom Einzel- bis zum Mehrbettzimmer, ist auf das Budget und die Vorlieben der Studierenden zugeschnitten. Jedes Zimmer ist individuell auf die Bed\u00fcrfnisse der Studierenden zugeschnitten und verf\u00fcgt \u00fcber einen eigenen Arbeitsbereich, Schr\u00e4nke, bequeme Betten und Highspeed-Internetzugang.<\/p><p>Das Wohnheim bietet ruhige Lernr\u00e4ume f\u00fcr individuelles Lernen, Gemeinschaftsbereiche und Mehrzweckr\u00e4ume f\u00fcr gesellige Aktivit\u00e4ten. Freizeitbereiche und Cafeterias, die speziell auf die Bed\u00fcrfnisse der Studierenden nach Ruhe und Entspannung ausgerichtet sind, sind ebenfalls ein wichtiger Bestandteil des Geb\u00e4udes.<\/p><p>Gemeinschaftsbereiche<\/p><p>Das Geb\u00e4ude bietet gro\u00dfz\u00fcgige Gemeinschaftsbereiche f\u00fcr die Studierenden, um Kontakte zu kn\u00fcpfen. Es gibt Speises\u00e4le, eine Bibliothek und einen Fitnessraum f\u00fcr unterschiedliche Bed\u00fcrfnisse. Die hauseigenen Waschk\u00fcchen und K\u00fcchen erleichtern den Studierenden den Alltag. Zur F\u00f6rderung des sozialen Austauschs stehen ger\u00e4umige Aufenthaltsr\u00e4ume sowie Konferenz- und Tagungsr\u00e4ume zur Verf\u00fcgung, in denen studentische Gruppen Veranstaltungen organisieren k\u00f6nnen.<\/p>\t\t\t\t\t\t\t\t<\/div>\n\t\t\t\t<\/div>\n\t\t\t\t\t<\/div>\n\t\t<\/div>\n\t\t\t\t<div class=\"elementor-column elementor-col-50 elementor-top-column elementor-element elementor-element-31f35073\" data-id=\"31f35073\" data-element_type=\"column\" data-e-type=\"column\">\n\t\t\t<div class=\"elementor-widget-wrap\">\n\t\t\t\t\t\t\t<\/div>\n\t\t<\/div>\n\t\t\t\t\t<\/div>\n\t\t<\/section>\n\t\t\t\t<section class=\"elementor-section elementor-top-section elementor-element elementor-element-17bf1809 elementor-section-full_width elementor-section-height-default elementor-section-height-default\" data-id=\"17bf1809\" data-element_type=\"section\" data-e-type=\"section\">\n\t\t\t\t\t\t<div class=\"elementor-container elementor-column-gap-default\">\n\t\t\t\t\t<div class=\"elementor-column elementor-col-100 elementor-top-column elementor-element elementor-element-6c8ba90c\" data-id=\"6c8ba90c\" data-element_type=\"column\" data-e-type=\"column\">\n\t\t\t<div class=\"elementor-widget-wrap elementor-element-populated\">\n\t\t\t\t\t\t<div class=\"elementor-element elementor-element-6e5eb0bc gallery-spacing-custom elementor-widget elementor-widget-image-gallery\" data-id=\"6e5eb0bc\" data-element_type=\"widget\" data-e-type=\"widget\" data-widget_type=\"image-gallery.default\">\n\t\t\t\t<div class=\"elementor-widget-container\">\n\t\t\t\t\t\t\t<div class=\"elementor-image-gallery\">\n\t\t\t<div id='gallery-1' class='gallery galleryid-7451 gallery-columns-3 gallery-size-full'><figure class='gallery-item'>\n\t\t\t<div class='gallery-icon landscape'>\n\t\t\t\t<a data-elementor-open-lightbox=\"yes\" data-elementor-lightbox-slideshow=\"6e5eb0bc\" data-elementor-lightbox-title=\"resim_2024-09-05_231809342\" data-e-action-hash=\"#elementor-action%3Aaction%3Dlightbox%26settings%3DeyJpZCI6NzQ1MiwidXJsIjoiaHR0cHM6XC9cL2VtdGFuY29ucy5jb21cL3dwLWNvbnRlbnRcL3VwbG9hZHNcLzIwMjRcLzA5XC9yZXNpbV8yMDI0LTA5LTA1XzIzMTgwOTM0Mi5wbmciLCJzbGlkZXNob3ciOiI2ZTVlYjBiYyJ9\" href='https:\/\/emtancons.com\/wp-content\/uploads\/2024\/09\/resim_2024-09-05_231809342.png'><img fetchpriority=\"high\" decoding=\"async\" width=\"1000\" height=\"667\" src=\"https:\/\/emtancons.com\/wp-content\/uploads\/2024\/09\/resim_2024-09-05_231809342.png\" class=\"attachment-full size-full\" alt=\"\" srcset=\"https:\/\/emtancons.com\/wp-content\/uploads\/2024\/09\/resim_2024-09-05_231809342.png 1000w, https:\/\/emtancons.com\/wp-content\/uploads\/2024\/09\/resim_2024-09-05_231809342-300x200.png 300w, https:\/\/emtancons.com\/wp-content\/uploads\/2024\/09\/resim_2024-09-05_231809342-768x512.png 768w, https:\/\/emtancons.com\/wp-content\/uploads\/2024\/09\/resim_2024-09-05_231809342-350x233.png 350w, https:\/\/emtancons.com\/wp-content\/uploads\/2024\/09\/resim_2024-09-05_231809342-370x247.png 370w, https:\/\/emtancons.com\/wp-content\/uploads\/2024\/09\/resim_2024-09-05_231809342-255x170.png 255w, https:\/\/emtancons.com\/wp-content\/uploads\/2024\/09\/resim_2024-09-05_231809342-285x190.png 285w, https:\/\/emtancons.com\/wp-content\/uploads\/2024\/09\/resim_2024-09-05_231809342-600x400.png 600w, https:\/\/emtancons.com\/wp-content\/uploads\/2024\/09\/resim_2024-09-05_231809342-560x374.png 560w\" sizes=\"(max-width: 1000px) 100vw, 1000px\" \/><\/a>\n\t\t\t<\/div><\/figure><figure class='gallery-item'>\n\t\t\t<div class='gallery-icon landscape'>\n\t\t\t\t<a data-elementor-open-lightbox=\"yes\" data-elementor-lightbox-slideshow=\"6e5eb0bc\" data-elementor-lightbox-title=\"Emtan All Completed Projects_.00_17_34_14.Still118\" data-e-action-hash=\"#elementor-action%3Aaction%3Dlightbox%26settings%3DeyJpZCI6OTUxNCwidXJsIjoiaHR0cHM6XC9cL2VtdGFuY29ucy5jb21cL3dwLWNvbnRlbnRcL3VwbG9hZHNcLzIwMjVcLzExXC9FbXRhbi1BbGwtQ29tcGxldGVkLVByb2plY3RzXy4wMF8xN18zNF8xNC5TdGlsbDExOC53ZWJwIiwic2xpZGVzaG93IjoiNmU1ZWIwYmMifQ%3D%3D\" href='https:\/\/emtancons.com\/wp-content\/uploads\/2025\/11\/Emtan-All-Completed-Projects_.00_17_34_14.Still118.webp'><img decoding=\"async\" width=\"1200\" height=\"675\" src=\"https:\/\/emtancons.com\/wp-content\/uploads\/2025\/11\/Emtan-All-Completed-Projects_.00_17_34_14.Still118.webp\" class=\"attachment-full size-full\" alt=\"\" srcset=\"https:\/\/emtancons.com\/wp-content\/uploads\/2025\/11\/Emtan-All-Completed-Projects_.00_17_34_14.Still118.webp 1200w, https:\/\/emtancons.com\/wp-content\/uploads\/2025\/11\/Emtan-All-Completed-Projects_.00_17_34_14.Still118-300x169.webp 300w, https:\/\/emtancons.com\/wp-content\/uploads\/2025\/11\/Emtan-All-Completed-Projects_.00_17_34_14.Still118-1024x576.webp 1024w, https:\/\/emtancons.com\/wp-content\/uploads\/2025\/11\/Emtan-All-Completed-Projects_.00_17_34_14.Still118-768x432.webp 768w\" sizes=\"(max-width: 1200px) 100vw, 1200px\" \/><\/a>\n\t\t\t<\/div><\/figure><figure class='gallery-item'>\n\t\t\t<div class='gallery-icon landscape'>\n\t\t\t\t<a data-elementor-open-lightbox=\"yes\" data-elementor-lightbox-slideshow=\"6e5eb0bc\" data-elementor-lightbox-title=\"Emtan All Completed Projects_.00_17_40_19.Still119\" data-e-action-hash=\"#elementor-action%3Aaction%3Dlightbox%26settings%3DeyJpZCI6OTUwOSwidXJsIjoiaHR0cHM6XC9cL2VtdGFuY29ucy5jb21cL3dwLWNvbnRlbnRcL3VwbG9hZHNcLzIwMjVcLzExXC9FbXRhbi1BbGwtQ29tcGxldGVkLVByb2plY3RzXy4wMF8xN180MF8xOS5TdGlsbDExOS53ZWJwIiwic2xpZGVzaG93IjoiNmU1ZWIwYmMifQ%3D%3D\" href='https:\/\/emtancons.com\/wp-content\/uploads\/2025\/11\/Emtan-All-Completed-Projects_.00_17_40_19.Still119.webp'><img decoding=\"async\" width=\"1200\" height=\"675\" src=\"https:\/\/emtancons.com\/wp-content\/uploads\/2025\/11\/Emtan-All-Completed-Projects_.00_17_40_19.Still119.webp\" class=\"attachment-full size-full\" alt=\"\" srcset=\"https:\/\/emtancons.com\/wp-content\/uploads\/2025\/11\/Emtan-All-Completed-Projects_.00_17_40_19.Still119.webp 1200w, https:\/\/emtancons.com\/wp-content\/uploads\/2025\/11\/Emtan-All-Completed-Projects_.00_17_40_19.Still119-300x169.webp 300w, https:\/\/emtancons.com\/wp-content\/uploads\/2025\/11\/Emtan-All-Completed-Projects_.00_17_40_19.Still119-1024x576.webp 1024w, https:\/\/emtancons.com\/wp-content\/uploads\/2025\/11\/Emtan-All-Completed-Projects_.00_17_40_19.Still119-768x432.webp 768w\" sizes=\"(max-width: 1200px) 100vw, 1200px\" \/><\/a>\n\t\t\t<\/div><\/figure><figure class='gallery-item'>\n\t\t\t<div class='gallery-icon landscape'>\n\t\t\t\t<a data-elementor-open-lightbox=\"yes\" data-elementor-lightbox-slideshow=\"6e5eb0bc\" data-elementor-lightbox-title=\"Emtan All Completed Projects_.00_17_41_22.Still120\" data-e-action-hash=\"#elementor-action%3Aaction%3Dlightbox%26settings%3DeyJpZCI6OTUwNCwidXJsIjoiaHR0cHM6XC9cL2VtdGFuY29ucy5jb21cL3dwLWNvbnRlbnRcL3VwbG9hZHNcLzIwMjVcLzExXC9FbXRhbi1BbGwtQ29tcGxldGVkLVByb2plY3RzXy4wMF8xN180MV8yMi5TdGlsbDEyMC53ZWJwIiwic2xpZGVzaG93IjoiNmU1ZWIwYmMifQ%3D%3D\" href='https:\/\/emtancons.com\/wp-content\/uploads\/2025\/11\/Emtan-All-Completed-Projects_.00_17_41_22.Still120.webp'><img loading=\"lazy\" decoding=\"async\" width=\"1200\" height=\"675\" src=\"https:\/\/emtancons.com\/wp-content\/uploads\/2025\/11\/Emtan-All-Completed-Projects_.00_17_41_22.Still120.webp\" class=\"attachment-full size-full\" alt=\"\" srcset=\"https:\/\/emtancons.com\/wp-content\/uploads\/2025\/11\/Emtan-All-Completed-Projects_.00_17_41_22.Still120.webp 1200w, https:\/\/emtancons.com\/wp-content\/uploads\/2025\/11\/Emtan-All-Completed-Projects_.00_17_41_22.Still120-300x169.webp 300w, https:\/\/emtancons.com\/wp-content\/uploads\/2025\/11\/Emtan-All-Completed-Projects_.00_17_41_22.Still120-1024x576.webp 1024w, https:\/\/emtancons.com\/wp-content\/uploads\/2025\/11\/Emtan-All-Completed-Projects_.00_17_41_22.Still120-768x432.webp 768w\" sizes=\"(max-width: 1200px) 100vw, 1200px\" \/><\/a>\n\t\t\t<\/div><\/figure><figure class='gallery-item'>\n\t\t\t<div class='gallery-icon landscape'>\n\t\t\t\t<a data-elementor-open-lightbox=\"yes\" data-elementor-lightbox-slideshow=\"6e5eb0bc\" data-elementor-lightbox-title=\"Emtan All Completed Projects_.00_18_00_00.Still122\" data-e-action-hash=\"#elementor-action%3Aaction%3Dlightbox%26settings%3DeyJpZCI6OTQ5OSwidXJsIjoiaHR0cHM6XC9cL2VtdGFuY29ucy5jb21cL3dwLWNvbnRlbnRcL3VwbG9hZHNcLzIwMjVcLzExXC9FbXRhbi1BbGwtQ29tcGxldGVkLVByb2plY3RzXy4wMF8xOF8wMF8wMC5TdGlsbDEyMi53ZWJwIiwic2xpZGVzaG93IjoiNmU1ZWIwYmMifQ%3D%3D\" href='https:\/\/emtancons.com\/wp-content\/uploads\/2025\/11\/Emtan-All-Completed-Projects_.00_18_00_00.Still122.webp'><img loading=\"lazy\" decoding=\"async\" width=\"1200\" height=\"675\" src=\"https:\/\/emtancons.com\/wp-content\/uploads\/2025\/11\/Emtan-All-Completed-Projects_.00_18_00_00.Still122.webp\" class=\"attachment-full size-full\" alt=\"\" srcset=\"https:\/\/emtancons.com\/wp-content\/uploads\/2025\/11\/Emtan-All-Completed-Projects_.00_18_00_00.Still122.webp 1200w, https:\/\/emtancons.com\/wp-content\/uploads\/2025\/11\/Emtan-All-Completed-Projects_.00_18_00_00.Still122-300x169.webp 300w, https:\/\/emtancons.com\/wp-content\/uploads\/2025\/11\/Emtan-All-Completed-Projects_.00_18_00_00.Still122-1024x576.webp 1024w, https:\/\/emtancons.com\/wp-content\/uploads\/2025\/11\/Emtan-All-Completed-Projects_.00_18_00_00.Still122-768x432.webp 768w\" sizes=\"(max-width: 1200px) 100vw, 1200px\" \/><\/a>\n\t\t\t<\/div><\/figure>\n\t\t<\/div>\n\t\t<\/div>\n\t\t\t\t\t\t<\/div>\n\t\t\t\t<\/div>\n\t\t\t\t\t<\/div>\n\t\t<\/div>\n\t\t\t\t\t<\/div>\n\t\t<\/section>\n\t\t\t\t<\/div>\n\t\t","protected":false},"excerpt":{"rendered":"<p>Details zum Projekt GAU Gordon Bennett Dormitory G\u0130RNE CENTER, G\u0130RNE Das GAU Gordon Bennett Dormitory ist ein modernes und funktionales Studentenwohnheim auf dem Campus der Girne American University (GAU). Das Geb\u00e4ude wurde konzipiert, um das akademische Leben der Studierenden zu erleichtern und einen sicheren, komfortablen und geselligen Wohnraum zu bieten. Das Gordon Bennett Dormitory wurde [&hellip;]<\/p>\n","protected":false},"author":1,"featured_media":0,"parent":0,"menu_order":0,"comment_status":"closed","ping_status":"closed","template":"elementor_header_footer","meta":{"footnotes":""},"class_list":["post-7451","page","type-page","status-publish","hentry"],"yoast_head":"<!-- This site is optimized with the Yoast SEO plugin v27.4 - https:\/\/yoast.com\/product\/yoast-seo-wordpress\/ -->\n<title>Gau Gordon Bennett Dormitory - Emtan Construction<\/title>\n<meta name=\"description\" content=\"Gau Gordon Bennett Dormitory, \u00f6\u011frenciler i\u00e7in g\u00fcvenli, konforlu ve ula\u015f\u0131m\u0131 kolay bir yurt se\u00e7ene\u011fi sunar. Emtan kalitesiyle in\u015fa edildi.\" \/>\n<meta name=\"robots\" content=\"index, follow, max-snippet:-1, max-image-preview:large, max-video-preview:-1\" \/>\n<link rel=\"canonical\" href=\"https:\/\/emtancons.com\/de\/gau-gordon-bennett-dormitory\/\" \/>\n<meta property=\"og:locale\" content=\"de_DE\" \/>\n<meta property=\"og:type\" content=\"article\" \/>\n<meta property=\"og:title\" content=\"Gau Gordon Bennett Dormitory - Emtan Construction\" \/>\n<meta property=\"og:description\" content=\"Gau Gordon Bennett Dormitory, \u00f6\u011frenciler i\u00e7in g\u00fcvenli, konforlu ve ula\u015f\u0131m\u0131 kolay bir yurt se\u00e7ene\u011fi sunar. Emtan kalitesiyle in\u015fa edildi.\" \/>\n<meta property=\"og:url\" content=\"https:\/\/emtancons.com\/de\/gau-gordon-bennett-dormitory\/\" \/>\n<meta property=\"og:site_name\" content=\"Emtan Construction\" \/>\n<meta property=\"article:modified_time\" content=\"2025-11-05T11:36:11+00:00\" \/>\n<meta property=\"og:image\" content=\"https:\/\/emtancons.com\/wp-content\/uploads\/2024\/09\/resim_2024-09-05_231809342.png\" \/>\n<meta name=\"twitter:card\" content=\"summary_large_image\" \/>\n<meta name=\"twitter:label1\" content=\"Gesch\u00e4tzte Lesezeit\" \/>\n\t<meta name=\"twitter:data1\" content=\"3\u00a0Minuten\" \/>\n<script type=\"application\/ld+json\" class=\"yoast-schema-graph\">{\"@context\":\"https:\\\/\\\/schema.org\",\"@graph\":[{\"@type\":\"WebPage\",\"@id\":\"https:\\\/\\\/emtancons.com\\\/de\\\/gau-gordon-bennett-dormitory\\\/\",\"url\":\"https:\\\/\\\/emtancons.com\\\/de\\\/gau-gordon-bennett-dormitory\\\/\",\"name\":\"Gau Gordon Bennett Dormitory - Emtan Construction\",\"isPartOf\":{\"@id\":\"https:\\\/\\\/emtancons.com\\\/#website\"},\"primaryImageOfPage\":{\"@id\":\"https:\\\/\\\/emtancons.com\\\/de\\\/gau-gordon-bennett-dormitory\\\/#primaryimage\"},\"image\":{\"@id\":\"https:\\\/\\\/emtancons.com\\\/de\\\/gau-gordon-bennett-dormitory\\\/#primaryimage\"},\"thumbnailUrl\":\"https:\\\/\\\/emtancons.com\\\/wp-content\\\/uploads\\\/2024\\\/09\\\/resim_2024-09-05_231809342.png\",\"datePublished\":\"2024-09-05T20:24:02+00:00\",\"dateModified\":\"2025-11-05T11:36:11+00:00\",\"description\":\"Gau Gordon Bennett Dormitory, \u00f6\u011frenciler i\u00e7in g\u00fcvenli, konforlu ve ula\u015f\u0131m\u0131 kolay bir yurt se\u00e7ene\u011fi sunar. Emtan kalitesiyle in\u015fa edildi.\",\"breadcrumb\":{\"@id\":\"https:\\\/\\\/emtancons.com\\\/de\\\/gau-gordon-bennett-dormitory\\\/#breadcrumb\"},\"inLanguage\":\"de\",\"potentialAction\":[{\"@type\":\"ReadAction\",\"target\":[\"https:\\\/\\\/emtancons.com\\\/de\\\/gau-gordon-bennett-dormitory\\\/\"]}]},{\"@type\":\"ImageObject\",\"inLanguage\":\"de\",\"@id\":\"https:\\\/\\\/emtancons.com\\\/de\\\/gau-gordon-bennett-dormitory\\\/#primaryimage\",\"url\":\"https:\\\/\\\/emtancons.com\\\/wp-content\\\/uploads\\\/2024\\\/09\\\/resim_2024-09-05_231809342.png\",\"contentUrl\":\"https:\\\/\\\/emtancons.com\\\/wp-content\\\/uploads\\\/2024\\\/09\\\/resim_2024-09-05_231809342.png\"},{\"@type\":\"BreadcrumbList\",\"@id\":\"https:\\\/\\\/emtancons.com\\\/de\\\/gau-gordon-bennett-dormitory\\\/#breadcrumb\",\"itemListElement\":[{\"@type\":\"ListItem\",\"position\":1,\"name\":\"Anasayfa\",\"item\":\"https:\\\/\\\/emtancons.com\\\/\"},{\"@type\":\"ListItem\",\"position\":2,\"name\":\"Gau Gordon Bennett Dormitory\"}]},{\"@type\":\"WebSite\",\"@id\":\"https:\\\/\\\/emtancons.com\\\/#website\",\"url\":\"https:\\\/\\\/emtancons.com\\\/\",\"name\":\"Emtan Construction\",\"description\":\"\",\"potentialAction\":[{\"@type\":\"SearchAction\",\"target\":{\"@type\":\"EntryPoint\",\"urlTemplate\":\"https:\\\/\\\/emtancons.com\\\/?s={search_term_string}\"},\"query-input\":{\"@type\":\"PropertyValueSpecification\",\"valueRequired\":true,\"valueName\":\"search_term_string\"}}],\"inLanguage\":\"de\"}]}<\/script>\n<!-- \/ Yoast SEO plugin. -->","yoast_head_json":{"title":"Gau Gordon Bennett Dormitory - Emtan Construction","description":"Gau Gordon Bennett Dormitory, \u00f6\u011frenciler i\u00e7in g\u00fcvenli, konforlu ve ula\u015f\u0131m\u0131 kolay bir yurt se\u00e7ene\u011fi sunar. Emtan kalitesiyle in\u015fa edildi.","robots":{"index":"index","follow":"follow","max-snippet":"max-snippet:-1","max-image-preview":"max-image-preview:large","max-video-preview":"max-video-preview:-1"},"canonical":"https:\/\/emtancons.com\/de\/gau-gordon-bennett-dormitory\/","og_locale":"de_DE","og_type":"article","og_title":"Gau Gordon Bennett Dormitory - Emtan Construction","og_description":"Gau Gordon Bennett Dormitory, \u00f6\u011frenciler i\u00e7in g\u00fcvenli, konforlu ve ula\u015f\u0131m\u0131 kolay bir yurt se\u00e7ene\u011fi sunar. Emtan kalitesiyle in\u015fa edildi.","og_url":"https:\/\/emtancons.com\/de\/gau-gordon-bennett-dormitory\/","og_site_name":"Emtan Construction","article_modified_time":"2025-11-05T11:36:11+00:00","og_image":[{"url":"https:\/\/emtancons.com\/wp-content\/uploads\/2024\/09\/resim_2024-09-05_231809342.png","type":"","width":"","height":""}],"twitter_card":"summary_large_image","twitter_misc":{"Gesch\u00e4tzte Lesezeit":"3\u00a0Minuten"},"schema":{"@context":"https:\/\/schema.org","@graph":[{"@type":"WebPage","@id":"https:\/\/emtancons.com\/de\/gau-gordon-bennett-dormitory\/","url":"https:\/\/emtancons.com\/de\/gau-gordon-bennett-dormitory\/","name":"Gau Gordon Bennett Dormitory - Emtan Construction","isPartOf":{"@id":"https:\/\/emtancons.com\/#website"},"primaryImageOfPage":{"@id":"https:\/\/emtancons.com\/de\/gau-gordon-bennett-dormitory\/#primaryimage"},"image":{"@id":"https:\/\/emtancons.com\/de\/gau-gordon-bennett-dormitory\/#primaryimage"},"thumbnailUrl":"https:\/\/emtancons.com\/wp-content\/uploads\/2024\/09\/resim_2024-09-05_231809342.png","datePublished":"2024-09-05T20:24:02+00:00","dateModified":"2025-11-05T11:36:11+00:00","description":"Gau Gordon Bennett Dormitory, \u00f6\u011frenciler i\u00e7in g\u00fcvenli, konforlu ve ula\u015f\u0131m\u0131 kolay bir yurt se\u00e7ene\u011fi sunar. Emtan kalitesiyle in\u015fa edildi.","breadcrumb":{"@id":"https:\/\/emtancons.com\/de\/gau-gordon-bennett-dormitory\/#breadcrumb"},"inLanguage":"de","potentialAction":[{"@type":"ReadAction","target":["https:\/\/emtancons.com\/de\/gau-gordon-bennett-dormitory\/"]}]},{"@type":"ImageObject","inLanguage":"de","@id":"https:\/\/emtancons.com\/de\/gau-gordon-bennett-dormitory\/#primaryimage","url":"https:\/\/emtancons.com\/wp-content\/uploads\/2024\/09\/resim_2024-09-05_231809342.png","contentUrl":"https:\/\/emtancons.com\/wp-content\/uploads\/2024\/09\/resim_2024-09-05_231809342.png"},{"@type":"BreadcrumbList","@id":"https:\/\/emtancons.com\/de\/gau-gordon-bennett-dormitory\/#breadcrumb","itemListElement":[{"@type":"ListItem","position":1,"name":"Anasayfa","item":"https:\/\/emtancons.com\/"},{"@type":"ListItem","position":2,"name":"Gau Gordon Bennett Dormitory"}]},{"@type":"WebSite","@id":"https:\/\/emtancons.com\/#website","url":"https:\/\/emtancons.com\/","name":"Emtan Construction","description":"","potentialAction":[{"@type":"SearchAction","target":{"@type":"EntryPoint","urlTemplate":"https:\/\/emtancons.com\/?s={search_term_string}"},"query-input":{"@type":"PropertyValueSpecification","valueRequired":true,"valueName":"search_term_string"}}],"inLanguage":"de"}]}},"_links":{"self":[{"href":"https:\/\/emtancons.com\/de\/wp-json\/wp\/v2\/pages\/7451","targetHints":{"allow":["GET"]}}],"collection":[{"href":"https:\/\/emtancons.com\/de\/wp-json\/wp\/v2\/pages"}],"about":[{"href":"https:\/\/emtancons.com\/de\/wp-json\/wp\/v2\/types\/page"}],"author":[{"embeddable":true,"href":"https:\/\/emtancons.com\/de\/wp-json\/wp\/v2\/users\/1"}],"replies":[{"embeddable":true,"href":"https:\/\/emtancons.com\/de\/wp-json\/wp\/v2\/comments?post=7451"}],"version-history":[{"count":16,"href":"https:\/\/emtancons.com\/de\/wp-json\/wp\/v2\/pages\/7451\/revisions"}],"predecessor-version":[{"id":9529,"href":"https:\/\/emtancons.com\/de\/wp-json\/wp\/v2\/pages\/7451\/revisions\/9529"}],"wp:attachment":[{"href":"https:\/\/emtancons.com\/de\/wp-json\/wp\/v2\/media?parent=7451"}],"curies":[{"name":"wp","href":"https:\/\/api.w.org\/{rel}","templated":true}]}}