{"id":7449,"date":"2024-09-05T23:17:40","date_gmt":"2024-09-05T20:17:40","guid":{"rendered":"https:\/\/emtancons.com\/gau-college\/"},"modified":"2025-11-05T14:55:37","modified_gmt":"2025-11-05T11:55:37","slug":"gau-college","status":"publish","type":"page","link":"https:\/\/emtancons.com\/de\/gau-college\/","title":{"rendered":"Gau College"},"content":{"rendered":"\t\t<div data-elementor-type=\"wp-page\" data-elementor-id=\"7449\" class=\"elementor elementor-7449 elementor-2339\" data-elementor-post-type=\"page\">\n\t\t\t\t\t\t<section class=\"elementor-section elementor-top-section elementor-element elementor-element-4b801a1f elementor-section-content-middle elementor-section-boxed elementor-section-height-default elementor-section-height-default\" data-id=\"4b801a1f\" data-element_type=\"section\" data-e-type=\"section\" data-settings=\"{&quot;background_background&quot;:&quot;classic&quot;}\">\n\t\t\t\t\t\t\t<div class=\"elementor-background-overlay\"><\/div>\n\t\t\t\t\t\t\t<div class=\"elementor-container elementor-column-gap-default\">\n\t\t\t\t\t<div class=\"elementor-column elementor-col-50 elementor-top-column elementor-element elementor-element-546584c4\" data-id=\"546584c4\" data-element_type=\"column\" data-e-type=\"column\">\n\t\t\t<div class=\"elementor-widget-wrap elementor-element-populated\">\n\t\t\t\t\t\t<div class=\"elementor-element elementor-element-5c489b5f elementor-widget elementor-widget-heading\" data-id=\"5c489b5f\" data-element_type=\"widget\" data-e-type=\"widget\" data-widget_type=\"heading.default\">\n\t\t\t\t<div class=\"elementor-widget-container\">\n\t\t\t\t\t<p class=\"elementor-heading-title elementor-size-default\">Details zum Projekt<\/p>\t\t\t\t<\/div>\n\t\t\t\t<\/div>\n\t\t\t\t<div class=\"elementor-element elementor-element-282ce2eb elementor-invisible elementor-widget elementor-widget-heading\" data-id=\"282ce2eb\" data-element_type=\"widget\" data-e-type=\"widget\" data-settings=\"{&quot;_animation&quot;:&quot;fadeInUp&quot;}\" data-widget_type=\"heading.default\">\n\t\t\t\t<div class=\"elementor-widget-container\">\n\t\t\t\t\t<h1 class=\"elementor-heading-title elementor-size-default\">GAU College\n<\/h1>\t\t\t\t<\/div>\n\t\t\t\t<\/div>\n\t\t\t\t<div class=\"elementor-element elementor-element-6a5ffa63 elementor-icon-list--layout-inline elementor-list-item-link-full_width elementor-widget elementor-widget-icon-list\" data-id=\"6a5ffa63\" data-element_type=\"widget\" data-e-type=\"widget\" data-widget_type=\"icon-list.default\">\n\t\t\t\t<div class=\"elementor-widget-container\">\n\t\t\t\t\t\t\t<ul class=\"elementor-icon-list-items elementor-inline-items\">\n\t\t\t\t\t\t\t<li class=\"elementor-icon-list-item elementor-inline-item\">\n\t\t\t\t\t\t\t\t\t\t\t<a href=\"#\">\n\n\t\t\t\t\t\t\t\t\t\t\t\t<span class=\"elementor-icon-list-icon\">\n\t\t\t\t\t\t\t<i aria-hidden=\"true\" class=\"fas fa-arrow-right\"><\/i>\t\t\t\t\t\t<\/span>\n\t\t\t\t\t\t\t\t\t\t<span class=\"elementor-icon-list-text\">G\u0130RNE CENTER, G\u0130RNE<\/span>\n\t\t\t\t\t\t\t\t\t\t\t<\/a>\n\t\t\t\t\t\t\t\t\t<\/li>\n\t\t\t\t\t\t<\/ul>\n\t\t\t\t\t\t<\/div>\n\t\t\t\t<\/div>\n\t\t\t\t\t<\/div>\n\t\t<\/div>\n\t\t\t\t<div class=\"elementor-column elementor-col-50 elementor-top-column elementor-element elementor-element-416fd816\" data-id=\"416fd816\" data-element_type=\"column\" data-e-type=\"column\">\n\t\t\t<div class=\"elementor-widget-wrap\">\n\t\t\t\t\t\t\t<\/div>\n\t\t<\/div>\n\t\t\t\t\t<\/div>\n\t\t<\/section>\n\t\t\t\t<section class=\"elementor-section elementor-top-section elementor-element elementor-element-5e64c4f7 elementor-section-boxed elementor-section-height-default elementor-section-height-default\" data-id=\"5e64c4f7\" data-element_type=\"section\" data-e-type=\"section\">\n\t\t\t\t\t\t\t<div class=\"elementor-background-overlay\"><\/div>\n\t\t\t\t\t\t\t<div class=\"elementor-container elementor-column-gap-default\">\n\t\t\t\t\t<div class=\"elementor-column elementor-col-50 elementor-top-column elementor-element elementor-element-649acb68 elementor-invisible\" data-id=\"649acb68\" data-element_type=\"column\" data-e-type=\"column\" data-settings=\"{&quot;background_background&quot;:&quot;classic&quot;,&quot;animation&quot;:&quot;slideInUp&quot;}\">\n\t\t\t<div class=\"elementor-widget-wrap elementor-element-populated\">\n\t\t\t\t\t\t<div class=\"elementor-element elementor-element-150ba290 elementor-widget elementor-widget-text-editor\" data-id=\"150ba290\" data-element_type=\"widget\" data-e-type=\"widget\" data-widget_type=\"text-editor.default\">\n\t\t\t\t<div class=\"elementor-widget-container\">\n\t\t\t\t\t\t\t\t\t<p>Architektonische Gestaltung und Konzept<\/p><p>Das Geb\u00e4udedesign des GAU College wurde von zeitgen\u00f6ssischen architektonischen Linien und modernen Bildungsanforderungen gepr\u00e4gt. Der minimalistische Ansatz basiert auf der Idee, eine Umgebung zu schaffen, in der Studierende und Lehrende gleicherma\u00dfen entspannen und konzentriert sein k\u00f6nnen. Die Innenr\u00e4ume zeichnen sich durch breite Flure und hohe Decken aus und schaffen so eine gro\u00dfz\u00fcgige Atmosph\u00e4re.<\/p><p>F\u00fcr die Fassadengestaltung wurden wei\u00dfe und Natursteinmaterialien gew\u00e4hlt, die mit der nat\u00fcrlichen Landschaft Kyrenias harmonieren. Die Au\u00dfenfassade des Geb\u00e4udes greift lokale Architekturelemente auf und verbindet historisches und kulturelles Erbe mit modernen Bildungsgeb\u00e4uden.<\/p><p>Innenarchitektur<\/p><p>Die Innenr\u00e4ume des GAU College wurden nach einem studierendenzentrierten Designansatz geplant. Die Unterrichtsr\u00e4ume sind so gestaltet, dass sie interaktive Lernmethoden unterst\u00fctzen und den nat\u00fcrlichen Lichteinfall maximieren. Dies erm\u00f6glicht den Studierenden eine bessere Konzentration im Unterricht und einen produktiveren Unterricht.<\/p><p>Die Innenarchitektur kombiniert Holz und Glas in ausgewogener Weise. Holz sorgt f\u00fcr nat\u00fcrliche W\u00e4rme, w\u00e4hrend Glasakzente dem Geb\u00e4ude einen modernen Touch verleihen. Die Verwendung von Glas sorgt zudem f\u00fcr viel nat\u00fcrliches Licht in den Innenr\u00e4umen.<\/p><p>Technologische Infrastruktur und Nachhaltigkeit<\/p><p>Das Geb\u00e4ude ist mit modernster Technologie ausgestattet, um den heutigen Bildungsanforderungen gerecht zu werden. Unterrichtsr\u00e4ume, Konferenzr\u00e4ume und Labore sind so konzipiert, dass sie den Studierenden ein optimales Lernerlebnis bieten und verf\u00fcgen \u00fcber Smartboard-Systeme, Highspeed-Internet sowie moderne Ton- und Beleuchtungssysteme.<\/p><p>Dar\u00fcber hinaus wurde durch einen nachhaltigen Architekturansatz Energieeffizienz erreicht. Das Geb\u00e4ude ist mit energieeffizienten Beleuchtungssystemen, nat\u00fcrlichen L\u00fcftungsl\u00f6sungen und Solarmodulen ausgestattet. Diese Systeme tragen sowohl zur Umweltfreundlichkeit bei als auch zur Senkung der langfristigen Betriebskosten.<\/p>\t\t\t\t\t\t\t\t<\/div>\n\t\t\t\t<\/div>\n\t\t\t\t\t<\/div>\n\t\t<\/div>\n\t\t\t\t<div class=\"elementor-column elementor-col-50 elementor-top-column elementor-element elementor-element-1fb42850\" data-id=\"1fb42850\" data-element_type=\"column\" data-e-type=\"column\">\n\t\t\t<div class=\"elementor-widget-wrap\">\n\t\t\t\t\t\t\t<\/div>\n\t\t<\/div>\n\t\t\t\t\t<\/div>\n\t\t<\/section>\n\t\t\t\t<section class=\"elementor-section elementor-top-section elementor-element elementor-element-55fff06b elementor-section-full_width elementor-section-height-default elementor-section-height-default\" data-id=\"55fff06b\" data-element_type=\"section\" data-e-type=\"section\">\n\t\t\t\t\t\t<div class=\"elementor-container elementor-column-gap-default\">\n\t\t\t\t\t<div class=\"elementor-column elementor-col-100 elementor-top-column elementor-element elementor-element-2a0a5f00\" data-id=\"2a0a5f00\" data-element_type=\"column\" data-e-type=\"column\">\n\t\t\t<div class=\"elementor-widget-wrap elementor-element-populated\">\n\t\t\t\t\t\t<div class=\"elementor-element elementor-element-68163dc1 gallery-spacing-custom elementor-widget elementor-widget-image-gallery\" data-id=\"68163dc1\" data-element_type=\"widget\" data-e-type=\"widget\" data-widget_type=\"image-gallery.default\">\n\t\t\t\t<div class=\"elementor-widget-container\">\n\t\t\t\t\t\t\t<div class=\"elementor-image-gallery\">\n\t\t\t<div id='gallery-1' class='gallery galleryid-7449 gallery-columns-3 gallery-size-full'><figure class='gallery-item'>\n\t\t\t<div class='gallery-icon landscape'>\n\t\t\t\t<a data-elementor-open-lightbox=\"yes\" data-elementor-lightbox-slideshow=\"68163dc1\" data-elementor-lightbox-title=\"resim_2024-09-05_231134696\" data-e-action-hash=\"#elementor-action%3Aaction%3Dlightbox%26settings%3DeyJpZCI6NzU2MywidXJsIjoiaHR0cHM6XC9cL2VtdGFuY29ucy5jb21cL3dwLWNvbnRlbnRcL3VwbG9hZHNcLzIwMjRcLzA5XC9yZXNpbV8yMDI0LTA5LTA1XzIzMTEzNDY5Ni5wbmciLCJzbGlkZXNob3ciOiI2ODE2M2RjMSJ9\" href='https:\/\/emtancons.com\/wp-content\/uploads\/2024\/09\/resim_2024-09-05_231134696.png'><img fetchpriority=\"high\" decoding=\"async\" width=\"1000\" height=\"667\" src=\"https:\/\/emtancons.com\/wp-content\/uploads\/2024\/09\/resim_2024-09-05_231134696.png\" class=\"attachment-full size-full\" alt=\"\" srcset=\"https:\/\/emtancons.com\/wp-content\/uploads\/2024\/09\/resim_2024-09-05_231134696.png 1000w, https:\/\/emtancons.com\/wp-content\/uploads\/2024\/09\/resim_2024-09-05_231134696-300x200.png 300w, https:\/\/emtancons.com\/wp-content\/uploads\/2024\/09\/resim_2024-09-05_231134696-768x512.png 768w, https:\/\/emtancons.com\/wp-content\/uploads\/2024\/09\/resim_2024-09-05_231134696-350x233.png 350w, https:\/\/emtancons.com\/wp-content\/uploads\/2024\/09\/resim_2024-09-05_231134696-370x247.png 370w, https:\/\/emtancons.com\/wp-content\/uploads\/2024\/09\/resim_2024-09-05_231134696-255x170.png 255w, https:\/\/emtancons.com\/wp-content\/uploads\/2024\/09\/resim_2024-09-05_231134696-285x190.png 285w, https:\/\/emtancons.com\/wp-content\/uploads\/2024\/09\/resim_2024-09-05_231134696-600x400.png 600w, https:\/\/emtancons.com\/wp-content\/uploads\/2024\/09\/resim_2024-09-05_231134696-560x374.png 560w\" sizes=\"(max-width: 1000px) 100vw, 1000px\" \/><\/a>\n\t\t\t<\/div><\/figure><figure class='gallery-item'>\n\t\t\t<div class='gallery-icon landscape'>\n\t\t\t\t<a data-elementor-open-lightbox=\"yes\" data-elementor-lightbox-slideshow=\"68163dc1\" data-elementor-lightbox-title=\"resim_2024-09-05_231128620\" data-e-action-hash=\"#elementor-action%3Aaction%3Dlightbox%26settings%3DeyJpZCI6NzQ1MCwidXJsIjoiaHR0cHM6XC9cL2VtdGFuY29ucy5jb21cL3dwLWNvbnRlbnRcL3VwbG9hZHNcLzIwMjRcLzA5XC9yZXNpbV8yMDI0LTA5LTA1XzIzMTEyODYyMC5wbmciLCJzbGlkZXNob3ciOiI2ODE2M2RjMSJ9\" href='https:\/\/emtancons.com\/wp-content\/uploads\/2024\/09\/resim_2024-09-05_231128620.png'><img decoding=\"async\" width=\"1000\" height=\"667\" src=\"https:\/\/emtancons.com\/wp-content\/uploads\/2024\/09\/resim_2024-09-05_231128620.png\" class=\"attachment-full size-full\" alt=\"\" srcset=\"https:\/\/emtancons.com\/wp-content\/uploads\/2024\/09\/resim_2024-09-05_231128620.png 1000w, https:\/\/emtancons.com\/wp-content\/uploads\/2024\/09\/resim_2024-09-05_231128620-300x200.png 300w, https:\/\/emtancons.com\/wp-content\/uploads\/2024\/09\/resim_2024-09-05_231128620-768x512.png 768w, https:\/\/emtancons.com\/wp-content\/uploads\/2024\/09\/resim_2024-09-05_231128620-350x233.png 350w, https:\/\/emtancons.com\/wp-content\/uploads\/2024\/09\/resim_2024-09-05_231128620-370x247.png 370w, https:\/\/emtancons.com\/wp-content\/uploads\/2024\/09\/resim_2024-09-05_231128620-255x170.png 255w, https:\/\/emtancons.com\/wp-content\/uploads\/2024\/09\/resim_2024-09-05_231128620-285x190.png 285w, https:\/\/emtancons.com\/wp-content\/uploads\/2024\/09\/resim_2024-09-05_231128620-600x400.png 600w, https:\/\/emtancons.com\/wp-content\/uploads\/2024\/09\/resim_2024-09-05_231128620-560x374.png 560w\" sizes=\"(max-width: 1000px) 100vw, 1000px\" \/><\/a>\n\t\t\t<\/div><\/figure><figure class='gallery-item'>\n\t\t\t<div class='gallery-icon landscape'>\n\t\t\t\t<a data-elementor-open-lightbox=\"yes\" data-elementor-lightbox-slideshow=\"68163dc1\" data-elementor-lightbox-title=\"Emtan All Completed Projects_.00_16_15_03.Still107\" data-e-action-hash=\"#elementor-action%3Aaction%3Dlightbox%26settings%3DeyJpZCI6OTU5MiwidXJsIjoiaHR0cHM6XC9cL2VtdGFuY29ucy5jb21cL3dwLWNvbnRlbnRcL3VwbG9hZHNcLzIwMjVcLzExXC9FbXRhbi1BbGwtQ29tcGxldGVkLVByb2plY3RzXy4wMF8xNl8xNV8wMy5TdGlsbDEwNy53ZWJwIiwic2xpZGVzaG93IjoiNjgxNjNkYzEifQ%3D%3D\" href='https:\/\/emtancons.com\/wp-content\/uploads\/2025\/11\/Emtan-All-Completed-Projects_.00_16_15_03.Still107.webp'><img decoding=\"async\" width=\"1200\" height=\"675\" src=\"https:\/\/emtancons.com\/wp-content\/uploads\/2025\/11\/Emtan-All-Completed-Projects_.00_16_15_03.Still107.webp\" class=\"attachment-full size-full\" alt=\"\" srcset=\"https:\/\/emtancons.com\/wp-content\/uploads\/2025\/11\/Emtan-All-Completed-Projects_.00_16_15_03.Still107.webp 1200w, https:\/\/emtancons.com\/wp-content\/uploads\/2025\/11\/Emtan-All-Completed-Projects_.00_16_15_03.Still107-300x169.webp 300w, https:\/\/emtancons.com\/wp-content\/uploads\/2025\/11\/Emtan-All-Completed-Projects_.00_16_15_03.Still107-1024x576.webp 1024w, https:\/\/emtancons.com\/wp-content\/uploads\/2025\/11\/Emtan-All-Completed-Projects_.00_16_15_03.Still107-768x432.webp 768w\" sizes=\"(max-width: 1200px) 100vw, 1200px\" \/><\/a>\n\t\t\t<\/div><\/figure><figure class='gallery-item'>\n\t\t\t<div class='gallery-icon landscape'>\n\t\t\t\t<a data-elementor-open-lightbox=\"yes\" data-elementor-lightbox-slideshow=\"68163dc1\" data-elementor-lightbox-title=\"Emtan All Completed Projects_.00_16_25_03.Still108\" data-e-action-hash=\"#elementor-action%3Aaction%3Dlightbox%26settings%3DeyJpZCI6OTU4NywidXJsIjoiaHR0cHM6XC9cL2VtdGFuY29ucy5jb21cL3dwLWNvbnRlbnRcL3VwbG9hZHNcLzIwMjVcLzExXC9FbXRhbi1BbGwtQ29tcGxldGVkLVByb2plY3RzXy4wMF8xNl8yNV8wMy5TdGlsbDEwOC53ZWJwIiwic2xpZGVzaG93IjoiNjgxNjNkYzEifQ%3D%3D\" href='https:\/\/emtancons.com\/wp-content\/uploads\/2025\/11\/Emtan-All-Completed-Projects_.00_16_25_03.Still108.webp'><img loading=\"lazy\" decoding=\"async\" width=\"1200\" height=\"675\" src=\"https:\/\/emtancons.com\/wp-content\/uploads\/2025\/11\/Emtan-All-Completed-Projects_.00_16_25_03.Still108.webp\" class=\"attachment-full size-full\" alt=\"\" srcset=\"https:\/\/emtancons.com\/wp-content\/uploads\/2025\/11\/Emtan-All-Completed-Projects_.00_16_25_03.Still108.webp 1200w, https:\/\/emtancons.com\/wp-content\/uploads\/2025\/11\/Emtan-All-Completed-Projects_.00_16_25_03.Still108-300x169.webp 300w, https:\/\/emtancons.com\/wp-content\/uploads\/2025\/11\/Emtan-All-Completed-Projects_.00_16_25_03.Still108-1024x576.webp 1024w, https:\/\/emtancons.com\/wp-content\/uploads\/2025\/11\/Emtan-All-Completed-Projects_.00_16_25_03.Still108-768x432.webp 768w\" sizes=\"(max-width: 1200px) 100vw, 1200px\" \/><\/a>\n\t\t\t<\/div><\/figure><figure class='gallery-item'>\n\t\t\t<div class='gallery-icon landscape'>\n\t\t\t\t<a data-elementor-open-lightbox=\"yes\" data-elementor-lightbox-slideshow=\"68163dc1\" data-elementor-lightbox-title=\"Emtan All Completed Projects_.00_16_47_00.Still111\" data-e-action-hash=\"#elementor-action%3Aaction%3Dlightbox%26settings%3DeyJpZCI6OTU4MiwidXJsIjoiaHR0cHM6XC9cL2VtdGFuY29ucy5jb21cL3dwLWNvbnRlbnRcL3VwbG9hZHNcLzIwMjVcLzExXC9FbXRhbi1BbGwtQ29tcGxldGVkLVByb2plY3RzXy4wMF8xNl80N18wMC5TdGlsbDExMS53ZWJwIiwic2xpZGVzaG93IjoiNjgxNjNkYzEifQ%3D%3D\" href='https:\/\/emtancons.com\/wp-content\/uploads\/2025\/11\/Emtan-All-Completed-Projects_.00_16_47_00.Still111.webp'><img loading=\"lazy\" decoding=\"async\" width=\"1200\" height=\"675\" src=\"https:\/\/emtancons.com\/wp-content\/uploads\/2025\/11\/Emtan-All-Completed-Projects_.00_16_47_00.Still111.webp\" class=\"attachment-full size-full\" alt=\"\" srcset=\"https:\/\/emtancons.com\/wp-content\/uploads\/2025\/11\/Emtan-All-Completed-Projects_.00_16_47_00.Still111.webp 1200w, https:\/\/emtancons.com\/wp-content\/uploads\/2025\/11\/Emtan-All-Completed-Projects_.00_16_47_00.Still111-300x169.webp 300w, https:\/\/emtancons.com\/wp-content\/uploads\/2025\/11\/Emtan-All-Completed-Projects_.00_16_47_00.Still111-1024x576.webp 1024w, https:\/\/emtancons.com\/wp-content\/uploads\/2025\/11\/Emtan-All-Completed-Projects_.00_16_47_00.Still111-768x432.webp 768w\" sizes=\"(max-width: 1200px) 100vw, 1200px\" \/><\/a>\n\t\t\t<\/div><\/figure><figure class='gallery-item'>\n\t\t\t<div class='gallery-icon landscape'>\n\t\t\t\t<a data-elementor-open-lightbox=\"yes\" data-elementor-lightbox-slideshow=\"68163dc1\" data-elementor-lightbox-title=\"Emtan All Completed Projects_.00_17_03_06.Still112\" data-e-action-hash=\"#elementor-action%3Aaction%3Dlightbox%26settings%3DeyJpZCI6OTU3NywidXJsIjoiaHR0cHM6XC9cL2VtdGFuY29ucy5jb21cL3dwLWNvbnRlbnRcL3VwbG9hZHNcLzIwMjVcLzExXC9FbXRhbi1BbGwtQ29tcGxldGVkLVByb2plY3RzXy4wMF8xN18wM18wNi5TdGlsbDExMi53ZWJwIiwic2xpZGVzaG93IjoiNjgxNjNkYzEifQ%3D%3D\" href='https:\/\/emtancons.com\/wp-content\/uploads\/2025\/11\/Emtan-All-Completed-Projects_.00_17_03_06.Still112.webp'><img loading=\"lazy\" decoding=\"async\" width=\"1200\" height=\"675\" src=\"https:\/\/emtancons.com\/wp-content\/uploads\/2025\/11\/Emtan-All-Completed-Projects_.00_17_03_06.Still112.webp\" class=\"attachment-full size-full\" alt=\"\" srcset=\"https:\/\/emtancons.com\/wp-content\/uploads\/2025\/11\/Emtan-All-Completed-Projects_.00_17_03_06.Still112.webp 1200w, https:\/\/emtancons.com\/wp-content\/uploads\/2025\/11\/Emtan-All-Completed-Projects_.00_17_03_06.Still112-300x169.webp 300w, https:\/\/emtancons.com\/wp-content\/uploads\/2025\/11\/Emtan-All-Completed-Projects_.00_17_03_06.Still112-1024x576.webp 1024w, https:\/\/emtancons.com\/wp-content\/uploads\/2025\/11\/Emtan-All-Completed-Projects_.00_17_03_06.Still112-768x432.webp 768w\" sizes=\"(max-width: 1200px) 100vw, 1200px\" \/><\/a>\n\t\t\t<\/div><\/figure>\n\t\t<\/div>\n\t\t<\/div>\n\t\t\t\t\t\t<\/div>\n\t\t\t\t<\/div>\n\t\t\t\t\t<\/div>\n\t\t<\/div>\n\t\t\t\t\t<\/div>\n\t\t<\/section>\n\t\t\t\t<\/div>\n\t\t","protected":false},"excerpt":{"rendered":"<p>Details zum Projekt GAU College G\u0130RNE CENTER, G\u0130RNE Architektonische Gestaltung und Konzept Das Geb\u00e4udedesign des GAU College wurde von zeitgen\u00f6ssischen architektonischen Linien und modernen Bildungsanforderungen gepr\u00e4gt. Der minimalistische Ansatz basiert auf der Idee, eine Umgebung zu schaffen, in der Studierende und Lehrende gleicherma\u00dfen entspannen und konzentriert sein k\u00f6nnen. Die Innenr\u00e4ume zeichnen sich durch breite Flure [&hellip;]<\/p>\n","protected":false},"author":1,"featured_media":0,"parent":0,"menu_order":0,"comment_status":"closed","ping_status":"closed","template":"elementor_header_footer","meta":{"footnotes":""},"class_list":["post-7449","page","type-page","status-publish","hentry"],"yoast_head":"<!-- This site is optimized with the Yoast SEO plugin v27.1.1 - https:\/\/yoast.com\/product\/yoast-seo-wordpress\/ -->\n<title>Gau College - Emtan Construction<\/title>\n<meta name=\"description\" content=\"Gau College, \u00f6\u011frenciler i\u00e7in \u00e7a\u011fda\u015f ve g\u00fcvenli bir e\u011fitim ortam\u0131 sunan, modern mimariye sahip bir kamp\u00fcs projesidir.\" \/>\n<meta name=\"robots\" content=\"index, follow, max-snippet:-1, max-image-preview:large, max-video-preview:-1\" \/>\n<link rel=\"canonical\" href=\"https:\/\/emtancons.com\/de\/gau-college\/\" \/>\n<meta property=\"og:locale\" content=\"de_DE\" \/>\n<meta property=\"og:type\" content=\"article\" \/>\n<meta property=\"og:title\" content=\"Gau College - Emtan Construction\" \/>\n<meta property=\"og:description\" content=\"Gau College, \u00f6\u011frenciler i\u00e7in \u00e7a\u011fda\u015f ve g\u00fcvenli bir e\u011fitim ortam\u0131 sunan, modern mimariye sahip bir kamp\u00fcs projesidir.\" \/>\n<meta property=\"og:url\" content=\"https:\/\/emtancons.com\/de\/gau-college\/\" \/>\n<meta property=\"og:site_name\" content=\"Emtan Construction\" \/>\n<meta property=\"article:modified_time\" content=\"2025-11-05T11:55:37+00:00\" \/>\n<meta property=\"og:image\" content=\"https:\/\/emtancons.com\/wp-content\/uploads\/2024\/09\/resim_2024-09-05_231134696.png\" \/>\n<meta name=\"twitter:card\" content=\"summary_large_image\" \/>\n<meta name=\"twitter:label1\" content=\"Gesch\u00e4tzte Lesezeit\" \/>\n\t<meta name=\"twitter:data1\" content=\"3\u00a0Minuten\" \/>\n<script type=\"application\/ld+json\" class=\"yoast-schema-graph\">{\"@context\":\"https:\/\/schema.org\",\"@graph\":[{\"@type\":\"WebPage\",\"@id\":\"https:\/\/emtancons.com\/de\/gau-college\/\",\"url\":\"https:\/\/emtancons.com\/de\/gau-college\/\",\"name\":\"Gau College - Emtan Construction\",\"isPartOf\":{\"@id\":\"https:\/\/emtancons.com\/#website\"},\"primaryImageOfPage\":{\"@id\":\"https:\/\/emtancons.com\/de\/gau-college\/#primaryimage\"},\"image\":{\"@id\":\"https:\/\/emtancons.com\/de\/gau-college\/#primaryimage\"},\"thumbnailUrl\":\"https:\/\/emtancons.com\/wp-content\/uploads\/2024\/09\/resim_2024-09-05_231134696.png\",\"datePublished\":\"2024-09-05T20:17:40+00:00\",\"dateModified\":\"2025-11-05T11:55:37+00:00\",\"description\":\"Gau College, \u00f6\u011frenciler i\u00e7in \u00e7a\u011fda\u015f ve g\u00fcvenli bir e\u011fitim ortam\u0131 sunan, modern mimariye sahip bir kamp\u00fcs projesidir.\",\"breadcrumb\":{\"@id\":\"https:\/\/emtancons.com\/de\/gau-college\/#breadcrumb\"},\"inLanguage\":\"de\",\"potentialAction\":[{\"@type\":\"ReadAction\",\"target\":[\"https:\/\/emtancons.com\/de\/gau-college\/\"]}]},{\"@type\":\"ImageObject\",\"inLanguage\":\"de\",\"@id\":\"https:\/\/emtancons.com\/de\/gau-college\/#primaryimage\",\"url\":\"https:\/\/emtancons.com\/wp-content\/uploads\/2024\/09\/resim_2024-09-05_231134696.png\",\"contentUrl\":\"https:\/\/emtancons.com\/wp-content\/uploads\/2024\/09\/resim_2024-09-05_231134696.png\"},{\"@type\":\"BreadcrumbList\",\"@id\":\"https:\/\/emtancons.com\/de\/gau-college\/#breadcrumb\",\"itemListElement\":[{\"@type\":\"ListItem\",\"position\":1,\"name\":\"Anasayfa\",\"item\":\"https:\/\/emtancons.com\/\"},{\"@type\":\"ListItem\",\"position\":2,\"name\":\"Gau College\"}]},{\"@type\":\"WebSite\",\"@id\":\"https:\/\/emtancons.com\/#website\",\"url\":\"https:\/\/emtancons.com\/\",\"name\":\"Emtan Construction\",\"description\":\"\",\"potentialAction\":[{\"@type\":\"SearchAction\",\"target\":{\"@type\":\"EntryPoint\",\"urlTemplate\":\"https:\/\/emtancons.com\/?s={search_term_string}\"},\"query-input\":{\"@type\":\"PropertyValueSpecification\",\"valueRequired\":true,\"valueName\":\"search_term_string\"}}],\"inLanguage\":\"de\"}]}<\/script>\n<!-- \/ Yoast SEO plugin. -->","yoast_head_json":{"title":"Gau College - Emtan Construction","description":"Gau College, \u00f6\u011frenciler i\u00e7in \u00e7a\u011fda\u015f ve g\u00fcvenli bir e\u011fitim ortam\u0131 sunan, modern mimariye sahip bir kamp\u00fcs projesidir.","robots":{"index":"index","follow":"follow","max-snippet":"max-snippet:-1","max-image-preview":"max-image-preview:large","max-video-preview":"max-video-preview:-1"},"canonical":"https:\/\/emtancons.com\/de\/gau-college\/","og_locale":"de_DE","og_type":"article","og_title":"Gau College - Emtan Construction","og_description":"Gau College, \u00f6\u011frenciler i\u00e7in \u00e7a\u011fda\u015f ve g\u00fcvenli bir e\u011fitim ortam\u0131 sunan, modern mimariye sahip bir kamp\u00fcs projesidir.","og_url":"https:\/\/emtancons.com\/de\/gau-college\/","og_site_name":"Emtan Construction","article_modified_time":"2025-11-05T11:55:37+00:00","og_image":[{"url":"https:\/\/emtancons.com\/wp-content\/uploads\/2024\/09\/resim_2024-09-05_231134696.png","type":"","width":"","height":""}],"twitter_card":"summary_large_image","twitter_misc":{"Gesch\u00e4tzte Lesezeit":"3\u00a0Minuten"},"schema":{"@context":"https:\/\/schema.org","@graph":[{"@type":"WebPage","@id":"https:\/\/emtancons.com\/de\/gau-college\/","url":"https:\/\/emtancons.com\/de\/gau-college\/","name":"Gau College - Emtan Construction","isPartOf":{"@id":"https:\/\/emtancons.com\/#website"},"primaryImageOfPage":{"@id":"https:\/\/emtancons.com\/de\/gau-college\/#primaryimage"},"image":{"@id":"https:\/\/emtancons.com\/de\/gau-college\/#primaryimage"},"thumbnailUrl":"https:\/\/emtancons.com\/wp-content\/uploads\/2024\/09\/resim_2024-09-05_231134696.png","datePublished":"2024-09-05T20:17:40+00:00","dateModified":"2025-11-05T11:55:37+00:00","description":"Gau College, \u00f6\u011frenciler i\u00e7in \u00e7a\u011fda\u015f ve g\u00fcvenli bir e\u011fitim ortam\u0131 sunan, modern mimariye sahip bir kamp\u00fcs projesidir.","breadcrumb":{"@id":"https:\/\/emtancons.com\/de\/gau-college\/#breadcrumb"},"inLanguage":"de","potentialAction":[{"@type":"ReadAction","target":["https:\/\/emtancons.com\/de\/gau-college\/"]}]},{"@type":"ImageObject","inLanguage":"de","@id":"https:\/\/emtancons.com\/de\/gau-college\/#primaryimage","url":"https:\/\/emtancons.com\/wp-content\/uploads\/2024\/09\/resim_2024-09-05_231134696.png","contentUrl":"https:\/\/emtancons.com\/wp-content\/uploads\/2024\/09\/resim_2024-09-05_231134696.png"},{"@type":"BreadcrumbList","@id":"https:\/\/emtancons.com\/de\/gau-college\/#breadcrumb","itemListElement":[{"@type":"ListItem","position":1,"name":"Anasayfa","item":"https:\/\/emtancons.com\/"},{"@type":"ListItem","position":2,"name":"Gau College"}]},{"@type":"WebSite","@id":"https:\/\/emtancons.com\/#website","url":"https:\/\/emtancons.com\/","name":"Emtan Construction","description":"","potentialAction":[{"@type":"SearchAction","target":{"@type":"EntryPoint","urlTemplate":"https:\/\/emtancons.com\/?s={search_term_string}"},"query-input":{"@type":"PropertyValueSpecification","valueRequired":true,"valueName":"search_term_string"}}],"inLanguage":"de"}]}},"_links":{"self":[{"href":"https:\/\/emtancons.com\/de\/wp-json\/wp\/v2\/pages\/7449","targetHints":{"allow":["GET"]}}],"collection":[{"href":"https:\/\/emtancons.com\/de\/wp-json\/wp\/v2\/pages"}],"about":[{"href":"https:\/\/emtancons.com\/de\/wp-json\/wp\/v2\/types\/page"}],"author":[{"embeddable":true,"href":"https:\/\/emtancons.com\/de\/wp-json\/wp\/v2\/users\/1"}],"replies":[{"embeddable":true,"href":"https:\/\/emtancons.com\/de\/wp-json\/wp\/v2\/comments?post=7449"}],"version-history":[{"count":16,"href":"https:\/\/emtancons.com\/de\/wp-json\/wp\/v2\/pages\/7449\/revisions"}],"predecessor-version":[{"id":9607,"href":"https:\/\/emtancons.com\/de\/wp-json\/wp\/v2\/pages\/7449\/revisions\/9607"}],"wp:attachment":[{"href":"https:\/\/emtancons.com\/de\/wp-json\/wp\/v2\/media?parent=7449"}],"curies":[{"name":"wp","href":"https:\/\/api.w.org\/{rel}","templated":true}]}}