{"id":7445,"date":"2024-09-05T21:45:16","date_gmt":"2024-09-05T18:45:16","guid":{"rendered":"https:\/\/emtancons.com\/emtan-trio\/"},"modified":"2025-09-26T17:10:09","modified_gmt":"2025-09-26T14:10:09","slug":"emtan-trio","status":"publish","type":"page","link":"https:\/\/emtancons.com\/de\/emtan-trio\/","title":{"rendered":"Emtan Trio"},"content":{"rendered":"\t\t<div data-elementor-type=\"wp-page\" data-elementor-id=\"7445\" class=\"elementor elementor-7445 elementor-2301\" data-elementor-post-type=\"page\">\n\t\t\t\t\t\t<section class=\"elementor-section elementor-top-section elementor-element elementor-element-1ffb18e4 elementor-section-content-middle elementor-section-boxed elementor-section-height-default elementor-section-height-default\" data-id=\"1ffb18e4\" data-element_type=\"section\" data-e-type=\"section\" data-settings=\"{&quot;background_background&quot;:&quot;classic&quot;}\">\n\t\t\t\t\t\t\t<div class=\"elementor-background-overlay\"><\/div>\n\t\t\t\t\t\t\t<div class=\"elementor-container elementor-column-gap-default\">\n\t\t\t\t\t<div class=\"elementor-column elementor-col-50 elementor-top-column elementor-element elementor-element-26ce2e89\" data-id=\"26ce2e89\" data-element_type=\"column\" data-e-type=\"column\">\n\t\t\t<div class=\"elementor-widget-wrap elementor-element-populated\">\n\t\t\t\t\t\t<div class=\"elementor-element elementor-element-2079376e elementor-widget elementor-widget-heading\" data-id=\"2079376e\" data-element_type=\"widget\" data-e-type=\"widget\" data-widget_type=\"heading.default\">\n\t\t\t\t<div class=\"elementor-widget-container\">\n\t\t\t\t\t<p class=\"elementor-heading-title elementor-size-default\">Details zum Projekt<\/p>\t\t\t\t<\/div>\n\t\t\t\t<\/div>\n\t\t\t\t<div class=\"elementor-element elementor-element-1d0836da elementor-invisible elementor-widget elementor-widget-heading\" data-id=\"1d0836da\" data-element_type=\"widget\" data-e-type=\"widget\" data-settings=\"{&quot;_animation&quot;:&quot;fadeInUp&quot;}\" data-widget_type=\"heading.default\">\n\t\t\t\t<div class=\"elementor-widget-container\">\n\t\t\t\t\t<h1 class=\"elementor-heading-title elementor-size-default\">Emtan trio\n<\/h1>\t\t\t\t<\/div>\n\t\t\t\t<\/div>\n\t\t\t\t<div class=\"elementor-element elementor-element-17b23d04 elementor-icon-list--layout-inline elementor-list-item-link-full_width elementor-widget elementor-widget-icon-list\" data-id=\"17b23d04\" data-element_type=\"widget\" data-e-type=\"widget\" data-widget_type=\"icon-list.default\">\n\t\t\t\t<div class=\"elementor-widget-container\">\n\t\t\t\t\t\t\t<ul class=\"elementor-icon-list-items elementor-inline-items\">\n\t\t\t\t\t\t\t<li class=\"elementor-icon-list-item elementor-inline-item\">\n\t\t\t\t\t\t\t\t\t\t\t<a href=\"#\">\n\n\t\t\t\t\t\t\t\t\t\t\t\t<span class=\"elementor-icon-list-icon\">\n\t\t\t\t\t\t\t<i aria-hidden=\"true\" class=\"fas fa-arrow-right\"><\/i>\t\t\t\t\t\t<\/span>\n\t\t\t\t\t\t\t\t\t\t<span class=\"elementor-icon-list-text\">G\u0130RNE CENTER, G\u0130RNE<\/span>\n\t\t\t\t\t\t\t\t\t\t\t<\/a>\n\t\t\t\t\t\t\t\t\t<\/li>\n\t\t\t\t\t\t<\/ul>\n\t\t\t\t\t\t<\/div>\n\t\t\t\t<\/div>\n\t\t\t\t\t<\/div>\n\t\t<\/div>\n\t\t\t\t<div class=\"elementor-column elementor-col-50 elementor-top-column elementor-element elementor-element-2fc0e46f\" data-id=\"2fc0e46f\" data-element_type=\"column\" data-e-type=\"column\">\n\t\t\t<div class=\"elementor-widget-wrap\">\n\t\t\t\t\t\t\t<\/div>\n\t\t<\/div>\n\t\t\t\t\t<\/div>\n\t\t<\/section>\n\t\t\t\t<section class=\"elementor-section elementor-top-section elementor-element elementor-element-4dd47b48 elementor-section-boxed elementor-section-height-default elementor-section-height-default\" data-id=\"4dd47b48\" data-element_type=\"section\" data-e-type=\"section\">\n\t\t\t\t\t\t\t<div class=\"elementor-background-overlay\"><\/div>\n\t\t\t\t\t\t\t<div class=\"elementor-container elementor-column-gap-default\">\n\t\t\t\t\t<div class=\"elementor-column elementor-col-50 elementor-top-column elementor-element elementor-element-5b63ca10 elementor-invisible\" data-id=\"5b63ca10\" data-element_type=\"column\" data-e-type=\"column\" data-settings=\"{&quot;background_background&quot;:&quot;classic&quot;,&quot;animation&quot;:&quot;slideInUp&quot;}\">\n\t\t\t<div class=\"elementor-widget-wrap elementor-element-populated\">\n\t\t\t\t\t\t<div class=\"elementor-element elementor-element-3f9a0079 elementor-widget elementor-widget-text-editor\" data-id=\"3f9a0079\" data-element_type=\"widget\" data-e-type=\"widget\" data-widget_type=\"text-editor.default\">\n\t\t\t\t<div class=\"elementor-widget-container\">\n\t\t\t\t\t\t\t\t\t<p>Das Projekt liegt im Zentrum von Kyrenia und umfasst drei separate f\u00fcnfst\u00f6ckige Wohnbl\u00f6cke. Es umfasst insgesamt 31 Luxuswohnungen: 21 Zwei-Zimmer-Wohnungen, acht Drei-Zimmer-Wohnungen und zwei \u00e4u\u00dferst ger\u00e4umige Drei-Zimmer-Penthouses. Das Projekt wurde im Dezember 2019 mit der Zusicherung von Emtan gestartet, ein Ergebnis unserer professionellen Arbeit mit einem modernen Architekturkonzept.<\/p>\t\t\t\t\t\t\t\t<\/div>\n\t\t\t\t<\/div>\n\t\t\t\t<div class=\"elementor-element elementor-element-3b56bd5a elementor-widget-divider--view-line_text elementor-widget-divider--element-align-left elementor-widget elementor-widget-divider\" data-id=\"3b56bd5a\" data-element_type=\"widget\" data-e-type=\"widget\" data-widget_type=\"divider.default\">\n\t\t\t\t<div class=\"elementor-widget-container\">\n\t\t\t\t\t\t\t<div class=\"elementor-divider\">\n\t\t\t<span class=\"elementor-divider-separator\">\n\t\t\t\t\t\t\t<span class=\"elementor-divider__text elementor-divider__element\">\n\t\t\t\tTechnische Projektspezifikationen\t\t\t\t<\/span>\n\t\t\t\t\t\t<\/span>\n\t\t<\/div>\n\t\t\t\t\t\t<\/div>\n\t\t\t\t<\/div>\n\t\t\t\t<section class=\"elementor-section elementor-inner-section elementor-element elementor-element-22d6c1c8 elementor-section-boxed elementor-section-height-default elementor-section-height-default\" data-id=\"22d6c1c8\" data-element_type=\"section\" data-e-type=\"section\">\n\t\t\t\t\t\t<div class=\"elementor-container elementor-column-gap-no\">\n\t\t\t\t\t<div class=\"elementor-column elementor-col-50 elementor-inner-column elementor-element elementor-element-3db1295a\" data-id=\"3db1295a\" data-element_type=\"column\" data-e-type=\"column\">\n\t\t\t<div class=\"elementor-widget-wrap elementor-element-populated\">\n\t\t\t\t\t\t<div class=\"elementor-element elementor-element-1a178dc elementor-widget elementor-widget-text-editor\" data-id=\"1a178dc\" data-element_type=\"widget\" data-e-type=\"widget\" data-widget_type=\"text-editor.default\">\n\t\t\t\t<div class=\"elementor-widget-container\">\n\t\t\t\t\t\t\t\t\t<p>Multi-Wechselrichter-Klimaanlage<br \/>Zentrales Generatorensystem<br \/>IP-Farb- und Video-Gegensprechanlage<br \/>Gemeinsame Brandmeldeanlage<\/p>\t\t\t\t\t\t\t\t<\/div>\n\t\t\t\t<\/div>\n\t\t\t\t\t<\/div>\n\t\t<\/div>\n\t\t\t\t<div class=\"elementor-column elementor-col-50 elementor-inner-column elementor-element elementor-element-678f777d\" data-id=\"678f777d\" data-element_type=\"column\" data-e-type=\"column\">\n\t\t\t<div class=\"elementor-widget-wrap elementor-element-populated\">\n\t\t\t\t\t\t<div class=\"elementor-element elementor-element-3c0bbb6 elementor-widget elementor-widget-text-editor\" data-id=\"3c0bbb6\" data-element_type=\"widget\" data-e-type=\"widget\" data-widget_type=\"text-editor.default\">\n\t\t\t\t<div class=\"elementor-widget-container\">\n\t\t\t\t\t\t\t\t\t<p>CCTV-\u00dcberwachungskameras<br \/>Zentrales TV-\/Satellitensystem<br \/>Zentrale Internet-\/Dateninfrastruktur<br \/>Aufzug<br \/>Zentraler, in Beton eingelassener Wassertank<\/p>\t\t\t\t\t\t\t\t<\/div>\n\t\t\t\t<\/div>\n\t\t\t\t\t<\/div>\n\t\t<\/div>\n\t\t\t\t\t<\/div>\n\t\t<\/section>\n\t\t\t\t\t<\/div>\n\t\t<\/div>\n\t\t\t\t<div class=\"elementor-column elementor-col-50 elementor-top-column elementor-element elementor-element-375d5994\" data-id=\"375d5994\" data-element_type=\"column\" data-e-type=\"column\">\n\t\t\t<div class=\"elementor-widget-wrap\">\n\t\t\t\t\t\t\t<\/div>\n\t\t<\/div>\n\t\t\t\t\t<\/div>\n\t\t<\/section>\n\t\t\t\t<section class=\"elementor-section elementor-top-section elementor-element elementor-element-164d5c5d elementor-section-full_width elementor-section-height-default elementor-section-height-default\" data-id=\"164d5c5d\" data-element_type=\"section\" data-e-type=\"section\">\n\t\t\t\t\t\t<div class=\"elementor-container elementor-column-gap-default\">\n\t\t\t\t\t<div class=\"elementor-column elementor-col-100 elementor-top-column elementor-element elementor-element-63002b25\" data-id=\"63002b25\" data-element_type=\"column\" data-e-type=\"column\">\n\t\t\t<div class=\"elementor-widget-wrap elementor-element-populated\">\n\t\t\t\t\t\t<div class=\"elementor-element elementor-element-27f45934 gallery-spacing-custom elementor-widget elementor-widget-image-gallery\" data-id=\"27f45934\" data-element_type=\"widget\" data-e-type=\"widget\" data-widget_type=\"image-gallery.default\">\n\t\t\t\t<div class=\"elementor-widget-container\">\n\t\t\t\t\t\t\t<div class=\"elementor-image-gallery\">\n\t\t\t<div id='gallery-1' class='gallery galleryid-7445 gallery-columns-3 gallery-size-full'><figure class='gallery-item'>\n\t\t\t<div class='gallery-icon landscape'>\n\t\t\t\t<a data-elementor-open-lightbox=\"yes\" data-elementor-lightbox-slideshow=\"27f45934\" data-elementor-lightbox-title=\"image - 2024-09-05T213831.379\" data-e-action-hash=\"#elementor-action%3Aaction%3Dlightbox%26settings%3DeyJpZCI6NzU1NCwidXJsIjoiaHR0cHM6XC9cL2VtdGFuY29ucy5jb21cL3dwLWNvbnRlbnRcL3VwbG9hZHNcLzIwMjRcLzA5XC9pbWFnZS0yMDI0LTA5LTA1VDIxMzgzMS4zNzktMS5qcGciLCJzbGlkZXNob3ciOiIyN2Y0NTkzNCJ9\" href='https:\/\/emtancons.com\/wp-content\/uploads\/2024\/09\/image-2024-09-05T213831.379-1.jpg'><img fetchpriority=\"high\" decoding=\"async\" width=\"2360\" height=\"1180\" src=\"https:\/\/emtancons.com\/wp-content\/uploads\/2024\/09\/image-2024-09-05T213831.379-1.jpg\" class=\"attachment-full size-full\" alt=\"\" srcset=\"https:\/\/emtancons.com\/wp-content\/uploads\/2024\/09\/image-2024-09-05T213831.379-1.jpg 2360w, https:\/\/emtancons.com\/wp-content\/uploads\/2024\/09\/image-2024-09-05T213831.379-1-300x150.jpg 300w, https:\/\/emtancons.com\/wp-content\/uploads\/2024\/09\/image-2024-09-05T213831.379-1-1024x512.jpg 1024w, https:\/\/emtancons.com\/wp-content\/uploads\/2024\/09\/image-2024-09-05T213831.379-1-768x384.jpg 768w, https:\/\/emtancons.com\/wp-content\/uploads\/2024\/09\/image-2024-09-05T213831.379-1-350x175.jpg 350w, https:\/\/emtancons.com\/wp-content\/uploads\/2024\/09\/image-2024-09-05T213831.379-1-370x185.jpg 370w, https:\/\/emtancons.com\/wp-content\/uploads\/2024\/09\/image-2024-09-05T213831.379-1-255x128.jpg 255w, https:\/\/emtancons.com\/wp-content\/uploads\/2024\/09\/image-2024-09-05T213831.379-1-285x143.jpg 285w, https:\/\/emtancons.com\/wp-content\/uploads\/2024\/09\/image-2024-09-05T213831.379-1-1536x768.jpg 1536w, https:\/\/emtancons.com\/wp-content\/uploads\/2024\/09\/image-2024-09-05T213831.379-1-2048x1024.jpg 2048w, https:\/\/emtancons.com\/wp-content\/uploads\/2024\/09\/image-2024-09-05T213831.379-1-600x300.jpg 600w, https:\/\/emtancons.com\/wp-content\/uploads\/2024\/09\/image-2024-09-05T213831.379-1-560x280.jpg 560w\" sizes=\"(max-width: 2360px) 100vw, 2360px\" \/><\/a>\n\t\t\t<\/div><\/figure><figure class='gallery-item'>\n\t\t\t<div class='gallery-icon landscape'>\n\t\t\t\t<a data-elementor-open-lightbox=\"yes\" data-elementor-lightbox-slideshow=\"27f45934\" data-elementor-lightbox-title=\"image - 2024-09-05T213822.401\" data-e-action-hash=\"#elementor-action%3Aaction%3Dlightbox%26settings%3DeyJpZCI6NzU1NSwidXJsIjoiaHR0cHM6XC9cL2VtdGFuY29ucy5jb21cL3dwLWNvbnRlbnRcL3VwbG9hZHNcLzIwMjRcLzA5XC9pbWFnZS0yMDI0LTA5LTA1VDIxMzgyMi40MDEtMS5qcGciLCJzbGlkZXNob3ciOiIyN2Y0NTkzNCJ9\" href='https:\/\/emtancons.com\/wp-content\/uploads\/2024\/09\/image-2024-09-05T213822.401-1.jpg'><img decoding=\"async\" width=\"2360\" height=\"1180\" src=\"https:\/\/emtancons.com\/wp-content\/uploads\/2024\/09\/image-2024-09-05T213822.401-1.jpg\" class=\"attachment-full size-full\" alt=\"\" srcset=\"https:\/\/emtancons.com\/wp-content\/uploads\/2024\/09\/image-2024-09-05T213822.401-1.jpg 2360w, https:\/\/emtancons.com\/wp-content\/uploads\/2024\/09\/image-2024-09-05T213822.401-1-300x150.jpg 300w, https:\/\/emtancons.com\/wp-content\/uploads\/2024\/09\/image-2024-09-05T213822.401-1-1024x512.jpg 1024w, https:\/\/emtancons.com\/wp-content\/uploads\/2024\/09\/image-2024-09-05T213822.401-1-768x384.jpg 768w, https:\/\/emtancons.com\/wp-content\/uploads\/2024\/09\/image-2024-09-05T213822.401-1-350x175.jpg 350w, https:\/\/emtancons.com\/wp-content\/uploads\/2024\/09\/image-2024-09-05T213822.401-1-370x185.jpg 370w, https:\/\/emtancons.com\/wp-content\/uploads\/2024\/09\/image-2024-09-05T213822.401-1-255x128.jpg 255w, https:\/\/emtancons.com\/wp-content\/uploads\/2024\/09\/image-2024-09-05T213822.401-1-285x143.jpg 285w, https:\/\/emtancons.com\/wp-content\/uploads\/2024\/09\/image-2024-09-05T213822.401-1-1536x768.jpg 1536w, https:\/\/emtancons.com\/wp-content\/uploads\/2024\/09\/image-2024-09-05T213822.401-1-2048x1024.jpg 2048w, https:\/\/emtancons.com\/wp-content\/uploads\/2024\/09\/image-2024-09-05T213822.401-1-600x300.jpg 600w, https:\/\/emtancons.com\/wp-content\/uploads\/2024\/09\/image-2024-09-05T213822.401-1-560x280.jpg 560w\" sizes=\"(max-width: 2360px) 100vw, 2360px\" \/><\/a>\n\t\t\t<\/div><\/figure><figure class='gallery-item'>\n\t\t\t<div class='gallery-icon landscape'>\n\t\t\t\t<a data-elementor-open-lightbox=\"yes\" data-elementor-lightbox-slideshow=\"27f45934\" data-elementor-lightbox-title=\"image - 2024-09-05T213816.815\" data-e-action-hash=\"#elementor-action%3Aaction%3Dlightbox%26settings%3DeyJpZCI6NzU1NiwidXJsIjoiaHR0cHM6XC9cL2VtdGFuY29ucy5jb21cL3dwLWNvbnRlbnRcL3VwbG9hZHNcLzIwMjRcLzA5XC9pbWFnZS0yMDI0LTA5LTA1VDIxMzgxNi44MTUtMS5qcGciLCJzbGlkZXNob3ciOiIyN2Y0NTkzNCJ9\" href='https:\/\/emtancons.com\/wp-content\/uploads\/2024\/09\/image-2024-09-05T213816.815-1.jpg'><img decoding=\"async\" width=\"2360\" height=\"1180\" src=\"https:\/\/emtancons.com\/wp-content\/uploads\/2024\/09\/image-2024-09-05T213816.815-1.jpg\" class=\"attachment-full size-full\" alt=\"\" srcset=\"https:\/\/emtancons.com\/wp-content\/uploads\/2024\/09\/image-2024-09-05T213816.815-1.jpg 2360w, https:\/\/emtancons.com\/wp-content\/uploads\/2024\/09\/image-2024-09-05T213816.815-1-300x150.jpg 300w, https:\/\/emtancons.com\/wp-content\/uploads\/2024\/09\/image-2024-09-05T213816.815-1-1024x512.jpg 1024w, https:\/\/emtancons.com\/wp-content\/uploads\/2024\/09\/image-2024-09-05T213816.815-1-768x384.jpg 768w, https:\/\/emtancons.com\/wp-content\/uploads\/2024\/09\/image-2024-09-05T213816.815-1-350x175.jpg 350w, https:\/\/emtancons.com\/wp-content\/uploads\/2024\/09\/image-2024-09-05T213816.815-1-370x185.jpg 370w, https:\/\/emtancons.com\/wp-content\/uploads\/2024\/09\/image-2024-09-05T213816.815-1-255x128.jpg 255w, https:\/\/emtancons.com\/wp-content\/uploads\/2024\/09\/image-2024-09-05T213816.815-1-285x143.jpg 285w, https:\/\/emtancons.com\/wp-content\/uploads\/2024\/09\/image-2024-09-05T213816.815-1-1536x768.jpg 1536w, https:\/\/emtancons.com\/wp-content\/uploads\/2024\/09\/image-2024-09-05T213816.815-1-2048x1024.jpg 2048w, https:\/\/emtancons.com\/wp-content\/uploads\/2024\/09\/image-2024-09-05T213816.815-1-600x300.jpg 600w, https:\/\/emtancons.com\/wp-content\/uploads\/2024\/09\/image-2024-09-05T213816.815-1-560x280.jpg 560w\" sizes=\"(max-width: 2360px) 100vw, 2360px\" \/><\/a>\n\t\t\t<\/div><\/figure>\n\t\t<\/div>\n\t\t<\/div>\n\t\t\t\t\t\t<\/div>\n\t\t\t\t<\/div>\n\t\t\t\t\t<\/div>\n\t\t<\/div>\n\t\t\t\t\t<\/div>\n\t\t<\/section>\n\t\t\t\t<\/div>\n\t\t","protected":false},"excerpt":{"rendered":"<p>Details zum Projekt Emtan trio G\u0130RNE CENTER, G\u0130RNE Das Projekt liegt im Zentrum von Kyrenia und umfasst drei separate f\u00fcnfst\u00f6ckige Wohnbl\u00f6cke. Es umfasst insgesamt 31 Luxuswohnungen: 21 Zwei-Zimmer-Wohnungen, acht Drei-Zimmer-Wohnungen und zwei \u00e4u\u00dferst ger\u00e4umige Drei-Zimmer-Penthouses. Das Projekt wurde im Dezember 2019 mit der Zusicherung von Emtan gestartet, ein Ergebnis unserer professionellen Arbeit mit einem modernen [&hellip;]<\/p>\n","protected":false},"author":1,"featured_media":0,"parent":0,"menu_order":0,"comment_status":"closed","ping_status":"closed","template":"elementor_header_footer","meta":{"footnotes":""},"class_list":["post-7445","page","type-page","status-publish","hentry"],"yoast_head":"<!-- This site is optimized with the Yoast SEO plugin v27.1.1 - https:\/\/yoast.com\/product\/yoast-seo-wordpress\/ -->\n<title>Emtan Trio - Emtan Construction<\/title>\n<meta name=\"robots\" content=\"index, follow, max-snippet:-1, max-image-preview:large, max-video-preview:-1\" \/>\n<link rel=\"canonical\" href=\"https:\/\/emtancons.com\/de\/emtan-trio\/\" \/>\n<meta property=\"og:locale\" content=\"de_DE\" \/>\n<meta property=\"og:type\" content=\"article\" \/>\n<meta property=\"og:title\" content=\"Emtan Trio - Emtan Construction\" \/>\n<meta property=\"og:description\" content=\"Details zum Projekt Emtan trio G\u0130RNE CENTER, G\u0130RNE Das Projekt liegt im Zentrum von Kyrenia und umfasst drei separate f\u00fcnfst\u00f6ckige Wohnbl\u00f6cke. Es umfasst insgesamt 31 Luxuswohnungen: 21 Zwei-Zimmer-Wohnungen, acht Drei-Zimmer-Wohnungen und zwei \u00e4u\u00dferst ger\u00e4umige Drei-Zimmer-Penthouses. Das Projekt wurde im Dezember 2019 mit der Zusicherung von Emtan gestartet, ein Ergebnis unserer professionellen Arbeit mit einem modernen [&hellip;]\" \/>\n<meta property=\"og:url\" content=\"https:\/\/emtancons.com\/de\/emtan-trio\/\" \/>\n<meta property=\"og:site_name\" content=\"Emtan Construction\" \/>\n<meta property=\"article:modified_time\" content=\"2025-09-26T14:10:09+00:00\" \/>\n<meta property=\"og:image\" content=\"https:\/\/emtancons.com\/wp-content\/uploads\/2024\/09\/image-2024-09-05T213831.379-1.jpg\" \/>\n<meta name=\"twitter:card\" content=\"summary_large_image\" \/>\n<meta name=\"twitter:label1\" content=\"Gesch\u00e4tzte Lesezeit\" \/>\n\t<meta name=\"twitter:data1\" content=\"1\u00a0Minute\" \/>\n<script type=\"application\/ld+json\" class=\"yoast-schema-graph\">{\"@context\":\"https:\/\/schema.org\",\"@graph\":[{\"@type\":\"WebPage\",\"@id\":\"https:\/\/emtancons.com\/de\/emtan-trio\/\",\"url\":\"https:\/\/emtancons.com\/de\/emtan-trio\/\",\"name\":\"Emtan Trio - Emtan Construction\",\"isPartOf\":{\"@id\":\"https:\/\/emtancons.com\/#website\"},\"primaryImageOfPage\":{\"@id\":\"https:\/\/emtancons.com\/de\/emtan-trio\/#primaryimage\"},\"image\":{\"@id\":\"https:\/\/emtancons.com\/de\/emtan-trio\/#primaryimage\"},\"thumbnailUrl\":\"https:\/\/emtancons.com\/wp-content\/uploads\/2024\/09\/image-2024-09-05T213831.379-1.jpg\",\"datePublished\":\"2024-09-05T18:45:16+00:00\",\"dateModified\":\"2025-09-26T14:10:09+00:00\",\"breadcrumb\":{\"@id\":\"https:\/\/emtancons.com\/de\/emtan-trio\/#breadcrumb\"},\"inLanguage\":\"de\",\"potentialAction\":[{\"@type\":\"ReadAction\",\"target\":[\"https:\/\/emtancons.com\/de\/emtan-trio\/\"]}]},{\"@type\":\"ImageObject\",\"inLanguage\":\"de\",\"@id\":\"https:\/\/emtancons.com\/de\/emtan-trio\/#primaryimage\",\"url\":\"https:\/\/emtancons.com\/wp-content\/uploads\/2024\/09\/image-2024-09-05T213831.379-1.jpg\",\"contentUrl\":\"https:\/\/emtancons.com\/wp-content\/uploads\/2024\/09\/image-2024-09-05T213831.379-1.jpg\"},{\"@type\":\"BreadcrumbList\",\"@id\":\"https:\/\/emtancons.com\/de\/emtan-trio\/#breadcrumb\",\"itemListElement\":[{\"@type\":\"ListItem\",\"position\":1,\"name\":\"Anasayfa\",\"item\":\"https:\/\/emtancons.com\/\"},{\"@type\":\"ListItem\",\"position\":2,\"name\":\"Emtan Trio\"}]},{\"@type\":\"WebSite\",\"@id\":\"https:\/\/emtancons.com\/#website\",\"url\":\"https:\/\/emtancons.com\/\",\"name\":\"Emtan Construction\",\"description\":\"\",\"potentialAction\":[{\"@type\":\"SearchAction\",\"target\":{\"@type\":\"EntryPoint\",\"urlTemplate\":\"https:\/\/emtancons.com\/?s={search_term_string}\"},\"query-input\":{\"@type\":\"PropertyValueSpecification\",\"valueRequired\":true,\"valueName\":\"search_term_string\"}}],\"inLanguage\":\"de\"}]}<\/script>\n<!-- \/ Yoast SEO plugin. -->","yoast_head_json":{"title":"Emtan Trio - Emtan Construction","robots":{"index":"index","follow":"follow","max-snippet":"max-snippet:-1","max-image-preview":"max-image-preview:large","max-video-preview":"max-video-preview:-1"},"canonical":"https:\/\/emtancons.com\/de\/emtan-trio\/","og_locale":"de_DE","og_type":"article","og_title":"Emtan Trio - Emtan Construction","og_description":"Details zum Projekt Emtan trio G\u0130RNE CENTER, G\u0130RNE Das Projekt liegt im Zentrum von Kyrenia und umfasst drei separate f\u00fcnfst\u00f6ckige Wohnbl\u00f6cke. Es umfasst insgesamt 31 Luxuswohnungen: 21 Zwei-Zimmer-Wohnungen, acht Drei-Zimmer-Wohnungen und zwei \u00e4u\u00dferst ger\u00e4umige Drei-Zimmer-Penthouses. Das Projekt wurde im Dezember 2019 mit der Zusicherung von Emtan gestartet, ein Ergebnis unserer professionellen Arbeit mit einem modernen [&hellip;]","og_url":"https:\/\/emtancons.com\/de\/emtan-trio\/","og_site_name":"Emtan Construction","article_modified_time":"2025-09-26T14:10:09+00:00","og_image":[{"url":"https:\/\/emtancons.com\/wp-content\/uploads\/2024\/09\/image-2024-09-05T213831.379-1.jpg","type":"","width":"","height":""}],"twitter_card":"summary_large_image","twitter_misc":{"Gesch\u00e4tzte Lesezeit":"1\u00a0Minute"},"schema":{"@context":"https:\/\/schema.org","@graph":[{"@type":"WebPage","@id":"https:\/\/emtancons.com\/de\/emtan-trio\/","url":"https:\/\/emtancons.com\/de\/emtan-trio\/","name":"Emtan Trio - Emtan Construction","isPartOf":{"@id":"https:\/\/emtancons.com\/#website"},"primaryImageOfPage":{"@id":"https:\/\/emtancons.com\/de\/emtan-trio\/#primaryimage"},"image":{"@id":"https:\/\/emtancons.com\/de\/emtan-trio\/#primaryimage"},"thumbnailUrl":"https:\/\/emtancons.com\/wp-content\/uploads\/2024\/09\/image-2024-09-05T213831.379-1.jpg","datePublished":"2024-09-05T18:45:16+00:00","dateModified":"2025-09-26T14:10:09+00:00","breadcrumb":{"@id":"https:\/\/emtancons.com\/de\/emtan-trio\/#breadcrumb"},"inLanguage":"de","potentialAction":[{"@type":"ReadAction","target":["https:\/\/emtancons.com\/de\/emtan-trio\/"]}]},{"@type":"ImageObject","inLanguage":"de","@id":"https:\/\/emtancons.com\/de\/emtan-trio\/#primaryimage","url":"https:\/\/emtancons.com\/wp-content\/uploads\/2024\/09\/image-2024-09-05T213831.379-1.jpg","contentUrl":"https:\/\/emtancons.com\/wp-content\/uploads\/2024\/09\/image-2024-09-05T213831.379-1.jpg"},{"@type":"BreadcrumbList","@id":"https:\/\/emtancons.com\/de\/emtan-trio\/#breadcrumb","itemListElement":[{"@type":"ListItem","position":1,"name":"Anasayfa","item":"https:\/\/emtancons.com\/"},{"@type":"ListItem","position":2,"name":"Emtan Trio"}]},{"@type":"WebSite","@id":"https:\/\/emtancons.com\/#website","url":"https:\/\/emtancons.com\/","name":"Emtan Construction","description":"","potentialAction":[{"@type":"SearchAction","target":{"@type":"EntryPoint","urlTemplate":"https:\/\/emtancons.com\/?s={search_term_string}"},"query-input":{"@type":"PropertyValueSpecification","valueRequired":true,"valueName":"search_term_string"}}],"inLanguage":"de"}]}},"_links":{"self":[{"href":"https:\/\/emtancons.com\/de\/wp-json\/wp\/v2\/pages\/7445","targetHints":{"allow":["GET"]}}],"collection":[{"href":"https:\/\/emtancons.com\/de\/wp-json\/wp\/v2\/pages"}],"about":[{"href":"https:\/\/emtancons.com\/de\/wp-json\/wp\/v2\/types\/page"}],"author":[{"embeddable":true,"href":"https:\/\/emtancons.com\/de\/wp-json\/wp\/v2\/users\/1"}],"replies":[{"embeddable":true,"href":"https:\/\/emtancons.com\/de\/wp-json\/wp\/v2\/comments?post=7445"}],"version-history":[{"count":13,"href":"https:\/\/emtancons.com\/de\/wp-json\/wp\/v2\/pages\/7445\/revisions"}],"predecessor-version":[{"id":9017,"href":"https:\/\/emtancons.com\/de\/wp-json\/wp\/v2\/pages\/7445\/revisions\/9017"}],"wp:attachment":[{"href":"https:\/\/emtancons.com\/de\/wp-json\/wp\/v2\/media?parent=7445"}],"curies":[{"name":"wp","href":"https:\/\/api.w.org\/{rel}","templated":true}]}}