{"id":7437,"date":"2024-09-05T21:27:59","date_gmt":"2024-09-05T18:27:59","guid":{"rendered":"https:\/\/emtancons.com\/emtan-quattro\/"},"modified":"2025-09-26T17:11:12","modified_gmt":"2025-09-26T14:11:12","slug":"emtan-quattro","status":"publish","type":"page","link":"https:\/\/emtancons.com\/de\/emtan-quattro\/","title":{"rendered":"Emtan Quattro"},"content":{"rendered":"\t\t<div data-elementor-type=\"wp-page\" data-elementor-id=\"7437\" class=\"elementor elementor-7437 elementor-2299\" data-elementor-post-type=\"page\">\n\t\t\t\t\t\t<section class=\"elementor-section elementor-top-section elementor-element elementor-element-be0bedd elementor-section-content-middle elementor-section-boxed elementor-section-height-default elementor-section-height-default\" data-id=\"be0bedd\" data-element_type=\"section\" data-e-type=\"section\" data-settings=\"{&quot;background_background&quot;:&quot;classic&quot;}\">\n\t\t\t\t\t\t\t<div class=\"elementor-background-overlay\"><\/div>\n\t\t\t\t\t\t\t<div class=\"elementor-container elementor-column-gap-default\">\n\t\t\t\t\t<div class=\"elementor-column elementor-col-50 elementor-top-column elementor-element elementor-element-3fdf35be\" data-id=\"3fdf35be\" data-element_type=\"column\" data-e-type=\"column\">\n\t\t\t<div class=\"elementor-widget-wrap elementor-element-populated\">\n\t\t\t\t\t\t<div class=\"elementor-element elementor-element-28480b09 elementor-widget elementor-widget-heading\" data-id=\"28480b09\" data-element_type=\"widget\" data-e-type=\"widget\" data-widget_type=\"heading.default\">\n\t\t\t\t<div class=\"elementor-widget-container\">\n\t\t\t\t\t<p class=\"elementor-heading-title elementor-size-default\">Details zum Projekt<\/p>\t\t\t\t<\/div>\n\t\t\t\t<\/div>\n\t\t\t\t<div class=\"elementor-element elementor-element-22f04d3e elementor-invisible elementor-widget elementor-widget-heading\" data-id=\"22f04d3e\" data-element_type=\"widget\" data-e-type=\"widget\" data-settings=\"{&quot;_animation&quot;:&quot;fadeInUp&quot;}\" data-widget_type=\"heading.default\">\n\t\t\t\t<div class=\"elementor-widget-container\">\n\t\t\t\t\t<h1 class=\"elementor-heading-title elementor-size-default\">Emtan Quattro\n<\/h1>\t\t\t\t<\/div>\n\t\t\t\t<\/div>\n\t\t\t\t<div class=\"elementor-element elementor-element-312da9e4 elementor-icon-list--layout-inline elementor-list-item-link-full_width elementor-widget elementor-widget-icon-list\" data-id=\"312da9e4\" data-element_type=\"widget\" data-e-type=\"widget\" data-widget_type=\"icon-list.default\">\n\t\t\t\t<div class=\"elementor-widget-container\">\n\t\t\t\t\t\t\t<ul class=\"elementor-icon-list-items elementor-inline-items\">\n\t\t\t\t\t\t\t<li class=\"elementor-icon-list-item elementor-inline-item\">\n\t\t\t\t\t\t\t\t\t\t\t<a href=\"#\">\n\n\t\t\t\t\t\t\t\t\t\t\t\t<span class=\"elementor-icon-list-icon\">\n\t\t\t\t\t\t\t<i aria-hidden=\"true\" class=\"fas fa-arrow-right\"><\/i>\t\t\t\t\t\t<\/span>\n\t\t\t\t\t\t\t\t\t\t<span class=\"elementor-icon-list-text\">G\u0130RNE CENTER, G\u0130RNE<\/span>\n\t\t\t\t\t\t\t\t\t\t\t<\/a>\n\t\t\t\t\t\t\t\t\t<\/li>\n\t\t\t\t\t\t<\/ul>\n\t\t\t\t\t\t<\/div>\n\t\t\t\t<\/div>\n\t\t\t\t\t<\/div>\n\t\t<\/div>\n\t\t\t\t<div class=\"elementor-column elementor-col-50 elementor-top-column elementor-element elementor-element-25896e84\" data-id=\"25896e84\" data-element_type=\"column\" data-e-type=\"column\">\n\t\t\t<div class=\"elementor-widget-wrap\">\n\t\t\t\t\t\t\t<\/div>\n\t\t<\/div>\n\t\t\t\t\t<\/div>\n\t\t<\/section>\n\t\t\t\t<section class=\"elementor-section elementor-top-section elementor-element elementor-element-6d97fe95 elementor-section-boxed elementor-section-height-default elementor-section-height-default\" data-id=\"6d97fe95\" data-element_type=\"section\" data-e-type=\"section\">\n\t\t\t\t\t\t\t<div class=\"elementor-background-overlay\"><\/div>\n\t\t\t\t\t\t\t<div class=\"elementor-container elementor-column-gap-default\">\n\t\t\t\t\t<div class=\"elementor-column elementor-col-50 elementor-top-column elementor-element elementor-element-2506919e elementor-invisible\" data-id=\"2506919e\" data-element_type=\"column\" data-e-type=\"column\" data-settings=\"{&quot;background_background&quot;:&quot;classic&quot;,&quot;animation&quot;:&quot;slideInUp&quot;}\">\n\t\t\t<div class=\"elementor-widget-wrap elementor-element-populated\">\n\t\t\t\t\t\t<div class=\"elementor-element elementor-element-288b7dbc elementor-widget elementor-widget-text-editor\" data-id=\"288b7dbc\" data-element_type=\"widget\" data-e-type=\"widget\" data-widget_type=\"text-editor.default\">\n\t\t\t\t<div class=\"elementor-widget-container\">\n\t\t\t\t\t\t\t\t\t<p>Im Herzen von Kyrenia erwartet Sie ein neues Wohnerlebnis mit herrlicher Aussicht. Unser Projekt Emtan Quattro besteht aus vier miteinander verbundenen Geb\u00e4uden mit jeweils 8, 9, 10 und 11 Stockwerken, die von au\u00dfen betrachtet wie ein einziger Block wirken. Unser Projekt umfasst 22 Zwei-Zimmer-Wohnungen, 14 Drei-Zimmer-Wohnungen und sechs Maisonette-Penthouses. Das Geb\u00e4ude wird au\u00dferdem drei Gewerbefl\u00e4chen umfassen. Emtan Quattro wurde mit modernem architektonischen Ansatz und unserer professionellen Arbeit f\u00fcr Sie entworfen. Wir laden Sie zu einem neuen Leben ein. WIR HABEN IMMER UNSER BESTES GEGEBEN. Der Projektliefertermin ist Juni 2019.<\/p>\t\t\t\t\t\t\t\t<\/div>\n\t\t\t\t<\/div>\n\t\t\t\t<div class=\"elementor-element elementor-element-12fa90b5 elementor-widget-divider--view-line_text elementor-widget-divider--element-align-left elementor-widget elementor-widget-divider\" data-id=\"12fa90b5\" data-element_type=\"widget\" data-e-type=\"widget\" data-widget_type=\"divider.default\">\n\t\t\t\t<div class=\"elementor-widget-container\">\n\t\t\t\t\t\t\t<div class=\"elementor-divider\">\n\t\t\t<span class=\"elementor-divider-separator\">\n\t\t\t\t\t\t\t<span class=\"elementor-divider__text elementor-divider__element\">\n\t\t\t\tAllgemeine Projektfunktionen\t\t\t\t<\/span>\n\t\t\t\t\t\t<\/span>\n\t\t<\/div>\n\t\t\t\t\t\t<\/div>\n\t\t\t\t<\/div>\n\t\t\t\t<section class=\"elementor-section elementor-inner-section elementor-element elementor-element-65e23fd7 elementor-section-boxed elementor-section-height-default elementor-section-height-default\" data-id=\"65e23fd7\" data-element_type=\"section\" data-e-type=\"section\">\n\t\t\t\t\t\t<div class=\"elementor-container elementor-column-gap-no\">\n\t\t\t\t\t<div class=\"elementor-column elementor-col-50 elementor-inner-column elementor-element elementor-element-74ae604f\" data-id=\"74ae604f\" data-element_type=\"column\" data-e-type=\"column\">\n\t\t\t<div class=\"elementor-widget-wrap elementor-element-populated\">\n\t\t\t\t\t\t<div class=\"elementor-element elementor-element-43b4871 elementor-widget elementor-widget-text-editor\" data-id=\"43b4871\" data-element_type=\"widget\" data-e-type=\"widget\" data-widget_type=\"text-editor.default\">\n\t\t\t\t<div class=\"elementor-widget-container\">\n\t\t\t\t\t\t\t\t\t<p>Multi-Wechselrichter-Klimaanlage<br \/>Zentrales Generatorensystem<br \/>Sicherheit rund um die Uhr<br \/>IP-Farb- und Video-Gegensprechanlage<br \/>Gemeinsame Brandmeldeanlage<\/p>\t\t\t\t\t\t\t\t<\/div>\n\t\t\t\t<\/div>\n\t\t\t\t\t<\/div>\n\t\t<\/div>\n\t\t\t\t<div class=\"elementor-column elementor-col-50 elementor-inner-column elementor-element elementor-element-34cfdb04\" data-id=\"34cfdb04\" data-element_type=\"column\" data-e-type=\"column\">\n\t\t\t<div class=\"elementor-widget-wrap elementor-element-populated\">\n\t\t\t\t\t\t<div class=\"elementor-element elementor-element-903f15f elementor-widget elementor-widget-text-editor\" data-id=\"903f15f\" data-element_type=\"widget\" data-e-type=\"widget\" data-widget_type=\"text-editor.default\">\n\t\t\t\t<div class=\"elementor-widget-container\">\n\t\t\t\t\t\t\t\t\t<p>CCTV-\u00dcberwachungskameras<br \/>Kontrolliertes Ein-\/Ausgangsschrankensystem<br \/>Zentrales TV-\/Satellitensystem<br \/>Zentrale Glasfaser-Internet-\/Dateninfrastruktur<br \/>Aufzug<br \/>Zentraler, versenkter Betonwassertank<\/p>\t\t\t\t\t\t\t\t<\/div>\n\t\t\t\t<\/div>\n\t\t\t\t\t<\/div>\n\t\t<\/div>\n\t\t\t\t\t<\/div>\n\t\t<\/section>\n\t\t\t\t\t<\/div>\n\t\t<\/div>\n\t\t\t\t<div class=\"elementor-column elementor-col-50 elementor-top-column elementor-element elementor-element-46260e6a\" data-id=\"46260e6a\" data-element_type=\"column\" data-e-type=\"column\">\n\t\t\t<div class=\"elementor-widget-wrap\">\n\t\t\t\t\t\t\t<\/div>\n\t\t<\/div>\n\t\t\t\t\t<\/div>\n\t\t<\/section>\n\t\t\t\t<section class=\"elementor-section elementor-top-section elementor-element elementor-element-2b687dc elementor-section-full_width elementor-section-height-default elementor-section-height-default\" data-id=\"2b687dc\" data-element_type=\"section\" data-e-type=\"section\">\n\t\t\t\t\t\t<div class=\"elementor-container elementor-column-gap-default\">\n\t\t\t\t\t<div class=\"elementor-column elementor-col-100 elementor-top-column elementor-element elementor-element-347d0d6e\" data-id=\"347d0d6e\" data-element_type=\"column\" data-e-type=\"column\">\n\t\t\t<div class=\"elementor-widget-wrap elementor-element-populated\">\n\t\t\t\t\t\t<div class=\"elementor-element elementor-element-1eae9d13 gallery-spacing-custom elementor-widget elementor-widget-image-gallery\" data-id=\"1eae9d13\" data-element_type=\"widget\" data-e-type=\"widget\" data-widget_type=\"image-gallery.default\">\n\t\t\t\t<div class=\"elementor-widget-container\">\n\t\t\t\t\t\t\t<div class=\"elementor-image-gallery\">\n\t\t\t<div id='gallery-1' class='gallery galleryid-7437 gallery-columns-3 gallery-size-full'><figure class='gallery-item'>\n\t\t\t<div class='gallery-icon landscape'>\n\t\t\t\t<a data-elementor-open-lightbox=\"yes\" data-elementor-lightbox-slideshow=\"1eae9d13\" data-elementor-lightbox-title=\"image - 2024-09-05T212425.778\" data-e-action-hash=\"#elementor-action%3Aaction%3Dlightbox%26settings%3DeyJpZCI6MjM4NCwidXJsIjoiaHR0cHM6XC9cL2VtdGFuY29ucy5jb21cL3dwLWNvbnRlbnRcL3VwbG9hZHNcLzIwMjRcLzA5XC9pbWFnZS0yMDI0LTA5LTA1VDIxMjQyNS43NzguanBnIiwic2xpZGVzaG93IjoiMWVhZTlkMTMifQ%3D%3D\" href='https:\/\/emtancons.com\/wp-content\/uploads\/2024\/09\/image-2024-09-05T212425.778.jpg'><img fetchpriority=\"high\" decoding=\"async\" width=\"1000\" height=\"818\" src=\"https:\/\/emtancons.com\/wp-content\/uploads\/2024\/09\/image-2024-09-05T212425.778.jpg\" class=\"attachment-full size-full\" alt=\"\" srcset=\"https:\/\/emtancons.com\/wp-content\/uploads\/2024\/09\/image-2024-09-05T212425.778.jpg 1000w, https:\/\/emtancons.com\/wp-content\/uploads\/2024\/09\/image-2024-09-05T212425.778-300x245.jpg 300w, https:\/\/emtancons.com\/wp-content\/uploads\/2024\/09\/image-2024-09-05T212425.778-768x628.jpg 768w, https:\/\/emtancons.com\/wp-content\/uploads\/2024\/09\/image-2024-09-05T212425.778-350x286.jpg 350w, https:\/\/emtancons.com\/wp-content\/uploads\/2024\/09\/image-2024-09-05T212425.778-370x303.jpg 370w, https:\/\/emtancons.com\/wp-content\/uploads\/2024\/09\/image-2024-09-05T212425.778-255x209.jpg 255w, https:\/\/emtancons.com\/wp-content\/uploads\/2024\/09\/image-2024-09-05T212425.778-285x233.jpg 285w, https:\/\/emtancons.com\/wp-content\/uploads\/2024\/09\/image-2024-09-05T212425.778-600x491.jpg 600w, https:\/\/emtancons.com\/wp-content\/uploads\/2024\/09\/image-2024-09-05T212425.778-560x458.jpg 560w\" sizes=\"(max-width: 1000px) 100vw, 1000px\" \/><\/a>\n\t\t\t<\/div><\/figure><figure class='gallery-item'>\n\t\t\t<div class='gallery-icon landscape'>\n\t\t\t\t<a data-elementor-open-lightbox=\"yes\" data-elementor-lightbox-slideshow=\"1eae9d13\" data-elementor-lightbox-title=\"image - 2024-09-05T212421.828\" data-e-action-hash=\"#elementor-action%3Aaction%3Dlightbox%26settings%3DeyJpZCI6MjM4NSwidXJsIjoiaHR0cHM6XC9cL2VtdGFuY29ucy5jb21cL3dwLWNvbnRlbnRcL3VwbG9hZHNcLzIwMjRcLzA5XC9pbWFnZS0yMDI0LTA5LTA1VDIxMjQyMS44MjguanBnIiwic2xpZGVzaG93IjoiMWVhZTlkMTMifQ%3D%3D\" href='https:\/\/emtancons.com\/wp-content\/uploads\/2024\/09\/image-2024-09-05T212421.828.jpg'><img decoding=\"async\" width=\"1000\" height=\"818\" src=\"https:\/\/emtancons.com\/wp-content\/uploads\/2024\/09\/image-2024-09-05T212421.828.jpg\" class=\"attachment-full size-full\" alt=\"\" srcset=\"https:\/\/emtancons.com\/wp-content\/uploads\/2024\/09\/image-2024-09-05T212421.828.jpg 1000w, https:\/\/emtancons.com\/wp-content\/uploads\/2024\/09\/image-2024-09-05T212421.828-300x245.jpg 300w, https:\/\/emtancons.com\/wp-content\/uploads\/2024\/09\/image-2024-09-05T212421.828-768x628.jpg 768w, https:\/\/emtancons.com\/wp-content\/uploads\/2024\/09\/image-2024-09-05T212421.828-350x286.jpg 350w, https:\/\/emtancons.com\/wp-content\/uploads\/2024\/09\/image-2024-09-05T212421.828-370x303.jpg 370w, https:\/\/emtancons.com\/wp-content\/uploads\/2024\/09\/image-2024-09-05T212421.828-255x209.jpg 255w, https:\/\/emtancons.com\/wp-content\/uploads\/2024\/09\/image-2024-09-05T212421.828-285x233.jpg 285w, https:\/\/emtancons.com\/wp-content\/uploads\/2024\/09\/image-2024-09-05T212421.828-600x491.jpg 600w, https:\/\/emtancons.com\/wp-content\/uploads\/2024\/09\/image-2024-09-05T212421.828-560x458.jpg 560w\" sizes=\"(max-width: 1000px) 100vw, 1000px\" \/><\/a>\n\t\t\t<\/div><\/figure><figure class='gallery-item'>\n\t\t\t<div class='gallery-icon landscape'>\n\t\t\t\t<a data-elementor-open-lightbox=\"yes\" data-elementor-lightbox-slideshow=\"1eae9d13\" data-elementor-lightbox-title=\"image (100)\" data-e-action-hash=\"#elementor-action%3Aaction%3Dlightbox%26settings%3DeyJpZCI6MjM4NiwidXJsIjoiaHR0cHM6XC9cL2VtdGFuY29ucy5jb21cL3dwLWNvbnRlbnRcL3VwbG9hZHNcLzIwMjRcLzA5XC9pbWFnZS0xMDAuanBnIiwic2xpZGVzaG93IjoiMWVhZTlkMTMifQ%3D%3D\" href='https:\/\/emtancons.com\/wp-content\/uploads\/2024\/09\/image-100.jpg'><img decoding=\"async\" width=\"1000\" height=\"818\" src=\"https:\/\/emtancons.com\/wp-content\/uploads\/2024\/09\/image-100.jpg\" class=\"attachment-full size-full\" alt=\"\" srcset=\"https:\/\/emtancons.com\/wp-content\/uploads\/2024\/09\/image-100.jpg 1000w, https:\/\/emtancons.com\/wp-content\/uploads\/2024\/09\/image-100-300x245.jpg 300w, https:\/\/emtancons.com\/wp-content\/uploads\/2024\/09\/image-100-768x628.jpg 768w, https:\/\/emtancons.com\/wp-content\/uploads\/2024\/09\/image-100-350x286.jpg 350w, https:\/\/emtancons.com\/wp-content\/uploads\/2024\/09\/image-100-370x303.jpg 370w, https:\/\/emtancons.com\/wp-content\/uploads\/2024\/09\/image-100-255x209.jpg 255w, https:\/\/emtancons.com\/wp-content\/uploads\/2024\/09\/image-100-285x233.jpg 285w, https:\/\/emtancons.com\/wp-content\/uploads\/2024\/09\/image-100-600x491.jpg 600w, https:\/\/emtancons.com\/wp-content\/uploads\/2024\/09\/image-100-560x458.jpg 560w\" sizes=\"(max-width: 1000px) 100vw, 1000px\" \/><\/a>\n\t\t\t<\/div><\/figure>\n\t\t<\/div>\n\t\t<\/div>\n\t\t\t\t\t\t<\/div>\n\t\t\t\t<\/div>\n\t\t\t\t\t<\/div>\n\t\t<\/div>\n\t\t\t\t\t<\/div>\n\t\t<\/section>\n\t\t\t\t<\/div>\n\t\t","protected":false},"excerpt":{"rendered":"<p>Details zum Projekt Emtan Quattro G\u0130RNE CENTER, G\u0130RNE Im Herzen von Kyrenia erwartet Sie ein neues Wohnerlebnis mit herrlicher Aussicht. Unser Projekt Emtan Quattro besteht aus vier miteinander verbundenen Geb\u00e4uden mit jeweils 8, 9, 10 und 11 Stockwerken, die von au\u00dfen betrachtet wie ein einziger Block wirken. Unser Projekt umfasst 22 Zwei-Zimmer-Wohnungen, 14 Drei-Zimmer-Wohnungen und [&hellip;]<\/p>\n","protected":false},"author":1,"featured_media":0,"parent":0,"menu_order":0,"comment_status":"closed","ping_status":"closed","template":"elementor_header_footer","meta":{"footnotes":""},"class_list":["post-7437","page","type-page","status-publish","hentry"],"yoast_head":"<!-- This site is optimized with the Yoast SEO plugin v27.1.1 - https:\/\/yoast.com\/product\/yoast-seo-wordpress\/ -->\n<title>Emtan Quattro - Emtan Construction<\/title>\n<meta name=\"robots\" content=\"index, follow, max-snippet:-1, max-image-preview:large, max-video-preview:-1\" \/>\n<link rel=\"canonical\" href=\"https:\/\/emtancons.com\/de\/emtan-quattro\/\" \/>\n<meta property=\"og:locale\" content=\"de_DE\" \/>\n<meta property=\"og:type\" content=\"article\" \/>\n<meta property=\"og:title\" content=\"Emtan Quattro - Emtan Construction\" \/>\n<meta property=\"og:description\" content=\"Details zum Projekt Emtan Quattro G\u0130RNE CENTER, G\u0130RNE Im Herzen von Kyrenia erwartet Sie ein neues Wohnerlebnis mit herrlicher Aussicht. Unser Projekt Emtan Quattro besteht aus vier miteinander verbundenen Geb\u00e4uden mit jeweils 8, 9, 10 und 11 Stockwerken, die von au\u00dfen betrachtet wie ein einziger Block wirken. Unser Projekt umfasst 22 Zwei-Zimmer-Wohnungen, 14 Drei-Zimmer-Wohnungen und [&hellip;]\" \/>\n<meta property=\"og:url\" content=\"https:\/\/emtancons.com\/de\/emtan-quattro\/\" \/>\n<meta property=\"og:site_name\" content=\"Emtan Construction\" \/>\n<meta property=\"article:modified_time\" content=\"2025-09-26T14:11:12+00:00\" \/>\n<meta property=\"og:image\" content=\"https:\/\/emtancons.com\/wp-content\/uploads\/2024\/09\/image-2024-09-05T212425.778.jpg\" \/>\n<meta name=\"twitter:card\" content=\"summary_large_image\" \/>\n<meta name=\"twitter:label1\" content=\"Gesch\u00e4tzte Lesezeit\" \/>\n\t<meta name=\"twitter:data1\" content=\"1\u00a0Minute\" \/>\n<script type=\"application\/ld+json\" class=\"yoast-schema-graph\">{\"@context\":\"https:\/\/schema.org\",\"@graph\":[{\"@type\":\"WebPage\",\"@id\":\"https:\/\/emtancons.com\/de\/emtan-quattro\/\",\"url\":\"https:\/\/emtancons.com\/de\/emtan-quattro\/\",\"name\":\"Emtan Quattro - Emtan Construction\",\"isPartOf\":{\"@id\":\"https:\/\/emtancons.com\/#website\"},\"primaryImageOfPage\":{\"@id\":\"https:\/\/emtancons.com\/de\/emtan-quattro\/#primaryimage\"},\"image\":{\"@id\":\"https:\/\/emtancons.com\/de\/emtan-quattro\/#primaryimage\"},\"thumbnailUrl\":\"https:\/\/emtancons.com\/wp-content\/uploads\/2024\/09\/image-2024-09-05T212425.778.jpg\",\"datePublished\":\"2024-09-05T18:27:59+00:00\",\"dateModified\":\"2025-09-26T14:11:12+00:00\",\"breadcrumb\":{\"@id\":\"https:\/\/emtancons.com\/de\/emtan-quattro\/#breadcrumb\"},\"inLanguage\":\"de\",\"potentialAction\":[{\"@type\":\"ReadAction\",\"target\":[\"https:\/\/emtancons.com\/de\/emtan-quattro\/\"]}]},{\"@type\":\"ImageObject\",\"inLanguage\":\"de\",\"@id\":\"https:\/\/emtancons.com\/de\/emtan-quattro\/#primaryimage\",\"url\":\"https:\/\/emtancons.com\/wp-content\/uploads\/2024\/09\/image-2024-09-05T212425.778.jpg\",\"contentUrl\":\"https:\/\/emtancons.com\/wp-content\/uploads\/2024\/09\/image-2024-09-05T212425.778.jpg\"},{\"@type\":\"BreadcrumbList\",\"@id\":\"https:\/\/emtancons.com\/de\/emtan-quattro\/#breadcrumb\",\"itemListElement\":[{\"@type\":\"ListItem\",\"position\":1,\"name\":\"Anasayfa\",\"item\":\"https:\/\/emtancons.com\/\"},{\"@type\":\"ListItem\",\"position\":2,\"name\":\"Emtan Quattro\"}]},{\"@type\":\"WebSite\",\"@id\":\"https:\/\/emtancons.com\/#website\",\"url\":\"https:\/\/emtancons.com\/\",\"name\":\"Emtan Construction\",\"description\":\"\",\"potentialAction\":[{\"@type\":\"SearchAction\",\"target\":{\"@type\":\"EntryPoint\",\"urlTemplate\":\"https:\/\/emtancons.com\/?s={search_term_string}\"},\"query-input\":{\"@type\":\"PropertyValueSpecification\",\"valueRequired\":true,\"valueName\":\"search_term_string\"}}],\"inLanguage\":\"de\"}]}<\/script>\n<!-- \/ Yoast SEO plugin. -->","yoast_head_json":{"title":"Emtan Quattro - Emtan Construction","robots":{"index":"index","follow":"follow","max-snippet":"max-snippet:-1","max-image-preview":"max-image-preview:large","max-video-preview":"max-video-preview:-1"},"canonical":"https:\/\/emtancons.com\/de\/emtan-quattro\/","og_locale":"de_DE","og_type":"article","og_title":"Emtan Quattro - Emtan Construction","og_description":"Details zum Projekt Emtan Quattro G\u0130RNE CENTER, G\u0130RNE Im Herzen von Kyrenia erwartet Sie ein neues Wohnerlebnis mit herrlicher Aussicht. Unser Projekt Emtan Quattro besteht aus vier miteinander verbundenen Geb\u00e4uden mit jeweils 8, 9, 10 und 11 Stockwerken, die von au\u00dfen betrachtet wie ein einziger Block wirken. Unser Projekt umfasst 22 Zwei-Zimmer-Wohnungen, 14 Drei-Zimmer-Wohnungen und [&hellip;]","og_url":"https:\/\/emtancons.com\/de\/emtan-quattro\/","og_site_name":"Emtan Construction","article_modified_time":"2025-09-26T14:11:12+00:00","og_image":[{"url":"https:\/\/emtancons.com\/wp-content\/uploads\/2024\/09\/image-2024-09-05T212425.778.jpg","type":"","width":"","height":""}],"twitter_card":"summary_large_image","twitter_misc":{"Gesch\u00e4tzte Lesezeit":"1\u00a0Minute"},"schema":{"@context":"https:\/\/schema.org","@graph":[{"@type":"WebPage","@id":"https:\/\/emtancons.com\/de\/emtan-quattro\/","url":"https:\/\/emtancons.com\/de\/emtan-quattro\/","name":"Emtan Quattro - Emtan Construction","isPartOf":{"@id":"https:\/\/emtancons.com\/#website"},"primaryImageOfPage":{"@id":"https:\/\/emtancons.com\/de\/emtan-quattro\/#primaryimage"},"image":{"@id":"https:\/\/emtancons.com\/de\/emtan-quattro\/#primaryimage"},"thumbnailUrl":"https:\/\/emtancons.com\/wp-content\/uploads\/2024\/09\/image-2024-09-05T212425.778.jpg","datePublished":"2024-09-05T18:27:59+00:00","dateModified":"2025-09-26T14:11:12+00:00","breadcrumb":{"@id":"https:\/\/emtancons.com\/de\/emtan-quattro\/#breadcrumb"},"inLanguage":"de","potentialAction":[{"@type":"ReadAction","target":["https:\/\/emtancons.com\/de\/emtan-quattro\/"]}]},{"@type":"ImageObject","inLanguage":"de","@id":"https:\/\/emtancons.com\/de\/emtan-quattro\/#primaryimage","url":"https:\/\/emtancons.com\/wp-content\/uploads\/2024\/09\/image-2024-09-05T212425.778.jpg","contentUrl":"https:\/\/emtancons.com\/wp-content\/uploads\/2024\/09\/image-2024-09-05T212425.778.jpg"},{"@type":"BreadcrumbList","@id":"https:\/\/emtancons.com\/de\/emtan-quattro\/#breadcrumb","itemListElement":[{"@type":"ListItem","position":1,"name":"Anasayfa","item":"https:\/\/emtancons.com\/"},{"@type":"ListItem","position":2,"name":"Emtan Quattro"}]},{"@type":"WebSite","@id":"https:\/\/emtancons.com\/#website","url":"https:\/\/emtancons.com\/","name":"Emtan Construction","description":"","potentialAction":[{"@type":"SearchAction","target":{"@type":"EntryPoint","urlTemplate":"https:\/\/emtancons.com\/?s={search_term_string}"},"query-input":{"@type":"PropertyValueSpecification","valueRequired":true,"valueName":"search_term_string"}}],"inLanguage":"de"}]}},"_links":{"self":[{"href":"https:\/\/emtancons.com\/de\/wp-json\/wp\/v2\/pages\/7437","targetHints":{"allow":["GET"]}}],"collection":[{"href":"https:\/\/emtancons.com\/de\/wp-json\/wp\/v2\/pages"}],"about":[{"href":"https:\/\/emtancons.com\/de\/wp-json\/wp\/v2\/types\/page"}],"author":[{"embeddable":true,"href":"https:\/\/emtancons.com\/de\/wp-json\/wp\/v2\/users\/1"}],"replies":[{"embeddable":true,"href":"https:\/\/emtancons.com\/de\/wp-json\/wp\/v2\/comments?post=7437"}],"version-history":[{"count":10,"href":"https:\/\/emtancons.com\/de\/wp-json\/wp\/v2\/pages\/7437\/revisions"}],"predecessor-version":[{"id":9020,"href":"https:\/\/emtancons.com\/de\/wp-json\/wp\/v2\/pages\/7437\/revisions\/9020"}],"wp:attachment":[{"href":"https:\/\/emtancons.com\/de\/wp-json\/wp\/v2\/media?parent=7437"}],"curies":[{"name":"wp","href":"https:\/\/api.w.org\/{rel}","templated":true}]}}