{"id":7435,"date":"2024-09-05T22:25:08","date_gmt":"2024-09-05T19:25:08","guid":{"rendered":"https:\/\/emtancons.com\/emtan-prestige\/"},"modified":"2025-09-26T17:19:51","modified_gmt":"2025-09-26T14:19:51","slug":"emtan-prestige","status":"publish","type":"page","link":"https:\/\/emtancons.com\/de\/emtan-prestige\/","title":{"rendered":"Emtan Prestige"},"content":{"rendered":"\t\t<div data-elementor-type=\"wp-page\" data-elementor-id=\"7435\" class=\"elementor elementor-7435 elementor-2304\" data-elementor-post-type=\"page\">\n\t\t\t\t\t\t<section class=\"elementor-section elementor-top-section elementor-element elementor-element-412bff7 elementor-section-content-middle elementor-section-boxed elementor-section-height-default elementor-section-height-default\" data-id=\"412bff7\" data-element_type=\"section\" data-e-type=\"section\" data-settings=\"{&quot;background_background&quot;:&quot;classic&quot;}\">\n\t\t\t\t\t\t\t<div class=\"elementor-background-overlay\"><\/div>\n\t\t\t\t\t\t\t<div class=\"elementor-container elementor-column-gap-default\">\n\t\t\t\t\t<div class=\"elementor-column elementor-col-50 elementor-top-column elementor-element elementor-element-50e8621a\" data-id=\"50e8621a\" data-element_type=\"column\" data-e-type=\"column\">\n\t\t\t<div class=\"elementor-widget-wrap elementor-element-populated\">\n\t\t\t\t\t\t<div class=\"elementor-element elementor-element-6a46d5d9 elementor-widget elementor-widget-heading\" data-id=\"6a46d5d9\" data-element_type=\"widget\" data-e-type=\"widget\" data-widget_type=\"heading.default\">\n\t\t\t\t<div class=\"elementor-widget-container\">\n\t\t\t\t\t<p class=\"elementor-heading-title elementor-size-default\">Details zum Projekt<\/p>\t\t\t\t<\/div>\n\t\t\t\t<\/div>\n\t\t\t\t<div class=\"elementor-element elementor-element-1910fbd7 elementor-invisible elementor-widget elementor-widget-heading\" data-id=\"1910fbd7\" data-element_type=\"widget\" data-e-type=\"widget\" data-settings=\"{&quot;_animation&quot;:&quot;fadeInUp&quot;}\" data-widget_type=\"heading.default\">\n\t\t\t\t<div class=\"elementor-widget-container\">\n\t\t\t\t\t<h1 class=\"elementor-heading-title elementor-size-default\">Emtan prestige\n<\/h1>\t\t\t\t<\/div>\n\t\t\t\t<\/div>\n\t\t\t\t<div class=\"elementor-element elementor-element-227176f4 elementor-icon-list--layout-inline elementor-list-item-link-full_width elementor-widget elementor-widget-icon-list\" data-id=\"227176f4\" data-element_type=\"widget\" data-e-type=\"widget\" data-widget_type=\"icon-list.default\">\n\t\t\t\t<div class=\"elementor-widget-container\">\n\t\t\t\t\t\t\t<ul class=\"elementor-icon-list-items elementor-inline-items\">\n\t\t\t\t\t\t\t<li class=\"elementor-icon-list-item elementor-inline-item\">\n\t\t\t\t\t\t\t\t\t\t\t<a href=\"#\">\n\n\t\t\t\t\t\t\t\t\t\t\t\t<span class=\"elementor-icon-list-icon\">\n\t\t\t\t\t\t\t<i aria-hidden=\"true\" class=\"fas fa-arrow-right\"><\/i>\t\t\t\t\t\t<\/span>\n\t\t\t\t\t\t\t\t\t\t<span class=\"elementor-icon-list-text\">G\u0130RNE CENTER, G\u0130RNE<\/span>\n\t\t\t\t\t\t\t\t\t\t\t<\/a>\n\t\t\t\t\t\t\t\t\t<\/li>\n\t\t\t\t\t\t<\/ul>\n\t\t\t\t\t\t<\/div>\n\t\t\t\t<\/div>\n\t\t\t\t\t<\/div>\n\t\t<\/div>\n\t\t\t\t<div class=\"elementor-column elementor-col-50 elementor-top-column elementor-element elementor-element-41f4713d\" data-id=\"41f4713d\" data-element_type=\"column\" data-e-type=\"column\">\n\t\t\t<div class=\"elementor-widget-wrap\">\n\t\t\t\t\t\t\t<\/div>\n\t\t<\/div>\n\t\t\t\t\t<\/div>\n\t\t<\/section>\n\t\t\t\t<section class=\"elementor-section elementor-top-section elementor-element elementor-element-538c3c57 elementor-section-boxed elementor-section-height-default elementor-section-height-default\" data-id=\"538c3c57\" data-element_type=\"section\" data-e-type=\"section\">\n\t\t\t\t\t\t\t<div class=\"elementor-background-overlay\"><\/div>\n\t\t\t\t\t\t\t<div class=\"elementor-container elementor-column-gap-default\">\n\t\t\t\t\t<div class=\"elementor-column elementor-col-50 elementor-top-column elementor-element elementor-element-506005e2 elementor-invisible\" data-id=\"506005e2\" data-element_type=\"column\" data-e-type=\"column\" data-settings=\"{&quot;background_background&quot;:&quot;classic&quot;,&quot;animation&quot;:&quot;slideInUp&quot;}\">\n\t\t\t<div class=\"elementor-widget-wrap elementor-element-populated\">\n\t\t\t\t\t\t<div class=\"elementor-element elementor-element-1697483c elementor-widget elementor-widget-text-editor\" data-id=\"1697483c\" data-element_type=\"widget\" data-e-type=\"widget\" data-widget_type=\"text-editor.default\">\n\t\t\t\t<div class=\"elementor-widget-container\">\n\t\t\t\t\t\t\t\t\t<p>Unser Projekt umfasst 26 Wohnungen in einem achtst\u00f6ckigen Geb\u00e4ude. Das Projekt, das ein 5-Zimmer-Duplex-Penthouse, zwei 3-Zimmer-Duplex-Penthouses, 10 3-Zimmer-Einheiten und 13 2-Zimmer-Einheiten umfasst, wird unter der Leitung von Emtan Construction realisiert und bietet eine neue Wohnform. Unser modernes Architekturkonzept und unsere professionelle Arbeit sind das Ergebnis unserer Arbeit. Die Klimaanlagen in den Wohnungen und Penthouses sind im Preis inbegriffen. Das herausragendste Merkmal unseres Projekts, das intelligente Hausautomationssystem \u2013 ein Novum f\u00fcr ein Wohngeb\u00e4ude in der T\u00fcrkischen Republik Nordzypern \u2013 bietet erhebliche Vorteile hinsichtlich Kosten, Sicherheit und Komfort. Das Projekt soll im September 2016 fertiggestellt werden.<\/p>\t\t\t\t\t\t\t\t<\/div>\n\t\t\t\t<\/div>\n\t\t\t\t<div class=\"elementor-element elementor-element-2b3ff6d0 elementor-widget-divider--view-line_text elementor-widget-divider--element-align-left elementor-widget elementor-widget-divider\" data-id=\"2b3ff6d0\" data-element_type=\"widget\" data-e-type=\"widget\" data-widget_type=\"divider.default\">\n\t\t\t\t<div class=\"elementor-widget-container\">\n\t\t\t\t\t\t\t<div class=\"elementor-divider\">\n\t\t\t<span class=\"elementor-divider-separator\">\n\t\t\t\t\t\t\t<span class=\"elementor-divider__text elementor-divider__element\">\n\t\t\t\tTechnische Projektspezifikationen\t\t\t\t<\/span>\n\t\t\t\t\t\t<\/span>\n\t\t<\/div>\n\t\t\t\t\t\t<\/div>\n\t\t\t\t<\/div>\n\t\t\t\t<section class=\"elementor-section elementor-inner-section elementor-element elementor-element-53339e11 elementor-section-boxed elementor-section-height-default elementor-section-height-default\" data-id=\"53339e11\" data-element_type=\"section\" data-e-type=\"section\">\n\t\t\t\t\t\t<div class=\"elementor-container elementor-column-gap-no\">\n\t\t\t\t\t<div class=\"elementor-column elementor-col-50 elementor-inner-column elementor-element elementor-element-27038740\" data-id=\"27038740\" data-element_type=\"column\" data-e-type=\"column\">\n\t\t\t<div class=\"elementor-widget-wrap elementor-element-populated\">\n\t\t\t\t\t\t<div class=\"elementor-element elementor-element-732c374 elementor-widget elementor-widget-text-editor\" data-id=\"732c374\" data-element_type=\"widget\" data-e-type=\"widget\" data-widget_type=\"text-editor.default\">\n\t\t\t\t<div class=\"elementor-widget-container\">\n\t\t\t\t\t\t\t\t\t<p>Multi-Inverter-Klimaanlage<br \/>Zentrales automatisches Generatorsystem<br \/>IP-Farb- und Video-Gegensprechanlage<br \/>Farb- und Video-Gegensprechanlage<br \/>Gemeinsame Brandmeldeanlage<\/p>\t\t\t\t\t\t\t\t<\/div>\n\t\t\t\t<\/div>\n\t\t\t\t\t<\/div>\n\t\t<\/div>\n\t\t\t\t<div class=\"elementor-column elementor-col-50 elementor-inner-column elementor-element elementor-element-453f6abf\" data-id=\"453f6abf\" data-element_type=\"column\" data-e-type=\"column\">\n\t\t\t<div class=\"elementor-widget-wrap elementor-element-populated\">\n\t\t\t\t\t\t<div class=\"elementor-element elementor-element-dd0fb76 elementor-widget elementor-widget-text-editor\" data-id=\"dd0fb76\" data-element_type=\"widget\" data-e-type=\"widget\" data-widget_type=\"text-editor.default\">\n\t\t\t\t<div class=\"elementor-widget-container\">\n\t\t\t\t\t\t\t\t\t<p>CCTV-\u00dcberwachungskameras<br \/>Kontrolliertes Ein-\/Ausgangsschrankensystem<br \/>Zentrales TV-\/Satellitensystem<br \/>Zentrale Internet-\/Dateninfrastruktur<br \/>Aufzug<br \/>Zentraler Betonwassertank<\/p>\t\t\t\t\t\t\t\t<\/div>\n\t\t\t\t<\/div>\n\t\t\t\t\t<\/div>\n\t\t<\/div>\n\t\t\t\t\t<\/div>\n\t\t<\/section>\n\t\t\t\t\t<\/div>\n\t\t<\/div>\n\t\t\t\t<div class=\"elementor-column elementor-col-50 elementor-top-column elementor-element elementor-element-151d2cd6\" data-id=\"151d2cd6\" data-element_type=\"column\" data-e-type=\"column\">\n\t\t\t<div class=\"elementor-widget-wrap\">\n\t\t\t\t\t\t\t<\/div>\n\t\t<\/div>\n\t\t\t\t\t<\/div>\n\t\t<\/section>\n\t\t\t\t<section class=\"elementor-section elementor-top-section elementor-element elementor-element-d88579c elementor-section-full_width elementor-section-height-default elementor-section-height-default\" data-id=\"d88579c\" data-element_type=\"section\" data-e-type=\"section\">\n\t\t\t\t\t\t<div class=\"elementor-container elementor-column-gap-default\">\n\t\t\t\t\t<div class=\"elementor-column elementor-col-100 elementor-top-column elementor-element elementor-element-617f99e\" data-id=\"617f99e\" data-element_type=\"column\" data-e-type=\"column\">\n\t\t\t<div class=\"elementor-widget-wrap elementor-element-populated\">\n\t\t\t\t\t\t<div class=\"elementor-element elementor-element-20210575 gallery-spacing-custom elementor-widget elementor-widget-image-gallery\" data-id=\"20210575\" data-element_type=\"widget\" data-e-type=\"widget\" data-widget_type=\"image-gallery.default\">\n\t\t\t\t<div class=\"elementor-widget-container\">\n\t\t\t\t\t\t\t<div class=\"elementor-image-gallery\">\n\t\t\t<div id='gallery-1' class='gallery galleryid-7435 gallery-columns-3 gallery-size-full'><figure class='gallery-item'>\n\t\t\t<div class='gallery-icon landscape'>\n\t\t\t\t<a data-elementor-open-lightbox=\"yes\" data-elementor-lightbox-slideshow=\"20210575\" data-elementor-lightbox-title=\"Yeni Proje - 2024-09-05T221848.327\" data-e-action-hash=\"#elementor-action%3Aaction%3Dlightbox%26settings%3DeyJpZCI6NzUxMywidXJsIjoiaHR0cHM6XC9cL2VtdGFuY29ucy5jb21cL3dwLWNvbnRlbnRcL3VwbG9hZHNcLzIwMjRcLzA5XC9ZZW5pLVByb2plLTIwMjQtMDktMDVUMjIxODQ4LjMyNy0xLmpwZyIsInNsaWRlc2hvdyI6IjIwMjEwNTc1In0%3D\" href='https:\/\/emtancons.com\/wp-content\/uploads\/2024\/09\/Yeni-Proje-2024-09-05T221848.327-1.jpg'><img fetchpriority=\"high\" decoding=\"async\" width=\"2000\" height=\"1125\" src=\"https:\/\/emtancons.com\/wp-content\/uploads\/2024\/09\/Yeni-Proje-2024-09-05T221848.327-1.jpg\" class=\"attachment-full size-full\" alt=\"\" srcset=\"https:\/\/emtancons.com\/wp-content\/uploads\/2024\/09\/Yeni-Proje-2024-09-05T221848.327-1.jpg 2000w, https:\/\/emtancons.com\/wp-content\/uploads\/2024\/09\/Yeni-Proje-2024-09-05T221848.327-1-300x169.jpg 300w, https:\/\/emtancons.com\/wp-content\/uploads\/2024\/09\/Yeni-Proje-2024-09-05T221848.327-1-1024x576.jpg 1024w, https:\/\/emtancons.com\/wp-content\/uploads\/2024\/09\/Yeni-Proje-2024-09-05T221848.327-1-768x432.jpg 768w, https:\/\/emtancons.com\/wp-content\/uploads\/2024\/09\/Yeni-Proje-2024-09-05T221848.327-1-350x197.jpg 350w, https:\/\/emtancons.com\/wp-content\/uploads\/2024\/09\/Yeni-Proje-2024-09-05T221848.327-1-370x208.jpg 370w, https:\/\/emtancons.com\/wp-content\/uploads\/2024\/09\/Yeni-Proje-2024-09-05T221848.327-1-255x143.jpg 255w, https:\/\/emtancons.com\/wp-content\/uploads\/2024\/09\/Yeni-Proje-2024-09-05T221848.327-1-285x160.jpg 285w, https:\/\/emtancons.com\/wp-content\/uploads\/2024\/09\/Yeni-Proje-2024-09-05T221848.327-1-1536x864.jpg 1536w, https:\/\/emtancons.com\/wp-content\/uploads\/2024\/09\/Yeni-Proje-2024-09-05T221848.327-1-600x338.jpg 600w, https:\/\/emtancons.com\/wp-content\/uploads\/2024\/09\/Yeni-Proje-2024-09-05T221848.327-1-560x315.jpg 560w\" sizes=\"(max-width: 2000px) 100vw, 2000px\" \/><\/a>\n\t\t\t<\/div><\/figure><figure class='gallery-item'>\n\t\t\t<div class='gallery-icon landscape'>\n\t\t\t\t<a data-elementor-open-lightbox=\"yes\" data-elementor-lightbox-slideshow=\"20210575\" data-elementor-lightbox-title=\"Yeni Proje - 2024-09-05T221840.557\" data-e-action-hash=\"#elementor-action%3Aaction%3Dlightbox%26settings%3DeyJpZCI6NzUxNCwidXJsIjoiaHR0cHM6XC9cL2VtdGFuY29ucy5jb21cL3dwLWNvbnRlbnRcL3VwbG9hZHNcLzIwMjRcLzA5XC9ZZW5pLVByb2plLTIwMjQtMDktMDVUMjIxODQwLjU1Ny0xLmpwZyIsInNsaWRlc2hvdyI6IjIwMjEwNTc1In0%3D\" href='https:\/\/emtancons.com\/wp-content\/uploads\/2024\/09\/Yeni-Proje-2024-09-05T221840.557-1.jpg'><img decoding=\"async\" width=\"2000\" height=\"1125\" src=\"https:\/\/emtancons.com\/wp-content\/uploads\/2024\/09\/Yeni-Proje-2024-09-05T221840.557-1.jpg\" class=\"attachment-full size-full\" alt=\"\" srcset=\"https:\/\/emtancons.com\/wp-content\/uploads\/2024\/09\/Yeni-Proje-2024-09-05T221840.557-1.jpg 2000w, https:\/\/emtancons.com\/wp-content\/uploads\/2024\/09\/Yeni-Proje-2024-09-05T221840.557-1-300x169.jpg 300w, https:\/\/emtancons.com\/wp-content\/uploads\/2024\/09\/Yeni-Proje-2024-09-05T221840.557-1-1024x576.jpg 1024w, https:\/\/emtancons.com\/wp-content\/uploads\/2024\/09\/Yeni-Proje-2024-09-05T221840.557-1-768x432.jpg 768w, https:\/\/emtancons.com\/wp-content\/uploads\/2024\/09\/Yeni-Proje-2024-09-05T221840.557-1-350x197.jpg 350w, https:\/\/emtancons.com\/wp-content\/uploads\/2024\/09\/Yeni-Proje-2024-09-05T221840.557-1-370x208.jpg 370w, https:\/\/emtancons.com\/wp-content\/uploads\/2024\/09\/Yeni-Proje-2024-09-05T221840.557-1-255x143.jpg 255w, https:\/\/emtancons.com\/wp-content\/uploads\/2024\/09\/Yeni-Proje-2024-09-05T221840.557-1-285x160.jpg 285w, https:\/\/emtancons.com\/wp-content\/uploads\/2024\/09\/Yeni-Proje-2024-09-05T221840.557-1-1536x864.jpg 1536w, https:\/\/emtancons.com\/wp-content\/uploads\/2024\/09\/Yeni-Proje-2024-09-05T221840.557-1-600x338.jpg 600w, https:\/\/emtancons.com\/wp-content\/uploads\/2024\/09\/Yeni-Proje-2024-09-05T221840.557-1-560x315.jpg 560w\" sizes=\"(max-width: 2000px) 100vw, 2000px\" \/><\/a>\n\t\t\t<\/div><\/figure><figure class='gallery-item'>\n\t\t\t<div class='gallery-icon landscape'>\n\t\t\t\t<a data-elementor-open-lightbox=\"yes\" data-elementor-lightbox-slideshow=\"20210575\" data-elementor-lightbox-title=\"Yeni Proje - 2024-09-05T221836.103\" data-e-action-hash=\"#elementor-action%3Aaction%3Dlightbox%26settings%3DeyJpZCI6NzUxNSwidXJsIjoiaHR0cHM6XC9cL2VtdGFuY29ucy5jb21cL3dwLWNvbnRlbnRcL3VwbG9hZHNcLzIwMjRcLzA5XC9ZZW5pLVByb2plLTIwMjQtMDktMDVUMjIxODM2LjEwMy0xLmpwZyIsInNsaWRlc2hvdyI6IjIwMjEwNTc1In0%3D\" href='https:\/\/emtancons.com\/wp-content\/uploads\/2024\/09\/Yeni-Proje-2024-09-05T221836.103-1.jpg'><img decoding=\"async\" width=\"2000\" height=\"1125\" src=\"https:\/\/emtancons.com\/wp-content\/uploads\/2024\/09\/Yeni-Proje-2024-09-05T221836.103-1.jpg\" class=\"attachment-full size-full\" alt=\"\" srcset=\"https:\/\/emtancons.com\/wp-content\/uploads\/2024\/09\/Yeni-Proje-2024-09-05T221836.103-1.jpg 2000w, https:\/\/emtancons.com\/wp-content\/uploads\/2024\/09\/Yeni-Proje-2024-09-05T221836.103-1-300x169.jpg 300w, https:\/\/emtancons.com\/wp-content\/uploads\/2024\/09\/Yeni-Proje-2024-09-05T221836.103-1-1024x576.jpg 1024w, https:\/\/emtancons.com\/wp-content\/uploads\/2024\/09\/Yeni-Proje-2024-09-05T221836.103-1-768x432.jpg 768w, https:\/\/emtancons.com\/wp-content\/uploads\/2024\/09\/Yeni-Proje-2024-09-05T221836.103-1-350x197.jpg 350w, https:\/\/emtancons.com\/wp-content\/uploads\/2024\/09\/Yeni-Proje-2024-09-05T221836.103-1-370x208.jpg 370w, https:\/\/emtancons.com\/wp-content\/uploads\/2024\/09\/Yeni-Proje-2024-09-05T221836.103-1-255x143.jpg 255w, https:\/\/emtancons.com\/wp-content\/uploads\/2024\/09\/Yeni-Proje-2024-09-05T221836.103-1-285x160.jpg 285w, https:\/\/emtancons.com\/wp-content\/uploads\/2024\/09\/Yeni-Proje-2024-09-05T221836.103-1-1536x864.jpg 1536w, https:\/\/emtancons.com\/wp-content\/uploads\/2024\/09\/Yeni-Proje-2024-09-05T221836.103-1-600x338.jpg 600w, https:\/\/emtancons.com\/wp-content\/uploads\/2024\/09\/Yeni-Proje-2024-09-05T221836.103-1-560x315.jpg 560w\" sizes=\"(max-width: 2000px) 100vw, 2000px\" \/><\/a>\n\t\t\t<\/div><\/figure>\n\t\t<\/div>\n\t\t<\/div>\n\t\t\t\t\t\t<\/div>\n\t\t\t\t<\/div>\n\t\t\t\t\t<\/div>\n\t\t<\/div>\n\t\t\t\t\t<\/div>\n\t\t<\/section>\n\t\t\t\t<\/div>\n\t\t","protected":false},"excerpt":{"rendered":"<p>Details zum Projekt Emtan prestige G\u0130RNE CENTER, G\u0130RNE Unser Projekt umfasst 26 Wohnungen in einem achtst\u00f6ckigen Geb\u00e4ude. Das Projekt, das ein 5-Zimmer-Duplex-Penthouse, zwei 3-Zimmer-Duplex-Penthouses, 10 3-Zimmer-Einheiten und 13 2-Zimmer-Einheiten umfasst, wird unter der Leitung von Emtan Construction realisiert und bietet eine neue Wohnform. Unser modernes Architekturkonzept und unsere professionelle Arbeit sind das Ergebnis unserer Arbeit. [&hellip;]<\/p>\n","protected":false},"author":1,"featured_media":0,"parent":0,"menu_order":0,"comment_status":"closed","ping_status":"closed","template":"elementor_header_footer","meta":{"footnotes":""},"class_list":["post-7435","page","type-page","status-publish","hentry"],"yoast_head":"<!-- This site is optimized with the Yoast SEO plugin v27.1.1 - https:\/\/yoast.com\/product\/yoast-seo-wordpress\/ -->\n<title>Emtan Prestige - Emtan Construction<\/title>\n<meta name=\"robots\" content=\"index, follow, max-snippet:-1, max-image-preview:large, max-video-preview:-1\" \/>\n<link rel=\"canonical\" href=\"https:\/\/emtancons.com\/de\/emtan-prestige\/\" \/>\n<meta property=\"og:locale\" content=\"de_DE\" \/>\n<meta property=\"og:type\" content=\"article\" \/>\n<meta property=\"og:title\" content=\"Emtan Prestige - Emtan Construction\" \/>\n<meta property=\"og:description\" content=\"Details zum Projekt Emtan prestige G\u0130RNE CENTER, G\u0130RNE Unser Projekt umfasst 26 Wohnungen in einem achtst\u00f6ckigen Geb\u00e4ude. Das Projekt, das ein 5-Zimmer-Duplex-Penthouse, zwei 3-Zimmer-Duplex-Penthouses, 10 3-Zimmer-Einheiten und 13 2-Zimmer-Einheiten umfasst, wird unter der Leitung von Emtan Construction realisiert und bietet eine neue Wohnform. Unser modernes Architekturkonzept und unsere professionelle Arbeit sind das Ergebnis unserer Arbeit. [&hellip;]\" \/>\n<meta property=\"og:url\" content=\"https:\/\/emtancons.com\/de\/emtan-prestige\/\" \/>\n<meta property=\"og:site_name\" content=\"Emtan Construction\" \/>\n<meta property=\"article:modified_time\" content=\"2025-09-26T14:19:51+00:00\" \/>\n<meta property=\"og:image\" content=\"https:\/\/emtancons.com\/wp-content\/uploads\/2024\/09\/Yeni-Proje-2024-09-05T221848.327-1.jpg\" \/>\n<meta name=\"twitter:card\" content=\"summary_large_image\" \/>\n<meta name=\"twitter:label1\" content=\"Gesch\u00e4tzte Lesezeit\" \/>\n\t<meta name=\"twitter:data1\" content=\"1\u00a0Minute\" \/>\n<script type=\"application\/ld+json\" class=\"yoast-schema-graph\">{\"@context\":\"https:\/\/schema.org\",\"@graph\":[{\"@type\":\"WebPage\",\"@id\":\"https:\/\/emtancons.com\/de\/emtan-prestige\/\",\"url\":\"https:\/\/emtancons.com\/de\/emtan-prestige\/\",\"name\":\"Emtan Prestige - Emtan Construction\",\"isPartOf\":{\"@id\":\"https:\/\/emtancons.com\/#website\"},\"primaryImageOfPage\":{\"@id\":\"https:\/\/emtancons.com\/de\/emtan-prestige\/#primaryimage\"},\"image\":{\"@id\":\"https:\/\/emtancons.com\/de\/emtan-prestige\/#primaryimage\"},\"thumbnailUrl\":\"https:\/\/emtancons.com\/wp-content\/uploads\/2024\/09\/Yeni-Proje-2024-09-05T221848.327-1.jpg\",\"datePublished\":\"2024-09-05T19:25:08+00:00\",\"dateModified\":\"2025-09-26T14:19:51+00:00\",\"breadcrumb\":{\"@id\":\"https:\/\/emtancons.com\/de\/emtan-prestige\/#breadcrumb\"},\"inLanguage\":\"de\",\"potentialAction\":[{\"@type\":\"ReadAction\",\"target\":[\"https:\/\/emtancons.com\/de\/emtan-prestige\/\"]}]},{\"@type\":\"ImageObject\",\"inLanguage\":\"de\",\"@id\":\"https:\/\/emtancons.com\/de\/emtan-prestige\/#primaryimage\",\"url\":\"https:\/\/emtancons.com\/wp-content\/uploads\/2024\/09\/Yeni-Proje-2024-09-05T221848.327-1.jpg\",\"contentUrl\":\"https:\/\/emtancons.com\/wp-content\/uploads\/2024\/09\/Yeni-Proje-2024-09-05T221848.327-1.jpg\"},{\"@type\":\"BreadcrumbList\",\"@id\":\"https:\/\/emtancons.com\/de\/emtan-prestige\/#breadcrumb\",\"itemListElement\":[{\"@type\":\"ListItem\",\"position\":1,\"name\":\"Anasayfa\",\"item\":\"https:\/\/emtancons.com\/\"},{\"@type\":\"ListItem\",\"position\":2,\"name\":\"Emtan Prestige\"}]},{\"@type\":\"WebSite\",\"@id\":\"https:\/\/emtancons.com\/#website\",\"url\":\"https:\/\/emtancons.com\/\",\"name\":\"Emtan Construction\",\"description\":\"\",\"potentialAction\":[{\"@type\":\"SearchAction\",\"target\":{\"@type\":\"EntryPoint\",\"urlTemplate\":\"https:\/\/emtancons.com\/?s={search_term_string}\"},\"query-input\":{\"@type\":\"PropertyValueSpecification\",\"valueRequired\":true,\"valueName\":\"search_term_string\"}}],\"inLanguage\":\"de\"}]}<\/script>\n<!-- \/ Yoast SEO plugin. -->","yoast_head_json":{"title":"Emtan Prestige - Emtan Construction","robots":{"index":"index","follow":"follow","max-snippet":"max-snippet:-1","max-image-preview":"max-image-preview:large","max-video-preview":"max-video-preview:-1"},"canonical":"https:\/\/emtancons.com\/de\/emtan-prestige\/","og_locale":"de_DE","og_type":"article","og_title":"Emtan Prestige - Emtan Construction","og_description":"Details zum Projekt Emtan prestige G\u0130RNE CENTER, G\u0130RNE Unser Projekt umfasst 26 Wohnungen in einem achtst\u00f6ckigen Geb\u00e4ude. Das Projekt, das ein 5-Zimmer-Duplex-Penthouse, zwei 3-Zimmer-Duplex-Penthouses, 10 3-Zimmer-Einheiten und 13 2-Zimmer-Einheiten umfasst, wird unter der Leitung von Emtan Construction realisiert und bietet eine neue Wohnform. Unser modernes Architekturkonzept und unsere professionelle Arbeit sind das Ergebnis unserer Arbeit. [&hellip;]","og_url":"https:\/\/emtancons.com\/de\/emtan-prestige\/","og_site_name":"Emtan Construction","article_modified_time":"2025-09-26T14:19:51+00:00","og_image":[{"url":"https:\/\/emtancons.com\/wp-content\/uploads\/2024\/09\/Yeni-Proje-2024-09-05T221848.327-1.jpg","type":"","width":"","height":""}],"twitter_card":"summary_large_image","twitter_misc":{"Gesch\u00e4tzte Lesezeit":"1\u00a0Minute"},"schema":{"@context":"https:\/\/schema.org","@graph":[{"@type":"WebPage","@id":"https:\/\/emtancons.com\/de\/emtan-prestige\/","url":"https:\/\/emtancons.com\/de\/emtan-prestige\/","name":"Emtan Prestige - Emtan Construction","isPartOf":{"@id":"https:\/\/emtancons.com\/#website"},"primaryImageOfPage":{"@id":"https:\/\/emtancons.com\/de\/emtan-prestige\/#primaryimage"},"image":{"@id":"https:\/\/emtancons.com\/de\/emtan-prestige\/#primaryimage"},"thumbnailUrl":"https:\/\/emtancons.com\/wp-content\/uploads\/2024\/09\/Yeni-Proje-2024-09-05T221848.327-1.jpg","datePublished":"2024-09-05T19:25:08+00:00","dateModified":"2025-09-26T14:19:51+00:00","breadcrumb":{"@id":"https:\/\/emtancons.com\/de\/emtan-prestige\/#breadcrumb"},"inLanguage":"de","potentialAction":[{"@type":"ReadAction","target":["https:\/\/emtancons.com\/de\/emtan-prestige\/"]}]},{"@type":"ImageObject","inLanguage":"de","@id":"https:\/\/emtancons.com\/de\/emtan-prestige\/#primaryimage","url":"https:\/\/emtancons.com\/wp-content\/uploads\/2024\/09\/Yeni-Proje-2024-09-05T221848.327-1.jpg","contentUrl":"https:\/\/emtancons.com\/wp-content\/uploads\/2024\/09\/Yeni-Proje-2024-09-05T221848.327-1.jpg"},{"@type":"BreadcrumbList","@id":"https:\/\/emtancons.com\/de\/emtan-prestige\/#breadcrumb","itemListElement":[{"@type":"ListItem","position":1,"name":"Anasayfa","item":"https:\/\/emtancons.com\/"},{"@type":"ListItem","position":2,"name":"Emtan Prestige"}]},{"@type":"WebSite","@id":"https:\/\/emtancons.com\/#website","url":"https:\/\/emtancons.com\/","name":"Emtan Construction","description":"","potentialAction":[{"@type":"SearchAction","target":{"@type":"EntryPoint","urlTemplate":"https:\/\/emtancons.com\/?s={search_term_string}"},"query-input":{"@type":"PropertyValueSpecification","valueRequired":true,"valueName":"search_term_string"}}],"inLanguage":"de"}]}},"_links":{"self":[{"href":"https:\/\/emtancons.com\/de\/wp-json\/wp\/v2\/pages\/7435","targetHints":{"allow":["GET"]}}],"collection":[{"href":"https:\/\/emtancons.com\/de\/wp-json\/wp\/v2\/pages"}],"about":[{"href":"https:\/\/emtancons.com\/de\/wp-json\/wp\/v2\/types\/page"}],"author":[{"embeddable":true,"href":"https:\/\/emtancons.com\/de\/wp-json\/wp\/v2\/users\/1"}],"replies":[{"embeddable":true,"href":"https:\/\/emtancons.com\/de\/wp-json\/wp\/v2\/comments?post=7435"}],"version-history":[{"count":10,"href":"https:\/\/emtancons.com\/de\/wp-json\/wp\/v2\/pages\/7435\/revisions"}],"predecessor-version":[{"id":9032,"href":"https:\/\/emtancons.com\/de\/wp-json\/wp\/v2\/pages\/7435\/revisions\/9032"}],"wp:attachment":[{"href":"https:\/\/emtancons.com\/de\/wp-json\/wp\/v2\/media?parent=7435"}],"curies":[{"name":"wp","href":"https:\/\/api.w.org\/{rel}","templated":true}]}}