{"id":7433,"date":"2024-09-05T21:37:57","date_gmt":"2024-09-05T18:37:57","guid":{"rendered":"https:\/\/emtancons.com\/emtan-point\/"},"modified":"2025-09-26T17:06:53","modified_gmt":"2025-09-26T14:06:53","slug":"emtan-point","status":"publish","type":"page","link":"https:\/\/emtancons.com\/de\/emtan-point\/","title":{"rendered":"Emtan Point"},"content":{"rendered":"\t\t<div data-elementor-type=\"wp-page\" data-elementor-id=\"7433\" class=\"elementor elementor-7433 elementor-2300\" data-elementor-post-type=\"page\">\n\t\t\t\t\t\t<section class=\"elementor-section elementor-top-section elementor-element elementor-element-37fd563b elementor-section-content-middle elementor-section-boxed elementor-section-height-default elementor-section-height-default\" data-id=\"37fd563b\" data-element_type=\"section\" data-e-type=\"section\" data-settings=\"{&quot;background_background&quot;:&quot;classic&quot;}\">\n\t\t\t\t\t\t\t<div class=\"elementor-background-overlay\"><\/div>\n\t\t\t\t\t\t\t<div class=\"elementor-container elementor-column-gap-default\">\n\t\t\t\t\t<div class=\"elementor-column elementor-col-50 elementor-top-column elementor-element elementor-element-163de6f\" data-id=\"163de6f\" data-element_type=\"column\" data-e-type=\"column\">\n\t\t\t<div class=\"elementor-widget-wrap elementor-element-populated\">\n\t\t\t\t\t\t<div class=\"elementor-element elementor-element-7613b2f7 elementor-widget elementor-widget-heading\" data-id=\"7613b2f7\" data-element_type=\"widget\" data-e-type=\"widget\" data-widget_type=\"heading.default\">\n\t\t\t\t<div class=\"elementor-widget-container\">\n\t\t\t\t\t<p class=\"elementor-heading-title elementor-size-default\">Details zum Projekt<\/p>\t\t\t\t<\/div>\n\t\t\t\t<\/div>\n\t\t\t\t<div class=\"elementor-element elementor-element-2e6016d elementor-invisible elementor-widget elementor-widget-heading\" data-id=\"2e6016d\" data-element_type=\"widget\" data-e-type=\"widget\" data-settings=\"{&quot;_animation&quot;:&quot;fadeInUp&quot;}\" data-widget_type=\"heading.default\">\n\t\t\t\t<div class=\"elementor-widget-container\">\n\t\t\t\t\t<h1 class=\"elementor-heading-title elementor-size-default\">Emtan Point\n<\/h1>\t\t\t\t<\/div>\n\t\t\t\t<\/div>\n\t\t\t\t<div class=\"elementor-element elementor-element-7233c1d0 elementor-icon-list--layout-inline elementor-list-item-link-full_width elementor-widget elementor-widget-icon-list\" data-id=\"7233c1d0\" data-element_type=\"widget\" data-e-type=\"widget\" data-widget_type=\"icon-list.default\">\n\t\t\t\t<div class=\"elementor-widget-container\">\n\t\t\t\t\t\t\t<ul class=\"elementor-icon-list-items elementor-inline-items\">\n\t\t\t\t\t\t\t<li class=\"elementor-icon-list-item elementor-inline-item\">\n\t\t\t\t\t\t\t\t\t\t\t<a href=\"#\">\n\n\t\t\t\t\t\t\t\t\t\t\t\t<span class=\"elementor-icon-list-icon\">\n\t\t\t\t\t\t\t<i aria-hidden=\"true\" class=\"fas fa-arrow-right\"><\/i>\t\t\t\t\t\t<\/span>\n\t\t\t\t\t\t\t\t\t\t<span class=\"elementor-icon-list-text\">G\u0130RNE MERKEZ, G\u0130RNE<\/span>\n\t\t\t\t\t\t\t\t\t\t\t<\/a>\n\t\t\t\t\t\t\t\t\t<\/li>\n\t\t\t\t\t\t<\/ul>\n\t\t\t\t\t\t<\/div>\n\t\t\t\t<\/div>\n\t\t\t\t\t<\/div>\n\t\t<\/div>\n\t\t\t\t<div class=\"elementor-column elementor-col-50 elementor-top-column elementor-element elementor-element-4f3205d9\" data-id=\"4f3205d9\" data-element_type=\"column\" data-e-type=\"column\">\n\t\t\t<div class=\"elementor-widget-wrap\">\n\t\t\t\t\t\t\t<\/div>\n\t\t<\/div>\n\t\t\t\t\t<\/div>\n\t\t<\/section>\n\t\t\t\t<section class=\"elementor-section elementor-top-section elementor-element elementor-element-6f0b8986 elementor-section-boxed elementor-section-height-default elementor-section-height-default\" data-id=\"6f0b8986\" data-element_type=\"section\" data-e-type=\"section\">\n\t\t\t\t\t\t\t<div class=\"elementor-background-overlay\"><\/div>\n\t\t\t\t\t\t\t<div class=\"elementor-container elementor-column-gap-default\">\n\t\t\t\t\t<div class=\"elementor-column elementor-col-50 elementor-top-column elementor-element elementor-element-64dfaa7b elementor-invisible\" data-id=\"64dfaa7b\" data-element_type=\"column\" data-e-type=\"column\" data-settings=\"{&quot;background_background&quot;:&quot;classic&quot;,&quot;animation&quot;:&quot;slideInUp&quot;}\">\n\t\t\t<div class=\"elementor-widget-wrap elementor-element-populated\">\n\t\t\t\t\t\t<div class=\"elementor-element elementor-element-1a494eb8 elementor-widget elementor-widget-text-editor\" data-id=\"1a494eb8\" data-element_type=\"widget\" data-e-type=\"widget\" data-widget_type=\"text-editor.default\">\n\t\t\t\t<div class=\"elementor-widget-container\">\n\t\t\t\t\t\t\t\t\t<p>Das Projekt liegt im Herzen des t\u00fcrkischen Viertels Kyrenia, nur 100 Meter von der Semih Sancar Stra\u00dfe entfernt und in fu\u00dfl\u00e4ufiger Entfernung zu vielen wichtigen Sehensw\u00fcrdigkeiten. Unser sechsst\u00f6ckiger Wohnblock verf\u00fcgt \u00fcber zwei ger\u00e4umige Ladenlokale im Erdgeschoss, sechs Ein-Zimmer-Wohnungen, sechs Zwei-Zimmer-Wohnungen und drei Drei-Zimmer-Wohnungen. Insgesamt entstehen zwei Gewerbefl\u00e4chen und 15 Wohnungen.<\/p><p>Schl\u00fcsselfertig ist das Projekt im August 2021. Das Projekt, das mit einem modernen Architekturkonzept und professioneller Expertise errichtet wurde, wird im Zentrum von Kyrenia mit der Emtan-Garantie umgesetzt.<\/p>\t\t\t\t\t\t\t\t<\/div>\n\t\t\t\t<\/div>\n\t\t\t\t<div class=\"elementor-element elementor-element-1caabb12 elementor-widget-divider--view-line_text elementor-widget-divider--element-align-left elementor-widget elementor-widget-divider\" data-id=\"1caabb12\" data-element_type=\"widget\" data-e-type=\"widget\" data-widget_type=\"divider.default\">\n\t\t\t\t<div class=\"elementor-widget-container\">\n\t\t\t\t\t\t\t<div class=\"elementor-divider\">\n\t\t\t<span class=\"elementor-divider-separator\">\n\t\t\t\t\t\t\t<span class=\"elementor-divider__text elementor-divider__element\">\n\t\t\t\tTechnische Projektspezifikationen\t\t\t\t<\/span>\n\t\t\t\t\t\t<\/span>\n\t\t<\/div>\n\t\t\t\t\t\t<\/div>\n\t\t\t\t<\/div>\n\t\t\t\t<section class=\"elementor-section elementor-inner-section elementor-element elementor-element-221ae54 elementor-section-boxed elementor-section-height-default elementor-section-height-default\" data-id=\"221ae54\" data-element_type=\"section\" data-e-type=\"section\">\n\t\t\t\t\t\t<div class=\"elementor-container elementor-column-gap-no\">\n\t\t\t\t\t<div class=\"elementor-column elementor-col-50 elementor-inner-column elementor-element elementor-element-25dde4c5\" data-id=\"25dde4c5\" data-element_type=\"column\" data-e-type=\"column\">\n\t\t\t<div class=\"elementor-widget-wrap elementor-element-populated\">\n\t\t\t\t\t\t<div class=\"elementor-element elementor-element-a7504a2 elementor-widget elementor-widget-text-editor\" data-id=\"a7504a2\" data-element_type=\"widget\" data-e-type=\"widget\" data-widget_type=\"text-editor.default\">\n\t\t\t\t<div class=\"elementor-widget-container\">\n\t\t\t\t\t\t\t\t\t<p>Gemeinsame Brandmeldeanlage<br \/>Zentrale TV-\/Satellitenanlage<br \/>Zentrale Internet-\/Datenanlage<br \/>Aufzug<br \/>Zentraler, in Beton eingelassener Wassertank<\/p>\t\t\t\t\t\t\t\t<\/div>\n\t\t\t\t<\/div>\n\t\t\t\t\t<\/div>\n\t\t<\/div>\n\t\t\t\t<div class=\"elementor-column elementor-col-50 elementor-inner-column elementor-element elementor-element-714fdb2e\" data-id=\"714fdb2e\" data-element_type=\"column\" data-e-type=\"column\">\n\t\t\t<div class=\"elementor-widget-wrap elementor-element-populated\">\n\t\t\t\t\t\t<div class=\"elementor-element elementor-element-ffcccb0 elementor-widget elementor-widget-text-editor\" data-id=\"ffcccb0\" data-element_type=\"widget\" data-e-type=\"widget\" data-widget_type=\"text-editor.default\">\n\t\t\t\t<div class=\"elementor-widget-container\">\n\t\t\t\t\t\t\t\t\t<p>Automatisches zentrales Generatorsystem<br \/>Multi-Wechselrichter-Klimaanlage<br \/>Video\u00fcberwachungskameras<br \/>IP-Farb- und Video-Gegensprechanlage<\/p>\t\t\t\t\t\t\t\t<\/div>\n\t\t\t\t<\/div>\n\t\t\t\t\t<\/div>\n\t\t<\/div>\n\t\t\t\t\t<\/div>\n\t\t<\/section>\n\t\t\t\t\t<\/div>\n\t\t<\/div>\n\t\t\t\t<div class=\"elementor-column elementor-col-50 elementor-top-column elementor-element elementor-element-72478325\" data-id=\"72478325\" data-element_type=\"column\" data-e-type=\"column\">\n\t\t\t<div class=\"elementor-widget-wrap\">\n\t\t\t\t\t\t\t<\/div>\n\t\t<\/div>\n\t\t\t\t\t<\/div>\n\t\t<\/section>\n\t\t\t\t<section class=\"elementor-section elementor-top-section elementor-element elementor-element-78d47e22 elementor-section-full_width elementor-section-height-default elementor-section-height-default\" data-id=\"78d47e22\" data-element_type=\"section\" data-e-type=\"section\">\n\t\t\t\t\t\t<div class=\"elementor-container elementor-column-gap-default\">\n\t\t\t\t\t<div class=\"elementor-column elementor-col-100 elementor-top-column elementor-element elementor-element-7ad3e28e\" data-id=\"7ad3e28e\" data-element_type=\"column\" data-e-type=\"column\">\n\t\t\t<div class=\"elementor-widget-wrap elementor-element-populated\">\n\t\t\t\t\t\t<div class=\"elementor-element elementor-element-27fe4bd1 gallery-spacing-custom elementor-widget elementor-widget-image-gallery\" data-id=\"27fe4bd1\" data-element_type=\"widget\" data-e-type=\"widget\" data-widget_type=\"image-gallery.default\">\n\t\t\t\t<div class=\"elementor-widget-container\">\n\t\t\t\t\t\t\t<div class=\"elementor-image-gallery\">\n\t\t\t<div id='gallery-1' class='gallery galleryid-7433 gallery-columns-3 gallery-size-full'><figure class='gallery-item'>\n\t\t\t<div class='gallery-icon landscape'>\n\t\t\t\t<a data-elementor-open-lightbox=\"yes\" data-elementor-lightbox-slideshow=\"27fe4bd1\" data-elementor-lightbox-title=\"Yeni Proje - 2024-09-05T213350.694\" data-e-action-hash=\"#elementor-action%3Aaction%3Dlightbox%26settings%3DeyJpZCI6NzUwNCwidXJsIjoiaHR0cHM6XC9cL2VtdGFuY29ucy5jb21cL3dwLWNvbnRlbnRcL3VwbG9hZHNcLzIwMjRcLzA5XC9ZZW5pLVByb2plLTIwMjQtMDktMDVUMjEzMzUwLjY5NC5qcGciLCJzbGlkZXNob3ciOiIyN2ZlNGJkMSJ9\" href='https:\/\/emtancons.com\/wp-content\/uploads\/2024\/09\/Yeni-Proje-2024-09-05T213350.694.jpg'><img fetchpriority=\"high\" decoding=\"async\" width=\"1400\" height=\"787\" src=\"https:\/\/emtancons.com\/wp-content\/uploads\/2024\/09\/Yeni-Proje-2024-09-05T213350.694.jpg\" class=\"attachment-full size-full\" alt=\"\" srcset=\"https:\/\/emtancons.com\/wp-content\/uploads\/2024\/09\/Yeni-Proje-2024-09-05T213350.694.jpg 1400w, https:\/\/emtancons.com\/wp-content\/uploads\/2024\/09\/Yeni-Proje-2024-09-05T213350.694-300x169.jpg 300w, https:\/\/emtancons.com\/wp-content\/uploads\/2024\/09\/Yeni-Proje-2024-09-05T213350.694-1024x576.jpg 1024w, https:\/\/emtancons.com\/wp-content\/uploads\/2024\/09\/Yeni-Proje-2024-09-05T213350.694-768x432.jpg 768w, https:\/\/emtancons.com\/wp-content\/uploads\/2024\/09\/Yeni-Proje-2024-09-05T213350.694-350x197.jpg 350w, https:\/\/emtancons.com\/wp-content\/uploads\/2024\/09\/Yeni-Proje-2024-09-05T213350.694-370x208.jpg 370w, https:\/\/emtancons.com\/wp-content\/uploads\/2024\/09\/Yeni-Proje-2024-09-05T213350.694-255x143.jpg 255w, https:\/\/emtancons.com\/wp-content\/uploads\/2024\/09\/Yeni-Proje-2024-09-05T213350.694-285x160.jpg 285w, https:\/\/emtancons.com\/wp-content\/uploads\/2024\/09\/Yeni-Proje-2024-09-05T213350.694-600x337.jpg 600w, https:\/\/emtancons.com\/wp-content\/uploads\/2024\/09\/Yeni-Proje-2024-09-05T213350.694-560x315.jpg 560w\" sizes=\"(max-width: 1400px) 100vw, 1400px\" \/><\/a>\n\t\t\t<\/div><\/figure><figure class='gallery-item'>\n\t\t\t<div class='gallery-icon landscape'>\n\t\t\t\t<a data-elementor-open-lightbox=\"yes\" data-elementor-lightbox-slideshow=\"27fe4bd1\" data-elementor-lightbox-title=\"Yeni Proje - 2024-09-05T213345.813\" data-e-action-hash=\"#elementor-action%3Aaction%3Dlightbox%26settings%3DeyJpZCI6NzUwNSwidXJsIjoiaHR0cHM6XC9cL2VtdGFuY29ucy5jb21cL3dwLWNvbnRlbnRcL3VwbG9hZHNcLzIwMjRcLzA5XC9ZZW5pLVByb2plLTIwMjQtMDktMDVUMjEzMzQ1LjgxMy5qcGciLCJzbGlkZXNob3ciOiIyN2ZlNGJkMSJ9\" href='https:\/\/emtancons.com\/wp-content\/uploads\/2024\/09\/Yeni-Proje-2024-09-05T213345.813.jpg'><img decoding=\"async\" width=\"1400\" height=\"787\" src=\"https:\/\/emtancons.com\/wp-content\/uploads\/2024\/09\/Yeni-Proje-2024-09-05T213345.813.jpg\" class=\"attachment-full size-full\" alt=\"\" srcset=\"https:\/\/emtancons.com\/wp-content\/uploads\/2024\/09\/Yeni-Proje-2024-09-05T213345.813.jpg 1400w, https:\/\/emtancons.com\/wp-content\/uploads\/2024\/09\/Yeni-Proje-2024-09-05T213345.813-300x169.jpg 300w, https:\/\/emtancons.com\/wp-content\/uploads\/2024\/09\/Yeni-Proje-2024-09-05T213345.813-1024x576.jpg 1024w, https:\/\/emtancons.com\/wp-content\/uploads\/2024\/09\/Yeni-Proje-2024-09-05T213345.813-768x432.jpg 768w, https:\/\/emtancons.com\/wp-content\/uploads\/2024\/09\/Yeni-Proje-2024-09-05T213345.813-350x197.jpg 350w, https:\/\/emtancons.com\/wp-content\/uploads\/2024\/09\/Yeni-Proje-2024-09-05T213345.813-370x208.jpg 370w, https:\/\/emtancons.com\/wp-content\/uploads\/2024\/09\/Yeni-Proje-2024-09-05T213345.813-255x143.jpg 255w, https:\/\/emtancons.com\/wp-content\/uploads\/2024\/09\/Yeni-Proje-2024-09-05T213345.813-285x160.jpg 285w, https:\/\/emtancons.com\/wp-content\/uploads\/2024\/09\/Yeni-Proje-2024-09-05T213345.813-600x337.jpg 600w, https:\/\/emtancons.com\/wp-content\/uploads\/2024\/09\/Yeni-Proje-2024-09-05T213345.813-560x315.jpg 560w\" sizes=\"(max-width: 1400px) 100vw, 1400px\" \/><\/a>\n\t\t\t<\/div><\/figure><figure class='gallery-item'>\n\t\t\t<div class='gallery-icon landscape'>\n\t\t\t\t<a data-elementor-open-lightbox=\"yes\" data-elementor-lightbox-slideshow=\"27fe4bd1\" data-elementor-lightbox-title=\"Yeni Proje - 2024-09-05T213341.303\" data-e-action-hash=\"#elementor-action%3Aaction%3Dlightbox%26settings%3DeyJpZCI6NzUwNiwidXJsIjoiaHR0cHM6XC9cL2VtdGFuY29ucy5jb21cL3dwLWNvbnRlbnRcL3VwbG9hZHNcLzIwMjRcLzA5XC9ZZW5pLVByb2plLTIwMjQtMDktMDVUMjEzMzQxLjMwMy5qcGciLCJzbGlkZXNob3ciOiIyN2ZlNGJkMSJ9\" href='https:\/\/emtancons.com\/wp-content\/uploads\/2024\/09\/Yeni-Proje-2024-09-05T213341.303.jpg'><img decoding=\"async\" width=\"1400\" height=\"787\" src=\"https:\/\/emtancons.com\/wp-content\/uploads\/2024\/09\/Yeni-Proje-2024-09-05T213341.303.jpg\" class=\"attachment-full size-full\" alt=\"\" srcset=\"https:\/\/emtancons.com\/wp-content\/uploads\/2024\/09\/Yeni-Proje-2024-09-05T213341.303.jpg 1400w, https:\/\/emtancons.com\/wp-content\/uploads\/2024\/09\/Yeni-Proje-2024-09-05T213341.303-300x169.jpg 300w, https:\/\/emtancons.com\/wp-content\/uploads\/2024\/09\/Yeni-Proje-2024-09-05T213341.303-1024x576.jpg 1024w, https:\/\/emtancons.com\/wp-content\/uploads\/2024\/09\/Yeni-Proje-2024-09-05T213341.303-768x432.jpg 768w, https:\/\/emtancons.com\/wp-content\/uploads\/2024\/09\/Yeni-Proje-2024-09-05T213341.303-350x197.jpg 350w, https:\/\/emtancons.com\/wp-content\/uploads\/2024\/09\/Yeni-Proje-2024-09-05T213341.303-370x208.jpg 370w, https:\/\/emtancons.com\/wp-content\/uploads\/2024\/09\/Yeni-Proje-2024-09-05T213341.303-255x143.jpg 255w, https:\/\/emtancons.com\/wp-content\/uploads\/2024\/09\/Yeni-Proje-2024-09-05T213341.303-285x160.jpg 285w, https:\/\/emtancons.com\/wp-content\/uploads\/2024\/09\/Yeni-Proje-2024-09-05T213341.303-600x337.jpg 600w, https:\/\/emtancons.com\/wp-content\/uploads\/2024\/09\/Yeni-Proje-2024-09-05T213341.303-560x315.jpg 560w\" sizes=\"(max-width: 1400px) 100vw, 1400px\" \/><\/a>\n\t\t\t<\/div><\/figure>\n\t\t<\/div>\n\t\t<\/div>\n\t\t\t\t\t\t<\/div>\n\t\t\t\t<\/div>\n\t\t\t\t\t<\/div>\n\t\t<\/div>\n\t\t\t\t\t<\/div>\n\t\t<\/section>\n\t\t\t\t<\/div>\n\t\t","protected":false},"excerpt":{"rendered":"<p>Details zum Projekt Emtan Point G\u0130RNE MERKEZ, G\u0130RNE Das Projekt liegt im Herzen des t\u00fcrkischen Viertels Kyrenia, nur 100 Meter von der Semih Sancar Stra\u00dfe entfernt und in fu\u00dfl\u00e4ufiger Entfernung zu vielen wichtigen Sehensw\u00fcrdigkeiten. Unser sechsst\u00f6ckiger Wohnblock verf\u00fcgt \u00fcber zwei ger\u00e4umige Ladenlokale im Erdgeschoss, sechs Ein-Zimmer-Wohnungen, sechs Zwei-Zimmer-Wohnungen und drei Drei-Zimmer-Wohnungen. Insgesamt entstehen zwei Gewerbefl\u00e4chen [&hellip;]<\/p>\n","protected":false},"author":1,"featured_media":0,"parent":0,"menu_order":0,"comment_status":"closed","ping_status":"closed","template":"elementor_header_footer","meta":{"footnotes":""},"class_list":["post-7433","page","type-page","status-publish","hentry"],"yoast_head":"<!-- This site is optimized with the Yoast SEO plugin v27.1.1 - https:\/\/yoast.com\/product\/yoast-seo-wordpress\/ -->\n<title>Emtan Point - Emtan Construction<\/title>\n<meta name=\"robots\" content=\"index, follow, max-snippet:-1, max-image-preview:large, max-video-preview:-1\" \/>\n<link rel=\"canonical\" href=\"https:\/\/emtancons.com\/de\/emtan-point\/\" \/>\n<meta property=\"og:locale\" content=\"de_DE\" \/>\n<meta property=\"og:type\" content=\"article\" \/>\n<meta property=\"og:title\" content=\"Emtan Point - Emtan Construction\" \/>\n<meta property=\"og:description\" content=\"Details zum Projekt Emtan Point G\u0130RNE MERKEZ, G\u0130RNE Das Projekt liegt im Herzen des t\u00fcrkischen Viertels Kyrenia, nur 100 Meter von der Semih Sancar Stra\u00dfe entfernt und in fu\u00dfl\u00e4ufiger Entfernung zu vielen wichtigen Sehensw\u00fcrdigkeiten. Unser sechsst\u00f6ckiger Wohnblock verf\u00fcgt \u00fcber zwei ger\u00e4umige Ladenlokale im Erdgeschoss, sechs Ein-Zimmer-Wohnungen, sechs Zwei-Zimmer-Wohnungen und drei Drei-Zimmer-Wohnungen. Insgesamt entstehen zwei Gewerbefl\u00e4chen [&hellip;]\" \/>\n<meta property=\"og:url\" content=\"https:\/\/emtancons.com\/de\/emtan-point\/\" \/>\n<meta property=\"og:site_name\" content=\"Emtan Construction\" \/>\n<meta property=\"article:modified_time\" content=\"2025-09-26T14:06:53+00:00\" \/>\n<meta property=\"og:image\" content=\"https:\/\/emtancons.com\/wp-content\/uploads\/2024\/09\/Yeni-Proje-2024-09-05T213350.694.jpg\" \/>\n<meta name=\"twitter:card\" content=\"summary_large_image\" \/>\n<meta name=\"twitter:label1\" content=\"Gesch\u00e4tzte Lesezeit\" \/>\n\t<meta name=\"twitter:data1\" content=\"1\u00a0Minute\" \/>\n<script type=\"application\/ld+json\" class=\"yoast-schema-graph\">{\"@context\":\"https:\/\/schema.org\",\"@graph\":[{\"@type\":\"WebPage\",\"@id\":\"https:\/\/emtancons.com\/de\/emtan-point\/\",\"url\":\"https:\/\/emtancons.com\/de\/emtan-point\/\",\"name\":\"Emtan Point - Emtan Construction\",\"isPartOf\":{\"@id\":\"https:\/\/emtancons.com\/#website\"},\"primaryImageOfPage\":{\"@id\":\"https:\/\/emtancons.com\/de\/emtan-point\/#primaryimage\"},\"image\":{\"@id\":\"https:\/\/emtancons.com\/de\/emtan-point\/#primaryimage\"},\"thumbnailUrl\":\"https:\/\/emtancons.com\/wp-content\/uploads\/2024\/09\/Yeni-Proje-2024-09-05T213350.694.jpg\",\"datePublished\":\"2024-09-05T18:37:57+00:00\",\"dateModified\":\"2025-09-26T14:06:53+00:00\",\"breadcrumb\":{\"@id\":\"https:\/\/emtancons.com\/de\/emtan-point\/#breadcrumb\"},\"inLanguage\":\"de\",\"potentialAction\":[{\"@type\":\"ReadAction\",\"target\":[\"https:\/\/emtancons.com\/de\/emtan-point\/\"]}]},{\"@type\":\"ImageObject\",\"inLanguage\":\"de\",\"@id\":\"https:\/\/emtancons.com\/de\/emtan-point\/#primaryimage\",\"url\":\"https:\/\/emtancons.com\/wp-content\/uploads\/2024\/09\/Yeni-Proje-2024-09-05T213350.694.jpg\",\"contentUrl\":\"https:\/\/emtancons.com\/wp-content\/uploads\/2024\/09\/Yeni-Proje-2024-09-05T213350.694.jpg\"},{\"@type\":\"BreadcrumbList\",\"@id\":\"https:\/\/emtancons.com\/de\/emtan-point\/#breadcrumb\",\"itemListElement\":[{\"@type\":\"ListItem\",\"position\":1,\"name\":\"Anasayfa\",\"item\":\"https:\/\/emtancons.com\/\"},{\"@type\":\"ListItem\",\"position\":2,\"name\":\"Emtan Point\"}]},{\"@type\":\"WebSite\",\"@id\":\"https:\/\/emtancons.com\/#website\",\"url\":\"https:\/\/emtancons.com\/\",\"name\":\"Emtan Construction\",\"description\":\"\",\"potentialAction\":[{\"@type\":\"SearchAction\",\"target\":{\"@type\":\"EntryPoint\",\"urlTemplate\":\"https:\/\/emtancons.com\/?s={search_term_string}\"},\"query-input\":{\"@type\":\"PropertyValueSpecification\",\"valueRequired\":true,\"valueName\":\"search_term_string\"}}],\"inLanguage\":\"de\"}]}<\/script>\n<!-- \/ Yoast SEO plugin. -->","yoast_head_json":{"title":"Emtan Point - Emtan Construction","robots":{"index":"index","follow":"follow","max-snippet":"max-snippet:-1","max-image-preview":"max-image-preview:large","max-video-preview":"max-video-preview:-1"},"canonical":"https:\/\/emtancons.com\/de\/emtan-point\/","og_locale":"de_DE","og_type":"article","og_title":"Emtan Point - Emtan Construction","og_description":"Details zum Projekt Emtan Point G\u0130RNE MERKEZ, G\u0130RNE Das Projekt liegt im Herzen des t\u00fcrkischen Viertels Kyrenia, nur 100 Meter von der Semih Sancar Stra\u00dfe entfernt und in fu\u00dfl\u00e4ufiger Entfernung zu vielen wichtigen Sehensw\u00fcrdigkeiten. Unser sechsst\u00f6ckiger Wohnblock verf\u00fcgt \u00fcber zwei ger\u00e4umige Ladenlokale im Erdgeschoss, sechs Ein-Zimmer-Wohnungen, sechs Zwei-Zimmer-Wohnungen und drei Drei-Zimmer-Wohnungen. Insgesamt entstehen zwei Gewerbefl\u00e4chen [&hellip;]","og_url":"https:\/\/emtancons.com\/de\/emtan-point\/","og_site_name":"Emtan Construction","article_modified_time":"2025-09-26T14:06:53+00:00","og_image":[{"url":"https:\/\/emtancons.com\/wp-content\/uploads\/2024\/09\/Yeni-Proje-2024-09-05T213350.694.jpg","type":"","width":"","height":""}],"twitter_card":"summary_large_image","twitter_misc":{"Gesch\u00e4tzte Lesezeit":"1\u00a0Minute"},"schema":{"@context":"https:\/\/schema.org","@graph":[{"@type":"WebPage","@id":"https:\/\/emtancons.com\/de\/emtan-point\/","url":"https:\/\/emtancons.com\/de\/emtan-point\/","name":"Emtan Point - Emtan Construction","isPartOf":{"@id":"https:\/\/emtancons.com\/#website"},"primaryImageOfPage":{"@id":"https:\/\/emtancons.com\/de\/emtan-point\/#primaryimage"},"image":{"@id":"https:\/\/emtancons.com\/de\/emtan-point\/#primaryimage"},"thumbnailUrl":"https:\/\/emtancons.com\/wp-content\/uploads\/2024\/09\/Yeni-Proje-2024-09-05T213350.694.jpg","datePublished":"2024-09-05T18:37:57+00:00","dateModified":"2025-09-26T14:06:53+00:00","breadcrumb":{"@id":"https:\/\/emtancons.com\/de\/emtan-point\/#breadcrumb"},"inLanguage":"de","potentialAction":[{"@type":"ReadAction","target":["https:\/\/emtancons.com\/de\/emtan-point\/"]}]},{"@type":"ImageObject","inLanguage":"de","@id":"https:\/\/emtancons.com\/de\/emtan-point\/#primaryimage","url":"https:\/\/emtancons.com\/wp-content\/uploads\/2024\/09\/Yeni-Proje-2024-09-05T213350.694.jpg","contentUrl":"https:\/\/emtancons.com\/wp-content\/uploads\/2024\/09\/Yeni-Proje-2024-09-05T213350.694.jpg"},{"@type":"BreadcrumbList","@id":"https:\/\/emtancons.com\/de\/emtan-point\/#breadcrumb","itemListElement":[{"@type":"ListItem","position":1,"name":"Anasayfa","item":"https:\/\/emtancons.com\/"},{"@type":"ListItem","position":2,"name":"Emtan Point"}]},{"@type":"WebSite","@id":"https:\/\/emtancons.com\/#website","url":"https:\/\/emtancons.com\/","name":"Emtan Construction","description":"","potentialAction":[{"@type":"SearchAction","target":{"@type":"EntryPoint","urlTemplate":"https:\/\/emtancons.com\/?s={search_term_string}"},"query-input":{"@type":"PropertyValueSpecification","valueRequired":true,"valueName":"search_term_string"}}],"inLanguage":"de"}]}},"_links":{"self":[{"href":"https:\/\/emtancons.com\/de\/wp-json\/wp\/v2\/pages\/7433","targetHints":{"allow":["GET"]}}],"collection":[{"href":"https:\/\/emtancons.com\/de\/wp-json\/wp\/v2\/pages"}],"about":[{"href":"https:\/\/emtancons.com\/de\/wp-json\/wp\/v2\/types\/page"}],"author":[{"embeddable":true,"href":"https:\/\/emtancons.com\/de\/wp-json\/wp\/v2\/users\/1"}],"replies":[{"embeddable":true,"href":"https:\/\/emtancons.com\/de\/wp-json\/wp\/v2\/comments?post=7433"}],"version-history":[{"count":10,"href":"https:\/\/emtancons.com\/de\/wp-json\/wp\/v2\/pages\/7433\/revisions"}],"predecessor-version":[{"id":9004,"href":"https:\/\/emtancons.com\/de\/wp-json\/wp\/v2\/pages\/7433\/revisions\/9004"}],"wp:attachment":[{"href":"https:\/\/emtancons.com\/de\/wp-json\/wp\/v2\/media?parent=7433"}],"curies":[{"name":"wp","href":"https:\/\/api.w.org\/{rel}","templated":true}]}}