{"id":7418,"date":"2024-09-05T22:01:47","date_gmt":"2024-09-05T19:01:47","guid":{"rendered":"https:\/\/emtancons.com\/emtan-hilarion\/"},"modified":"2025-09-26T17:01:27","modified_gmt":"2025-09-26T14:01:27","slug":"emtan-hilarion","status":"publish","type":"page","link":"https:\/\/emtancons.com\/de\/emtan-hilarion\/","title":{"rendered":"Emtan Hilarion"},"content":{"rendered":"\t\t<div data-elementor-type=\"wp-page\" data-elementor-id=\"7418\" class=\"elementor elementor-7418 elementor-2335\" data-elementor-post-type=\"page\">\n\t\t\t\t\t\t<section class=\"elementor-section elementor-top-section elementor-element elementor-element-4d4739eb elementor-section-content-middle elementor-section-boxed elementor-section-height-default elementor-section-height-default\" data-id=\"4d4739eb\" data-element_type=\"section\" data-e-type=\"section\" data-settings=\"{&quot;background_background&quot;:&quot;classic&quot;}\">\n\t\t\t\t\t\t\t<div class=\"elementor-background-overlay\"><\/div>\n\t\t\t\t\t\t\t<div class=\"elementor-container elementor-column-gap-default\">\n\t\t\t\t\t<div class=\"elementor-column elementor-col-50 elementor-top-column elementor-element elementor-element-627aa91b\" data-id=\"627aa91b\" data-element_type=\"column\" data-e-type=\"column\">\n\t\t\t<div class=\"elementor-widget-wrap elementor-element-populated\">\n\t\t\t\t\t\t<div class=\"elementor-element elementor-element-6a43664a elementor-widget elementor-widget-heading\" data-id=\"6a43664a\" data-element_type=\"widget\" data-e-type=\"widget\" data-widget_type=\"heading.default\">\n\t\t\t\t<div class=\"elementor-widget-container\">\n\t\t\t\t\t<p class=\"elementor-heading-title elementor-size-default\">Details zum Projekt<\/p>\t\t\t\t<\/div>\n\t\t\t\t<\/div>\n\t\t\t\t<div class=\"elementor-element elementor-element-57305a08 elementor-invisible elementor-widget elementor-widget-heading\" data-id=\"57305a08\" data-element_type=\"widget\" data-e-type=\"widget\" data-settings=\"{&quot;_animation&quot;:&quot;fadeInUp&quot;}\" data-widget_type=\"heading.default\">\n\t\t\t\t<div class=\"elementor-widget-container\">\n\t\t\t\t\t<h1 class=\"elementor-heading-title elementor-size-default\">Emtan hilarion\n<\/h1>\t\t\t\t<\/div>\n\t\t\t\t<\/div>\n\t\t\t\t<div class=\"elementor-element elementor-element-6035863 elementor-icon-list--layout-inline elementor-list-item-link-full_width elementor-widget elementor-widget-icon-list\" data-id=\"6035863\" data-element_type=\"widget\" data-e-type=\"widget\" data-widget_type=\"icon-list.default\">\n\t\t\t\t<div class=\"elementor-widget-container\">\n\t\t\t\t\t\t\t<ul class=\"elementor-icon-list-items elementor-inline-items\">\n\t\t\t\t\t\t\t<li class=\"elementor-icon-list-item elementor-inline-item\">\n\t\t\t\t\t\t\t\t\t\t\t<a href=\"#\">\n\n\t\t\t\t\t\t\t\t\t\t\t\t<span class=\"elementor-icon-list-icon\">\n\t\t\t\t\t\t\t<i aria-hidden=\"true\" class=\"fas fa-arrow-right\"><\/i>\t\t\t\t\t\t<\/span>\n\t\t\t\t\t\t\t\t\t\t<span class=\"elementor-icon-list-text\">G\u0130RNE CENTER, G\u0130RNE<\/span>\n\t\t\t\t\t\t\t\t\t\t\t<\/a>\n\t\t\t\t\t\t\t\t\t<\/li>\n\t\t\t\t\t\t<\/ul>\n\t\t\t\t\t\t<\/div>\n\t\t\t\t<\/div>\n\t\t\t\t\t<\/div>\n\t\t<\/div>\n\t\t\t\t<div class=\"elementor-column elementor-col-50 elementor-top-column elementor-element elementor-element-30861674\" data-id=\"30861674\" data-element_type=\"column\" data-e-type=\"column\">\n\t\t\t<div class=\"elementor-widget-wrap\">\n\t\t\t\t\t\t\t<\/div>\n\t\t<\/div>\n\t\t\t\t\t<\/div>\n\t\t<\/section>\n\t\t\t\t<section class=\"elementor-section elementor-top-section elementor-element elementor-element-dfd54fb elementor-section-boxed elementor-section-height-default elementor-section-height-default\" data-id=\"dfd54fb\" data-element_type=\"section\" data-e-type=\"section\">\n\t\t\t\t\t\t\t<div class=\"elementor-background-overlay\"><\/div>\n\t\t\t\t\t\t\t<div class=\"elementor-container elementor-column-gap-default\">\n\t\t\t\t\t<div class=\"elementor-column elementor-col-50 elementor-top-column elementor-element elementor-element-1103b175 elementor-invisible\" data-id=\"1103b175\" data-element_type=\"column\" data-e-type=\"column\" data-settings=\"{&quot;background_background&quot;:&quot;classic&quot;,&quot;animation&quot;:&quot;slideInUp&quot;}\">\n\t\t\t<div class=\"elementor-widget-wrap elementor-element-populated\">\n\t\t\t\t\t\t<div class=\"elementor-element elementor-element-aefb17a elementor-widget elementor-widget-text-editor\" data-id=\"aefb17a\" data-element_type=\"widget\" data-e-type=\"widget\" data-widget_type=\"text-editor.default\">\n\t\t\t\t<div class=\"elementor-widget-container\">\n\t\t\t\t\t\t\t\t\t<p>Als Emtan Construction Co. setzen wir unsere neuen Projekte mit Hochdruck fort. Unser neuestes Projekt, Hilarion, entsteht an einem herrlichen Standort mitten im Herzen von Kyrenia. Es ist drei Gehminuten von der Mete Adan\u0131r Stra\u00dfe, Kyrenias belebtester Stra\u00dfe, und 10 Gehminuten vom Hafen von Kyrenia entfernt. Unser Hilarion-Projekt bietet insgesamt 16 Zwei-Zimmer-Wohnungen. Jede Wohnung ist 80 m\u00b2 gro\u00df. Das Projekt hat sechs Stockwerke. Jedes der f\u00fcnf Stockwerke ist mit drei Wohnungen belegt, und im sechsten und letzten Stock befindet sich eine Wohnung mit Terrasse. Unser modernes Architekturkonzept und unsere professionelle Arbeit haben unter der Garantie von Emtan Construction einen neuen Wohnraum zum Leben erweckt. Das Projekt wird im Dezember 2018 fertiggestellt.<\/p>\t\t\t\t\t\t\t\t<\/div>\n\t\t\t\t<\/div>\n\t\t\t\t<div class=\"elementor-element elementor-element-31003727 elementor-widget-divider--view-line_text elementor-widget-divider--element-align-left elementor-widget elementor-widget-divider\" data-id=\"31003727\" data-element_type=\"widget\" data-e-type=\"widget\" data-widget_type=\"divider.default\">\n\t\t\t\t<div class=\"elementor-widget-container\">\n\t\t\t\t\t\t\t<div class=\"elementor-divider\">\n\t\t\t<span class=\"elementor-divider-separator\">\n\t\t\t\t\t\t\t<span class=\"elementor-divider__text elementor-divider__element\">\n\t\t\t\tTechnische Projektspezifikationen\t\t\t\t<\/span>\n\t\t\t\t\t\t<\/span>\n\t\t<\/div>\n\t\t\t\t\t\t<\/div>\n\t\t\t\t<\/div>\n\t\t\t\t<section class=\"elementor-section elementor-inner-section elementor-element elementor-element-52dcbb3 elementor-section-boxed elementor-section-height-default elementor-section-height-default\" data-id=\"52dcbb3\" data-element_type=\"section\" data-e-type=\"section\">\n\t\t\t\t\t\t<div class=\"elementor-container elementor-column-gap-no\">\n\t\t\t\t\t<div class=\"elementor-column elementor-col-50 elementor-inner-column elementor-element elementor-element-0816ee4\" data-id=\"0816ee4\" data-element_type=\"column\" data-e-type=\"column\">\n\t\t\t<div class=\"elementor-widget-wrap elementor-element-populated\">\n\t\t\t\t\t\t<div class=\"elementor-element elementor-element-f443b5d elementor-widget elementor-widget-text-editor\" data-id=\"f443b5d\" data-element_type=\"widget\" data-e-type=\"widget\" data-widget_type=\"text-editor.default\">\n\t\t\t\t<div class=\"elementor-widget-container\">\n\t\t\t\t\t\t\t\t\t<p>Multi-Inverter-Klimaanlage<br \/>Zentrales automatisches Generatorsystem<br \/>IP-Farb- und Video-Gegensprechanlage<br \/>Farb- und Video-Gegensprechanlage<br \/>Gemeinsame Brandmeldeanlage<\/p>\t\t\t\t\t\t\t\t<\/div>\n\t\t\t\t<\/div>\n\t\t\t\t\t<\/div>\n\t\t<\/div>\n\t\t\t\t<div class=\"elementor-column elementor-col-50 elementor-inner-column elementor-element elementor-element-16ffa0b\" data-id=\"16ffa0b\" data-element_type=\"column\" data-e-type=\"column\">\n\t\t\t<div class=\"elementor-widget-wrap elementor-element-populated\">\n\t\t\t\t\t\t<div class=\"elementor-element elementor-element-7e958b6 elementor-widget elementor-widget-text-editor\" data-id=\"7e958b6\" data-element_type=\"widget\" data-e-type=\"widget\" data-widget_type=\"text-editor.default\">\n\t\t\t\t<div class=\"elementor-widget-container\">\n\t\t\t\t\t\t\t\t\t<p>CCTV-\u00dcberwachungskameras<br \/>Kontrolliertes Ein-\/Ausgangsschrankensystem<br \/>Zentrales TV-\/Satellitensystem<br \/>Zentrale Internet-\/Dateninfrastruktur<br \/>Aufzug<br \/>Zentraler Betonwassertank<\/p>\t\t\t\t\t\t\t\t<\/div>\n\t\t\t\t<\/div>\n\t\t\t\t\t<\/div>\n\t\t<\/div>\n\t\t\t\t\t<\/div>\n\t\t<\/section>\n\t\t\t\t\t<\/div>\n\t\t<\/div>\n\t\t\t\t<div class=\"elementor-column elementor-col-50 elementor-top-column elementor-element elementor-element-4e1990e5\" data-id=\"4e1990e5\" data-element_type=\"column\" data-e-type=\"column\">\n\t\t\t<div class=\"elementor-widget-wrap\">\n\t\t\t\t\t\t\t<\/div>\n\t\t<\/div>\n\t\t\t\t\t<\/div>\n\t\t<\/section>\n\t\t\t\t<section class=\"elementor-section elementor-top-section elementor-element elementor-element-2458ef7c elementor-section-full_width elementor-section-height-default elementor-section-height-default\" data-id=\"2458ef7c\" data-element_type=\"section\" data-e-type=\"section\">\n\t\t\t\t\t\t<div class=\"elementor-container elementor-column-gap-default\">\n\t\t\t\t\t<div class=\"elementor-column elementor-col-100 elementor-top-column elementor-element elementor-element-7fea9158\" data-id=\"7fea9158\" data-element_type=\"column\" data-e-type=\"column\">\n\t\t\t<div class=\"elementor-widget-wrap elementor-element-populated\">\n\t\t\t\t\t\t<div class=\"elementor-element elementor-element-5fa8f8a9 gallery-spacing-custom elementor-widget elementor-widget-image-gallery\" data-id=\"5fa8f8a9\" data-element_type=\"widget\" data-e-type=\"widget\" data-widget_type=\"image-gallery.default\">\n\t\t\t\t<div class=\"elementor-widget-container\">\n\t\t\t\t\t\t\t<div class=\"elementor-image-gallery\">\n\t\t\t<div id='gallery-1' class='gallery galleryid-7418 gallery-columns-3 gallery-size-full'><figure class='gallery-item'>\n\t\t\t<div class='gallery-icon landscape'>\n\t\t\t\t<a data-elementor-open-lightbox=\"yes\" data-elementor-lightbox-slideshow=\"5fa8f8a9\" data-elementor-lightbox-title=\"image - 2024-09-05T215450.414\" data-e-action-hash=\"#elementor-action%3Aaction%3Dlightbox%26settings%3DeyJpZCI6NzQyMywidXJsIjoiaHR0cHM6XC9cL2VtdGFuY29ucy5jb21cL3dwLWNvbnRlbnRcL3VwbG9hZHNcLzIwMjRcLzA5XC9pbWFnZS0yMDI0LTA5LTA1VDIxNTQ1MC40MTQtMS5qcGciLCJzbGlkZXNob3ciOiI1ZmE4ZjhhOSJ9\" href='https:\/\/emtancons.com\/wp-content\/uploads\/2024\/09\/image-2024-09-05T215450.414-1.jpg'><img fetchpriority=\"high\" decoding=\"async\" width=\"2180\" height=\"1453\" src=\"https:\/\/emtancons.com\/wp-content\/uploads\/2024\/09\/image-2024-09-05T215450.414-1.jpg\" class=\"attachment-full size-full\" alt=\"\" srcset=\"https:\/\/emtancons.com\/wp-content\/uploads\/2024\/09\/image-2024-09-05T215450.414-1.jpg 2180w, https:\/\/emtancons.com\/wp-content\/uploads\/2024\/09\/image-2024-09-05T215450.414-1-300x200.jpg 300w, https:\/\/emtancons.com\/wp-content\/uploads\/2024\/09\/image-2024-09-05T215450.414-1-1024x683.jpg 1024w, https:\/\/emtancons.com\/wp-content\/uploads\/2024\/09\/image-2024-09-05T215450.414-1-768x512.jpg 768w, https:\/\/emtancons.com\/wp-content\/uploads\/2024\/09\/image-2024-09-05T215450.414-1-350x233.jpg 350w, https:\/\/emtancons.com\/wp-content\/uploads\/2024\/09\/image-2024-09-05T215450.414-1-370x247.jpg 370w, https:\/\/emtancons.com\/wp-content\/uploads\/2024\/09\/image-2024-09-05T215450.414-1-255x170.jpg 255w, https:\/\/emtancons.com\/wp-content\/uploads\/2024\/09\/image-2024-09-05T215450.414-1-285x190.jpg 285w, https:\/\/emtancons.com\/wp-content\/uploads\/2024\/09\/image-2024-09-05T215450.414-1-1536x1024.jpg 1536w, https:\/\/emtancons.com\/wp-content\/uploads\/2024\/09\/image-2024-09-05T215450.414-1-2048x1365.jpg 2048w, https:\/\/emtancons.com\/wp-content\/uploads\/2024\/09\/image-2024-09-05T215450.414-1-600x400.jpg 600w, https:\/\/emtancons.com\/wp-content\/uploads\/2024\/09\/image-2024-09-05T215450.414-1-560x373.jpg 560w\" sizes=\"(max-width: 2180px) 100vw, 2180px\" \/><\/a>\n\t\t\t<\/div><\/figure><figure class='gallery-item'>\n\t\t\t<div class='gallery-icon landscape'>\n\t\t\t\t<a data-elementor-open-lightbox=\"yes\" data-elementor-lightbox-slideshow=\"5fa8f8a9\" data-elementor-lightbox-title=\"image - 2024-09-05T215446.224\" data-e-action-hash=\"#elementor-action%3Aaction%3Dlightbox%26settings%3DeyJpZCI6NzQyNCwidXJsIjoiaHR0cHM6XC9cL2VtdGFuY29ucy5jb21cL3dwLWNvbnRlbnRcL3VwbG9hZHNcLzIwMjRcLzA5XC9pbWFnZS0yMDI0LTA5LTA1VDIxNTQ0Ni4yMjQtMS5qcGciLCJzbGlkZXNob3ciOiI1ZmE4ZjhhOSJ9\" href='https:\/\/emtancons.com\/wp-content\/uploads\/2024\/09\/image-2024-09-05T215446.224-1.jpg'><img decoding=\"async\" width=\"2180\" height=\"1453\" src=\"https:\/\/emtancons.com\/wp-content\/uploads\/2024\/09\/image-2024-09-05T215446.224-1.jpg\" class=\"attachment-full size-full\" alt=\"\" srcset=\"https:\/\/emtancons.com\/wp-content\/uploads\/2024\/09\/image-2024-09-05T215446.224-1.jpg 2180w, https:\/\/emtancons.com\/wp-content\/uploads\/2024\/09\/image-2024-09-05T215446.224-1-300x200.jpg 300w, https:\/\/emtancons.com\/wp-content\/uploads\/2024\/09\/image-2024-09-05T215446.224-1-1024x683.jpg 1024w, https:\/\/emtancons.com\/wp-content\/uploads\/2024\/09\/image-2024-09-05T215446.224-1-768x512.jpg 768w, https:\/\/emtancons.com\/wp-content\/uploads\/2024\/09\/image-2024-09-05T215446.224-1-350x233.jpg 350w, https:\/\/emtancons.com\/wp-content\/uploads\/2024\/09\/image-2024-09-05T215446.224-1-370x247.jpg 370w, https:\/\/emtancons.com\/wp-content\/uploads\/2024\/09\/image-2024-09-05T215446.224-1-255x170.jpg 255w, https:\/\/emtancons.com\/wp-content\/uploads\/2024\/09\/image-2024-09-05T215446.224-1-285x190.jpg 285w, https:\/\/emtancons.com\/wp-content\/uploads\/2024\/09\/image-2024-09-05T215446.224-1-1536x1024.jpg 1536w, https:\/\/emtancons.com\/wp-content\/uploads\/2024\/09\/image-2024-09-05T215446.224-1-2048x1365.jpg 2048w, https:\/\/emtancons.com\/wp-content\/uploads\/2024\/09\/image-2024-09-05T215446.224-1-600x400.jpg 600w, https:\/\/emtancons.com\/wp-content\/uploads\/2024\/09\/image-2024-09-05T215446.224-1-560x373.jpg 560w\" sizes=\"(max-width: 2180px) 100vw, 2180px\" \/><\/a>\n\t\t\t<\/div><\/figure><figure class='gallery-item'>\n\t\t\t<div class='gallery-icon landscape'>\n\t\t\t\t<a data-elementor-open-lightbox=\"yes\" data-elementor-lightbox-slideshow=\"5fa8f8a9\" data-elementor-lightbox-title=\"image - 2024-09-05T215441.903\" data-e-action-hash=\"#elementor-action%3Aaction%3Dlightbox%26settings%3DeyJpZCI6NzQyNSwidXJsIjoiaHR0cHM6XC9cL2VtdGFuY29ucy5jb21cL3dwLWNvbnRlbnRcL3VwbG9hZHNcLzIwMjRcLzA5XC9pbWFnZS0yMDI0LTA5LTA1VDIxNTQ0MS45MDMtMS5qcGciLCJzbGlkZXNob3ciOiI1ZmE4ZjhhOSJ9\" href='https:\/\/emtancons.com\/wp-content\/uploads\/2024\/09\/image-2024-09-05T215441.903-1.jpg'><img decoding=\"async\" width=\"2180\" height=\"1453\" src=\"https:\/\/emtancons.com\/wp-content\/uploads\/2024\/09\/image-2024-09-05T215441.903-1.jpg\" class=\"attachment-full size-full\" alt=\"\" srcset=\"https:\/\/emtancons.com\/wp-content\/uploads\/2024\/09\/image-2024-09-05T215441.903-1.jpg 2180w, https:\/\/emtancons.com\/wp-content\/uploads\/2024\/09\/image-2024-09-05T215441.903-1-300x200.jpg 300w, https:\/\/emtancons.com\/wp-content\/uploads\/2024\/09\/image-2024-09-05T215441.903-1-1024x683.jpg 1024w, https:\/\/emtancons.com\/wp-content\/uploads\/2024\/09\/image-2024-09-05T215441.903-1-768x512.jpg 768w, https:\/\/emtancons.com\/wp-content\/uploads\/2024\/09\/image-2024-09-05T215441.903-1-350x233.jpg 350w, https:\/\/emtancons.com\/wp-content\/uploads\/2024\/09\/image-2024-09-05T215441.903-1-370x247.jpg 370w, https:\/\/emtancons.com\/wp-content\/uploads\/2024\/09\/image-2024-09-05T215441.903-1-255x170.jpg 255w, https:\/\/emtancons.com\/wp-content\/uploads\/2024\/09\/image-2024-09-05T215441.903-1-285x190.jpg 285w, https:\/\/emtancons.com\/wp-content\/uploads\/2024\/09\/image-2024-09-05T215441.903-1-1536x1024.jpg 1536w, https:\/\/emtancons.com\/wp-content\/uploads\/2024\/09\/image-2024-09-05T215441.903-1-2048x1365.jpg 2048w, https:\/\/emtancons.com\/wp-content\/uploads\/2024\/09\/image-2024-09-05T215441.903-1-600x400.jpg 600w, https:\/\/emtancons.com\/wp-content\/uploads\/2024\/09\/image-2024-09-05T215441.903-1-560x373.jpg 560w\" sizes=\"(max-width: 2180px) 100vw, 2180px\" \/><\/a>\n\t\t\t<\/div><\/figure>\n\t\t<\/div>\n\t\t<\/div>\n\t\t\t\t\t\t<\/div>\n\t\t\t\t<\/div>\n\t\t\t\t\t<\/div>\n\t\t<\/div>\n\t\t\t\t\t<\/div>\n\t\t<\/section>\n\t\t\t\t<\/div>\n\t\t","protected":false},"excerpt":{"rendered":"<p>Details zum Projekt Emtan hilarion G\u0130RNE CENTER, G\u0130RNE Als Emtan Construction Co. setzen wir unsere neuen Projekte mit Hochdruck fort. Unser neuestes Projekt, Hilarion, entsteht an einem herrlichen Standort mitten im Herzen von Kyrenia. Es ist drei Gehminuten von der Mete Adan\u0131r Stra\u00dfe, Kyrenias belebtester Stra\u00dfe, und 10 Gehminuten vom Hafen von Kyrenia entfernt. Unser [&hellip;]<\/p>\n","protected":false},"author":1,"featured_media":0,"parent":0,"menu_order":0,"comment_status":"closed","ping_status":"closed","template":"elementor_header_footer","meta":{"footnotes":""},"class_list":["post-7418","page","type-page","status-publish","hentry"],"yoast_head":"<!-- This site is optimized with the Yoast SEO plugin v27.4 - https:\/\/yoast.com\/product\/yoast-seo-wordpress\/ -->\n<title>Emtan Hilarion - Emtan Construction<\/title>\n<meta name=\"robots\" content=\"index, follow, max-snippet:-1, max-image-preview:large, max-video-preview:-1\" \/>\n<link rel=\"canonical\" href=\"https:\/\/emtancons.com\/de\/emtan-hilarion\/\" \/>\n<meta property=\"og:locale\" content=\"de_DE\" \/>\n<meta property=\"og:type\" content=\"article\" \/>\n<meta property=\"og:title\" content=\"Emtan Hilarion - Emtan Construction\" \/>\n<meta property=\"og:description\" content=\"Details zum Projekt Emtan hilarion G\u0130RNE CENTER, G\u0130RNE Als Emtan Construction Co. setzen wir unsere neuen Projekte mit Hochdruck fort. Unser neuestes Projekt, Hilarion, entsteht an einem herrlichen Standort mitten im Herzen von Kyrenia. Es ist drei Gehminuten von der Mete Adan\u0131r Stra\u00dfe, Kyrenias belebtester Stra\u00dfe, und 10 Gehminuten vom Hafen von Kyrenia entfernt. Unser [&hellip;]\" \/>\n<meta property=\"og:url\" content=\"https:\/\/emtancons.com\/de\/emtan-hilarion\/\" \/>\n<meta property=\"og:site_name\" content=\"Emtan Construction\" \/>\n<meta property=\"article:modified_time\" content=\"2025-09-26T14:01:27+00:00\" \/>\n<meta property=\"og:image\" content=\"https:\/\/emtancons.com\/wp-content\/uploads\/2024\/09\/image-2024-09-05T215450.414-1.jpg\" \/>\n<meta name=\"twitter:card\" content=\"summary_large_image\" \/>\n<meta name=\"twitter:label1\" content=\"Gesch\u00e4tzte Lesezeit\" \/>\n\t<meta name=\"twitter:data1\" content=\"1\u00a0Minute\" \/>\n<script type=\"application\/ld+json\" class=\"yoast-schema-graph\">{\"@context\":\"https:\\\/\\\/schema.org\",\"@graph\":[{\"@type\":\"WebPage\",\"@id\":\"https:\\\/\\\/emtancons.com\\\/de\\\/emtan-hilarion\\\/\",\"url\":\"https:\\\/\\\/emtancons.com\\\/de\\\/emtan-hilarion\\\/\",\"name\":\"Emtan Hilarion - Emtan Construction\",\"isPartOf\":{\"@id\":\"https:\\\/\\\/emtancons.com\\\/#website\"},\"primaryImageOfPage\":{\"@id\":\"https:\\\/\\\/emtancons.com\\\/de\\\/emtan-hilarion\\\/#primaryimage\"},\"image\":{\"@id\":\"https:\\\/\\\/emtancons.com\\\/de\\\/emtan-hilarion\\\/#primaryimage\"},\"thumbnailUrl\":\"https:\\\/\\\/emtancons.com\\\/wp-content\\\/uploads\\\/2024\\\/09\\\/image-2024-09-05T215450.414-1.jpg\",\"datePublished\":\"2024-09-05T19:01:47+00:00\",\"dateModified\":\"2025-09-26T14:01:27+00:00\",\"breadcrumb\":{\"@id\":\"https:\\\/\\\/emtancons.com\\\/de\\\/emtan-hilarion\\\/#breadcrumb\"},\"inLanguage\":\"de\",\"potentialAction\":[{\"@type\":\"ReadAction\",\"target\":[\"https:\\\/\\\/emtancons.com\\\/de\\\/emtan-hilarion\\\/\"]}]},{\"@type\":\"ImageObject\",\"inLanguage\":\"de\",\"@id\":\"https:\\\/\\\/emtancons.com\\\/de\\\/emtan-hilarion\\\/#primaryimage\",\"url\":\"https:\\\/\\\/emtancons.com\\\/wp-content\\\/uploads\\\/2024\\\/09\\\/image-2024-09-05T215450.414-1.jpg\",\"contentUrl\":\"https:\\\/\\\/emtancons.com\\\/wp-content\\\/uploads\\\/2024\\\/09\\\/image-2024-09-05T215450.414-1.jpg\"},{\"@type\":\"BreadcrumbList\",\"@id\":\"https:\\\/\\\/emtancons.com\\\/de\\\/emtan-hilarion\\\/#breadcrumb\",\"itemListElement\":[{\"@type\":\"ListItem\",\"position\":1,\"name\":\"Anasayfa\",\"item\":\"https:\\\/\\\/emtancons.com\\\/\"},{\"@type\":\"ListItem\",\"position\":2,\"name\":\"Emtan Hilarion\"}]},{\"@type\":\"WebSite\",\"@id\":\"https:\\\/\\\/emtancons.com\\\/#website\",\"url\":\"https:\\\/\\\/emtancons.com\\\/\",\"name\":\"Emtan Construction\",\"description\":\"\",\"potentialAction\":[{\"@type\":\"SearchAction\",\"target\":{\"@type\":\"EntryPoint\",\"urlTemplate\":\"https:\\\/\\\/emtancons.com\\\/?s={search_term_string}\"},\"query-input\":{\"@type\":\"PropertyValueSpecification\",\"valueRequired\":true,\"valueName\":\"search_term_string\"}}],\"inLanguage\":\"de\"}]}<\/script>\n<!-- \/ Yoast SEO plugin. -->","yoast_head_json":{"title":"Emtan Hilarion - Emtan Construction","robots":{"index":"index","follow":"follow","max-snippet":"max-snippet:-1","max-image-preview":"max-image-preview:large","max-video-preview":"max-video-preview:-1"},"canonical":"https:\/\/emtancons.com\/de\/emtan-hilarion\/","og_locale":"de_DE","og_type":"article","og_title":"Emtan Hilarion - Emtan Construction","og_description":"Details zum Projekt Emtan hilarion G\u0130RNE CENTER, G\u0130RNE Als Emtan Construction Co. setzen wir unsere neuen Projekte mit Hochdruck fort. Unser neuestes Projekt, Hilarion, entsteht an einem herrlichen Standort mitten im Herzen von Kyrenia. Es ist drei Gehminuten von der Mete Adan\u0131r Stra\u00dfe, Kyrenias belebtester Stra\u00dfe, und 10 Gehminuten vom Hafen von Kyrenia entfernt. Unser [&hellip;]","og_url":"https:\/\/emtancons.com\/de\/emtan-hilarion\/","og_site_name":"Emtan Construction","article_modified_time":"2025-09-26T14:01:27+00:00","og_image":[{"url":"https:\/\/emtancons.com\/wp-content\/uploads\/2024\/09\/image-2024-09-05T215450.414-1.jpg","type":"","width":"","height":""}],"twitter_card":"summary_large_image","twitter_misc":{"Gesch\u00e4tzte Lesezeit":"1\u00a0Minute"},"schema":{"@context":"https:\/\/schema.org","@graph":[{"@type":"WebPage","@id":"https:\/\/emtancons.com\/de\/emtan-hilarion\/","url":"https:\/\/emtancons.com\/de\/emtan-hilarion\/","name":"Emtan Hilarion - Emtan Construction","isPartOf":{"@id":"https:\/\/emtancons.com\/#website"},"primaryImageOfPage":{"@id":"https:\/\/emtancons.com\/de\/emtan-hilarion\/#primaryimage"},"image":{"@id":"https:\/\/emtancons.com\/de\/emtan-hilarion\/#primaryimage"},"thumbnailUrl":"https:\/\/emtancons.com\/wp-content\/uploads\/2024\/09\/image-2024-09-05T215450.414-1.jpg","datePublished":"2024-09-05T19:01:47+00:00","dateModified":"2025-09-26T14:01:27+00:00","breadcrumb":{"@id":"https:\/\/emtancons.com\/de\/emtan-hilarion\/#breadcrumb"},"inLanguage":"de","potentialAction":[{"@type":"ReadAction","target":["https:\/\/emtancons.com\/de\/emtan-hilarion\/"]}]},{"@type":"ImageObject","inLanguage":"de","@id":"https:\/\/emtancons.com\/de\/emtan-hilarion\/#primaryimage","url":"https:\/\/emtancons.com\/wp-content\/uploads\/2024\/09\/image-2024-09-05T215450.414-1.jpg","contentUrl":"https:\/\/emtancons.com\/wp-content\/uploads\/2024\/09\/image-2024-09-05T215450.414-1.jpg"},{"@type":"BreadcrumbList","@id":"https:\/\/emtancons.com\/de\/emtan-hilarion\/#breadcrumb","itemListElement":[{"@type":"ListItem","position":1,"name":"Anasayfa","item":"https:\/\/emtancons.com\/"},{"@type":"ListItem","position":2,"name":"Emtan Hilarion"}]},{"@type":"WebSite","@id":"https:\/\/emtancons.com\/#website","url":"https:\/\/emtancons.com\/","name":"Emtan Construction","description":"","potentialAction":[{"@type":"SearchAction","target":{"@type":"EntryPoint","urlTemplate":"https:\/\/emtancons.com\/?s={search_term_string}"},"query-input":{"@type":"PropertyValueSpecification","valueRequired":true,"valueName":"search_term_string"}}],"inLanguage":"de"}]}},"_links":{"self":[{"href":"https:\/\/emtancons.com\/de\/wp-json\/wp\/v2\/pages\/7418","targetHints":{"allow":["GET"]}}],"collection":[{"href":"https:\/\/emtancons.com\/de\/wp-json\/wp\/v2\/pages"}],"about":[{"href":"https:\/\/emtancons.com\/de\/wp-json\/wp\/v2\/types\/page"}],"author":[{"embeddable":true,"href":"https:\/\/emtancons.com\/de\/wp-json\/wp\/v2\/users\/1"}],"replies":[{"embeddable":true,"href":"https:\/\/emtancons.com\/de\/wp-json\/wp\/v2\/comments?post=7418"}],"version-history":[{"count":10,"href":"https:\/\/emtancons.com\/de\/wp-json\/wp\/v2\/pages\/7418\/revisions"}],"predecessor-version":[{"id":8992,"href":"https:\/\/emtancons.com\/de\/wp-json\/wp\/v2\/pages\/7418\/revisions\/8992"}],"wp:attachment":[{"href":"https:\/\/emtancons.com\/de\/wp-json\/wp\/v2\/media?parent=7418"}],"curies":[{"name":"wp","href":"https:\/\/api.w.org\/{rel}","templated":true}]}}