{"id":7387,"date":"2024-09-05T23:10:43","date_gmt":"2024-09-05T20:10:43","guid":{"rendered":"https:\/\/emtancons.com\/emtan-7-four-season-housing-estate\/"},"modified":"2025-09-22T13:49:57","modified_gmt":"2025-09-22T10:49:57","slug":"emtan-7-vier-jahreszeiten-wohnsiedlung","status":"publish","type":"page","link":"https:\/\/emtancons.com\/de\/emtan-7-vier-jahreszeiten-wohnsiedlung\/","title":{"rendered":"Emtan 7 Vier-Jahreszeiten-Wohnsiedlung"},"content":{"rendered":"\t\t<div data-elementor-type=\"wp-page\" data-elementor-id=\"7387\" class=\"elementor elementor-7387 elementor-2334\" data-elementor-post-type=\"page\">\n\t\t\t\t\t\t<section class=\"elementor-section elementor-top-section elementor-element elementor-element-2a04c716 elementor-section-content-middle elementor-section-boxed elementor-section-height-default elementor-section-height-default\" data-id=\"2a04c716\" data-element_type=\"section\" data-e-type=\"section\" data-settings=\"{&quot;background_background&quot;:&quot;classic&quot;}\">\n\t\t\t\t\t\t\t<div class=\"elementor-background-overlay\"><\/div>\n\t\t\t\t\t\t\t<div class=\"elementor-container elementor-column-gap-default\">\n\t\t\t\t\t<div class=\"elementor-column elementor-col-50 elementor-top-column elementor-element elementor-element-634c0dd6\" data-id=\"634c0dd6\" data-element_type=\"column\" data-e-type=\"column\">\n\t\t\t<div class=\"elementor-widget-wrap elementor-element-populated\">\n\t\t\t\t\t\t<div class=\"elementor-element elementor-element-3dd90a50 elementor-widget elementor-widget-heading\" data-id=\"3dd90a50\" data-element_type=\"widget\" data-e-type=\"widget\" data-widget_type=\"heading.default\">\n\t\t\t\t<div class=\"elementor-widget-container\">\n\t\t\t\t\t<h2 class=\"elementor-heading-title elementor-size-default\">Details zum Projekt<\/h2>\t\t\t\t<\/div>\n\t\t\t\t<\/div>\n\t\t\t\t<div class=\"elementor-element elementor-element-6c6bf670 elementor-invisible elementor-widget elementor-widget-heading\" data-id=\"6c6bf670\" data-element_type=\"widget\" data-e-type=\"widget\" data-settings=\"{&quot;_animation&quot;:&quot;fadeInUp&quot;}\" data-widget_type=\"heading.default\">\n\t\t\t\t<div class=\"elementor-widget-container\">\n\t\t\t\t\t<h2 class=\"elementor-heading-title elementor-size-default\">Emtan 7 Four Seasons Wohnsiedlung<\/h2>\t\t\t\t<\/div>\n\t\t\t\t<\/div>\n\t\t\t\t<div class=\"elementor-element elementor-element-563e4c9d elementor-icon-list--layout-inline elementor-list-item-link-full_width elementor-widget elementor-widget-icon-list\" data-id=\"563e4c9d\" data-element_type=\"widget\" data-e-type=\"widget\" data-widget_type=\"icon-list.default\">\n\t\t\t\t<div class=\"elementor-widget-container\">\n\t\t\t\t\t\t\t<ul class=\"elementor-icon-list-items elementor-inline-items\">\n\t\t\t\t\t\t\t<li class=\"elementor-icon-list-item elementor-inline-item\">\n\t\t\t\t\t\t\t\t\t\t\t<a href=\"#\">\n\n\t\t\t\t\t\t\t\t\t\t\t\t<span class=\"elementor-icon-list-icon\">\n\t\t\t\t\t\t\t<i aria-hidden=\"true\" class=\"fas fa-arrow-right\"><\/i>\t\t\t\t\t\t<\/span>\n\t\t\t\t\t\t\t\t\t\t<span class=\"elementor-icon-list-text\">ARAPKOY, Kyrenia<\/span>\n\t\t\t\t\t\t\t\t\t\t\t<\/a>\n\t\t\t\t\t\t\t\t\t<\/li>\n\t\t\t\t\t\t<\/ul>\n\t\t\t\t\t\t<\/div>\n\t\t\t\t<\/div>\n\t\t\t\t\t<\/div>\n\t\t<\/div>\n\t\t\t\t<div class=\"elementor-column elementor-col-50 elementor-top-column elementor-element elementor-element-42631bb5\" data-id=\"42631bb5\" data-element_type=\"column\" data-e-type=\"column\">\n\t\t\t<div class=\"elementor-widget-wrap\">\n\t\t\t\t\t\t\t<\/div>\n\t\t<\/div>\n\t\t\t\t\t<\/div>\n\t\t<\/section>\n\t\t\t\t<section class=\"elementor-section elementor-top-section elementor-element elementor-element-682da0ac elementor-section-boxed elementor-section-height-default elementor-section-height-default\" data-id=\"682da0ac\" data-element_type=\"section\" data-e-type=\"section\">\n\t\t\t\t\t\t\t<div class=\"elementor-background-overlay\"><\/div>\n\t\t\t\t\t\t\t<div class=\"elementor-container elementor-column-gap-default\">\n\t\t\t\t\t<div class=\"elementor-column elementor-col-50 elementor-top-column elementor-element elementor-element-453a9b36 elementor-invisible\" data-id=\"453a9b36\" data-element_type=\"column\" data-e-type=\"column\" data-settings=\"{&quot;background_background&quot;:&quot;classic&quot;,&quot;animation&quot;:&quot;slideInUp&quot;}\">\n\t\t\t<div class=\"elementor-widget-wrap elementor-element-populated\">\n\t\t\t\t\t\t<div class=\"elementor-element elementor-element-28965c6a elementor-widget elementor-widget-text-editor\" data-id=\"28965c6a\" data-element_type=\"widget\" data-e-type=\"widget\" data-widget_type=\"text-editor.default\">\n\t\t\t\t<div class=\"elementor-widget-container\">\n\t\t\t\t\t\t\t\t\t<p>Unser Projekt Four Seasons ist ein prestigetr\u00e4chtiges Wohnprojekt in Arapk\u00f6y, umgeben von Natursch\u00f6nheiten, das allen Anspr\u00fcchen des modernen Lebens gerecht wird. Das Projekt bietet seinen Bewohnern hochwertigen Wohnraum in puncto Komfort und \u00c4sthetik mit drei verschiedenen Wohnbl\u00f6cken mit insgesamt 18 Wohnungen. Inmitten der ruhigen und naturnahen Atmosph\u00e4re von Arapk\u00f6y besticht dieses Projekt durch gro\u00dfz\u00fcgige Gr\u00fcnfl\u00e4chen, soziale Einrichtungen und Sicherheitsma\u00dfnahmen.<\/p><p>Die Wohnungen im Projekt zeichnen sich durch gro\u00dfz\u00fcgige und funktionale Innenausstattung aus und bieten verschiedene Wohnungstypen f\u00fcr unterschiedliche Lebensstile. Jeder Wohnblock verf\u00fcgt \u00fcber gro\u00dfe Balkone, hohe Decken und optimales Tageslicht und wurde nach einem modernen Architekturkonzept errichtet. Dar\u00fcber hinaus bietet es seinen Bewohnern mit seinen Gr\u00fcnanlagen, Spazierwegen und Erholungsgebieten ein ruhiges Leben abseits des Stadttrubels.<\/p><p>Das Projekt Four Seasons wurde so geplant, dass es die Erwartungen von Familien und Privatinvestoren gleicherma\u00dfen erf\u00fcllt und dank der strategischen Lage in Arapk\u00f6y eine gute Anbindung an das Stadtzentrum bietet. Dar\u00fcber hinaus geh\u00f6ren die Einrichtungen des Projekts wie Sicherheit und Parkm\u00f6glichkeiten zu den Details, die die Lebensqualit\u00e4t der Bewohner erh\u00f6hen. Das Projekt bietet alle M\u00f6glichkeiten des modernen Lebens und verspricht seinen Bewohnern ein luxuri\u00f6ses Leben in einer nat\u00fcrlichen Umgebung.<\/p>\t\t\t\t\t\t\t\t<\/div>\n\t\t\t\t<\/div>\n\t\t\t\t\t<\/div>\n\t\t<\/div>\n\t\t\t\t<div class=\"elementor-column elementor-col-50 elementor-top-column elementor-element elementor-element-3f78186\" data-id=\"3f78186\" data-element_type=\"column\" data-e-type=\"column\">\n\t\t\t<div class=\"elementor-widget-wrap\">\n\t\t\t\t\t\t\t<\/div>\n\t\t<\/div>\n\t\t\t\t\t<\/div>\n\t\t<\/section>\n\t\t\t\t<section class=\"elementor-section elementor-top-section elementor-element elementor-element-1d67c7d8 elementor-section-full_width elementor-section-height-default elementor-section-height-default\" data-id=\"1d67c7d8\" data-element_type=\"section\" data-e-type=\"section\">\n\t\t\t\t\t\t<div class=\"elementor-container elementor-column-gap-default\">\n\t\t\t\t\t<div class=\"elementor-column elementor-col-100 elementor-top-column elementor-element elementor-element-19e834c\" data-id=\"19e834c\" data-element_type=\"column\" data-e-type=\"column\">\n\t\t\t<div class=\"elementor-widget-wrap elementor-element-populated\">\n\t\t\t\t\t\t<div class=\"elementor-element elementor-element-5546c9ae gallery-spacing-custom elementor-widget elementor-widget-image-gallery\" data-id=\"5546c9ae\" data-element_type=\"widget\" data-e-type=\"widget\" data-widget_type=\"image-gallery.default\">\n\t\t\t\t<div class=\"elementor-widget-container\">\n\t\t\t\t\t\t\t<div class=\"elementor-image-gallery\">\n\t\t\t<div id='gallery-1' class='gallery galleryid-7387 gallery-columns-3 gallery-size-full'><figure class='gallery-item'>\n\t\t\t<div class='gallery-icon landscape'>\n\t\t\t\t<a data-elementor-open-lightbox=\"yes\" data-elementor-lightbox-slideshow=\"5546c9ae\" data-elementor-lightbox-title=\"resim_2024-09-05_230651004\" data-e-action-hash=\"#elementor-action%3Aaction%3Dlightbox%26settings%3DeyJpZCI6NzM5MCwidXJsIjoiaHR0cHM6XC9cL2VtdGFuY29ucy5jb21cL3dwLWNvbnRlbnRcL3VwbG9hZHNcLzIwMjRcLzA5XC9yZXNpbV8yMDI0LTA5LTA1XzIzMDY1MTAwNC5wbmciLCJzbGlkZXNob3ciOiI1NTQ2YzlhZSJ9\" href='https:\/\/emtancons.com\/wp-content\/uploads\/2024\/09\/resim_2024-09-05_230651004.png'><img fetchpriority=\"high\" decoding=\"async\" width=\"1000\" height=\"667\" src=\"https:\/\/emtancons.com\/wp-content\/uploads\/2024\/09\/resim_2024-09-05_230651004.png\" class=\"attachment-full size-full\" alt=\"\" srcset=\"https:\/\/emtancons.com\/wp-content\/uploads\/2024\/09\/resim_2024-09-05_230651004.png 1000w, https:\/\/emtancons.com\/wp-content\/uploads\/2024\/09\/resim_2024-09-05_230651004-300x200.png 300w, https:\/\/emtancons.com\/wp-content\/uploads\/2024\/09\/resim_2024-09-05_230651004-768x512.png 768w, https:\/\/emtancons.com\/wp-content\/uploads\/2024\/09\/resim_2024-09-05_230651004-350x233.png 350w, https:\/\/emtancons.com\/wp-content\/uploads\/2024\/09\/resim_2024-09-05_230651004-370x247.png 370w, https:\/\/emtancons.com\/wp-content\/uploads\/2024\/09\/resim_2024-09-05_230651004-255x170.png 255w, https:\/\/emtancons.com\/wp-content\/uploads\/2024\/09\/resim_2024-09-05_230651004-285x190.png 285w, https:\/\/emtancons.com\/wp-content\/uploads\/2024\/09\/resim_2024-09-05_230651004-600x400.png 600w, https:\/\/emtancons.com\/wp-content\/uploads\/2024\/09\/resim_2024-09-05_230651004-560x374.png 560w\" sizes=\"(max-width: 1000px) 100vw, 1000px\" \/><\/a>\n\t\t\t<\/div><\/figure><figure class='gallery-item'>\n\t\t\t<div class='gallery-icon landscape'>\n\t\t\t\t<a data-elementor-open-lightbox=\"yes\" data-elementor-lightbox-slideshow=\"5546c9ae\" data-elementor-lightbox-title=\"resim_2024-09-05_230646390\" data-e-action-hash=\"#elementor-action%3Aaction%3Dlightbox%26settings%3DeyJpZCI6NzM4OSwidXJsIjoiaHR0cHM6XC9cL2VtdGFuY29ucy5jb21cL3dwLWNvbnRlbnRcL3VwbG9hZHNcLzIwMjRcLzA5XC9yZXNpbV8yMDI0LTA5LTA1XzIzMDY0NjM5MC5wbmciLCJzbGlkZXNob3ciOiI1NTQ2YzlhZSJ9\" href='https:\/\/emtancons.com\/wp-content\/uploads\/2024\/09\/resim_2024-09-05_230646390.png'><img decoding=\"async\" width=\"1000\" height=\"674\" src=\"https:\/\/emtancons.com\/wp-content\/uploads\/2024\/09\/resim_2024-09-05_230646390.png\" class=\"attachment-full size-full\" alt=\"\" srcset=\"https:\/\/emtancons.com\/wp-content\/uploads\/2024\/09\/resim_2024-09-05_230646390.png 1000w, https:\/\/emtancons.com\/wp-content\/uploads\/2024\/09\/resim_2024-09-05_230646390-300x202.png 300w, https:\/\/emtancons.com\/wp-content\/uploads\/2024\/09\/resim_2024-09-05_230646390-768x518.png 768w, https:\/\/emtancons.com\/wp-content\/uploads\/2024\/09\/resim_2024-09-05_230646390-350x236.png 350w, https:\/\/emtancons.com\/wp-content\/uploads\/2024\/09\/resim_2024-09-05_230646390-370x249.png 370w, https:\/\/emtancons.com\/wp-content\/uploads\/2024\/09\/resim_2024-09-05_230646390-255x172.png 255w, https:\/\/emtancons.com\/wp-content\/uploads\/2024\/09\/resim_2024-09-05_230646390-285x192.png 285w, https:\/\/emtancons.com\/wp-content\/uploads\/2024\/09\/resim_2024-09-05_230646390-600x404.png 600w, https:\/\/emtancons.com\/wp-content\/uploads\/2024\/09\/resim_2024-09-05_230646390-560x377.png 560w\" sizes=\"(max-width: 1000px) 100vw, 1000px\" \/><\/a>\n\t\t\t<\/div><\/figure><figure class='gallery-item'>\n\t\t\t<div class='gallery-icon landscape'>\n\t\t\t\t<a data-elementor-open-lightbox=\"yes\" data-elementor-lightbox-slideshow=\"5546c9ae\" data-elementor-lightbox-title=\"resim_2024-09-05_230641755\" data-e-action-hash=\"#elementor-action%3Aaction%3Dlightbox%26settings%3DeyJpZCI6NzM4OCwidXJsIjoiaHR0cHM6XC9cL2VtdGFuY29ucy5jb21cL3dwLWNvbnRlbnRcL3VwbG9hZHNcLzIwMjRcLzA5XC9yZXNpbV8yMDI0LTA5LTA1XzIzMDY0MTc1NS5wbmciLCJzbGlkZXNob3ciOiI1NTQ2YzlhZSJ9\" href='https:\/\/emtancons.com\/wp-content\/uploads\/2024\/09\/resim_2024-09-05_230641755.png'><img decoding=\"async\" width=\"1000\" height=\"667\" src=\"https:\/\/emtancons.com\/wp-content\/uploads\/2024\/09\/resim_2024-09-05_230641755.png\" class=\"attachment-full size-full\" alt=\"\" srcset=\"https:\/\/emtancons.com\/wp-content\/uploads\/2024\/09\/resim_2024-09-05_230641755.png 1000w, https:\/\/emtancons.com\/wp-content\/uploads\/2024\/09\/resim_2024-09-05_230641755-300x200.png 300w, https:\/\/emtancons.com\/wp-content\/uploads\/2024\/09\/resim_2024-09-05_230641755-768x512.png 768w, https:\/\/emtancons.com\/wp-content\/uploads\/2024\/09\/resim_2024-09-05_230641755-350x233.png 350w, https:\/\/emtancons.com\/wp-content\/uploads\/2024\/09\/resim_2024-09-05_230641755-370x247.png 370w, https:\/\/emtancons.com\/wp-content\/uploads\/2024\/09\/resim_2024-09-05_230641755-255x170.png 255w, https:\/\/emtancons.com\/wp-content\/uploads\/2024\/09\/resim_2024-09-05_230641755-285x190.png 285w, https:\/\/emtancons.com\/wp-content\/uploads\/2024\/09\/resim_2024-09-05_230641755-600x400.png 600w, https:\/\/emtancons.com\/wp-content\/uploads\/2024\/09\/resim_2024-09-05_230641755-560x374.png 560w\" sizes=\"(max-width: 1000px) 100vw, 1000px\" \/><\/a>\n\t\t\t<\/div><\/figure>\n\t\t<\/div>\n\t\t<\/div>\n\t\t\t\t\t\t<\/div>\n\t\t\t\t<\/div>\n\t\t\t\t\t<\/div>\n\t\t<\/div>\n\t\t\t\t\t<\/div>\n\t\t<\/section>\n\t\t\t\t<\/div>\n\t\t","protected":false},"excerpt":{"rendered":"<p>Details zum Projekt Emtan 7 Four Seasons Wohnsiedlung ARAPKOY, Kyrenia Unser Projekt Four Seasons ist ein prestigetr\u00e4chtiges Wohnprojekt in Arapk\u00f6y, umgeben von Natursch\u00f6nheiten, das allen Anspr\u00fcchen des modernen Lebens gerecht wird. Das Projekt bietet seinen Bewohnern hochwertigen Wohnraum in puncto Komfort und \u00c4sthetik mit drei verschiedenen Wohnbl\u00f6cken mit insgesamt 18 Wohnungen. Inmitten der ruhigen und [&hellip;]<\/p>\n","protected":false},"author":1,"featured_media":0,"parent":0,"menu_order":0,"comment_status":"closed","ping_status":"closed","template":"elementor_header_footer","meta":{"footnotes":""},"class_list":["post-7387","page","type-page","status-publish","hentry"],"yoast_head":"<!-- This site is optimized with the Yoast SEO plugin v27.1.1 - https:\/\/yoast.com\/product\/yoast-seo-wordpress\/ -->\n<title>Emtan 7 Vier-Jahreszeiten-Wohnsiedlung - Emtan Construction<\/title>\n<meta name=\"robots\" content=\"index, follow, max-snippet:-1, max-image-preview:large, max-video-preview:-1\" \/>\n<link rel=\"canonical\" href=\"https:\/\/emtancons.com\/de\/emtan-7-vier-jahreszeiten-wohnsiedlung\/\" \/>\n<meta property=\"og:locale\" content=\"de_DE\" \/>\n<meta property=\"og:type\" content=\"article\" \/>\n<meta property=\"og:title\" content=\"Emtan 7 Vier-Jahreszeiten-Wohnsiedlung - Emtan Construction\" \/>\n<meta property=\"og:description\" content=\"Details zum Projekt Emtan 7 Four Seasons Wohnsiedlung ARAPKOY, Kyrenia Unser Projekt Four Seasons ist ein prestigetr\u00e4chtiges Wohnprojekt in Arapk\u00f6y, umgeben von Natursch\u00f6nheiten, das allen Anspr\u00fcchen des modernen Lebens gerecht wird. Das Projekt bietet seinen Bewohnern hochwertigen Wohnraum in puncto Komfort und \u00c4sthetik mit drei verschiedenen Wohnbl\u00f6cken mit insgesamt 18 Wohnungen. Inmitten der ruhigen und [&hellip;]\" \/>\n<meta property=\"og:url\" content=\"https:\/\/emtancons.com\/de\/emtan-7-vier-jahreszeiten-wohnsiedlung\/\" \/>\n<meta property=\"og:site_name\" content=\"Emtan Construction\" \/>\n<meta property=\"article:modified_time\" content=\"2025-09-22T10:49:57+00:00\" \/>\n<meta property=\"og:image\" content=\"https:\/\/emtancons.com\/wp-content\/uploads\/2024\/09\/resim_2024-09-05_230651004.png\" \/>\n<meta name=\"twitter:card\" content=\"summary_large_image\" \/>\n<meta name=\"twitter:label1\" content=\"Gesch\u00e4tzte Lesezeit\" \/>\n\t<meta name=\"twitter:data1\" content=\"1\u00a0Minute\" \/>\n<script type=\"application\/ld+json\" class=\"yoast-schema-graph\">{\"@context\":\"https:\/\/schema.org\",\"@graph\":[{\"@type\":\"WebPage\",\"@id\":\"https:\/\/emtancons.com\/de\/emtan-7-vier-jahreszeiten-wohnsiedlung\/\",\"url\":\"https:\/\/emtancons.com\/de\/emtan-7-vier-jahreszeiten-wohnsiedlung\/\",\"name\":\"Emtan 7 Vier-Jahreszeiten-Wohnsiedlung - Emtan Construction\",\"isPartOf\":{\"@id\":\"https:\/\/emtancons.com\/#website\"},\"primaryImageOfPage\":{\"@id\":\"https:\/\/emtancons.com\/de\/emtan-7-vier-jahreszeiten-wohnsiedlung\/#primaryimage\"},\"image\":{\"@id\":\"https:\/\/emtancons.com\/de\/emtan-7-vier-jahreszeiten-wohnsiedlung\/#primaryimage\"},\"thumbnailUrl\":\"https:\/\/emtancons.com\/wp-content\/uploads\/2024\/09\/resim_2024-09-05_230651004.png\",\"datePublished\":\"2024-09-05T20:10:43+00:00\",\"dateModified\":\"2025-09-22T10:49:57+00:00\",\"breadcrumb\":{\"@id\":\"https:\/\/emtancons.com\/de\/emtan-7-vier-jahreszeiten-wohnsiedlung\/#breadcrumb\"},\"inLanguage\":\"de\",\"potentialAction\":[{\"@type\":\"ReadAction\",\"target\":[\"https:\/\/emtancons.com\/de\/emtan-7-vier-jahreszeiten-wohnsiedlung\/\"]}]},{\"@type\":\"ImageObject\",\"inLanguage\":\"de\",\"@id\":\"https:\/\/emtancons.com\/de\/emtan-7-vier-jahreszeiten-wohnsiedlung\/#primaryimage\",\"url\":\"https:\/\/emtancons.com\/wp-content\/uploads\/2024\/09\/resim_2024-09-05_230651004.png\",\"contentUrl\":\"https:\/\/emtancons.com\/wp-content\/uploads\/2024\/09\/resim_2024-09-05_230651004.png\"},{\"@type\":\"BreadcrumbList\",\"@id\":\"https:\/\/emtancons.com\/de\/emtan-7-vier-jahreszeiten-wohnsiedlung\/#breadcrumb\",\"itemListElement\":[{\"@type\":\"ListItem\",\"position\":1,\"name\":\"Anasayfa\",\"item\":\"https:\/\/emtancons.com\/\"},{\"@type\":\"ListItem\",\"position\":2,\"name\":\"Emtan 7 Vier-Jahreszeiten-Wohnsiedlung\"}]},{\"@type\":\"WebSite\",\"@id\":\"https:\/\/emtancons.com\/#website\",\"url\":\"https:\/\/emtancons.com\/\",\"name\":\"Emtan Construction\",\"description\":\"\",\"potentialAction\":[{\"@type\":\"SearchAction\",\"target\":{\"@type\":\"EntryPoint\",\"urlTemplate\":\"https:\/\/emtancons.com\/?s={search_term_string}\"},\"query-input\":{\"@type\":\"PropertyValueSpecification\",\"valueRequired\":true,\"valueName\":\"search_term_string\"}}],\"inLanguage\":\"de\"}]}<\/script>\n<!-- \/ Yoast SEO plugin. -->","yoast_head_json":{"title":"Emtan 7 Vier-Jahreszeiten-Wohnsiedlung - Emtan Construction","robots":{"index":"index","follow":"follow","max-snippet":"max-snippet:-1","max-image-preview":"max-image-preview:large","max-video-preview":"max-video-preview:-1"},"canonical":"https:\/\/emtancons.com\/de\/emtan-7-vier-jahreszeiten-wohnsiedlung\/","og_locale":"de_DE","og_type":"article","og_title":"Emtan 7 Vier-Jahreszeiten-Wohnsiedlung - Emtan Construction","og_description":"Details zum Projekt Emtan 7 Four Seasons Wohnsiedlung ARAPKOY, Kyrenia Unser Projekt Four Seasons ist ein prestigetr\u00e4chtiges Wohnprojekt in Arapk\u00f6y, umgeben von Natursch\u00f6nheiten, das allen Anspr\u00fcchen des modernen Lebens gerecht wird. Das Projekt bietet seinen Bewohnern hochwertigen Wohnraum in puncto Komfort und \u00c4sthetik mit drei verschiedenen Wohnbl\u00f6cken mit insgesamt 18 Wohnungen. Inmitten der ruhigen und [&hellip;]","og_url":"https:\/\/emtancons.com\/de\/emtan-7-vier-jahreszeiten-wohnsiedlung\/","og_site_name":"Emtan Construction","article_modified_time":"2025-09-22T10:49:57+00:00","og_image":[{"url":"https:\/\/emtancons.com\/wp-content\/uploads\/2024\/09\/resim_2024-09-05_230651004.png","type":"","width":"","height":""}],"twitter_card":"summary_large_image","twitter_misc":{"Gesch\u00e4tzte Lesezeit":"1\u00a0Minute"},"schema":{"@context":"https:\/\/schema.org","@graph":[{"@type":"WebPage","@id":"https:\/\/emtancons.com\/de\/emtan-7-vier-jahreszeiten-wohnsiedlung\/","url":"https:\/\/emtancons.com\/de\/emtan-7-vier-jahreszeiten-wohnsiedlung\/","name":"Emtan 7 Vier-Jahreszeiten-Wohnsiedlung - Emtan Construction","isPartOf":{"@id":"https:\/\/emtancons.com\/#website"},"primaryImageOfPage":{"@id":"https:\/\/emtancons.com\/de\/emtan-7-vier-jahreszeiten-wohnsiedlung\/#primaryimage"},"image":{"@id":"https:\/\/emtancons.com\/de\/emtan-7-vier-jahreszeiten-wohnsiedlung\/#primaryimage"},"thumbnailUrl":"https:\/\/emtancons.com\/wp-content\/uploads\/2024\/09\/resim_2024-09-05_230651004.png","datePublished":"2024-09-05T20:10:43+00:00","dateModified":"2025-09-22T10:49:57+00:00","breadcrumb":{"@id":"https:\/\/emtancons.com\/de\/emtan-7-vier-jahreszeiten-wohnsiedlung\/#breadcrumb"},"inLanguage":"de","potentialAction":[{"@type":"ReadAction","target":["https:\/\/emtancons.com\/de\/emtan-7-vier-jahreszeiten-wohnsiedlung\/"]}]},{"@type":"ImageObject","inLanguage":"de","@id":"https:\/\/emtancons.com\/de\/emtan-7-vier-jahreszeiten-wohnsiedlung\/#primaryimage","url":"https:\/\/emtancons.com\/wp-content\/uploads\/2024\/09\/resim_2024-09-05_230651004.png","contentUrl":"https:\/\/emtancons.com\/wp-content\/uploads\/2024\/09\/resim_2024-09-05_230651004.png"},{"@type":"BreadcrumbList","@id":"https:\/\/emtancons.com\/de\/emtan-7-vier-jahreszeiten-wohnsiedlung\/#breadcrumb","itemListElement":[{"@type":"ListItem","position":1,"name":"Anasayfa","item":"https:\/\/emtancons.com\/"},{"@type":"ListItem","position":2,"name":"Emtan 7 Vier-Jahreszeiten-Wohnsiedlung"}]},{"@type":"WebSite","@id":"https:\/\/emtancons.com\/#website","url":"https:\/\/emtancons.com\/","name":"Emtan Construction","description":"","potentialAction":[{"@type":"SearchAction","target":{"@type":"EntryPoint","urlTemplate":"https:\/\/emtancons.com\/?s={search_term_string}"},"query-input":{"@type":"PropertyValueSpecification","valueRequired":true,"valueName":"search_term_string"}}],"inLanguage":"de"}]}},"_links":{"self":[{"href":"https:\/\/emtancons.com\/de\/wp-json\/wp\/v2\/pages\/7387","targetHints":{"allow":["GET"]}}],"collection":[{"href":"https:\/\/emtancons.com\/de\/wp-json\/wp\/v2\/pages"}],"about":[{"href":"https:\/\/emtancons.com\/de\/wp-json\/wp\/v2\/types\/page"}],"author":[{"embeddable":true,"href":"https:\/\/emtancons.com\/de\/wp-json\/wp\/v2\/users\/1"}],"replies":[{"embeddable":true,"href":"https:\/\/emtancons.com\/de\/wp-json\/wp\/v2\/comments?post=7387"}],"version-history":[{"count":5,"href":"https:\/\/emtancons.com\/de\/wp-json\/wp\/v2\/pages\/7387\/revisions"}],"predecessor-version":[{"id":8687,"href":"https:\/\/emtancons.com\/de\/wp-json\/wp\/v2\/pages\/7387\/revisions\/8687"}],"wp:attachment":[{"href":"https:\/\/emtancons.com\/de\/wp-json\/wp\/v2\/media?parent=7387"}],"curies":[{"name":"wp","href":"https:\/\/api.w.org\/{rel}","templated":true}]}}