{"id":7363,"date":"2024-09-05T23:04:23","date_gmt":"2024-09-05T20:04:23","guid":{"rendered":"https:\/\/emtancons.com\/emtan-5-greenview-housing-estate\/"},"modified":"2025-08-13T16:26:25","modified_gmt":"2025-08-13T13:26:25","slug":"emtan-5-greenview-wohnsiedlung","status":"publish","type":"page","link":"https:\/\/emtancons.com\/de\/emtan-5-greenview-wohnsiedlung\/","title":{"rendered":"Emtan 5 Greenview Wohnsiedlung"},"content":{"rendered":"\t\t<div data-elementor-type=\"wp-page\" data-elementor-id=\"7363\" class=\"elementor elementor-7363 elementor-2313\" data-elementor-post-type=\"page\">\n\t\t\t\t\t\t<section class=\"elementor-section elementor-top-section elementor-element elementor-element-22458995 elementor-section-content-middle elementor-section-boxed elementor-section-height-default elementor-section-height-default\" data-id=\"22458995\" data-element_type=\"section\" data-e-type=\"section\" data-settings=\"{&quot;background_background&quot;:&quot;classic&quot;}\">\n\t\t\t\t\t\t\t<div class=\"elementor-background-overlay\"><\/div>\n\t\t\t\t\t\t\t<div class=\"elementor-container elementor-column-gap-default\">\n\t\t\t\t\t<div class=\"elementor-column elementor-col-50 elementor-top-column elementor-element elementor-element-59707c5a\" data-id=\"59707c5a\" data-element_type=\"column\" data-e-type=\"column\">\n\t\t\t<div class=\"elementor-widget-wrap elementor-element-populated\">\n\t\t\t\t\t\t<div class=\"elementor-element elementor-element-4ad6789c elementor-widget elementor-widget-heading\" data-id=\"4ad6789c\" data-element_type=\"widget\" data-e-type=\"widget\" data-widget_type=\"heading.default\">\n\t\t\t\t<div class=\"elementor-widget-container\">\n\t\t\t\t\t<h2 class=\"elementor-heading-title elementor-size-default\">Details zum Projekt<\/h2>\t\t\t\t<\/div>\n\t\t\t\t<\/div>\n\t\t\t\t<div class=\"elementor-element elementor-element-52fd28a elementor-invisible elementor-widget elementor-widget-heading\" data-id=\"52fd28a\" data-element_type=\"widget\" data-e-type=\"widget\" data-settings=\"{&quot;_animation&quot;:&quot;fadeInUp&quot;}\" data-widget_type=\"heading.default\">\n\t\t\t\t<div class=\"elementor-widget-container\">\n\t\t\t\t\t<h2 class=\"elementor-heading-title elementor-size-default\">Emtan 5 Greenview Wohnsiedlung<\/h2>\t\t\t\t<\/div>\n\t\t\t\t<\/div>\n\t\t\t\t<div class=\"elementor-element elementor-element-3f07842c elementor-icon-list--layout-inline elementor-list-item-link-full_width elementor-widget elementor-widget-icon-list\" data-id=\"3f07842c\" data-element_type=\"widget\" data-e-type=\"widget\" data-widget_type=\"icon-list.default\">\n\t\t\t\t<div class=\"elementor-widget-container\">\n\t\t\t\t\t\t\t<ul class=\"elementor-icon-list-items elementor-inline-items\">\n\t\t\t\t\t\t\t<li class=\"elementor-icon-list-item elementor-inline-item\">\n\t\t\t\t\t\t\t\t\t\t\t<a href=\"#\">\n\n\t\t\t\t\t\t\t\t\t\t\t\t<span class=\"elementor-icon-list-icon\">\n\t\t\t\t\t\t\t<i aria-hidden=\"true\" class=\"fas fa-arrow-right\"><\/i>\t\t\t\t\t\t<\/span>\n\t\t\t\t\t\t\t\t\t\t<span class=\"elementor-icon-list-text\">\u00c7ATALKOY, KYRENIA<\/span>\n\t\t\t\t\t\t\t\t\t\t\t<\/a>\n\t\t\t\t\t\t\t\t\t<\/li>\n\t\t\t\t\t\t<\/ul>\n\t\t\t\t\t\t<\/div>\n\t\t\t\t<\/div>\n\t\t\t\t\t<\/div>\n\t\t<\/div>\n\t\t\t\t<div class=\"elementor-column elementor-col-50 elementor-top-column elementor-element elementor-element-598b866c\" data-id=\"598b866c\" data-element_type=\"column\" data-e-type=\"column\">\n\t\t\t<div class=\"elementor-widget-wrap\">\n\t\t\t\t\t\t\t<\/div>\n\t\t<\/div>\n\t\t\t\t\t<\/div>\n\t\t<\/section>\n\t\t\t\t<section class=\"elementor-section elementor-top-section elementor-element elementor-element-4d8e181a elementor-section-boxed elementor-section-height-default elementor-section-height-default\" data-id=\"4d8e181a\" data-element_type=\"section\" data-e-type=\"section\">\n\t\t\t\t\t\t\t<div class=\"elementor-background-overlay\"><\/div>\n\t\t\t\t\t\t\t<div class=\"elementor-container elementor-column-gap-default\">\n\t\t\t\t\t<div class=\"elementor-column elementor-col-50 elementor-top-column elementor-element elementor-element-3f28b849 elementor-invisible\" data-id=\"3f28b849\" data-element_type=\"column\" data-e-type=\"column\" data-settings=\"{&quot;background_background&quot;:&quot;classic&quot;,&quot;animation&quot;:&quot;slideInUp&quot;}\">\n\t\t\t<div class=\"elementor-widget-wrap elementor-element-populated\">\n\t\t\t\t\t\t<div class=\"elementor-element elementor-element-42fd02c8 elementor-widget elementor-widget-text-editor\" data-id=\"42fd02c8\" data-element_type=\"widget\" data-e-type=\"widget\" data-widget_type=\"text-editor.default\">\n\t\t\t\t<div class=\"elementor-widget-container\">\n\t\t\t\t\t\t\t\t\t<p>Das Greenview Wohngebiet in \u00c7atalk\u00f6y liegt in einer Region, die f\u00fcr ihre ruhige und nat\u00fcrliche Sch\u00f6nheit bekannt ist. Dieses besondere Anwesen mit insgesamt elf Luxusvillen besticht durch seine moderne Architektur und hochwertige Bauweise. Jede Villa bietet mit gro\u00dfz\u00fcgigen Wohnr\u00e4umen, komfortabler Inneneinrichtung und \u00e4sthetischen Details ein perfektes Wohnerlebnis.<\/p><p>Greenview bietet die M\u00f6glichkeit, die Natur zu erleben und gleichzeitig in der N\u00e4he der zentralen Punkte von \u00c7atalk\u00f6y und aller wichtigen Dienstleistungen zu liegen. Die Villen bieten ihren Bewohnern mit gro\u00dfz\u00fcgigen G\u00e4rten, privaten Parkpl\u00e4tzen und hoher Sicherheit einen ruhigen und sicheren Lebensraum. Dar\u00fcber hinaus ist jede Villa so konzipiert, dass sie direktes Sonnenlicht erh\u00e4lt und \u00fcber gro\u00dfe Fenster verf\u00fcgt, die optimales Tageslicht bieten.<\/p><p>Das Greenview Wohngebiet ist speziell f\u00fcr Familien und Naturliebhaber konzipiert und erf\u00fcllt alle Anforderungen des modernen Lebens. Das Projekt wurde nach modernen Wohnstandards errichtet und ist mit hochwertigen Baumaterialien und sorgf\u00e4ltiger Verarbeitung ausgestattet. Jede der Villen zeichnet sich durch ihre energieeffiziente Bauweise aus und bietet umweltfreundliches Wohnen. Die Wohnr\u00e4ume dieses Projekts bestechen durch Details wie offene K\u00fcchen, ger\u00e4umige Lounges, En-Suite-Badezimmer und modern ausgestattete Zimmer. Gleichzeitig schaffen gro\u00dfz\u00fcgige Terrassen und Balkone eine Umgebung, in der Sie die Natur genie\u00dfen k\u00f6nnen. In diesem Projekt, das sich in die einzigartige Natur von \u00c7atalk\u00f6y einf\u00fcgt, erleben die Bewohner Komfort und \u00c4sthetik zugleich.<\/p>\t\t\t\t\t\t\t\t<\/div>\n\t\t\t\t<\/div>\n\t\t\t\t\t<\/div>\n\t\t<\/div>\n\t\t\t\t<div class=\"elementor-column elementor-col-50 elementor-top-column elementor-element elementor-element-4975ef47\" data-id=\"4975ef47\" data-element_type=\"column\" data-e-type=\"column\">\n\t\t\t<div class=\"elementor-widget-wrap\">\n\t\t\t\t\t\t\t<\/div>\n\t\t<\/div>\n\t\t\t\t\t<\/div>\n\t\t<\/section>\n\t\t\t\t<section class=\"elementor-section elementor-top-section elementor-element elementor-element-2fe986dc elementor-section-full_width elementor-section-height-default elementor-section-height-default\" data-id=\"2fe986dc\" data-element_type=\"section\" data-e-type=\"section\">\n\t\t\t\t\t\t<div class=\"elementor-container elementor-column-gap-default\">\n\t\t\t\t\t<div class=\"elementor-column elementor-col-100 elementor-top-column elementor-element elementor-element-408f0ff8\" data-id=\"408f0ff8\" data-element_type=\"column\" data-e-type=\"column\">\n\t\t\t<div class=\"elementor-widget-wrap elementor-element-populated\">\n\t\t\t\t\t\t<div class=\"elementor-element elementor-element-2401d2c2 gallery-spacing-custom elementor-widget elementor-widget-image-gallery\" data-id=\"2401d2c2\" data-element_type=\"widget\" data-e-type=\"widget\" data-widget_type=\"image-gallery.default\">\n\t\t\t\t<div class=\"elementor-widget-container\">\n\t\t\t\t\t\t\t<div class=\"elementor-image-gallery\">\n\t\t\t<div id='gallery-1' class='gallery galleryid-7363 gallery-columns-3 gallery-size-full'><figure class='gallery-item'>\n\t\t\t<div class='gallery-icon landscape'>\n\t\t\t\t<a data-elementor-open-lightbox=\"yes\" data-elementor-lightbox-slideshow=\"2401d2c2\" data-elementor-lightbox-title=\"resim_2024-09-05_230034471\" data-e-action-hash=\"#elementor-action%3Aaction%3Dlightbox%26settings%3DeyJpZCI6NzM2NiwidXJsIjoiaHR0cHM6XC9cL2VtdGFuY29ucy5jb21cL3dwLWNvbnRlbnRcL3VwbG9hZHNcLzIwMjRcLzA5XC9yZXNpbV8yMDI0LTA5LTA1XzIzMDAzNDQ3MS5wbmciLCJzbGlkZXNob3ciOiIyNDAxZDJjMiJ9\" href='https:\/\/emtancons.com\/wp-content\/uploads\/2024\/09\/resim_2024-09-05_230034471.png'><img fetchpriority=\"high\" decoding=\"async\" width=\"1000\" height=\"666\" src=\"https:\/\/emtancons.com\/wp-content\/uploads\/2024\/09\/resim_2024-09-05_230034471.png\" class=\"attachment-full size-full\" alt=\"\" srcset=\"https:\/\/emtancons.com\/wp-content\/uploads\/2024\/09\/resim_2024-09-05_230034471.png 1000w, https:\/\/emtancons.com\/wp-content\/uploads\/2024\/09\/resim_2024-09-05_230034471-300x200.png 300w, https:\/\/emtancons.com\/wp-content\/uploads\/2024\/09\/resim_2024-09-05_230034471-768x511.png 768w, https:\/\/emtancons.com\/wp-content\/uploads\/2024\/09\/resim_2024-09-05_230034471-350x233.png 350w, https:\/\/emtancons.com\/wp-content\/uploads\/2024\/09\/resim_2024-09-05_230034471-370x246.png 370w, https:\/\/emtancons.com\/wp-content\/uploads\/2024\/09\/resim_2024-09-05_230034471-255x170.png 255w, https:\/\/emtancons.com\/wp-content\/uploads\/2024\/09\/resim_2024-09-05_230034471-285x190.png 285w, https:\/\/emtancons.com\/wp-content\/uploads\/2024\/09\/resim_2024-09-05_230034471-600x400.png 600w, https:\/\/emtancons.com\/wp-content\/uploads\/2024\/09\/resim_2024-09-05_230034471-560x373.png 560w\" sizes=\"(max-width: 1000px) 100vw, 1000px\" \/><\/a>\n\t\t\t<\/div><\/figure><figure class='gallery-item'>\n\t\t\t<div class='gallery-icon landscape'>\n\t\t\t\t<a data-elementor-open-lightbox=\"yes\" data-elementor-lightbox-slideshow=\"2401d2c2\" data-elementor-lightbox-title=\"resim_2024-09-05_230029898\" data-e-action-hash=\"#elementor-action%3Aaction%3Dlightbox%26settings%3DeyJpZCI6NzM2NSwidXJsIjoiaHR0cHM6XC9cL2VtdGFuY29ucy5jb21cL3dwLWNvbnRlbnRcL3VwbG9hZHNcLzIwMjRcLzA5XC9yZXNpbV8yMDI0LTA5LTA1XzIzMDAyOTg5OC5wbmciLCJzbGlkZXNob3ciOiIyNDAxZDJjMiJ9\" href='https:\/\/emtancons.com\/wp-content\/uploads\/2024\/09\/resim_2024-09-05_230029898.png'><img decoding=\"async\" width=\"1000\" height=\"668\" src=\"https:\/\/emtancons.com\/wp-content\/uploads\/2024\/09\/resim_2024-09-05_230029898.png\" class=\"attachment-full size-full\" alt=\"\" srcset=\"https:\/\/emtancons.com\/wp-content\/uploads\/2024\/09\/resim_2024-09-05_230029898.png 1000w, https:\/\/emtancons.com\/wp-content\/uploads\/2024\/09\/resim_2024-09-05_230029898-300x200.png 300w, https:\/\/emtancons.com\/wp-content\/uploads\/2024\/09\/resim_2024-09-05_230029898-768x513.png 768w, https:\/\/emtancons.com\/wp-content\/uploads\/2024\/09\/resim_2024-09-05_230029898-350x234.png 350w, https:\/\/emtancons.com\/wp-content\/uploads\/2024\/09\/resim_2024-09-05_230029898-370x247.png 370w, https:\/\/emtancons.com\/wp-content\/uploads\/2024\/09\/resim_2024-09-05_230029898-255x170.png 255w, https:\/\/emtancons.com\/wp-content\/uploads\/2024\/09\/resim_2024-09-05_230029898-285x190.png 285w, https:\/\/emtancons.com\/wp-content\/uploads\/2024\/09\/resim_2024-09-05_230029898-600x401.png 600w, https:\/\/emtancons.com\/wp-content\/uploads\/2024\/09\/resim_2024-09-05_230029898-560x374.png 560w\" sizes=\"(max-width: 1000px) 100vw, 1000px\" \/><\/a>\n\t\t\t<\/div><\/figure><figure class='gallery-item'>\n\t\t\t<div class='gallery-icon landscape'>\n\t\t\t\t<a data-elementor-open-lightbox=\"yes\" data-elementor-lightbox-slideshow=\"2401d2c2\" data-elementor-lightbox-title=\"resim_2024-09-05_230021356\" data-e-action-hash=\"#elementor-action%3Aaction%3Dlightbox%26settings%3DeyJpZCI6NzM2NCwidXJsIjoiaHR0cHM6XC9cL2VtdGFuY29ucy5jb21cL3dwLWNvbnRlbnRcL3VwbG9hZHNcLzIwMjRcLzA5XC9yZXNpbV8yMDI0LTA5LTA1XzIzMDAyMTM1Ni5wbmciLCJzbGlkZXNob3ciOiIyNDAxZDJjMiJ9\" href='https:\/\/emtancons.com\/wp-content\/uploads\/2024\/09\/resim_2024-09-05_230021356.png'><img decoding=\"async\" width=\"1000\" height=\"666\" src=\"https:\/\/emtancons.com\/wp-content\/uploads\/2024\/09\/resim_2024-09-05_230021356.png\" class=\"attachment-full size-full\" alt=\"\" srcset=\"https:\/\/emtancons.com\/wp-content\/uploads\/2024\/09\/resim_2024-09-05_230021356.png 1000w, https:\/\/emtancons.com\/wp-content\/uploads\/2024\/09\/resim_2024-09-05_230021356-300x200.png 300w, https:\/\/emtancons.com\/wp-content\/uploads\/2024\/09\/resim_2024-09-05_230021356-768x511.png 768w, https:\/\/emtancons.com\/wp-content\/uploads\/2024\/09\/resim_2024-09-05_230021356-350x233.png 350w, https:\/\/emtancons.com\/wp-content\/uploads\/2024\/09\/resim_2024-09-05_230021356-370x246.png 370w, https:\/\/emtancons.com\/wp-content\/uploads\/2024\/09\/resim_2024-09-05_230021356-255x170.png 255w, https:\/\/emtancons.com\/wp-content\/uploads\/2024\/09\/resim_2024-09-05_230021356-285x190.png 285w, https:\/\/emtancons.com\/wp-content\/uploads\/2024\/09\/resim_2024-09-05_230021356-600x400.png 600w, https:\/\/emtancons.com\/wp-content\/uploads\/2024\/09\/resim_2024-09-05_230021356-560x373.png 560w\" sizes=\"(max-width: 1000px) 100vw, 1000px\" \/><\/a>\n\t\t\t<\/div><\/figure>\n\t\t<\/div>\n\t\t<\/div>\n\t\t\t\t\t\t<\/div>\n\t\t\t\t<\/div>\n\t\t\t\t\t<\/div>\n\t\t<\/div>\n\t\t\t\t\t<\/div>\n\t\t<\/section>\n\t\t\t\t<\/div>\n\t\t","protected":false},"excerpt":{"rendered":"<p>Details zum Projekt Emtan 5 Greenview Wohnsiedlung \u00c7ATALKOY, KYRENIA Das Greenview Wohngebiet in \u00c7atalk\u00f6y liegt in einer Region, die f\u00fcr ihre ruhige und nat\u00fcrliche Sch\u00f6nheit bekannt ist. Dieses besondere Anwesen mit insgesamt elf Luxusvillen besticht durch seine moderne Architektur und hochwertige Bauweise. Jede Villa bietet mit gro\u00dfz\u00fcgigen Wohnr\u00e4umen, komfortabler Inneneinrichtung und \u00e4sthetischen Details ein perfektes [&hellip;]<\/p>\n","protected":false},"author":1,"featured_media":0,"parent":0,"menu_order":0,"comment_status":"closed","ping_status":"closed","template":"elementor_header_footer","meta":{"footnotes":""},"class_list":["post-7363","page","type-page","status-publish","hentry"],"yoast_head":"<!-- This site is optimized with the Yoast SEO plugin v27.1.1 - https:\/\/yoast.com\/product\/yoast-seo-wordpress\/ -->\n<title>Emtan 5 Greenview Wohnsiedlung - Emtan Construction<\/title>\n<meta name=\"robots\" content=\"index, follow, max-snippet:-1, max-image-preview:large, max-video-preview:-1\" \/>\n<link rel=\"canonical\" href=\"https:\/\/emtancons.com\/de\/emtan-5-greenview-wohnsiedlung\/\" \/>\n<meta property=\"og:locale\" content=\"de_DE\" \/>\n<meta property=\"og:type\" content=\"article\" \/>\n<meta property=\"og:title\" content=\"Emtan 5 Greenview Wohnsiedlung - Emtan Construction\" \/>\n<meta property=\"og:description\" content=\"Details zum Projekt Emtan 5 Greenview Wohnsiedlung \u00c7ATALKOY, KYRENIA Das Greenview Wohngebiet in \u00c7atalk\u00f6y liegt in einer Region, die f\u00fcr ihre ruhige und nat\u00fcrliche Sch\u00f6nheit bekannt ist. Dieses besondere Anwesen mit insgesamt elf Luxusvillen besticht durch seine moderne Architektur und hochwertige Bauweise. Jede Villa bietet mit gro\u00dfz\u00fcgigen Wohnr\u00e4umen, komfortabler Inneneinrichtung und \u00e4sthetischen Details ein perfektes [&hellip;]\" \/>\n<meta property=\"og:url\" content=\"https:\/\/emtancons.com\/de\/emtan-5-greenview-wohnsiedlung\/\" \/>\n<meta property=\"og:site_name\" content=\"Emtan Construction\" \/>\n<meta property=\"article:modified_time\" content=\"2025-08-13T13:26:25+00:00\" \/>\n<meta property=\"og:image\" content=\"https:\/\/emtancons.com\/wp-content\/uploads\/2024\/09\/resim_2024-09-05_230034471.png\" \/>\n<meta name=\"twitter:card\" content=\"summary_large_image\" \/>\n<meta name=\"twitter:label1\" content=\"Gesch\u00e4tzte Lesezeit\" \/>\n\t<meta name=\"twitter:data1\" content=\"2\u00a0Minuten\" \/>\n<script type=\"application\/ld+json\" class=\"yoast-schema-graph\">{\"@context\":\"https:\/\/schema.org\",\"@graph\":[{\"@type\":\"WebPage\",\"@id\":\"https:\/\/emtancons.com\/de\/emtan-5-greenview-wohnsiedlung\/\",\"url\":\"https:\/\/emtancons.com\/de\/emtan-5-greenview-wohnsiedlung\/\",\"name\":\"Emtan 5 Greenview Wohnsiedlung - Emtan Construction\",\"isPartOf\":{\"@id\":\"https:\/\/emtancons.com\/#website\"},\"primaryImageOfPage\":{\"@id\":\"https:\/\/emtancons.com\/de\/emtan-5-greenview-wohnsiedlung\/#primaryimage\"},\"image\":{\"@id\":\"https:\/\/emtancons.com\/de\/emtan-5-greenview-wohnsiedlung\/#primaryimage\"},\"thumbnailUrl\":\"https:\/\/emtancons.com\/wp-content\/uploads\/2024\/09\/resim_2024-09-05_230034471.png\",\"datePublished\":\"2024-09-05T20:04:23+00:00\",\"dateModified\":\"2025-08-13T13:26:25+00:00\",\"breadcrumb\":{\"@id\":\"https:\/\/emtancons.com\/de\/emtan-5-greenview-wohnsiedlung\/#breadcrumb\"},\"inLanguage\":\"de\",\"potentialAction\":[{\"@type\":\"ReadAction\",\"target\":[\"https:\/\/emtancons.com\/de\/emtan-5-greenview-wohnsiedlung\/\"]}]},{\"@type\":\"ImageObject\",\"inLanguage\":\"de\",\"@id\":\"https:\/\/emtancons.com\/de\/emtan-5-greenview-wohnsiedlung\/#primaryimage\",\"url\":\"https:\/\/emtancons.com\/wp-content\/uploads\/2024\/09\/resim_2024-09-05_230034471.png\",\"contentUrl\":\"https:\/\/emtancons.com\/wp-content\/uploads\/2024\/09\/resim_2024-09-05_230034471.png\"},{\"@type\":\"BreadcrumbList\",\"@id\":\"https:\/\/emtancons.com\/de\/emtan-5-greenview-wohnsiedlung\/#breadcrumb\",\"itemListElement\":[{\"@type\":\"ListItem\",\"position\":1,\"name\":\"Anasayfa\",\"item\":\"https:\/\/emtancons.com\/\"},{\"@type\":\"ListItem\",\"position\":2,\"name\":\"Emtan 5 Greenview Wohnsiedlung\"}]},{\"@type\":\"WebSite\",\"@id\":\"https:\/\/emtancons.com\/#website\",\"url\":\"https:\/\/emtancons.com\/\",\"name\":\"Emtan Construction\",\"description\":\"\",\"potentialAction\":[{\"@type\":\"SearchAction\",\"target\":{\"@type\":\"EntryPoint\",\"urlTemplate\":\"https:\/\/emtancons.com\/?s={search_term_string}\"},\"query-input\":{\"@type\":\"PropertyValueSpecification\",\"valueRequired\":true,\"valueName\":\"search_term_string\"}}],\"inLanguage\":\"de\"}]}<\/script>\n<!-- \/ Yoast SEO plugin. -->","yoast_head_json":{"title":"Emtan 5 Greenview Wohnsiedlung - Emtan Construction","robots":{"index":"index","follow":"follow","max-snippet":"max-snippet:-1","max-image-preview":"max-image-preview:large","max-video-preview":"max-video-preview:-1"},"canonical":"https:\/\/emtancons.com\/de\/emtan-5-greenview-wohnsiedlung\/","og_locale":"de_DE","og_type":"article","og_title":"Emtan 5 Greenview Wohnsiedlung - Emtan Construction","og_description":"Details zum Projekt Emtan 5 Greenview Wohnsiedlung \u00c7ATALKOY, KYRENIA Das Greenview Wohngebiet in \u00c7atalk\u00f6y liegt in einer Region, die f\u00fcr ihre ruhige und nat\u00fcrliche Sch\u00f6nheit bekannt ist. Dieses besondere Anwesen mit insgesamt elf Luxusvillen besticht durch seine moderne Architektur und hochwertige Bauweise. Jede Villa bietet mit gro\u00dfz\u00fcgigen Wohnr\u00e4umen, komfortabler Inneneinrichtung und \u00e4sthetischen Details ein perfektes [&hellip;]","og_url":"https:\/\/emtancons.com\/de\/emtan-5-greenview-wohnsiedlung\/","og_site_name":"Emtan Construction","article_modified_time":"2025-08-13T13:26:25+00:00","og_image":[{"url":"https:\/\/emtancons.com\/wp-content\/uploads\/2024\/09\/resim_2024-09-05_230034471.png","type":"","width":"","height":""}],"twitter_card":"summary_large_image","twitter_misc":{"Gesch\u00e4tzte Lesezeit":"2\u00a0Minuten"},"schema":{"@context":"https:\/\/schema.org","@graph":[{"@type":"WebPage","@id":"https:\/\/emtancons.com\/de\/emtan-5-greenview-wohnsiedlung\/","url":"https:\/\/emtancons.com\/de\/emtan-5-greenview-wohnsiedlung\/","name":"Emtan 5 Greenview Wohnsiedlung - Emtan Construction","isPartOf":{"@id":"https:\/\/emtancons.com\/#website"},"primaryImageOfPage":{"@id":"https:\/\/emtancons.com\/de\/emtan-5-greenview-wohnsiedlung\/#primaryimage"},"image":{"@id":"https:\/\/emtancons.com\/de\/emtan-5-greenview-wohnsiedlung\/#primaryimage"},"thumbnailUrl":"https:\/\/emtancons.com\/wp-content\/uploads\/2024\/09\/resim_2024-09-05_230034471.png","datePublished":"2024-09-05T20:04:23+00:00","dateModified":"2025-08-13T13:26:25+00:00","breadcrumb":{"@id":"https:\/\/emtancons.com\/de\/emtan-5-greenview-wohnsiedlung\/#breadcrumb"},"inLanguage":"de","potentialAction":[{"@type":"ReadAction","target":["https:\/\/emtancons.com\/de\/emtan-5-greenview-wohnsiedlung\/"]}]},{"@type":"ImageObject","inLanguage":"de","@id":"https:\/\/emtancons.com\/de\/emtan-5-greenview-wohnsiedlung\/#primaryimage","url":"https:\/\/emtancons.com\/wp-content\/uploads\/2024\/09\/resim_2024-09-05_230034471.png","contentUrl":"https:\/\/emtancons.com\/wp-content\/uploads\/2024\/09\/resim_2024-09-05_230034471.png"},{"@type":"BreadcrumbList","@id":"https:\/\/emtancons.com\/de\/emtan-5-greenview-wohnsiedlung\/#breadcrumb","itemListElement":[{"@type":"ListItem","position":1,"name":"Anasayfa","item":"https:\/\/emtancons.com\/"},{"@type":"ListItem","position":2,"name":"Emtan 5 Greenview Wohnsiedlung"}]},{"@type":"WebSite","@id":"https:\/\/emtancons.com\/#website","url":"https:\/\/emtancons.com\/","name":"Emtan Construction","description":"","potentialAction":[{"@type":"SearchAction","target":{"@type":"EntryPoint","urlTemplate":"https:\/\/emtancons.com\/?s={search_term_string}"},"query-input":{"@type":"PropertyValueSpecification","valueRequired":true,"valueName":"search_term_string"}}],"inLanguage":"de"}]}},"_links":{"self":[{"href":"https:\/\/emtancons.com\/de\/wp-json\/wp\/v2\/pages\/7363","targetHints":{"allow":["GET"]}}],"collection":[{"href":"https:\/\/emtancons.com\/de\/wp-json\/wp\/v2\/pages"}],"about":[{"href":"https:\/\/emtancons.com\/de\/wp-json\/wp\/v2\/types\/page"}],"author":[{"embeddable":true,"href":"https:\/\/emtancons.com\/de\/wp-json\/wp\/v2\/users\/1"}],"replies":[{"embeddable":true,"href":"https:\/\/emtancons.com\/de\/wp-json\/wp\/v2\/comments?post=7363"}],"version-history":[{"count":10,"href":"https:\/\/emtancons.com\/de\/wp-json\/wp\/v2\/pages\/7363\/revisions"}],"predecessor-version":[{"id":8369,"href":"https:\/\/emtancons.com\/de\/wp-json\/wp\/v2\/pages\/7363\/revisions\/8369"}],"wp:attachment":[{"href":"https:\/\/emtancons.com\/de\/wp-json\/wp\/v2\/media?parent=7363"}],"curies":[{"name":"wp","href":"https:\/\/api.w.org\/{rel}","templated":true}]}}