{"id":7335,"date":"2024-09-05T22:45:16","date_gmt":"2024-09-05T19:45:16","guid":{"rendered":"https:\/\/emtancons.com\/emtan-11\/"},"modified":"2025-09-26T17:37:37","modified_gmt":"2025-09-26T14:37:37","slug":"emtan-11","status":"publish","type":"page","link":"https:\/\/emtancons.com\/de\/emtan-11\/","title":{"rendered":"Emtan 11"},"content":{"rendered":"\t\t<div data-elementor-type=\"wp-page\" data-elementor-id=\"7335\" class=\"elementor elementor-7335 elementor-2307\" data-elementor-post-type=\"page\">\n\t\t\t\t\t\t<section class=\"elementor-section elementor-top-section elementor-element elementor-element-36f29f5d elementor-section-content-middle elementor-section-boxed elementor-section-height-default elementor-section-height-default\" data-id=\"36f29f5d\" data-element_type=\"section\" data-e-type=\"section\" data-settings=\"{&quot;background_background&quot;:&quot;classic&quot;}\">\n\t\t\t\t\t\t\t<div class=\"elementor-background-overlay\"><\/div>\n\t\t\t\t\t\t\t<div class=\"elementor-container elementor-column-gap-default\">\n\t\t\t\t\t<div class=\"elementor-column elementor-col-50 elementor-top-column elementor-element elementor-element-591ac23\" data-id=\"591ac23\" data-element_type=\"column\" data-e-type=\"column\">\n\t\t\t<div class=\"elementor-widget-wrap elementor-element-populated\">\n\t\t\t\t\t\t<div class=\"elementor-element elementor-element-7558e6c3 elementor-widget elementor-widget-heading\" data-id=\"7558e6c3\" data-element_type=\"widget\" data-e-type=\"widget\" data-widget_type=\"heading.default\">\n\t\t\t\t<div class=\"elementor-widget-container\">\n\t\t\t\t\t<p class=\"elementor-heading-title elementor-size-default\">Details zum Projekt<\/p>\t\t\t\t<\/div>\n\t\t\t\t<\/div>\n\t\t\t\t<div class=\"elementor-element elementor-element-2d72618 elementor-invisible elementor-widget elementor-widget-heading\" data-id=\"2d72618\" data-element_type=\"widget\" data-e-type=\"widget\" data-settings=\"{&quot;_animation&quot;:&quot;fadeInUp&quot;}\" data-widget_type=\"heading.default\">\n\t\t\t\t<div class=\"elementor-widget-container\">\n\t\t\t\t\t<h1 class=\"elementor-heading-title elementor-size-default\">Emtan 11\n<\/h1>\t\t\t\t<\/div>\n\t\t\t\t<\/div>\n\t\t\t\t<div class=\"elementor-element elementor-element-7f5fac07 elementor-icon-list--layout-inline elementor-list-item-link-full_width elementor-widget elementor-widget-icon-list\" data-id=\"7f5fac07\" data-element_type=\"widget\" data-e-type=\"widget\" data-widget_type=\"icon-list.default\">\n\t\t\t\t<div class=\"elementor-widget-container\">\n\t\t\t\t\t\t\t<ul class=\"elementor-icon-list-items elementor-inline-items\">\n\t\t\t\t\t\t\t<li class=\"elementor-icon-list-item elementor-inline-item\">\n\t\t\t\t\t\t\t\t\t\t\t<a href=\"#\">\n\n\t\t\t\t\t\t\t\t\t\t\t\t<span class=\"elementor-icon-list-icon\">\n\t\t\t\t\t\t\t<i aria-hidden=\"true\" class=\"fas fa-arrow-right\"><\/i>\t\t\t\t\t\t<\/span>\n\t\t\t\t\t\t\t\t\t\t<span class=\"elementor-icon-list-text\">ZEYT\u0130NL\u0130K, G\u0130RNE<\/span>\n\t\t\t\t\t\t\t\t\t\t\t<\/a>\n\t\t\t\t\t\t\t\t\t<\/li>\n\t\t\t\t\t\t<\/ul>\n\t\t\t\t\t\t<\/div>\n\t\t\t\t<\/div>\n\t\t\t\t\t<\/div>\n\t\t<\/div>\n\t\t\t\t<div class=\"elementor-column elementor-col-50 elementor-top-column elementor-element elementor-element-46542351\" data-id=\"46542351\" data-element_type=\"column\" data-e-type=\"column\">\n\t\t\t<div class=\"elementor-widget-wrap\">\n\t\t\t\t\t\t\t<\/div>\n\t\t<\/div>\n\t\t\t\t\t<\/div>\n\t\t<\/section>\n\t\t\t\t<section class=\"elementor-section elementor-top-section elementor-element elementor-element-6afd73b4 elementor-section-boxed elementor-section-height-default elementor-section-height-default\" data-id=\"6afd73b4\" data-element_type=\"section\" data-e-type=\"section\">\n\t\t\t\t\t\t\t<div class=\"elementor-background-overlay\"><\/div>\n\t\t\t\t\t\t\t<div class=\"elementor-container elementor-column-gap-default\">\n\t\t\t\t\t<div class=\"elementor-column elementor-col-50 elementor-top-column elementor-element elementor-element-3341fe4 elementor-invisible\" data-id=\"3341fe4\" data-element_type=\"column\" data-e-type=\"column\" data-settings=\"{&quot;background_background&quot;:&quot;classic&quot;,&quot;animation&quot;:&quot;slideInUp&quot;}\">\n\t\t\t<div class=\"elementor-widget-wrap elementor-element-populated\">\n\t\t\t\t\t\t<div class=\"elementor-element elementor-element-3a9c69d4 elementor-widget elementor-widget-text-editor\" data-id=\"3a9c69d4\" data-element_type=\"widget\" data-e-type=\"widget\" data-widget_type=\"text-editor.default\">\n\t\t\t\t<div class=\"elementor-widget-container\">\n\t\t\t\t\t\t\t\t\t<p>Dieses exklusive Projekt im Stadtteil Zeytinlik in Kyrenia bietet einzigartigen Wohnraum mit 20 Wohnungen. Zeytinlik verbindet den historischen Charme der Stadt mit modernem Wohnen und bietet sowohl eine ruhige Umgebung als auch die Vorteile der N\u00e4he zum Stadtzentrum. Unser Projekt ist die ideale Wahl f\u00fcr alle, die einen ruhigen und nat\u00fcrlichen Lebensstil suchen. Die umliegenden Olivenb\u00e4ume sorgen f\u00fcr ein Wohnerlebnis inmitten der Natur.<\/p><p>Jede sorgf\u00e4ltig gestaltete Wohnung besticht durch ihre gro\u00dfz\u00fcgigen und luftigen Wohnr\u00e4ume. Die Wohnungen des Projekts sind in modernem Architekturstil erbaut und mit hochwertigen Materialien ausgestattet. Alle Wohnungen sind optimal ausgerichtet, um ein Maximum an Sonnenlicht zu erhalten, und verf\u00fcgen \u00fcber gro\u00dfz\u00fcgige Balkone und Terrassen mit nat\u00fcrlichem Licht.<\/p><p>Unser Projekt umfasst zahlreiche soziale Einrichtungen und Dienstleistungen, die den Bewohnern einen komfortablen und sicheren Lebensstil erm\u00f6glichen. Ein sicheres Eingangssystem, Parkpl\u00e4tze und eine gepflegte Landschaftsgestaltung sorgen f\u00fcr ein sicheres und \u00e4sthetisch ansprechendes Umfeld. Dar\u00fcber hinaus bieten die Gr\u00fcnfl\u00e4chen, Spazierwege und Erholungsbereiche innerhalb des Komplexes ein entspanntes Wohnumfeld f\u00fcr Familien und Einzelpersonen.<\/p><p>Die nat\u00fcrliche Harmonie von Zeytinlik mit der Natur macht dieses Projekt zu einer \u00e4u\u00dferst attraktiven Option sowohl f\u00fcr diejenigen, die einen ruhigen Lebensstil suchen, als auch f\u00fcr diejenigen, die eine Investitionsm\u00f6glichkeit in Betracht ziehen. Mit einfachem Zugang zu den umliegenden sozialen Einrichtungen und dem Stadtzentrum z\u00e4hlt dieses Projekt zu den renommiertesten Wohngegenden der Region.<\/p>\t\t\t\t\t\t\t\t<\/div>\n\t\t\t\t<\/div>\n\t\t\t\t\t<\/div>\n\t\t<\/div>\n\t\t\t\t<div class=\"elementor-column elementor-col-50 elementor-top-column elementor-element elementor-element-203c1988\" data-id=\"203c1988\" data-element_type=\"column\" data-e-type=\"column\">\n\t\t\t<div class=\"elementor-widget-wrap\">\n\t\t\t\t\t\t\t<\/div>\n\t\t<\/div>\n\t\t\t\t\t<\/div>\n\t\t<\/section>\n\t\t\t\t<section class=\"elementor-section elementor-top-section elementor-element elementor-element-3407fd4e elementor-section-full_width elementor-section-height-default elementor-section-height-default\" data-id=\"3407fd4e\" data-element_type=\"section\" data-e-type=\"section\">\n\t\t\t\t\t\t<div class=\"elementor-container elementor-column-gap-default\">\n\t\t\t\t\t<div class=\"elementor-column elementor-col-100 elementor-top-column elementor-element elementor-element-fc37787\" data-id=\"fc37787\" data-element_type=\"column\" data-e-type=\"column\">\n\t\t\t<div class=\"elementor-widget-wrap elementor-element-populated\">\n\t\t\t\t\t\t<div class=\"elementor-element elementor-element-630181aa gallery-spacing-custom elementor-widget elementor-widget-image-gallery\" data-id=\"630181aa\" data-element_type=\"widget\" data-e-type=\"widget\" data-widget_type=\"image-gallery.default\">\n\t\t\t\t<div class=\"elementor-widget-container\">\n\t\t\t\t\t\t\t<div class=\"elementor-image-gallery\">\n\t\t\t<div id='gallery-1' class='gallery galleryid-7335 gallery-columns-3 gallery-size-full'><figure class='gallery-item'>\n\t\t\t<div class='gallery-icon landscape'>\n\t\t\t\t<a data-elementor-open-lightbox=\"yes\" data-elementor-lightbox-slideshow=\"630181aa\" data-elementor-lightbox-title=\"Yeni Proje - 2024-09-05T223931.997\" data-e-action-hash=\"#elementor-action%3Aaction%3Dlightbox%26settings%3DeyJpZCI6MjQ3OSwidXJsIjoiaHR0cHM6XC9cL2VtdGFuY29ucy5jb21cL3dwLWNvbnRlbnRcL3VwbG9hZHNcLzIwMjRcLzA5XC9ZZW5pLVByb2plLTIwMjQtMDktMDVUMjIzOTMxLjk5Ny5qcGciLCJzbGlkZXNob3ciOiI2MzAxODFhYSJ9\" href='https:\/\/emtancons.com\/wp-content\/uploads\/2024\/09\/Yeni-Proje-2024-09-05T223931.997.jpg'><img fetchpriority=\"high\" decoding=\"async\" width=\"1000\" height=\"667\" src=\"https:\/\/emtancons.com\/wp-content\/uploads\/2024\/09\/Yeni-Proje-2024-09-05T223931.997.jpg\" class=\"attachment-full size-full\" alt=\"\" srcset=\"https:\/\/emtancons.com\/wp-content\/uploads\/2024\/09\/Yeni-Proje-2024-09-05T223931.997.jpg 1000w, https:\/\/emtancons.com\/wp-content\/uploads\/2024\/09\/Yeni-Proje-2024-09-05T223931.997-300x200.jpg 300w, https:\/\/emtancons.com\/wp-content\/uploads\/2024\/09\/Yeni-Proje-2024-09-05T223931.997-768x512.jpg 768w, https:\/\/emtancons.com\/wp-content\/uploads\/2024\/09\/Yeni-Proje-2024-09-05T223931.997-350x233.jpg 350w, https:\/\/emtancons.com\/wp-content\/uploads\/2024\/09\/Yeni-Proje-2024-09-05T223931.997-370x247.jpg 370w, https:\/\/emtancons.com\/wp-content\/uploads\/2024\/09\/Yeni-Proje-2024-09-05T223931.997-255x170.jpg 255w, https:\/\/emtancons.com\/wp-content\/uploads\/2024\/09\/Yeni-Proje-2024-09-05T223931.997-285x190.jpg 285w, https:\/\/emtancons.com\/wp-content\/uploads\/2024\/09\/Yeni-Proje-2024-09-05T223931.997-600x400.jpg 600w, https:\/\/emtancons.com\/wp-content\/uploads\/2024\/09\/Yeni-Proje-2024-09-05T223931.997-560x374.jpg 560w\" sizes=\"(max-width: 1000px) 100vw, 1000px\" \/><\/a>\n\t\t\t<\/div><\/figure><figure class='gallery-item'>\n\t\t\t<div class='gallery-icon landscape'>\n\t\t\t\t<a data-elementor-open-lightbox=\"yes\" data-elementor-lightbox-slideshow=\"630181aa\" data-elementor-lightbox-title=\"Yeni Proje - 2024-09-05T224042.533\" data-e-action-hash=\"#elementor-action%3Aaction%3Dlightbox%26settings%3DeyJpZCI6MjQ3OCwidXJsIjoiaHR0cHM6XC9cL2VtdGFuY29ucy5jb21cL3dwLWNvbnRlbnRcL3VwbG9hZHNcLzIwMjRcLzA5XC9ZZW5pLVByb2plLTIwMjQtMDktMDVUMjI0MDQyLjUzMy5qcGciLCJzbGlkZXNob3ciOiI2MzAxODFhYSJ9\" href='https:\/\/emtancons.com\/wp-content\/uploads\/2024\/09\/Yeni-Proje-2024-09-05T224042.533.jpg'><img decoding=\"async\" width=\"1000\" height=\"667\" src=\"https:\/\/emtancons.com\/wp-content\/uploads\/2024\/09\/Yeni-Proje-2024-09-05T224042.533.jpg\" class=\"attachment-full size-full\" alt=\"\" srcset=\"https:\/\/emtancons.com\/wp-content\/uploads\/2024\/09\/Yeni-Proje-2024-09-05T224042.533.jpg 1000w, https:\/\/emtancons.com\/wp-content\/uploads\/2024\/09\/Yeni-Proje-2024-09-05T224042.533-300x200.jpg 300w, https:\/\/emtancons.com\/wp-content\/uploads\/2024\/09\/Yeni-Proje-2024-09-05T224042.533-768x512.jpg 768w, https:\/\/emtancons.com\/wp-content\/uploads\/2024\/09\/Yeni-Proje-2024-09-05T224042.533-350x233.jpg 350w, https:\/\/emtancons.com\/wp-content\/uploads\/2024\/09\/Yeni-Proje-2024-09-05T224042.533-370x247.jpg 370w, https:\/\/emtancons.com\/wp-content\/uploads\/2024\/09\/Yeni-Proje-2024-09-05T224042.533-255x170.jpg 255w, https:\/\/emtancons.com\/wp-content\/uploads\/2024\/09\/Yeni-Proje-2024-09-05T224042.533-285x190.jpg 285w, https:\/\/emtancons.com\/wp-content\/uploads\/2024\/09\/Yeni-Proje-2024-09-05T224042.533-600x400.jpg 600w, https:\/\/emtancons.com\/wp-content\/uploads\/2024\/09\/Yeni-Proje-2024-09-05T224042.533-560x374.jpg 560w\" sizes=\"(max-width: 1000px) 100vw, 1000px\" \/><\/a>\n\t\t\t<\/div><\/figure>\n\t\t<\/div>\n\t\t<\/div>\n\t\t\t\t\t\t<\/div>\n\t\t\t\t<\/div>\n\t\t\t\t\t<\/div>\n\t\t<\/div>\n\t\t\t\t\t<\/div>\n\t\t<\/section>\n\t\t\t\t<\/div>\n\t\t","protected":false},"excerpt":{"rendered":"<p>Details zum Projekt Emtan 11 ZEYT\u0130NL\u0130K, G\u0130RNE Dieses exklusive Projekt im Stadtteil Zeytinlik in Kyrenia bietet einzigartigen Wohnraum mit 20 Wohnungen. Zeytinlik verbindet den historischen Charme der Stadt mit modernem Wohnen und bietet sowohl eine ruhige Umgebung als auch die Vorteile der N\u00e4he zum Stadtzentrum. Unser Projekt ist die ideale Wahl f\u00fcr alle, die einen [&hellip;]<\/p>\n","protected":false},"author":1,"featured_media":0,"parent":0,"menu_order":0,"comment_status":"closed","ping_status":"closed","template":"elementor_header_footer","meta":{"footnotes":""},"class_list":["post-7335","page","type-page","status-publish","hentry"],"yoast_head":"<!-- This site is optimized with the Yoast SEO plugin v27.1.1 - https:\/\/yoast.com\/product\/yoast-seo-wordpress\/ -->\n<title>Emtan 11 - Emtan Construction<\/title>\n<meta name=\"robots\" content=\"index, follow, max-snippet:-1, max-image-preview:large, max-video-preview:-1\" \/>\n<link rel=\"canonical\" href=\"https:\/\/emtancons.com\/de\/emtan-11\/\" \/>\n<meta property=\"og:locale\" content=\"de_DE\" \/>\n<meta property=\"og:type\" content=\"article\" \/>\n<meta property=\"og:title\" content=\"Emtan 11 - Emtan Construction\" \/>\n<meta property=\"og:description\" content=\"Details zum Projekt Emtan 11 ZEYT\u0130NL\u0130K, G\u0130RNE Dieses exklusive Projekt im Stadtteil Zeytinlik in Kyrenia bietet einzigartigen Wohnraum mit 20 Wohnungen. Zeytinlik verbindet den historischen Charme der Stadt mit modernem Wohnen und bietet sowohl eine ruhige Umgebung als auch die Vorteile der N\u00e4he zum Stadtzentrum. Unser Projekt ist die ideale Wahl f\u00fcr alle, die einen [&hellip;]\" \/>\n<meta property=\"og:url\" content=\"https:\/\/emtancons.com\/de\/emtan-11\/\" \/>\n<meta property=\"og:site_name\" content=\"Emtan Construction\" \/>\n<meta property=\"article:modified_time\" content=\"2025-09-26T14:37:37+00:00\" \/>\n<meta property=\"og:image\" content=\"https:\/\/emtancons.com\/wp-content\/uploads\/2024\/09\/Yeni-Proje-2024-09-05T223931.997.jpg\" \/>\n<meta name=\"twitter:card\" content=\"summary_large_image\" \/>\n<meta name=\"twitter:label1\" content=\"Gesch\u00e4tzte Lesezeit\" \/>\n\t<meta name=\"twitter:data1\" content=\"2\u00a0Minuten\" \/>\n<script type=\"application\/ld+json\" class=\"yoast-schema-graph\">{\"@context\":\"https:\/\/schema.org\",\"@graph\":[{\"@type\":\"WebPage\",\"@id\":\"https:\/\/emtancons.com\/de\/emtan-11\/\",\"url\":\"https:\/\/emtancons.com\/de\/emtan-11\/\",\"name\":\"Emtan 11 - Emtan Construction\",\"isPartOf\":{\"@id\":\"https:\/\/emtancons.com\/#website\"},\"primaryImageOfPage\":{\"@id\":\"https:\/\/emtancons.com\/de\/emtan-11\/#primaryimage\"},\"image\":{\"@id\":\"https:\/\/emtancons.com\/de\/emtan-11\/#primaryimage\"},\"thumbnailUrl\":\"https:\/\/emtancons.com\/wp-content\/uploads\/2024\/09\/Yeni-Proje-2024-09-05T223931.997.jpg\",\"datePublished\":\"2024-09-05T19:45:16+00:00\",\"dateModified\":\"2025-09-26T14:37:37+00:00\",\"breadcrumb\":{\"@id\":\"https:\/\/emtancons.com\/de\/emtan-11\/#breadcrumb\"},\"inLanguage\":\"de\",\"potentialAction\":[{\"@type\":\"ReadAction\",\"target\":[\"https:\/\/emtancons.com\/de\/emtan-11\/\"]}]},{\"@type\":\"ImageObject\",\"inLanguage\":\"de\",\"@id\":\"https:\/\/emtancons.com\/de\/emtan-11\/#primaryimage\",\"url\":\"https:\/\/emtancons.com\/wp-content\/uploads\/2024\/09\/Yeni-Proje-2024-09-05T223931.997.jpg\",\"contentUrl\":\"https:\/\/emtancons.com\/wp-content\/uploads\/2024\/09\/Yeni-Proje-2024-09-05T223931.997.jpg\"},{\"@type\":\"BreadcrumbList\",\"@id\":\"https:\/\/emtancons.com\/de\/emtan-11\/#breadcrumb\",\"itemListElement\":[{\"@type\":\"ListItem\",\"position\":1,\"name\":\"Anasayfa\",\"item\":\"https:\/\/emtancons.com\/\"},{\"@type\":\"ListItem\",\"position\":2,\"name\":\"Emtan 11\"}]},{\"@type\":\"WebSite\",\"@id\":\"https:\/\/emtancons.com\/#website\",\"url\":\"https:\/\/emtancons.com\/\",\"name\":\"Emtan Construction\",\"description\":\"\",\"potentialAction\":[{\"@type\":\"SearchAction\",\"target\":{\"@type\":\"EntryPoint\",\"urlTemplate\":\"https:\/\/emtancons.com\/?s={search_term_string}\"},\"query-input\":{\"@type\":\"PropertyValueSpecification\",\"valueRequired\":true,\"valueName\":\"search_term_string\"}}],\"inLanguage\":\"de\"}]}<\/script>\n<!-- \/ Yoast SEO plugin. -->","yoast_head_json":{"title":"Emtan 11 - Emtan Construction","robots":{"index":"index","follow":"follow","max-snippet":"max-snippet:-1","max-image-preview":"max-image-preview:large","max-video-preview":"max-video-preview:-1"},"canonical":"https:\/\/emtancons.com\/de\/emtan-11\/","og_locale":"de_DE","og_type":"article","og_title":"Emtan 11 - Emtan Construction","og_description":"Details zum Projekt Emtan 11 ZEYT\u0130NL\u0130K, G\u0130RNE Dieses exklusive Projekt im Stadtteil Zeytinlik in Kyrenia bietet einzigartigen Wohnraum mit 20 Wohnungen. Zeytinlik verbindet den historischen Charme der Stadt mit modernem Wohnen und bietet sowohl eine ruhige Umgebung als auch die Vorteile der N\u00e4he zum Stadtzentrum. Unser Projekt ist die ideale Wahl f\u00fcr alle, die einen [&hellip;]","og_url":"https:\/\/emtancons.com\/de\/emtan-11\/","og_site_name":"Emtan Construction","article_modified_time":"2025-09-26T14:37:37+00:00","og_image":[{"url":"https:\/\/emtancons.com\/wp-content\/uploads\/2024\/09\/Yeni-Proje-2024-09-05T223931.997.jpg","type":"","width":"","height":""}],"twitter_card":"summary_large_image","twitter_misc":{"Gesch\u00e4tzte Lesezeit":"2\u00a0Minuten"},"schema":{"@context":"https:\/\/schema.org","@graph":[{"@type":"WebPage","@id":"https:\/\/emtancons.com\/de\/emtan-11\/","url":"https:\/\/emtancons.com\/de\/emtan-11\/","name":"Emtan 11 - Emtan Construction","isPartOf":{"@id":"https:\/\/emtancons.com\/#website"},"primaryImageOfPage":{"@id":"https:\/\/emtancons.com\/de\/emtan-11\/#primaryimage"},"image":{"@id":"https:\/\/emtancons.com\/de\/emtan-11\/#primaryimage"},"thumbnailUrl":"https:\/\/emtancons.com\/wp-content\/uploads\/2024\/09\/Yeni-Proje-2024-09-05T223931.997.jpg","datePublished":"2024-09-05T19:45:16+00:00","dateModified":"2025-09-26T14:37:37+00:00","breadcrumb":{"@id":"https:\/\/emtancons.com\/de\/emtan-11\/#breadcrumb"},"inLanguage":"de","potentialAction":[{"@type":"ReadAction","target":["https:\/\/emtancons.com\/de\/emtan-11\/"]}]},{"@type":"ImageObject","inLanguage":"de","@id":"https:\/\/emtancons.com\/de\/emtan-11\/#primaryimage","url":"https:\/\/emtancons.com\/wp-content\/uploads\/2024\/09\/Yeni-Proje-2024-09-05T223931.997.jpg","contentUrl":"https:\/\/emtancons.com\/wp-content\/uploads\/2024\/09\/Yeni-Proje-2024-09-05T223931.997.jpg"},{"@type":"BreadcrumbList","@id":"https:\/\/emtancons.com\/de\/emtan-11\/#breadcrumb","itemListElement":[{"@type":"ListItem","position":1,"name":"Anasayfa","item":"https:\/\/emtancons.com\/"},{"@type":"ListItem","position":2,"name":"Emtan 11"}]},{"@type":"WebSite","@id":"https:\/\/emtancons.com\/#website","url":"https:\/\/emtancons.com\/","name":"Emtan Construction","description":"","potentialAction":[{"@type":"SearchAction","target":{"@type":"EntryPoint","urlTemplate":"https:\/\/emtancons.com\/?s={search_term_string}"},"query-input":{"@type":"PropertyValueSpecification","valueRequired":true,"valueName":"search_term_string"}}],"inLanguage":"de"}]}},"_links":{"self":[{"href":"https:\/\/emtancons.com\/de\/wp-json\/wp\/v2\/pages\/7335","targetHints":{"allow":["GET"]}}],"collection":[{"href":"https:\/\/emtancons.com\/de\/wp-json\/wp\/v2\/pages"}],"about":[{"href":"https:\/\/emtancons.com\/de\/wp-json\/wp\/v2\/types\/page"}],"author":[{"embeddable":true,"href":"https:\/\/emtancons.com\/de\/wp-json\/wp\/v2\/users\/1"}],"replies":[{"embeddable":true,"href":"https:\/\/emtancons.com\/de\/wp-json\/wp\/v2\/comments?post=7335"}],"version-history":[{"count":10,"href":"https:\/\/emtancons.com\/de\/wp-json\/wp\/v2\/pages\/7335\/revisions"}],"predecessor-version":[{"id":9060,"href":"https:\/\/emtancons.com\/de\/wp-json\/wp\/v2\/pages\/7335\/revisions\/9060"}],"wp:attachment":[{"href":"https:\/\/emtancons.com\/de\/wp-json\/wp\/v2\/media?parent=7335"}],"curies":[{"name":"wp","href":"https:\/\/api.w.org\/{rel}","templated":true}]}}