{"id":7324,"date":"2024-09-05T22:37:36","date_gmt":"2024-09-05T19:37:36","guid":{"rendered":"https:\/\/emtancons.com\/emtan-1-2-3\/"},"modified":"2025-09-26T17:37:02","modified_gmt":"2025-09-26T14:37:02","slug":"emtan-1-2-3","status":"publish","type":"page","link":"https:\/\/emtancons.com\/de\/emtan-1-2-3\/","title":{"rendered":"Emtan 1-2-3"},"content":{"rendered":"\t\t<div data-elementor-type=\"wp-page\" data-elementor-id=\"7324\" class=\"elementor elementor-7324 elementor-2306\" data-elementor-post-type=\"page\">\n\t\t\t\t\t\t<section class=\"elementor-section elementor-top-section elementor-element elementor-element-1279d7 elementor-section-content-middle elementor-section-boxed elementor-section-height-default elementor-section-height-default\" data-id=\"1279d7\" data-element_type=\"section\" data-e-type=\"section\" data-settings=\"{&quot;background_background&quot;:&quot;classic&quot;}\">\n\t\t\t\t\t\t\t<div class=\"elementor-background-overlay\"><\/div>\n\t\t\t\t\t\t\t<div class=\"elementor-container elementor-column-gap-default\">\n\t\t\t\t\t<div class=\"elementor-column elementor-col-50 elementor-top-column elementor-element elementor-element-1fb94abd\" data-id=\"1fb94abd\" data-element_type=\"column\" data-e-type=\"column\">\n\t\t\t<div class=\"elementor-widget-wrap elementor-element-populated\">\n\t\t\t\t\t\t<div class=\"elementor-element elementor-element-30d37661 elementor-widget elementor-widget-heading\" data-id=\"30d37661\" data-element_type=\"widget\" data-e-type=\"widget\" data-widget_type=\"heading.default\">\n\t\t\t\t<div class=\"elementor-widget-container\">\n\t\t\t\t\t<p class=\"elementor-heading-title elementor-size-default\">Details zum Projekt<\/p>\t\t\t\t<\/div>\n\t\t\t\t<\/div>\n\t\t\t\t<div class=\"elementor-element elementor-element-cf862f5 elementor-invisible elementor-widget elementor-widget-heading\" data-id=\"cf862f5\" data-element_type=\"widget\" data-e-type=\"widget\" data-settings=\"{&quot;_animation&quot;:&quot;fadeInUp&quot;}\" data-widget_type=\"heading.default\">\n\t\t\t\t<div class=\"elementor-widget-container\">\n\t\t\t\t\t<h1 class=\"elementor-heading-title elementor-size-default\">Emtan 1-2-3\n<\/h1>\t\t\t\t<\/div>\n\t\t\t\t<\/div>\n\t\t\t\t<div class=\"elementor-element elementor-element-4bb23652 elementor-icon-list--layout-inline elementor-list-item-link-full_width elementor-widget elementor-widget-icon-list\" data-id=\"4bb23652\" data-element_type=\"widget\" data-e-type=\"widget\" data-widget_type=\"icon-list.default\">\n\t\t\t\t<div class=\"elementor-widget-container\">\n\t\t\t\t\t\t\t<ul class=\"elementor-icon-list-items elementor-inline-items\">\n\t\t\t\t\t\t\t<li class=\"elementor-icon-list-item elementor-inline-item\">\n\t\t\t\t\t\t\t\t\t\t\t<a href=\"#\">\n\n\t\t\t\t\t\t\t\t\t\t\t\t<span class=\"elementor-icon-list-icon\">\n\t\t\t\t\t\t\t<i aria-hidden=\"true\" class=\"fas fa-arrow-right\"><\/i>\t\t\t\t\t\t<\/span>\n\t\t\t\t\t\t\t\t\t\t<span class=\"elementor-icon-list-text\">G\u0130RNE CENTER, G\u0130RNE<\/span>\n\t\t\t\t\t\t\t\t\t\t\t<\/a>\n\t\t\t\t\t\t\t\t\t<\/li>\n\t\t\t\t\t\t<\/ul>\n\t\t\t\t\t\t<\/div>\n\t\t\t\t<\/div>\n\t\t\t\t\t<\/div>\n\t\t<\/div>\n\t\t\t\t<div class=\"elementor-column elementor-col-50 elementor-top-column elementor-element elementor-element-33382499\" data-id=\"33382499\" data-element_type=\"column\" data-e-type=\"column\">\n\t\t\t<div class=\"elementor-widget-wrap\">\n\t\t\t\t\t\t\t<\/div>\n\t\t<\/div>\n\t\t\t\t\t<\/div>\n\t\t<\/section>\n\t\t\t\t<section class=\"elementor-section elementor-top-section elementor-element elementor-element-6d807368 elementor-section-boxed elementor-section-height-default elementor-section-height-default\" data-id=\"6d807368\" data-element_type=\"section\" data-e-type=\"section\">\n\t\t\t\t\t\t\t<div class=\"elementor-background-overlay\"><\/div>\n\t\t\t\t\t\t\t<div class=\"elementor-container elementor-column-gap-default\">\n\t\t\t\t\t<div class=\"elementor-column elementor-col-50 elementor-top-column elementor-element elementor-element-25754691 elementor-invisible\" data-id=\"25754691\" data-element_type=\"column\" data-e-type=\"column\" data-settings=\"{&quot;background_background&quot;:&quot;classic&quot;,&quot;animation&quot;:&quot;slideInUp&quot;}\">\n\t\t\t<div class=\"elementor-widget-wrap elementor-element-populated\">\n\t\t\t\t\t\t<div class=\"elementor-element elementor-element-551ddd2a elementor-widget elementor-widget-text-editor\" data-id=\"551ddd2a\" data-element_type=\"widget\" data-e-type=\"widget\" data-widget_type=\"text-editor.default\">\n\t\t\t\t<div class=\"elementor-widget-container\">\n\t\t\t\t\t\t\t\t\t<p>Dieses Projekt liegt im Herzen von Kyrenia in der Mete-Adan\u0131r-Stra\u00dfe, einer der angesehensten und lebendigsten Gegenden Nordzyperns. Es umfasst 27 Wohnungen und neun Gesch\u00e4fte. Es bietet ein bemerkenswertes Wohn- und Gesch\u00e4ftszentrum mit Wohn- und Gesch\u00e4ftsfl\u00e4chen. Die Wohnungen bieten mit ihrer modernen Architektur und gro\u00dfz\u00fcgigen Innenr\u00e4umen ein hochwertiges Wohnerlebnis, w\u00e4hrend die Gesch\u00e4fte strategisch g\u00fcnstig f\u00fcr gewerbliche Aktivit\u00e4ten gelegen sind.<\/p><p>Die Mete-Adan\u0131r-Stra\u00dfe ist zentral in Kyrenia gelegen, nur wenige Gehminuten von den beliebtesten Caf\u00e9s, Restaurants und Gesch\u00e4ften der Stadt entfernt. Die N\u00e4he zu Strand und Hafen macht dieses Projekt auch f\u00fcr Meeresliebhaber attraktiv. Jede Wohnung ist auf maximales Tageslicht ausgelegt und bietet gro\u00dfz\u00fcgige Balkone und einen Panoramablick auf die Stadt, der die Sch\u00f6nheit Kyrenias unterstreicht. Dar\u00fcber hinaus vereinen die mit hochwertigen Materialien erbauten Innenr\u00e4ume Komfort und Eleganz.<\/p><p>Die Gewerbefl\u00e4chen des Projekts befinden sich an einem Standort mit gro\u00dfem Kundenpotenzial und bieten Ladenbesitzern eine einzigartige Investitionsm\u00f6glichkeit. Der hohe Fu\u00dfg\u00e4nger- und Autoverkehr in der Gegend erm\u00f6glicht es den Unternehmen, t\u00e4glich eine gro\u00dfe Anzahl von Kunden anzuziehen.<\/p><p>Dieses Projekt ist eine ideale Option f\u00fcr alle, die einen repr\u00e4sentativen Wohn- und Gesch\u00e4ftsraum im Herzen von Kyrenia suchen.<\/p>\t\t\t\t\t\t\t\t<\/div>\n\t\t\t\t<\/div>\n\t\t\t\t\t<\/div>\n\t\t<\/div>\n\t\t\t\t<div class=\"elementor-column elementor-col-50 elementor-top-column elementor-element elementor-element-1626ea80\" data-id=\"1626ea80\" data-element_type=\"column\" data-e-type=\"column\">\n\t\t\t<div class=\"elementor-widget-wrap\">\n\t\t\t\t\t\t\t<\/div>\n\t\t<\/div>\n\t\t\t\t\t<\/div>\n\t\t<\/section>\n\t\t\t\t<section class=\"elementor-section elementor-top-section elementor-element elementor-element-3f9b7520 elementor-section-full_width elementor-section-height-default elementor-section-height-default\" data-id=\"3f9b7520\" data-element_type=\"section\" data-e-type=\"section\">\n\t\t\t\t\t\t<div class=\"elementor-container elementor-column-gap-default\">\n\t\t\t\t\t<div class=\"elementor-column elementor-col-100 elementor-top-column elementor-element elementor-element-277836d9\" data-id=\"277836d9\" data-element_type=\"column\" data-e-type=\"column\">\n\t\t\t<div class=\"elementor-widget-wrap elementor-element-populated\">\n\t\t\t\t\t\t<div class=\"elementor-element elementor-element-2b1ee9de gallery-spacing-custom elementor-widget elementor-widget-image-gallery\" data-id=\"2b1ee9de\" data-element_type=\"widget\" data-e-type=\"widget\" data-widget_type=\"image-gallery.default\">\n\t\t\t\t<div class=\"elementor-widget-container\">\n\t\t\t\t\t\t\t<div class=\"elementor-image-gallery\">\n\t\t\t<div id='gallery-1' class='gallery galleryid-7324 gallery-columns-3 gallery-size-full'><figure class='gallery-item'>\n\t\t\t<div class='gallery-icon landscape'>\n\t\t\t\t<a data-elementor-open-lightbox=\"yes\" data-elementor-lightbox-slideshow=\"2b1ee9de\" data-elementor-lightbox-title=\"image - 2024-09-05T223450.048\" data-e-action-hash=\"#elementor-action%3Aaction%3Dlightbox%26settings%3DeyJpZCI6NzMyNSwidXJsIjoiaHR0cHM6XC9cL2VtdGFuY29ucy5jb21cL3dwLWNvbnRlbnRcL3VwbG9hZHNcLzIwMjRcLzA5XC9pbWFnZS0yMDI0LTA5LTA1VDIyMzQ1MC4wNDguanBnIiwic2xpZGVzaG93IjoiMmIxZWU5ZGUifQ%3D%3D\" href='https:\/\/emtancons.com\/wp-content\/uploads\/2024\/09\/image-2024-09-05T223450.048.jpg'><img fetchpriority=\"high\" decoding=\"async\" width=\"1000\" height=\"666\" src=\"https:\/\/emtancons.com\/wp-content\/uploads\/2024\/09\/image-2024-09-05T223450.048.jpg\" class=\"attachment-full size-full\" alt=\"\" srcset=\"https:\/\/emtancons.com\/wp-content\/uploads\/2024\/09\/image-2024-09-05T223450.048.jpg 1000w, https:\/\/emtancons.com\/wp-content\/uploads\/2024\/09\/image-2024-09-05T223450.048-300x200.jpg 300w, https:\/\/emtancons.com\/wp-content\/uploads\/2024\/09\/image-2024-09-05T223450.048-768x511.jpg 768w, https:\/\/emtancons.com\/wp-content\/uploads\/2024\/09\/image-2024-09-05T223450.048-350x233.jpg 350w, https:\/\/emtancons.com\/wp-content\/uploads\/2024\/09\/image-2024-09-05T223450.048-370x246.jpg 370w, https:\/\/emtancons.com\/wp-content\/uploads\/2024\/09\/image-2024-09-05T223450.048-255x170.jpg 255w, https:\/\/emtancons.com\/wp-content\/uploads\/2024\/09\/image-2024-09-05T223450.048-285x190.jpg 285w, https:\/\/emtancons.com\/wp-content\/uploads\/2024\/09\/image-2024-09-05T223450.048-600x400.jpg 600w, https:\/\/emtancons.com\/wp-content\/uploads\/2024\/09\/image-2024-09-05T223450.048-560x373.jpg 560w\" sizes=\"(max-width: 1000px) 100vw, 1000px\" \/><\/a>\n\t\t\t<\/div><\/figure>\n\t\t<\/div>\n\t\t<\/div>\n\t\t\t\t\t\t<\/div>\n\t\t\t\t<\/div>\n\t\t\t\t\t<\/div>\n\t\t<\/div>\n\t\t\t\t\t<\/div>\n\t\t<\/section>\n\t\t\t\t<\/div>\n\t\t","protected":false},"excerpt":{"rendered":"<p>Details zum Projekt Emtan 1-2-3 G\u0130RNE CENTER, G\u0130RNE Dieses Projekt liegt im Herzen von Kyrenia in der Mete-Adan\u0131r-Stra\u00dfe, einer der angesehensten und lebendigsten Gegenden Nordzyperns. Es umfasst 27 Wohnungen und neun Gesch\u00e4fte. Es bietet ein bemerkenswertes Wohn- und Gesch\u00e4ftszentrum mit Wohn- und Gesch\u00e4ftsfl\u00e4chen. Die Wohnungen bieten mit ihrer modernen Architektur und gro\u00dfz\u00fcgigen Innenr\u00e4umen ein hochwertiges [&hellip;]<\/p>\n","protected":false},"author":1,"featured_media":0,"parent":0,"menu_order":0,"comment_status":"closed","ping_status":"closed","template":"elementor_header_footer","meta":{"footnotes":""},"class_list":["post-7324","page","type-page","status-publish","hentry"],"yoast_head":"<!-- This site is optimized with the Yoast SEO plugin v27.1.1 - https:\/\/yoast.com\/product\/yoast-seo-wordpress\/ -->\n<title>Emtan 1-2-3 - Emtan Construction<\/title>\n<meta name=\"robots\" content=\"index, follow, max-snippet:-1, max-image-preview:large, max-video-preview:-1\" \/>\n<link rel=\"canonical\" href=\"https:\/\/emtancons.com\/de\/emtan-1-2-3\/\" \/>\n<meta property=\"og:locale\" content=\"de_DE\" \/>\n<meta property=\"og:type\" content=\"article\" \/>\n<meta property=\"og:title\" content=\"Emtan 1-2-3 - Emtan Construction\" \/>\n<meta property=\"og:description\" content=\"Details zum Projekt Emtan 1-2-3 G\u0130RNE CENTER, G\u0130RNE Dieses Projekt liegt im Herzen von Kyrenia in der Mete-Adan\u0131r-Stra\u00dfe, einer der angesehensten und lebendigsten Gegenden Nordzyperns. Es umfasst 27 Wohnungen und neun Gesch\u00e4fte. Es bietet ein bemerkenswertes Wohn- und Gesch\u00e4ftszentrum mit Wohn- und Gesch\u00e4ftsfl\u00e4chen. Die Wohnungen bieten mit ihrer modernen Architektur und gro\u00dfz\u00fcgigen Innenr\u00e4umen ein hochwertiges [&hellip;]\" \/>\n<meta property=\"og:url\" content=\"https:\/\/emtancons.com\/de\/emtan-1-2-3\/\" \/>\n<meta property=\"og:site_name\" content=\"Emtan Construction\" \/>\n<meta property=\"article:modified_time\" content=\"2025-09-26T14:37:02+00:00\" \/>\n<meta property=\"og:image\" content=\"https:\/\/emtancons.com\/wp-content\/uploads\/2024\/09\/image-2024-09-05T223450.048.jpg\" \/>\n<meta name=\"twitter:card\" content=\"summary_large_image\" \/>\n<meta name=\"twitter:label1\" content=\"Gesch\u00e4tzte Lesezeit\" \/>\n\t<meta name=\"twitter:data1\" content=\"2\u00a0Minuten\" \/>\n<script type=\"application\/ld+json\" class=\"yoast-schema-graph\">{\"@context\":\"https:\/\/schema.org\",\"@graph\":[{\"@type\":\"WebPage\",\"@id\":\"https:\/\/emtancons.com\/de\/emtan-1-2-3\/\",\"url\":\"https:\/\/emtancons.com\/de\/emtan-1-2-3\/\",\"name\":\"Emtan 1-2-3 - Emtan Construction\",\"isPartOf\":{\"@id\":\"https:\/\/emtancons.com\/#website\"},\"primaryImageOfPage\":{\"@id\":\"https:\/\/emtancons.com\/de\/emtan-1-2-3\/#primaryimage\"},\"image\":{\"@id\":\"https:\/\/emtancons.com\/de\/emtan-1-2-3\/#primaryimage\"},\"thumbnailUrl\":\"https:\/\/emtancons.com\/wp-content\/uploads\/2024\/09\/image-2024-09-05T223450.048.jpg\",\"datePublished\":\"2024-09-05T19:37:36+00:00\",\"dateModified\":\"2025-09-26T14:37:02+00:00\",\"breadcrumb\":{\"@id\":\"https:\/\/emtancons.com\/de\/emtan-1-2-3\/#breadcrumb\"},\"inLanguage\":\"de\",\"potentialAction\":[{\"@type\":\"ReadAction\",\"target\":[\"https:\/\/emtancons.com\/de\/emtan-1-2-3\/\"]}]},{\"@type\":\"ImageObject\",\"inLanguage\":\"de\",\"@id\":\"https:\/\/emtancons.com\/de\/emtan-1-2-3\/#primaryimage\",\"url\":\"https:\/\/emtancons.com\/wp-content\/uploads\/2024\/09\/image-2024-09-05T223450.048.jpg\",\"contentUrl\":\"https:\/\/emtancons.com\/wp-content\/uploads\/2024\/09\/image-2024-09-05T223450.048.jpg\"},{\"@type\":\"BreadcrumbList\",\"@id\":\"https:\/\/emtancons.com\/de\/emtan-1-2-3\/#breadcrumb\",\"itemListElement\":[{\"@type\":\"ListItem\",\"position\":1,\"name\":\"Anasayfa\",\"item\":\"https:\/\/emtancons.com\/\"},{\"@type\":\"ListItem\",\"position\":2,\"name\":\"Emtan 1-2-3\"}]},{\"@type\":\"WebSite\",\"@id\":\"https:\/\/emtancons.com\/#website\",\"url\":\"https:\/\/emtancons.com\/\",\"name\":\"Emtan Construction\",\"description\":\"\",\"potentialAction\":[{\"@type\":\"SearchAction\",\"target\":{\"@type\":\"EntryPoint\",\"urlTemplate\":\"https:\/\/emtancons.com\/?s={search_term_string}\"},\"query-input\":{\"@type\":\"PropertyValueSpecification\",\"valueRequired\":true,\"valueName\":\"search_term_string\"}}],\"inLanguage\":\"de\"}]}<\/script>\n<!-- \/ Yoast SEO plugin. -->","yoast_head_json":{"title":"Emtan 1-2-3 - Emtan Construction","robots":{"index":"index","follow":"follow","max-snippet":"max-snippet:-1","max-image-preview":"max-image-preview:large","max-video-preview":"max-video-preview:-1"},"canonical":"https:\/\/emtancons.com\/de\/emtan-1-2-3\/","og_locale":"de_DE","og_type":"article","og_title":"Emtan 1-2-3 - Emtan Construction","og_description":"Details zum Projekt Emtan 1-2-3 G\u0130RNE CENTER, G\u0130RNE Dieses Projekt liegt im Herzen von Kyrenia in der Mete-Adan\u0131r-Stra\u00dfe, einer der angesehensten und lebendigsten Gegenden Nordzyperns. Es umfasst 27 Wohnungen und neun Gesch\u00e4fte. Es bietet ein bemerkenswertes Wohn- und Gesch\u00e4ftszentrum mit Wohn- und Gesch\u00e4ftsfl\u00e4chen. Die Wohnungen bieten mit ihrer modernen Architektur und gro\u00dfz\u00fcgigen Innenr\u00e4umen ein hochwertiges [&hellip;]","og_url":"https:\/\/emtancons.com\/de\/emtan-1-2-3\/","og_site_name":"Emtan Construction","article_modified_time":"2025-09-26T14:37:02+00:00","og_image":[{"url":"https:\/\/emtancons.com\/wp-content\/uploads\/2024\/09\/image-2024-09-05T223450.048.jpg","type":"","width":"","height":""}],"twitter_card":"summary_large_image","twitter_misc":{"Gesch\u00e4tzte Lesezeit":"2\u00a0Minuten"},"schema":{"@context":"https:\/\/schema.org","@graph":[{"@type":"WebPage","@id":"https:\/\/emtancons.com\/de\/emtan-1-2-3\/","url":"https:\/\/emtancons.com\/de\/emtan-1-2-3\/","name":"Emtan 1-2-3 - Emtan Construction","isPartOf":{"@id":"https:\/\/emtancons.com\/#website"},"primaryImageOfPage":{"@id":"https:\/\/emtancons.com\/de\/emtan-1-2-3\/#primaryimage"},"image":{"@id":"https:\/\/emtancons.com\/de\/emtan-1-2-3\/#primaryimage"},"thumbnailUrl":"https:\/\/emtancons.com\/wp-content\/uploads\/2024\/09\/image-2024-09-05T223450.048.jpg","datePublished":"2024-09-05T19:37:36+00:00","dateModified":"2025-09-26T14:37:02+00:00","breadcrumb":{"@id":"https:\/\/emtancons.com\/de\/emtan-1-2-3\/#breadcrumb"},"inLanguage":"de","potentialAction":[{"@type":"ReadAction","target":["https:\/\/emtancons.com\/de\/emtan-1-2-3\/"]}]},{"@type":"ImageObject","inLanguage":"de","@id":"https:\/\/emtancons.com\/de\/emtan-1-2-3\/#primaryimage","url":"https:\/\/emtancons.com\/wp-content\/uploads\/2024\/09\/image-2024-09-05T223450.048.jpg","contentUrl":"https:\/\/emtancons.com\/wp-content\/uploads\/2024\/09\/image-2024-09-05T223450.048.jpg"},{"@type":"BreadcrumbList","@id":"https:\/\/emtancons.com\/de\/emtan-1-2-3\/#breadcrumb","itemListElement":[{"@type":"ListItem","position":1,"name":"Anasayfa","item":"https:\/\/emtancons.com\/"},{"@type":"ListItem","position":2,"name":"Emtan 1-2-3"}]},{"@type":"WebSite","@id":"https:\/\/emtancons.com\/#website","url":"https:\/\/emtancons.com\/","name":"Emtan Construction","description":"","potentialAction":[{"@type":"SearchAction","target":{"@type":"EntryPoint","urlTemplate":"https:\/\/emtancons.com\/?s={search_term_string}"},"query-input":{"@type":"PropertyValueSpecification","valueRequired":true,"valueName":"search_term_string"}}],"inLanguage":"de"}]}},"_links":{"self":[{"href":"https:\/\/emtancons.com\/de\/wp-json\/wp\/v2\/pages\/7324","targetHints":{"allow":["GET"]}}],"collection":[{"href":"https:\/\/emtancons.com\/de\/wp-json\/wp\/v2\/pages"}],"about":[{"href":"https:\/\/emtancons.com\/de\/wp-json\/wp\/v2\/types\/page"}],"author":[{"embeddable":true,"href":"https:\/\/emtancons.com\/de\/wp-json\/wp\/v2\/users\/1"}],"replies":[{"embeddable":true,"href":"https:\/\/emtancons.com\/de\/wp-json\/wp\/v2\/comments?post=7324"}],"version-history":[{"count":10,"href":"https:\/\/emtancons.com\/de\/wp-json\/wp\/v2\/pages\/7324\/revisions"}],"predecessor-version":[{"id":9054,"href":"https:\/\/emtancons.com\/de\/wp-json\/wp\/v2\/pages\/7324\/revisions\/9054"}],"wp:attachment":[{"href":"https:\/\/emtancons.com\/de\/wp-json\/wp\/v2\/media?parent=7324"}],"curies":[{"name":"wp","href":"https:\/\/api.w.org\/{rel}","templated":true}]}}