{"id":7316,"date":"2024-09-05T22:52:47","date_gmt":"2024-09-05T19:52:47","guid":{"rendered":"https:\/\/emtancons.com\/emtan-1-housing-estate\/"},"modified":"2025-10-24T12:25:13","modified_gmt":"2025-10-24T09:25:13","slug":"emtan-1-wohnsiedlung","status":"publish","type":"page","link":"https:\/\/emtancons.com\/de\/emtan-1-wohnsiedlung\/","title":{"rendered":"Emtan 1 Wohnsiedlung"},"content":{"rendered":"\t\t<div data-elementor-type=\"wp-page\" data-elementor-id=\"7316\" class=\"elementor elementor-7316 elementor-2310\" data-elementor-post-type=\"page\">\n\t\t\t\t\t\t<section class=\"elementor-section elementor-top-section elementor-element elementor-element-ed99c52 elementor-section-content-middle elementor-section-boxed elementor-section-height-default elementor-section-height-default\" data-id=\"ed99c52\" data-element_type=\"section\" data-e-type=\"section\" data-settings=\"{&quot;background_background&quot;:&quot;classic&quot;}\">\n\t\t\t\t\t\t\t<div class=\"elementor-background-overlay\"><\/div>\n\t\t\t\t\t\t\t<div class=\"elementor-container elementor-column-gap-default\">\n\t\t\t\t\t<div class=\"elementor-column elementor-col-50 elementor-top-column elementor-element elementor-element-6b380086\" data-id=\"6b380086\" data-element_type=\"column\" data-e-type=\"column\">\n\t\t\t<div class=\"elementor-widget-wrap elementor-element-populated\">\n\t\t\t\t\t\t<div class=\"elementor-element elementor-element-2a54d934 elementor-widget elementor-widget-heading\" data-id=\"2a54d934\" data-element_type=\"widget\" data-e-type=\"widget\" data-widget_type=\"heading.default\">\n\t\t\t\t<div class=\"elementor-widget-container\">\n\t\t\t\t\t<h2 class=\"elementor-heading-title elementor-size-default\">Details zum Projekt<\/h2>\t\t\t\t<\/div>\n\t\t\t\t<\/div>\n\t\t\t\t<div class=\"elementor-element elementor-element-3aff520b elementor-invisible elementor-widget elementor-widget-heading\" data-id=\"3aff520b\" data-element_type=\"widget\" data-e-type=\"widget\" data-settings=\"{&quot;_animation&quot;:&quot;fadeInUp&quot;}\" data-widget_type=\"heading.default\">\n\t\t\t\t<div class=\"elementor-widget-container\">\n\t\t\t\t\t<h2 class=\"elementor-heading-title elementor-size-default\">Emtan 1 Wohnsiedlung<\/h2>\t\t\t\t<\/div>\n\t\t\t\t<\/div>\n\t\t\t\t<div class=\"elementor-element elementor-element-1fa34d59 elementor-icon-list--layout-inline elementor-list-item-link-full_width elementor-widget elementor-widget-icon-list\" data-id=\"1fa34d59\" data-element_type=\"widget\" data-e-type=\"widget\" data-widget_type=\"icon-list.default\">\n\t\t\t\t<div class=\"elementor-widget-container\">\n\t\t\t\t\t\t\t<ul class=\"elementor-icon-list-items elementor-inline-items\">\n\t\t\t\t\t\t\t<li class=\"elementor-icon-list-item elementor-inline-item\">\n\t\t\t\t\t\t\t\t\t\t\t<a href=\"#\">\n\n\t\t\t\t\t\t\t\t\t\t\t\t<span class=\"elementor-icon-list-icon\">\n\t\t\t\t\t\t\t<i aria-hidden=\"true\" class=\"fas fa-arrow-right\"><\/i>\t\t\t\t\t\t<\/span>\n\t\t\t\t\t\t\t\t\t\t<span class=\"elementor-icon-list-text\">FORKALKOY, GUINEA<\/span>\n\t\t\t\t\t\t\t\t\t\t\t<\/a>\n\t\t\t\t\t\t\t\t\t<\/li>\n\t\t\t\t\t\t<\/ul>\n\t\t\t\t\t\t<\/div>\n\t\t\t\t<\/div>\n\t\t\t\t\t<\/div>\n\t\t<\/div>\n\t\t\t\t<div class=\"elementor-column elementor-col-50 elementor-top-column elementor-element elementor-element-86942eb\" data-id=\"86942eb\" data-element_type=\"column\" data-e-type=\"column\">\n\t\t\t<div class=\"elementor-widget-wrap\">\n\t\t\t\t\t\t\t<\/div>\n\t\t<\/div>\n\t\t\t\t\t<\/div>\n\t\t<\/section>\n\t\t\t\t<section class=\"elementor-section elementor-top-section elementor-element elementor-element-599df68c elementor-section-boxed elementor-section-height-default elementor-section-height-default\" data-id=\"599df68c\" data-element_type=\"section\" data-e-type=\"section\">\n\t\t\t\t\t\t\t<div class=\"elementor-background-overlay\"><\/div>\n\t\t\t\t\t\t\t<div class=\"elementor-container elementor-column-gap-default\">\n\t\t\t\t\t<div class=\"elementor-column elementor-col-50 elementor-top-column elementor-element elementor-element-4936feec elementor-invisible\" data-id=\"4936feec\" data-element_type=\"column\" data-e-type=\"column\" data-settings=\"{&quot;background_background&quot;:&quot;classic&quot;,&quot;animation&quot;:&quot;slideInUp&quot;}\">\n\t\t\t<div class=\"elementor-widget-wrap elementor-element-populated\">\n\t\t\t\t\t\t<div class=\"elementor-element elementor-element-b947833 elementor-widget elementor-widget-text-editor\" data-id=\"b947833\" data-element_type=\"widget\" data-e-type=\"widget\" data-widget_type=\"text-editor.default\">\n\t\t\t\t<div class=\"elementor-widget-container\">\n\t\t\t\t\t\t\t\t\t<p>Das Projekt <strong>Emtan 1 Sitesi<\/strong> ist ein Wohngebiet in der Region \u00c7atalk\u00f6y, die f\u00fcr ihre Natursch\u00f6nheiten in Nordzypern bekannt ist. Dieses besondere Projekt besteht aus insgesamt 23 Luxusvillen und besticht durch seine moderne Architektur und gro\u00dfz\u00fcgigen Wohnr\u00e4ume. Die Villen sind mit viel Liebe zum Detail gestaltet, um Familien ein komfortables und gem\u00fctliches Leben zu erm\u00f6glichen.<\/p><p>Das Projekt ist die perfekte Wahl f\u00fcr alle, die ein Leben im Einklang mit der Natur w\u00fcnschen. Jede Villa verf\u00fcgt \u00fcber gro\u00dfe G\u00e4rten, gro\u00dfz\u00fcgige Terrassen und Freifl\u00e4chen und verspricht ihren Bewohnern ein Leben voller Privatsph\u00e4re und Ruhe. Die Villen, die alle Anforderungen des modernen Lebens erf\u00fcllen, wurden so konzipiert, dass sie sich \u00e4sthetisch in die nat\u00fcrliche Struktur der Region einf\u00fcgen.<\/p><p>Die Bewohner von <strong>Emtan 1 Sitesi<\/strong> leben in einer Umgebung, in der sie sowohl die N\u00e4he zu den Annehmlichkeiten der Stadt als auch die Ruhe und Gelassenheit der Natur genie\u00dfen k\u00f6nnen. \u00c7atalk\u00f6y ist bekannt f\u00fcr seine N\u00e4he zum Meer, seine Gr\u00fcnfl\u00e4chen und seine ruhige Atmosph\u00e4re und z\u00e4hlt zu den beliebtesten Wohngegenden der Region.<\/p><p>Das Projekt wurde mit moderner Infrastruktur und hochwertigen Materialien errichtet, um ein komfortables und sicheres Leben \u00fcber viele Jahre hinweg zu erm\u00f6glichen. Details wie gro\u00dfz\u00fcgige Wohnbereiche, Badezimmer en suite, moderne K\u00fcchen und gro\u00dfe Glasfenster zeichnen die Villen aus und verleihen ihnen ein stilvolles und funktionales Ambiente.<\/p><p>Emtan 1 Site bietet seinen Bewohnern nicht nur ein Zuhause, sondern auch einen sicheren, modernen und naturnahen Lebensstil.<\/p>\t\t\t\t\t\t\t\t<\/div>\n\t\t\t\t<\/div>\n\t\t\t\t\t<\/div>\n\t\t<\/div>\n\t\t\t\t<div class=\"elementor-column elementor-col-50 elementor-top-column elementor-element elementor-element-297925d\" data-id=\"297925d\" data-element_type=\"column\" data-e-type=\"column\">\n\t\t\t<div class=\"elementor-widget-wrap\">\n\t\t\t\t\t\t\t<\/div>\n\t\t<\/div>\n\t\t\t\t\t<\/div>\n\t\t<\/section>\n\t\t\t\t<section class=\"elementor-section elementor-top-section elementor-element elementor-element-68a7faa4 elementor-section-full_width elementor-section-height-default elementor-section-height-default\" data-id=\"68a7faa4\" data-element_type=\"section\" data-e-type=\"section\">\n\t\t\t\t\t\t<div class=\"elementor-container elementor-column-gap-default\">\n\t\t\t\t\t<div class=\"elementor-column elementor-col-100 elementor-top-column elementor-element elementor-element-16652e5b\" data-id=\"16652e5b\" data-element_type=\"column\" data-e-type=\"column\">\n\t\t\t<div class=\"elementor-widget-wrap elementor-element-populated\">\n\t\t\t\t\t\t<div class=\"elementor-element elementor-element-58e03347 gallery-spacing-custom elementor-widget elementor-widget-image-gallery\" data-id=\"58e03347\" data-element_type=\"widget\" data-e-type=\"widget\" data-widget_type=\"image-gallery.default\">\n\t\t\t\t<div class=\"elementor-widget-container\">\n\t\t\t\t\t\t\t<div class=\"elementor-image-gallery\">\n\t\t\t<div id='gallery-1' class='gallery galleryid-7316 gallery-columns-3 gallery-size-full'><figure class='gallery-item'>\n\t\t\t<div class='gallery-icon landscape'>\n\t\t\t\t<a data-elementor-open-lightbox=\"yes\" data-elementor-lightbox-slideshow=\"58e03347\" data-elementor-lightbox-title=\"resim_2024-09-05_224927365\" data-e-action-hash=\"#elementor-action%3Aaction%3Dlightbox%26settings%3DeyJpZCI6NzMxOSwidXJsIjoiaHR0cHM6XC9cL2VtdGFuY29ucy5jb21cL3dwLWNvbnRlbnRcL3VwbG9hZHNcLzIwMjRcLzA5XC9yZXNpbV8yMDI0LTA5LTA1XzIyNDkyNzM2NS5wbmciLCJzbGlkZXNob3ciOiI1OGUwMzM0NyJ9\" href='https:\/\/emtancons.com\/wp-content\/uploads\/2024\/09\/resim_2024-09-05_224927365.png'><img fetchpriority=\"high\" decoding=\"async\" width=\"1000\" height=\"667\" src=\"https:\/\/emtancons.com\/wp-content\/uploads\/2024\/09\/resim_2024-09-05_224927365.png\" class=\"attachment-full size-full\" alt=\"\" srcset=\"https:\/\/emtancons.com\/wp-content\/uploads\/2024\/09\/resim_2024-09-05_224927365.png 1000w, https:\/\/emtancons.com\/wp-content\/uploads\/2024\/09\/resim_2024-09-05_224927365-300x200.png 300w, https:\/\/emtancons.com\/wp-content\/uploads\/2024\/09\/resim_2024-09-05_224927365-768x512.png 768w, https:\/\/emtancons.com\/wp-content\/uploads\/2024\/09\/resim_2024-09-05_224927365-350x233.png 350w, https:\/\/emtancons.com\/wp-content\/uploads\/2024\/09\/resim_2024-09-05_224927365-370x247.png 370w, https:\/\/emtancons.com\/wp-content\/uploads\/2024\/09\/resim_2024-09-05_224927365-255x170.png 255w, https:\/\/emtancons.com\/wp-content\/uploads\/2024\/09\/resim_2024-09-05_224927365-285x190.png 285w, https:\/\/emtancons.com\/wp-content\/uploads\/2024\/09\/resim_2024-09-05_224927365-600x400.png 600w, https:\/\/emtancons.com\/wp-content\/uploads\/2024\/09\/resim_2024-09-05_224927365-560x374.png 560w\" sizes=\"(max-width: 1000px) 100vw, 1000px\" \/><\/a>\n\t\t\t<\/div><\/figure><figure class='gallery-item'>\n\t\t\t<div class='gallery-icon landscape'>\n\t\t\t\t<a data-elementor-open-lightbox=\"yes\" data-elementor-lightbox-slideshow=\"58e03347\" data-elementor-lightbox-title=\"resim_2024-09-05_224922263\" data-e-action-hash=\"#elementor-action%3Aaction%3Dlightbox%26settings%3DeyJpZCI6NzMxOCwidXJsIjoiaHR0cHM6XC9cL2VtdGFuY29ucy5jb21cL3dwLWNvbnRlbnRcL3VwbG9hZHNcLzIwMjRcLzA5XC9yZXNpbV8yMDI0LTA5LTA1XzIyNDkyMjI2My5wbmciLCJzbGlkZXNob3ciOiI1OGUwMzM0NyJ9\" href='https:\/\/emtancons.com\/wp-content\/uploads\/2024\/09\/resim_2024-09-05_224922263.png'><img decoding=\"async\" width=\"1000\" height=\"667\" src=\"https:\/\/emtancons.com\/wp-content\/uploads\/2024\/09\/resim_2024-09-05_224922263.png\" class=\"attachment-full size-full\" alt=\"\" srcset=\"https:\/\/emtancons.com\/wp-content\/uploads\/2024\/09\/resim_2024-09-05_224922263.png 1000w, https:\/\/emtancons.com\/wp-content\/uploads\/2024\/09\/resim_2024-09-05_224922263-300x200.png 300w, https:\/\/emtancons.com\/wp-content\/uploads\/2024\/09\/resim_2024-09-05_224922263-768x512.png 768w, https:\/\/emtancons.com\/wp-content\/uploads\/2024\/09\/resim_2024-09-05_224922263-350x233.png 350w, https:\/\/emtancons.com\/wp-content\/uploads\/2024\/09\/resim_2024-09-05_224922263-370x247.png 370w, https:\/\/emtancons.com\/wp-content\/uploads\/2024\/09\/resim_2024-09-05_224922263-255x170.png 255w, https:\/\/emtancons.com\/wp-content\/uploads\/2024\/09\/resim_2024-09-05_224922263-285x190.png 285w, https:\/\/emtancons.com\/wp-content\/uploads\/2024\/09\/resim_2024-09-05_224922263-600x400.png 600w, https:\/\/emtancons.com\/wp-content\/uploads\/2024\/09\/resim_2024-09-05_224922263-560x374.png 560w\" sizes=\"(max-width: 1000px) 100vw, 1000px\" \/><\/a>\n\t\t\t<\/div><\/figure><figure class='gallery-item'>\n\t\t\t<div class='gallery-icon landscape'>\n\t\t\t\t<a data-elementor-open-lightbox=\"yes\" data-elementor-lightbox-slideshow=\"58e03347\" data-elementor-lightbox-title=\"resim_2024-09-05_224916743\" data-e-action-hash=\"#elementor-action%3Aaction%3Dlightbox%26settings%3DeyJpZCI6NzMxNywidXJsIjoiaHR0cHM6XC9cL2VtdGFuY29ucy5jb21cL3dwLWNvbnRlbnRcL3VwbG9hZHNcLzIwMjRcLzA5XC9yZXNpbV8yMDI0LTA5LTA1XzIyNDkxNjc0My5wbmciLCJzbGlkZXNob3ciOiI1OGUwMzM0NyJ9\" href='https:\/\/emtancons.com\/wp-content\/uploads\/2024\/09\/resim_2024-09-05_224916743.png'><img decoding=\"async\" width=\"1000\" height=\"667\" src=\"https:\/\/emtancons.com\/wp-content\/uploads\/2024\/09\/resim_2024-09-05_224916743.png\" class=\"attachment-full size-full\" alt=\"\" srcset=\"https:\/\/emtancons.com\/wp-content\/uploads\/2024\/09\/resim_2024-09-05_224916743.png 1000w, https:\/\/emtancons.com\/wp-content\/uploads\/2024\/09\/resim_2024-09-05_224916743-300x200.png 300w, https:\/\/emtancons.com\/wp-content\/uploads\/2024\/09\/resim_2024-09-05_224916743-768x512.png 768w, https:\/\/emtancons.com\/wp-content\/uploads\/2024\/09\/resim_2024-09-05_224916743-350x233.png 350w, https:\/\/emtancons.com\/wp-content\/uploads\/2024\/09\/resim_2024-09-05_224916743-370x247.png 370w, https:\/\/emtancons.com\/wp-content\/uploads\/2024\/09\/resim_2024-09-05_224916743-255x170.png 255w, https:\/\/emtancons.com\/wp-content\/uploads\/2024\/09\/resim_2024-09-05_224916743-285x190.png 285w, https:\/\/emtancons.com\/wp-content\/uploads\/2024\/09\/resim_2024-09-05_224916743-600x400.png 600w, https:\/\/emtancons.com\/wp-content\/uploads\/2024\/09\/resim_2024-09-05_224916743-560x374.png 560w\" sizes=\"(max-width: 1000px) 100vw, 1000px\" \/><\/a>\n\t\t\t<\/div><\/figure><figure class='gallery-item'>\n\t\t\t<div class='gallery-icon landscape'>\n\t\t\t\t<a data-elementor-open-lightbox=\"yes\" data-elementor-lightbox-slideshow=\"58e03347\" data-elementor-lightbox-title=\"Emtan All Completed Projects_.00_12_48_15.Still083\" data-e-action-hash=\"#elementor-action%3Aaction%3Dlightbox%26settings%3DeyJpZCI6OTQzMCwidXJsIjoiaHR0cHM6XC9cL2VtdGFuY29ucy5jb21cL3dwLWNvbnRlbnRcL3VwbG9hZHNcLzIwMjVcLzEwXC9FbXRhbi1BbGwtQ29tcGxldGVkLVByb2plY3RzXy4wMF8xMl80OF8xNS5TdGlsbDA4My53ZWJwIiwic2xpZGVzaG93IjoiNThlMDMzNDcifQ%3D%3D\" href='https:\/\/emtancons.com\/wp-content\/uploads\/2025\/10\/Emtan-All-Completed-Projects_.00_12_48_15.Still083.webp'><img loading=\"lazy\" decoding=\"async\" width=\"1200\" height=\"675\" src=\"https:\/\/emtancons.com\/wp-content\/uploads\/2025\/10\/Emtan-All-Completed-Projects_.00_12_48_15.Still083.webp\" class=\"attachment-full size-full\" alt=\"\" srcset=\"https:\/\/emtancons.com\/wp-content\/uploads\/2025\/10\/Emtan-All-Completed-Projects_.00_12_48_15.Still083.webp 1200w, https:\/\/emtancons.com\/wp-content\/uploads\/2025\/10\/Emtan-All-Completed-Projects_.00_12_48_15.Still083-300x169.webp 300w, https:\/\/emtancons.com\/wp-content\/uploads\/2025\/10\/Emtan-All-Completed-Projects_.00_12_48_15.Still083-1024x576.webp 1024w, https:\/\/emtancons.com\/wp-content\/uploads\/2025\/10\/Emtan-All-Completed-Projects_.00_12_48_15.Still083-768x432.webp 768w\" sizes=\"(max-width: 1200px) 100vw, 1200px\" \/><\/a>\n\t\t\t<\/div><\/figure><figure class='gallery-item'>\n\t\t\t<div class='gallery-icon landscape'>\n\t\t\t\t<a data-elementor-open-lightbox=\"yes\" data-elementor-lightbox-slideshow=\"58e03347\" data-elementor-lightbox-title=\"Emtan All Completed Projects_.00_13_23_21.Still085\" data-e-action-hash=\"#elementor-action%3Aaction%3Dlightbox%26settings%3DeyJpZCI6OTQyNSwidXJsIjoiaHR0cHM6XC9cL2VtdGFuY29ucy5jb21cL3dwLWNvbnRlbnRcL3VwbG9hZHNcLzIwMjVcLzEwXC9FbXRhbi1BbGwtQ29tcGxldGVkLVByb2plY3RzXy4wMF8xM18yM18yMS5TdGlsbDA4NS53ZWJwIiwic2xpZGVzaG93IjoiNThlMDMzNDcifQ%3D%3D\" href='https:\/\/emtancons.com\/wp-content\/uploads\/2025\/10\/Emtan-All-Completed-Projects_.00_13_23_21.Still085.webp'><img loading=\"lazy\" decoding=\"async\" width=\"1200\" height=\"675\" src=\"https:\/\/emtancons.com\/wp-content\/uploads\/2025\/10\/Emtan-All-Completed-Projects_.00_13_23_21.Still085.webp\" class=\"attachment-full size-full\" alt=\"\" srcset=\"https:\/\/emtancons.com\/wp-content\/uploads\/2025\/10\/Emtan-All-Completed-Projects_.00_13_23_21.Still085.webp 1200w, https:\/\/emtancons.com\/wp-content\/uploads\/2025\/10\/Emtan-All-Completed-Projects_.00_13_23_21.Still085-300x169.webp 300w, https:\/\/emtancons.com\/wp-content\/uploads\/2025\/10\/Emtan-All-Completed-Projects_.00_13_23_21.Still085-1024x576.webp 1024w, https:\/\/emtancons.com\/wp-content\/uploads\/2025\/10\/Emtan-All-Completed-Projects_.00_13_23_21.Still085-768x432.webp 768w\" sizes=\"(max-width: 1200px) 100vw, 1200px\" \/><\/a>\n\t\t\t<\/div><\/figure><figure class='gallery-item'>\n\t\t\t<div class='gallery-icon landscape'>\n\t\t\t\t<a data-elementor-open-lightbox=\"yes\" data-elementor-lightbox-slideshow=\"58e03347\" data-elementor-lightbox-title=\"Emtan All Completed Projects_.00_13_47_17.Still089\" data-e-action-hash=\"#elementor-action%3Aaction%3Dlightbox%26settings%3DeyJpZCI6OTQyMCwidXJsIjoiaHR0cHM6XC9cL2VtdGFuY29ucy5jb21cL3dwLWNvbnRlbnRcL3VwbG9hZHNcLzIwMjVcLzEwXC9FbXRhbi1BbGwtQ29tcGxldGVkLVByb2plY3RzXy4wMF8xM180N18xNy5TdGlsbDA4OS53ZWJwIiwic2xpZGVzaG93IjoiNThlMDMzNDcifQ%3D%3D\" href='https:\/\/emtancons.com\/wp-content\/uploads\/2025\/10\/Emtan-All-Completed-Projects_.00_13_47_17.Still089.webp'><img loading=\"lazy\" decoding=\"async\" width=\"1200\" height=\"675\" src=\"https:\/\/emtancons.com\/wp-content\/uploads\/2025\/10\/Emtan-All-Completed-Projects_.00_13_47_17.Still089.webp\" class=\"attachment-full size-full\" alt=\"\" srcset=\"https:\/\/emtancons.com\/wp-content\/uploads\/2025\/10\/Emtan-All-Completed-Projects_.00_13_47_17.Still089.webp 1200w, https:\/\/emtancons.com\/wp-content\/uploads\/2025\/10\/Emtan-All-Completed-Projects_.00_13_47_17.Still089-300x169.webp 300w, https:\/\/emtancons.com\/wp-content\/uploads\/2025\/10\/Emtan-All-Completed-Projects_.00_13_47_17.Still089-1024x576.webp 1024w, https:\/\/emtancons.com\/wp-content\/uploads\/2025\/10\/Emtan-All-Completed-Projects_.00_13_47_17.Still089-768x432.webp 768w\" sizes=\"(max-width: 1200px) 100vw, 1200px\" \/><\/a>\n\t\t\t<\/div><\/figure><figure class='gallery-item'>\n\t\t\t<div class='gallery-icon landscape'>\n\t\t\t\t<a data-elementor-open-lightbox=\"yes\" data-elementor-lightbox-slideshow=\"58e03347\" data-elementor-lightbox-title=\"Emtan All Completed Projects_.00_13_56_23.Still091\" data-e-action-hash=\"#elementor-action%3Aaction%3Dlightbox%26settings%3DeyJpZCI6OTQxNSwidXJsIjoiaHR0cHM6XC9cL2VtdGFuY29ucy5jb21cL3dwLWNvbnRlbnRcL3VwbG9hZHNcLzIwMjVcLzEwXC9FbXRhbi1BbGwtQ29tcGxldGVkLVByb2plY3RzXy4wMF8xM181Nl8yMy5TdGlsbDA5MS53ZWJwIiwic2xpZGVzaG93IjoiNThlMDMzNDcifQ%3D%3D\" href='https:\/\/emtancons.com\/wp-content\/uploads\/2025\/10\/Emtan-All-Completed-Projects_.00_13_56_23.Still091.webp'><img loading=\"lazy\" decoding=\"async\" width=\"1200\" height=\"675\" src=\"https:\/\/emtancons.com\/wp-content\/uploads\/2025\/10\/Emtan-All-Completed-Projects_.00_13_56_23.Still091.webp\" class=\"attachment-full size-full\" alt=\"\" srcset=\"https:\/\/emtancons.com\/wp-content\/uploads\/2025\/10\/Emtan-All-Completed-Projects_.00_13_56_23.Still091.webp 1200w, https:\/\/emtancons.com\/wp-content\/uploads\/2025\/10\/Emtan-All-Completed-Projects_.00_13_56_23.Still091-300x169.webp 300w, https:\/\/emtancons.com\/wp-content\/uploads\/2025\/10\/Emtan-All-Completed-Projects_.00_13_56_23.Still091-1024x576.webp 1024w, https:\/\/emtancons.com\/wp-content\/uploads\/2025\/10\/Emtan-All-Completed-Projects_.00_13_56_23.Still091-768x432.webp 768w\" sizes=\"(max-width: 1200px) 100vw, 1200px\" \/><\/a>\n\t\t\t<\/div><\/figure>\n\t\t<\/div>\n\t\t<\/div>\n\t\t\t\t\t\t<\/div>\n\t\t\t\t<\/div>\n\t\t\t\t\t<\/div>\n\t\t<\/div>\n\t\t\t\t\t<\/div>\n\t\t<\/section>\n\t\t\t\t<\/div>\n\t\t","protected":false},"excerpt":{"rendered":"<p>Details zum Projekt Emtan 1 Wohnsiedlung FORKALKOY, GUINEA Das Projekt Emtan 1 Sitesi ist ein Wohngebiet in der Region \u00c7atalk\u00f6y, die f\u00fcr ihre Natursch\u00f6nheiten in Nordzypern bekannt ist. Dieses besondere Projekt besteht aus insgesamt 23 Luxusvillen und besticht durch seine moderne Architektur und gro\u00dfz\u00fcgigen Wohnr\u00e4ume. Die Villen sind mit viel Liebe zum Detail gestaltet, um [&hellip;]<\/p>\n","protected":false},"author":1,"featured_media":0,"parent":0,"menu_order":0,"comment_status":"closed","ping_status":"closed","template":"elementor_header_footer","meta":{"footnotes":""},"class_list":["post-7316","page","type-page","status-publish","hentry"],"yoast_head":"<!-- This site is optimized with the Yoast SEO plugin v27.1.1 - https:\/\/yoast.com\/product\/yoast-seo-wordpress\/ -->\n<title>Emtan 1 Wohnsiedlung - Emtan Construction<\/title>\n<meta name=\"robots\" content=\"index, follow, max-snippet:-1, max-image-preview:large, max-video-preview:-1\" \/>\n<link rel=\"canonical\" href=\"https:\/\/emtancons.com\/de\/emtan-1-wohnsiedlung\/\" \/>\n<meta property=\"og:locale\" content=\"de_DE\" \/>\n<meta property=\"og:type\" content=\"article\" \/>\n<meta property=\"og:title\" content=\"Emtan 1 Wohnsiedlung - Emtan Construction\" \/>\n<meta property=\"og:description\" content=\"Details zum Projekt Emtan 1 Wohnsiedlung FORKALKOY, GUINEA Das Projekt Emtan 1 Sitesi ist ein Wohngebiet in der Region \u00c7atalk\u00f6y, die f\u00fcr ihre Natursch\u00f6nheiten in Nordzypern bekannt ist. Dieses besondere Projekt besteht aus insgesamt 23 Luxusvillen und besticht durch seine moderne Architektur und gro\u00dfz\u00fcgigen Wohnr\u00e4ume. Die Villen sind mit viel Liebe zum Detail gestaltet, um [&hellip;]\" \/>\n<meta property=\"og:url\" content=\"https:\/\/emtancons.com\/de\/emtan-1-wohnsiedlung\/\" \/>\n<meta property=\"og:site_name\" content=\"Emtan Construction\" \/>\n<meta property=\"article:modified_time\" content=\"2025-10-24T09:25:13+00:00\" \/>\n<meta property=\"og:image\" content=\"https:\/\/emtancons.com\/wp-content\/uploads\/2024\/09\/resim_2024-09-05_224927365.png\" \/>\n<meta name=\"twitter:card\" content=\"summary_large_image\" \/>\n<meta name=\"twitter:label1\" content=\"Gesch\u00e4tzte Lesezeit\" \/>\n\t<meta name=\"twitter:data1\" content=\"3\u00a0Minuten\" \/>\n<script type=\"application\/ld+json\" class=\"yoast-schema-graph\">{\"@context\":\"https:\/\/schema.org\",\"@graph\":[{\"@type\":\"WebPage\",\"@id\":\"https:\/\/emtancons.com\/de\/emtan-1-wohnsiedlung\/\",\"url\":\"https:\/\/emtancons.com\/de\/emtan-1-wohnsiedlung\/\",\"name\":\"Emtan 1 Wohnsiedlung - Emtan Construction\",\"isPartOf\":{\"@id\":\"https:\/\/emtancons.com\/#website\"},\"primaryImageOfPage\":{\"@id\":\"https:\/\/emtancons.com\/de\/emtan-1-wohnsiedlung\/#primaryimage\"},\"image\":{\"@id\":\"https:\/\/emtancons.com\/de\/emtan-1-wohnsiedlung\/#primaryimage\"},\"thumbnailUrl\":\"https:\/\/emtancons.com\/wp-content\/uploads\/2024\/09\/resim_2024-09-05_224927365.png\",\"datePublished\":\"2024-09-05T19:52:47+00:00\",\"dateModified\":\"2025-10-24T09:25:13+00:00\",\"breadcrumb\":{\"@id\":\"https:\/\/emtancons.com\/de\/emtan-1-wohnsiedlung\/#breadcrumb\"},\"inLanguage\":\"de\",\"potentialAction\":[{\"@type\":\"ReadAction\",\"target\":[\"https:\/\/emtancons.com\/de\/emtan-1-wohnsiedlung\/\"]}]},{\"@type\":\"ImageObject\",\"inLanguage\":\"de\",\"@id\":\"https:\/\/emtancons.com\/de\/emtan-1-wohnsiedlung\/#primaryimage\",\"url\":\"https:\/\/emtancons.com\/wp-content\/uploads\/2024\/09\/resim_2024-09-05_224927365.png\",\"contentUrl\":\"https:\/\/emtancons.com\/wp-content\/uploads\/2024\/09\/resim_2024-09-05_224927365.png\"},{\"@type\":\"BreadcrumbList\",\"@id\":\"https:\/\/emtancons.com\/de\/emtan-1-wohnsiedlung\/#breadcrumb\",\"itemListElement\":[{\"@type\":\"ListItem\",\"position\":1,\"name\":\"Anasayfa\",\"item\":\"https:\/\/emtancons.com\/\"},{\"@type\":\"ListItem\",\"position\":2,\"name\":\"Emtan 1 Wohnsiedlung\"}]},{\"@type\":\"WebSite\",\"@id\":\"https:\/\/emtancons.com\/#website\",\"url\":\"https:\/\/emtancons.com\/\",\"name\":\"Emtan Construction\",\"description\":\"\",\"potentialAction\":[{\"@type\":\"SearchAction\",\"target\":{\"@type\":\"EntryPoint\",\"urlTemplate\":\"https:\/\/emtancons.com\/?s={search_term_string}\"},\"query-input\":{\"@type\":\"PropertyValueSpecification\",\"valueRequired\":true,\"valueName\":\"search_term_string\"}}],\"inLanguage\":\"de\"}]}<\/script>\n<!-- \/ Yoast SEO plugin. -->","yoast_head_json":{"title":"Emtan 1 Wohnsiedlung - Emtan Construction","robots":{"index":"index","follow":"follow","max-snippet":"max-snippet:-1","max-image-preview":"max-image-preview:large","max-video-preview":"max-video-preview:-1"},"canonical":"https:\/\/emtancons.com\/de\/emtan-1-wohnsiedlung\/","og_locale":"de_DE","og_type":"article","og_title":"Emtan 1 Wohnsiedlung - Emtan Construction","og_description":"Details zum Projekt Emtan 1 Wohnsiedlung FORKALKOY, GUINEA Das Projekt Emtan 1 Sitesi ist ein Wohngebiet in der Region \u00c7atalk\u00f6y, die f\u00fcr ihre Natursch\u00f6nheiten in Nordzypern bekannt ist. Dieses besondere Projekt besteht aus insgesamt 23 Luxusvillen und besticht durch seine moderne Architektur und gro\u00dfz\u00fcgigen Wohnr\u00e4ume. Die Villen sind mit viel Liebe zum Detail gestaltet, um [&hellip;]","og_url":"https:\/\/emtancons.com\/de\/emtan-1-wohnsiedlung\/","og_site_name":"Emtan Construction","article_modified_time":"2025-10-24T09:25:13+00:00","og_image":[{"url":"https:\/\/emtancons.com\/wp-content\/uploads\/2024\/09\/resim_2024-09-05_224927365.png","type":"","width":"","height":""}],"twitter_card":"summary_large_image","twitter_misc":{"Gesch\u00e4tzte Lesezeit":"3\u00a0Minuten"},"schema":{"@context":"https:\/\/schema.org","@graph":[{"@type":"WebPage","@id":"https:\/\/emtancons.com\/de\/emtan-1-wohnsiedlung\/","url":"https:\/\/emtancons.com\/de\/emtan-1-wohnsiedlung\/","name":"Emtan 1 Wohnsiedlung - Emtan Construction","isPartOf":{"@id":"https:\/\/emtancons.com\/#website"},"primaryImageOfPage":{"@id":"https:\/\/emtancons.com\/de\/emtan-1-wohnsiedlung\/#primaryimage"},"image":{"@id":"https:\/\/emtancons.com\/de\/emtan-1-wohnsiedlung\/#primaryimage"},"thumbnailUrl":"https:\/\/emtancons.com\/wp-content\/uploads\/2024\/09\/resim_2024-09-05_224927365.png","datePublished":"2024-09-05T19:52:47+00:00","dateModified":"2025-10-24T09:25:13+00:00","breadcrumb":{"@id":"https:\/\/emtancons.com\/de\/emtan-1-wohnsiedlung\/#breadcrumb"},"inLanguage":"de","potentialAction":[{"@type":"ReadAction","target":["https:\/\/emtancons.com\/de\/emtan-1-wohnsiedlung\/"]}]},{"@type":"ImageObject","inLanguage":"de","@id":"https:\/\/emtancons.com\/de\/emtan-1-wohnsiedlung\/#primaryimage","url":"https:\/\/emtancons.com\/wp-content\/uploads\/2024\/09\/resim_2024-09-05_224927365.png","contentUrl":"https:\/\/emtancons.com\/wp-content\/uploads\/2024\/09\/resim_2024-09-05_224927365.png"},{"@type":"BreadcrumbList","@id":"https:\/\/emtancons.com\/de\/emtan-1-wohnsiedlung\/#breadcrumb","itemListElement":[{"@type":"ListItem","position":1,"name":"Anasayfa","item":"https:\/\/emtancons.com\/"},{"@type":"ListItem","position":2,"name":"Emtan 1 Wohnsiedlung"}]},{"@type":"WebSite","@id":"https:\/\/emtancons.com\/#website","url":"https:\/\/emtancons.com\/","name":"Emtan Construction","description":"","potentialAction":[{"@type":"SearchAction","target":{"@type":"EntryPoint","urlTemplate":"https:\/\/emtancons.com\/?s={search_term_string}"},"query-input":{"@type":"PropertyValueSpecification","valueRequired":true,"valueName":"search_term_string"}}],"inLanguage":"de"}]}},"_links":{"self":[{"href":"https:\/\/emtancons.com\/de\/wp-json\/wp\/v2\/pages\/7316","targetHints":{"allow":["GET"]}}],"collection":[{"href":"https:\/\/emtancons.com\/de\/wp-json\/wp\/v2\/pages"}],"about":[{"href":"https:\/\/emtancons.com\/de\/wp-json\/wp\/v2\/types\/page"}],"author":[{"embeddable":true,"href":"https:\/\/emtancons.com\/de\/wp-json\/wp\/v2\/users\/1"}],"replies":[{"embeddable":true,"href":"https:\/\/emtancons.com\/de\/wp-json\/wp\/v2\/comments?post=7316"}],"version-history":[{"count":7,"href":"https:\/\/emtancons.com\/de\/wp-json\/wp\/v2\/pages\/7316\/revisions"}],"predecessor-version":[{"id":9441,"href":"https:\/\/emtancons.com\/de\/wp-json\/wp\/v2\/pages\/7316\/revisions\/9441"}],"wp:attachment":[{"href":"https:\/\/emtancons.com\/de\/wp-json\/wp\/v2\/media?parent=7316"}],"curies":[{"name":"wp","href":"https:\/\/api.w.org\/{rel}","templated":true}]}}