{"id":7139,"date":"2025-06-24T11:18:14","date_gmt":"2025-06-24T08:18:14","guid":{"rendered":"https:\/\/emtancons.com\/privacy-policy\/"},"modified":"2025-06-25T09:15:12","modified_gmt":"2025-06-25T06:15:12","slug":"privacy-policy","status":"publish","type":"page","link":"https:\/\/emtancons.com\/de\/privacy-policy\/","title":{"rendered":"Datenschutzerkl\u00e4rung"},"content":{"rendered":"\t\t<div data-elementor-type=\"wp-page\" data-elementor-id=\"7139\" class=\"elementor elementor-7139 elementor-7113\" data-elementor-post-type=\"page\">\n\t\t\t\t\t\t<section class=\"elementor-section elementor-top-section elementor-element elementor-element-a32fe8a elementor-section-boxed elementor-section-height-default elementor-section-height-default\" data-id=\"a32fe8a\" data-element_type=\"section\" data-e-type=\"section\">\n\t\t\t\t\t\t<div class=\"elementor-container elementor-column-gap-default\">\n\t\t\t\t\t<div class=\"elementor-column elementor-col-100 elementor-top-column elementor-element elementor-element-d397041\" data-id=\"d397041\" data-element_type=\"column\" data-e-type=\"column\">\n\t\t\t<div class=\"elementor-widget-wrap\">\n\t\t\t\t\t\t\t<\/div>\n\t\t<\/div>\n\t\t\t\t\t<\/div>\n\t\t<\/section>\n\t\t\t\t<section class=\"elementor-section elementor-top-section elementor-element elementor-element-a0489cc elementor-section-boxed elementor-section-height-default elementor-section-height-default\" data-id=\"a0489cc\" data-element_type=\"section\" data-e-type=\"section\" data-settings=\"{&quot;background_background&quot;:&quot;classic&quot;}\">\n\t\t\t\t\t\t\t<div class=\"elementor-background-overlay\"><\/div>\n\t\t\t\t\t\t\t<div class=\"elementor-container elementor-column-gap-default\">\n\t\t\t\t\t<div class=\"elementor-column elementor-col-100 elementor-top-column elementor-element elementor-element-eb44ec6\" data-id=\"eb44ec6\" data-element_type=\"column\" data-e-type=\"column\">\n\t\t\t<div class=\"elementor-widget-wrap elementor-element-populated\">\n\t\t\t\t\t\t\t<\/div>\n\t\t<\/div>\n\t\t\t\t\t<\/div>\n\t\t<\/section>\n\t\t\t\t<section class=\"elementor-section elementor-top-section elementor-element elementor-element-68acc7f elementor-section-boxed elementor-section-height-default elementor-section-height-default\" data-id=\"68acc7f\" data-element_type=\"section\" data-e-type=\"section\">\n\t\t\t\t\t\t<div class=\"elementor-container elementor-column-gap-default\">\n\t\t\t\t\t<div class=\"elementor-column elementor-col-100 elementor-top-column elementor-element elementor-element-1b0f2be\" data-id=\"1b0f2be\" data-element_type=\"column\" data-e-type=\"column\">\n\t\t\t<div class=\"elementor-widget-wrap elementor-element-populated\">\n\t\t\t\t\t\t<div class=\"elementor-element elementor-element-915c8d5 elementor-widget elementor-widget-text-editor\" data-id=\"915c8d5\" data-element_type=\"widget\" data-e-type=\"widget\" data-widget_type=\"text-editor.default\">\n\t\t\t\t<div class=\"elementor-widget-container\">\n\t\t\t\t\t\t\t\t\t<p data-start=\"176\" data-end=\"540\"><strong data-start=\"176\" data-end=\"203\">Emtan Construction Ltd.<\/strong> (\u201eEmtan\u201c, \u201ewir\u201c, \u201eunsere Website\u201c) legt gro\u00dfen Wert auf den Schutz Ihrer personenbezogenen Daten. In dieser Datenschutzerkl\u00e4rung erfahren Sie, welche Informationen wir \u00fcber unsere Website <a class=\"\" href=\"https:\/\/www.emtancons.com\" target=\"_new\" rel=\"noopener\" data-start=\"392\" data-end=\"438\">www.emtancons.com<\/a> erfassen, wie wir sie verwenden, speichern, sch\u00fctzen und unter welchen Umst\u00e4nden wir sie weitergeben.<\/p><hr data-start=\"542\" data-end=\"545\" \/><h3 data-start=\"547\" data-end=\"579\">1. Welche Daten wir erfassen<\/h3><p data-start=\"581\" data-end=\"627\"><strong data-start=\"581\" data-end=\"625\">a) Direkt bereitgestellte Informationen:<\/strong><\/p><ul data-start=\"628\" data-end=\"748\"><li data-start=\"628\" data-end=\"701\"><p data-start=\"630\" data-end=\"701\">Name, Nachname, E\u2011Mail-Adresse, Telefonnummer (\u00fcber Kontaktformulare)<\/p><\/li><li data-start=\"702\" data-end=\"748\"><p data-start=\"704\" data-end=\"748\">Unternehmensinformationen (falls zutreffend)<\/p><\/li><\/ul><p data-start=\"750\" data-end=\"794\"><strong data-start=\"750\" data-end=\"792\">b) Automatisch erfasste Informationen:<\/strong><\/p><ul data-start=\"795\" data-end=\"901\"><li data-start=\"795\" data-end=\"867\"><p data-start=\"797\" data-end=\"867\">IP-Adresse, Browsertyp, Ger\u00e4tedaten, Besuchszeiten und Seitenaufrufe<\/p><\/li><li data-start=\"868\" data-end=\"901\"><p data-start=\"870\" data-end=\"901\">Cookies und Nutzungspr\u00e4ferenzen<\/p><\/li><\/ul><hr data-start=\"903\" data-end=\"906\" \/><h3 data-start=\"908\" data-end=\"937\">2. Wie wir Daten erfassen<\/h3><p data-start=\"939\" data-end=\"979\">Wir erfassen Daten auf folgende Weise:<\/p><ul data-start=\"980\" data-end=\"1186\"><li data-start=\"980\" data-end=\"1041\"><p data-start=\"982\" data-end=\"1041\">Durch direkte Kontaktaufnahme (Formular, E-Mail, Telefon)<\/p><\/li><li data-start=\"1042\" data-end=\"1109\"><p data-start=\"1044\" data-end=\"1109\">W\u00e4hrend der Bereitstellung und Analyse unserer Dienstleistungen<\/p><\/li><li data-start=\"1110\" data-end=\"1186\"><p data-start=\"1112\" data-end=\"1186\">\u00dcber Cookies und \u00e4hnliche Technologien zur Optimierung der Nutzererfahrung<\/p><\/li><\/ul><hr data-start=\"1188\" data-end=\"1191\" \/><h3 data-start=\"1193\" data-end=\"1222\">3. Zweck der Datennutzung<\/h3><p data-start=\"1224\" data-end=\"1281\">Die erfassten Daten werden f\u00fcr folgende Zwecke verwendet:<\/p><ul data-start=\"1283\" data-end=\"1606\"><li data-start=\"1283\" data-end=\"1347\"><p data-start=\"1285\" data-end=\"1347\">Zur Bereitstellung und Verbesserung unserer Dienstleistungen<\/p><\/li><li data-start=\"1348\" data-end=\"1411\"><p data-start=\"1350\" data-end=\"1411\">Zur Beantwortung von Anfragen und Kommunikation mit Nutzern<\/p><\/li><li data-start=\"1412\" data-end=\"1467\"><p data-start=\"1414\" data-end=\"1467\">Zur Analyse und Optimierung der Website-Performance<\/p><\/li><li data-start=\"1468\" data-end=\"1515\"><p data-start=\"1470\" data-end=\"1515\">Zur Einhaltung gesetzlicher Verpflichtungen<\/p><\/li><li data-start=\"1516\" data-end=\"1606\"><p data-start=\"1518\" data-end=\"1606\">Zur Zusammenarbeit mit vertrauensw\u00fcrdigen Dienstleistern (z.\u202fB. Hosting oder IT-Support)<\/p><\/li><\/ul><hr data-start=\"1608\" data-end=\"1611\" \/><h3 data-start=\"1613\" data-end=\"1640\">4. Weitergabe von Daten<\/h3><p data-start=\"1642\" data-end=\"1714\">Personenbezogene Daten werden nur in den folgenden F\u00e4llen weitergegeben:<\/p><ul data-start=\"1716\" data-end=\"1932\"><li data-start=\"1716\" data-end=\"1812\"><p data-start=\"1718\" data-end=\"1812\">Wenn dies gesetzlich vorgeschrieben ist (z.\u202fB. Gerichtsbeschl\u00fcsse oder beh\u00f6rdliche Anfragen)<\/p><\/li><li data-start=\"1813\" data-end=\"1888\"><p data-start=\"1815\" data-end=\"1888\">An technische Dienstleister unter Einhaltung der Datenschutzrichtlinien<\/p><\/li><li data-start=\"1889\" data-end=\"1932\"><p data-start=\"1891\" data-end=\"1932\">Mit ausdr\u00fccklicher Zustimmung des Nutzers<\/p><\/li><\/ul><p data-start=\"1934\" data-end=\"2020\">Wir verkaufen oder teilen Ihre Daten <strong data-start=\"1971\" data-end=\"1980\">nicht<\/strong> mit Drittanbietern zu Marketingzwecken.<\/p><hr data-start=\"2022\" data-end=\"2025\" \/><h3 data-start=\"2027\" data-end=\"2056\">5. Verwendung von Cookies<\/h3><p data-start=\"2058\" data-end=\"2269\">Unsere Website verwendet Cookies, um die Benutzererfahrung zu verbessern und das Nutzerverhalten zu analysieren.<br data-start=\"2170\" data-end=\"2173\" \/>Sie k\u00f6nnen Cookies \u00fcber die Einstellungen Ihres Browsers kontrollieren, blockieren oder l\u00f6schen.<\/p><hr data-start=\"2271\" data-end=\"2274\" \/><h3 data-start=\"2276\" data-end=\"2298\">6. Datensicherheit<\/h3><ul data-start=\"2300\" data-end=\"2595\"><li data-start=\"2300\" data-end=\"2384\"><p data-start=\"2302\" data-end=\"2384\">Ihre Daten werden auf sicheren Servern gespeichert und verschl\u00fcsselt \u00fcbertragen.<\/p><\/li><li data-start=\"2385\" data-end=\"2514\"><p data-start=\"2387\" data-end=\"2514\">Wir verwenden technische (z.\u202fB. SSL, Firewalls) und organisatorische Ma\u00dfnahmen zum Schutz Ihrer Daten vor unbefugtem Zugriff.<\/p><\/li><li data-start=\"2515\" data-end=\"2595\"><p data-start=\"2517\" data-end=\"2595\">Der Zugriff auf personenbezogene Daten ist nur autorisiertem Personal erlaubt.<\/p><\/li><\/ul><hr data-start=\"2597\" data-end=\"2600\" \/><h3 data-start=\"2602\" data-end=\"2620\">7. Ihre Rechte<\/h3><p data-start=\"2622\" data-end=\"2750\">Gem\u00e4\u00df den geltenden Datenschutzgesetzen (wie der <strong data-start=\"2671\" data-end=\"2679\">KVKK<\/strong> in der T\u00fcrkei oder der <strong data-start=\"2703\" data-end=\"2712\">DSGVO<\/strong> in der EU) haben Sie folgende Rechte:<\/p><ul data-start=\"2752\" data-end=\"3062\"><li data-start=\"2752\" data-end=\"2816\"><p data-start=\"2754\" data-end=\"2816\">Auskunft \u00fcber die Verarbeitung Ihrer personenbezogenen Daten<\/p><\/li><li data-start=\"2817\" data-end=\"2856\"><p data-start=\"2819\" data-end=\"2856\">Zugang zu Ihren gespeicherten Daten<\/p><\/li><li data-start=\"2857\" data-end=\"2913\"><p data-start=\"2859\" data-end=\"2913\">Berichtigung unvollst\u00e4ndiger oder fehlerhafter Daten<\/p><\/li><li data-start=\"2914\" data-end=\"2958\"><p data-start=\"2916\" data-end=\"2958\">L\u00f6schung oder Anonymisierung Ihrer Daten<\/p><\/li><li data-start=\"2959\" data-end=\"2993\"><p data-start=\"2961\" data-end=\"2993\">Daten\u00fcbertragbarkeit an Dritte<\/p><\/li><li data-start=\"2994\" data-end=\"3062\"><p data-start=\"2996\" data-end=\"3062\">Einschr\u00e4nkung oder Widerspruch gegen bestimmte Datenverarbeitungen<\/p><\/li><\/ul><p data-start=\"3064\" data-end=\"3235\">Zur Aus\u00fcbung dieser Rechte k\u00f6nnen Sie uns unter <strong data-start=\"3112\" data-end=\"3135\"><a class=\"cursor-pointer\" rel=\"noopener\" data-start=\"3114\" data-end=\"3133\">emtan@emtancons.com<\/a><\/strong> kontaktieren. Wir antworten innerhalb der gesetzlich vorgeschriebenen Frist (in der Regel 30 Tage).<\/p><hr data-start=\"3237\" data-end=\"3240\" \/><h3 data-start=\"3242\" data-end=\"3287\">8. \u00c4nderungen dieser Datenschutzerkl\u00e4rung<\/h3><p data-start=\"3289\" data-end=\"3507\">Diese Erkl\u00e4rung kann gelegentlich aktualisiert werden. \u00c4nderungen werden auf dieser Seite mit dem jeweiligen Aktualisierungsdatum ver\u00f6ffentlicht. Bei wesentlichen \u00c4nderungen k\u00f6nnen Sie per E\u2011Mail benachrichtigt werden.<\/p><hr data-start=\"3509\" data-end=\"3512\" \/><h3 data-start=\"3514\" data-end=\"3528\">9. Kontakt<\/h3><p data-start=\"3530\" data-end=\"3604\">Bei Fragen oder Anliegen zur Datenschutzerkl\u00e4rung erreichen Sie uns unter:<\/p><ul data-start=\"3606\" data-end=\"3772\"><li data-start=\"3606\" data-end=\"3644\"><p data-start=\"3608\" data-end=\"3644\">\ud83d\udce7 <strong data-start=\"3611\" data-end=\"3622\">E-Mail:<\/strong> <a class=\"cursor-pointer\" rel=\"noopener\" data-start=\"3623\" data-end=\"3642\">emtan@emtancons.com<\/a><\/p><\/li><li data-start=\"3645\" data-end=\"3681\"><p data-start=\"3647\" data-end=\"3681\">\u260e <strong data-start=\"3649\" data-end=\"3661\">Telefon:<\/strong> +90\u202f548\u202f852\u202f94\u202f27<\/p><\/li><li data-start=\"3682\" data-end=\"3772\"><p data-start=\"3684\" data-end=\"3772\">\ud83c\udfe2 <strong data-start=\"3687\" data-end=\"3699\">Adresse:<\/strong> Akasya Stra\u00dfe, Emtan Quattro Geb\u00e4ude, Nr. 9, Kyrenia \/ Nordzypern, 99300<\/p><\/li><\/ul>\t\t\t\t\t\t\t\t<\/div>\n\t\t\t\t<\/div>\n\t\t\t\t\t<\/div>\n\t\t<\/div>\n\t\t\t\t\t<\/div>\n\t\t<\/section>\n\t\t\t\t<section class=\"elementor-section elementor-top-section elementor-element elementor-element-e2f734a elementor-section-boxed elementor-section-height-default elementor-section-height-default\" data-id=\"e2f734a\" data-element_type=\"section\" data-e-type=\"section\">\n\t\t\t\t\t\t<div class=\"elementor-container elementor-column-gap-default\">\n\t\t\t\t\t<div class=\"elementor-column elementor-col-100 elementor-top-column elementor-element elementor-element-5e52e65\" data-id=\"5e52e65\" data-element_type=\"column\" data-e-type=\"column\">\n\t\t\t<div class=\"elementor-widget-wrap elementor-element-populated\">\n\t\t\t\t\t\t<div class=\"elementor-element elementor-element-3e029c4 elementor-widget elementor-widget-spacer\" data-id=\"3e029c4\" data-element_type=\"widget\" data-e-type=\"widget\" data-widget_type=\"spacer.default\">\n\t\t\t\t<div class=\"elementor-widget-container\">\n\t\t\t\t\t\t\t<div class=\"elementor-spacer\">\n\t\t\t<div class=\"elementor-spacer-inner\"><\/div>\n\t\t<\/div>\n\t\t\t\t\t\t<\/div>\n\t\t\t\t<\/div>\n\t\t\t\t\t<\/div>\n\t\t<\/div>\n\t\t\t\t\t<\/div>\n\t\t<\/section>\n\t\t\t\t<\/div>\n\t\t","protected":false},"excerpt":{"rendered":"<p>Emtan Construction Ltd. (\u201eEmtan\u201c, \u201ewir\u201c, \u201eunsere Website\u201c) legt gro\u00dfen Wert auf den Schutz Ihrer personenbezogenen Daten. In dieser Datenschutzerkl\u00e4rung erfahren Sie, welche Informationen wir \u00fcber unsere Website www.emtancons.com erfassen, wie wir sie verwenden, speichern, sch\u00fctzen und unter welchen Umst\u00e4nden wir sie weitergeben. 1. Welche Daten wir erfassen a) Direkt bereitgestellte Informationen: Name, Nachname, E\u2011Mail-Adresse, Telefonnummer [&hellip;]<\/p>\n","protected":false},"author":1,"featured_media":0,"parent":0,"menu_order":0,"comment_status":"closed","ping_status":"closed","template":"elementor_header_footer","meta":{"footnotes":""},"class_list":["post-7139","page","type-page","status-publish","hentry"],"yoast_head":"<!-- This site is optimized with the Yoast SEO plugin v27.4 - https:\/\/yoast.com\/product\/yoast-seo-wordpress\/ -->\n<title>Datenschutzerkl\u00e4rung - Emtan Construction<\/title>\n<meta name=\"robots\" content=\"index, follow, max-snippet:-1, max-image-preview:large, max-video-preview:-1\" \/>\n<link rel=\"canonical\" href=\"https:\/\/emtancons.com\/gizlilik-politikasi\/\" \/>\n<meta property=\"og:locale\" content=\"de_DE\" \/>\n<meta property=\"og:type\" content=\"article\" \/>\n<meta property=\"og:title\" content=\"Datenschutzerkl\u00e4rung - Emtan Construction\" \/>\n<meta property=\"og:description\" content=\"Emtan Construction Ltd. (\u201eEmtan\u201c, \u201ewir\u201c, \u201eunsere Website\u201c) legt gro\u00dfen Wert auf den Schutz Ihrer personenbezogenen Daten. In dieser Datenschutzerkl\u00e4rung erfahren Sie, welche Informationen wir \u00fcber unsere Website www.emtancons.com erfassen, wie wir sie verwenden, speichern, sch\u00fctzen und unter welchen Umst\u00e4nden wir sie weitergeben. 1. Welche Daten wir erfassen a) Direkt bereitgestellte Informationen: Name, Nachname, E\u2011Mail-Adresse, Telefonnummer [&hellip;]\" \/>\n<meta property=\"og:url\" content=\"https:\/\/emtancons.com\/gizlilik-politikasi\/\" \/>\n<meta property=\"og:site_name\" content=\"Emtan Construction\" \/>\n<meta property=\"article:modified_time\" content=\"2025-06-25T06:15:12+00:00\" \/>\n<meta name=\"twitter:card\" content=\"summary_large_image\" \/>\n<meta name=\"twitter:label1\" content=\"Gesch\u00e4tzte Lesezeit\" \/>\n\t<meta name=\"twitter:data1\" content=\"2\u00a0Minuten\" \/>\n<script type=\"application\/ld+json\" class=\"yoast-schema-graph\">{\"@context\":\"https:\\\/\\\/schema.org\",\"@graph\":[{\"@type\":\"WebPage\",\"@id\":\"https:\\\/\\\/emtancons.com\\\/gizlilik-politikasi\\\/\",\"url\":\"https:\\\/\\\/emtancons.com\\\/gizlilik-politikasi\\\/\",\"name\":\"Datenschutzerkl\u00e4rung - Emtan Construction\",\"isPartOf\":{\"@id\":\"https:\\\/\\\/emtancons.com\\\/#website\"},\"datePublished\":\"2025-06-24T08:18:14+00:00\",\"dateModified\":\"2025-06-25T06:15:12+00:00\",\"breadcrumb\":{\"@id\":\"https:\\\/\\\/emtancons.com\\\/gizlilik-politikasi\\\/#breadcrumb\"},\"inLanguage\":\"de\",\"potentialAction\":[{\"@type\":\"ReadAction\",\"target\":[\"https:\\\/\\\/emtancons.com\\\/gizlilik-politikasi\\\/\"]}]},{\"@type\":\"BreadcrumbList\",\"@id\":\"https:\\\/\\\/emtancons.com\\\/gizlilik-politikasi\\\/#breadcrumb\",\"itemListElement\":[{\"@type\":\"ListItem\",\"position\":1,\"name\":\"Anasayfa\",\"item\":\"https:\\\/\\\/emtancons.com\\\/\"},{\"@type\":\"ListItem\",\"position\":2,\"name\":\"Datenschutzerkl\u00e4rung\"}]},{\"@type\":\"WebSite\",\"@id\":\"https:\\\/\\\/emtancons.com\\\/#website\",\"url\":\"https:\\\/\\\/emtancons.com\\\/\",\"name\":\"Emtan Construction\",\"description\":\"\",\"potentialAction\":[{\"@type\":\"SearchAction\",\"target\":{\"@type\":\"EntryPoint\",\"urlTemplate\":\"https:\\\/\\\/emtancons.com\\\/?s={search_term_string}\"},\"query-input\":{\"@type\":\"PropertyValueSpecification\",\"valueRequired\":true,\"valueName\":\"search_term_string\"}}],\"inLanguage\":\"de\"}]}<\/script>\n<!-- \/ Yoast SEO plugin. -->","yoast_head_json":{"title":"Datenschutzerkl\u00e4rung - Emtan Construction","robots":{"index":"index","follow":"follow","max-snippet":"max-snippet:-1","max-image-preview":"max-image-preview:large","max-video-preview":"max-video-preview:-1"},"canonical":"https:\/\/emtancons.com\/gizlilik-politikasi\/","og_locale":"de_DE","og_type":"article","og_title":"Datenschutzerkl\u00e4rung - Emtan Construction","og_description":"Emtan Construction Ltd. (\u201eEmtan\u201c, \u201ewir\u201c, \u201eunsere Website\u201c) legt gro\u00dfen Wert auf den Schutz Ihrer personenbezogenen Daten. In dieser Datenschutzerkl\u00e4rung erfahren Sie, welche Informationen wir \u00fcber unsere Website www.emtancons.com erfassen, wie wir sie verwenden, speichern, sch\u00fctzen und unter welchen Umst\u00e4nden wir sie weitergeben. 1. Welche Daten wir erfassen a) Direkt bereitgestellte Informationen: Name, Nachname, E\u2011Mail-Adresse, Telefonnummer [&hellip;]","og_url":"https:\/\/emtancons.com\/gizlilik-politikasi\/","og_site_name":"Emtan Construction","article_modified_time":"2025-06-25T06:15:12+00:00","twitter_card":"summary_large_image","twitter_misc":{"Gesch\u00e4tzte Lesezeit":"2\u00a0Minuten"},"schema":{"@context":"https:\/\/schema.org","@graph":[{"@type":"WebPage","@id":"https:\/\/emtancons.com\/gizlilik-politikasi\/","url":"https:\/\/emtancons.com\/gizlilik-politikasi\/","name":"Datenschutzerkl\u00e4rung - Emtan Construction","isPartOf":{"@id":"https:\/\/emtancons.com\/#website"},"datePublished":"2025-06-24T08:18:14+00:00","dateModified":"2025-06-25T06:15:12+00:00","breadcrumb":{"@id":"https:\/\/emtancons.com\/gizlilik-politikasi\/#breadcrumb"},"inLanguage":"de","potentialAction":[{"@type":"ReadAction","target":["https:\/\/emtancons.com\/gizlilik-politikasi\/"]}]},{"@type":"BreadcrumbList","@id":"https:\/\/emtancons.com\/gizlilik-politikasi\/#breadcrumb","itemListElement":[{"@type":"ListItem","position":1,"name":"Anasayfa","item":"https:\/\/emtancons.com\/"},{"@type":"ListItem","position":2,"name":"Datenschutzerkl\u00e4rung"}]},{"@type":"WebSite","@id":"https:\/\/emtancons.com\/#website","url":"https:\/\/emtancons.com\/","name":"Emtan Construction","description":"","potentialAction":[{"@type":"SearchAction","target":{"@type":"EntryPoint","urlTemplate":"https:\/\/emtancons.com\/?s={search_term_string}"},"query-input":{"@type":"PropertyValueSpecification","valueRequired":true,"valueName":"search_term_string"}}],"inLanguage":"de"}]}},"_links":{"self":[{"href":"https:\/\/emtancons.com\/de\/wp-json\/wp\/v2\/pages\/7139","targetHints":{"allow":["GET"]}}],"collection":[{"href":"https:\/\/emtancons.com\/de\/wp-json\/wp\/v2\/pages"}],"about":[{"href":"https:\/\/emtancons.com\/de\/wp-json\/wp\/v2\/types\/page"}],"author":[{"embeddable":true,"href":"https:\/\/emtancons.com\/de\/wp-json\/wp\/v2\/users\/1"}],"replies":[{"embeddable":true,"href":"https:\/\/emtancons.com\/de\/wp-json\/wp\/v2\/comments?post=7139"}],"version-history":[{"count":4,"href":"https:\/\/emtancons.com\/de\/wp-json\/wp\/v2\/pages\/7139\/revisions"}],"predecessor-version":[{"id":7143,"href":"https:\/\/emtancons.com\/de\/wp-json\/wp\/v2\/pages\/7139\/revisions\/7143"}],"wp:attachment":[{"href":"https:\/\/emtancons.com\/de\/wp-json\/wp\/v2\/media?parent=7139"}],"curies":[{"name":"wp","href":"https:\/\/api.w.org\/{rel}","templated":true}]}}